{"id":96,"date":"2016-12-12T17:05:58","date_gmt":"2016-12-12T16:05:58","guid":{"rendered":"https:\/\/edurec.ge.ch\/site\/openboard\/?page_id=96"},"modified":"2016-12-12T20:52:07","modified_gmt":"2016-12-12T19:52:07","slug":"gerer-documents-classes","status":"publish","type":"page","link":"https:\/\/edurec.ge.ch\/site\/openboard\/gerer-documents-classes\/","title":{"rendered":"G\u00e9rer ses documents et ses classes"},"content":{"rendered":"<div id=\"pl-96\"  class=\"panel-layout\" ><div id=\"pg-96-0\"  class=\"panel-grid panel-no-style\" ><div id=\"pgc-96-0-0\"  class=\"panel-grid-cell\" ><div id=\"panel-96-0-0-0\" class=\"so-panel widget widget_sow-editor panel-first-child\" data-index=\"0\" ><div\n\t\t\t\n\t\t\tclass=\"so-widget-sow-editor so-widget-sow-editor-base\"\n\t\t\t\n\t\t>\n<div class=\"siteorigin-widget-tinymce textwidget\">\n\t<p><img loading=\"lazy\" decoding=\"async\" class=\"alignnone size-medium wp-image-125\" src=\"https:\/\/edurec.ge.ch\/site\/openboard\/wp-content\/uploads\/sites\/139\/2016\/12\/office-material-300x300.png\" alt=\"office-material\" width=\"300\" height=\"300\" srcset=\"https:\/\/edurec.ge.ch\/site\/openboard\/wp-content\/uploads\/sites\/139\/2016\/12\/office-material-300x300.png 300w, https:\/\/edurec.ge.ch\/site\/openboard\/wp-content\/uploads\/sites\/139\/2016\/12\/office-material-150x150.png 150w, https:\/\/edurec.ge.ch\/site\/openboard\/wp-content\/uploads\/sites\/139\/2016\/12\/office-material.png 512w\" sizes=\"auto, (max-width: 300px) 100vw, 300px\" \/><\/p>\n<p>Dans cette vid\u00e9o en ligne, nous allons voir ensemble comment importer des documents, g\u00e9rer ses diff\u00e9rents dossiers et fichiers dans Openboard et comment organiser son cours avec OpenBoard dans la dur\u00e9e, d'une semaine \u00e0 l'autre.<\/p>\n<\/div>\n<\/div><\/div><div id=\"panel-96-0-0-1\" class=\"so-panel widget widget_sow-editor panel-last-child\" data-index=\"1\" ><div\n\t\t\t\n\t\t\tclass=\"so-widget-sow-editor so-widget-sow-editor-base\"\n\t\t\t\n\t\t><h3 class=\"widget-title\">D\u00e9monstration en images:<\/h3>\n<div class=\"siteorigin-widget-tinymce textwidget\">\n\t<p><iframe loading=\"lazy\" width=\"1200\" height=\"675\" src=\"https:\/\/www.youtube.com\/embed\/BFeSf0H0ZnM?feature=oembed\" frameborder=\"0\" allowfullscreen><\/iframe><\/p>\n<p><strong>Nous y voyons notamment comment:<\/strong><\/p>\n<p><a href=\"https:\/\/www.youtube.com\/watch?v=BFeSf0H0ZnM#t=0m30s\" target=\"_blank\"><strong>0:30<\/strong><\/a> acc\u00e9der \u00e0 la partie \"Documents\"<br \/>\n<a href=\"https:\/\/www.youtube.com\/watch?v=BFeSf0H0ZnM#t=0m45s\" target=\"_blank\"><strong>0:45<\/strong><\/a> acc\u00e9der \u00e0 l'historique de mes cours<br \/>\n<a href=\"https:\/\/www.youtube.com\/watch?v=BFeSf0H0ZnM#t=0m59s\" target=\"_blank\"><strong>0:59<\/strong><\/a> cr\u00e9er un nouveau cours et le renommer<br \/>\n<a href=\"https:\/\/www.youtube.com\/watch?v=BFeSf0H0ZnM#t=1m42s\" target=\"_blank\"><strong>1:42<\/strong><\/a> cr\u00e9er un nouveau document et l'ouvrir<br \/>\n<a href=\"https:\/\/www.youtube.com\/watch?v=BFeSf0H0ZnM#t=2m33s\" target=\"_blank\"><strong>2:33<\/strong><\/a> d\u00e9placer une page<br \/>\n<a href=\"https:\/\/www.youtube.com\/watch?v=BFeSf0H0ZnM#t=2m59s\" target=\"_blank\"><strong>2:59<\/strong><\/a> ajouter un fichier PDF dans un cours et l'ouvrir<br \/>\n<a href=\"https:\/\/www.youtube.com\/watch?v=BFeSf0H0ZnM#t=3m53s\" target=\"_blank\"><strong>3:53<\/strong><\/a> ajouter une ou plusieurs images dans un cours<br \/>\n<a href=\"https:\/\/www.youtube.com\/watch?v=BFeSf0H0ZnM#t=5m12s\" target=\"_blank\"><strong>5:12<\/strong><\/a> importer un fichier PDF<br \/>\n<a href=\"https:\/\/www.youtube.com\/watch?v=BFeSf0H0ZnM#t=5m46s\" target=\"_blank\"><strong>5:46<\/strong><\/a> dupliquer un document\/cours<br \/>\n<a href=\"https:\/\/www.youtube.com\/watch?v=BFeSf0H0ZnM#t=6m07s\" target=\"_blank\"><strong>6:07<\/strong><\/a> d\u00e9placer une page sur un autre cours<br \/>\n<a href=\"https:\/\/www.youtube.com\/watch?v=BFeSf0H0ZnM#t=6m42s\" target=\"_blank\"><strong>6:42<\/strong><\/a> exporter son cours en format PDF pour le lire n'importe o\u00f9<br \/>\n<a href=\"https:\/\/www.youtube.com\/watch?v=BFeSf0H0ZnM#t=7m58s\" target=\"_blank\"><strong>7:58<\/strong><\/a> exporter son cours en format OpenBoard pour pouvoir le modifier ult\u00e9rieurement<\/p>\n<\/div>\n<\/div><\/div><\/div><\/div><\/div>","protected":false},"excerpt":{"rendered":"<p>Dans cette vid\u00e9o en ligne, nous allons voir ensemble comment importer des documents, g\u00e9rer ses diff\u00e9rents dossiers et fichiers dans Openboard et comment organiser son cours avec OpenBoard dans la dur\u00e9e, d&rsquo;une semaine \u00e0 l&rsquo;autre. https:\/\/www.youtube.com\/watch?v=BFeSf0H0ZnM Nous y voyons notamment comment: 0:30 acc\u00e9der \u00e0 la partie \u00ab\u00a0Documents\u00a0\u00bb 0:45 acc\u00e9der \u00e0 l&rsquo;historique de mes cours 0:59 &#8230; <a title=\"G\u00e9rer ses documents et ses classes\" class=\"read-more\" href=\"https:\/\/edurec.ge.ch\/site\/openboard\/gerer-documents-classes\/\" aria-label=\"En savoir plus sur G\u00e9rer ses documents et ses classes\">Lire la suite<\/a><\/p>\n","protected":false},"author":24,"featured_media":0,"parent":0,"menu_order":0,"comment_status":"closed","ping_status":"closed","template":"","meta":{"footnotes":""},"class_list":["post-96","page","type-page","status-publish"],"yoast_head":"<!-- This site is optimized with the Yoast SEO plugin v26.4 - https:\/\/yoast.com\/wordpress\/plugins\/seo\/ -->\n<title>G\u00e9rer ses documents et ses classes - OpenBoard<\/title>\n<meta name=\"robots\" content=\"index, follow, max-snippet:-1, max-image-preview:large, max-video-preview:-1\" \/>\n<link rel=\"canonical\" href=\"https:\/\/edurec.ge.ch\/site\/openboard\/gerer-documents-classes\/\" \/>\n<meta property=\"og:locale\" content=\"fr_FR\" \/>\n<meta property=\"og:type\" content=\"article\" \/>\n<meta property=\"og:title\" content=\"G\u00e9rer ses documents et ses classes - OpenBoard\" \/>\n<meta property=\"og:description\" content=\"Dans cette vid\u00e9o en ligne, nous allons voir ensemble comment importer des documents, g\u00e9rer ses diff\u00e9rents dossiers et fichiers dans Openboard et comment organiser son cours avec OpenBoard dans la dur\u00e9e, d&#039;une semaine \u00e0 l&#039;autre. https:\/\/www.youtube.com\/watch?v=BFeSf0H0ZnM Nous y voyons notamment comment: 0:30 acc\u00e9der \u00e0 la partie &quot;Documents&quot; 0:45 acc\u00e9der \u00e0 l&#039;historique de mes cours 0:59 ... Lire la suite\" \/>\n<meta property=\"og:url\" content=\"https:\/\/edurec.ge.ch\/site\/openboard\/gerer-documents-classes\/\" \/>\n<meta property=\"og:site_name\" content=\"OpenBoard\" \/>\n<meta property=\"article:modified_time\" content=\"2016-12-12T19:52:07+00:00\" \/>\n<meta property=\"og:image\" content=\"https:\/\/edurec.ge.ch\/site\/openboard\/wp-content\/uploads\/sites\/139\/2016\/12\/office-material-300x300.png\" \/>\n<meta name=\"twitter:card\" content=\"summary_large_image\" \/>\n<meta name=\"twitter:label1\" content=\"Dur\u00e9e de lecture estim\u00e9e\" \/>\n\t<meta name=\"twitter:data1\" content=\"1 minute\" \/>\n<script type=\"application\/ld+json\" class=\"yoast-schema-graph\">{\"@context\":\"https:\/\/schema.org\",\"@graph\":[{\"@type\":\"WebPage\",\"@id\":\"https:\/\/edurec.ge.ch\/site\/openboard\/gerer-documents-classes\/\",\"url\":\"https:\/\/edurec.ge.ch\/site\/openboard\/gerer-documents-classes\/\",\"name\":\"G\u00e9rer ses documents et ses classes - OpenBoard\",\"isPartOf\":{\"@id\":\"https:\/\/edurec.ge.ch\/site\/openboard\/#website\"},\"primaryImageOfPage\":{\"@id\":\"https:\/\/edurec.ge.ch\/site\/openboard\/gerer-documents-classes\/#primaryimage\"},\"image\":{\"@id\":\"https:\/\/edurec.ge.ch\/site\/openboard\/gerer-documents-classes\/#primaryimage\"},\"thumbnailUrl\":\"https:\/\/edurec.ge.ch\/site\/openboard\/wp-content\/uploads\/sites\/139\/2016\/12\/office-material-300x300.png\",\"datePublished\":\"2016-12-12T16:05:58+00:00\",\"dateModified\":\"2016-12-12T19:52:07+00:00\",\"breadcrumb\":{\"@id\":\"https:\/\/edurec.ge.ch\/site\/openboard\/gerer-documents-classes\/#breadcrumb\"},\"inLanguage\":\"fr-FR\",\"potentialAction\":[{\"@type\":\"ReadAction\",\"target\":[\"https:\/\/edurec.ge.ch\/site\/openboard\/gerer-documents-classes\/\"]}]},{\"@type\":\"ImageObject\",\"inLanguage\":\"fr-FR\",\"@id\":\"https:\/\/edurec.ge.ch\/site\/openboard\/gerer-documents-classes\/#primaryimage\",\"url\":\"https:\/\/edurec.ge.ch\/site\/openboard\/wp-content\/uploads\/sites\/139\/2016\/12\/office-material.png\",\"contentUrl\":\"https:\/\/edurec.ge.ch\/site\/openboard\/wp-content\/uploads\/sites\/139\/2016\/12\/office-material.png\",\"width\":512,\"height\":512},{\"@type\":\"BreadcrumbList\",\"@id\":\"https:\/\/edurec.ge.ch\/site\/openboard\/gerer-documents-classes\/#breadcrumb\",\"itemListElement\":[{\"@type\":\"ListItem\",\"position\":1,\"name\":\"Accueil\",\"item\":\"https:\/\/edurec.ge.ch\/site\/openboard\/\"},{\"@type\":\"ListItem\",\"position\":2,\"name\":\"G\u00e9rer ses documents et ses classes\"}]},{\"@type\":\"WebSite\",\"@id\":\"https:\/\/edurec.ge.ch\/site\/openboard\/#website\",\"url\":\"https:\/\/edurec.ge.ch\/site\/openboard\/\",\"name\":\"OpenBoard\",\"description\":\"Un syst\u00e8me de projection interactif en classe\",\"potentialAction\":[{\"@type\":\"SearchAction\",\"target\":{\"@type\":\"EntryPoint\",\"urlTemplate\":\"https:\/\/edurec.ge.ch\/site\/openboard\/?s={search_term_string}\"},\"query-input\":{\"@type\":\"PropertyValueSpecification\",\"valueRequired\":true,\"valueName\":\"search_term_string\"}}],\"inLanguage\":\"fr-FR\"}]}<\/script>\n<!-- \/ Yoast SEO plugin. -->","yoast_head_json":{"title":"G\u00e9rer ses documents et ses classes - OpenBoard","robots":{"index":"index","follow":"follow","max-snippet":"max-snippet:-1","max-image-preview":"max-image-preview:large","max-video-preview":"max-video-preview:-1"},"canonical":"https:\/\/edurec.ge.ch\/site\/openboard\/gerer-documents-classes\/","og_locale":"fr_FR","og_type":"article","og_title":"G\u00e9rer ses documents et ses classes - OpenBoard","og_description":"Dans cette vid\u00e9o en ligne, nous allons voir ensemble comment importer des documents, g\u00e9rer ses diff\u00e9rents dossiers et fichiers dans Openboard et comment organiser son cours avec OpenBoard dans la dur\u00e9e, d'une semaine \u00e0 l'autre. https:\/\/www.youtube.com\/watch?v=BFeSf0H0ZnM Nous y voyons notamment comment: 0:30 acc\u00e9der \u00e0 la partie \"Documents\" 0:45 acc\u00e9der \u00e0 l'historique de mes cours 0:59 ... Lire la suite","og_url":"https:\/\/edurec.ge.ch\/site\/openboard\/gerer-documents-classes\/","og_site_name":"OpenBoard","article_modified_time":"2016-12-12T19:52:07+00:00","og_image":[{"url":"https:\/\/edurec.ge.ch\/site\/openboard\/wp-content\/uploads\/sites\/139\/2016\/12\/office-material-300x300.png","type":"","width":"","height":""}],"twitter_card":"summary_large_image","twitter_misc":{"Dur\u00e9e de lecture estim\u00e9e":"1 minute"},"schema":{"@context":"https:\/\/schema.org","@graph":[{"@type":"WebPage","@id":"https:\/\/edurec.ge.ch\/site\/openboard\/gerer-documents-classes\/","url":"https:\/\/edurec.ge.ch\/site\/openboard\/gerer-documents-classes\/","name":"G\u00e9rer ses documents et ses classes - OpenBoard","isPartOf":{"@id":"https:\/\/edurec.ge.ch\/site\/openboard\/#website"},"primaryImageOfPage":{"@id":"https:\/\/edurec.ge.ch\/site\/openboard\/gerer-documents-classes\/#primaryimage"},"image":{"@id":"https:\/\/edurec.ge.ch\/site\/openboard\/gerer-documents-classes\/#primaryimage"},"thumbnailUrl":"https:\/\/edurec.ge.ch\/site\/openboard\/wp-content\/uploads\/sites\/139\/2016\/12\/office-material-300x300.png","datePublished":"2016-12-12T16:05:58+00:00","dateModified":"2016-12-12T19:52:07+00:00","breadcrumb":{"@id":"https:\/\/edurec.ge.ch\/site\/openboard\/gerer-documents-classes\/#breadcrumb"},"inLanguage":"fr-FR","potentialAction":[{"@type":"ReadAction","target":["https:\/\/edurec.ge.ch\/site\/openboard\/gerer-documents-classes\/"]}]},{"@type":"ImageObject","inLanguage":"fr-FR","@id":"https:\/\/edurec.ge.ch\/site\/openboard\/gerer-documents-classes\/#primaryimage","url":"https:\/\/edurec.ge.ch\/site\/openboard\/wp-content\/uploads\/sites\/139\/2016\/12\/office-material.png","contentUrl":"https:\/\/edurec.ge.ch\/site\/openboard\/wp-content\/uploads\/sites\/139\/2016\/12\/office-material.png","width":512,"height":512},{"@type":"BreadcrumbList","@id":"https:\/\/edurec.ge.ch\/site\/openboard\/gerer-documents-classes\/#breadcrumb","itemListElement":[{"@type":"ListItem","position":1,"name":"Accueil","item":"https:\/\/edurec.ge.ch\/site\/openboard\/"},{"@type":"ListItem","position":2,"name":"G\u00e9rer ses documents et ses classes"}]},{"@type":"WebSite","@id":"https:\/\/edurec.ge.ch\/site\/openboard\/#website","url":"https:\/\/edurec.ge.ch\/site\/openboard\/","name":"OpenBoard","description":"Un syst\u00e8me de projection interactif en classe","potentialAction":[{"@type":"SearchAction","target":{"@type":"EntryPoint","urlTemplate":"https:\/\/edurec.ge.ch\/site\/openboard\/?s={search_term_string}"},"query-input":{"@type":"PropertyValueSpecification","valueRequired":true,"valueName":"search_term_string"}}],"inLanguage":"fr-FR"}]}},"_links":{"self":[{"href":"https:\/\/edurec.ge.ch\/site\/openboard\/wp-json\/wp\/v2\/pages\/96","targetHints":{"allow":["GET"]}}],"collection":[{"href":"https:\/\/edurec.ge.ch\/site\/openboard\/wp-json\/wp\/v2\/pages"}],"about":[{"href":"https:\/\/edurec.ge.ch\/site\/openboard\/wp-json\/wp\/v2\/types\/page"}],"author":[{"embeddable":true,"href":"https:\/\/edurec.ge.ch\/site\/openboard\/wp-json\/wp\/v2\/users\/24"}],"replies":[{"embeddable":true,"href":"https:\/\/edurec.ge.ch\/site\/openboard\/wp-json\/wp\/v2\/comments?post=96"}],"version-history":[{"count":5,"href":"https:\/\/edurec.ge.ch\/site\/openboard\/wp-json\/wp\/v2\/pages\/96\/revisions"}],"predecessor-version":[{"id":145,"href":"https:\/\/edurec.ge.ch\/site\/openboard\/wp-json\/wp\/v2\/pages\/96\/revisions\/145"}],"wp:attachment":[{"href":"https:\/\/edurec.ge.ch\/site\/openboard\/wp-json\/wp\/v2\/media?parent=96"}],"curies":[{"name":"wp","href":"https:\/\/api.w.org\/{rel}","templated":true}]}}