{"id":88,"date":"2016-12-12T11:17:25","date_gmt":"2016-12-12T10:17:25","guid":{"rendered":"https:\/\/edurec.ge.ch\/site\/openboard\/?page_id=88"},"modified":"2016-12-12T17:59:40","modified_gmt":"2016-12-12T16:59:40","slug":"interagir-entre-openboard-reste-systeme","status":"publish","type":"page","link":"https:\/\/edurec.ge.ch\/site\/openboard\/interagir-entre-openboard-reste-systeme\/","title":{"rendered":"Interagir entre OpenBoard et le reste du syst\u00e8me"},"content":{"rendered":"<div id=\"pl-88\"  class=\"panel-layout\" ><div id=\"pg-88-0\"  class=\"panel-grid panel-no-style\" ><div id=\"pgc-88-0-0\"  class=\"panel-grid-cell\" ><div id=\"panel-88-0-0-0\" class=\"so-panel widget widget_sow-editor panel-first-child\" data-index=\"0\" ><div\n\t\t\t\n\t\t\tclass=\"so-widget-sow-editor so-widget-sow-editor-base\"\n\t\t\t\n\t\t>\n<div class=\"siteorigin-widget-tinymce textwidget\">\n\t<p><img loading=\"lazy\" decoding=\"async\" class=\"alignnone size-medium wp-image-123\" src=\"https:\/\/edurec.ge.ch\/site\/openboard\/wp-content\/uploads\/sites\/139\/2016\/12\/networking-300x300.png\" alt=\"networking\" width=\"300\" height=\"300\" srcset=\"https:\/\/edurec.ge.ch\/site\/openboard\/wp-content\/uploads\/sites\/139\/2016\/12\/networking-300x300.png 300w, https:\/\/edurec.ge.ch\/site\/openboard\/wp-content\/uploads\/sites\/139\/2016\/12\/networking-150x150.png 150w, https:\/\/edurec.ge.ch\/site\/openboard\/wp-content\/uploads\/sites\/139\/2016\/12\/networking.png 512w\" sizes=\"auto, (max-width: 300px) 100vw, 300px\" \/><\/p>\n<p>Votre ordinateur en salle de classe ne se limite pas \u00e0 OpenBoard: vous pouvez \u00e9galement diffuser des films ou des enregistrements audio, vous pouvez aller dans un logiciel de traitement de texte, naviguer sur Internet et bien plus encore.<\/p>\n<p>Dans cette vid\u00e9o, nous vous montrons comment interagir au mieux entre OpenBoard et le reste du syst\u00e8me.<\/p>\n<\/div>\n<\/div><\/div><div id=\"panel-88-0-0-1\" class=\"so-panel widget widget_sow-editor panel-last-child\" data-index=\"1\" ><div\n\t\t\t\n\t\t\tclass=\"so-widget-sow-editor so-widget-sow-editor-base\"\n\t\t\t\n\t\t><h3 class=\"widget-title\">D\u00e9monstration en images:<\/h3>\n<div class=\"siteorigin-widget-tinymce textwidget\">\n\t<p><iframe loading=\"lazy\" width=\"1200\" height=\"675\" src=\"https:\/\/www.youtube.com\/embed\/B9Yrssal29c?start=1&feature=oembed\" frameborder=\"0\" allowfullscreen><\/iframe><\/p>\n<p><strong>On y voit notamment comment:<\/strong><\/p>\n<p><strong><a href=\"https:\/\/www.youtube.com\/watch?v=B9Yrssal29c&amp;t=1s#t=0m58s\" target=\"_blank\">0:58<\/a><\/strong> afficher la partie \"Tableau\"<br \/> <a href=\"https:\/\/www.youtube.com\/watch?v=B9Yrssal29c&amp;t=1s#t=1m11s\" target=\"_blank\"><strong>1:11<\/strong><\/a> aller sur le navigateur Internet d'OpenBoard<br \/> <a href=\"https:\/\/www.youtube.com\/watch?v=B9Yrssal29c&amp;t=1s#t=1m44s\" target=\"_blank\"><strong>1:44<\/strong><\/a> capturer une page Internet pour l'annoter<br \/> <a href=\"https:\/\/www.youtube.com\/watch?v=B9Yrssal29c&amp;t=1s#t=3m47s\" target=\"_blank\"><strong>3:47<\/strong><\/a> afficher la partie \"documents\" pour g\u00e9rer mes cours et acc\u00e9der \u00e0 des anciens cours<br \/> <a href=\"https:\/\/www.youtube.com\/watch?v=B9Yrssal29c&amp;t=1s#t=4m37s\" target=\"_blank\"><strong>4:37<\/strong><\/a> afficher la partie \"bureau\" pour annoter ce que je vois \u00e0 l'\u00e9cran en dehors d'OpenBoard<br \/> <a href=\"https:\/\/www.youtube.com\/watch?v=B9Yrssal29c&amp;t=1s#t=5m52s\" target=\"_blank\"><strong>5:52<\/strong><\/a> afficher le menu<br \/> <a href=\"https:\/\/www.youtube.com\/watch?v=B9Yrssal29c&amp;t=1s#t=5m57s\" target=\"_blank\"><strong>5:57<\/strong><\/a> cacher OpenBoard pour int\u00e9ragir avec le reste du syst\u00e8me<br \/> <a href=\"https:\/\/www.youtube.com\/watch?v=B9Yrssal29c&amp;t=1s#t=6m39s\" target=\"_blank\"><strong>6:39<\/strong><\/a> quitter OpenBoard<br \/> <a href=\"https:\/\/www.youtube.com\/watch?v=B9Yrssal29c&amp;t=1s#t=6m47s\" target=\"_blank\"><strong>6:47<\/strong><\/a> enregistrer un podcast<\/p>\n<\/div>\n<\/div><\/div><\/div><\/div><\/div>","protected":false},"excerpt":{"rendered":"<p>Votre ordinateur en salle de classe ne se limite pas \u00e0 OpenBoard: vous pouvez \u00e9galement diffuser des films ou des enregistrements audio, vous pouvez aller dans un logiciel de traitement de texte, naviguer sur Internet et bien plus encore.Dans cette vid\u00e9o, nous vous montrons comment interagir au mieux entre OpenBoard et le reste du syst\u00e8me.<\/p>\n","protected":false},"author":24,"featured_media":0,"parent":0,"menu_order":0,"comment_status":"closed","ping_status":"closed","template":"","meta":{"footnotes":""},"class_list":["post-88","page","type-page","status-publish"],"yoast_head":"<!-- This site is optimized with the Yoast SEO plugin v26.4 - https:\/\/yoast.com\/wordpress\/plugins\/seo\/ -->\n<title>Interagir entre OpenBoard et le reste du syst\u00e8me - OpenBoard<\/title>\n<meta name=\"robots\" content=\"index, follow, max-snippet:-1, max-image-preview:large, max-video-preview:-1\" \/>\n<link rel=\"canonical\" href=\"https:\/\/edurec.ge.ch\/site\/openboard\/interagir-entre-openboard-reste-systeme\/\" \/>\n<meta property=\"og:locale\" content=\"fr_FR\" \/>\n<meta property=\"og:type\" content=\"article\" \/>\n<meta property=\"og:title\" content=\"Interagir entre OpenBoard et le reste du syst\u00e8me - OpenBoard\" \/>\n<meta property=\"og:description\" content=\"Votre ordinateur en salle de classe ne se limite pas \u00e0 OpenBoard: vous pouvez \u00e9galement diffuser des films ou des enregistrements audio, vous pouvez aller dans un logiciel de traitement de texte, naviguer sur Internet et bien plus encore.Dans cette vid\u00e9o, nous vous montrons comment interagir au mieux entre OpenBoard et le reste du syst\u00e8me.\" \/>\n<meta property=\"og:url\" content=\"https:\/\/edurec.ge.ch\/site\/openboard\/interagir-entre-openboard-reste-systeme\/\" \/>\n<meta property=\"og:site_name\" content=\"OpenBoard\" \/>\n<meta property=\"article:modified_time\" content=\"2016-12-12T16:59:40+00:00\" \/>\n<meta property=\"og:image\" content=\"https:\/\/edurec.ge.ch\/site\/openboard\/wp-content\/uploads\/sites\/139\/2016\/12\/networking-300x300.png\" \/>\n<meta name=\"twitter:card\" content=\"summary_large_image\" \/>\n<meta name=\"twitter:label1\" content=\"Dur\u00e9e de lecture estim\u00e9e\" \/>\n\t<meta name=\"twitter:data1\" content=\"1 minute\" \/>\n<script type=\"application\/ld+json\" class=\"yoast-schema-graph\">{\"@context\":\"https:\/\/schema.org\",\"@graph\":[{\"@type\":\"WebPage\",\"@id\":\"https:\/\/edurec.ge.ch\/site\/openboard\/interagir-entre-openboard-reste-systeme\/\",\"url\":\"https:\/\/edurec.ge.ch\/site\/openboard\/interagir-entre-openboard-reste-systeme\/\",\"name\":\"Interagir entre OpenBoard et le reste du syst\u00e8me - OpenBoard\",\"isPartOf\":{\"@id\":\"https:\/\/edurec.ge.ch\/site\/openboard\/#website\"},\"primaryImageOfPage\":{\"@id\":\"https:\/\/edurec.ge.ch\/site\/openboard\/interagir-entre-openboard-reste-systeme\/#primaryimage\"},\"image\":{\"@id\":\"https:\/\/edurec.ge.ch\/site\/openboard\/interagir-entre-openboard-reste-systeme\/#primaryimage\"},\"thumbnailUrl\":\"https:\/\/edurec.ge.ch\/site\/openboard\/wp-content\/uploads\/sites\/139\/2016\/12\/networking-300x300.png\",\"datePublished\":\"2016-12-12T10:17:25+00:00\",\"dateModified\":\"2016-12-12T16:59:40+00:00\",\"breadcrumb\":{\"@id\":\"https:\/\/edurec.ge.ch\/site\/openboard\/interagir-entre-openboard-reste-systeme\/#breadcrumb\"},\"inLanguage\":\"fr-FR\",\"potentialAction\":[{\"@type\":\"ReadAction\",\"target\":[\"https:\/\/edurec.ge.ch\/site\/openboard\/interagir-entre-openboard-reste-systeme\/\"]}]},{\"@type\":\"ImageObject\",\"inLanguage\":\"fr-FR\",\"@id\":\"https:\/\/edurec.ge.ch\/site\/openboard\/interagir-entre-openboard-reste-systeme\/#primaryimage\",\"url\":\"https:\/\/edurec.ge.ch\/site\/openboard\/wp-content\/uploads\/sites\/139\/2016\/12\/networking.png\",\"contentUrl\":\"https:\/\/edurec.ge.ch\/site\/openboard\/wp-content\/uploads\/sites\/139\/2016\/12\/networking.png\",\"width\":512,\"height\":512},{\"@type\":\"BreadcrumbList\",\"@id\":\"https:\/\/edurec.ge.ch\/site\/openboard\/interagir-entre-openboard-reste-systeme\/#breadcrumb\",\"itemListElement\":[{\"@type\":\"ListItem\",\"position\":1,\"name\":\"Accueil\",\"item\":\"https:\/\/edurec.ge.ch\/site\/openboard\/\"},{\"@type\":\"ListItem\",\"position\":2,\"name\":\"Interagir entre OpenBoard et le reste du syst\u00e8me\"}]},{\"@type\":\"WebSite\",\"@id\":\"https:\/\/edurec.ge.ch\/site\/openboard\/#website\",\"url\":\"https:\/\/edurec.ge.ch\/site\/openboard\/\",\"name\":\"OpenBoard\",\"description\":\"Un syst\u00e8me de projection interactif en classe\",\"potentialAction\":[{\"@type\":\"SearchAction\",\"target\":{\"@type\":\"EntryPoint\",\"urlTemplate\":\"https:\/\/edurec.ge.ch\/site\/openboard\/?s={search_term_string}\"},\"query-input\":{\"@type\":\"PropertyValueSpecification\",\"valueRequired\":true,\"valueName\":\"search_term_string\"}}],\"inLanguage\":\"fr-FR\"}]}<\/script>\n<!-- \/ Yoast SEO plugin. -->","yoast_head_json":{"title":"Interagir entre OpenBoard et le reste du syst\u00e8me - OpenBoard","robots":{"index":"index","follow":"follow","max-snippet":"max-snippet:-1","max-image-preview":"max-image-preview:large","max-video-preview":"max-video-preview:-1"},"canonical":"https:\/\/edurec.ge.ch\/site\/openboard\/interagir-entre-openboard-reste-systeme\/","og_locale":"fr_FR","og_type":"article","og_title":"Interagir entre OpenBoard et le reste du syst\u00e8me - OpenBoard","og_description":"Votre ordinateur en salle de classe ne se limite pas \u00e0 OpenBoard: vous pouvez \u00e9galement diffuser des films ou des enregistrements audio, vous pouvez aller dans un logiciel de traitement de texte, naviguer sur Internet et bien plus encore.Dans cette vid\u00e9o, nous vous montrons comment interagir au mieux entre OpenBoard et le reste du syst\u00e8me.","og_url":"https:\/\/edurec.ge.ch\/site\/openboard\/interagir-entre-openboard-reste-systeme\/","og_site_name":"OpenBoard","article_modified_time":"2016-12-12T16:59:40+00:00","og_image":[{"url":"https:\/\/edurec.ge.ch\/site\/openboard\/wp-content\/uploads\/sites\/139\/2016\/12\/networking-300x300.png","type":"","width":"","height":""}],"twitter_card":"summary_large_image","twitter_misc":{"Dur\u00e9e de lecture estim\u00e9e":"1 minute"},"schema":{"@context":"https:\/\/schema.org","@graph":[{"@type":"WebPage","@id":"https:\/\/edurec.ge.ch\/site\/openboard\/interagir-entre-openboard-reste-systeme\/","url":"https:\/\/edurec.ge.ch\/site\/openboard\/interagir-entre-openboard-reste-systeme\/","name":"Interagir entre OpenBoard et le reste du syst\u00e8me - OpenBoard","isPartOf":{"@id":"https:\/\/edurec.ge.ch\/site\/openboard\/#website"},"primaryImageOfPage":{"@id":"https:\/\/edurec.ge.ch\/site\/openboard\/interagir-entre-openboard-reste-systeme\/#primaryimage"},"image":{"@id":"https:\/\/edurec.ge.ch\/site\/openboard\/interagir-entre-openboard-reste-systeme\/#primaryimage"},"thumbnailUrl":"https:\/\/edurec.ge.ch\/site\/openboard\/wp-content\/uploads\/sites\/139\/2016\/12\/networking-300x300.png","datePublished":"2016-12-12T10:17:25+00:00","dateModified":"2016-12-12T16:59:40+00:00","breadcrumb":{"@id":"https:\/\/edurec.ge.ch\/site\/openboard\/interagir-entre-openboard-reste-systeme\/#breadcrumb"},"inLanguage":"fr-FR","potentialAction":[{"@type":"ReadAction","target":["https:\/\/edurec.ge.ch\/site\/openboard\/interagir-entre-openboard-reste-systeme\/"]}]},{"@type":"ImageObject","inLanguage":"fr-FR","@id":"https:\/\/edurec.ge.ch\/site\/openboard\/interagir-entre-openboard-reste-systeme\/#primaryimage","url":"https:\/\/edurec.ge.ch\/site\/openboard\/wp-content\/uploads\/sites\/139\/2016\/12\/networking.png","contentUrl":"https:\/\/edurec.ge.ch\/site\/openboard\/wp-content\/uploads\/sites\/139\/2016\/12\/networking.png","width":512,"height":512},{"@type":"BreadcrumbList","@id":"https:\/\/edurec.ge.ch\/site\/openboard\/interagir-entre-openboard-reste-systeme\/#breadcrumb","itemListElement":[{"@type":"ListItem","position":1,"name":"Accueil","item":"https:\/\/edurec.ge.ch\/site\/openboard\/"},{"@type":"ListItem","position":2,"name":"Interagir entre OpenBoard et le reste du syst\u00e8me"}]},{"@type":"WebSite","@id":"https:\/\/edurec.ge.ch\/site\/openboard\/#website","url":"https:\/\/edurec.ge.ch\/site\/openboard\/","name":"OpenBoard","description":"Un syst\u00e8me de projection interactif en classe","potentialAction":[{"@type":"SearchAction","target":{"@type":"EntryPoint","urlTemplate":"https:\/\/edurec.ge.ch\/site\/openboard\/?s={search_term_string}"},"query-input":{"@type":"PropertyValueSpecification","valueRequired":true,"valueName":"search_term_string"}}],"inLanguage":"fr-FR"}]}},"_links":{"self":[{"href":"https:\/\/edurec.ge.ch\/site\/openboard\/wp-json\/wp\/v2\/pages\/88","targetHints":{"allow":["GET"]}}],"collection":[{"href":"https:\/\/edurec.ge.ch\/site\/openboard\/wp-json\/wp\/v2\/pages"}],"about":[{"href":"https:\/\/edurec.ge.ch\/site\/openboard\/wp-json\/wp\/v2\/types\/page"}],"author":[{"embeddable":true,"href":"https:\/\/edurec.ge.ch\/site\/openboard\/wp-json\/wp\/v2\/users\/24"}],"replies":[{"embeddable":true,"href":"https:\/\/edurec.ge.ch\/site\/openboard\/wp-json\/wp\/v2\/comments?post=88"}],"version-history":[{"count":3,"href":"https:\/\/edurec.ge.ch\/site\/openboard\/wp-json\/wp\/v2\/pages\/88\/revisions"}],"predecessor-version":[{"id":124,"href":"https:\/\/edurec.ge.ch\/site\/openboard\/wp-json\/wp\/v2\/pages\/88\/revisions\/124"}],"wp:attachment":[{"href":"https:\/\/edurec.ge.ch\/site\/openboard\/wp-json\/wp\/v2\/media?parent=88"}],"curies":[{"name":"wp","href":"https:\/\/api.w.org\/{rel}","templated":true}]}}