{"id":72,"date":"2016-12-12T10:00:51","date_gmt":"2016-12-12T09:00:51","guid":{"rendered":"https:\/\/edurec.ge.ch\/site\/openboard\/?page_id=72"},"modified":"2017-03-07T10:28:33","modified_gmt":"2017-03-07T09:28:33","slug":"gestes-de-base","status":"publish","type":"page","link":"https:\/\/edurec.ge.ch\/site\/openboard\/gestes-de-base\/","title":{"rendered":"Les gestes de base"},"content":{"rendered":"<div id=\"pl-72\"  class=\"panel-layout\" ><div id=\"pg-72-0\"  class=\"panel-grid panel-no-style\" ><div id=\"pgc-72-0-0\"  class=\"panel-grid-cell\" ><div id=\"panel-72-0-0-0\" class=\"so-panel widget widget_sow-editor panel-first-child\" data-index=\"0\" ><div\n\t\t\t\n\t\t\tclass=\"so-widget-sow-editor so-widget-sow-editor-base\"\n\t\t\t\n\t\t>\n<div class=\"siteorigin-widget-tinymce textwidget\">\n\t<p><img loading=\"lazy\" decoding=\"async\" class=\"alignnone size-medium wp-image-121\" src=\"https:\/\/edurec.ge.ch\/site\/openboard\/wp-content\/uploads\/sites\/139\/2016\/12\/hand-gesture-300x300.png\" alt=\"hand-gesture\" width=\"300\" height=\"300\" srcset=\"https:\/\/edurec.ge.ch\/site\/openboard\/wp-content\/uploads\/sites\/139\/2016\/12\/hand-gesture-300x300.png 300w, https:\/\/edurec.ge.ch\/site\/openboard\/wp-content\/uploads\/sites\/139\/2016\/12\/hand-gesture-150x150.png 150w, https:\/\/edurec.ge.ch\/site\/openboard\/wp-content\/uploads\/sites\/139\/2016\/12\/hand-gesture.png 512w\" sizes=\"auto, (max-width: 300px) 100vw, 300px\" \/><\/p>\n<p>Au travers de ces trois vid\u00e9os, nous explorons ensemble les diff\u00e9rentes fonctions principales d'OpenBoard.<\/p>\n<\/div>\n<\/div><\/div><div id=\"panel-72-0-0-1\" class=\"so-panel widget widget_sow-editor\" data-index=\"1\" ><div\n\t\t\t\n\t\t\tclass=\"so-widget-sow-editor so-widget-sow-editor-base\"\n\t\t\t\n\t\t><h3 class=\"widget-title\">Les gestes de base 1:<\/h3>\n<div class=\"siteorigin-widget-tinymce textwidget\">\n\t<p><iframe loading=\"lazy\" width=\"1200\" height=\"675\" src=\"https:\/\/www.youtube.com\/embed\/ungtfOcnh4A?start=4&feature=oembed\" frameborder=\"0\" allowfullscreen><\/iframe><\/p>\n<h4><strong>On y voit notamment comment:<\/strong><\/h4>\n<p><strong><a href=\"https:\/\/www.youtube.com\/watch?v=ungtfOcnh4A&amp;t=4s#t=0m39s\" target=\"_blank\">0:39<\/a><\/strong> naviguer dans les 4 zones de l'\u00e9cran<br \/>\n<strong><a href=\"https:\/\/www.youtube.com\/watch?v=ungtfOcnh4A&amp;t=4s#t=1m10s\" target=\"_blank\">1:10<\/a><\/strong> faire appara\u00eetre ou dispara\u00eetre les barres de menu<br \/>\n<strong><a href=\"https:\/\/www.youtube.com\/watch?v=ungtfOcnh4A&amp;t=4s#t=1m29s\" target=\"_blank\">1:29<\/a><\/strong> d\u00e9placer la palette d'outils<br \/>\n<strong><a href=\"https:\/\/www.youtube.com\/watch?v=ungtfOcnh4A&amp;t=4s#t=1m42s\" target=\"_blank\">1:42<\/a><\/strong> utiliser la barre des menus<br \/>\n<strong><a href=\"https:\/\/www.youtube.com\/watch?v=ungtfOcnh4A&amp;t=4s#t=2m01s\" target=\"_blank\">2:01<\/a><\/strong> faire appara\u00eetre ou dispara\u00eetre la palette d'outils<br \/>\n<strong><a href=\"https:\/\/www.youtube.com\/watch?v=ungtfOcnh4A&amp;t=4s#t=2m11s\" target=\"_blank\">2:11<\/a><\/strong> \u00e9crire de diff\u00e9rentes couleurs<br \/>\n<strong><a href=\"https:\/\/www.youtube.com\/watch?v=ungtfOcnh4A&amp;t=4s#t=2m28s\" target=\"_blank\">2:28<\/a><\/strong> changer l'\u00e9paisseur du trait<br \/>\n<strong><a href=\"https:\/\/www.youtube.com\/watch?v=ungtfOcnh4A&amp;t=4s#t=2m36s\" target=\"_blank\">2:36<\/a><\/strong> effacer avec la gomme<br \/>\n<strong><a href=\"https:\/\/www.youtube.com\/watch?v=ungtfOcnh4A&amp;t=4s#t=2m48s\" target=\"_blank\">2:48<\/a><\/strong> changer le fond<br \/>\n<strong><a href=\"https:\/\/www.youtube.com\/watch?v=ungtfOcnh4A&amp;t=4s#t=3m23s\" target=\"_blank\">3:23<\/a> <\/strong>annuler les derni\u00e8res actions ou les r\u00e9tablir<br \/>\n<strong><a href=\"https:\/\/www.youtube.com\/watch?v=ungtfOcnh4A&amp;t=4s#t=3m38s\" target=\"_blank\">3:38<\/a><\/strong> rajouter une page \u00e0 mon document<br \/>\n<strong><a href=\"https:\/\/www.youtube.com\/watch?v=ungtfOcnh4A&amp;t=4s#t=3m45s\" target=\"_blank\">3:45<\/a><\/strong> changer de page<br \/>\n<strong><a href=\"https:\/\/www.youtube.com\/watch?v=ungtfOcnh4A&amp;t=4s#t=4m20s\" target=\"_blank\">4:20<\/a><\/strong> effacer la page<br \/>\n<strong><a href=\"https:\/\/www.youtube.com\/watch?v=ungtfOcnh4A&amp;t=4s#t=4m35s\" target=\"_blank\">4:35<\/a><\/strong> utiliser davantage d'options dans le menu<\/p>\n<\/div>\n<\/div><\/div><div id=\"panel-72-0-0-2\" class=\"so-panel widget widget_sow-editor\" data-index=\"2\" ><div\n\t\t\t\n\t\t\tclass=\"so-widget-sow-editor so-widget-sow-editor-base\"\n\t\t\t\n\t\t><h3 class=\"widget-title\">Les gestes de base 2:<\/h3>\n<div class=\"siteorigin-widget-tinymce textwidget\">\n\t<p><iframe loading=\"lazy\" width=\"1200\" height=\"675\" src=\"https:\/\/www.youtube.com\/embed\/8wDFKhDRtHQ?start=95&feature=oembed\" frameborder=\"0\" allowfullscreen><\/iframe><\/p>\n<h4><strong>On y voit notamment comment:<\/strong><\/h4>\n<p><a href=\"https:\/\/www.youtube.com\/watch?v=8wDFKhDRtHQ&amp;t=95s#t=0m30s\" target=\"_blank\"><strong>0:30<\/strong><\/a> \u00e9crire<br \/>\n<a href=\"https:\/\/www.youtube.com\/watch?v=8wDFKhDRtHQ&amp;t=95s#t=0m35s\" target=\"_blank\"><strong>0:35<\/strong><\/a> effacer avec la gomme<br \/>\n<a href=\"https:\/\/www.youtube.com\/watch?v=8wDFKhDRtHQ&amp;t=95s#t=0m55s\" target=\"_blank\"><strong>0:55<\/strong><\/a> surligner<br \/>\n<a href=\"https:\/\/www.youtube.com\/watch?v=8wDFKhDRtHQ&amp;t=95s#t=1m07s\" target=\"_blank\"><strong>1:07<\/strong><\/a> s\u00e9lectionner les objets pour les d\u00e9placer\/modifier\/supprimer<br \/>\n<a href=\"https:\/\/www.youtube.com\/watch?v=8wDFKhDRtHQ&amp;t=95s#t=1m41s\" target=\"_blank\"><strong>1:41<\/strong><\/a> duppliquer les objets<br \/>\n<a href=\"https:\/\/www.youtube.com\/watch?v=8wDFKhDRtHQ&amp;t=95s#t=1m48s\" target=\"_blank\"><strong>1:48<\/strong><\/a> rendre un objet invisible sur l'\u00e9cran \u00e9tendu<br \/>\n<a href=\"https:\/\/www.youtube.com\/watch?v=8wDFKhDRtHQ&amp;t=95s#t=2m24s\" target=\"_blank\"><strong>2:24<\/strong><\/a> v\u00e9rouiller un objet<br \/>\n<a href=\"https:\/\/www.youtube.com\/watch?v=8wDFKhDRtHQ&amp;t=95s#t=2m51s\" target=\"_blank\"><strong>2:51<\/strong><\/a> d\u00e9placer et int\u00e9ragir avec les objets avec le doigt magique<br \/>\n<a href=\"https:\/\/www.youtube.com\/watch?v=8wDFKhDRtHQ&amp;t=95s#t=3m35s\" target=\"_blank\"><strong>3:35<\/strong><\/a> zoomer et d\u00e9zoomer<br \/>\n<a href=\"https:\/\/www.youtube.com\/watch?v=8wDFKhDRtHQ&amp;t=95s#t=4m02s\" target=\"_blank\"><strong>4:02<\/strong><\/a> se d\u00e9placer dans la page<br \/>\n<a href=\"https:\/\/www.youtube.com\/watch?v=8wDFKhDRtHQ&amp;t=95s#t=4m32s\" target=\"_blank\"><strong>4:32<\/strong><\/a> utiliser le pointeur laser<br \/>\n<a href=\"https:\/\/www.youtube.com\/watch?v=8wDFKhDRtHQ&amp;t=95s#t=4m40s\" target=\"_blank\"><strong>4:40<\/strong><\/a> tracer des lignes droites<br \/>\n<a href=\"https:\/\/www.youtube.com\/watch?v=8wDFKhDRtHQ&amp;t=95s#t=4m50s\" target=\"_blank\"><strong>4:50<\/strong><\/a> ajouter du texte dactylographi\u00e9<br \/>\n<a href=\"https:\/\/www.youtube.com\/watch?v=8wDFKhDRtHQ&amp;t=95s#t=5m02s\" target=\"_blank\"><strong>5:02<\/strong><\/a> d\u00e9placer le texte et changer sa taille<br \/>\n<a href=\"https:\/\/www.youtube.com\/watch?v=8wDFKhDRtHQ&amp;t=95s#t=5m21s\" target=\"_blank\"><strong>5:21<\/strong><\/a> changer le style de la police et sa couleur<br \/>\n<a href=\"https:\/\/www.youtube.com\/watch?v=8wDFKhDRtHQ&amp;t=95s#t=5m44s\" target=\"_blank\"><strong>5:44<\/strong><\/a> changer l'alignement du texte<br \/>\n<a href=\"https:\/\/www.youtube.com\/watch?v=8wDFKhDRtHQ&amp;t=95s#t=6m02s\" target=\"_blank\"><strong>6:02<\/strong><\/a> faire une capture d'\u00e9cran<br \/>\n<a href=\"https:\/\/www.youtube.com\/watch?v=8wDFKhDRtHQ&amp;t=95s#t=7m13s\" target=\"_blank\"><strong>7:13<\/strong><\/a> utiliser le clavier virtuel<\/p>\n<\/div>\n<\/div><\/div><div id=\"panel-72-0-0-3\" class=\"so-panel widget widget_sow-editor\" data-index=\"3\" ><div\n\t\t\t\n\t\t\tclass=\"so-widget-sow-editor so-widget-sow-editor-base\"\n\t\t\t\n\t\t><h3 class=\"widget-title\">Les gestes de base 3:<\/h3>\n<div class=\"siteorigin-widget-tinymce textwidget\">\n\t<p><iframe loading=\"lazy\" width=\"1200\" height=\"675\" src=\"https:\/\/www.youtube.com\/embed\/n6UIWM9apdk?feature=oembed\" frameborder=\"0\" allowfullscreen><\/iframe><\/p>\n<p><strong>On y voit notamment comment:<\/strong><\/p>\n<p><a href=\"https:\/\/youtu.be\/n6UIWM9apdk#t=0m25s\" target=\"_blank\"><strong>0:25<\/strong><\/a> faire appara\u00eetre ou dispara\u00eetre les volets lat\u00e9raux<br \/> <strong><a href=\"https:\/\/youtu.be\/n6UIWM9apdk#t=0m43s\" target=\"_blank\">0:43<\/a><\/strong> agrandir ou r\u00e9tr\u00e9cir les ic\u00f4nes de la biblioth\u00e8ques<br \/> <a href=\"https:\/\/youtu.be\/n6UIWM9apdk#t=1m04s\" target=\"_blank\"><strong>1:04<\/strong><\/a> masquer un document<br \/> <a href=\"https:\/\/youtu.be\/n6UIWM9apdk#t=2m18s\" target=\"_blank\"><strong>2:18<\/strong><\/a> utiliser un compas<br \/> <a href=\"https:\/\/youtu.be\/n6UIWM9apdk#t=2m22s\" target=\"_blank\"><strong>2:22<\/strong><\/a> utiliser un rapporteur<br \/> <a href=\"https:\/\/youtu.be\/n6UIWM9apdk#t=2m28s\" target=\"_blank\"><strong>2:28<\/strong><\/a> utiliser une carte Google Map<br \/> <a href=\"https:\/\/youtu.be\/n6UIWM9apdk#t=2m43s\" target=\"_blank\"><strong>2:43<\/strong><\/a> dessiner des fonctions math\u00e9matiques<br \/> <a href=\"https:\/\/youtu.be\/n6UIWM9apdk#t=2m55s\" target=\"_blank\"><strong>2:55<\/strong><\/a> acc\u00e9der \u00e0 Wikipedia et au Wiktionnaire<br \/> <a href=\"https:\/\/youtu.be\/n6UIWM9apdk#t=3m22s\" target=\"_blank\"><strong>3:22<\/strong><\/a> utiliser un minuteur<br \/> <a href=\"https:\/\/youtu.be\/n6UIWM9apdk#t=3m54s\" target=\"_blank\"><strong>3:54<\/strong><\/a> ajouter une image, du son ou une vid\u00e9o \u00e0 la biblioth\u00e8que puis dans une page<br \/> <a href=\"https:\/\/youtu.be\/n6UIWM9apdk#t=5m51s\" target=\"_blank\"><strong>5:51<\/strong><\/a> ajouter des objets ou des captures d'\u00e9cran dans les favoris de la biblioth\u00e8que<br \/> <a href=\"https:\/\/youtu.be\/n6UIWM9apdk#t=6m29s\" target=\"_blank\"><strong>6:29<\/strong><\/a> ajouter des formes et les adapter<br \/> <strong><a href=\"https:\/\/youtu.be\/n6UIWM9apdk#t=7m16s\" target=\"_blank\">7:16<\/a><\/strong> changer l'ordre des pages dans le chemin de fer<br \/> <a href=\"https:\/\/youtu.be\/n6UIWM9apdk#t=7m30s\" target=\"_blank\"><strong>7:30<\/strong><\/a> dupliquer et supprimer une page dans le chemin de fer<\/p>\n<\/div>\n<\/div><\/div><div id=\"panel-72-0-0-4\" class=\"so-panel widget widget_sow-editor panel-last-child\" data-index=\"4\" ><div\n\t\t\t\n\t\t\tclass=\"so-widget-sow-editor so-widget-sow-editor-base\"\n\t\t\t\n\t\t><h3 class=\"widget-title\">7 astuces \u00e0 c\u00f4t\u00e9 desquelles vous \u00eates probablement pass\u00e9...<\/h3>\n<div class=\"siteorigin-widget-tinymce textwidget\">\n\t<p><iframe loading=\"lazy\" width=\"1200\" height=\"675\" src=\"https:\/\/www.youtube.com\/embed\/f8KCSPzXQvg?feature=oembed\" frameborder=\"0\" allowfullscreen><\/iframe><\/p>\n<p><strong>On y voit notamment comment:<\/strong><\/p>\n<p><a href=\"https:\/\/www.youtube.com\/watch?v=f8KCSPzXQvg&amp;feature=youtu.be#t=0m25s\" target=\"_blank\"><strong>00:25<\/strong><\/a> G\u00e9rer la taille des fen\u00eatres<br \/><a href=\"https:\/\/www.youtube.com\/watch?v=f8KCSPzXQvg&amp;feature=youtu.be#t=0m58s\" target=\"_blank\"><strong>00:58<\/strong><\/a> Faire appara\u00eetre davantage d'options<br \/><a href=\"https:\/\/www.youtube.com\/watch?v=f8KCSPzXQvg&amp;feature=youtu.be#t=1m46s\" target=\"_blank\"><strong>01:46<\/strong><\/a> R\u00e9tablir le zoom<br \/><a href=\"https:\/\/www.youtube.com\/watch?v=f8KCSPzXQvg&amp;feature=youtu.be#t=2m30s\" target=\"_blank\"><strong>02:30<\/strong><\/a> Centrer la page<br \/><a href=\"https:\/\/www.youtube.com\/watch?v=f8KCSPzXQvg&amp;feature=youtu.be#t=3m01s\" target=\"_blank\"><strong>03:01<\/strong><\/a> D\u00e9poser une image<br \/><a href=\"https:\/\/www.youtube.com\/watch?v=f8KCSPzXQvg&amp;feature=youtu.be#t=4m11s\" target=\"_blank\"><strong>04:11<\/strong><\/a> Effacer avec l'arri\u00e8re du stylet<br \/><a href=\"https:\/\/www.youtube.com\/watch?v=f8KCSPzXQvg&amp;feature=youtu.be#t=4m56s\" target=\"_blank\"><strong>04:56<\/strong><\/a> Cacher OpenBoard<\/p>\n<\/div>\n<\/div><\/div><\/div><\/div><\/div>","protected":false},"excerpt":{"rendered":"<p>Au travers de ces trois vid\u00e9os, nous explorons ensemble les diff\u00e9rentes fonctions principales d&rsquo;OpenBoard. https:\/\/www.youtube.com\/watch?v=ungtfOcnh4A&amp;t=4s On y voit notamment comment: 0:39 naviguer dans les 4 zones de l&rsquo;\u00e9cran 1:10 faire appara\u00eetre ou dispara\u00eetre les barres de menu 1:29 d\u00e9placer la palette d&rsquo;outils 1:42 utiliser la barre des menus 2:01 faire appara\u00eetre ou dispara\u00eetre la palette &#8230; <a title=\"Les gestes de base\" class=\"read-more\" href=\"https:\/\/edurec.ge.ch\/site\/openboard\/gestes-de-base\/\" aria-label=\"En savoir plus sur Les gestes de base\">Lire la suite<\/a><\/p>\n","protected":false},"author":24,"featured_media":0,"parent":0,"menu_order":0,"comment_status":"closed","ping_status":"closed","template":"","meta":{"footnotes":""},"class_list":["post-72","page","type-page","status-publish"],"yoast_head":"<!-- This site is optimized with the Yoast SEO plugin v26.4 - https:\/\/yoast.com\/wordpress\/plugins\/seo\/ -->\n<title>Les gestes de base - OpenBoard<\/title>\n<meta name=\"robots\" content=\"index, follow, max-snippet:-1, max-image-preview:large, max-video-preview:-1\" \/>\n<link rel=\"canonical\" href=\"https:\/\/edurec.ge.ch\/site\/openboard\/gestes-de-base\/\" \/>\n<meta property=\"og:locale\" content=\"fr_FR\" \/>\n<meta property=\"og:type\" content=\"article\" \/>\n<meta property=\"og:title\" content=\"Les gestes de base - OpenBoard\" \/>\n<meta property=\"og:description\" content=\"Au travers de ces trois vid\u00e9os, nous explorons ensemble les diff\u00e9rentes fonctions principales d&#039;OpenBoard. https:\/\/www.youtube.com\/watch?v=ungtfOcnh4A&amp;t=4s On y voit notamment comment: 0:39 naviguer dans les 4 zones de l&#039;\u00e9cran 1:10 faire appara\u00eetre ou dispara\u00eetre les barres de menu 1:29 d\u00e9placer la palette d&#039;outils 1:42 utiliser la barre des menus 2:01 faire appara\u00eetre ou dispara\u00eetre la palette ... Lire la suite\" \/>\n<meta property=\"og:url\" content=\"https:\/\/edurec.ge.ch\/site\/openboard\/gestes-de-base\/\" \/>\n<meta property=\"og:site_name\" content=\"OpenBoard\" \/>\n<meta property=\"article:modified_time\" content=\"2017-03-07T09:28:33+00:00\" \/>\n<meta property=\"og:image\" content=\"https:\/\/edurec.ge.ch\/site\/openboard\/wp-content\/uploads\/sites\/139\/2016\/12\/hand-gesture-300x300.png\" \/>\n<meta name=\"twitter:card\" content=\"summary_large_image\" \/>\n<meta name=\"twitter:label1\" content=\"Dur\u00e9e de lecture estim\u00e9e\" \/>\n\t<meta name=\"twitter:data1\" content=\"2 minutes\" \/>\n<script type=\"application\/ld+json\" class=\"yoast-schema-graph\">{\"@context\":\"https:\/\/schema.org\",\"@graph\":[{\"@type\":\"WebPage\",\"@id\":\"https:\/\/edurec.ge.ch\/site\/openboard\/gestes-de-base\/\",\"url\":\"https:\/\/edurec.ge.ch\/site\/openboard\/gestes-de-base\/\",\"name\":\"Les gestes de base - OpenBoard\",\"isPartOf\":{\"@id\":\"https:\/\/edurec.ge.ch\/site\/openboard\/#website\"},\"primaryImageOfPage\":{\"@id\":\"https:\/\/edurec.ge.ch\/site\/openboard\/gestes-de-base\/#primaryimage\"},\"image\":{\"@id\":\"https:\/\/edurec.ge.ch\/site\/openboard\/gestes-de-base\/#primaryimage\"},\"thumbnailUrl\":\"https:\/\/edurec.ge.ch\/site\/openboard\/wp-content\/uploads\/sites\/139\/2016\/12\/hand-gesture-300x300.png\",\"datePublished\":\"2016-12-12T09:00:51+00:00\",\"dateModified\":\"2017-03-07T09:28:33+00:00\",\"breadcrumb\":{\"@id\":\"https:\/\/edurec.ge.ch\/site\/openboard\/gestes-de-base\/#breadcrumb\"},\"inLanguage\":\"fr-FR\",\"potentialAction\":[{\"@type\":\"ReadAction\",\"target\":[\"https:\/\/edurec.ge.ch\/site\/openboard\/gestes-de-base\/\"]}]},{\"@type\":\"ImageObject\",\"inLanguage\":\"fr-FR\",\"@id\":\"https:\/\/edurec.ge.ch\/site\/openboard\/gestes-de-base\/#primaryimage\",\"url\":\"https:\/\/edurec.ge.ch\/site\/openboard\/wp-content\/uploads\/sites\/139\/2016\/12\/hand-gesture.png\",\"contentUrl\":\"https:\/\/edurec.ge.ch\/site\/openboard\/wp-content\/uploads\/sites\/139\/2016\/12\/hand-gesture.png\",\"width\":512,\"height\":512},{\"@type\":\"BreadcrumbList\",\"@id\":\"https:\/\/edurec.ge.ch\/site\/openboard\/gestes-de-base\/#breadcrumb\",\"itemListElement\":[{\"@type\":\"ListItem\",\"position\":1,\"name\":\"Accueil\",\"item\":\"https:\/\/edurec.ge.ch\/site\/openboard\/\"},{\"@type\":\"ListItem\",\"position\":2,\"name\":\"Les gestes de base\"}]},{\"@type\":\"WebSite\",\"@id\":\"https:\/\/edurec.ge.ch\/site\/openboard\/#website\",\"url\":\"https:\/\/edurec.ge.ch\/site\/openboard\/\",\"name\":\"OpenBoard\",\"description\":\"Un syst\u00e8me de projection interactif en classe\",\"potentialAction\":[{\"@type\":\"SearchAction\",\"target\":{\"@type\":\"EntryPoint\",\"urlTemplate\":\"https:\/\/edurec.ge.ch\/site\/openboard\/?s={search_term_string}\"},\"query-input\":{\"@type\":\"PropertyValueSpecification\",\"valueRequired\":true,\"valueName\":\"search_term_string\"}}],\"inLanguage\":\"fr-FR\"}]}<\/script>\n<!-- \/ Yoast SEO plugin. -->","yoast_head_json":{"title":"Les gestes de base - OpenBoard","robots":{"index":"index","follow":"follow","max-snippet":"max-snippet:-1","max-image-preview":"max-image-preview:large","max-video-preview":"max-video-preview:-1"},"canonical":"https:\/\/edurec.ge.ch\/site\/openboard\/gestes-de-base\/","og_locale":"fr_FR","og_type":"article","og_title":"Les gestes de base - OpenBoard","og_description":"Au travers de ces trois vid\u00e9os, nous explorons ensemble les diff\u00e9rentes fonctions principales d'OpenBoard. https:\/\/www.youtube.com\/watch?v=ungtfOcnh4A&amp;t=4s On y voit notamment comment: 0:39 naviguer dans les 4 zones de l'\u00e9cran 1:10 faire appara\u00eetre ou dispara\u00eetre les barres de menu 1:29 d\u00e9placer la palette d'outils 1:42 utiliser la barre des menus 2:01 faire appara\u00eetre ou dispara\u00eetre la palette ... Lire la suite","og_url":"https:\/\/edurec.ge.ch\/site\/openboard\/gestes-de-base\/","og_site_name":"OpenBoard","article_modified_time":"2017-03-07T09:28:33+00:00","og_image":[{"url":"https:\/\/edurec.ge.ch\/site\/openboard\/wp-content\/uploads\/sites\/139\/2016\/12\/hand-gesture-300x300.png","type":"","width":"","height":""}],"twitter_card":"summary_large_image","twitter_misc":{"Dur\u00e9e de lecture estim\u00e9e":"2 minutes"},"schema":{"@context":"https:\/\/schema.org","@graph":[{"@type":"WebPage","@id":"https:\/\/edurec.ge.ch\/site\/openboard\/gestes-de-base\/","url":"https:\/\/edurec.ge.ch\/site\/openboard\/gestes-de-base\/","name":"Les gestes de base - OpenBoard","isPartOf":{"@id":"https:\/\/edurec.ge.ch\/site\/openboard\/#website"},"primaryImageOfPage":{"@id":"https:\/\/edurec.ge.ch\/site\/openboard\/gestes-de-base\/#primaryimage"},"image":{"@id":"https:\/\/edurec.ge.ch\/site\/openboard\/gestes-de-base\/#primaryimage"},"thumbnailUrl":"https:\/\/edurec.ge.ch\/site\/openboard\/wp-content\/uploads\/sites\/139\/2016\/12\/hand-gesture-300x300.png","datePublished":"2016-12-12T09:00:51+00:00","dateModified":"2017-03-07T09:28:33+00:00","breadcrumb":{"@id":"https:\/\/edurec.ge.ch\/site\/openboard\/gestes-de-base\/#breadcrumb"},"inLanguage":"fr-FR","potentialAction":[{"@type":"ReadAction","target":["https:\/\/edurec.ge.ch\/site\/openboard\/gestes-de-base\/"]}]},{"@type":"ImageObject","inLanguage":"fr-FR","@id":"https:\/\/edurec.ge.ch\/site\/openboard\/gestes-de-base\/#primaryimage","url":"https:\/\/edurec.ge.ch\/site\/openboard\/wp-content\/uploads\/sites\/139\/2016\/12\/hand-gesture.png","contentUrl":"https:\/\/edurec.ge.ch\/site\/openboard\/wp-content\/uploads\/sites\/139\/2016\/12\/hand-gesture.png","width":512,"height":512},{"@type":"BreadcrumbList","@id":"https:\/\/edurec.ge.ch\/site\/openboard\/gestes-de-base\/#breadcrumb","itemListElement":[{"@type":"ListItem","position":1,"name":"Accueil","item":"https:\/\/edurec.ge.ch\/site\/openboard\/"},{"@type":"ListItem","position":2,"name":"Les gestes de base"}]},{"@type":"WebSite","@id":"https:\/\/edurec.ge.ch\/site\/openboard\/#website","url":"https:\/\/edurec.ge.ch\/site\/openboard\/","name":"OpenBoard","description":"Un syst\u00e8me de projection interactif en classe","potentialAction":[{"@type":"SearchAction","target":{"@type":"EntryPoint","urlTemplate":"https:\/\/edurec.ge.ch\/site\/openboard\/?s={search_term_string}"},"query-input":{"@type":"PropertyValueSpecification","valueRequired":true,"valueName":"search_term_string"}}],"inLanguage":"fr-FR"}]}},"_links":{"self":[{"href":"https:\/\/edurec.ge.ch\/site\/openboard\/wp-json\/wp\/v2\/pages\/72","targetHints":{"allow":["GET"]}}],"collection":[{"href":"https:\/\/edurec.ge.ch\/site\/openboard\/wp-json\/wp\/v2\/pages"}],"about":[{"href":"https:\/\/edurec.ge.ch\/site\/openboard\/wp-json\/wp\/v2\/types\/page"}],"author":[{"embeddable":true,"href":"https:\/\/edurec.ge.ch\/site\/openboard\/wp-json\/wp\/v2\/users\/24"}],"replies":[{"embeddable":true,"href":"https:\/\/edurec.ge.ch\/site\/openboard\/wp-json\/wp\/v2\/comments?post=72"}],"version-history":[{"count":21,"href":"https:\/\/edurec.ge.ch\/site\/openboard\/wp-json\/wp\/v2\/pages\/72\/revisions"}],"predecessor-version":[{"id":306,"href":"https:\/\/edurec.ge.ch\/site\/openboard\/wp-json\/wp\/v2\/pages\/72\/revisions\/306"}],"wp:attachment":[{"href":"https:\/\/edurec.ge.ch\/site\/openboard\/wp-json\/wp\/v2\/media?parent=72"}],"curies":[{"name":"wp","href":"https:\/\/api.w.org\/{rel}","templated":true}]}}