{"id":60,"date":"2016-12-12T09:35:48","date_gmt":"2016-12-12T08:35:48","guid":{"rendered":"https:\/\/edurec.ge.ch\/site\/openboard\/?page_id=60"},"modified":"2016-12-12T22:51:14","modified_gmt":"2016-12-12T21:51:14","slug":"contact","status":"publish","type":"page","link":"https:\/\/edurec.ge.ch\/site\/openboard\/contact\/","title":{"rendered":"Contact"},"content":{"rendered":"<p><img loading=\"lazy\" decoding=\"async\" class=\"alignnone size-medium wp-image-191\" src=\"https:\/\/edurec.ge.ch\/site\/openboard\/wp-content\/uploads\/sites\/139\/2016\/12\/letter-300x300.png\" alt=\"letter\" width=\"300\" height=\"300\" srcset=\"https:\/\/edurec.ge.ch\/site\/openboard\/wp-content\/uploads\/sites\/139\/2016\/12\/letter-300x300.png 300w, https:\/\/edurec.ge.ch\/site\/openboard\/wp-content\/uploads\/sites\/139\/2016\/12\/letter-150x150.png 150w, https:\/\/edurec.ge.ch\/site\/openboard\/wp-content\/uploads\/sites\/139\/2016\/12\/letter.png 512w\" sizes=\"auto, (max-width: 300px) 100vw, 300px\" \/><\/p>\n<p>Vous avez des questions sur l&rsquo;utilisation d&rsquo;Openboard?<\/p>\n<p>Vous souhaitez suivre une formation ou en organiser une dans votre \u00e9tablissement?<\/p>\n<p>N&rsquo;h\u00e9sitez pas \u00e0 nous contacter en utilisant le formulaire ci-dessous:<\/p>\n<p class=\"wpcf7-contact-form-not-found\"><strong>Erreur\u00a0:<\/strong> Formulaire de contact non trouv\u00e9\u00a0!<\/p>\n","protected":false},"excerpt":{"rendered":"<p>Vous avez des questions sur l&rsquo;utilisation d&rsquo;Openboard? Vous souhaitez suivre une formation ou en organiser une dans votre \u00e9tablissement? N&rsquo;h\u00e9sitez pas \u00e0 nous contacter en utilisant le formulaire ci-dessous:<\/p>\n","protected":false},"author":24,"featured_media":0,"parent":0,"menu_order":0,"comment_status":"closed","ping_status":"closed","template":"","meta":{"footnotes":""},"class_list":["post-60","page","type-page","status-publish"],"yoast_head":"<!-- This site is optimized with the Yoast SEO plugin v26.4 - https:\/\/yoast.com\/wordpress\/plugins\/seo\/ -->\n<title>Contact - OpenBoard<\/title>\n<meta name=\"robots\" content=\"index, follow, max-snippet:-1, max-image-preview:large, max-video-preview:-1\" \/>\n<link rel=\"canonical\" href=\"https:\/\/edurec.ge.ch\/site\/openboard\/contact\/\" \/>\n<meta property=\"og:locale\" content=\"fr_FR\" \/>\n<meta property=\"og:type\" content=\"article\" \/>\n<meta property=\"og:title\" content=\"Contact - OpenBoard\" \/>\n<meta property=\"og:description\" content=\"Vous avez des questions sur l&rsquo;utilisation d&rsquo;Openboard? Vous souhaitez suivre une formation ou en organiser une dans votre \u00e9tablissement? N&rsquo;h\u00e9sitez pas \u00e0 nous contacter en utilisant le formulaire ci-dessous:\" \/>\n<meta property=\"og:url\" content=\"https:\/\/edurec.ge.ch\/site\/openboard\/contact\/\" \/>\n<meta property=\"og:site_name\" content=\"OpenBoard\" \/>\n<meta property=\"article:modified_time\" content=\"2016-12-12T21:51:14+00:00\" \/>\n<meta property=\"og:image\" content=\"https:\/\/edurec.ge.ch\/site\/openboard\/wp-content\/uploads\/sites\/139\/2016\/12\/letter-300x300.png\" \/>\n<meta name=\"twitter:card\" content=\"summary_large_image\" \/>\n<script type=\"application\/ld+json\" class=\"yoast-schema-graph\">{\"@context\":\"https:\/\/schema.org\",\"@graph\":[{\"@type\":\"WebPage\",\"@id\":\"https:\/\/edurec.ge.ch\/site\/openboard\/contact\/\",\"url\":\"https:\/\/edurec.ge.ch\/site\/openboard\/contact\/\",\"name\":\"Contact - OpenBoard\",\"isPartOf\":{\"@id\":\"https:\/\/edurec.ge.ch\/site\/openboard\/#website\"},\"primaryImageOfPage\":{\"@id\":\"https:\/\/edurec.ge.ch\/site\/openboard\/contact\/#primaryimage\"},\"image\":{\"@id\":\"https:\/\/edurec.ge.ch\/site\/openboard\/contact\/#primaryimage\"},\"thumbnailUrl\":\"https:\/\/edurec.ge.ch\/site\/openboard\/wp-content\/uploads\/sites\/139\/2016\/12\/letter-300x300.png\",\"datePublished\":\"2016-12-12T08:35:48+00:00\",\"dateModified\":\"2016-12-12T21:51:14+00:00\",\"breadcrumb\":{\"@id\":\"https:\/\/edurec.ge.ch\/site\/openboard\/contact\/#breadcrumb\"},\"inLanguage\":\"fr-FR\",\"potentialAction\":[{\"@type\":\"ReadAction\",\"target\":[\"https:\/\/edurec.ge.ch\/site\/openboard\/contact\/\"]}]},{\"@type\":\"ImageObject\",\"inLanguage\":\"fr-FR\",\"@id\":\"https:\/\/edurec.ge.ch\/site\/openboard\/contact\/#primaryimage\",\"url\":\"https:\/\/edurec.ge.ch\/site\/openboard\/wp-content\/uploads\/sites\/139\/2016\/12\/letter.png\",\"contentUrl\":\"https:\/\/edurec.ge.ch\/site\/openboard\/wp-content\/uploads\/sites\/139\/2016\/12\/letter.png\",\"width\":512,\"height\":512},{\"@type\":\"BreadcrumbList\",\"@id\":\"https:\/\/edurec.ge.ch\/site\/openboard\/contact\/#breadcrumb\",\"itemListElement\":[{\"@type\":\"ListItem\",\"position\":1,\"name\":\"Accueil\",\"item\":\"https:\/\/edurec.ge.ch\/site\/openboard\/\"},{\"@type\":\"ListItem\",\"position\":2,\"name\":\"Contact\"}]},{\"@type\":\"WebSite\",\"@id\":\"https:\/\/edurec.ge.ch\/site\/openboard\/#website\",\"url\":\"https:\/\/edurec.ge.ch\/site\/openboard\/\",\"name\":\"OpenBoard\",\"description\":\"Un syst\u00e8me de projection interactif en classe\",\"potentialAction\":[{\"@type\":\"SearchAction\",\"target\":{\"@type\":\"EntryPoint\",\"urlTemplate\":\"https:\/\/edurec.ge.ch\/site\/openboard\/?s={search_term_string}\"},\"query-input\":{\"@type\":\"PropertyValueSpecification\",\"valueRequired\":true,\"valueName\":\"search_term_string\"}}],\"inLanguage\":\"fr-FR\"}]}<\/script>\n<!-- \/ Yoast SEO plugin. -->","yoast_head_json":{"title":"Contact - OpenBoard","robots":{"index":"index","follow":"follow","max-snippet":"max-snippet:-1","max-image-preview":"max-image-preview:large","max-video-preview":"max-video-preview:-1"},"canonical":"https:\/\/edurec.ge.ch\/site\/openboard\/contact\/","og_locale":"fr_FR","og_type":"article","og_title":"Contact - OpenBoard","og_description":"Vous avez des questions sur l&rsquo;utilisation d&rsquo;Openboard? Vous souhaitez suivre une formation ou en organiser une dans votre \u00e9tablissement? N&rsquo;h\u00e9sitez pas \u00e0 nous contacter en utilisant le formulaire ci-dessous:","og_url":"https:\/\/edurec.ge.ch\/site\/openboard\/contact\/","og_site_name":"OpenBoard","article_modified_time":"2016-12-12T21:51:14+00:00","og_image":[{"url":"https:\/\/edurec.ge.ch\/site\/openboard\/wp-content\/uploads\/sites\/139\/2016\/12\/letter-300x300.png","type":"","width":"","height":""}],"twitter_card":"summary_large_image","schema":{"@context":"https:\/\/schema.org","@graph":[{"@type":"WebPage","@id":"https:\/\/edurec.ge.ch\/site\/openboard\/contact\/","url":"https:\/\/edurec.ge.ch\/site\/openboard\/contact\/","name":"Contact - OpenBoard","isPartOf":{"@id":"https:\/\/edurec.ge.ch\/site\/openboard\/#website"},"primaryImageOfPage":{"@id":"https:\/\/edurec.ge.ch\/site\/openboard\/contact\/#primaryimage"},"image":{"@id":"https:\/\/edurec.ge.ch\/site\/openboard\/contact\/#primaryimage"},"thumbnailUrl":"https:\/\/edurec.ge.ch\/site\/openboard\/wp-content\/uploads\/sites\/139\/2016\/12\/letter-300x300.png","datePublished":"2016-12-12T08:35:48+00:00","dateModified":"2016-12-12T21:51:14+00:00","breadcrumb":{"@id":"https:\/\/edurec.ge.ch\/site\/openboard\/contact\/#breadcrumb"},"inLanguage":"fr-FR","potentialAction":[{"@type":"ReadAction","target":["https:\/\/edurec.ge.ch\/site\/openboard\/contact\/"]}]},{"@type":"ImageObject","inLanguage":"fr-FR","@id":"https:\/\/edurec.ge.ch\/site\/openboard\/contact\/#primaryimage","url":"https:\/\/edurec.ge.ch\/site\/openboard\/wp-content\/uploads\/sites\/139\/2016\/12\/letter.png","contentUrl":"https:\/\/edurec.ge.ch\/site\/openboard\/wp-content\/uploads\/sites\/139\/2016\/12\/letter.png","width":512,"height":512},{"@type":"BreadcrumbList","@id":"https:\/\/edurec.ge.ch\/site\/openboard\/contact\/#breadcrumb","itemListElement":[{"@type":"ListItem","position":1,"name":"Accueil","item":"https:\/\/edurec.ge.ch\/site\/openboard\/"},{"@type":"ListItem","position":2,"name":"Contact"}]},{"@type":"WebSite","@id":"https:\/\/edurec.ge.ch\/site\/openboard\/#website","url":"https:\/\/edurec.ge.ch\/site\/openboard\/","name":"OpenBoard","description":"Un syst\u00e8me de projection interactif en classe","potentialAction":[{"@type":"SearchAction","target":{"@type":"EntryPoint","urlTemplate":"https:\/\/edurec.ge.ch\/site\/openboard\/?s={search_term_string}"},"query-input":{"@type":"PropertyValueSpecification","valueRequired":true,"valueName":"search_term_string"}}],"inLanguage":"fr-FR"}]}},"_links":{"self":[{"href":"https:\/\/edurec.ge.ch\/site\/openboard\/wp-json\/wp\/v2\/pages\/60","targetHints":{"allow":["GET"]}}],"collection":[{"href":"https:\/\/edurec.ge.ch\/site\/openboard\/wp-json\/wp\/v2\/pages"}],"about":[{"href":"https:\/\/edurec.ge.ch\/site\/openboard\/wp-json\/wp\/v2\/types\/page"}],"author":[{"embeddable":true,"href":"https:\/\/edurec.ge.ch\/site\/openboard\/wp-json\/wp\/v2\/users\/24"}],"replies":[{"embeddable":true,"href":"https:\/\/edurec.ge.ch\/site\/openboard\/wp-json\/wp\/v2\/comments?post=60"}],"version-history":[{"count":2,"href":"https:\/\/edurec.ge.ch\/site\/openboard\/wp-json\/wp\/v2\/pages\/60\/revisions"}],"predecessor-version":[{"id":192,"href":"https:\/\/edurec.ge.ch\/site\/openboard\/wp-json\/wp\/v2\/pages\/60\/revisions\/192"}],"wp:attachment":[{"href":"https:\/\/edurec.ge.ch\/site\/openboard\/wp-json\/wp\/v2\/media?parent=60"}],"curies":[{"name":"wp","href":"https:\/\/api.w.org\/{rel}","templated":true}]}}