{"id":6,"date":"2016-04-08T16:04:20","date_gmt":"2016-04-08T15:04:20","guid":{"rendered":"https:\/\/edurec.ge.ch\/site\/open-board\/?page_id=6"},"modified":"2017-03-07T11:09:13","modified_gmt":"2017-03-07T10:09:13","slug":"lorem-ipsum","status":"publish","type":"page","link":"https:\/\/edurec.ge.ch\/site\/openboard\/","title":{"rendered":"Un SPI dans les salles de classe"},"content":{"rendered":"<div id=\"pl-6\"  class=\"panel-layout\" ><div id=\"pg-6-0\"  class=\"panel-grid panel-no-style\" ><div id=\"pgc-6-0-0\"  class=\"panel-grid-cell\" ><div id=\"panel-6-0-0-0\" class=\"so-panel widget widget_sow-editor panel-first-child\" data-index=\"0\" ><div\n\t\t\t\n\t\t\tclass=\"so-widget-sow-editor so-widget-sow-editor-base\"\n\t\t\t\n\t\t>\n<div class=\"siteorigin-widget-tinymce textwidget\">\n\t<p>L'\u00e9cole genevoise a vu arriver dans ses salles de classe un rempla\u00e7ant solide aux ind\u00e9tr\u00f4nables r\u00e9troprojecteurs. Le syst\u00e8me de projection interactif (SPI) permet aux enseignant-e-s d'utiliser l'ordinateur de classe comme un r\u00e9troprojecteur nouvelle g\u00e9n\u00e9ration: arm\u00e9 de son stylet, il ou elle peut d\u00e9sormais diffuser et annoter toutes sortes de documents. Il peut \u00e9galement acc\u00e9der aux nombreuses ressources de l'Internet et les utiliser \u00e0 des fins p\u00e9dagogiques.<\/p>\n<p>Ce site internet se propose de servir \u00e0 la fois de support de formation afin d'aider et d'aiguiller celles et ceux qui en sont \u00e0 leurs premiers pas tout en offrant une vitrine des diff\u00e9rents champs p\u00e9dagogiques d'application d'un SPI.<\/p>\n<p>Dans l'onglet <a href=\"https:\/\/edurec.ge.ch\/site\/openboard\/prise-en-main\/\" target=\"_blank\"><strong>Prise en Main<\/strong><\/a>, vous trouverez une s\u00e9rie de tutoriels vid\u00e9o qui vous expliquent le b.a-ba de l'utilisation d'OpenBoard, des premiers pas \u00e0 une utilisation plus avertie.<\/p>\n<p>Vous retrouverez toutes ces manipulations dans l'onglet <a href=\"https:\/\/edurec.ge.ch\/site\/openboard\/toutes-les-manipulations\/\" target=\"_blank\"><strong>Toutes les Manipulations<\/strong><\/a>, organis\u00e9es par sections.<\/p>\n<\/div>\n<\/div><\/div><div id=\"panel-6-0-0-1\" class=\"so-panel widget widget_sow-editor\" data-index=\"1\" ><div\n\t\t\t\n\t\t\tclass=\"so-widget-sow-editor so-widget-sow-editor-base\"\n\t\t\t\n\t\t><h3 class=\"widget-title\">OpenBoard, le rempla\u00e7ant du r\u00e9troprojecteur?<\/h3>\n<div class=\"siteorigin-widget-tinymce textwidget\">\n\t<p><iframe loading=\"lazy\" width=\"1200\" height=\"675\" src=\"https:\/\/www.youtube.com\/embed\/8JLd0n6EuJU?start=4&feature=oembed\" frameborder=\"0\" allowfullscreen><\/iframe><\/p>\n<\/div>\n<\/div><\/div><div id=\"panel-6-0-0-2\" class=\"so-panel widget widget_sow-editor panel-last-child\" data-index=\"2\" ><div\n\t\t\t\n\t\t\tclass=\"so-widget-sow-editor so-widget-sow-editor-base\"\n\t\t\t\n\t\t><h3 class=\"widget-title\">Pour en savoir plus...<\/h3>\n<div class=\"siteorigin-widget-tinymce textwidget\">\n\t<p>Pour en savoir plus, vous pouvez <a href=\"https:\/\/edurec.ge.ch\/site\/fc\/exemples-dusages-systeme-de-projection-interactif\/\" target=\"_blank\"><strong>visionner les exemples d\u2019usage<\/strong><\/a> du Syst\u00e8me de Projection Interactif.<\/p>\n<\/div>\n<\/div><\/div><\/div><\/div><\/div>","protected":false},"excerpt":{"rendered":"<p>L&rsquo;\u00e9cole genevoise a vu arriver dans ses salles de classe un rempla\u00e7ant solide aux ind\u00e9tr\u00f4nables r\u00e9troprojecteurs. Le syst\u00e8me de projection interactif (SPI) permet aux enseignant-e-s d&rsquo;utiliser l&rsquo;ordinateur de classe comme un r\u00e9troprojecteur nouvelle g\u00e9n\u00e9ration: arm\u00e9 de son stylet, il ou elle peut d\u00e9sormais diffuser et annoter toutes sortes de documents. Il peut \u00e9galement acc\u00e9der aux &#8230; <a title=\"Un SPI dans les salles de classe\" class=\"read-more\" href=\"https:\/\/edurec.ge.ch\/site\/openboard\/\" aria-label=\"En savoir plus sur Un SPI dans les salles de classe\">Lire la suite<\/a><\/p>\n","protected":false},"author":4,"featured_media":0,"parent":0,"menu_order":0,"comment_status":"closed","ping_status":"closed","template":"","meta":{"footnotes":""},"class_list":["post-6","page","type-page","status-publish"],"yoast_head":"<!-- This site is optimized with the Yoast SEO plugin v26.4 - https:\/\/yoast.com\/wordpress\/plugins\/seo\/ -->\n<title>Un SPI dans les salles de classe - OpenBoard<\/title>\n<meta name=\"robots\" content=\"index, follow, max-snippet:-1, max-image-preview:large, max-video-preview:-1\" \/>\n<link rel=\"canonical\" href=\"https:\/\/edurec.ge.ch\/site\/openboard\/\" \/>\n<meta property=\"og:locale\" content=\"fr_FR\" \/>\n<meta property=\"og:type\" content=\"article\" \/>\n<meta property=\"og:title\" content=\"Un SPI dans les salles de classe - OpenBoard\" \/>\n<meta property=\"og:description\" content=\"L&#039;\u00e9cole genevoise a vu arriver dans ses salles de classe un rempla\u00e7ant solide aux ind\u00e9tr\u00f4nables r\u00e9troprojecteurs. Le syst\u00e8me de projection interactif (SPI) permet aux enseignant-e-s d&#039;utiliser l&#039;ordinateur de classe comme un r\u00e9troprojecteur nouvelle g\u00e9n\u00e9ration: arm\u00e9 de son stylet, il ou elle peut d\u00e9sormais diffuser et annoter toutes sortes de documents. Il peut \u00e9galement acc\u00e9der aux ... Lire la suite\" \/>\n<meta property=\"og:url\" content=\"https:\/\/edurec.ge.ch\/site\/openboard\/\" \/>\n<meta property=\"og:site_name\" content=\"OpenBoard\" \/>\n<meta property=\"article:modified_time\" content=\"2017-03-07T10:09:13+00:00\" \/>\n<meta name=\"twitter:card\" content=\"summary_large_image\" \/>\n<meta name=\"twitter:label1\" content=\"Dur\u00e9e de lecture estim\u00e9e\" \/>\n\t<meta name=\"twitter:data1\" content=\"1 minute\" \/>\n<script type=\"application\/ld+json\" class=\"yoast-schema-graph\">{\"@context\":\"https:\/\/schema.org\",\"@graph\":[{\"@type\":\"WebPage\",\"@id\":\"https:\/\/edurec.ge.ch\/site\/openboard\/\",\"url\":\"https:\/\/edurec.ge.ch\/site\/openboard\/\",\"name\":\"Un SPI dans les salles de classe - OpenBoard\",\"isPartOf\":{\"@id\":\"https:\/\/edurec.ge.ch\/site\/openboard\/#website\"},\"datePublished\":\"2016-04-08T15:04:20+00:00\",\"dateModified\":\"2017-03-07T10:09:13+00:00\",\"breadcrumb\":{\"@id\":\"https:\/\/edurec.ge.ch\/site\/openboard\/#breadcrumb\"},\"inLanguage\":\"fr-FR\",\"potentialAction\":[{\"@type\":\"ReadAction\",\"target\":[\"https:\/\/edurec.ge.ch\/site\/openboard\/\"]}]},{\"@type\":\"BreadcrumbList\",\"@id\":\"https:\/\/edurec.ge.ch\/site\/openboard\/#breadcrumb\",\"itemListElement\":[{\"@type\":\"ListItem\",\"position\":1,\"name\":\"Accueil\",\"item\":\"https:\/\/edurec.ge.ch\/site\/openboard\/\"},{\"@type\":\"ListItem\",\"position\":2,\"name\":\"Un SPI dans les salles de classe\"}]},{\"@type\":\"WebSite\",\"@id\":\"https:\/\/edurec.ge.ch\/site\/openboard\/#website\",\"url\":\"https:\/\/edurec.ge.ch\/site\/openboard\/\",\"name\":\"OpenBoard\",\"description\":\"Un syst\u00e8me de projection interactif en classe\",\"potentialAction\":[{\"@type\":\"SearchAction\",\"target\":{\"@type\":\"EntryPoint\",\"urlTemplate\":\"https:\/\/edurec.ge.ch\/site\/openboard\/?s={search_term_string}\"},\"query-input\":{\"@type\":\"PropertyValueSpecification\",\"valueRequired\":true,\"valueName\":\"search_term_string\"}}],\"inLanguage\":\"fr-FR\"}]}<\/script>\n<!-- \/ Yoast SEO plugin. -->","yoast_head_json":{"title":"Un SPI dans les salles de classe - OpenBoard","robots":{"index":"index","follow":"follow","max-snippet":"max-snippet:-1","max-image-preview":"max-image-preview:large","max-video-preview":"max-video-preview:-1"},"canonical":"https:\/\/edurec.ge.ch\/site\/openboard\/","og_locale":"fr_FR","og_type":"article","og_title":"Un SPI dans les salles de classe - OpenBoard","og_description":"L'\u00e9cole genevoise a vu arriver dans ses salles de classe un rempla\u00e7ant solide aux ind\u00e9tr\u00f4nables r\u00e9troprojecteurs. Le syst\u00e8me de projection interactif (SPI) permet aux enseignant-e-s d'utiliser l'ordinateur de classe comme un r\u00e9troprojecteur nouvelle g\u00e9n\u00e9ration: arm\u00e9 de son stylet, il ou elle peut d\u00e9sormais diffuser et annoter toutes sortes de documents. Il peut \u00e9galement acc\u00e9der aux ... Lire la suite","og_url":"https:\/\/edurec.ge.ch\/site\/openboard\/","og_site_name":"OpenBoard","article_modified_time":"2017-03-07T10:09:13+00:00","twitter_card":"summary_large_image","twitter_misc":{"Dur\u00e9e de lecture estim\u00e9e":"1 minute"},"schema":{"@context":"https:\/\/schema.org","@graph":[{"@type":"WebPage","@id":"https:\/\/edurec.ge.ch\/site\/openboard\/","url":"https:\/\/edurec.ge.ch\/site\/openboard\/","name":"Un SPI dans les salles de classe - OpenBoard","isPartOf":{"@id":"https:\/\/edurec.ge.ch\/site\/openboard\/#website"},"datePublished":"2016-04-08T15:04:20+00:00","dateModified":"2017-03-07T10:09:13+00:00","breadcrumb":{"@id":"https:\/\/edurec.ge.ch\/site\/openboard\/#breadcrumb"},"inLanguage":"fr-FR","potentialAction":[{"@type":"ReadAction","target":["https:\/\/edurec.ge.ch\/site\/openboard\/"]}]},{"@type":"BreadcrumbList","@id":"https:\/\/edurec.ge.ch\/site\/openboard\/#breadcrumb","itemListElement":[{"@type":"ListItem","position":1,"name":"Accueil","item":"https:\/\/edurec.ge.ch\/site\/openboard\/"},{"@type":"ListItem","position":2,"name":"Un SPI dans les salles de classe"}]},{"@type":"WebSite","@id":"https:\/\/edurec.ge.ch\/site\/openboard\/#website","url":"https:\/\/edurec.ge.ch\/site\/openboard\/","name":"OpenBoard","description":"Un syst\u00e8me de projection interactif en classe","potentialAction":[{"@type":"SearchAction","target":{"@type":"EntryPoint","urlTemplate":"https:\/\/edurec.ge.ch\/site\/openboard\/?s={search_term_string}"},"query-input":{"@type":"PropertyValueSpecification","valueRequired":true,"valueName":"search_term_string"}}],"inLanguage":"fr-FR"}]}},"_links":{"self":[{"href":"https:\/\/edurec.ge.ch\/site\/openboard\/wp-json\/wp\/v2\/pages\/6","targetHints":{"allow":["GET"]}}],"collection":[{"href":"https:\/\/edurec.ge.ch\/site\/openboard\/wp-json\/wp\/v2\/pages"}],"about":[{"href":"https:\/\/edurec.ge.ch\/site\/openboard\/wp-json\/wp\/v2\/types\/page"}],"author":[{"embeddable":true,"href":"https:\/\/edurec.ge.ch\/site\/openboard\/wp-json\/wp\/v2\/users\/4"}],"replies":[{"embeddable":true,"href":"https:\/\/edurec.ge.ch\/site\/openboard\/wp-json\/wp\/v2\/comments?post=6"}],"version-history":[{"count":7,"href":"https:\/\/edurec.ge.ch\/site\/openboard\/wp-json\/wp\/v2\/pages\/6\/revisions"}],"predecessor-version":[{"id":309,"href":"https:\/\/edurec.ge.ch\/site\/openboard\/wp-json\/wp\/v2\/pages\/6\/revisions\/309"}],"wp:attachment":[{"href":"https:\/\/edurec.ge.ch\/site\/openboard\/wp-json\/wp\/v2\/media?parent=6"}],"curies":[{"name":"wp","href":"https:\/\/api.w.org\/{rel}","templated":true}]}}