{"id":316,"date":"2017-04-03T09:15:33","date_gmt":"2017-04-03T08:15:33","guid":{"rendered":"https:\/\/edurec.ge.ch\/site\/openboard\/?page_id=316"},"modified":"2017-04-10T16:24:37","modified_gmt":"2017-04-10T15:24:37","slug":"cours-lundi-3-avril-a-emilie-gourd","status":"publish","type":"page","link":"https:\/\/edurec.ge.ch\/site\/openboard\/formation-continue\/cours-lundi-3-avril-a-emilie-gourd\/","title":{"rendered":"Cours du mardi 11 avril \u00e0 Emilie-Gourd"},"content":{"rendered":"<p>&nbsp;<\/p>\n<p><img loading=\"lazy\" decoding=\"async\" class=\"alignnone size-full wp-image-319\" src=\"https:\/\/edurec.ge.ch\/site\/openboard\/wp-content\/uploads\/sites\/139\/2017\/04\/person-explaining-strategy-on-a-board-with-a-sketch.png\" alt=\"person-explaining-strategy-on-a-board-with-a-sketch\" width=\"256\" height=\"256\" srcset=\"https:\/\/edurec.ge.ch\/site\/openboard\/wp-content\/uploads\/sites\/139\/2017\/04\/person-explaining-strategy-on-a-board-with-a-sketch.png 256w, https:\/\/edurec.ge.ch\/site\/openboard\/wp-content\/uploads\/sites\/139\/2017\/04\/person-explaining-strategy-on-a-board-with-a-sketch-150x150.png 150w\" sizes=\"auto, (max-width: 256px) 100vw, 256px\" \/><\/p>\n<p><strong>Bonjour \u00e0 tous! <\/strong><em>Voici le fil rouge de cette demi-journ\u00e9e ainsi que les liens \u00e0 utiliser sans <\/em><em>mod\u00e9ration:<\/em><\/p>\n<h2><span style=\"color: #e04433\">Introduction<\/span><\/h2>\n<ul>\n<li>Bienvenue<\/li>\n<li>Pr\u00e9sentation du programme de la formation<\/li>\n<li>Familiarisation avec le site internet <em>OpenBoard<\/em><\/li>\n<\/ul>\n<h2><span style=\"color: #e04433\">Les premiers pas avec un SPI (Syst\u00e8me de Projection Interactif)<br \/>\n<\/span><\/h2>\n<ul>\n<li><strong><a href=\"https:\/\/edurec.ge.ch\/site\/openboard\/prise-en-main\/lentree-en-classe\/\" target=\"_blank\">L&rsquo;entr\u00e9e en classe<\/a><\/strong><\/li>\n<li><a href=\"https:\/\/www.youtube.com\/watch?v=rPWKbdQn52o\" target=\"_blank\"><strong>Se connecter \u00e0 son espace personnel<\/strong><\/a> sur l&rsquo;ordinateur<\/li>\n<li><strong><a href=\"https:\/\/edurec.ge.ch\/site\/openboard\/utiliser-disque-personnel\/\" target=\"_blank\">Utiliser les serveurs de l&rsquo;\u00e9cole <\/a><\/strong>pour avoir acc\u00e8s \u00e0 ses documents d&rsquo;une salle \u00e0 une autre, pour collaborer avec ses coll\u00e8gues et travailler avec les \u00e9l\u00e8ves.<\/li>\n<li><a href=\"https:\/\/edurec.ge.ch\/site\/openboard\/utiliser-le-stylet\/\" target=\"_blank\"><strong>Prise en main de la souris et du stylet<\/strong><\/a> avec un SPI<\/li>\n<li>Prise en main de la t\u00e9l\u00e9commande du projecteur. De plus amples explications ici: <strong><a href=\"https:\/\/edurec.ge.ch\/site\/openboard\/wp-content\/uploads\/sites\/139\/2016\/12\/t\u00e9l\u00e9commande.pdf\">t\u00e9l\u00e9commande<\/a><\/strong><\/li>\n<\/ul>\n<h2><span style=\"color: #e04433\">Les premiers pas avec OpenBoard<\/span><\/h2>\n<ul>\n<li>Les gestes de base avec OpenBoard. Vous retrouverez tous les gestes de base dans les 3e, 4e, et 5e vid\u00e9os de <a href=\"https:\/\/edurec.ge.ch\/site\/openboard\/gestes-de-base\/\" target=\"_blank\"><strong>cette s\u00e9rie de tutoriels<\/strong><\/a>.<\/li>\n<li>Quel type de fichier utiliser et comment les cr\u00e9er?\n<ul>\n<li>Cr\u00e9ation de PDF avec OpenOffice, Word, Pages ou via le navigateur Internet. <a href=\"https:\/\/edurec.ge.ch\/site\/openboard\/preparer-ses-documents\/\" target=\"_blank\"><strong>Tutoriel en ligne.<\/strong><\/a><\/li>\n<li>Num\u00e9riser des documents avec un mopieur (photocopie de l&rsquo;\u00e9cole). <a href=\"https:\/\/edurec.ge.ch\/site\/openboard\/numeriser-documents-mopieur\/\" target=\"_blank\"><strong>Tutoriel en ligne<\/strong><\/a>.<\/li>\n<\/ul>\n<\/li>\n<\/ul>\n<h2><span style=\"color: #e04433\">Premi\u00e8re s\u00e9rie d&rsquo;exercices<\/span><\/h2>\n<ul>\n<li>Pour vous habituer aux diff\u00e9rentes fonctionnalit\u00e9s d&rsquo;OpenBoard, vous pouvez ouvrir ce fichier:\u00a0<strong><a href=\"https:\/\/edurec.ge.ch\/site\/openboard\/wp-content\/uploads\/sites\/139\/2016\/12\/activit\u00e9s_1-1.odt\">activit\u00e9s_1<\/a><\/strong> et faire les activit\u00e9s qui s&rsquo;y trouvent.<\/li>\n<li>Pour aller plus loin dans la ma\u00eetrise des outils et fonctionnalit\u00e9s d&rsquo;OpenBoard, vous pouvez ouvrir ce fichier:\u00a0<strong><a href=\"https:\/\/edurec.ge.ch\/site\/openboard\/wp-content\/uploads\/sites\/139\/2016\/12\/activit\u00e9s_2.odt\">activit\u00e9s_2<\/a> <\/strong>et faire les activit\u00e9s qui s&rsquo;y trouvent.<\/li>\n<\/ul>\n<h2 style=\"text-align: left\"><span style=\"color: #e04433\">Pause<\/span><\/h2>\n<p><img loading=\"lazy\" decoding=\"async\" class=\"alignnone wp-image-321\" src=\"https:\/\/edurec.ge.ch\/site\/openboard\/wp-content\/uploads\/sites\/139\/2017\/04\/apple-and-clock.png\" alt=\"apple-and-clock\" width=\"242\" height=\"242\" srcset=\"https:\/\/edurec.ge.ch\/site\/openboard\/wp-content\/uploads\/sites\/139\/2017\/04\/apple-and-clock.png 256w, https:\/\/edurec.ge.ch\/site\/openboard\/wp-content\/uploads\/sites\/139\/2017\/04\/apple-and-clock-150x150.png 150w\" sizes=\"auto, (max-width: 242px) 100vw, 242px\" \/><\/p>\n<h2><span style=\"color: #e04433\"><br \/>\n<\/span><\/h2>\n<h2><span style=\"color: #e04433\">Aller plus loin avec OpenBoard<\/span><\/h2>\n<ul>\n<li>Int\u00e9ragir entre OpenBoard et le reste du syst\u00e8me. <a href=\"https:\/\/edurec.ge.ch\/site\/openboard\/interagir-entre-openboard-reste-systeme\/\" target=\"_blank\"><strong>Tutoriel en ligne<\/strong><\/a>.<\/li>\n<li>G\u00e9rer ses documents entre la maison et l&rsquo;\u00e9cole. <a href=\"https:\/\/edurec.ge.ch\/site\/openboard\/gerer-documents-classes\/\" target=\"_blank\"><strong>Tutoriel en ligne<\/strong><\/a>.\n<ul>\n<li><strong><a href=\"https:\/\/edurec.ge.ch\/site\/openboard\/utiliser-cle-usb\/\" target=\"_blank\">Avec une cl\u00e9 USB<\/a><\/strong><\/li>\n<li><a href=\"https:\/\/edurec.ge.ch\/site\/openboard\/utiliser-un-cloud\/\" target=\"_blank\"><strong>Avec le cloud<\/strong><\/a><\/li>\n<\/ul>\n<\/li>\n<li><a href=\"https:\/\/edurec.ge.ch\/site\/openboard\/faire-captures-decran\/\" target=\"_blank\"><strong>Faire des captures d&rsquo;\u00e9cran<\/strong><\/a> (de films, d&rsquo;internet, du bureau, etc.) et les annoter<\/li>\n<li>G\u00e9rer ses classes et faire le suivi d&rsquo;une semaine \u00e0 l&rsquo;autre. <a href=\"https:\/\/edurec.ge.ch\/site\/openboard\/gerer-documents-classes\/\" target=\"_blank\"><strong>Tutoriel en ligne<\/strong><\/a>.<\/li>\n<li>G\u00e9rer l&rsquo;\u00e9cran \u00e9tendu.<\/li>\n<li><strong><a href=\"https:\/\/www.youtube.com\/watch?v=L_HNCxEw2Ww&amp;list=PLziC9ALSenVvSHkmcPCd9RM16Fv7v0VS-&amp;index=2\" target=\"_blank\">Calibrer le stylet.<\/a><\/strong><\/li>\n<li>Confusion entre le <a href=\"https:\/\/www.youtube.com\/watch?v=9HuCs8n4kfk&amp;list=PLziC9ALSenVthpVyTKJ53961LShUttUc7&amp;index=9\" target=\"_blank\"><strong>mode Bureau &amp; le mode Tableau<\/strong><\/a><\/li>\n<li>\u00a0G\u00e9rer <a href=\"https:\/\/www.youtube.com\/watch?v=Gw7J3o_D7dA\" target=\"_blank\"><strong>l&rsquo;orientation des pages<\/strong> <\/a>une fois le document PDF import\u00e9.<\/li>\n<\/ul>\n<h2 style=\"text-align: left\"><span style=\"color: #e04433\">Ateliers pratiques:<br \/>\n<\/span><\/h2>\n<h3><span style=\"color: #993300\">Travail individuel autour de la cr\u00e9ation de ses propres cours:<\/span><\/h3>\n<ul>\n<li>Vous avez apport\u00e9 votre propre mat\u00e9riel et souhaitez commencer \u00e0 num\u00e9riser vos ac\u00e9tates, manuels, etc. ou simplement cr\u00e9er votre prochain cours, sentez-vous libre de le faire maintenant en utilisant OpenBoard et les outils qui sont \u00e0 votre disposition.<\/li>\n<\/ul>\n<h3><span style=\"color: #993300\">Exercice:<\/span><\/h3>\n<ul>\n<li>Une fois les activit\u00e9s termin\u00e9es, vous pouvez continuer avec celles-ci: <strong><a href=\"https:\/\/edurec.ge.ch\/site\/openboard\/wp-content\/uploads\/sites\/139\/2016\/12\/activit\u00e9s_3.odt\">activit\u00e9s_3<\/a><\/strong><\/li>\n<\/ul>\n<h2><span style=\"color: #e04433\">Openboard, un plus pour l&rsquo;enseignement ?<\/span><\/h2>\n<ul>\n<li>Comment et pourquoi la didactique de vos disciplines peut changer: <a href=\"http:\/\/ecolebranchee.com\/2013\/09\/09\/le-modele-samr-une-reference-pour-lintegration-reellement-pedagogique-des-tic-en-classe\/\" target=\"_blank\"><strong>th\u00e9orie.<\/strong><\/a><\/li>\n<\/ul>\n<h2><span style=\"color: #e04433\">Liens et documents utiles<br \/>\n<\/span><\/h2>\n<ul>\n<li><strong><a href=\"https:\/\/edurec.ge.ch\/site\/openboard\/wp-content\/uploads\/sites\/139\/2017\/02\/OpenBoard_en_1_page.pdf\">OpenBoard_en_1_page<\/a><\/strong><\/li>\n<li><a href=\"http:\/\/www.openboard.ch\/download.html\" target=\"_blank\"><strong>T\u00e9l\u00e9charger OpenBoard<\/strong><\/a><\/li>\n<li><a href=\"https:\/\/edurec.ge.ch\/site\/openboard\/wp-content\/uploads\/sites\/139\/2017\/02\/Serveur-p\u00e9dagogique-version-2016-2017.pdf\" target=\"_blank\"><strong>Serveurs de l&rsquo;\u00e9cole<\/strong><\/a><\/li>\n<li><a href=\"https:\/\/edurec.ge.ch\/site\/openboard\/wp-content\/uploads\/sites\/139\/2017\/04\/raccourcis-clavier.pdf\" target=\"_blank\"><strong>Touches de raccourcis clavier (tr\u00e8s utiles)<\/strong><\/a><\/li>\n<\/ul>\n<h2><span style=\"color: #e04433\">Conclusion<\/span><\/h2>\n<ul>\n<li>Derni\u00e8re chose avant de partir, nous vous demandons de remplir <a href=\"http:\/\/bdp.ge.ch\/form\/\" target=\"_blank\"><strong>le questionnaire<\/strong><\/a> relatif \u00e0 l&rsquo;\u00e9valuation de la formation que vous avez suivie.<\/li>\n<\/ul>\n","protected":false},"excerpt":{"rendered":"<p>&nbsp; Bonjour \u00e0 tous! Voici le fil rouge de cette demi-journ\u00e9e ainsi que les liens \u00e0 utiliser sans mod\u00e9ration: Introduction Bienvenue Pr\u00e9sentation du programme de la formation Familiarisation avec le site internet OpenBoard Les premiers pas avec un SPI (Syst\u00e8me de Projection Interactif) L&rsquo;entr\u00e9e en classe Se connecter \u00e0 son espace personnel sur l&rsquo;ordinateur Utiliser &#8230; <a title=\"Cours du mardi 11 avril \u00e0 Emilie-Gourd\" class=\"read-more\" href=\"https:\/\/edurec.ge.ch\/site\/openboard\/formation-continue\/cours-lundi-3-avril-a-emilie-gourd\/\" aria-label=\"En savoir plus sur Cours du mardi 11 avril \u00e0 Emilie-Gourd\">Lire la suite<\/a><\/p>\n","protected":false},"author":62,"featured_media":0,"parent":50,"menu_order":1,"comment_status":"closed","ping_status":"closed","template":"","meta":{"footnotes":""},"class_list":["post-316","page","type-page","status-publish"],"yoast_head":"<!-- This site is optimized with the Yoast SEO plugin v26.4 - https:\/\/yoast.com\/wordpress\/plugins\/seo\/ -->\n<title>Cours du mardi 11 avril \u00e0 Emilie-Gourd - OpenBoard<\/title>\n<meta name=\"robots\" content=\"index, follow, max-snippet:-1, max-image-preview:large, max-video-preview:-1\" \/>\n<link rel=\"canonical\" href=\"https:\/\/edurec.ge.ch\/site\/openboard\/formation-continue\/cours-lundi-3-avril-a-emilie-gourd\/\" \/>\n<meta property=\"og:locale\" content=\"fr_FR\" \/>\n<meta property=\"og:type\" content=\"article\" \/>\n<meta property=\"og:title\" content=\"Cours du mardi 11 avril \u00e0 Emilie-Gourd - OpenBoard\" \/>\n<meta property=\"og:description\" content=\"&nbsp; Bonjour \u00e0 tous! Voici le fil rouge de cette demi-journ\u00e9e ainsi que les liens \u00e0 utiliser sans mod\u00e9ration: Introduction Bienvenue Pr\u00e9sentation du programme de la formation Familiarisation avec le site internet OpenBoard Les premiers pas avec un SPI (Syst\u00e8me de Projection Interactif) L&rsquo;entr\u00e9e en classe Se connecter \u00e0 son espace personnel sur l&rsquo;ordinateur Utiliser ... Lire la suite\" \/>\n<meta property=\"og:url\" content=\"https:\/\/edurec.ge.ch\/site\/openboard\/formation-continue\/cours-lundi-3-avril-a-emilie-gourd\/\" \/>\n<meta property=\"og:site_name\" content=\"OpenBoard\" \/>\n<meta property=\"article:modified_time\" content=\"2017-04-10T15:24:37+00:00\" \/>\n<meta property=\"og:image\" content=\"https:\/\/edurec.ge.ch\/site\/openboard\/wp-content\/uploads\/sites\/139\/2017\/04\/person-explaining-strategy-on-a-board-with-a-sketch.png\" \/>\n<meta name=\"twitter:card\" content=\"summary_large_image\" \/>\n<meta name=\"twitter:label1\" content=\"Dur\u00e9e de lecture estim\u00e9e\" \/>\n\t<meta name=\"twitter:data1\" content=\"2 minutes\" \/>\n<script type=\"application\/ld+json\" class=\"yoast-schema-graph\">{\"@context\":\"https:\/\/schema.org\",\"@graph\":[{\"@type\":\"WebPage\",\"@id\":\"https:\/\/edurec.ge.ch\/site\/openboard\/formation-continue\/cours-lundi-3-avril-a-emilie-gourd\/\",\"url\":\"https:\/\/edurec.ge.ch\/site\/openboard\/formation-continue\/cours-lundi-3-avril-a-emilie-gourd\/\",\"name\":\"Cours du mardi 11 avril \u00e0 Emilie-Gourd - OpenBoard\",\"isPartOf\":{\"@id\":\"https:\/\/edurec.ge.ch\/site\/openboard\/#website\"},\"primaryImageOfPage\":{\"@id\":\"https:\/\/edurec.ge.ch\/site\/openboard\/formation-continue\/cours-lundi-3-avril-a-emilie-gourd\/#primaryimage\"},\"image\":{\"@id\":\"https:\/\/edurec.ge.ch\/site\/openboard\/formation-continue\/cours-lundi-3-avril-a-emilie-gourd\/#primaryimage\"},\"thumbnailUrl\":\"https:\/\/edurec.ge.ch\/site\/openboard\/wp-content\/uploads\/sites\/139\/2017\/04\/person-explaining-strategy-on-a-board-with-a-sketch.png\",\"datePublished\":\"2017-04-03T08:15:33+00:00\",\"dateModified\":\"2017-04-10T15:24:37+00:00\",\"breadcrumb\":{\"@id\":\"https:\/\/edurec.ge.ch\/site\/openboard\/formation-continue\/cours-lundi-3-avril-a-emilie-gourd\/#breadcrumb\"},\"inLanguage\":\"fr-FR\",\"potentialAction\":[{\"@type\":\"ReadAction\",\"target\":[\"https:\/\/edurec.ge.ch\/site\/openboard\/formation-continue\/cours-lundi-3-avril-a-emilie-gourd\/\"]}]},{\"@type\":\"ImageObject\",\"inLanguage\":\"fr-FR\",\"@id\":\"https:\/\/edurec.ge.ch\/site\/openboard\/formation-continue\/cours-lundi-3-avril-a-emilie-gourd\/#primaryimage\",\"url\":\"https:\/\/edurec.ge.ch\/site\/openboard\/wp-content\/uploads\/sites\/139\/2017\/04\/person-explaining-strategy-on-a-board-with-a-sketch.png\",\"contentUrl\":\"https:\/\/edurec.ge.ch\/site\/openboard\/wp-content\/uploads\/sites\/139\/2017\/04\/person-explaining-strategy-on-a-board-with-a-sketch.png\",\"width\":256,\"height\":256},{\"@type\":\"BreadcrumbList\",\"@id\":\"https:\/\/edurec.ge.ch\/site\/openboard\/formation-continue\/cours-lundi-3-avril-a-emilie-gourd\/#breadcrumb\",\"itemListElement\":[{\"@type\":\"ListItem\",\"position\":1,\"name\":\"Accueil\",\"item\":\"https:\/\/edurec.ge.ch\/site\/openboard\/\"},{\"@type\":\"ListItem\",\"position\":2,\"name\":\"Formation Continue\",\"item\":\"https:\/\/edurec.ge.ch\/site\/openboard\/formation-continue\/\"},{\"@type\":\"ListItem\",\"position\":3,\"name\":\"Cours du mardi 11 avril \u00e0 Emilie-Gourd\"}]},{\"@type\":\"WebSite\",\"@id\":\"https:\/\/edurec.ge.ch\/site\/openboard\/#website\",\"url\":\"https:\/\/edurec.ge.ch\/site\/openboard\/\",\"name\":\"OpenBoard\",\"description\":\"Un syst\u00e8me de projection interactif en classe\",\"potentialAction\":[{\"@type\":\"SearchAction\",\"target\":{\"@type\":\"EntryPoint\",\"urlTemplate\":\"https:\/\/edurec.ge.ch\/site\/openboard\/?s={search_term_string}\"},\"query-input\":{\"@type\":\"PropertyValueSpecification\",\"valueRequired\":true,\"valueName\":\"search_term_string\"}}],\"inLanguage\":\"fr-FR\"}]}<\/script>\n<!-- \/ Yoast SEO plugin. -->","yoast_head_json":{"title":"Cours du mardi 11 avril \u00e0 Emilie-Gourd - OpenBoard","robots":{"index":"index","follow":"follow","max-snippet":"max-snippet:-1","max-image-preview":"max-image-preview:large","max-video-preview":"max-video-preview:-1"},"canonical":"https:\/\/edurec.ge.ch\/site\/openboard\/formation-continue\/cours-lundi-3-avril-a-emilie-gourd\/","og_locale":"fr_FR","og_type":"article","og_title":"Cours du mardi 11 avril \u00e0 Emilie-Gourd - OpenBoard","og_description":"&nbsp; Bonjour \u00e0 tous! Voici le fil rouge de cette demi-journ\u00e9e ainsi que les liens \u00e0 utiliser sans mod\u00e9ration: Introduction Bienvenue Pr\u00e9sentation du programme de la formation Familiarisation avec le site internet OpenBoard Les premiers pas avec un SPI (Syst\u00e8me de Projection Interactif) L&rsquo;entr\u00e9e en classe Se connecter \u00e0 son espace personnel sur l&rsquo;ordinateur Utiliser ... Lire la suite","og_url":"https:\/\/edurec.ge.ch\/site\/openboard\/formation-continue\/cours-lundi-3-avril-a-emilie-gourd\/","og_site_name":"OpenBoard","article_modified_time":"2017-04-10T15:24:37+00:00","og_image":[{"url":"https:\/\/edurec.ge.ch\/site\/openboard\/wp-content\/uploads\/sites\/139\/2017\/04\/person-explaining-strategy-on-a-board-with-a-sketch.png","type":"","width":"","height":""}],"twitter_card":"summary_large_image","twitter_misc":{"Dur\u00e9e de lecture estim\u00e9e":"2 minutes"},"schema":{"@context":"https:\/\/schema.org","@graph":[{"@type":"WebPage","@id":"https:\/\/edurec.ge.ch\/site\/openboard\/formation-continue\/cours-lundi-3-avril-a-emilie-gourd\/","url":"https:\/\/edurec.ge.ch\/site\/openboard\/formation-continue\/cours-lundi-3-avril-a-emilie-gourd\/","name":"Cours du mardi 11 avril \u00e0 Emilie-Gourd - OpenBoard","isPartOf":{"@id":"https:\/\/edurec.ge.ch\/site\/openboard\/#website"},"primaryImageOfPage":{"@id":"https:\/\/edurec.ge.ch\/site\/openboard\/formation-continue\/cours-lundi-3-avril-a-emilie-gourd\/#primaryimage"},"image":{"@id":"https:\/\/edurec.ge.ch\/site\/openboard\/formation-continue\/cours-lundi-3-avril-a-emilie-gourd\/#primaryimage"},"thumbnailUrl":"https:\/\/edurec.ge.ch\/site\/openboard\/wp-content\/uploads\/sites\/139\/2017\/04\/person-explaining-strategy-on-a-board-with-a-sketch.png","datePublished":"2017-04-03T08:15:33+00:00","dateModified":"2017-04-10T15:24:37+00:00","breadcrumb":{"@id":"https:\/\/edurec.ge.ch\/site\/openboard\/formation-continue\/cours-lundi-3-avril-a-emilie-gourd\/#breadcrumb"},"inLanguage":"fr-FR","potentialAction":[{"@type":"ReadAction","target":["https:\/\/edurec.ge.ch\/site\/openboard\/formation-continue\/cours-lundi-3-avril-a-emilie-gourd\/"]}]},{"@type":"ImageObject","inLanguage":"fr-FR","@id":"https:\/\/edurec.ge.ch\/site\/openboard\/formation-continue\/cours-lundi-3-avril-a-emilie-gourd\/#primaryimage","url":"https:\/\/edurec.ge.ch\/site\/openboard\/wp-content\/uploads\/sites\/139\/2017\/04\/person-explaining-strategy-on-a-board-with-a-sketch.png","contentUrl":"https:\/\/edurec.ge.ch\/site\/openboard\/wp-content\/uploads\/sites\/139\/2017\/04\/person-explaining-strategy-on-a-board-with-a-sketch.png","width":256,"height":256},{"@type":"BreadcrumbList","@id":"https:\/\/edurec.ge.ch\/site\/openboard\/formation-continue\/cours-lundi-3-avril-a-emilie-gourd\/#breadcrumb","itemListElement":[{"@type":"ListItem","position":1,"name":"Accueil","item":"https:\/\/edurec.ge.ch\/site\/openboard\/"},{"@type":"ListItem","position":2,"name":"Formation Continue","item":"https:\/\/edurec.ge.ch\/site\/openboard\/formation-continue\/"},{"@type":"ListItem","position":3,"name":"Cours du mardi 11 avril \u00e0 Emilie-Gourd"}]},{"@type":"WebSite","@id":"https:\/\/edurec.ge.ch\/site\/openboard\/#website","url":"https:\/\/edurec.ge.ch\/site\/openboard\/","name":"OpenBoard","description":"Un syst\u00e8me de projection interactif en classe","potentialAction":[{"@type":"SearchAction","target":{"@type":"EntryPoint","urlTemplate":"https:\/\/edurec.ge.ch\/site\/openboard\/?s={search_term_string}"},"query-input":{"@type":"PropertyValueSpecification","valueRequired":true,"valueName":"search_term_string"}}],"inLanguage":"fr-FR"}]}},"_links":{"self":[{"href":"https:\/\/edurec.ge.ch\/site\/openboard\/wp-json\/wp\/v2\/pages\/316","targetHints":{"allow":["GET"]}}],"collection":[{"href":"https:\/\/edurec.ge.ch\/site\/openboard\/wp-json\/wp\/v2\/pages"}],"about":[{"href":"https:\/\/edurec.ge.ch\/site\/openboard\/wp-json\/wp\/v2\/types\/page"}],"author":[{"embeddable":true,"href":"https:\/\/edurec.ge.ch\/site\/openboard\/wp-json\/wp\/v2\/users\/62"}],"replies":[{"embeddable":true,"href":"https:\/\/edurec.ge.ch\/site\/openboard\/wp-json\/wp\/v2\/comments?post=316"}],"version-history":[{"count":10,"href":"https:\/\/edurec.ge.ch\/site\/openboard\/wp-json\/wp\/v2\/pages\/316\/revisions"}],"predecessor-version":[{"id":333,"href":"https:\/\/edurec.ge.ch\/site\/openboard\/wp-json\/wp\/v2\/pages\/316\/revisions\/333"}],"up":[{"embeddable":true,"href":"https:\/\/edurec.ge.ch\/site\/openboard\/wp-json\/wp\/v2\/pages\/50"}],"wp:attachment":[{"href":"https:\/\/edurec.ge.ch\/site\/openboard\/wp-json\/wp\/v2\/media?parent=316"}],"curies":[{"name":"wp","href":"https:\/\/api.w.org\/{rel}","templated":true}]}}