{"id":23,"date":"2016-12-09T15:52:22","date_gmt":"2016-12-09T14:52:22","guid":{"rendered":"https:\/\/edurec.ge.ch\/site\/openboard\/?page_id=23"},"modified":"2017-03-03T12:12:01","modified_gmt":"2017-03-03T11:12:01","slug":"formation-continue-cours-de-base","status":"publish","type":"page","link":"https:\/\/edurec.ge.ch\/site\/openboard\/formation-continue-cours-de-base\/","title":{"rendered":"Formation continue: cours de base"},"content":{"rendered":"<p><img loading=\"lazy\" decoding=\"async\" class=\"alignnone size-medium wp-image-193\" src=\"https:\/\/edurec.ge.ch\/site\/openboard\/wp-content\/uploads\/sites\/139\/2016\/12\/stick-man-300x300.png\" alt=\"stick-man\" width=\"300\" height=\"300\" srcset=\"https:\/\/edurec.ge.ch\/site\/openboard\/wp-content\/uploads\/sites\/139\/2016\/12\/stick-man-300x300.png 300w, https:\/\/edurec.ge.ch\/site\/openboard\/wp-content\/uploads\/sites\/139\/2016\/12\/stick-man-150x150.png 150w, https:\/\/edurec.ge.ch\/site\/openboard\/wp-content\/uploads\/sites\/139\/2016\/12\/stick-man.png 512w\" sizes=\"auto, (max-width: 300px) 100vw, 300px\" \/><\/p>\n<p><strong>Bonjour \u00e0 tous! <\/strong><em>Pour que nous puissions facilement nous en sortir pendant le programme des activit\u00e9s de la journ\u00e9e ainsi que et de liens \u00e0 utiliser sans mod\u00e9ration:<\/em><\/p>\n<h2><span style=\"color: #e04433\">Introduction<\/span><\/h2>\n<ul>\n<li>Bienvenue<\/li>\n<li>Pr\u00e9sentation du programme de la formation<\/li>\n<li>Familiarisation avec le site internet <em>OpenBoard<\/em><\/li>\n<\/ul>\n<h2 style=\"text-align: left\"><span style=\"color: #e04433\">Ce qui peut ou va changer dans votre pratique<\/span><strong><br \/>\n<\/strong><\/h2>\n<ul>\n<li><strong><a href=\"https:\/\/edurec.ge.ch\/site\/openboard\/prise-en-main\/lentree-en-classe\/\" target=\"_blank\">L&rsquo;entr\u00e9e en classe<\/a><\/strong><\/li>\n<li>Un acc\u00e8s \u00e0 l&rsquo;Internet<\/li>\n<li>Des outils multim\u00e9dias \u00e0 disposition (audio, vid\u00e9o, texte, etc.)<\/li>\n<li>Toute une s\u00e9rie de logiciels \u00e0 disposition<\/li>\n<\/ul>\n<h2><span style=\"color: #e04433\">Les premiers pas avec un SPI<\/span><\/h2>\n<ul>\n<li><a href=\"https:\/\/www.youtube.com\/watch?v=rPWKbdQn52o\" target=\"_blank\"><strong>Se connecter \u00e0 son espace personnel<\/strong><\/a> sur l&rsquo;ordinateur<\/li>\n<li><strong><a href=\"https:\/\/edurec.ge.ch\/site\/openboard\/utiliser-disque-personnel\/\" target=\"_blank\">Utiliser les serveurs de l&rsquo;\u00e9cole <\/a><\/strong>pour avoir acc\u00e8s \u00e0 ses documents d&rsquo;une salle \u00e0 une autre, pour collaborer avec ses coll\u00e8gues et travailler avec les \u00e9l\u00e8ves. De plus amples explications ici: <strong><a href=\"https:\/\/edurec.ge.ch\/site\/openboard\/wp-content\/uploads\/sites\/139\/2016\/12\/serveurs-de-l\u00e9cole.pdf\">serveurs de l&rsquo;\u00e9cole<\/a><\/strong><\/li>\n<li><a href=\"https:\/\/edurec.ge.ch\/site\/openboard\/utiliser-le-stylet\/\" target=\"_blank\"><strong>Prise en main de la souris et du stylet<\/strong><\/a> avec un SPI<\/li>\n<li>Prise en main de la t\u00e9l\u00e9commande du projecteur. De plus amples explications ici: <strong><a href=\"https:\/\/edurec.ge.ch\/site\/openboard\/wp-content\/uploads\/sites\/139\/2016\/12\/t\u00e9l\u00e9commande.pdf\">t\u00e9l\u00e9commande<\/a><\/strong><\/li>\n<li>G\u00e9rer l&rsquo;\u00e9cran \u00e9tendu<\/li>\n<\/ul>\n<h2><span style=\"color: #e04433\">Les premiers pas avec OpenBoard<\/span><\/h2>\n<ul>\n<li>Passer d&rsquo;un r\u00e9troprojecteur \u00e0 OpenBoard: <a href=\"https:\/\/www.youtube.com\/watch?v=8JLd0n6EuJU&amp;t=4s\" target=\"_blank\"><strong>vid\u00e9o de comparaison<\/strong><\/a>.<\/li>\n<li>Quel type de fichier utiliser et comment les cr\u00e9er?\n<ul>\n<li>Cr\u00e9ation de PDF avec OpenOffice, Word, Pages ou via le navigateur Internet. <a href=\"https:\/\/edurec.ge.ch\/site\/openboard\/preparer-ses-documents\/\" target=\"_blank\"><strong>Tutoriel en ligne.<\/strong><\/a><\/li>\n<li>Num\u00e9riser des documents avec un mopieur (photocopie de l&rsquo;\u00e9cole). <a href=\"https:\/\/youtu.be\/OJ9KQNE0eyM?list=PLziC9ALSenVue_5D7ZR33c5l6xHTMQgLK\" target=\"_blank\"><strong>Tutoriel en ligne<\/strong><\/a>.<\/li>\n<\/ul>\n<\/li>\n<li>Les gestes de base avec OpenBoard. Vous retrouverez tous les gestes de base dans les 3 vid\u00e9os de <a href=\"https:\/\/edurec.ge.ch\/site\/openboard\/gestes-de-base\/\" target=\"_blank\"><strong>cette s\u00e9rie de tutoriels<\/strong><\/a>.<\/li>\n<\/ul>\n<h2><span style=\"color: #e04433\">Premi\u00e8re s\u00e9rie d&rsquo;exercices<\/span><\/h2>\n<ul>\n<li>Pour vous habituer aux diff\u00e9rentes fonctionnalit\u00e9s d&rsquo;OpenBoard, vous pouvez ouvrir ce fichier:\u00a0<strong><a href=\"https:\/\/edurec.ge.ch\/site\/openboard\/wp-content\/uploads\/sites\/139\/2016\/12\/activit\u00e9s_1-1.odt\">activit\u00e9s_1<\/a><\/strong> et faire les activit\u00e9s qui s&rsquo;y trouvent.<\/li>\n<\/ul>\n<h2><span style=\"color: #e04433\">Aller plus loin avec OpenBoard<\/span><\/h2>\n<ul>\n<li>Int\u00e9ragir entre OpenBoard et le reste du syst\u00e8me. <a href=\"https:\/\/edurec.ge.ch\/site\/openboard\/interagir-entre-openboard-reste-systeme\/\" target=\"_blank\"><strong>Tutoriel en ligne<\/strong><\/a>.<\/li>\n<li>G\u00e9rer ses documents entre la maison et l&rsquo;\u00e9cole. <a href=\"https:\/\/edurec.ge.ch\/site\/openboard\/gerer-documents-classes\/\" target=\"_blank\"><strong>Tutoriel en ligne<\/strong><\/a>.\n<ul>\n<li><strong><a href=\"https:\/\/edurec.ge.ch\/site\/openboard\/utiliser-cle-usb\/\" target=\"_blank\">Avec une cl\u00e9 USB<\/a><\/strong><\/li>\n<li><a href=\"https:\/\/edurec.ge.ch\/site\/openboard\/utiliser-un-cloud\/\" target=\"_blank\"><strong>Avec le cloud<\/strong><\/a><\/li>\n<\/ul>\n<\/li>\n<li><a href=\"https:\/\/edurec.ge.ch\/site\/openboard\/faire-captures-decran\/\" target=\"_blank\"><strong>Faire des captures d&rsquo;\u00e9cran<\/strong><\/a> (de films, d&rsquo;internet, du bureau, etc.) et les annoter<\/li>\n<li>G\u00e9rer ses classes et faire le suivi d&rsquo;une semaine \u00e0 l&rsquo;autre. <a href=\"https:\/\/edurec.ge.ch\/site\/openboard\/gerer-documents-classes\/\" target=\"_blank\"><strong>Tutoriel en ligne<\/strong><\/a>.<\/li>\n<\/ul>\n<h2><span style=\"color: #e04433\">Deuxi\u00e8me et troisi\u00e8me s\u00e9rie d&rsquo;exercices<\/span><\/h2>\n<ul>\n<li>Pour vous habituer aux diff\u00e9rentes fonctionnalit\u00e9s d&rsquo;OpenBoard, vous pouvez ouvrir ce fichier:\u00a0<strong><a href=\"https:\/\/edurec.ge.ch\/site\/openboard\/wp-content\/uploads\/sites\/139\/2016\/12\/activit\u00e9s_2.odt\">activit\u00e9s_2<\/a> <\/strong>et faire les activit\u00e9s qui s&rsquo;y trouvent.<\/li>\n<li>Une fois les activit\u00e9s termin\u00e9es, vous pouvez continuer avec celles-ci: <strong><a href=\"https:\/\/edurec.ge.ch\/site\/openboard\/wp-content\/uploads\/sites\/139\/2016\/12\/activit\u00e9s_3.odt\">activit\u00e9s_3<\/a><\/strong><\/li>\n<\/ul>\n<h2><span style=\"color: #e04433\">Conclusion<\/span><\/h2>\n<ul>\n<li>Derni\u00e8re chose avant de partir, nous vous demandons de remplir <a href=\"http:\/\/bdp.ge.ch\/form\/\" target=\"_blank\"><strong>le questionnaire<\/strong><\/a> relatif \u00e0 l&rsquo;\u00e9valuation de la formation que vous avez suivie.<\/li>\n<\/ul>\n","protected":false},"excerpt":{"rendered":"<p>Bonjour \u00e0 tous! Pour que nous puissions facilement nous en sortir pendant le programme des activit\u00e9s de la journ\u00e9e ainsi que et de liens \u00e0 utiliser sans mod\u00e9ration: Introduction Bienvenue Pr\u00e9sentation du programme de la formation Familiarisation avec le site internet OpenBoard Ce qui peut ou va changer dans votre pratique L&rsquo;entr\u00e9e en classe Un &#8230; <a title=\"Formation continue: cours de base\" class=\"read-more\" href=\"https:\/\/edurec.ge.ch\/site\/openboard\/formation-continue-cours-de-base\/\" aria-label=\"En savoir plus sur Formation continue: cours de base\">Lire la suite<\/a><\/p>\n","protected":false},"author":24,"featured_media":0,"parent":0,"menu_order":0,"comment_status":"closed","ping_status":"closed","template":"","meta":{"footnotes":""},"class_list":["post-23","page","type-page","status-publish"],"yoast_head":"<!-- This site is optimized with the Yoast SEO plugin v26.4 - https:\/\/yoast.com\/wordpress\/plugins\/seo\/ -->\n<title>Formation continue: cours de base - OpenBoard<\/title>\n<meta name=\"robots\" content=\"index, follow, max-snippet:-1, max-image-preview:large, max-video-preview:-1\" \/>\n<link rel=\"canonical\" href=\"https:\/\/edurec.ge.ch\/site\/openboard\/formation-continue-cours-de-base\/\" \/>\n<meta property=\"og:locale\" content=\"fr_FR\" \/>\n<meta property=\"og:type\" content=\"article\" \/>\n<meta property=\"og:title\" content=\"Formation continue: cours de base - OpenBoard\" \/>\n<meta property=\"og:description\" content=\"Bonjour \u00e0 tous! Pour que nous puissions facilement nous en sortir pendant le programme des activit\u00e9s de la journ\u00e9e ainsi que et de liens \u00e0 utiliser sans mod\u00e9ration: Introduction Bienvenue Pr\u00e9sentation du programme de la formation Familiarisation avec le site internet OpenBoard Ce qui peut ou va changer dans votre pratique L&rsquo;entr\u00e9e en classe Un ... Lire la suite\" \/>\n<meta property=\"og:url\" content=\"https:\/\/edurec.ge.ch\/site\/openboard\/formation-continue-cours-de-base\/\" \/>\n<meta property=\"og:site_name\" content=\"OpenBoard\" \/>\n<meta property=\"article:modified_time\" content=\"2017-03-03T11:12:01+00:00\" \/>\n<meta property=\"og:image\" content=\"https:\/\/edurec.ge.ch\/site\/openboard\/wp-content\/uploads\/sites\/139\/2016\/12\/stick-man-300x300.png\" \/>\n<meta name=\"twitter:card\" content=\"summary_large_image\" \/>\n<meta name=\"twitter:label1\" content=\"Dur\u00e9e de lecture estim\u00e9e\" \/>\n\t<meta name=\"twitter:data1\" content=\"2 minutes\" \/>\n<script type=\"application\/ld+json\" class=\"yoast-schema-graph\">{\"@context\":\"https:\/\/schema.org\",\"@graph\":[{\"@type\":\"WebPage\",\"@id\":\"https:\/\/edurec.ge.ch\/site\/openboard\/formation-continue-cours-de-base\/\",\"url\":\"https:\/\/edurec.ge.ch\/site\/openboard\/formation-continue-cours-de-base\/\",\"name\":\"Formation continue: cours de base - OpenBoard\",\"isPartOf\":{\"@id\":\"https:\/\/edurec.ge.ch\/site\/openboard\/#website\"},\"primaryImageOfPage\":{\"@id\":\"https:\/\/edurec.ge.ch\/site\/openboard\/formation-continue-cours-de-base\/#primaryimage\"},\"image\":{\"@id\":\"https:\/\/edurec.ge.ch\/site\/openboard\/formation-continue-cours-de-base\/#primaryimage\"},\"thumbnailUrl\":\"https:\/\/edurec.ge.ch\/site\/openboard\/wp-content\/uploads\/sites\/139\/2016\/12\/stick-man-300x300.png\",\"datePublished\":\"2016-12-09T14:52:22+00:00\",\"dateModified\":\"2017-03-03T11:12:01+00:00\",\"breadcrumb\":{\"@id\":\"https:\/\/edurec.ge.ch\/site\/openboard\/formation-continue-cours-de-base\/#breadcrumb\"},\"inLanguage\":\"fr-FR\",\"potentialAction\":[{\"@type\":\"ReadAction\",\"target\":[\"https:\/\/edurec.ge.ch\/site\/openboard\/formation-continue-cours-de-base\/\"]}]},{\"@type\":\"ImageObject\",\"inLanguage\":\"fr-FR\",\"@id\":\"https:\/\/edurec.ge.ch\/site\/openboard\/formation-continue-cours-de-base\/#primaryimage\",\"url\":\"https:\/\/edurec.ge.ch\/site\/openboard\/wp-content\/uploads\/sites\/139\/2016\/12\/stick-man.png\",\"contentUrl\":\"https:\/\/edurec.ge.ch\/site\/openboard\/wp-content\/uploads\/sites\/139\/2016\/12\/stick-man.png\",\"width\":512,\"height\":512},{\"@type\":\"BreadcrumbList\",\"@id\":\"https:\/\/edurec.ge.ch\/site\/openboard\/formation-continue-cours-de-base\/#breadcrumb\",\"itemListElement\":[{\"@type\":\"ListItem\",\"position\":1,\"name\":\"Accueil\",\"item\":\"https:\/\/edurec.ge.ch\/site\/openboard\/\"},{\"@type\":\"ListItem\",\"position\":2,\"name\":\"Formation continue: cours de base\"}]},{\"@type\":\"WebSite\",\"@id\":\"https:\/\/edurec.ge.ch\/site\/openboard\/#website\",\"url\":\"https:\/\/edurec.ge.ch\/site\/openboard\/\",\"name\":\"OpenBoard\",\"description\":\"Un syst\u00e8me de projection interactif en classe\",\"potentialAction\":[{\"@type\":\"SearchAction\",\"target\":{\"@type\":\"EntryPoint\",\"urlTemplate\":\"https:\/\/edurec.ge.ch\/site\/openboard\/?s={search_term_string}\"},\"query-input\":{\"@type\":\"PropertyValueSpecification\",\"valueRequired\":true,\"valueName\":\"search_term_string\"}}],\"inLanguage\":\"fr-FR\"}]}<\/script>\n<!-- \/ Yoast SEO plugin. -->","yoast_head_json":{"title":"Formation continue: cours de base - OpenBoard","robots":{"index":"index","follow":"follow","max-snippet":"max-snippet:-1","max-image-preview":"max-image-preview:large","max-video-preview":"max-video-preview:-1"},"canonical":"https:\/\/edurec.ge.ch\/site\/openboard\/formation-continue-cours-de-base\/","og_locale":"fr_FR","og_type":"article","og_title":"Formation continue: cours de base - OpenBoard","og_description":"Bonjour \u00e0 tous! Pour que nous puissions facilement nous en sortir pendant le programme des activit\u00e9s de la journ\u00e9e ainsi que et de liens \u00e0 utiliser sans mod\u00e9ration: Introduction Bienvenue Pr\u00e9sentation du programme de la formation Familiarisation avec le site internet OpenBoard Ce qui peut ou va changer dans votre pratique L&rsquo;entr\u00e9e en classe Un ... Lire la suite","og_url":"https:\/\/edurec.ge.ch\/site\/openboard\/formation-continue-cours-de-base\/","og_site_name":"OpenBoard","article_modified_time":"2017-03-03T11:12:01+00:00","og_image":[{"url":"https:\/\/edurec.ge.ch\/site\/openboard\/wp-content\/uploads\/sites\/139\/2016\/12\/stick-man-300x300.png","type":"","width":"","height":""}],"twitter_card":"summary_large_image","twitter_misc":{"Dur\u00e9e de lecture estim\u00e9e":"2 minutes"},"schema":{"@context":"https:\/\/schema.org","@graph":[{"@type":"WebPage","@id":"https:\/\/edurec.ge.ch\/site\/openboard\/formation-continue-cours-de-base\/","url":"https:\/\/edurec.ge.ch\/site\/openboard\/formation-continue-cours-de-base\/","name":"Formation continue: cours de base - OpenBoard","isPartOf":{"@id":"https:\/\/edurec.ge.ch\/site\/openboard\/#website"},"primaryImageOfPage":{"@id":"https:\/\/edurec.ge.ch\/site\/openboard\/formation-continue-cours-de-base\/#primaryimage"},"image":{"@id":"https:\/\/edurec.ge.ch\/site\/openboard\/formation-continue-cours-de-base\/#primaryimage"},"thumbnailUrl":"https:\/\/edurec.ge.ch\/site\/openboard\/wp-content\/uploads\/sites\/139\/2016\/12\/stick-man-300x300.png","datePublished":"2016-12-09T14:52:22+00:00","dateModified":"2017-03-03T11:12:01+00:00","breadcrumb":{"@id":"https:\/\/edurec.ge.ch\/site\/openboard\/formation-continue-cours-de-base\/#breadcrumb"},"inLanguage":"fr-FR","potentialAction":[{"@type":"ReadAction","target":["https:\/\/edurec.ge.ch\/site\/openboard\/formation-continue-cours-de-base\/"]}]},{"@type":"ImageObject","inLanguage":"fr-FR","@id":"https:\/\/edurec.ge.ch\/site\/openboard\/formation-continue-cours-de-base\/#primaryimage","url":"https:\/\/edurec.ge.ch\/site\/openboard\/wp-content\/uploads\/sites\/139\/2016\/12\/stick-man.png","contentUrl":"https:\/\/edurec.ge.ch\/site\/openboard\/wp-content\/uploads\/sites\/139\/2016\/12\/stick-man.png","width":512,"height":512},{"@type":"BreadcrumbList","@id":"https:\/\/edurec.ge.ch\/site\/openboard\/formation-continue-cours-de-base\/#breadcrumb","itemListElement":[{"@type":"ListItem","position":1,"name":"Accueil","item":"https:\/\/edurec.ge.ch\/site\/openboard\/"},{"@type":"ListItem","position":2,"name":"Formation continue: cours de base"}]},{"@type":"WebSite","@id":"https:\/\/edurec.ge.ch\/site\/openboard\/#website","url":"https:\/\/edurec.ge.ch\/site\/openboard\/","name":"OpenBoard","description":"Un syst\u00e8me de projection interactif en classe","potentialAction":[{"@type":"SearchAction","target":{"@type":"EntryPoint","urlTemplate":"https:\/\/edurec.ge.ch\/site\/openboard\/?s={search_term_string}"},"query-input":{"@type":"PropertyValueSpecification","valueRequired":true,"valueName":"search_term_string"}}],"inLanguage":"fr-FR"}]}},"_links":{"self":[{"href":"https:\/\/edurec.ge.ch\/site\/openboard\/wp-json\/wp\/v2\/pages\/23","targetHints":{"allow":["GET"]}}],"collection":[{"href":"https:\/\/edurec.ge.ch\/site\/openboard\/wp-json\/wp\/v2\/pages"}],"about":[{"href":"https:\/\/edurec.ge.ch\/site\/openboard\/wp-json\/wp\/v2\/types\/page"}],"author":[{"embeddable":true,"href":"https:\/\/edurec.ge.ch\/site\/openboard\/wp-json\/wp\/v2\/users\/24"}],"replies":[{"embeddable":true,"href":"https:\/\/edurec.ge.ch\/site\/openboard\/wp-json\/wp\/v2\/comments?post=23"}],"version-history":[{"count":27,"href":"https:\/\/edurec.ge.ch\/site\/openboard\/wp-json\/wp\/v2\/pages\/23\/revisions"}],"predecessor-version":[{"id":287,"href":"https:\/\/edurec.ge.ch\/site\/openboard\/wp-json\/wp\/v2\/pages\/23\/revisions\/287"}],"wp:attachment":[{"href":"https:\/\/edurec.ge.ch\/site\/openboard\/wp-json\/wp\/v2\/media?parent=23"}],"curies":[{"name":"wp","href":"https:\/\/api.w.org\/{rel}","templated":true}]}}