{"id":209,"date":"2017-01-31T09:41:42","date_gmt":"2017-01-31T08:41:42","guid":{"rendered":"https:\/\/edurec.ge.ch\/site\/openboard\/?page_id=209"},"modified":"2017-02-01T20:40:01","modified_gmt":"2017-02-01T19:40:01","slug":"et-encore","status":"publish","type":"page","link":"https:\/\/edurec.ge.ch\/site\/openboard\/et-encore\/","title":{"rendered":"Et encore&#8230;"},"content":{"rendered":"<div id=\"pl-209\"  class=\"panel-layout\" ><div id=\"pg-209-0\"  class=\"panel-grid panel-no-style\" ><div id=\"pgc-209-0-0\"  class=\"panel-grid-cell\" ><div id=\"panel-209-0-0-0\" class=\"so-panel widget widget_sow-editor panel-first-child panel-last-child\" data-index=\"0\" ><div\n\t\t\t\n\t\t\tclass=\"so-widget-sow-editor so-widget-sow-editor-base\"\n\t\t\t\n\t\t>\n<div class=\"siteorigin-widget-tinymce textwidget\">\n\t<p><img loading=\"lazy\" decoding=\"async\" class=\"alignnone size-medium wp-image-210\" src=\"https:\/\/edurec.ge.ch\/site\/openboard\/wp-content\/uploads\/sites\/139\/2017\/01\/add-300x300.png\" alt=\"add\" width=\"300\" height=\"300\" srcset=\"https:\/\/edurec.ge.ch\/site\/openboard\/wp-content\/uploads\/sites\/139\/2017\/01\/add-300x300.png 300w, https:\/\/edurec.ge.ch\/site\/openboard\/wp-content\/uploads\/sites\/139\/2017\/01\/add-150x150.png 150w, https:\/\/edurec.ge.ch\/site\/openboard\/wp-content\/uploads\/sites\/139\/2017\/01\/add.png 512w\" sizes=\"auto, (max-width: 300px) 100vw, 300px\" \/><\/p>\n<p>Dans cette section vous trouverez de nombreuses autres informations concernant non seulement OpenBoard mais \u00e9galement des outils et des utilisations li\u00e9es \u00e0 un SPI.<\/p>\n<\/div>\n<\/div><\/div><\/div><\/div><div id=\"pg-209-1\"  class=\"panel-grid panel-no-style\" ><div id=\"pgc-209-1-0\"  class=\"panel-grid-cell\" ><div id=\"panel-209-1-0-0\" class=\"so-panel widget panel-first-child panel-last-child\" data-index=\"1\" ><\/div><\/div><div id=\"pgc-209-1-1\"  class=\"panel-grid-cell\" ><div id=\"panel-209-1-1-0\" class=\"so-panel widget panel-first-child panel-last-child\" data-index=\"2\" ><\/div><\/div><\/div><div id=\"pg-209-2\"  class=\"panel-grid panel-no-style\" ><div id=\"pgc-209-2-0\"  class=\"panel-grid-cell\" ><div id=\"panel-209-2-0-0\" class=\"so-panel widget panel-first-child panel-last-child\" data-index=\"3\" ><\/div><\/div><div id=\"pgc-209-2-1\"  class=\"panel-grid-cell\" ><div id=\"panel-209-2-1-0\" class=\"so-panel widget panel-first-child panel-last-child\" data-index=\"4\" ><\/div><\/div><\/div><div id=\"pg-209-3\"  class=\"panel-grid panel-no-style\" ><div id=\"pgc-209-3-0\"  class=\"panel-grid-cell\" ><div id=\"panel-209-3-0-0\" class=\"so-panel widget panel-first-child panel-last-child\" data-index=\"5\" ><\/div><\/div><div id=\"pgc-209-3-1\"  class=\"panel-grid-cell\" ><div id=\"panel-209-3-1-0\" class=\"so-panel widget panel-first-child panel-last-child\" data-index=\"6\" ><\/div><\/div><\/div><div id=\"pg-209-4\"  class=\"panel-grid panel-no-style\" ><div id=\"pgc-209-4-0\"  class=\"panel-grid-cell\" ><div id=\"panel-209-4-0-0\" class=\"so-panel widget panel-first-child panel-last-child\" data-index=\"7\" ><\/div><\/div><div id=\"pgc-209-4-1\"  class=\"panel-grid-cell\" ><div id=\"panel-209-4-1-0\" class=\"so-panel widget panel-first-child panel-last-child\" data-index=\"8\" ><\/div><\/div><\/div><div id=\"pg-209-5\"  class=\"panel-grid panel-no-style\" ><div id=\"pgc-209-5-0\"  class=\"panel-grid-cell\" ><div id=\"panel-209-5-0-0\" class=\"so-panel widget panel-first-child panel-last-child\" data-index=\"9\" ><\/div><\/div><div id=\"pgc-209-5-1\"  class=\"panel-grid-cell\" ><div id=\"panel-209-5-1-0\" class=\"so-panel widget panel-first-child panel-last-child\" data-index=\"10\" ><\/div><\/div><\/div><div id=\"pg-209-6\"  class=\"panel-grid panel-no-style\" ><div id=\"pgc-209-6-0\"  class=\"panel-grid-cell\" ><div id=\"panel-209-6-0-0\" class=\"so-panel widget panel-first-child panel-last-child\" data-index=\"11\" ><\/div><\/div><div id=\"pgc-209-6-1\"  class=\"panel-grid-cell\" ><div id=\"panel-209-6-1-0\" class=\"so-panel widget panel-first-child panel-last-child\" data-index=\"12\" ><\/div><\/div><\/div><div id=\"pg-209-7\"  class=\"panel-grid panel-no-style\" ><div id=\"pgc-209-7-0\"  class=\"panel-grid-cell\" ><div id=\"panel-209-7-0-0\" class=\"so-panel widget panel-first-child panel-last-child\" data-index=\"13\" ><\/div><\/div><div id=\"pgc-209-7-1\"  class=\"panel-grid-cell\" ><div id=\"panel-209-7-1-0\" class=\"so-panel widget panel-first-child panel-last-child\" data-index=\"14\" ><\/div><\/div><\/div><div id=\"pg-209-8\"  class=\"panel-grid panel-no-style\" ><div id=\"pgc-209-8-0\"  class=\"panel-grid-cell\" ><div id=\"panel-209-8-0-0\" class=\"so-panel widget panel-first-child panel-last-child\" data-index=\"15\" ><\/div><\/div><div id=\"pgc-209-8-1\"  class=\"panel-grid-cell\" ><div id=\"panel-209-8-1-0\" class=\"so-panel widget panel-first-child panel-last-child\" data-index=\"16\" ><\/div><\/div><\/div><div id=\"pg-209-9\"  class=\"panel-grid panel-no-style\" ><div id=\"pgc-209-9-0\"  class=\"panel-grid-cell\" ><div id=\"panel-209-9-0-0\" class=\"so-panel widget panel-first-child panel-last-child\" data-index=\"17\" ><\/div><\/div><div id=\"pgc-209-9-1\"  class=\"panel-grid-cell\" ><div id=\"panel-209-9-1-0\" class=\"so-panel widget panel-first-child panel-last-child\" data-index=\"18\" ><\/div><\/div><\/div><div id=\"pg-209-10\"  class=\"panel-grid panel-no-style\" ><div id=\"pgc-209-10-0\"  class=\"panel-grid-cell\" ><div id=\"panel-209-10-0-0\" class=\"so-panel widget panel-first-child panel-last-child\" data-index=\"19\" ><\/div><\/div><div id=\"pgc-209-10-1\"  class=\"panel-grid-cell\" ><div id=\"panel-209-10-1-0\" class=\"so-panel widget panel-first-child panel-last-child\" data-index=\"20\" ><\/div><\/div><\/div><\/div>","protected":false},"excerpt":{"rendered":"<p>Dans cette section vous trouverez de nombreuses autres informations concernant non seulement OpenBoard mais \u00e9galement des outils et des utilisations li\u00e9es \u00e0 un SPI. En suivant ce lien vous trouverez un exemple d&rsquo;usage du SPI, compl\u00e9t\u00e9 d&rsquo;un interview et d&rsquo;un survol des diff\u00e9rents outils disponible<\/p>\n","protected":false},"author":24,"featured_media":0,"parent":0,"menu_order":0,"comment_status":"closed","ping_status":"closed","template":"","meta":{"footnotes":""},"class_list":["post-209","page","type-page","status-publish"],"yoast_head":"<!-- This site is optimized with the Yoast SEO plugin v26.4 - https:\/\/yoast.com\/wordpress\/plugins\/seo\/ -->\n<title>Et encore... - OpenBoard<\/title>\n<meta name=\"robots\" content=\"index, follow, max-snippet:-1, max-image-preview:large, max-video-preview:-1\" \/>\n<link rel=\"canonical\" href=\"https:\/\/edurec.ge.ch\/site\/openboard\/et-encore\/\" \/>\n<meta property=\"og:locale\" content=\"fr_FR\" \/>\n<meta property=\"og:type\" content=\"article\" \/>\n<meta property=\"og:title\" content=\"Et encore... - OpenBoard\" \/>\n<meta property=\"og:description\" content=\"Dans cette section vous trouverez de nombreuses autres informations concernant non seulement OpenBoard mais \u00e9galement des outils et des utilisations li\u00e9es \u00e0 un SPI. En suivant ce lien vous trouverez un exemple d&#039;usage du SPI, compl\u00e9t\u00e9 d&#039;un interview et d&#039;un survol des diff\u00e9rents outils disponible\" \/>\n<meta property=\"og:url\" content=\"https:\/\/edurec.ge.ch\/site\/openboard\/et-encore\/\" \/>\n<meta property=\"og:site_name\" content=\"OpenBoard\" \/>\n<meta property=\"article:modified_time\" content=\"2017-02-01T19:40:01+00:00\" \/>\n<meta property=\"og:image\" content=\"https:\/\/edurec.ge.ch\/site\/openboard\/wp-content\/uploads\/sites\/139\/2017\/01\/add-300x300.png\" \/>\n<meta name=\"twitter:card\" content=\"summary_large_image\" \/>\n<meta name=\"twitter:label1\" content=\"Dur\u00e9e de lecture estim\u00e9e\" \/>\n\t<meta name=\"twitter:data1\" content=\"3 minutes\" \/>\n<script type=\"application\/ld+json\" class=\"yoast-schema-graph\">{\"@context\":\"https:\/\/schema.org\",\"@graph\":[{\"@type\":\"WebPage\",\"@id\":\"https:\/\/edurec.ge.ch\/site\/openboard\/et-encore\/\",\"url\":\"https:\/\/edurec.ge.ch\/site\/openboard\/et-encore\/\",\"name\":\"Et encore... - OpenBoard\",\"isPartOf\":{\"@id\":\"https:\/\/edurec.ge.ch\/site\/openboard\/#website\"},\"primaryImageOfPage\":{\"@id\":\"https:\/\/edurec.ge.ch\/site\/openboard\/et-encore\/#primaryimage\"},\"image\":{\"@id\":\"https:\/\/edurec.ge.ch\/site\/openboard\/et-encore\/#primaryimage\"},\"thumbnailUrl\":\"https:\/\/edurec.ge.ch\/site\/openboard\/wp-content\/uploads\/sites\/139\/2017\/01\/add-300x300.png\",\"datePublished\":\"2017-01-31T08:41:42+00:00\",\"dateModified\":\"2017-02-01T19:40:01+00:00\",\"breadcrumb\":{\"@id\":\"https:\/\/edurec.ge.ch\/site\/openboard\/et-encore\/#breadcrumb\"},\"inLanguage\":\"fr-FR\",\"potentialAction\":[{\"@type\":\"ReadAction\",\"target\":[\"https:\/\/edurec.ge.ch\/site\/openboard\/et-encore\/\"]}]},{\"@type\":\"ImageObject\",\"inLanguage\":\"fr-FR\",\"@id\":\"https:\/\/edurec.ge.ch\/site\/openboard\/et-encore\/#primaryimage\",\"url\":\"https:\/\/edurec.ge.ch\/site\/openboard\/wp-content\/uploads\/sites\/139\/2017\/01\/add.png\",\"contentUrl\":\"https:\/\/edurec.ge.ch\/site\/openboard\/wp-content\/uploads\/sites\/139\/2017\/01\/add.png\",\"width\":512,\"height\":512},{\"@type\":\"BreadcrumbList\",\"@id\":\"https:\/\/edurec.ge.ch\/site\/openboard\/et-encore\/#breadcrumb\",\"itemListElement\":[{\"@type\":\"ListItem\",\"position\":1,\"name\":\"Accueil\",\"item\":\"https:\/\/edurec.ge.ch\/site\/openboard\/\"},{\"@type\":\"ListItem\",\"position\":2,\"name\":\"Et encore&#8230;\"}]},{\"@type\":\"WebSite\",\"@id\":\"https:\/\/edurec.ge.ch\/site\/openboard\/#website\",\"url\":\"https:\/\/edurec.ge.ch\/site\/openboard\/\",\"name\":\"OpenBoard\",\"description\":\"Un syst\u00e8me de projection interactif en classe\",\"potentialAction\":[{\"@type\":\"SearchAction\",\"target\":{\"@type\":\"EntryPoint\",\"urlTemplate\":\"https:\/\/edurec.ge.ch\/site\/openboard\/?s={search_term_string}\"},\"query-input\":{\"@type\":\"PropertyValueSpecification\",\"valueRequired\":true,\"valueName\":\"search_term_string\"}}],\"inLanguage\":\"fr-FR\"}]}<\/script>\n<!-- \/ Yoast SEO plugin. -->","yoast_head_json":{"title":"Et encore... - OpenBoard","robots":{"index":"index","follow":"follow","max-snippet":"max-snippet:-1","max-image-preview":"max-image-preview:large","max-video-preview":"max-video-preview:-1"},"canonical":"https:\/\/edurec.ge.ch\/site\/openboard\/et-encore\/","og_locale":"fr_FR","og_type":"article","og_title":"Et encore... - OpenBoard","og_description":"Dans cette section vous trouverez de nombreuses autres informations concernant non seulement OpenBoard mais \u00e9galement des outils et des utilisations li\u00e9es \u00e0 un SPI. En suivant ce lien vous trouverez un exemple d'usage du SPI, compl\u00e9t\u00e9 d'un interview et d'un survol des diff\u00e9rents outils disponible","og_url":"https:\/\/edurec.ge.ch\/site\/openboard\/et-encore\/","og_site_name":"OpenBoard","article_modified_time":"2017-02-01T19:40:01+00:00","og_image":[{"url":"https:\/\/edurec.ge.ch\/site\/openboard\/wp-content\/uploads\/sites\/139\/2017\/01\/add-300x300.png","type":"","width":"","height":""}],"twitter_card":"summary_large_image","twitter_misc":{"Dur\u00e9e de lecture estim\u00e9e":"3 minutes"},"schema":{"@context":"https:\/\/schema.org","@graph":[{"@type":"WebPage","@id":"https:\/\/edurec.ge.ch\/site\/openboard\/et-encore\/","url":"https:\/\/edurec.ge.ch\/site\/openboard\/et-encore\/","name":"Et encore... - OpenBoard","isPartOf":{"@id":"https:\/\/edurec.ge.ch\/site\/openboard\/#website"},"primaryImageOfPage":{"@id":"https:\/\/edurec.ge.ch\/site\/openboard\/et-encore\/#primaryimage"},"image":{"@id":"https:\/\/edurec.ge.ch\/site\/openboard\/et-encore\/#primaryimage"},"thumbnailUrl":"https:\/\/edurec.ge.ch\/site\/openboard\/wp-content\/uploads\/sites\/139\/2017\/01\/add-300x300.png","datePublished":"2017-01-31T08:41:42+00:00","dateModified":"2017-02-01T19:40:01+00:00","breadcrumb":{"@id":"https:\/\/edurec.ge.ch\/site\/openboard\/et-encore\/#breadcrumb"},"inLanguage":"fr-FR","potentialAction":[{"@type":"ReadAction","target":["https:\/\/edurec.ge.ch\/site\/openboard\/et-encore\/"]}]},{"@type":"ImageObject","inLanguage":"fr-FR","@id":"https:\/\/edurec.ge.ch\/site\/openboard\/et-encore\/#primaryimage","url":"https:\/\/edurec.ge.ch\/site\/openboard\/wp-content\/uploads\/sites\/139\/2017\/01\/add.png","contentUrl":"https:\/\/edurec.ge.ch\/site\/openboard\/wp-content\/uploads\/sites\/139\/2017\/01\/add.png","width":512,"height":512},{"@type":"BreadcrumbList","@id":"https:\/\/edurec.ge.ch\/site\/openboard\/et-encore\/#breadcrumb","itemListElement":[{"@type":"ListItem","position":1,"name":"Accueil","item":"https:\/\/edurec.ge.ch\/site\/openboard\/"},{"@type":"ListItem","position":2,"name":"Et encore&#8230;"}]},{"@type":"WebSite","@id":"https:\/\/edurec.ge.ch\/site\/openboard\/#website","url":"https:\/\/edurec.ge.ch\/site\/openboard\/","name":"OpenBoard","description":"Un syst\u00e8me de projection interactif en classe","potentialAction":[{"@type":"SearchAction","target":{"@type":"EntryPoint","urlTemplate":"https:\/\/edurec.ge.ch\/site\/openboard\/?s={search_term_string}"},"query-input":{"@type":"PropertyValueSpecification","valueRequired":true,"valueName":"search_term_string"}}],"inLanguage":"fr-FR"}]}},"_links":{"self":[{"href":"https:\/\/edurec.ge.ch\/site\/openboard\/wp-json\/wp\/v2\/pages\/209","targetHints":{"allow":["GET"]}}],"collection":[{"href":"https:\/\/edurec.ge.ch\/site\/openboard\/wp-json\/wp\/v2\/pages"}],"about":[{"href":"https:\/\/edurec.ge.ch\/site\/openboard\/wp-json\/wp\/v2\/types\/page"}],"author":[{"embeddable":true,"href":"https:\/\/edurec.ge.ch\/site\/openboard\/wp-json\/wp\/v2\/users\/24"}],"replies":[{"embeddable":true,"href":"https:\/\/edurec.ge.ch\/site\/openboard\/wp-json\/wp\/v2\/comments?post=209"}],"version-history":[{"count":10,"href":"https:\/\/edurec.ge.ch\/site\/openboard\/wp-json\/wp\/v2\/pages\/209\/revisions"}],"predecessor-version":[{"id":245,"href":"https:\/\/edurec.ge.ch\/site\/openboard\/wp-json\/wp\/v2\/pages\/209\/revisions\/245"}],"wp:attachment":[{"href":"https:\/\/edurec.ge.ch\/site\/openboard\/wp-json\/wp\/v2\/media?parent=209"}],"curies":[{"name":"wp","href":"https:\/\/api.w.org\/{rel}","templated":true}]}}