{"id":111,"date":"2016-12-12T17:51:59","date_gmt":"2016-12-12T16:51:59","guid":{"rendered":"https:\/\/edurec.ge.ch\/site\/openboard\/?page_id=111"},"modified":"2017-03-21T14:50:12","modified_gmt":"2017-03-21T13:50:12","slug":"numeriser-documents-mopieur","status":"publish","type":"page","link":"https:\/\/edurec.ge.ch\/site\/openboard\/numeriser-documents-mopieur\/","title":{"rendered":"Num\u00e9riser des documents avec un mopieur"},"content":{"rendered":"<div id=\"pl-111\"  class=\"panel-layout\" ><div id=\"pg-111-0\"  class=\"panel-grid panel-no-style\" ><div id=\"pgc-111-0-0\"  class=\"panel-grid-cell\" ><div id=\"panel-111-0-0-0\" class=\"so-panel widget widget_sow-editor panel-first-child\" data-index=\"0\" ><div\n\t\t\t\n\t\t\tclass=\"so-widget-sow-editor so-widget-sow-editor-base\"\n\t\t\t\n\t\t>\n<div class=\"siteorigin-widget-tinymce textwidget\">\n\t<p><img loading=\"lazy\" decoding=\"async\" class=\"alignnone size-medium wp-image-114\" src=\"https:\/\/edurec.ge.ch\/site\/openboard\/wp-content\/uploads\/sites\/139\/2016\/12\/reproduction-300x300.png\" alt=\"reproduction\" width=\"300\" height=\"300\" srcset=\"https:\/\/edurec.ge.ch\/site\/openboard\/wp-content\/uploads\/sites\/139\/2016\/12\/reproduction-300x300.png 300w, https:\/\/edurec.ge.ch\/site\/openboard\/wp-content\/uploads\/sites\/139\/2016\/12\/reproduction-150x150.png 150w, https:\/\/edurec.ge.ch\/site\/openboard\/wp-content\/uploads\/sites\/139\/2016\/12\/reproduction.png 512w\" sizes=\"auto, (max-width: 300px) 100vw, 300px\" \/><\/p>\n<p>Dans l'\u00e9tablissement dans lequel vous enseignez, vous avez peut-\u00eatre remarqu\u00e9 que les photocopieuses ne faisaient pas qu'imprimer... et oui, elles font \u00e9galement d'autres choses. Les mauvaises langues diraient qu'elles tombent \u00e9galement en panne... mais pas que. Une fonction tr\u00e8s int\u00e9ressante - et qui peut s'av\u00e9rer tr\u00e8s utile - est la fonction \"Num\u00e9riser\" ou \"Scanner\". En d'autre termes, vous pouvez ainsi num\u00e9riser vos documents, vos manuels scolaires, des livres et j'en passe. Une fois vos manuels scann\u00e9s, vous pourrez les avoir dans OpenBoard, les diffuser et m\u00eame les annoter avec vos \u00e9l\u00e8ves. La manipulation n'est pas compliqu\u00e9e et s'av\u00e8re extr\u00eamement efficace. Dans cette\u00a0 partie, nous vous proposons deux vid\u00e9os: la premi\u00e8re pr\u00e9sente la num\u00e9risation de documents avec un mopieur tandis que la deuxi\u00e8me rentre dans les d\u00e9tails et vous explique comment faire.<\/p>\n<\/div>\n<\/div><\/div><div id=\"panel-111-0-0-1\" class=\"so-panel widget widget_sow-editor\" data-index=\"1\" ><div\n\t\t\t\n\t\t\tclass=\"so-widget-sow-editor so-widget-sow-editor-base\"\n\t\t\t\n\t\t><h3 class=\"widget-title\">Num\u00e9riser ses documents avec un mopieur:<\/h3>\n<div class=\"siteorigin-widget-tinymce textwidget\">\n\t<p><iframe loading=\"lazy\" width=\"1200\" height=\"675\" src=\"https:\/\/www.youtube.com\/embed\/rmrPUTI98TQ?feature=oembed\" frameborder=\"0\" allowfullscreen><\/iframe><\/p>\n<\/div>\n<\/div><\/div><div id=\"panel-111-0-0-2\" class=\"so-panel widget widget_sow-editor\" data-index=\"2\" ><div\n\t\t\t\n\t\t\tclass=\"so-widget-sow-editor so-widget-sow-editor-base\"\n\t\t\t\n\t\t><h3 class=\"widget-title\">Comment faire? Explications d\u00e9taill\u00e9es:<\/h3>\n<div class=\"siteorigin-widget-tinymce textwidget\">\n\t<p><iframe loading=\"lazy\" width=\"1200\" height=\"675\" src=\"https:\/\/www.youtube.com\/embed\/Hjhb8mFWT1E?feature=oembed\" frameborder=\"0\" allowfullscreen><\/iframe><\/p>\n<\/div>\n<\/div><\/div><div id=\"panel-111-0-0-3\" class=\"so-panel widget widget_sow-editor\" data-index=\"3\" ><div\n\t\t\t\n\t\t\tclass=\"so-widget-sow-editor so-widget-sow-editor-base\"\n\t\t\t\n\t\t><h3 class=\"widget-title\">Imprimer \u00e0 partir d'une cl\u00e9 USB:<\/h3>\n<div class=\"siteorigin-widget-tinymce textwidget\">\n\t<p><iframe loading=\"lazy\" width=\"1200\" height=\"675\" src=\"https:\/\/www.youtube.com\/embed\/zhSAfIbXqYM?feature=oembed\" frameborder=\"0\" allowfullscreen><\/iframe><\/p>\n<\/div>\n<\/div><\/div><div id=\"panel-111-0-0-4\" class=\"so-panel widget widget_sow-editor panel-last-child\" data-index=\"4\" ><div\n\t\t\t\n\t\t\tclass=\"so-widget-sow-editor so-widget-sow-editor-base\"\n\t\t\t\n\t\t>\n<div class=\"siteorigin-widget-tinymce textwidget\">\n\t<p>La prochaine fois que vous allez \u00e0 l'\u00e9cole, pourquoi ne pas embarquer avec vous une cl\u00e9 USB et tester la manipulation sur une photocopieuse? Rien de tel que la pratique pour ancrer solidement ce que vous venez de voir.<\/p>\n<\/div>\n<\/div><\/div><\/div><\/div><\/div>","protected":false},"excerpt":{"rendered":"<p>Dans l&rsquo;\u00e9tablissement dans lequel vous enseignez, vous avez peut-\u00eatre remarqu\u00e9 que les photocopieuses ne faisaient pas qu&rsquo;imprimer&#8230; et oui, elles font \u00e9galement d&rsquo;autres choses. Les mauvaises langues diraient qu&rsquo;elles tombent \u00e9galement en panne&#8230; mais pas que. Une fonction tr\u00e8s int\u00e9ressante &#8211; et qui peut s&rsquo;av\u00e9rer tr\u00e8s utile &#8211; est la fonction \u00ab\u00a0Num\u00e9riser\u00a0\u00bb ou \u00ab\u00a0Scanner\u00a0\u00bb. En &#8230; <a title=\"Num\u00e9riser des documents avec un mopieur\" class=\"read-more\" href=\"https:\/\/edurec.ge.ch\/site\/openboard\/numeriser-documents-mopieur\/\" aria-label=\"En savoir plus sur Num\u00e9riser des documents avec un mopieur\">Lire la suite<\/a><\/p>\n","protected":false},"author":24,"featured_media":0,"parent":0,"menu_order":0,"comment_status":"closed","ping_status":"closed","template":"","meta":{"footnotes":""},"class_list":["post-111","page","type-page","status-publish"],"yoast_head":"<!-- This site is optimized with the Yoast SEO plugin v26.4 - https:\/\/yoast.com\/wordpress\/plugins\/seo\/ -->\n<title>Num\u00e9riser des documents avec un mopieur - OpenBoard<\/title>\n<meta name=\"robots\" content=\"index, follow, max-snippet:-1, max-image-preview:large, max-video-preview:-1\" \/>\n<link rel=\"canonical\" href=\"https:\/\/edurec.ge.ch\/site\/openboard\/numeriser-documents-mopieur\/\" \/>\n<meta property=\"og:locale\" content=\"fr_FR\" \/>\n<meta property=\"og:type\" content=\"article\" \/>\n<meta property=\"og:title\" content=\"Num\u00e9riser des documents avec un mopieur - OpenBoard\" \/>\n<meta property=\"og:description\" content=\"Dans l&#039;\u00e9tablissement dans lequel vous enseignez, vous avez peut-\u00eatre remarqu\u00e9 que les photocopieuses ne faisaient pas qu&#039;imprimer... et oui, elles font \u00e9galement d&#039;autres choses. Les mauvaises langues diraient qu&#039;elles tombent \u00e9galement en panne... mais pas que. Une fonction tr\u00e8s int\u00e9ressante - et qui peut s&#039;av\u00e9rer tr\u00e8s utile - est la fonction &quot;Num\u00e9riser&quot; ou &quot;Scanner&quot;. En ... Lire la suite\" \/>\n<meta property=\"og:url\" content=\"https:\/\/edurec.ge.ch\/site\/openboard\/numeriser-documents-mopieur\/\" \/>\n<meta property=\"og:site_name\" content=\"OpenBoard\" \/>\n<meta property=\"article:modified_time\" content=\"2017-03-21T13:50:12+00:00\" \/>\n<meta property=\"og:image\" content=\"https:\/\/edurec.ge.ch\/site\/openboard\/wp-content\/uploads\/sites\/139\/2016\/12\/reproduction-300x300.png\" \/>\n<meta name=\"twitter:card\" content=\"summary_large_image\" \/>\n<meta name=\"twitter:label1\" content=\"Dur\u00e9e de lecture estim\u00e9e\" \/>\n\t<meta name=\"twitter:data1\" content=\"1 minute\" \/>\n<script type=\"application\/ld+json\" class=\"yoast-schema-graph\">{\"@context\":\"https:\/\/schema.org\",\"@graph\":[{\"@type\":\"WebPage\",\"@id\":\"https:\/\/edurec.ge.ch\/site\/openboard\/numeriser-documents-mopieur\/\",\"url\":\"https:\/\/edurec.ge.ch\/site\/openboard\/numeriser-documents-mopieur\/\",\"name\":\"Num\u00e9riser des documents avec un mopieur - OpenBoard\",\"isPartOf\":{\"@id\":\"https:\/\/edurec.ge.ch\/site\/openboard\/#website\"},\"primaryImageOfPage\":{\"@id\":\"https:\/\/edurec.ge.ch\/site\/openboard\/numeriser-documents-mopieur\/#primaryimage\"},\"image\":{\"@id\":\"https:\/\/edurec.ge.ch\/site\/openboard\/numeriser-documents-mopieur\/#primaryimage\"},\"thumbnailUrl\":\"https:\/\/edurec.ge.ch\/site\/openboard\/wp-content\/uploads\/sites\/139\/2016\/12\/reproduction-300x300.png\",\"datePublished\":\"2016-12-12T16:51:59+00:00\",\"dateModified\":\"2017-03-21T13:50:12+00:00\",\"breadcrumb\":{\"@id\":\"https:\/\/edurec.ge.ch\/site\/openboard\/numeriser-documents-mopieur\/#breadcrumb\"},\"inLanguage\":\"fr-FR\",\"potentialAction\":[{\"@type\":\"ReadAction\",\"target\":[\"https:\/\/edurec.ge.ch\/site\/openboard\/numeriser-documents-mopieur\/\"]}]},{\"@type\":\"ImageObject\",\"inLanguage\":\"fr-FR\",\"@id\":\"https:\/\/edurec.ge.ch\/site\/openboard\/numeriser-documents-mopieur\/#primaryimage\",\"url\":\"https:\/\/edurec.ge.ch\/site\/openboard\/wp-content\/uploads\/sites\/139\/2016\/12\/reproduction.png\",\"contentUrl\":\"https:\/\/edurec.ge.ch\/site\/openboard\/wp-content\/uploads\/sites\/139\/2016\/12\/reproduction.png\",\"width\":512,\"height\":512},{\"@type\":\"BreadcrumbList\",\"@id\":\"https:\/\/edurec.ge.ch\/site\/openboard\/numeriser-documents-mopieur\/#breadcrumb\",\"itemListElement\":[{\"@type\":\"ListItem\",\"position\":1,\"name\":\"Accueil\",\"item\":\"https:\/\/edurec.ge.ch\/site\/openboard\/\"},{\"@type\":\"ListItem\",\"position\":2,\"name\":\"Num\u00e9riser des documents avec un mopieur\"}]},{\"@type\":\"WebSite\",\"@id\":\"https:\/\/edurec.ge.ch\/site\/openboard\/#website\",\"url\":\"https:\/\/edurec.ge.ch\/site\/openboard\/\",\"name\":\"OpenBoard\",\"description\":\"Un syst\u00e8me de projection interactif en classe\",\"potentialAction\":[{\"@type\":\"SearchAction\",\"target\":{\"@type\":\"EntryPoint\",\"urlTemplate\":\"https:\/\/edurec.ge.ch\/site\/openboard\/?s={search_term_string}\"},\"query-input\":{\"@type\":\"PropertyValueSpecification\",\"valueRequired\":true,\"valueName\":\"search_term_string\"}}],\"inLanguage\":\"fr-FR\"}]}<\/script>\n<!-- \/ Yoast SEO plugin. -->","yoast_head_json":{"title":"Num\u00e9riser des documents avec un mopieur - OpenBoard","robots":{"index":"index","follow":"follow","max-snippet":"max-snippet:-1","max-image-preview":"max-image-preview:large","max-video-preview":"max-video-preview:-1"},"canonical":"https:\/\/edurec.ge.ch\/site\/openboard\/numeriser-documents-mopieur\/","og_locale":"fr_FR","og_type":"article","og_title":"Num\u00e9riser des documents avec un mopieur - OpenBoard","og_description":"Dans l'\u00e9tablissement dans lequel vous enseignez, vous avez peut-\u00eatre remarqu\u00e9 que les photocopieuses ne faisaient pas qu'imprimer... et oui, elles font \u00e9galement d'autres choses. Les mauvaises langues diraient qu'elles tombent \u00e9galement en panne... mais pas que. Une fonction tr\u00e8s int\u00e9ressante - et qui peut s'av\u00e9rer tr\u00e8s utile - est la fonction \"Num\u00e9riser\" ou \"Scanner\". En ... Lire la suite","og_url":"https:\/\/edurec.ge.ch\/site\/openboard\/numeriser-documents-mopieur\/","og_site_name":"OpenBoard","article_modified_time":"2017-03-21T13:50:12+00:00","og_image":[{"url":"https:\/\/edurec.ge.ch\/site\/openboard\/wp-content\/uploads\/sites\/139\/2016\/12\/reproduction-300x300.png","type":"","width":"","height":""}],"twitter_card":"summary_large_image","twitter_misc":{"Dur\u00e9e de lecture estim\u00e9e":"1 minute"},"schema":{"@context":"https:\/\/schema.org","@graph":[{"@type":"WebPage","@id":"https:\/\/edurec.ge.ch\/site\/openboard\/numeriser-documents-mopieur\/","url":"https:\/\/edurec.ge.ch\/site\/openboard\/numeriser-documents-mopieur\/","name":"Num\u00e9riser des documents avec un mopieur - OpenBoard","isPartOf":{"@id":"https:\/\/edurec.ge.ch\/site\/openboard\/#website"},"primaryImageOfPage":{"@id":"https:\/\/edurec.ge.ch\/site\/openboard\/numeriser-documents-mopieur\/#primaryimage"},"image":{"@id":"https:\/\/edurec.ge.ch\/site\/openboard\/numeriser-documents-mopieur\/#primaryimage"},"thumbnailUrl":"https:\/\/edurec.ge.ch\/site\/openboard\/wp-content\/uploads\/sites\/139\/2016\/12\/reproduction-300x300.png","datePublished":"2016-12-12T16:51:59+00:00","dateModified":"2017-03-21T13:50:12+00:00","breadcrumb":{"@id":"https:\/\/edurec.ge.ch\/site\/openboard\/numeriser-documents-mopieur\/#breadcrumb"},"inLanguage":"fr-FR","potentialAction":[{"@type":"ReadAction","target":["https:\/\/edurec.ge.ch\/site\/openboard\/numeriser-documents-mopieur\/"]}]},{"@type":"ImageObject","inLanguage":"fr-FR","@id":"https:\/\/edurec.ge.ch\/site\/openboard\/numeriser-documents-mopieur\/#primaryimage","url":"https:\/\/edurec.ge.ch\/site\/openboard\/wp-content\/uploads\/sites\/139\/2016\/12\/reproduction.png","contentUrl":"https:\/\/edurec.ge.ch\/site\/openboard\/wp-content\/uploads\/sites\/139\/2016\/12\/reproduction.png","width":512,"height":512},{"@type":"BreadcrumbList","@id":"https:\/\/edurec.ge.ch\/site\/openboard\/numeriser-documents-mopieur\/#breadcrumb","itemListElement":[{"@type":"ListItem","position":1,"name":"Accueil","item":"https:\/\/edurec.ge.ch\/site\/openboard\/"},{"@type":"ListItem","position":2,"name":"Num\u00e9riser des documents avec un mopieur"}]},{"@type":"WebSite","@id":"https:\/\/edurec.ge.ch\/site\/openboard\/#website","url":"https:\/\/edurec.ge.ch\/site\/openboard\/","name":"OpenBoard","description":"Un syst\u00e8me de projection interactif en classe","potentialAction":[{"@type":"SearchAction","target":{"@type":"EntryPoint","urlTemplate":"https:\/\/edurec.ge.ch\/site\/openboard\/?s={search_term_string}"},"query-input":{"@type":"PropertyValueSpecification","valueRequired":true,"valueName":"search_term_string"}}],"inLanguage":"fr-FR"}]}},"_links":{"self":[{"href":"https:\/\/edurec.ge.ch\/site\/openboard\/wp-json\/wp\/v2\/pages\/111","targetHints":{"allow":["GET"]}}],"collection":[{"href":"https:\/\/edurec.ge.ch\/site\/openboard\/wp-json\/wp\/v2\/pages"}],"about":[{"href":"https:\/\/edurec.ge.ch\/site\/openboard\/wp-json\/wp\/v2\/types\/page"}],"author":[{"embeddable":true,"href":"https:\/\/edurec.ge.ch\/site\/openboard\/wp-json\/wp\/v2\/users\/24"}],"replies":[{"embeddable":true,"href":"https:\/\/edurec.ge.ch\/site\/openboard\/wp-json\/wp\/v2\/comments?post=111"}],"version-history":[{"count":3,"href":"https:\/\/edurec.ge.ch\/site\/openboard\/wp-json\/wp\/v2\/pages\/111\/revisions"}],"predecessor-version":[{"id":312,"href":"https:\/\/edurec.ge.ch\/site\/openboard\/wp-json\/wp\/v2\/pages\/111\/revisions\/312"}],"wp:attachment":[{"href":"https:\/\/edurec.ge.ch\/site\/openboard\/wp-json\/wp\/v2\/media?parent=111"}],"curies":[{"name":"wp","href":"https:\/\/api.w.org\/{rel}","templated":true}]}}