{"id":101,"date":"2016-12-12T17:36:55","date_gmt":"2016-12-12T16:36:55","guid":{"rendered":"https:\/\/edurec.ge.ch\/site\/openboard\/?page_id=101"},"modified":"2016-12-12T17:55:59","modified_gmt":"2016-12-12T16:55:59","slug":"preparer-ses-documents","status":"publish","type":"page","link":"https:\/\/edurec.ge.ch\/site\/openboard\/preparer-ses-documents\/","title":{"rendered":"Pr\u00e9parer ses documents"},"content":{"rendered":"<p><img loading=\"lazy\" decoding=\"async\" class=\"alignnone size-medium wp-image-112\" src=\"https:\/\/edurec.ge.ch\/site\/openboard\/wp-content\/uploads\/sites\/139\/2016\/12\/file-300x300.png\" alt=\"file\" width=\"300\" height=\"300\" srcset=\"https:\/\/edurec.ge.ch\/site\/openboard\/wp-content\/uploads\/sites\/139\/2016\/12\/file-300x300.png 300w, https:\/\/edurec.ge.ch\/site\/openboard\/wp-content\/uploads\/sites\/139\/2016\/12\/file-150x150.png 150w, https:\/\/edurec.ge.ch\/site\/openboard\/wp-content\/uploads\/sites\/139\/2016\/12\/file.png 512w\" sizes=\"auto, (max-width: 300px) 100vw, 300px\" \/><\/p>\n<p>Vous souhaitez importer cet extrait de texte dans OpenBoard pour pouvoir l&rsquo;analyser avec vos \u00e9l\u00e8ves, ou alors utiliser cette image dans OpenBoard&#8230;<\/p>\n<p>Avant d&rsquo;importer un fichier dans OpenBoard, il est n\u00e9cessaire de s&rsquo;assurer que ce dernier soit dans un format lisible par le logiciel. En effet, OpenBoard n&rsquo;acceptera que des documents PDF et JPG.<\/p>\n<p>Dans cette partie, nous allons tout d&rsquo;abord regarder ensemble comment:<\/p>\n<ol>\n<li><a href=\"https:\/\/edurec.ge.ch\/site\/openboard\/convertir-format-pdf\/\" target=\"_blank\"><strong>convertir un document en PDF<\/strong><\/a>,<\/li>\n<li>puis nous nous pencherons sur ces merveilleuses photocopieuses qui vous permettent de <a href=\"https:\/\/edurec.ge.ch\/site\/openboard\/numeriser-documents-mopieur\/\" target=\"_blank\"><strong>num\u00e9riser rapidement vos manuels et documents<\/strong><\/a> de toues sortes afin de les utiliser sur OpenBoard.<\/li>\n<\/ol>\n","protected":false},"excerpt":{"rendered":"<p>Vous souhaitez importer cet extrait de texte dans OpenBoard pour pouvoir l&rsquo;analyser avec vos \u00e9l\u00e8ves, ou alors utiliser cette image dans OpenBoard&#8230; Avant d&rsquo;importer un fichier dans OpenBoard, il est n\u00e9cessaire de s&rsquo;assurer que ce dernier soit dans un format lisible par le logiciel. En effet, OpenBoard n&rsquo;acceptera que des documents PDF et JPG. Dans &#8230; <a title=\"Pr\u00e9parer ses documents\" class=\"read-more\" href=\"https:\/\/edurec.ge.ch\/site\/openboard\/preparer-ses-documents\/\" aria-label=\"En savoir plus sur Pr\u00e9parer ses documents\">Lire la suite<\/a><\/p>\n","protected":false},"author":24,"featured_media":0,"parent":0,"menu_order":0,"comment_status":"closed","ping_status":"closed","template":"","meta":{"footnotes":""},"class_list":["post-101","page","type-page","status-publish"],"yoast_head":"<!-- This site is optimized with the Yoast SEO plugin v26.4 - https:\/\/yoast.com\/wordpress\/plugins\/seo\/ -->\n<title>Pr\u00e9parer ses documents - OpenBoard<\/title>\n<meta name=\"robots\" content=\"index, follow, max-snippet:-1, max-image-preview:large, max-video-preview:-1\" \/>\n<link rel=\"canonical\" href=\"https:\/\/edurec.ge.ch\/site\/openboard\/preparer-ses-documents\/\" \/>\n<meta property=\"og:locale\" content=\"fr_FR\" \/>\n<meta property=\"og:type\" content=\"article\" \/>\n<meta property=\"og:title\" content=\"Pr\u00e9parer ses documents - OpenBoard\" \/>\n<meta property=\"og:description\" content=\"Vous souhaitez importer cet extrait de texte dans OpenBoard pour pouvoir l&rsquo;analyser avec vos \u00e9l\u00e8ves, ou alors utiliser cette image dans OpenBoard&#8230; Avant d&rsquo;importer un fichier dans OpenBoard, il est n\u00e9cessaire de s&rsquo;assurer que ce dernier soit dans un format lisible par le logiciel. En effet, OpenBoard n&rsquo;acceptera que des documents PDF et JPG. Dans ... Lire la suite\" \/>\n<meta property=\"og:url\" content=\"https:\/\/edurec.ge.ch\/site\/openboard\/preparer-ses-documents\/\" \/>\n<meta property=\"og:site_name\" content=\"OpenBoard\" \/>\n<meta property=\"article:modified_time\" content=\"2016-12-12T16:55:59+00:00\" \/>\n<meta property=\"og:image\" content=\"https:\/\/edurec.ge.ch\/site\/openboard\/wp-content\/uploads\/sites\/139\/2016\/12\/file-300x300.png\" \/>\n<meta name=\"twitter:card\" content=\"summary_large_image\" \/>\n<script type=\"application\/ld+json\" class=\"yoast-schema-graph\">{\"@context\":\"https:\/\/schema.org\",\"@graph\":[{\"@type\":\"WebPage\",\"@id\":\"https:\/\/edurec.ge.ch\/site\/openboard\/preparer-ses-documents\/\",\"url\":\"https:\/\/edurec.ge.ch\/site\/openboard\/preparer-ses-documents\/\",\"name\":\"Pr\u00e9parer ses documents - OpenBoard\",\"isPartOf\":{\"@id\":\"https:\/\/edurec.ge.ch\/site\/openboard\/#website\"},\"primaryImageOfPage\":{\"@id\":\"https:\/\/edurec.ge.ch\/site\/openboard\/preparer-ses-documents\/#primaryimage\"},\"image\":{\"@id\":\"https:\/\/edurec.ge.ch\/site\/openboard\/preparer-ses-documents\/#primaryimage\"},\"thumbnailUrl\":\"https:\/\/edurec.ge.ch\/site\/openboard\/wp-content\/uploads\/sites\/139\/2016\/12\/file-300x300.png\",\"datePublished\":\"2016-12-12T16:36:55+00:00\",\"dateModified\":\"2016-12-12T16:55:59+00:00\",\"breadcrumb\":{\"@id\":\"https:\/\/edurec.ge.ch\/site\/openboard\/preparer-ses-documents\/#breadcrumb\"},\"inLanguage\":\"fr-FR\",\"potentialAction\":[{\"@type\":\"ReadAction\",\"target\":[\"https:\/\/edurec.ge.ch\/site\/openboard\/preparer-ses-documents\/\"]}]},{\"@type\":\"ImageObject\",\"inLanguage\":\"fr-FR\",\"@id\":\"https:\/\/edurec.ge.ch\/site\/openboard\/preparer-ses-documents\/#primaryimage\",\"url\":\"https:\/\/edurec.ge.ch\/site\/openboard\/wp-content\/uploads\/sites\/139\/2016\/12\/file.png\",\"contentUrl\":\"https:\/\/edurec.ge.ch\/site\/openboard\/wp-content\/uploads\/sites\/139\/2016\/12\/file.png\",\"width\":512,\"height\":512},{\"@type\":\"BreadcrumbList\",\"@id\":\"https:\/\/edurec.ge.ch\/site\/openboard\/preparer-ses-documents\/#breadcrumb\",\"itemListElement\":[{\"@type\":\"ListItem\",\"position\":1,\"name\":\"Accueil\",\"item\":\"https:\/\/edurec.ge.ch\/site\/openboard\/\"},{\"@type\":\"ListItem\",\"position\":2,\"name\":\"Pr\u00e9parer ses documents\"}]},{\"@type\":\"WebSite\",\"@id\":\"https:\/\/edurec.ge.ch\/site\/openboard\/#website\",\"url\":\"https:\/\/edurec.ge.ch\/site\/openboard\/\",\"name\":\"OpenBoard\",\"description\":\"Un syst\u00e8me de projection interactif en classe\",\"potentialAction\":[{\"@type\":\"SearchAction\",\"target\":{\"@type\":\"EntryPoint\",\"urlTemplate\":\"https:\/\/edurec.ge.ch\/site\/openboard\/?s={search_term_string}\"},\"query-input\":{\"@type\":\"PropertyValueSpecification\",\"valueRequired\":true,\"valueName\":\"search_term_string\"}}],\"inLanguage\":\"fr-FR\"}]}<\/script>\n<!-- \/ Yoast SEO plugin. -->","yoast_head_json":{"title":"Pr\u00e9parer ses documents - OpenBoard","robots":{"index":"index","follow":"follow","max-snippet":"max-snippet:-1","max-image-preview":"max-image-preview:large","max-video-preview":"max-video-preview:-1"},"canonical":"https:\/\/edurec.ge.ch\/site\/openboard\/preparer-ses-documents\/","og_locale":"fr_FR","og_type":"article","og_title":"Pr\u00e9parer ses documents - OpenBoard","og_description":"Vous souhaitez importer cet extrait de texte dans OpenBoard pour pouvoir l&rsquo;analyser avec vos \u00e9l\u00e8ves, ou alors utiliser cette image dans OpenBoard&#8230; Avant d&rsquo;importer un fichier dans OpenBoard, il est n\u00e9cessaire de s&rsquo;assurer que ce dernier soit dans un format lisible par le logiciel. En effet, OpenBoard n&rsquo;acceptera que des documents PDF et JPG. Dans ... Lire la suite","og_url":"https:\/\/edurec.ge.ch\/site\/openboard\/preparer-ses-documents\/","og_site_name":"OpenBoard","article_modified_time":"2016-12-12T16:55:59+00:00","og_image":[{"url":"https:\/\/edurec.ge.ch\/site\/openboard\/wp-content\/uploads\/sites\/139\/2016\/12\/file-300x300.png","type":"","width":"","height":""}],"twitter_card":"summary_large_image","schema":{"@context":"https:\/\/schema.org","@graph":[{"@type":"WebPage","@id":"https:\/\/edurec.ge.ch\/site\/openboard\/preparer-ses-documents\/","url":"https:\/\/edurec.ge.ch\/site\/openboard\/preparer-ses-documents\/","name":"Pr\u00e9parer ses documents - OpenBoard","isPartOf":{"@id":"https:\/\/edurec.ge.ch\/site\/openboard\/#website"},"primaryImageOfPage":{"@id":"https:\/\/edurec.ge.ch\/site\/openboard\/preparer-ses-documents\/#primaryimage"},"image":{"@id":"https:\/\/edurec.ge.ch\/site\/openboard\/preparer-ses-documents\/#primaryimage"},"thumbnailUrl":"https:\/\/edurec.ge.ch\/site\/openboard\/wp-content\/uploads\/sites\/139\/2016\/12\/file-300x300.png","datePublished":"2016-12-12T16:36:55+00:00","dateModified":"2016-12-12T16:55:59+00:00","breadcrumb":{"@id":"https:\/\/edurec.ge.ch\/site\/openboard\/preparer-ses-documents\/#breadcrumb"},"inLanguage":"fr-FR","potentialAction":[{"@type":"ReadAction","target":["https:\/\/edurec.ge.ch\/site\/openboard\/preparer-ses-documents\/"]}]},{"@type":"ImageObject","inLanguage":"fr-FR","@id":"https:\/\/edurec.ge.ch\/site\/openboard\/preparer-ses-documents\/#primaryimage","url":"https:\/\/edurec.ge.ch\/site\/openboard\/wp-content\/uploads\/sites\/139\/2016\/12\/file.png","contentUrl":"https:\/\/edurec.ge.ch\/site\/openboard\/wp-content\/uploads\/sites\/139\/2016\/12\/file.png","width":512,"height":512},{"@type":"BreadcrumbList","@id":"https:\/\/edurec.ge.ch\/site\/openboard\/preparer-ses-documents\/#breadcrumb","itemListElement":[{"@type":"ListItem","position":1,"name":"Accueil","item":"https:\/\/edurec.ge.ch\/site\/openboard\/"},{"@type":"ListItem","position":2,"name":"Pr\u00e9parer ses documents"}]},{"@type":"WebSite","@id":"https:\/\/edurec.ge.ch\/site\/openboard\/#website","url":"https:\/\/edurec.ge.ch\/site\/openboard\/","name":"OpenBoard","description":"Un syst\u00e8me de projection interactif en classe","potentialAction":[{"@type":"SearchAction","target":{"@type":"EntryPoint","urlTemplate":"https:\/\/edurec.ge.ch\/site\/openboard\/?s={search_term_string}"},"query-input":{"@type":"PropertyValueSpecification","valueRequired":true,"valueName":"search_term_string"}}],"inLanguage":"fr-FR"}]}},"_links":{"self":[{"href":"https:\/\/edurec.ge.ch\/site\/openboard\/wp-json\/wp\/v2\/pages\/101","targetHints":{"allow":["GET"]}}],"collection":[{"href":"https:\/\/edurec.ge.ch\/site\/openboard\/wp-json\/wp\/v2\/pages"}],"about":[{"href":"https:\/\/edurec.ge.ch\/site\/openboard\/wp-json\/wp\/v2\/types\/page"}],"author":[{"embeddable":true,"href":"https:\/\/edurec.ge.ch\/site\/openboard\/wp-json\/wp\/v2\/users\/24"}],"replies":[{"embeddable":true,"href":"https:\/\/edurec.ge.ch\/site\/openboard\/wp-json\/wp\/v2\/comments?post=101"}],"version-history":[{"count":5,"href":"https:\/\/edurec.ge.ch\/site\/openboard\/wp-json\/wp\/v2\/pages\/101\/revisions"}],"predecessor-version":[{"id":120,"href":"https:\/\/edurec.ge.ch\/site\/openboard\/wp-json\/wp\/v2\/pages\/101\/revisions\/120"}],"wp:attachment":[{"href":"https:\/\/edurec.ge.ch\/site\/openboard\/wp-json\/wp\/v2\/media?parent=101"}],"curies":[{"name":"wp","href":"https:\/\/api.w.org\/{rel}","templated":true}]}}