{"id":9385,"date":"2021-01-14T06:30:32","date_gmt":"2021-01-14T05:30:32","guid":{"rendered":"https:\/\/edurec.ge.ch\/site\/cfpt\/?page_id=9385"},"modified":"2024-08-22T13:11:55","modified_gmt":"2024-08-22T12:11:55","slug":"service-social-2","status":"publish","type":"page","link":"https:\/\/edurec.ge.ch\/site\/cfpt\/espace-administratif-documents-formulaires\/service-social-2\/","title":{"rendered":"Conseil en orientation scolaire et professionnelle"},"content":{"rendered":"<div id=\"pl-9385\"  class=\"panel-layout\" ><div id=\"pg-9385-0\"  class=\"panel-grid panel-no-style\" ><div id=\"pgc-9385-0-0\"  class=\"panel-grid-cell\" ><div id=\"panel-9385-0-0-0\" class=\"so-panel widget widget_sow-editor panel-first-child\" data-index=\"0\" ><div\n\t\t\t\n\t\t\tclass=\"so-widget-sow-editor so-widget-sow-editor-base\"\n\t\t\t\n\t\t><h3 class=\"widget-title\">PERMANENCE PRO-APPRENTI-E-S<\/h3>\n<div class=\"siteorigin-widget-tinymce textwidget\">\n\t<h3><span style=\"color: #0000ff\">Vous aimeriez remonter vos notes en am\u00e9liorant vos m\u00e9thodes de travail et votre organisation?<\/span><br \/>\n<span style=\"color: #0000ff\">Vous aimeriez apprendre \u00e0 mieux faire face au stress (\u00e0 l'\u00e9cole, durant les examens ou en entreprise)?<\/span><br \/>\n<span style=\"color: #0000ff\">Vous avez des doutes s\u00e9rieux sur votre avenir professionnel ?<\/span><br \/>\n<span style=\"color: #0000ff\">Vous \u00eates sur le point de rompre votre contrat d'apprentissage?<\/span><br \/>\n<span style=\"color: #0000ff\">Vous envisagez peut-\u00eatre de changer d'apprentissage?<\/span><br \/>\n<span style=\"color: #0000ff\">Vous avez besoin de parler de votre situation et que l'on vous aide \u00e0 trouver des solutions?<\/span><\/h3>\n<h3><span style=\"color: #ff6600\">VENEZ NOUS RENCONTRER !<\/span><\/h3>\n<h3><span style=\"color: #0000ff\">Tour D, 1er \u00e9tage, bureau D107<\/span><\/h3>\n<h3><span style=\"color: #ff6600\"><em>Sur rendez-vous :<\/em><\/span><\/h3>\n<h3><span style=\"color: #ff6600\"><em><span style=\"color: #0000ff\">choisir une date + une heure de rdv sur le planning affich\u00e9 sur la porte (s'y prendre un peu \u00e0 l'avance, car les agendas se remplissent vite)<\/span><\/em><\/span><\/h3>\n<h4><em>Sophie Chezeau <\/em><\/h4>\n<h4><em>Mercredi 08h-12h<\/em><\/h4>\n<h4><em>J\u00e9r\u00f4me Aeschlimann <\/em><\/h4>\n<h4><em>Jeudi apr\u00e8s-midis de 13h30 \u00e0 16h30<\/em><\/h4>\n<\/div>\n<\/div><\/div><div id=\"panel-9385-0-0-1\" class=\"so-panel widget widget_sow-editor panel-last-child\" data-index=\"1\" ><div\n\t\t\t\n\t\t\tclass=\"so-widget-sow-editor so-widget-sow-editor-base\"\n\t\t\t\n\t\t>\n<div class=\"siteorigin-widget-tinymce textwidget\">\n\t<h3><span style=\"color: #0000ff\">OU APPELEZ NOTRE SECRETARAIT \u00c0 L'OFPC<\/span><br \/>\n<span style=\"color: #0000ff\">au 022 388 45 21 du lundi au vendredi de 8h30 \u00e0 17h00<\/span><\/h3>\n<\/div>\n<\/div><\/div><\/div><\/div><\/div>","protected":false},"excerpt":{"rendered":"<p>Vous aimeriez remonter vos notes en am\u00e9liorant vos m\u00e9thodes de travail et votre organisation? Vous aimeriez apprendre \u00e0 mieux faire face au stress (\u00e0 l&rsquo;\u00e9cole, durant les examens ou en entreprise)? Vous avez des doutes s\u00e9rieux sur votre avenir professionnel ? Vous \u00eates sur le point de rompre votre contrat d&rsquo;apprentissage? Vous envisagez peut-\u00eatre de [&hellip;]<\/p>\n","protected":false},"author":1235,"featured_media":0,"parent":4227,"menu_order":57,"comment_status":"closed","ping_status":"closed","template":"","meta":{"footnotes":""},"class_list":["post-9385","page","type-page","status-publish","czr-hentry"],"yoast_head":"<!-- This site is optimized with the Yoast SEO plugin v26.4 - https:\/\/yoast.com\/wordpress\/plugins\/seo\/ -->\n<title>Conseil en orientation scolaire et professionnelle ~ CFPT<\/title>\n<meta name=\"robots\" content=\"index, follow, max-snippet:-1, max-image-preview:large, max-video-preview:-1\" \/>\n<link rel=\"canonical\" href=\"https:\/\/edurec.ge.ch\/site\/cfpt\/espace-administratif-documents-formulaires\/service-social-2\/\" \/>\n<meta property=\"og:locale\" content=\"fr_FR\" \/>\n<meta property=\"og:type\" content=\"article\" \/>\n<meta property=\"og:title\" content=\"Conseil en orientation scolaire et professionnelle ~ CFPT\" \/>\n<meta property=\"og:description\" content=\"Vous aimeriez remonter vos notes en am\u00e9liorant vos m\u00e9thodes de travail et votre organisation? Vous aimeriez apprendre \u00e0 mieux faire face au stress (\u00e0 l&#039;\u00e9cole, durant les examens ou en entreprise)? Vous avez des doutes s\u00e9rieux sur votre avenir professionnel ? Vous \u00eates sur le point de rompre votre contrat d&#039;apprentissage? Vous envisagez peut-\u00eatre de [&hellip;]\" \/>\n<meta property=\"og:url\" content=\"https:\/\/edurec.ge.ch\/site\/cfpt\/espace-administratif-documents-formulaires\/service-social-2\/\" \/>\n<meta property=\"og:site_name\" content=\"CFPT\" \/>\n<meta property=\"article:modified_time\" content=\"2024-08-22T12:11:55+00:00\" \/>\n<meta name=\"twitter:card\" content=\"summary_large_image\" \/>\n<meta name=\"twitter:label1\" content=\"Dur\u00e9e de lecture estim\u00e9e\" \/>\n\t<meta name=\"twitter:data1\" content=\"1 minute\" \/>\n<script type=\"application\/ld+json\" class=\"yoast-schema-graph\">{\"@context\":\"https:\/\/schema.org\",\"@graph\":[{\"@type\":\"WebPage\",\"@id\":\"https:\/\/edurec.ge.ch\/site\/cfpt\/espace-administratif-documents-formulaires\/service-social-2\/\",\"url\":\"https:\/\/edurec.ge.ch\/site\/cfpt\/espace-administratif-documents-formulaires\/service-social-2\/\",\"name\":\"Conseil en orientation scolaire et professionnelle ~ CFPT\",\"isPartOf\":{\"@id\":\"https:\/\/edurec.ge.ch\/site\/cfpt\/#website\"},\"datePublished\":\"2021-01-14T05:30:32+00:00\",\"dateModified\":\"2024-08-22T12:11:55+00:00\",\"breadcrumb\":{\"@id\":\"https:\/\/edurec.ge.ch\/site\/cfpt\/espace-administratif-documents-formulaires\/service-social-2\/#breadcrumb\"},\"inLanguage\":\"fr-FR\",\"potentialAction\":[{\"@type\":\"ReadAction\",\"target\":[\"https:\/\/edurec.ge.ch\/site\/cfpt\/espace-administratif-documents-formulaires\/service-social-2\/\"]}]},{\"@type\":\"BreadcrumbList\",\"@id\":\"https:\/\/edurec.ge.ch\/site\/cfpt\/espace-administratif-documents-formulaires\/service-social-2\/#breadcrumb\",\"itemListElement\":[{\"@type\":\"ListItem\",\"position\":1,\"name\":\"Accueil\",\"item\":\"https:\/\/edurec.ge.ch\/site\/cfpt\/\"},{\"@type\":\"ListItem\",\"position\":2,\"name\":\"Espace administratif, documents et formulaires\",\"item\":\"https:\/\/edurec.ge.ch\/site\/cfpt\/espace-administratif-documents-formulaires\/\"},{\"@type\":\"ListItem\",\"position\":3,\"name\":\"Conseil en orientation scolaire et professionnelle\"}]},{\"@type\":\"WebSite\",\"@id\":\"https:\/\/edurec.ge.ch\/site\/cfpt\/#website\",\"url\":\"https:\/\/edurec.ge.ch\/site\/cfpt\/\",\"name\":\"CFPT\",\"description\":\"CFP Technique\",\"publisher\":{\"@id\":\"https:\/\/edurec.ge.ch\/site\/cfpt\/#organization\"},\"potentialAction\":[{\"@type\":\"SearchAction\",\"target\":{\"@type\":\"EntryPoint\",\"urlTemplate\":\"https:\/\/edurec.ge.ch\/site\/cfpt\/?s={search_term_string}\"},\"query-input\":{\"@type\":\"PropertyValueSpecification\",\"valueRequired\":true,\"valueName\":\"search_term_string\"}}],\"inLanguage\":\"fr-FR\"},{\"@type\":\"Organization\",\"@id\":\"https:\/\/edurec.ge.ch\/site\/cfpt\/#organization\",\"name\":\"Centre de formation professionnelle technique\",\"url\":\"https:\/\/edurec.ge.ch\/site\/cfpt\/\",\"logo\":{\"@type\":\"ImageObject\",\"inLanguage\":\"fr-FR\",\"@id\":\"https:\/\/edurec.ge.ch\/site\/cfpt\/#\/schema\/logo\/image\/\",\"url\":\"https:\/\/edurec.ge.ch\/site\/cfpt\/wp-content\/uploads\/sites\/112\/2016\/02\/logo-cfpt-site.png\",\"contentUrl\":\"https:\/\/edurec.ge.ch\/site\/cfpt\/wp-content\/uploads\/sites\/112\/2016\/02\/logo-cfpt-site.png\",\"width\":483,\"height\":483,\"caption\":\"Centre de formation professionnelle technique\"},\"image\":{\"@id\":\"https:\/\/edurec.ge.ch\/site\/cfpt\/#\/schema\/logo\/image\/\"}}]}<\/script>\n<!-- \/ Yoast SEO plugin. -->","yoast_head_json":{"title":"Conseil en orientation scolaire et professionnelle ~ CFPT","robots":{"index":"index","follow":"follow","max-snippet":"max-snippet:-1","max-image-preview":"max-image-preview:large","max-video-preview":"max-video-preview:-1"},"canonical":"https:\/\/edurec.ge.ch\/site\/cfpt\/espace-administratif-documents-formulaires\/service-social-2\/","og_locale":"fr_FR","og_type":"article","og_title":"Conseil en orientation scolaire et professionnelle ~ CFPT","og_description":"Vous aimeriez remonter vos notes en am\u00e9liorant vos m\u00e9thodes de travail et votre organisation? Vous aimeriez apprendre \u00e0 mieux faire face au stress (\u00e0 l'\u00e9cole, durant les examens ou en entreprise)? Vous avez des doutes s\u00e9rieux sur votre avenir professionnel ? Vous \u00eates sur le point de rompre votre contrat d'apprentissage? Vous envisagez peut-\u00eatre de [&hellip;]","og_url":"https:\/\/edurec.ge.ch\/site\/cfpt\/espace-administratif-documents-formulaires\/service-social-2\/","og_site_name":"CFPT","article_modified_time":"2024-08-22T12:11:55+00:00","twitter_card":"summary_large_image","twitter_misc":{"Dur\u00e9e de lecture estim\u00e9e":"1 minute"},"schema":{"@context":"https:\/\/schema.org","@graph":[{"@type":"WebPage","@id":"https:\/\/edurec.ge.ch\/site\/cfpt\/espace-administratif-documents-formulaires\/service-social-2\/","url":"https:\/\/edurec.ge.ch\/site\/cfpt\/espace-administratif-documents-formulaires\/service-social-2\/","name":"Conseil en orientation scolaire et professionnelle ~ CFPT","isPartOf":{"@id":"https:\/\/edurec.ge.ch\/site\/cfpt\/#website"},"datePublished":"2021-01-14T05:30:32+00:00","dateModified":"2024-08-22T12:11:55+00:00","breadcrumb":{"@id":"https:\/\/edurec.ge.ch\/site\/cfpt\/espace-administratif-documents-formulaires\/service-social-2\/#breadcrumb"},"inLanguage":"fr-FR","potentialAction":[{"@type":"ReadAction","target":["https:\/\/edurec.ge.ch\/site\/cfpt\/espace-administratif-documents-formulaires\/service-social-2\/"]}]},{"@type":"BreadcrumbList","@id":"https:\/\/edurec.ge.ch\/site\/cfpt\/espace-administratif-documents-formulaires\/service-social-2\/#breadcrumb","itemListElement":[{"@type":"ListItem","position":1,"name":"Accueil","item":"https:\/\/edurec.ge.ch\/site\/cfpt\/"},{"@type":"ListItem","position":2,"name":"Espace administratif, documents et formulaires","item":"https:\/\/edurec.ge.ch\/site\/cfpt\/espace-administratif-documents-formulaires\/"},{"@type":"ListItem","position":3,"name":"Conseil en orientation scolaire et professionnelle"}]},{"@type":"WebSite","@id":"https:\/\/edurec.ge.ch\/site\/cfpt\/#website","url":"https:\/\/edurec.ge.ch\/site\/cfpt\/","name":"CFPT","description":"CFP Technique","publisher":{"@id":"https:\/\/edurec.ge.ch\/site\/cfpt\/#organization"},"potentialAction":[{"@type":"SearchAction","target":{"@type":"EntryPoint","urlTemplate":"https:\/\/edurec.ge.ch\/site\/cfpt\/?s={search_term_string}"},"query-input":{"@type":"PropertyValueSpecification","valueRequired":true,"valueName":"search_term_string"}}],"inLanguage":"fr-FR"},{"@type":"Organization","@id":"https:\/\/edurec.ge.ch\/site\/cfpt\/#organization","name":"Centre de formation professionnelle technique","url":"https:\/\/edurec.ge.ch\/site\/cfpt\/","logo":{"@type":"ImageObject","inLanguage":"fr-FR","@id":"https:\/\/edurec.ge.ch\/site\/cfpt\/#\/schema\/logo\/image\/","url":"https:\/\/edurec.ge.ch\/site\/cfpt\/wp-content\/uploads\/sites\/112\/2016\/02\/logo-cfpt-site.png","contentUrl":"https:\/\/edurec.ge.ch\/site\/cfpt\/wp-content\/uploads\/sites\/112\/2016\/02\/logo-cfpt-site.png","width":483,"height":483,"caption":"Centre de formation professionnelle technique"},"image":{"@id":"https:\/\/edurec.ge.ch\/site\/cfpt\/#\/schema\/logo\/image\/"}}]}},"publishpress_future_action":{"enabled":false,"date":"2026-05-24 15:17:28","action":"change-status","newStatus":"draft","terms":[],"taxonomy":"","extraData":[]},"publishpress_future_workflow_manual_trigger":{"enabledWorkflows":[]},"_links":{"self":[{"href":"https:\/\/edurec.ge.ch\/site\/cfpt\/wp-json\/wp\/v2\/pages\/9385","targetHints":{"allow":["GET"]}}],"collection":[{"href":"https:\/\/edurec.ge.ch\/site\/cfpt\/wp-json\/wp\/v2\/pages"}],"about":[{"href":"https:\/\/edurec.ge.ch\/site\/cfpt\/wp-json\/wp\/v2\/types\/page"}],"author":[{"embeddable":true,"href":"https:\/\/edurec.ge.ch\/site\/cfpt\/wp-json\/wp\/v2\/users\/1235"}],"replies":[{"embeddable":true,"href":"https:\/\/edurec.ge.ch\/site\/cfpt\/wp-json\/wp\/v2\/comments?post=9385"}],"version-history":[{"count":12,"href":"https:\/\/edurec.ge.ch\/site\/cfpt\/wp-json\/wp\/v2\/pages\/9385\/revisions"}],"predecessor-version":[{"id":13314,"href":"https:\/\/edurec.ge.ch\/site\/cfpt\/wp-json\/wp\/v2\/pages\/9385\/revisions\/13314"}],"up":[{"embeddable":true,"href":"https:\/\/edurec.ge.ch\/site\/cfpt\/wp-json\/wp\/v2\/pages\/4227"}],"wp:attachment":[{"href":"https:\/\/edurec.ge.ch\/site\/cfpt\/wp-json\/wp\/v2\/media?parent=9385"}],"curies":[{"name":"wp","href":"https:\/\/api.w.org\/{rel}","templated":true}]}}