{"id":918,"date":"2016-04-14T06:32:39","date_gmt":"2016-04-14T05:32:39","guid":{"rendered":"https:\/\/edurec.ge.ch\/site\/cfpt\/?page_id=918"},"modified":"2021-10-13T05:42:29","modified_gmt":"2021-10-13T04:42:29","slug":"procedures-et-formulaires","status":"publish","type":"page","link":"https:\/\/edurec.ge.ch\/site\/cfpt\/espace-administratif-documents-formulaires\/assurances-accidents\/procedures-et-formulaires\/","title":{"rendered":"Proc\u00e9dures et formulaires"},"content":{"rendered":"<div id=\"content-core\">\n<div id=\"parent-fieldname-text-34b5b1934d8f04c8b835106f7441259b\" class=\"\">\n<h3>Pour les apprentis en formation CFC en \u00e9cole de m\u00e9tiers<\/h3>\n<ul>\n<li>Remplir le formulaire ci-dessous<\/li>\n<\/ul>\n<p style=\"padding-left: 60px\"><a href=\"https:\/\/www.ge.ch\/document\/11319\/telecharger\" target=\"_blank\" rel=\"noopener\">SPAP_d\u00e9claration_accident<\/a><\/p>\n<ul>\n<li>Envoyer par mail ce formulaire a l&rsquo;adresse suivante:<\/li>\n<\/ul>\n<p style=\"padding-left: 60px\"><span class=\"link-mailto\"><a class=\"mail-link\" href=\"mailto:gestion.accidents.df@etat.ge.ch?subject=SPAP%20-%20d%C3%A9claration%20d%27accident\" target=\"_blank\" rel=\"noopener\">gestion.accidents.df@etat.ge.ch<\/a><\/span><\/p>\n<ul>\n<li><em><strong><span style=\"color: #ff0000\">NE PAS OUBLIER de l&rsquo;envoyer \u00e9galement au secr\u00e9tariat du cfpt<\/span><\/strong><\/em><\/li>\n<\/ul>\n<p style=\"padding-left: 60px\"><a href=\"mailto:secretariat-cfpt@etat.ge.ch\" target=\"_blank\" rel=\"noopener\">secretariat-cfpt@etat.ge.ch<\/a><\/p>\n<p>&nbsp;<\/p>\n<h3>Pour les \u00e9l\u00e8ves couverts par l&rsquo;assurance scolaire (Pr\u00e9paratoire, passerelle, technicien ES, auditeur)<\/h3>\n<ul>\n<li><a href=\"https:\/\/www.ge.ch\/document\/11319\/telecharger\" target=\"_blank\" rel=\"noopener\">Formulaire de d\u00e9claration accident scolaire unique vf<\/a><\/li>\n<\/ul>\n<p>Ce formulaire doit \u00eatre envoy\u00e9:<\/p>\n<p>1) Assurance CFC en \u00e9cole de m\u00e9tiers : Service des paies &#8211; Secteur assurances &#8211; Case postale 3937 &#8211; 1211 Gen\u00e8ve 3\u00a0 ou par messagerie \u00e0 alberina.muljaj@etat.ge.ch avec copie \u00e0 renata.goncalves@etat.ge.ch<\/p>\n<p>2) Assurance scolaire : CCA &#8211; A l&rsquo;att. De M. Decrey Jean-Luc &#8211; Case postale 3937 &#8211; 1211 Gen\u00e8ve 3 ou par messagerie assurances@etat.ge.ch<\/p>\n<\/div>\n<\/div>\n","protected":false},"excerpt":{"rendered":"<p>Pour les apprentis en formation CFC en \u00e9cole de m\u00e9tiers Remplir le formulaire ci-dessous SPAP_d\u00e9claration_accident Envoyer par mail ce formulaire a l&rsquo;adresse suivante: gestion.accidents.df@etat.ge.ch NE PAS OUBLIER de l&rsquo;envoyer \u00e9galement au secr\u00e9tariat du cfpt secretariat-cfpt@etat.ge.ch &nbsp; Pour les \u00e9l\u00e8ves couverts par l&rsquo;assurance scolaire (Pr\u00e9paratoire, passerelle, technicien ES, auditeur) Formulaire de d\u00e9claration accident scolaire unique vf [&hellip;]<\/p>\n","protected":false},"author":1235,"featured_media":0,"parent":759,"menu_order":0,"comment_status":"closed","ping_status":"closed","template":"","meta":{"footnotes":""},"class_list":["post-918","page","type-page","status-publish","czr-hentry"],"yoast_head":"<!-- This site is optimized with the Yoast SEO plugin v26.4 - https:\/\/yoast.com\/wordpress\/plugins\/seo\/ -->\n<title>Proc\u00e9dures et formulaires ~ CFPT<\/title>\n<meta name=\"robots\" content=\"index, follow, max-snippet:-1, max-image-preview:large, max-video-preview:-1\" \/>\n<link rel=\"canonical\" href=\"https:\/\/edurec.ge.ch\/site\/cfpt\/espace-administratif-documents-formulaires\/assurances-accidents\/procedures-et-formulaires\/\" \/>\n<meta property=\"og:locale\" content=\"fr_FR\" \/>\n<meta property=\"og:type\" content=\"article\" \/>\n<meta property=\"og:title\" content=\"Proc\u00e9dures et formulaires ~ CFPT\" \/>\n<meta property=\"og:description\" content=\"Pour les apprentis en formation CFC en \u00e9cole de m\u00e9tiers Remplir le formulaire ci-dessous SPAP_d\u00e9claration_accident Envoyer par mail ce formulaire a l&rsquo;adresse suivante: gestion.accidents.df@etat.ge.ch NE PAS OUBLIER de l&rsquo;envoyer \u00e9galement au secr\u00e9tariat du cfpt secretariat-cfpt@etat.ge.ch &nbsp; Pour les \u00e9l\u00e8ves couverts par l&rsquo;assurance scolaire (Pr\u00e9paratoire, passerelle, technicien ES, auditeur) Formulaire de d\u00e9claration accident scolaire unique vf [&hellip;]\" \/>\n<meta property=\"og:url\" content=\"https:\/\/edurec.ge.ch\/site\/cfpt\/espace-administratif-documents-formulaires\/assurances-accidents\/procedures-et-formulaires\/\" \/>\n<meta property=\"og:site_name\" content=\"CFPT\" \/>\n<meta property=\"article:modified_time\" content=\"2021-10-13T04:42:29+00:00\" \/>\n<meta name=\"twitter:card\" content=\"summary_large_image\" \/>\n<meta name=\"twitter:label1\" content=\"Dur\u00e9e de lecture estim\u00e9e\" \/>\n\t<meta name=\"twitter:data1\" content=\"1 minute\" \/>\n<script type=\"application\/ld+json\" class=\"yoast-schema-graph\">{\"@context\":\"https:\/\/schema.org\",\"@graph\":[{\"@type\":\"WebPage\",\"@id\":\"https:\/\/edurec.ge.ch\/site\/cfpt\/espace-administratif-documents-formulaires\/assurances-accidents\/procedures-et-formulaires\/\",\"url\":\"https:\/\/edurec.ge.ch\/site\/cfpt\/espace-administratif-documents-formulaires\/assurances-accidents\/procedures-et-formulaires\/\",\"name\":\"Proc\u00e9dures et formulaires ~ CFPT\",\"isPartOf\":{\"@id\":\"https:\/\/edurec.ge.ch\/site\/cfpt\/#website\"},\"datePublished\":\"2016-04-14T05:32:39+00:00\",\"dateModified\":\"2021-10-13T04:42:29+00:00\",\"breadcrumb\":{\"@id\":\"https:\/\/edurec.ge.ch\/site\/cfpt\/espace-administratif-documents-formulaires\/assurances-accidents\/procedures-et-formulaires\/#breadcrumb\"},\"inLanguage\":\"fr-FR\",\"potentialAction\":[{\"@type\":\"ReadAction\",\"target\":[\"https:\/\/edurec.ge.ch\/site\/cfpt\/espace-administratif-documents-formulaires\/assurances-accidents\/procedures-et-formulaires\/\"]}]},{\"@type\":\"BreadcrumbList\",\"@id\":\"https:\/\/edurec.ge.ch\/site\/cfpt\/espace-administratif-documents-formulaires\/assurances-accidents\/procedures-et-formulaires\/#breadcrumb\",\"itemListElement\":[{\"@type\":\"ListItem\",\"position\":1,\"name\":\"Accueil\",\"item\":\"https:\/\/edurec.ge.ch\/site\/cfpt\/\"},{\"@type\":\"ListItem\",\"position\":2,\"name\":\"Espace administratif, documents et formulaires\",\"item\":\"https:\/\/edurec.ge.ch\/site\/cfpt\/espace-administratif-documents-formulaires\/\"},{\"@type\":\"ListItem\",\"position\":3,\"name\":\"Assurances accidents\",\"item\":\"https:\/\/edurec.ge.ch\/site\/cfpt\/espace-administratif-documents-formulaires\/assurances-accidents\/\"},{\"@type\":\"ListItem\",\"position\":4,\"name\":\"Proc\u00e9dures et formulaires\"}]},{\"@type\":\"WebSite\",\"@id\":\"https:\/\/edurec.ge.ch\/site\/cfpt\/#website\",\"url\":\"https:\/\/edurec.ge.ch\/site\/cfpt\/\",\"name\":\"CFPT\",\"description\":\"CFP Technique\",\"publisher\":{\"@id\":\"https:\/\/edurec.ge.ch\/site\/cfpt\/#organization\"},\"potentialAction\":[{\"@type\":\"SearchAction\",\"target\":{\"@type\":\"EntryPoint\",\"urlTemplate\":\"https:\/\/edurec.ge.ch\/site\/cfpt\/?s={search_term_string}\"},\"query-input\":{\"@type\":\"PropertyValueSpecification\",\"valueRequired\":true,\"valueName\":\"search_term_string\"}}],\"inLanguage\":\"fr-FR\"},{\"@type\":\"Organization\",\"@id\":\"https:\/\/edurec.ge.ch\/site\/cfpt\/#organization\",\"name\":\"Centre de formation professionnelle technique\",\"url\":\"https:\/\/edurec.ge.ch\/site\/cfpt\/\",\"logo\":{\"@type\":\"ImageObject\",\"inLanguage\":\"fr-FR\",\"@id\":\"https:\/\/edurec.ge.ch\/site\/cfpt\/#\/schema\/logo\/image\/\",\"url\":\"https:\/\/edurec.ge.ch\/site\/cfpt\/wp-content\/uploads\/sites\/112\/2016\/02\/logo-cfpt-site.png\",\"contentUrl\":\"https:\/\/edurec.ge.ch\/site\/cfpt\/wp-content\/uploads\/sites\/112\/2016\/02\/logo-cfpt-site.png\",\"width\":483,\"height\":483,\"caption\":\"Centre de formation professionnelle technique\"},\"image\":{\"@id\":\"https:\/\/edurec.ge.ch\/site\/cfpt\/#\/schema\/logo\/image\/\"}}]}<\/script>\n<!-- \/ Yoast SEO plugin. -->","yoast_head_json":{"title":"Proc\u00e9dures et formulaires ~ CFPT","robots":{"index":"index","follow":"follow","max-snippet":"max-snippet:-1","max-image-preview":"max-image-preview:large","max-video-preview":"max-video-preview:-1"},"canonical":"https:\/\/edurec.ge.ch\/site\/cfpt\/espace-administratif-documents-formulaires\/assurances-accidents\/procedures-et-formulaires\/","og_locale":"fr_FR","og_type":"article","og_title":"Proc\u00e9dures et formulaires ~ CFPT","og_description":"Pour les apprentis en formation CFC en \u00e9cole de m\u00e9tiers Remplir le formulaire ci-dessous SPAP_d\u00e9claration_accident Envoyer par mail ce formulaire a l&rsquo;adresse suivante: gestion.accidents.df@etat.ge.ch NE PAS OUBLIER de l&rsquo;envoyer \u00e9galement au secr\u00e9tariat du cfpt secretariat-cfpt@etat.ge.ch &nbsp; Pour les \u00e9l\u00e8ves couverts par l&rsquo;assurance scolaire (Pr\u00e9paratoire, passerelle, technicien ES, auditeur) Formulaire de d\u00e9claration accident scolaire unique vf [&hellip;]","og_url":"https:\/\/edurec.ge.ch\/site\/cfpt\/espace-administratif-documents-formulaires\/assurances-accidents\/procedures-et-formulaires\/","og_site_name":"CFPT","article_modified_time":"2021-10-13T04:42:29+00:00","twitter_card":"summary_large_image","twitter_misc":{"Dur\u00e9e de lecture estim\u00e9e":"1 minute"},"schema":{"@context":"https:\/\/schema.org","@graph":[{"@type":"WebPage","@id":"https:\/\/edurec.ge.ch\/site\/cfpt\/espace-administratif-documents-formulaires\/assurances-accidents\/procedures-et-formulaires\/","url":"https:\/\/edurec.ge.ch\/site\/cfpt\/espace-administratif-documents-formulaires\/assurances-accidents\/procedures-et-formulaires\/","name":"Proc\u00e9dures et formulaires ~ CFPT","isPartOf":{"@id":"https:\/\/edurec.ge.ch\/site\/cfpt\/#website"},"datePublished":"2016-04-14T05:32:39+00:00","dateModified":"2021-10-13T04:42:29+00:00","breadcrumb":{"@id":"https:\/\/edurec.ge.ch\/site\/cfpt\/espace-administratif-documents-formulaires\/assurances-accidents\/procedures-et-formulaires\/#breadcrumb"},"inLanguage":"fr-FR","potentialAction":[{"@type":"ReadAction","target":["https:\/\/edurec.ge.ch\/site\/cfpt\/espace-administratif-documents-formulaires\/assurances-accidents\/procedures-et-formulaires\/"]}]},{"@type":"BreadcrumbList","@id":"https:\/\/edurec.ge.ch\/site\/cfpt\/espace-administratif-documents-formulaires\/assurances-accidents\/procedures-et-formulaires\/#breadcrumb","itemListElement":[{"@type":"ListItem","position":1,"name":"Accueil","item":"https:\/\/edurec.ge.ch\/site\/cfpt\/"},{"@type":"ListItem","position":2,"name":"Espace administratif, documents et formulaires","item":"https:\/\/edurec.ge.ch\/site\/cfpt\/espace-administratif-documents-formulaires\/"},{"@type":"ListItem","position":3,"name":"Assurances accidents","item":"https:\/\/edurec.ge.ch\/site\/cfpt\/espace-administratif-documents-formulaires\/assurances-accidents\/"},{"@type":"ListItem","position":4,"name":"Proc\u00e9dures et formulaires"}]},{"@type":"WebSite","@id":"https:\/\/edurec.ge.ch\/site\/cfpt\/#website","url":"https:\/\/edurec.ge.ch\/site\/cfpt\/","name":"CFPT","description":"CFP Technique","publisher":{"@id":"https:\/\/edurec.ge.ch\/site\/cfpt\/#organization"},"potentialAction":[{"@type":"SearchAction","target":{"@type":"EntryPoint","urlTemplate":"https:\/\/edurec.ge.ch\/site\/cfpt\/?s={search_term_string}"},"query-input":{"@type":"PropertyValueSpecification","valueRequired":true,"valueName":"search_term_string"}}],"inLanguage":"fr-FR"},{"@type":"Organization","@id":"https:\/\/edurec.ge.ch\/site\/cfpt\/#organization","name":"Centre de formation professionnelle technique","url":"https:\/\/edurec.ge.ch\/site\/cfpt\/","logo":{"@type":"ImageObject","inLanguage":"fr-FR","@id":"https:\/\/edurec.ge.ch\/site\/cfpt\/#\/schema\/logo\/image\/","url":"https:\/\/edurec.ge.ch\/site\/cfpt\/wp-content\/uploads\/sites\/112\/2016\/02\/logo-cfpt-site.png","contentUrl":"https:\/\/edurec.ge.ch\/site\/cfpt\/wp-content\/uploads\/sites\/112\/2016\/02\/logo-cfpt-site.png","width":483,"height":483,"caption":"Centre de formation professionnelle technique"},"image":{"@id":"https:\/\/edurec.ge.ch\/site\/cfpt\/#\/schema\/logo\/image\/"}}]}},"publishpress_future_action":{"enabled":false,"date":"2026-05-24 20:31:25","action":"change-status","newStatus":"draft","terms":[],"taxonomy":"","extraData":[]},"publishpress_future_workflow_manual_trigger":{"enabledWorkflows":[]},"_links":{"self":[{"href":"https:\/\/edurec.ge.ch\/site\/cfpt\/wp-json\/wp\/v2\/pages\/918","targetHints":{"allow":["GET"]}}],"collection":[{"href":"https:\/\/edurec.ge.ch\/site\/cfpt\/wp-json\/wp\/v2\/pages"}],"about":[{"href":"https:\/\/edurec.ge.ch\/site\/cfpt\/wp-json\/wp\/v2\/types\/page"}],"author":[{"embeddable":true,"href":"https:\/\/edurec.ge.ch\/site\/cfpt\/wp-json\/wp\/v2\/users\/1235"}],"replies":[{"embeddable":true,"href":"https:\/\/edurec.ge.ch\/site\/cfpt\/wp-json\/wp\/v2\/comments?post=918"}],"version-history":[{"count":13,"href":"https:\/\/edurec.ge.ch\/site\/cfpt\/wp-json\/wp\/v2\/pages\/918\/revisions"}],"predecessor-version":[{"id":10429,"href":"https:\/\/edurec.ge.ch\/site\/cfpt\/wp-json\/wp\/v2\/pages\/918\/revisions\/10429"}],"up":[{"embeddable":true,"href":"https:\/\/edurec.ge.ch\/site\/cfpt\/wp-json\/wp\/v2\/pages\/759"}],"wp:attachment":[{"href":"https:\/\/edurec.ge.ch\/site\/cfpt\/wp-json\/wp\/v2\/media?parent=918"}],"curies":[{"name":"wp","href":"https:\/\/api.w.org\/{rel}","templated":true}]}}