{"id":8630,"date":"2020-09-07T14:26:35","date_gmt":"2020-09-07T13:26:35","guid":{"rendered":"https:\/\/edurec.ge.ch\/site\/cfpt\/?page_id=8630"},"modified":"2020-09-07T14:37:18","modified_gmt":"2020-09-07T13:37:18","slug":"amenagements-scolaires-eleves-a-besoins-specifiques","status":"publish","type":"page","link":"https:\/\/edurec.ge.ch\/site\/cfpt\/amenagements-scolaires-eleves-a-besoins-specifiques\/","title":{"rendered":"Am\u00e9nagements scolaires pour les \u00e9l\u00e8ves \u00e0 besoins sp\u00e9cifiques"},"content":{"rendered":"<ul>\n<li><a href=\"https:\/\/edurec.ge.ch\/site\/cfpt\/wp-content\/uploads\/sites\/112\/2020\/09\/Lettre-\u00e9l\u00e8ves-\u00e0-besoins-sp\u00e9cifiques-V3.pdf\">Demande de mesures d&rsquo;am\u00e9nagements scolaires<\/a><\/li>\n<li><a href=\"https:\/\/edurec.ge.ch\/site\/cfpt\/wp-content\/uploads\/sites\/112\/2020\/09\/Flyer_ecole_hopital.pdf\">Aide aux \u00e9l\u00e8ves hospitalis\u00e9s<\/a><\/li>\n<\/ul>\n","protected":false},"excerpt":{"rendered":"<p>Demande de mesures d&rsquo;am\u00e9nagements scolaires Aide aux \u00e9l\u00e8ves hospitalis\u00e9s<\/p>\n","protected":false},"author":1235,"featured_media":0,"parent":0,"menu_order":0,"comment_status":"closed","ping_status":"closed","template":"","meta":{"footnotes":""},"class_list":["post-8630","page","type-page","status-publish","czr-hentry"],"yoast_head":"<!-- This site is optimized with the Yoast SEO plugin v26.4 - https:\/\/yoast.com\/wordpress\/plugins\/seo\/ -->\n<title>Am\u00e9nagements scolaires pour les \u00e9l\u00e8ves \u00e0 besoins sp\u00e9cifiques ~ CFPT<\/title>\n<meta name=\"robots\" content=\"index, follow, max-snippet:-1, max-image-preview:large, max-video-preview:-1\" \/>\n<link rel=\"canonical\" href=\"https:\/\/edurec.ge.ch\/site\/cfpt\/amenagements-scolaires-eleves-a-besoins-specifiques\/\" \/>\n<meta property=\"og:locale\" content=\"fr_FR\" \/>\n<meta property=\"og:type\" content=\"article\" \/>\n<meta property=\"og:title\" content=\"Am\u00e9nagements scolaires pour les \u00e9l\u00e8ves \u00e0 besoins sp\u00e9cifiques ~ CFPT\" \/>\n<meta property=\"og:description\" content=\"Demande de mesures d&rsquo;am\u00e9nagements scolaires Aide aux \u00e9l\u00e8ves hospitalis\u00e9s\" \/>\n<meta property=\"og:url\" content=\"https:\/\/edurec.ge.ch\/site\/cfpt\/amenagements-scolaires-eleves-a-besoins-specifiques\/\" \/>\n<meta property=\"og:site_name\" content=\"CFPT\" \/>\n<meta property=\"article:modified_time\" content=\"2020-09-07T13:37:18+00:00\" \/>\n<meta name=\"twitter:card\" content=\"summary_large_image\" \/>\n<script type=\"application\/ld+json\" class=\"yoast-schema-graph\">{\"@context\":\"https:\/\/schema.org\",\"@graph\":[{\"@type\":\"WebPage\",\"@id\":\"https:\/\/edurec.ge.ch\/site\/cfpt\/amenagements-scolaires-eleves-a-besoins-specifiques\/\",\"url\":\"https:\/\/edurec.ge.ch\/site\/cfpt\/amenagements-scolaires-eleves-a-besoins-specifiques\/\",\"name\":\"Am\u00e9nagements scolaires pour les \u00e9l\u00e8ves \u00e0 besoins sp\u00e9cifiques ~ CFPT\",\"isPartOf\":{\"@id\":\"https:\/\/edurec.ge.ch\/site\/cfpt\/#website\"},\"datePublished\":\"2020-09-07T13:26:35+00:00\",\"dateModified\":\"2020-09-07T13:37:18+00:00\",\"breadcrumb\":{\"@id\":\"https:\/\/edurec.ge.ch\/site\/cfpt\/amenagements-scolaires-eleves-a-besoins-specifiques\/#breadcrumb\"},\"inLanguage\":\"fr-FR\",\"potentialAction\":[{\"@type\":\"ReadAction\",\"target\":[\"https:\/\/edurec.ge.ch\/site\/cfpt\/amenagements-scolaires-eleves-a-besoins-specifiques\/\"]}]},{\"@type\":\"BreadcrumbList\",\"@id\":\"https:\/\/edurec.ge.ch\/site\/cfpt\/amenagements-scolaires-eleves-a-besoins-specifiques\/#breadcrumb\",\"itemListElement\":[{\"@type\":\"ListItem\",\"position\":1,\"name\":\"Accueil\",\"item\":\"https:\/\/edurec.ge.ch\/site\/cfpt\/\"},{\"@type\":\"ListItem\",\"position\":2,\"name\":\"Am\u00e9nagements scolaires pour les \u00e9l\u00e8ves \u00e0 besoins sp\u00e9cifiques\"}]},{\"@type\":\"WebSite\",\"@id\":\"https:\/\/edurec.ge.ch\/site\/cfpt\/#website\",\"url\":\"https:\/\/edurec.ge.ch\/site\/cfpt\/\",\"name\":\"CFPT\",\"description\":\"CFP Technique\",\"publisher\":{\"@id\":\"https:\/\/edurec.ge.ch\/site\/cfpt\/#organization\"},\"potentialAction\":[{\"@type\":\"SearchAction\",\"target\":{\"@type\":\"EntryPoint\",\"urlTemplate\":\"https:\/\/edurec.ge.ch\/site\/cfpt\/?s={search_term_string}\"},\"query-input\":{\"@type\":\"PropertyValueSpecification\",\"valueRequired\":true,\"valueName\":\"search_term_string\"}}],\"inLanguage\":\"fr-FR\"},{\"@type\":\"Organization\",\"@id\":\"https:\/\/edurec.ge.ch\/site\/cfpt\/#organization\",\"name\":\"Centre de formation professionnelle technique\",\"url\":\"https:\/\/edurec.ge.ch\/site\/cfpt\/\",\"logo\":{\"@type\":\"ImageObject\",\"inLanguage\":\"fr-FR\",\"@id\":\"https:\/\/edurec.ge.ch\/site\/cfpt\/#\/schema\/logo\/image\/\",\"url\":\"https:\/\/edurec.ge.ch\/site\/cfpt\/wp-content\/uploads\/sites\/112\/2016\/02\/logo-cfpt-site.png\",\"contentUrl\":\"https:\/\/edurec.ge.ch\/site\/cfpt\/wp-content\/uploads\/sites\/112\/2016\/02\/logo-cfpt-site.png\",\"width\":483,\"height\":483,\"caption\":\"Centre de formation professionnelle technique\"},\"image\":{\"@id\":\"https:\/\/edurec.ge.ch\/site\/cfpt\/#\/schema\/logo\/image\/\"}}]}<\/script>\n<!-- \/ Yoast SEO plugin. -->","yoast_head_json":{"title":"Am\u00e9nagements scolaires pour les \u00e9l\u00e8ves \u00e0 besoins sp\u00e9cifiques ~ CFPT","robots":{"index":"index","follow":"follow","max-snippet":"max-snippet:-1","max-image-preview":"max-image-preview:large","max-video-preview":"max-video-preview:-1"},"canonical":"https:\/\/edurec.ge.ch\/site\/cfpt\/amenagements-scolaires-eleves-a-besoins-specifiques\/","og_locale":"fr_FR","og_type":"article","og_title":"Am\u00e9nagements scolaires pour les \u00e9l\u00e8ves \u00e0 besoins sp\u00e9cifiques ~ CFPT","og_description":"Demande de mesures d&rsquo;am\u00e9nagements scolaires Aide aux \u00e9l\u00e8ves hospitalis\u00e9s","og_url":"https:\/\/edurec.ge.ch\/site\/cfpt\/amenagements-scolaires-eleves-a-besoins-specifiques\/","og_site_name":"CFPT","article_modified_time":"2020-09-07T13:37:18+00:00","twitter_card":"summary_large_image","schema":{"@context":"https:\/\/schema.org","@graph":[{"@type":"WebPage","@id":"https:\/\/edurec.ge.ch\/site\/cfpt\/amenagements-scolaires-eleves-a-besoins-specifiques\/","url":"https:\/\/edurec.ge.ch\/site\/cfpt\/amenagements-scolaires-eleves-a-besoins-specifiques\/","name":"Am\u00e9nagements scolaires pour les \u00e9l\u00e8ves \u00e0 besoins sp\u00e9cifiques ~ CFPT","isPartOf":{"@id":"https:\/\/edurec.ge.ch\/site\/cfpt\/#website"},"datePublished":"2020-09-07T13:26:35+00:00","dateModified":"2020-09-07T13:37:18+00:00","breadcrumb":{"@id":"https:\/\/edurec.ge.ch\/site\/cfpt\/amenagements-scolaires-eleves-a-besoins-specifiques\/#breadcrumb"},"inLanguage":"fr-FR","potentialAction":[{"@type":"ReadAction","target":["https:\/\/edurec.ge.ch\/site\/cfpt\/amenagements-scolaires-eleves-a-besoins-specifiques\/"]}]},{"@type":"BreadcrumbList","@id":"https:\/\/edurec.ge.ch\/site\/cfpt\/amenagements-scolaires-eleves-a-besoins-specifiques\/#breadcrumb","itemListElement":[{"@type":"ListItem","position":1,"name":"Accueil","item":"https:\/\/edurec.ge.ch\/site\/cfpt\/"},{"@type":"ListItem","position":2,"name":"Am\u00e9nagements scolaires pour les \u00e9l\u00e8ves \u00e0 besoins sp\u00e9cifiques"}]},{"@type":"WebSite","@id":"https:\/\/edurec.ge.ch\/site\/cfpt\/#website","url":"https:\/\/edurec.ge.ch\/site\/cfpt\/","name":"CFPT","description":"CFP Technique","publisher":{"@id":"https:\/\/edurec.ge.ch\/site\/cfpt\/#organization"},"potentialAction":[{"@type":"SearchAction","target":{"@type":"EntryPoint","urlTemplate":"https:\/\/edurec.ge.ch\/site\/cfpt\/?s={search_term_string}"},"query-input":{"@type":"PropertyValueSpecification","valueRequired":true,"valueName":"search_term_string"}}],"inLanguage":"fr-FR"},{"@type":"Organization","@id":"https:\/\/edurec.ge.ch\/site\/cfpt\/#organization","name":"Centre de formation professionnelle technique","url":"https:\/\/edurec.ge.ch\/site\/cfpt\/","logo":{"@type":"ImageObject","inLanguage":"fr-FR","@id":"https:\/\/edurec.ge.ch\/site\/cfpt\/#\/schema\/logo\/image\/","url":"https:\/\/edurec.ge.ch\/site\/cfpt\/wp-content\/uploads\/sites\/112\/2016\/02\/logo-cfpt-site.png","contentUrl":"https:\/\/edurec.ge.ch\/site\/cfpt\/wp-content\/uploads\/sites\/112\/2016\/02\/logo-cfpt-site.png","width":483,"height":483,"caption":"Centre de formation professionnelle technique"},"image":{"@id":"https:\/\/edurec.ge.ch\/site\/cfpt\/#\/schema\/logo\/image\/"}}]}},"publishpress_future_action":{"enabled":false,"date":"2026-05-24 15:17:29","action":"change-status","newStatus":"draft","terms":[],"taxonomy":"","extraData":[]},"publishpress_future_workflow_manual_trigger":{"enabledWorkflows":[]},"_links":{"self":[{"href":"https:\/\/edurec.ge.ch\/site\/cfpt\/wp-json\/wp\/v2\/pages\/8630","targetHints":{"allow":["GET"]}}],"collection":[{"href":"https:\/\/edurec.ge.ch\/site\/cfpt\/wp-json\/wp\/v2\/pages"}],"about":[{"href":"https:\/\/edurec.ge.ch\/site\/cfpt\/wp-json\/wp\/v2\/types\/page"}],"author":[{"embeddable":true,"href":"https:\/\/edurec.ge.ch\/site\/cfpt\/wp-json\/wp\/v2\/users\/1235"}],"replies":[{"embeddable":true,"href":"https:\/\/edurec.ge.ch\/site\/cfpt\/wp-json\/wp\/v2\/comments?post=8630"}],"version-history":[{"count":5,"href":"https:\/\/edurec.ge.ch\/site\/cfpt\/wp-json\/wp\/v2\/pages\/8630\/revisions"}],"predecessor-version":[{"id":8636,"href":"https:\/\/edurec.ge.ch\/site\/cfpt\/wp-json\/wp\/v2\/pages\/8630\/revisions\/8636"}],"wp:attachment":[{"href":"https:\/\/edurec.ge.ch\/site\/cfpt\/wp-json\/wp\/v2\/media?parent=8630"}],"curies":[{"name":"wp","href":"https:\/\/api.w.org\/{rel}","templated":true}]}}