{"id":74,"date":"2016-02-29T15:17:55","date_gmt":"2016-02-29T14:17:55","guid":{"rendered":"https:\/\/edurec.ge.ch\/site\/cfpt\/?page_id=74"},"modified":"2024-12-18T06:58:13","modified_gmt":"2024-12-18T05:58:13","slug":"service-militaire","status":"publish","type":"page","link":"https:\/\/edurec.ge.ch\/site\/cfpt\/espace-administratif-documents-formulaires\/service-militaire\/","title":{"rendered":"Service militaire"},"content":{"rendered":"<h1 style=\"text-align: center\"><strong>Pour les \u00e9l\u00e8ves du CFPT, du CFPC et du CFPSHR<\/strong><\/h1>\n<h2 style=\"text-align: center\"><strong>Demande de report pour l\u2019arm\u00e9e ou la protection civile<\/strong><\/h2>\n<p>&nbsp;<\/p>\n<p style=\"text-align: center\">Le site internet du d\u00e9partement militaire\u00a0<a href=\"https:\/\/www.armee.ch\/fr\" target=\"_blank\" rel=\"noopener\">Arm\u00e9e suisse | Arm\u00e9e suisse d\u00e9fend<\/a> r\u00e9pond \u00e0 toutes les questions concernant le service, les \u00e9tudes et l\u2019arm\u00e9e.<\/p>\n<p>&nbsp;<\/p>\n<p>Monsieur Fran\u00e7ois Cathrein est \u00e0 votre disposition pour vous renseigner pour toutes demandes de d\u00e9placement pour\u00a0:<\/p>\n<ul>\n<li><strong>La journ\u00e9e d\u2019information<\/strong><\/li>\n<\/ul>\n<ul>\n<li><strong>Le recrutement<\/strong><\/li>\n<\/ul>\n<ul>\n<li><strong><strong>L\u2019\u00e9cole de recrues<\/strong><\/strong><\/li>\n<li><strong>Un cours de r\u00e9p\u00e9tition<\/strong><\/li>\n<\/ul>\n<p>En cas de demande de d\u00e9placement, veuillez-vous prendre rendez-vous avec Monsieur Fran\u00e7ois CATHREIN et vous munir des documents suivants\u00a0:<\/p>\n<ul>\n<li>Attestation de scolarit\u00e9 re\u00e7ue \u00e0 la rentr\u00e9e scolaire ou attestation de l\u2019\u00e9cole \u00e0 demander au secr\u00e9tariat de l\u2019\u00e9cole concern\u00e9e<\/li>\n<li>Lettre re\u00e7ue pour annoncer l\u2019ER, le CR ou la PC, avis de service, ordre de marche<\/li>\n<li>Dates de la fin de formation<\/li>\n<li>Dates des examens partiels et finaux et des \u00e9preuves importantes (r\u00e9capitulatives, etc.)<\/li>\n<li>Dates des stages, si applicables<\/li>\n<li>Livret de service, si d\u00e9j\u00e0 en votre possession<\/li>\n<\/ul>\n<p><strong><em><u>ATTENTION<\/u><\/em><\/strong><strong><em>\u00a0: \u00a0\u00a0\u00a0\u00a0\u00a0\u00a0\u00a0\u00a0 Toute demande doit \u00eatre faite au plus tard <u>14 semaines<\/u> avant l\u2019entr\u00e9e en service\u00a0!<\/em><\/strong><\/p>\n<p><strong>Pour prendre rendez-vous, ou pour toutes questions\u00a0:<\/strong><\/p>\n<p>Monsieur Fran\u00e7ois CATHREIN<br \/>\nT\u00e9l\u00e9phone\u00a0: 022 388 88 43 ou 078\u00a0697 75 31 (laissez un message)<br \/>\nMail\u00a0: <a href=\"mailto:francois.cathrein@edurec.ge.ch\">francois.cathrein@edurec.ge.ch<\/a><\/p>\n<p>Son bureau se trouve\u00a0:<br \/>\nEcole de M\u00e9catronique Industrielle<br \/>\nSalle M205, 2<sup>\u00e8me<\/sup> \u00e9tage<br \/>\n38 avenue Louis-Bertrand<br \/>\n1213 Petit-Lancy.<\/p>\n<p>&nbsp;<\/p>\n","protected":false},"excerpt":{"rendered":"<p>Pour les \u00e9l\u00e8ves du CFPT, du CFPC et du CFPSHR Demande de report pour l\u2019arm\u00e9e ou la protection civile &nbsp; Le site internet du d\u00e9partement militaire\u00a0Arm\u00e9e suisse | Arm\u00e9e suisse d\u00e9fend r\u00e9pond \u00e0 toutes les questions concernant le service, les \u00e9tudes et l\u2019arm\u00e9e. &nbsp; Monsieur Fran\u00e7ois Cathrein est \u00e0 votre disposition pour vous renseigner pour [&hellip;]<\/p>\n","protected":false},"author":1235,"featured_media":0,"parent":4227,"menu_order":86,"comment_status":"closed","ping_status":"closed","template":"","meta":{"footnotes":""},"class_list":["post-74","page","type-page","status-publish","czr-hentry"],"yoast_head":"<!-- This site is optimized with the Yoast SEO plugin v26.4 - https:\/\/yoast.com\/wordpress\/plugins\/seo\/ -->\n<title>Service militaire ~ CFPT<\/title>\n<meta name=\"robots\" content=\"index, follow, max-snippet:-1, max-image-preview:large, max-video-preview:-1\" \/>\n<link rel=\"canonical\" href=\"https:\/\/edurec.ge.ch\/site\/cfpt\/espace-administratif-documents-formulaires\/service-militaire\/\" \/>\n<meta property=\"og:locale\" content=\"fr_FR\" \/>\n<meta property=\"og:type\" content=\"article\" \/>\n<meta property=\"og:title\" content=\"Service militaire ~ CFPT\" \/>\n<meta property=\"og:description\" content=\"Pour les \u00e9l\u00e8ves du CFPT, du CFPC et du CFPSHR Demande de report pour l\u2019arm\u00e9e ou la protection civile &nbsp; Le site internet du d\u00e9partement militaire\u00a0Arm\u00e9e suisse | Arm\u00e9e suisse d\u00e9fend r\u00e9pond \u00e0 toutes les questions concernant le service, les \u00e9tudes et l\u2019arm\u00e9e. &nbsp; Monsieur Fran\u00e7ois Cathrein est \u00e0 votre disposition pour vous renseigner pour [&hellip;]\" \/>\n<meta property=\"og:url\" content=\"https:\/\/edurec.ge.ch\/site\/cfpt\/espace-administratif-documents-formulaires\/service-militaire\/\" \/>\n<meta property=\"og:site_name\" content=\"CFPT\" \/>\n<meta property=\"article:modified_time\" content=\"2024-12-18T05:58:13+00:00\" \/>\n<meta name=\"twitter:card\" content=\"summary_large_image\" \/>\n<meta name=\"twitter:label1\" content=\"Dur\u00e9e de lecture estim\u00e9e\" \/>\n\t<meta name=\"twitter:data1\" content=\"2 minutes\" \/>\n<script type=\"application\/ld+json\" class=\"yoast-schema-graph\">{\"@context\":\"https:\/\/schema.org\",\"@graph\":[{\"@type\":\"WebPage\",\"@id\":\"https:\/\/edurec.ge.ch\/site\/cfpt\/espace-administratif-documents-formulaires\/service-militaire\/\",\"url\":\"https:\/\/edurec.ge.ch\/site\/cfpt\/espace-administratif-documents-formulaires\/service-militaire\/\",\"name\":\"Service militaire ~ CFPT\",\"isPartOf\":{\"@id\":\"https:\/\/edurec.ge.ch\/site\/cfpt\/#website\"},\"datePublished\":\"2016-02-29T14:17:55+00:00\",\"dateModified\":\"2024-12-18T05:58:13+00:00\",\"breadcrumb\":{\"@id\":\"https:\/\/edurec.ge.ch\/site\/cfpt\/espace-administratif-documents-formulaires\/service-militaire\/#breadcrumb\"},\"inLanguage\":\"fr-FR\",\"potentialAction\":[{\"@type\":\"ReadAction\",\"target\":[\"https:\/\/edurec.ge.ch\/site\/cfpt\/espace-administratif-documents-formulaires\/service-militaire\/\"]}]},{\"@type\":\"BreadcrumbList\",\"@id\":\"https:\/\/edurec.ge.ch\/site\/cfpt\/espace-administratif-documents-formulaires\/service-militaire\/#breadcrumb\",\"itemListElement\":[{\"@type\":\"ListItem\",\"position\":1,\"name\":\"Accueil\",\"item\":\"https:\/\/edurec.ge.ch\/site\/cfpt\/\"},{\"@type\":\"ListItem\",\"position\":2,\"name\":\"Espace administratif, documents et formulaires\",\"item\":\"https:\/\/edurec.ge.ch\/site\/cfpt\/espace-administratif-documents-formulaires\/\"},{\"@type\":\"ListItem\",\"position\":3,\"name\":\"Service militaire\"}]},{\"@type\":\"WebSite\",\"@id\":\"https:\/\/edurec.ge.ch\/site\/cfpt\/#website\",\"url\":\"https:\/\/edurec.ge.ch\/site\/cfpt\/\",\"name\":\"CFPT\",\"description\":\"CFP Technique\",\"publisher\":{\"@id\":\"https:\/\/edurec.ge.ch\/site\/cfpt\/#organization\"},\"potentialAction\":[{\"@type\":\"SearchAction\",\"target\":{\"@type\":\"EntryPoint\",\"urlTemplate\":\"https:\/\/edurec.ge.ch\/site\/cfpt\/?s={search_term_string}\"},\"query-input\":{\"@type\":\"PropertyValueSpecification\",\"valueRequired\":true,\"valueName\":\"search_term_string\"}}],\"inLanguage\":\"fr-FR\"},{\"@type\":\"Organization\",\"@id\":\"https:\/\/edurec.ge.ch\/site\/cfpt\/#organization\",\"name\":\"Centre de formation professionnelle technique\",\"url\":\"https:\/\/edurec.ge.ch\/site\/cfpt\/\",\"logo\":{\"@type\":\"ImageObject\",\"inLanguage\":\"fr-FR\",\"@id\":\"https:\/\/edurec.ge.ch\/site\/cfpt\/#\/schema\/logo\/image\/\",\"url\":\"https:\/\/edurec.ge.ch\/site\/cfpt\/wp-content\/uploads\/sites\/112\/2016\/02\/logo-cfpt-site.png\",\"contentUrl\":\"https:\/\/edurec.ge.ch\/site\/cfpt\/wp-content\/uploads\/sites\/112\/2016\/02\/logo-cfpt-site.png\",\"width\":483,\"height\":483,\"caption\":\"Centre de formation professionnelle technique\"},\"image\":{\"@id\":\"https:\/\/edurec.ge.ch\/site\/cfpt\/#\/schema\/logo\/image\/\"}}]}<\/script>\n<!-- \/ Yoast SEO plugin. -->","yoast_head_json":{"title":"Service militaire ~ CFPT","robots":{"index":"index","follow":"follow","max-snippet":"max-snippet:-1","max-image-preview":"max-image-preview:large","max-video-preview":"max-video-preview:-1"},"canonical":"https:\/\/edurec.ge.ch\/site\/cfpt\/espace-administratif-documents-formulaires\/service-militaire\/","og_locale":"fr_FR","og_type":"article","og_title":"Service militaire ~ CFPT","og_description":"Pour les \u00e9l\u00e8ves du CFPT, du CFPC et du CFPSHR Demande de report pour l\u2019arm\u00e9e ou la protection civile &nbsp; Le site internet du d\u00e9partement militaire\u00a0Arm\u00e9e suisse | Arm\u00e9e suisse d\u00e9fend r\u00e9pond \u00e0 toutes les questions concernant le service, les \u00e9tudes et l\u2019arm\u00e9e. &nbsp; Monsieur Fran\u00e7ois Cathrein est \u00e0 votre disposition pour vous renseigner pour [&hellip;]","og_url":"https:\/\/edurec.ge.ch\/site\/cfpt\/espace-administratif-documents-formulaires\/service-militaire\/","og_site_name":"CFPT","article_modified_time":"2024-12-18T05:58:13+00:00","twitter_card":"summary_large_image","twitter_misc":{"Dur\u00e9e de lecture estim\u00e9e":"2 minutes"},"schema":{"@context":"https:\/\/schema.org","@graph":[{"@type":"WebPage","@id":"https:\/\/edurec.ge.ch\/site\/cfpt\/espace-administratif-documents-formulaires\/service-militaire\/","url":"https:\/\/edurec.ge.ch\/site\/cfpt\/espace-administratif-documents-formulaires\/service-militaire\/","name":"Service militaire ~ CFPT","isPartOf":{"@id":"https:\/\/edurec.ge.ch\/site\/cfpt\/#website"},"datePublished":"2016-02-29T14:17:55+00:00","dateModified":"2024-12-18T05:58:13+00:00","breadcrumb":{"@id":"https:\/\/edurec.ge.ch\/site\/cfpt\/espace-administratif-documents-formulaires\/service-militaire\/#breadcrumb"},"inLanguage":"fr-FR","potentialAction":[{"@type":"ReadAction","target":["https:\/\/edurec.ge.ch\/site\/cfpt\/espace-administratif-documents-formulaires\/service-militaire\/"]}]},{"@type":"BreadcrumbList","@id":"https:\/\/edurec.ge.ch\/site\/cfpt\/espace-administratif-documents-formulaires\/service-militaire\/#breadcrumb","itemListElement":[{"@type":"ListItem","position":1,"name":"Accueil","item":"https:\/\/edurec.ge.ch\/site\/cfpt\/"},{"@type":"ListItem","position":2,"name":"Espace administratif, documents et formulaires","item":"https:\/\/edurec.ge.ch\/site\/cfpt\/espace-administratif-documents-formulaires\/"},{"@type":"ListItem","position":3,"name":"Service militaire"}]},{"@type":"WebSite","@id":"https:\/\/edurec.ge.ch\/site\/cfpt\/#website","url":"https:\/\/edurec.ge.ch\/site\/cfpt\/","name":"CFPT","description":"CFP Technique","publisher":{"@id":"https:\/\/edurec.ge.ch\/site\/cfpt\/#organization"},"potentialAction":[{"@type":"SearchAction","target":{"@type":"EntryPoint","urlTemplate":"https:\/\/edurec.ge.ch\/site\/cfpt\/?s={search_term_string}"},"query-input":{"@type":"PropertyValueSpecification","valueRequired":true,"valueName":"search_term_string"}}],"inLanguage":"fr-FR"},{"@type":"Organization","@id":"https:\/\/edurec.ge.ch\/site\/cfpt\/#organization","name":"Centre de formation professionnelle technique","url":"https:\/\/edurec.ge.ch\/site\/cfpt\/","logo":{"@type":"ImageObject","inLanguage":"fr-FR","@id":"https:\/\/edurec.ge.ch\/site\/cfpt\/#\/schema\/logo\/image\/","url":"https:\/\/edurec.ge.ch\/site\/cfpt\/wp-content\/uploads\/sites\/112\/2016\/02\/logo-cfpt-site.png","contentUrl":"https:\/\/edurec.ge.ch\/site\/cfpt\/wp-content\/uploads\/sites\/112\/2016\/02\/logo-cfpt-site.png","width":483,"height":483,"caption":"Centre de formation professionnelle technique"},"image":{"@id":"https:\/\/edurec.ge.ch\/site\/cfpt\/#\/schema\/logo\/image\/"}}]}},"publishpress_future_action":{"enabled":false,"date":"2026-05-24 15:11:46","action":"change-status","newStatus":"draft","terms":[],"taxonomy":"","extraData":[]},"publishpress_future_workflow_manual_trigger":{"enabledWorkflows":[]},"_links":{"self":[{"href":"https:\/\/edurec.ge.ch\/site\/cfpt\/wp-json\/wp\/v2\/pages\/74","targetHints":{"allow":["GET"]}}],"collection":[{"href":"https:\/\/edurec.ge.ch\/site\/cfpt\/wp-json\/wp\/v2\/pages"}],"about":[{"href":"https:\/\/edurec.ge.ch\/site\/cfpt\/wp-json\/wp\/v2\/types\/page"}],"author":[{"embeddable":true,"href":"https:\/\/edurec.ge.ch\/site\/cfpt\/wp-json\/wp\/v2\/users\/1235"}],"replies":[{"embeddable":true,"href":"https:\/\/edurec.ge.ch\/site\/cfpt\/wp-json\/wp\/v2\/comments?post=74"}],"version-history":[{"count":30,"href":"https:\/\/edurec.ge.ch\/site\/cfpt\/wp-json\/wp\/v2\/pages\/74\/revisions"}],"predecessor-version":[{"id":13791,"href":"https:\/\/edurec.ge.ch\/site\/cfpt\/wp-json\/wp\/v2\/pages\/74\/revisions\/13791"}],"up":[{"embeddable":true,"href":"https:\/\/edurec.ge.ch\/site\/cfpt\/wp-json\/wp\/v2\/pages\/4227"}],"wp:attachment":[{"href":"https:\/\/edurec.ge.ch\/site\/cfpt\/wp-json\/wp\/v2\/media?parent=74"}],"curies":[{"name":"wp","href":"https:\/\/api.w.org\/{rel}","templated":true}]}}