{"id":72,"date":"2016-02-29T15:17:25","date_gmt":"2016-02-29T14:17:25","guid":{"rendered":"https:\/\/edurec.ge.ch\/site\/cfpt\/?page_id=72"},"modified":"2024-11-08T08:54:59","modified_gmt":"2024-11-08T07:54:59","slug":"service-social","status":"publish","type":"page","link":"https:\/\/edurec.ge.ch\/site\/cfpt\/espace-administratif-documents-formulaires\/service-social\/","title":{"rendered":"Service sant\u00e9 et service social"},"content":{"rendered":"<div id=\"pl-72\"  class=\"panel-layout\" ><div id=\"pg-72-0\"  class=\"panel-grid panel-no-style\" ><div id=\"pgc-72-0-0\"  class=\"panel-grid-cell\" ><div id=\"panel-72-0-0-0\" class=\"so-panel widget widget_sow-editor panel-first-child panel-last-child\" data-index=\"0\" ><div\n\t\t\t\n\t\t\tclass=\"so-widget-sow-editor so-widget-sow-editor-base\"\n\t\t\t\n\t\t><h3 class=\"widget-title\">Service sant\u00e9<\/h3>\n<div class=\"siteorigin-widget-tinymce textwidget\">\n\t<\/div>\n<\/div><\/div><\/div><div id=\"pgc-72-0-1\"  class=\"panel-grid-cell\" ><div id=\"panel-72-0-1-0\" class=\"so-panel widget widget_sow-editor panel-first-child panel-last-child\" data-index=\"1\" ><div\n\t\t\t\n\t\t\tclass=\"so-widget-sow-editor so-widget-sow-editor-base\"\n\t\t\t\n\t\t><h3 class=\"widget-title\">Service social - Coup de Pouce   <\/h3>\n<div class=\"siteorigin-widget-tinymce textwidget\">\n\t<\/div>\n<\/div><\/div><\/div><\/div><div id=\"pg-72-1\"  class=\"panel-grid panel-no-style\" ><div id=\"pgc-72-1-0\"  class=\"panel-grid-cell\" ><div id=\"panel-72-1-0-0\" class=\"so-panel widget widget_sow-editor panel-first-child panel-last-child\" data-index=\"2\" ><div\n\t\t\t\n\t\t\tclass=\"so-widget-sow-editor so-widget-sow-editor-base\"\n\t\t\t\n\t\t>\n<div class=\"siteorigin-widget-tinymce textwidget\">\n\t<h3 style=\"text-align: center\"><a href=\"https:\/\/edurec.ge.ch\/site\/cfpt\/wp-content\/uploads\/sites\/112\/2024\/09\/Horaire-du-coup-de-pouce-AS-2024-2025.pdf\" target=\"_blank\" rel=\"noopener\"><span style=\"color: #339966\">Horaires et permanences<\/span><\/a><\/h3>\n<\/div>\n<\/div><\/div><\/div><\/div><div id=\"pg-72-2\"  class=\"panel-grid panel-no-style\" ><div id=\"pgc-72-2-0\"  class=\"panel-grid-cell\" ><div id=\"panel-72-2-0-0\" class=\"so-panel widget widget_sow-editor panel-first-child panel-last-child\" data-index=\"3\" ><div\n\t\t\t\n\t\t\tclass=\"so-widget-sow-editor so-widget-sow-editor-base\"\n\t\t\t\n\t\t>\n<div class=\"siteorigin-widget-tinymce textwidget\">\n\t<p>En respectant la personne et le secret m\u00e9dical, le personnel infirmier de sant\u00e9 publique est \u00e0 disposition des \u00e9l\u00e8ves pour:<\/p>\n<p>conseils<\/p>\n<p>pr\u00e9vention<\/p>\n<p>\u00e9coute<br \/>\nquestion concernant votre sant\u00e9 en g\u00e9n\u00e9ral<br \/>\nsommeil, alimentation<br \/>\ngestion du stress<br \/>\nmal \u00eatre<br \/>\nprises de risque (tabac, alcool, cannabis, sexualit\u00e9, etc.)<br \/>\nsant\u00e9 au travail.<\/p>\n<p>Une pr\u00e9sence infirmi\u00e8re est organis\u00e9e dans les \u00e9coles par le Service Sant\u00e9 de la Jeunesse (horaires sur les portes des infirmeries).<\/p>\n<p>Contact sur le site de Ternier: <span style=\"color: #3366ff\">022 388 82 85<\/span>\u00a0ou <span style=\"color: #3366ff\">022 388 83 51<\/span><\/p>\n<p>Contact sur le site de Bertrand: <span style=\"color: #3366ff\">022 388 88 19<\/span><\/p>\n<p>En dehors de ces heures, le SSEJ peut \u00eatre contact\u00e9 directement au <span style=\"color: #3366ff\">022 546 41 00<\/span>.<\/p>\n<\/div>\n<\/div><\/div><\/div><div id=\"pgc-72-2-1\"  class=\"panel-grid-cell\" ><div id=\"panel-72-2-1-0\" class=\"so-panel widget widget_sow-editor panel-first-child panel-last-child\" data-index=\"4\" ><div\n\t\t\t\n\t\t\tclass=\"so-widget-sow-editor so-widget-sow-editor-base\"\n\t\t\t\n\t\t>\n<div class=\"siteorigin-widget-tinymce textwidget\">\n\t<p>Les assistants sociaux sont \u00e0 votre disposition pour :<\/p>\n<p>vous \u00e9couter, vous informer, vous aider<\/p>\n<p>Pour tout ce qui concerne :<\/p>\n<p>la formation, les probl\u00e8mes financiers<\/p>\n<p>les probl\u00e8mes personnels, la famille<\/p>\n<p>les d\u00e9marches administratives, etc.<\/p>\n<p>Tout \u00e9l\u00e8ve peut les contacter au Coup de Pouce Bertrand, Butin ou Ternier selon les horaires annonc\u00e9s sur leur porte ou aux secr\u00e9tariats des \u00e9coles.<\/p>\n<p>Leurs services sont gratuits et la confidentialit\u00e9 est respect\u00e9e.<\/p>\n<p>T\u00e9l. <span style=\"color: #3366ff\">022 388 88 91<\/span> ou<span style=\"color: #3366ff\"> 022 388 86 48<\/span><\/p>\n<\/div>\n<\/div><\/div><\/div><\/div><\/div>","protected":false},"excerpt":{"rendered":"<p>Horaires et permanences<\/p>\n","protected":false},"author":1235,"featured_media":0,"parent":4227,"menu_order":57,"comment_status":"closed","ping_status":"closed","template":"","meta":{"footnotes":""},"class_list":["post-72","page","type-page","status-publish","czr-hentry"],"yoast_head":"<!-- This site is optimized with the Yoast SEO plugin v26.4 - https:\/\/yoast.com\/wordpress\/plugins\/seo\/ -->\n<title>Service sant\u00e9 et service social ~ CFPT<\/title>\n<meta name=\"robots\" content=\"index, follow, max-snippet:-1, max-image-preview:large, max-video-preview:-1\" \/>\n<link rel=\"canonical\" href=\"https:\/\/edurec.ge.ch\/site\/cfpt\/espace-administratif-documents-formulaires\/service-social\/\" \/>\n<meta property=\"og:locale\" content=\"fr_FR\" \/>\n<meta property=\"og:type\" content=\"article\" \/>\n<meta property=\"og:title\" content=\"Service sant\u00e9 et service social ~ CFPT\" \/>\n<meta property=\"og:description\" content=\"Horaires et permanences\" \/>\n<meta property=\"og:url\" content=\"https:\/\/edurec.ge.ch\/site\/cfpt\/espace-administratif-documents-formulaires\/service-social\/\" \/>\n<meta property=\"og:site_name\" content=\"CFPT\" \/>\n<meta property=\"article:modified_time\" content=\"2024-11-08T07:54:59+00:00\" \/>\n<meta name=\"twitter:card\" content=\"summary_large_image\" \/>\n<meta name=\"twitter:label1\" content=\"Dur\u00e9e de lecture estim\u00e9e\" \/>\n\t<meta name=\"twitter:data1\" content=\"2 minutes\" \/>\n<script type=\"application\/ld+json\" class=\"yoast-schema-graph\">{\"@context\":\"https:\/\/schema.org\",\"@graph\":[{\"@type\":\"WebPage\",\"@id\":\"https:\/\/edurec.ge.ch\/site\/cfpt\/espace-administratif-documents-formulaires\/service-social\/\",\"url\":\"https:\/\/edurec.ge.ch\/site\/cfpt\/espace-administratif-documents-formulaires\/service-social\/\",\"name\":\"Service sant\u00e9 et service social ~ CFPT\",\"isPartOf\":{\"@id\":\"https:\/\/edurec.ge.ch\/site\/cfpt\/#website\"},\"datePublished\":\"2016-02-29T14:17:25+00:00\",\"dateModified\":\"2024-11-08T07:54:59+00:00\",\"breadcrumb\":{\"@id\":\"https:\/\/edurec.ge.ch\/site\/cfpt\/espace-administratif-documents-formulaires\/service-social\/#breadcrumb\"},\"inLanguage\":\"fr-FR\",\"potentialAction\":[{\"@type\":\"ReadAction\",\"target\":[\"https:\/\/edurec.ge.ch\/site\/cfpt\/espace-administratif-documents-formulaires\/service-social\/\"]}]},{\"@type\":\"BreadcrumbList\",\"@id\":\"https:\/\/edurec.ge.ch\/site\/cfpt\/espace-administratif-documents-formulaires\/service-social\/#breadcrumb\",\"itemListElement\":[{\"@type\":\"ListItem\",\"position\":1,\"name\":\"Accueil\",\"item\":\"https:\/\/edurec.ge.ch\/site\/cfpt\/\"},{\"@type\":\"ListItem\",\"position\":2,\"name\":\"Espace administratif, documents et formulaires\",\"item\":\"https:\/\/edurec.ge.ch\/site\/cfpt\/espace-administratif-documents-formulaires\/\"},{\"@type\":\"ListItem\",\"position\":3,\"name\":\"Service sant\u00e9 et service social\"}]},{\"@type\":\"WebSite\",\"@id\":\"https:\/\/edurec.ge.ch\/site\/cfpt\/#website\",\"url\":\"https:\/\/edurec.ge.ch\/site\/cfpt\/\",\"name\":\"CFPT\",\"description\":\"CFP Technique\",\"publisher\":{\"@id\":\"https:\/\/edurec.ge.ch\/site\/cfpt\/#organization\"},\"potentialAction\":[{\"@type\":\"SearchAction\",\"target\":{\"@type\":\"EntryPoint\",\"urlTemplate\":\"https:\/\/edurec.ge.ch\/site\/cfpt\/?s={search_term_string}\"},\"query-input\":{\"@type\":\"PropertyValueSpecification\",\"valueRequired\":true,\"valueName\":\"search_term_string\"}}],\"inLanguage\":\"fr-FR\"},{\"@type\":\"Organization\",\"@id\":\"https:\/\/edurec.ge.ch\/site\/cfpt\/#organization\",\"name\":\"Centre de formation professionnelle technique\",\"url\":\"https:\/\/edurec.ge.ch\/site\/cfpt\/\",\"logo\":{\"@type\":\"ImageObject\",\"inLanguage\":\"fr-FR\",\"@id\":\"https:\/\/edurec.ge.ch\/site\/cfpt\/#\/schema\/logo\/image\/\",\"url\":\"https:\/\/edurec.ge.ch\/site\/cfpt\/wp-content\/uploads\/sites\/112\/2016\/02\/logo-cfpt-site.png\",\"contentUrl\":\"https:\/\/edurec.ge.ch\/site\/cfpt\/wp-content\/uploads\/sites\/112\/2016\/02\/logo-cfpt-site.png\",\"width\":483,\"height\":483,\"caption\":\"Centre de formation professionnelle technique\"},\"image\":{\"@id\":\"https:\/\/edurec.ge.ch\/site\/cfpt\/#\/schema\/logo\/image\/\"}}]}<\/script>\n<!-- \/ Yoast SEO plugin. -->","yoast_head_json":{"title":"Service sant\u00e9 et service social ~ CFPT","robots":{"index":"index","follow":"follow","max-snippet":"max-snippet:-1","max-image-preview":"max-image-preview:large","max-video-preview":"max-video-preview:-1"},"canonical":"https:\/\/edurec.ge.ch\/site\/cfpt\/espace-administratif-documents-formulaires\/service-social\/","og_locale":"fr_FR","og_type":"article","og_title":"Service sant\u00e9 et service social ~ CFPT","og_description":"Horaires et permanences","og_url":"https:\/\/edurec.ge.ch\/site\/cfpt\/espace-administratif-documents-formulaires\/service-social\/","og_site_name":"CFPT","article_modified_time":"2024-11-08T07:54:59+00:00","twitter_card":"summary_large_image","twitter_misc":{"Dur\u00e9e de lecture estim\u00e9e":"2 minutes"},"schema":{"@context":"https:\/\/schema.org","@graph":[{"@type":"WebPage","@id":"https:\/\/edurec.ge.ch\/site\/cfpt\/espace-administratif-documents-formulaires\/service-social\/","url":"https:\/\/edurec.ge.ch\/site\/cfpt\/espace-administratif-documents-formulaires\/service-social\/","name":"Service sant\u00e9 et service social ~ CFPT","isPartOf":{"@id":"https:\/\/edurec.ge.ch\/site\/cfpt\/#website"},"datePublished":"2016-02-29T14:17:25+00:00","dateModified":"2024-11-08T07:54:59+00:00","breadcrumb":{"@id":"https:\/\/edurec.ge.ch\/site\/cfpt\/espace-administratif-documents-formulaires\/service-social\/#breadcrumb"},"inLanguage":"fr-FR","potentialAction":[{"@type":"ReadAction","target":["https:\/\/edurec.ge.ch\/site\/cfpt\/espace-administratif-documents-formulaires\/service-social\/"]}]},{"@type":"BreadcrumbList","@id":"https:\/\/edurec.ge.ch\/site\/cfpt\/espace-administratif-documents-formulaires\/service-social\/#breadcrumb","itemListElement":[{"@type":"ListItem","position":1,"name":"Accueil","item":"https:\/\/edurec.ge.ch\/site\/cfpt\/"},{"@type":"ListItem","position":2,"name":"Espace administratif, documents et formulaires","item":"https:\/\/edurec.ge.ch\/site\/cfpt\/espace-administratif-documents-formulaires\/"},{"@type":"ListItem","position":3,"name":"Service sant\u00e9 et service social"}]},{"@type":"WebSite","@id":"https:\/\/edurec.ge.ch\/site\/cfpt\/#website","url":"https:\/\/edurec.ge.ch\/site\/cfpt\/","name":"CFPT","description":"CFP Technique","publisher":{"@id":"https:\/\/edurec.ge.ch\/site\/cfpt\/#organization"},"potentialAction":[{"@type":"SearchAction","target":{"@type":"EntryPoint","urlTemplate":"https:\/\/edurec.ge.ch\/site\/cfpt\/?s={search_term_string}"},"query-input":{"@type":"PropertyValueSpecification","valueRequired":true,"valueName":"search_term_string"}}],"inLanguage":"fr-FR"},{"@type":"Organization","@id":"https:\/\/edurec.ge.ch\/site\/cfpt\/#organization","name":"Centre de formation professionnelle technique","url":"https:\/\/edurec.ge.ch\/site\/cfpt\/","logo":{"@type":"ImageObject","inLanguage":"fr-FR","@id":"https:\/\/edurec.ge.ch\/site\/cfpt\/#\/schema\/logo\/image\/","url":"https:\/\/edurec.ge.ch\/site\/cfpt\/wp-content\/uploads\/sites\/112\/2016\/02\/logo-cfpt-site.png","contentUrl":"https:\/\/edurec.ge.ch\/site\/cfpt\/wp-content\/uploads\/sites\/112\/2016\/02\/logo-cfpt-site.png","width":483,"height":483,"caption":"Centre de formation professionnelle technique"},"image":{"@id":"https:\/\/edurec.ge.ch\/site\/cfpt\/#\/schema\/logo\/image\/"}}]}},"publishpress_future_action":{"enabled":false,"date":"2026-05-24 15:17:19","action":"change-status","newStatus":"draft","terms":[],"taxonomy":"","extraData":[]},"publishpress_future_workflow_manual_trigger":{"enabledWorkflows":[]},"_links":{"self":[{"href":"https:\/\/edurec.ge.ch\/site\/cfpt\/wp-json\/wp\/v2\/pages\/72","targetHints":{"allow":["GET"]}}],"collection":[{"href":"https:\/\/edurec.ge.ch\/site\/cfpt\/wp-json\/wp\/v2\/pages"}],"about":[{"href":"https:\/\/edurec.ge.ch\/site\/cfpt\/wp-json\/wp\/v2\/types\/page"}],"author":[{"embeddable":true,"href":"https:\/\/edurec.ge.ch\/site\/cfpt\/wp-json\/wp\/v2\/users\/1235"}],"replies":[{"embeddable":true,"href":"https:\/\/edurec.ge.ch\/site\/cfpt\/wp-json\/wp\/v2\/comments?post=72"}],"version-history":[{"count":54,"href":"https:\/\/edurec.ge.ch\/site\/cfpt\/wp-json\/wp\/v2\/pages\/72\/revisions"}],"predecessor-version":[{"id":13756,"href":"https:\/\/edurec.ge.ch\/site\/cfpt\/wp-json\/wp\/v2\/pages\/72\/revisions\/13756"}],"up":[{"embeddable":true,"href":"https:\/\/edurec.ge.ch\/site\/cfpt\/wp-json\/wp\/v2\/pages\/4227"}],"wp:attachment":[{"href":"https:\/\/edurec.ge.ch\/site\/cfpt\/wp-json\/wp\/v2\/media?parent=72"}],"curies":[{"name":"wp","href":"https:\/\/api.w.org\/{rel}","templated":true}]}}