{"id":6853,"date":"2019-10-15T14:50:37","date_gmt":"2019-10-15T13:50:37","guid":{"rendered":"https:\/\/edurec.ge.ch\/site\/cfpt\/?page_id=6853"},"modified":"2024-10-11T08:47:15","modified_gmt":"2024-10-11T07:47:15","slug":"don-sang-cfpt","status":"publish","type":"page","link":"https:\/\/edurec.ge.ch\/site\/cfpt\/don-sang-cfpt\/","title":{"rendered":"Donne ton sang et sauve une vie"},"content":{"rendered":"<div id=\"pl-6853\"  class=\"panel-layout\" ><div id=\"pg-6853-0\"  class=\"panel-grid panel-no-style\" ><div id=\"pgc-6853-0-0\"  class=\"panel-grid-cell\" ><div id=\"panel-6853-0-0-0\" class=\"so-panel widget widget_sow-editor panel-first-child panel-last-child\" data-index=\"0\" ><div\n\t\t\t\n\t\t\tclass=\"so-widget-sow-editor so-widget-sow-editor-base\"\n\t\t\t\n\t\t>\n<div class=\"siteorigin-widget-tinymce textwidget\">\n\t<pre style=\"text-align: center\"><span style=\"color: #0000ff\">Cette campagne de don du sang est r\u00e9serv\u00e9e au personnel ainsi qu'aux \u00e9l\u00e8ves des Centres de Formation professionnelle<\/span><\/pre>\n<\/div>\n<\/div><\/div><\/div><\/div><div id=\"pg-6853-1\"  class=\"panel-grid panel-no-style\" ><div id=\"pgc-6853-1-0\"  class=\"panel-grid-cell\" ><div id=\"panel-6853-1-0-0\" class=\"so-panel widget widget_sow-editor panel-first-child\" data-index=\"1\" ><div\n\t\t\t\n\t\t\tclass=\"so-widget-sow-editor so-widget-sow-editor-base\"\n\t\t\t\n\t\t>\n<div class=\"siteorigin-widget-tinymce textwidget\">\n\t<h3><span style=\"color: #ff0000\">Questions et r\u00e9ponses sur le don<\/span><\/h3>\n<div class=\"su-spoiler su-spoiler-style-fancy su-spoiler-icon-plus-circle su-spoiler-closed\" data-scroll-offset=\"0\" data-anchor-in-url=\"no\"><div class=\"su-spoiler-title\" tabindex=\"0\" role=\"button\"><span class=\"su-spoiler-icon\"><\/span>don_du_sang<\/div><div class=\"su-spoiler-content su-u-clearfix su-u-trim\"><br \/>\nSi vous avez entre 18 et 60 ans, pesez plus de 50 kg et ne pr\u00e9sentez aucun sympt\u00f4me ou risque infectieux, voici quelques explications et conseils pour donner votre sang.<\/p>\n<h5><span style=\"color: #ff0000\">D\u00e9roulement de votre don<\/span><\/h5>\n<p>Votre don durera environ 1 heure et se d\u00e9roulera en sept \u00e9tapes :<br \/>\nLa r\u00e9ponse au questionnaire m\u00e9dical, essentielle pour votre s\u00e9curit\u00e9 et celle du receveur.<br \/>\nL\u2019inscription administrative, permettant de constituer votre dossier et de le tenir \u00e0 jour.*<br \/>\nLe contr\u00f4le de votre h\u00e9moglobine (piq\u00fbre au doigt) pour \u00e9liminer le risque d\u2019an\u00e9mie.<br \/>\nL\u2019entretien confidentiel avec une infirmi\u00e8re pour d\u00e9finir avec vous votre aptitude au don.<br \/>\nLe pr\u00e9l\u00e8vement, qui dure environ 10 minutes, temps suffisant pour recueillir 450 ml de sang.<br \/>\nLe temps du repos et de la collation.<\/p>\n<h5><span style=\"color: #ff0000\">Recommandations apr\u00e8s le don<\/span><\/h5>\n<p>Conservez au minimum 2 heures apr\u00e8s le don le bandage l\u00e9g\u00e8rement compressif fait sur le point de ponction pour \u00e9viter la formation d\u2019un h\u00e9matome.<br \/>\nNe n\u00e9gligez pas la collation et les boissons qui vous sont offertes apr\u00e8s votre don ; elles peuvent pr\u00e9venir un \u00e9ventuel malaise.<br \/>\nEvitez de pratiquer un sport de fa\u00e7on intense apr\u00e8s votre don (d\u00e9lai de 48 heures avant et apr\u00e8s le don pour la plong\u00e9e sous-marine, l\u2019escalade et toute comp\u00e9tition).<br \/>\nBuvez en suffisance : le volume donn\u00e9 est remplac\u00e9 le jour m\u00eame et votre taux de globules rouges reviendra \u00e0 la normale dans les trois semaines.<br \/>\n<\/div><\/div>\n<\/div>\n<\/div><\/div><div id=\"panel-6853-1-0-1\" class=\"so-panel widget widget_sow-editor panel-last-child\" data-index=\"2\" ><div\n\t\t\t\n\t\t\tclass=\"so-widget-sow-editor so-widget-sow-editor-base\"\n\t\t\t\n\t\t>\n<div class=\"siteorigin-widget-tinymce textwidget\">\n\t<h2>\u00a0Vos rendez-vous \"don du sang\"<\/h2>\n<h3><span style=\"color: #ff0000\">Pour vous pr\u00e9inscrire:<\/span><\/h3>\n<h4 style=\"padding-left: 30px\"><a href=\"https:\/\/edurec.ge.ch\/site\/cfpt\/wp-content\/uploads\/sites\/112\/2020\/10\/Promessedon_10_20_f.pdf\">T\u00e9l\u00e9charger le formulaire de promesse de don ici<\/a><\/h4>\n<h3><span style=\"color: #ff0000\">Le jour \"J\"<\/span><\/h3>\n<h4 style=\"padding-left: 30px\">Mardi 12 novembre 2024 de 10h00 \u00e0 17h00<\/h4>\n<h4 style=\"padding-left: 30px\">Aula - Ternier<\/h4>\n<h4 style=\"padding-left: 30px\">Chemin G\u00e9rard-de-Ternier 18<\/h4>\n<h4 style=\"padding-left: 30px\">1213 Petit-Lancy<\/h4>\n<\/div>\n<\/div><\/div><\/div><div id=\"pgc-6853-1-1\"  class=\"panel-grid-cell\" ><div id=\"panel-6853-1-1-0\" class=\"so-panel widget widget_sow-editor panel-first-child\" data-index=\"3\" ><div\n\t\t\t\n\t\t\tclass=\"so-widget-sow-editor so-widget-sow-editor-base\"\n\t\t\t\n\t\t>\n<div class=\"siteorigin-widget-tinymce textwidget\">\n\t<p><a href=\"https:\/\/www.hug-ge.ch\/video\/don-du-sang\" target=\"_blank\" rel=\"noopener\"><img loading=\"lazy\" decoding=\"async\" class=\"alignleft size-medium wp-image-6952\" src=\"https:\/\/edurec.ge.ch\/site\/cfpt\/wp-content\/uploads\/sites\/112\/2019\/10\/Video1-300x190.jpg\" alt=\"\" width=\"300\" height=\"190\" srcset=\"https:\/\/edurec.ge.ch\/site\/cfpt\/wp-content\/uploads\/sites\/112\/2019\/10\/Video1-300x190.jpg 300w, https:\/\/edurec.ge.ch\/site\/cfpt\/wp-content\/uploads\/sites\/112\/2019\/10\/Video1-768x486.jpg 768w, https:\/\/edurec.ge.ch\/site\/cfpt\/wp-content\/uploads\/sites\/112\/2019\/10\/Video1.jpg 969w\" sizes=\"auto, (max-width: 300px) 100vw, 300px\" \/><\/a><\/p>\n<\/div>\n<\/div><\/div><div id=\"panel-6853-1-1-1\" class=\"so-panel widget widget_sow-editor\" data-index=\"4\" ><div\n\t\t\t\n\t\t\tclass=\"so-widget-sow-editor so-widget-sow-editor-base\"\n\t\t\t\n\t\t>\n<div class=\"siteorigin-widget-tinymce textwidget\">\n\t<h3 style=\"text-align: left\"><span style=\"color: #ff0000\">CONDITIONS<\/span><\/h3>\n<p><a href=\"https:\/\/edurec.ge.ch\/site\/cfpt\/wp-content\/uploads\/sites\/112\/2019\/10\/Conditions.pdf\"><img loading=\"lazy\" decoding=\"async\" class=\"alignleft size-medium wp-image-6860\" src=\"https:\/\/edurec.ge.ch\/site\/cfpt\/wp-content\/uploads\/sites\/112\/2019\/10\/Img_conditions-300x132.jpg\" alt=\"\" width=\"300\" height=\"132\" srcset=\"https:\/\/edurec.ge.ch\/site\/cfpt\/wp-content\/uploads\/sites\/112\/2019\/10\/Img_conditions-300x132.jpg 300w, https:\/\/edurec.ge.ch\/site\/cfpt\/wp-content\/uploads\/sites\/112\/2019\/10\/Img_conditions-768x339.jpg 768w, https:\/\/edurec.ge.ch\/site\/cfpt\/wp-content\/uploads\/sites\/112\/2019\/10\/Img_conditions-1024x451.jpg 1024w, https:\/\/edurec.ge.ch\/site\/cfpt\/wp-content\/uploads\/sites\/112\/2019\/10\/Img_conditions.jpg 1082w\" sizes=\"auto, (max-width: 300px) 100vw, 300px\" \/><\/a><\/p>\n<\/div>\n<\/div><\/div><div id=\"panel-6853-1-1-2\" class=\"so-panel widget widget_sow-editor panel-last-child\" data-index=\"5\" ><div\n\t\t\t\n\t\t\tclass=\"so-widget-sow-editor so-widget-sow-editor-base\"\n\t\t\t\n\t\t>\n<div class=\"siteorigin-widget-tinymce textwidget\">\n\t<h3 style=\"text-align: left\"><span style=\"color: #ff0000\">INFORMATIONS PRATIQUES<\/span><\/h3>\n<p><a href=\"https:\/\/edurec.ge.ch\/site\/cfpt\/wp-content\/uploads\/sites\/112\/2019\/10\/Informations_pratiques.pdf\"><img loading=\"lazy\" decoding=\"async\" class=\"alignleft size-medium wp-image-6855\" src=\"https:\/\/edurec.ge.ch\/site\/cfpt\/wp-content\/uploads\/sites\/112\/2019\/10\/IMG_infos_pratiques-300x119.jpg\" alt=\"\" width=\"300\" height=\"119\" srcset=\"https:\/\/edurec.ge.ch\/site\/cfpt\/wp-content\/uploads\/sites\/112\/2019\/10\/IMG_infos_pratiques-300x119.jpg 300w, https:\/\/edurec.ge.ch\/site\/cfpt\/wp-content\/uploads\/sites\/112\/2019\/10\/IMG_infos_pratiques.jpg 615w\" sizes=\"auto, (max-width: 300px) 100vw, 300px\" \/><\/a><\/p>\n<\/div>\n<\/div><\/div><\/div><\/div><\/div>","protected":false},"excerpt":{"rendered":"<p>Cette campagne de don du sang est r\u00e9serv\u00e9e au personnel ainsi qu&rsquo;aux \u00e9l\u00e8ves des Centres de Formation professionnelle Questions et r\u00e9ponses sur le don \u00a0Vos rendez-vous \u00ab\u00a0don du sang\u00a0\u00bb Pour vous pr\u00e9inscrire: T\u00e9l\u00e9charger le formulaire de promesse de don ici Le jour \u00ab\u00a0J\u00a0\u00bb Mardi 12 novembre 2024 de 10h00 \u00e0 17h00 Aula &#8211; Ternier Chemin [&hellip;]<\/p>\n","protected":false},"author":1235,"featured_media":0,"parent":0,"menu_order":0,"comment_status":"closed","ping_status":"closed","template":"","meta":{"footnotes":""},"class_list":["post-6853","page","type-page","status-publish","czr-hentry"],"yoast_head":"<!-- This site is optimized with the Yoast SEO plugin v26.4 - https:\/\/yoast.com\/wordpress\/plugins\/seo\/ -->\n<title>Donne ton sang et sauve une vie ~ CFPT<\/title>\n<meta name=\"robots\" content=\"index, follow, max-snippet:-1, max-image-preview:large, max-video-preview:-1\" \/>\n<link rel=\"canonical\" href=\"https:\/\/edurec.ge.ch\/site\/cfpt\/don-sang-cfpt\/\" \/>\n<meta property=\"og:locale\" content=\"fr_FR\" \/>\n<meta property=\"og:type\" content=\"article\" \/>\n<meta property=\"og:title\" content=\"Donne ton sang et sauve une vie ~ CFPT\" \/>\n<meta property=\"og:description\" content=\"Cette campagne de don du sang est r\u00e9serv\u00e9e au personnel ainsi qu&#039;aux \u00e9l\u00e8ves des Centres de Formation professionnelle Questions et r\u00e9ponses sur le don \u00a0Vos rendez-vous &quot;don du sang&quot; Pour vous pr\u00e9inscrire: T\u00e9l\u00e9charger le formulaire de promesse de don ici Le jour &quot;J&quot; Mardi 12 novembre 2024 de 10h00 \u00e0 17h00 Aula - Ternier Chemin [&hellip;]\" \/>\n<meta property=\"og:url\" content=\"https:\/\/edurec.ge.ch\/site\/cfpt\/don-sang-cfpt\/\" \/>\n<meta property=\"og:site_name\" content=\"CFPT\" \/>\n<meta property=\"article:modified_time\" content=\"2024-10-11T07:47:15+00:00\" \/>\n<meta property=\"og:image\" content=\"https:\/\/edurec.ge.ch\/site\/cfpt\/wp-content\/uploads\/sites\/112\/2019\/10\/Video1-300x190.jpg\" \/>\n<meta name=\"twitter:card\" content=\"summary_large_image\" \/>\n<meta name=\"twitter:label1\" content=\"Dur\u00e9e de lecture estim\u00e9e\" \/>\n\t<meta name=\"twitter:data1\" content=\"3 minutes\" \/>\n<script type=\"application\/ld+json\" class=\"yoast-schema-graph\">{\"@context\":\"https:\/\/schema.org\",\"@graph\":[{\"@type\":\"WebPage\",\"@id\":\"https:\/\/edurec.ge.ch\/site\/cfpt\/don-sang-cfpt\/\",\"url\":\"https:\/\/edurec.ge.ch\/site\/cfpt\/don-sang-cfpt\/\",\"name\":\"Donne ton sang et sauve une vie ~ CFPT\",\"isPartOf\":{\"@id\":\"https:\/\/edurec.ge.ch\/site\/cfpt\/#website\"},\"primaryImageOfPage\":{\"@id\":\"https:\/\/edurec.ge.ch\/site\/cfpt\/don-sang-cfpt\/#primaryimage\"},\"image\":{\"@id\":\"https:\/\/edurec.ge.ch\/site\/cfpt\/don-sang-cfpt\/#primaryimage\"},\"thumbnailUrl\":\"https:\/\/edurec.ge.ch\/site\/cfpt\/wp-content\/uploads\/sites\/112\/2019\/10\/Video1-300x190.jpg\",\"datePublished\":\"2019-10-15T13:50:37+00:00\",\"dateModified\":\"2024-10-11T07:47:15+00:00\",\"breadcrumb\":{\"@id\":\"https:\/\/edurec.ge.ch\/site\/cfpt\/don-sang-cfpt\/#breadcrumb\"},\"inLanguage\":\"fr-FR\",\"potentialAction\":[{\"@type\":\"ReadAction\",\"target\":[\"https:\/\/edurec.ge.ch\/site\/cfpt\/don-sang-cfpt\/\"]}]},{\"@type\":\"ImageObject\",\"inLanguage\":\"fr-FR\",\"@id\":\"https:\/\/edurec.ge.ch\/site\/cfpt\/don-sang-cfpt\/#primaryimage\",\"url\":\"https:\/\/edurec.ge.ch\/site\/cfpt\/wp-content\/uploads\/sites\/112\/2019\/10\/Video1.jpg\",\"contentUrl\":\"https:\/\/edurec.ge.ch\/site\/cfpt\/wp-content\/uploads\/sites\/112\/2019\/10\/Video1.jpg\",\"width\":969,\"height\":613},{\"@type\":\"BreadcrumbList\",\"@id\":\"https:\/\/edurec.ge.ch\/site\/cfpt\/don-sang-cfpt\/#breadcrumb\",\"itemListElement\":[{\"@type\":\"ListItem\",\"position\":1,\"name\":\"Accueil\",\"item\":\"https:\/\/edurec.ge.ch\/site\/cfpt\/\"},{\"@type\":\"ListItem\",\"position\":2,\"name\":\"Donne ton sang et sauve une vie\"}]},{\"@type\":\"WebSite\",\"@id\":\"https:\/\/edurec.ge.ch\/site\/cfpt\/#website\",\"url\":\"https:\/\/edurec.ge.ch\/site\/cfpt\/\",\"name\":\"CFPT\",\"description\":\"CFP Technique\",\"publisher\":{\"@id\":\"https:\/\/edurec.ge.ch\/site\/cfpt\/#organization\"},\"potentialAction\":[{\"@type\":\"SearchAction\",\"target\":{\"@type\":\"EntryPoint\",\"urlTemplate\":\"https:\/\/edurec.ge.ch\/site\/cfpt\/?s={search_term_string}\"},\"query-input\":{\"@type\":\"PropertyValueSpecification\",\"valueRequired\":true,\"valueName\":\"search_term_string\"}}],\"inLanguage\":\"fr-FR\"},{\"@type\":\"Organization\",\"@id\":\"https:\/\/edurec.ge.ch\/site\/cfpt\/#organization\",\"name\":\"Centre de formation professionnelle technique\",\"url\":\"https:\/\/edurec.ge.ch\/site\/cfpt\/\",\"logo\":{\"@type\":\"ImageObject\",\"inLanguage\":\"fr-FR\",\"@id\":\"https:\/\/edurec.ge.ch\/site\/cfpt\/#\/schema\/logo\/image\/\",\"url\":\"https:\/\/edurec.ge.ch\/site\/cfpt\/wp-content\/uploads\/sites\/112\/2016\/02\/logo-cfpt-site.png\",\"contentUrl\":\"https:\/\/edurec.ge.ch\/site\/cfpt\/wp-content\/uploads\/sites\/112\/2016\/02\/logo-cfpt-site.png\",\"width\":483,\"height\":483,\"caption\":\"Centre de formation professionnelle technique\"},\"image\":{\"@id\":\"https:\/\/edurec.ge.ch\/site\/cfpt\/#\/schema\/logo\/image\/\"}}]}<\/script>\n<!-- \/ Yoast SEO plugin. -->","yoast_head_json":{"title":"Donne ton sang et sauve une vie ~ CFPT","robots":{"index":"index","follow":"follow","max-snippet":"max-snippet:-1","max-image-preview":"max-image-preview:large","max-video-preview":"max-video-preview:-1"},"canonical":"https:\/\/edurec.ge.ch\/site\/cfpt\/don-sang-cfpt\/","og_locale":"fr_FR","og_type":"article","og_title":"Donne ton sang et sauve une vie ~ CFPT","og_description":"Cette campagne de don du sang est r\u00e9serv\u00e9e au personnel ainsi qu'aux \u00e9l\u00e8ves des Centres de Formation professionnelle Questions et r\u00e9ponses sur le don \u00a0Vos rendez-vous \"don du sang\" Pour vous pr\u00e9inscrire: T\u00e9l\u00e9charger le formulaire de promesse de don ici Le jour \"J\" Mardi 12 novembre 2024 de 10h00 \u00e0 17h00 Aula - Ternier Chemin [&hellip;]","og_url":"https:\/\/edurec.ge.ch\/site\/cfpt\/don-sang-cfpt\/","og_site_name":"CFPT","article_modified_time":"2024-10-11T07:47:15+00:00","og_image":[{"url":"https:\/\/edurec.ge.ch\/site\/cfpt\/wp-content\/uploads\/sites\/112\/2019\/10\/Video1-300x190.jpg","type":"","width":"","height":""}],"twitter_card":"summary_large_image","twitter_misc":{"Dur\u00e9e de lecture estim\u00e9e":"3 minutes"},"schema":{"@context":"https:\/\/schema.org","@graph":[{"@type":"WebPage","@id":"https:\/\/edurec.ge.ch\/site\/cfpt\/don-sang-cfpt\/","url":"https:\/\/edurec.ge.ch\/site\/cfpt\/don-sang-cfpt\/","name":"Donne ton sang et sauve une vie ~ CFPT","isPartOf":{"@id":"https:\/\/edurec.ge.ch\/site\/cfpt\/#website"},"primaryImageOfPage":{"@id":"https:\/\/edurec.ge.ch\/site\/cfpt\/don-sang-cfpt\/#primaryimage"},"image":{"@id":"https:\/\/edurec.ge.ch\/site\/cfpt\/don-sang-cfpt\/#primaryimage"},"thumbnailUrl":"https:\/\/edurec.ge.ch\/site\/cfpt\/wp-content\/uploads\/sites\/112\/2019\/10\/Video1-300x190.jpg","datePublished":"2019-10-15T13:50:37+00:00","dateModified":"2024-10-11T07:47:15+00:00","breadcrumb":{"@id":"https:\/\/edurec.ge.ch\/site\/cfpt\/don-sang-cfpt\/#breadcrumb"},"inLanguage":"fr-FR","potentialAction":[{"@type":"ReadAction","target":["https:\/\/edurec.ge.ch\/site\/cfpt\/don-sang-cfpt\/"]}]},{"@type":"ImageObject","inLanguage":"fr-FR","@id":"https:\/\/edurec.ge.ch\/site\/cfpt\/don-sang-cfpt\/#primaryimage","url":"https:\/\/edurec.ge.ch\/site\/cfpt\/wp-content\/uploads\/sites\/112\/2019\/10\/Video1.jpg","contentUrl":"https:\/\/edurec.ge.ch\/site\/cfpt\/wp-content\/uploads\/sites\/112\/2019\/10\/Video1.jpg","width":969,"height":613},{"@type":"BreadcrumbList","@id":"https:\/\/edurec.ge.ch\/site\/cfpt\/don-sang-cfpt\/#breadcrumb","itemListElement":[{"@type":"ListItem","position":1,"name":"Accueil","item":"https:\/\/edurec.ge.ch\/site\/cfpt\/"},{"@type":"ListItem","position":2,"name":"Donne ton sang et sauve une vie"}]},{"@type":"WebSite","@id":"https:\/\/edurec.ge.ch\/site\/cfpt\/#website","url":"https:\/\/edurec.ge.ch\/site\/cfpt\/","name":"CFPT","description":"CFP Technique","publisher":{"@id":"https:\/\/edurec.ge.ch\/site\/cfpt\/#organization"},"potentialAction":[{"@type":"SearchAction","target":{"@type":"EntryPoint","urlTemplate":"https:\/\/edurec.ge.ch\/site\/cfpt\/?s={search_term_string}"},"query-input":{"@type":"PropertyValueSpecification","valueRequired":true,"valueName":"search_term_string"}}],"inLanguage":"fr-FR"},{"@type":"Organization","@id":"https:\/\/edurec.ge.ch\/site\/cfpt\/#organization","name":"Centre de formation professionnelle technique","url":"https:\/\/edurec.ge.ch\/site\/cfpt\/","logo":{"@type":"ImageObject","inLanguage":"fr-FR","@id":"https:\/\/edurec.ge.ch\/site\/cfpt\/#\/schema\/logo\/image\/","url":"https:\/\/edurec.ge.ch\/site\/cfpt\/wp-content\/uploads\/sites\/112\/2016\/02\/logo-cfpt-site.png","contentUrl":"https:\/\/edurec.ge.ch\/site\/cfpt\/wp-content\/uploads\/sites\/112\/2016\/02\/logo-cfpt-site.png","width":483,"height":483,"caption":"Centre de formation professionnelle technique"},"image":{"@id":"https:\/\/edurec.ge.ch\/site\/cfpt\/#\/schema\/logo\/image\/"}}]}},"publishpress_future_action":{"enabled":false,"date":"2026-05-24 16:32:14","action":"change-status","newStatus":"draft","terms":[],"taxonomy":"","extraData":[]},"publishpress_future_workflow_manual_trigger":{"enabledWorkflows":[]},"_links":{"self":[{"href":"https:\/\/edurec.ge.ch\/site\/cfpt\/wp-json\/wp\/v2\/pages\/6853","targetHints":{"allow":["GET"]}}],"collection":[{"href":"https:\/\/edurec.ge.ch\/site\/cfpt\/wp-json\/wp\/v2\/pages"}],"about":[{"href":"https:\/\/edurec.ge.ch\/site\/cfpt\/wp-json\/wp\/v2\/types\/page"}],"author":[{"embeddable":true,"href":"https:\/\/edurec.ge.ch\/site\/cfpt\/wp-json\/wp\/v2\/users\/1235"}],"replies":[{"embeddable":true,"href":"https:\/\/edurec.ge.ch\/site\/cfpt\/wp-json\/wp\/v2\/comments?post=6853"}],"version-history":[{"count":152,"href":"https:\/\/edurec.ge.ch\/site\/cfpt\/wp-json\/wp\/v2\/pages\/6853\/revisions"}],"predecessor-version":[{"id":12224,"href":"https:\/\/edurec.ge.ch\/site\/cfpt\/wp-json\/wp\/v2\/pages\/6853\/revisions\/12224"}],"wp:attachment":[{"href":"https:\/\/edurec.ge.ch\/site\/cfpt\/wp-json\/wp\/v2\/media?parent=6853"}],"curies":[{"name":"wp","href":"https:\/\/api.w.org\/{rel}","templated":true}]}}