{"id":5702,"date":"2019-05-21T08:22:08","date_gmt":"2019-05-21T07:22:08","guid":{"rendered":"https:\/\/edurec.ge.ch\/site\/cfpt\/?page_id=5702"},"modified":"2024-07-05T07:13:40","modified_gmt":"2024-07-05T06:13:40","slug":"manuels-scolaires-rentree-2024-25","status":"publish","type":"page","link":"https:\/\/edurec.ge.ch\/site\/cfpt\/espace-administratif-documents-formulaires\/manuels-scolaires-rentree-2024-25\/","title":{"rendered":"Rentr\u00e9e scolaire 2024-2025, convocations et manuels"},"content":{"rendered":"<div id=\"pl-5702\"  class=\"panel-layout\" ><div id=\"pg-5702-0\"  class=\"panel-grid panel-no-style\" ><div id=\"pgc-5702-0-0\"  class=\"panel-grid-cell panel-grid-cell-mobile-last\" ><div id=\"panel-5702-0-0-0\" class=\"so-panel widget widget_sow-editor panel-first-child\" data-index=\"0\" ><div class=\"panel-widget-style panel-widget-style-for-5702-0-0-0\" ><div\n\t\t\t\n\t\t\tclass=\"so-widget-sow-editor so-widget-sow-editor-base\"\n\t\t\t\n\t\t>\n<div class=\"siteorigin-widget-tinymce textwidget\">\n\t<p style=\"text-align: center\"><span style=\"color: #ffffff\">Pour la rentr\u00e9e scolaire 2024-2025 vous devrez vous procurer les manuels sp\u00e9cifiques au m\u00e9tier ainsi que le mat\u00e9riel scolaire destin\u00e9 \u00e0 l\u2019enseignement g\u00e9n\u00e9ral (branches g\u00e9n\u00e9rales pour le CFC ou pour la maturit\u00e9 professionnelle)<\/span><\/p>\n<h3 style=\"text-align: center\"><span style=\"color: #ffffff\">Les commandes des manuels scolaires seront possibles \u00e0 partir du 15 juillet 2024<\/span><\/h3>\n<\/div>\n<\/div><\/div><\/div><div id=\"panel-5702-0-0-1\" class=\"so-panel widget widget_sow-editor panel-last-child\" data-index=\"1\" ><div\n\t\t\t\n\t\t\tclass=\"so-widget-sow-editor so-widget-sow-editor-base\"\n\t\t\t\n\t\t>\n<div class=\"siteorigin-widget-tinymce textwidget\">\n\t<p><span style=\"color: #0000ff;\">Une fois que vous aurez s\u00e9lectionn\u00e9 votre \u00e9cole puis votre m\u00e9tier, vous trouverez un document avec: <\/span><\/p>\n<p><span style=\"color: #0000ff;\">1- Le code classe vous permettant de commander -&nbsp;sur <a href=\"https:\/\/www.google.com\/url?sa=t&amp;rct=j&amp;q=&amp;esrc=s&amp;source=web&amp;cd=&amp;cad=rja&amp;uact=8&amp;ved=2ahUKEwjRnZv1-KvqAhUuQhUIHXOCAEYQFjAAegQIARAC&amp;url=https%3A%2F%2Fwww.cataroproshop.ch%2F&amp;usg=AOvVaw1aQhJWHCQQHx-RiC-dmPy_\">cataroproshop.ch<\/a> -&nbsp;les manuels scolaires sp\u00e9cifiques \u00e0 votre m\u00e9tier (voir la proc\u00e9dure ci dessous)<\/span><\/p>\n<p><span style=\"color: #0000ff;\">2- La listes des fournitures scolaires pour l'enseignement g\u00e9n\u00e9ral <\/span><\/p>\n<ul>\n<li>Si vous suivez la maturit\u00e9 professionnelle, un courrier vous parviendra prochainement<\/li>\n<li>Si ce n'est pas le cas, vous trouverez la liste du mat\u00e9riel sur le m\u00eame document que votre code classe<\/li>\n<\/ul>\n<p style=\"padding-left: 30px;\"><span style=\"color: #0000ff;\">Dans les deux cas, vous pourrez vous procurer le mat\u00e9riel dans la librairie de votre choix<\/span><\/p>\n<\/div>\n<\/div><\/div><\/div><div id=\"pgc-5702-0-1\"  class=\"panel-grid-cell panel-grid-cell-empty\" ><\/div><\/div><div id=\"pg-5702-1\"  class=\"panel-grid panel-no-style\" ><div id=\"pgc-5702-1-0\"  class=\"panel-grid-cell\" ><div id=\"panel-5702-1-0-0\" class=\"so-panel widget widget_sow-editor panel-first-child panel-last-child\" data-index=\"2\" ><div\n\t\t\t\n\t\t\tclass=\"so-widget-sow-editor so-widget-sow-editor-base\"\n\t\t\t\n\t\t>\n<div class=\"siteorigin-widget-tinymce textwidget\">\n\t<div class=\"su-heading su-heading-style-default su-heading-align-left\" id=\"\" style=\"font-size:24px;margin-bottom:40px\"><div class=\"su-heading-inner\"><\/p>\n<p style=\"text-align: center\"><span style=\"color: #0000ff\">Convocations, manuels et fournitures par \u00e9coles et formations<\/span><\/p>\n<p><\/div><\/div>\n<\/div>\n<\/div><\/div><\/div><div id=\"pgc-5702-1-1\"  class=\"panel-grid-cell\" ><div id=\"panel-5702-1-1-0\" class=\"so-panel widget widget_sow-editor panel-first-child panel-last-child\" data-index=\"3\" ><div\n\t\t\t\n\t\t\tclass=\"so-widget-sow-editor so-widget-sow-editor-base\"\n\t\t\t\n\t\t>\n<div class=\"siteorigin-widget-tinymce textwidget\">\n\t<div class=\"su-heading su-heading-style-default su-heading-align-left\" id=\"\" style=\"font-size:24px;margin-bottom:40px\"><div class=\"su-heading-inner\"><\/p>\n<p style=\"text-align: center;\"><span style=\"color: #0000ff;\">Proc\u00e9dure de commande<\/span><\/p>\n<p><\/div><\/div>\n<\/div>\n<\/div><\/div><\/div><\/div><div id=\"pg-5702-2\"  class=\"panel-grid panel-no-style\" ><div id=\"pgc-5702-2-0\"  class=\"panel-grid-cell\" ><div id=\"panel-5702-2-0-0\" class=\"so-panel widget widget_sow-editor panel-first-child panel-last-child\" data-index=\"4\" ><div\n\t\t\t\n\t\t\tclass=\"so-widget-sow-editor so-widget-sow-editor-base\"\n\t\t\t\n\t\t>\n<div class=\"siteorigin-widget-tinymce textwidget\">\n\t<p>&nbsp;<\/p>\n<\/div>\n<\/div><\/div><\/div><div id=\"pgc-5702-2-1\"  class=\"panel-grid-cell\" ><div id=\"panel-5702-2-1-0\" class=\"so-panel widget widget_sow-editor panel-first-child panel-last-child\" data-index=\"5\" ><div\n\t\t\t\n\t\t\tclass=\"so-widget-sow-editor so-widget-sow-editor-base\"\n\t\t\t\n\t\t>\n<div class=\"siteorigin-widget-tinymce textwidget\">\n\t<div class=\"su-accordion su-u-trim\"><div class=\"su-spoiler su-spoiler-style-default su-spoiler-icon-plus su-spoiler-closed\" data-scroll-offset=\"0\" data-anchor-in-url=\"no\"><div class=\"su-spoiler-title\" tabindex=\"0\" role=\"button\"><span class=\"su-spoiler-icon\"><\/span>les formations de l'\u00e9cole d'\u00e9lectronique<\/div><div class=\"su-spoiler-content su-u-clearfix su-u-trim\"><\/p>\n<ul>\n<li><a href=\"https:\/\/edurec.ge.ch\/site\/cfpt-electronique\/rentree-scolaire-eleves-2024-2025\/\" target=\"_blank\" rel=\"noopener\">Convocation de rentr\u00e9e CFPT-Electronique 2024-2025<\/a><\/li>\n<\/ul>\n<p><\/div><\/div><br \/>\n<div class=\"su-spoiler su-spoiler-style-default su-spoiler-icon-plus su-spoiler-closed\" data-scroll-offset=\"0\" data-anchor-in-url=\"no\"><div class=\"su-spoiler-title\" tabindex=\"0\" role=\"button\"><span class=\"su-spoiler-icon\"><\/span>Les formations de l'\u00e9cole d'horlogerie<\/div><div class=\"su-spoiler-content su-u-clearfix su-u-trim\"><\/p>\n<ul>\n<li><span style=\"color: #ff0000\">Commandes des manuels scolaires<\/span><\/li>\n<\/ul>\n<p style=\"padding-left: 40px\"><a href=\"https:\/\/edurec.ge.ch\/site\/cfpt\/wp-content\/uploads\/sites\/112\/2024\/07\/CFPTH-PO.pdf\" target=\"_blank\" rel=\"noopener\">Polisseur-euse AFP<\/a><br \/>\n<a href=\"https:\/\/edurec.ge.ch\/site\/cfpt\/wp-content\/uploads\/sites\/112\/2024\/07\/CFPTH-OA.pdf\" target=\"_blank\" rel=\"noopener\">Op\u00e9rateur-trice en horlogerie AFP<\/a><br \/>\n<a href=\"https:\/\/edurec.ge.ch\/site\/cfpt\/wp-content\/uploads\/sites\/112\/2024\/07\/CFPTH-TH.pdf\" target=\"_blank\" rel=\"noopener\">Termineur-euse en habillage horloger<\/a><br \/>\n<a href=\"https:\/\/edurec.ge.ch\/site\/cfpt\/wp-content\/uploads\/sites\/112\/2024\/07\/CFPTH-HP.pdf\" target=\"_blank\" rel=\"noopener\">Horloger-\u00e8re de production CFC<\/a><br \/>\n<a href=\"https:\/\/edurec.ge.ch\/site\/cfpt\/wp-content\/uploads\/sites\/112\/2024\/07\/CFPTH-HP.pdf\" target=\"_blank\" rel=\"noopener\">Horloger-\u00e8re de production acc\u00e9l\u00e9r\u00e9 CFC<\/a><br \/>\n<a href=\"https:\/\/edurec.ge.ch\/site\/cfpt\/wp-content\/uploads\/sites\/112\/2024\/07\/CFPTH-HR.pdf\" target=\"_blank\" rel=\"noopener\">Horloger-\u00e8re CFC<\/a><br \/>\n<a href=\"https:\/\/edurec.ge.ch\/site\/cfpt\/wp-content\/uploads\/sites\/112\/2024\/07\/CFPTH-QU.pdf\" target=\"_blank\" rel=\"noopener\">Qualiticien-ne en microtechnique<\/a><br \/>\n<a href=\"https:\/\/edurec.ge.ch\/site\/cfpt\/wp-content\/uploads\/sites\/112\/2024\/07\/CFPTH-MI.pdf\" target=\"_blank\" rel=\"noopener\">Microm\u00e9canicien-ienne CFC<\/a><br \/>\n<a href=\"https:\/\/edurec.ge.ch\/site\/cfpt\/wp-content\/uploads\/sites\/112\/2024\/07\/CFPTT-MIE.pdf\" target=\"_blank\" rel=\"noopener\">Technicien en microtechnique<\/a><br \/>\n<\/div><\/div><br \/>\n<div class=\"su-spoiler su-spoiler-style-default su-spoiler-icon-plus su-spoiler-closed\" data-scroll-offset=\"0\" data-anchor-in-url=\"no\"><div class=\"su-spoiler-title\" tabindex=\"0\" role=\"button\"><span class=\"su-spoiler-icon\"><\/span>Les formations de l'\u00e9cole d'informatique<\/div><div class=\"su-spoiler-content su-u-clearfix su-u-trim\"><br \/>\n<span style=\"color: #ff0000\">POUR LES INFORMATION CONCERNANT L&rsquo;ECOLE D&rsquo;INFORMATIQUE, VEUILLEZ SUIVRE LE LIEN CI-DESSOUS <\/span><br \/>\n<a href=\"https:\/\/edurec.ge.ch\/site\/cfpt-informatique\/\" target=\"_blank\" rel=\"noopener\">Ecole d&rsquo;informatique<\/a><br \/>\n<\/div><\/div><br \/>\n<div class=\"su-spoiler su-spoiler-style-default su-spoiler-icon-plus su-spoiler-closed\" data-scroll-offset=\"0\" data-anchor-in-url=\"no\"><div class=\"su-spoiler-title\" tabindex=\"0\" role=\"button\"><span class=\"su-spoiler-icon\"><\/span>Les formations de l'\u00e9cole de m\u00e9catronique industrielle<\/div><div class=\"su-spoiler-content su-u-clearfix su-u-trim\"><\/p>\n<p><a href=\"https:\/\/edurec.ge.ch\/site\/cfpt-mecatronique-industrielle\/convocations-aux-eleves-des-metiers-de-lecole-de-mecatronique-industrielle\/\" target=\"_blank\" rel=\"noopener\"><span style=\"color: #ff0000\">POUR LES INFORMATION CONCERNANT L&rsquo;ECOLE DE MECATRONIQUE, VEUILLEZ CLIQUER ICI<\/span><\/a><\/p>\n<p><\/div><\/div><\/p>\n<p><div class=\"su-spoiler su-spoiler-style-default su-spoiler-icon-plus su-spoiler-closed\" data-scroll-offset=\"0\" data-anchor-in-url=\"no\"><div class=\"su-spoiler-title\" tabindex=\"0\" role=\"button\"><span class=\"su-spoiler-icon\"><\/span>Les formations de l'\u00e9cole des m\u00e9tiers de l'automobile<\/div><div class=\"su-spoiler-content su-u-clearfix su-u-trim\"><br \/>\n<span style=\"color: #ff0000\"><a href=\"https:\/\/edurec.ge.ch\/site\/cfpt-automobile\/rentree-scolaire\/\" target=\"_blank\" rel=\"noopener\">POUR LES INFORMATION CONCERNANT L&rsquo;ECOLE DES METIERS DE L&rsquo;AUTOMOBILE, VEUILLEZ CLIQUER ICI<\/a><\/span><br \/>\n<\/div><\/div><br \/>\n<div class=\"su-spoiler su-spoiler-style-default su-spoiler-icon-plus su-spoiler-closed\" data-scroll-offset=\"0\" data-anchor-in-url=\"no\"><div class=\"su-spoiler-title\" tabindex=\"0\" role=\"button\"><span class=\"su-spoiler-icon\"><\/span>Les formations passerelles<\/div><div class=\"su-spoiler-content su-u-clearfix su-u-trim\"><\/p>\n<p><span style=\"color: #ff0000\">Les liens ci-dessous seront actifs tr\u00e8s prochainement<\/span><\/p>\n<p>Formation passerelles en informatique<br \/>\n<a href=\"https:\/\/edurec.ge.ch\/site\/cfpt-mecatronique-industrielle\/convocations-aux-eleves-des-metiers-de-lecole-de-mecatronique-industrielle\/\">Formation passerelle en m\u00e9canique \/ microtechnique<\/a><br \/>\n<\/div><\/div><br \/>\n<\/div>\n<\/div>\n<\/div><\/div><\/div><div id=\"pgc-5702-2-2\"  class=\"panel-grid-cell\" ><div id=\"panel-5702-2-2-0\" class=\"so-panel widget widget_sow-editor panel-first-child\" data-index=\"6\" ><div\n\t\t\t\n\t\t\tclass=\"so-widget-sow-editor so-widget-sow-editor-base\"\n\t\t\t\n\t\t>\n<div class=\"siteorigin-widget-tinymce textwidget\">\n\t<p><a href=\"https:\/\/edurec.ge.ch\/site\/cfpt\/wp-content\/uploads\/sites\/112\/2021\/07\/Procedure_de_commande.pdf\">T\u00e9l\u00e9charger la proc\u00e9dure compl\u00e8te au format PDF<\/a><\/p>\n<p><a href=\"https:\/\/www.google.com\/url?sa=t&amp;rct=j&amp;q=&amp;esrc=s&amp;source=web&amp;cd=&amp;cad=rja&amp;uact=8&amp;ved=2ahUKEwjtjrXb-avqAhXioXEKHaN3BPsQFjAAegQIBBAC&amp;url=https%3A%2F%2Fwww.cataroproshop.ch%2F&amp;usg=AOvVaw1aQhJWHCQQHx-RiC-dmPy_\" target=\"_blank\" rel=\"noopener\"><img loading=\"lazy\" decoding=\"async\" class=\"alignleft wp-image-8459 size-full\" src=\"https:\/\/edurec.ge.ch\/site\/cfpt\/wp-content\/uploads\/sites\/112\/2020\/07\/logocataroproshop.jpg\" alt=\"\" width=\"258\" height=\"167\"><\/a><\/p>\n<p>&nbsp;<\/p>\n<p>&nbsp;<\/p>\n<p>&nbsp;<\/p>\n<p>&nbsp;<\/p>\n<p>&nbsp;<\/p>\n<p>&nbsp;<\/p>\n<\/div>\n<\/div><\/div><div id=\"panel-5702-2-2-1\" class=\"so-panel widget widget_sow-editor panel-last-child\" data-index=\"7\" ><div\n\t\t\t\n\t\t\tclass=\"so-widget-sow-editor so-widget-sow-editor-base\"\n\t\t\t\n\t\t>\n<div class=\"siteorigin-widget-tinymce textwidget\">\n\t<div class=\"su-list\" style=\"margin-left:0px\"><\/p>\n<ul>\n<li><i class=\"sui sui-hand-o-right\" style=\"color:#333\"><\/i> Aller sur le site www.cataroproshop.ch<\/li>\n<li><i class=\"sui sui-hand-o-right\" style=\"color:#333\"><\/i> S&rsquo;inscrire<\/li>\n<li><i class=\"sui sui-hand-o-right\" style=\"color:#333\"><\/i> Entrer le code classe dans la barre de recherche<\/li>\n<li><i class=\"sui sui-hand-o-right\" style=\"color:#333\"><\/i> Valider votre panier-commande<\/li>\n<li><i class=\"sui sui-hand-o-right\" style=\"color:#333\"><\/i> Payer (soit par carte de cr\u00e9dit (MasterCard ou Visa), Post Finance Card, ou par PostFinance E-Finance, transfert bancaire).<br \/>Attention : Si vous choisissez transfert bancaire, n&rsquo;oubliez pas d&rsquo;indiquer votre num\u00e9ro de commande re\u00e7u par e-mail<\/li>\n<\/ul>\n<p><\/div>\n<p>La marchandise sera envoy\u00e9e uniquement lors de l'encaissement de la somme totale.<\/p>\n<p>Pour les apprenti-e-s r\u00e9sidant hors du territoire Suisse, il est obligatoire d'indiquer une adresse de livraison en Suisse (par exemple celle de votre employeur).<\/p>\n<p>Vous trouverez toutes les indications n\u00e9cessaires pour proc\u00e9der \u00e0 l'achat en visualisant le tutoriel ou en allant consulter la foire aux questions sur la page du site <a href=\"https:\/\/www.google.com\/url?sa=t&amp;rct=j&amp;q=&amp;esrc=s&amp;source=web&amp;cd=&amp;cad=rja&amp;uact=8&amp;ved=2ahUKEwjtjrXb-avqAhXioXEKHaN3BPsQFjAAegQIBBAC&amp;url=https%3A%2F%2Fwww.cataroproshop.ch%2F&amp;usg=AOvVaw1aQhJWHCQQHx-RiC-dmPy_\" target=\"_blank\" rel=\"noopener\">www.cataroproshop.ch<\/a><\/p>\n<\/div>\n<\/div><\/div><\/div><\/div><div id=\"pg-5702-3\"  class=\"panel-grid panel-no-style\" ><div id=\"pgc-5702-3-0\"  class=\"panel-grid-cell panel-grid-cell-empty panel-grid-cell-mobile-last\" ><\/div><div id=\"pgc-5702-3-1\"  class=\"panel-grid-cell panel-grid-cell-empty\" ><\/div><\/div><\/div>","protected":false},"excerpt":{"rendered":"<p>Pour la rentr\u00e9e scolaire 2024-2025 vous devrez vous procurer les manuels sp\u00e9cifiques au m\u00e9tier ainsi que le mat\u00e9riel scolaire destin\u00e9 \u00e0 l\u2019enseignement g\u00e9n\u00e9ral (branches g\u00e9n\u00e9rales pour le CFC ou pour la maturit\u00e9 professionnelle) Les commandes des manuels scolaires seront possibles \u00e0 partir du 15 juillet 2024 Une fois que vous aurez s\u00e9lectionn\u00e9 votre \u00e9cole puis [&hellip;]<\/p>\n","protected":false},"author":1235,"featured_media":0,"parent":4227,"menu_order":0,"comment_status":"closed","ping_status":"closed","template":"","meta":{"footnotes":""},"class_list":["post-5702","page","type-page","status-publish","czr-hentry"],"yoast_head":"<!-- This site is optimized with the Yoast SEO plugin v26.4 - https:\/\/yoast.com\/wordpress\/plugins\/seo\/ -->\n<title>Rentr\u00e9e scolaire 2024-2025, convocations et manuels ~ CFPT<\/title>\n<meta name=\"robots\" content=\"index, follow, max-snippet:-1, max-image-preview:large, max-video-preview:-1\" \/>\n<link rel=\"canonical\" href=\"https:\/\/edurec.ge.ch\/site\/cfpt\/espace-administratif-documents-formulaires\/manuels-scolaires-rentree-2024-25\/\" \/>\n<meta property=\"og:locale\" content=\"fr_FR\" \/>\n<meta property=\"og:type\" content=\"article\" \/>\n<meta property=\"og:title\" content=\"Rentr\u00e9e scolaire 2024-2025, convocations et manuels ~ CFPT\" \/>\n<meta property=\"og:description\" content=\"Pour la rentr\u00e9e scolaire 2024-2025 vous devrez vous procurer les manuels sp\u00e9cifiques au m\u00e9tier ainsi que le mat\u00e9riel scolaire destin\u00e9 \u00e0 l\u2019enseignement g\u00e9n\u00e9ral (branches g\u00e9n\u00e9rales pour le CFC ou pour la maturit\u00e9 professionnelle) Les commandes des manuels scolaires seront possibles \u00e0 partir du 15 juillet 2024 Une fois que vous aurez s\u00e9lectionn\u00e9 votre \u00e9cole puis [&hellip;]\" \/>\n<meta property=\"og:url\" content=\"https:\/\/edurec.ge.ch\/site\/cfpt\/espace-administratif-documents-formulaires\/manuels-scolaires-rentree-2024-25\/\" \/>\n<meta property=\"og:site_name\" content=\"CFPT\" \/>\n<meta property=\"article:modified_time\" content=\"2024-07-05T06:13:40+00:00\" \/>\n<meta property=\"og:image\" content=\"https:\/\/edurec.ge.ch\/site\/cfpt\/wp-content\/uploads\/sites\/112\/2020\/07\/logocataroproshop.jpg\" \/>\n<meta name=\"twitter:card\" content=\"summary_large_image\" \/>\n<meta name=\"twitter:label1\" content=\"Dur\u00e9e de lecture estim\u00e9e\" \/>\n\t<meta name=\"twitter:data1\" content=\"3 minutes\" \/>\n<script type=\"application\/ld+json\" class=\"yoast-schema-graph\">{\"@context\":\"https:\/\/schema.org\",\"@graph\":[{\"@type\":\"WebPage\",\"@id\":\"https:\/\/edurec.ge.ch\/site\/cfpt\/espace-administratif-documents-formulaires\/manuels-scolaires-rentree-2024-25\/\",\"url\":\"https:\/\/edurec.ge.ch\/site\/cfpt\/espace-administratif-documents-formulaires\/manuels-scolaires-rentree-2024-25\/\",\"name\":\"Rentr\u00e9e scolaire 2024-2025, convocations et manuels ~ CFPT\",\"isPartOf\":{\"@id\":\"https:\/\/edurec.ge.ch\/site\/cfpt\/#website\"},\"primaryImageOfPage\":{\"@id\":\"https:\/\/edurec.ge.ch\/site\/cfpt\/espace-administratif-documents-formulaires\/manuels-scolaires-rentree-2024-25\/#primaryimage\"},\"image\":{\"@id\":\"https:\/\/edurec.ge.ch\/site\/cfpt\/espace-administratif-documents-formulaires\/manuels-scolaires-rentree-2024-25\/#primaryimage\"},\"thumbnailUrl\":\"https:\/\/edurec.ge.ch\/site\/cfpt\/wp-content\/uploads\/sites\/112\/2020\/07\/logocataroproshop.jpg\",\"datePublished\":\"2019-05-21T07:22:08+00:00\",\"dateModified\":\"2024-07-05T06:13:40+00:00\",\"breadcrumb\":{\"@id\":\"https:\/\/edurec.ge.ch\/site\/cfpt\/espace-administratif-documents-formulaires\/manuels-scolaires-rentree-2024-25\/#breadcrumb\"},\"inLanguage\":\"fr-FR\",\"potentialAction\":[{\"@type\":\"ReadAction\",\"target\":[\"https:\/\/edurec.ge.ch\/site\/cfpt\/espace-administratif-documents-formulaires\/manuels-scolaires-rentree-2024-25\/\"]}]},{\"@type\":\"ImageObject\",\"inLanguage\":\"fr-FR\",\"@id\":\"https:\/\/edurec.ge.ch\/site\/cfpt\/espace-administratif-documents-formulaires\/manuels-scolaires-rentree-2024-25\/#primaryimage\",\"url\":\"https:\/\/edurec.ge.ch\/site\/cfpt\/wp-content\/uploads\/sites\/112\/2020\/07\/logocataroproshop.jpg\",\"contentUrl\":\"https:\/\/edurec.ge.ch\/site\/cfpt\/wp-content\/uploads\/sites\/112\/2020\/07\/logocataroproshop.jpg\",\"width\":258,\"height\":167},{\"@type\":\"BreadcrumbList\",\"@id\":\"https:\/\/edurec.ge.ch\/site\/cfpt\/espace-administratif-documents-formulaires\/manuels-scolaires-rentree-2024-25\/#breadcrumb\",\"itemListElement\":[{\"@type\":\"ListItem\",\"position\":1,\"name\":\"Accueil\",\"item\":\"https:\/\/edurec.ge.ch\/site\/cfpt\/\"},{\"@type\":\"ListItem\",\"position\":2,\"name\":\"Espace administratif, documents et formulaires\",\"item\":\"https:\/\/edurec.ge.ch\/site\/cfpt\/espace-administratif-documents-formulaires\/\"},{\"@type\":\"ListItem\",\"position\":3,\"name\":\"Rentr\u00e9e scolaire 2024-2025, convocations et manuels\"}]},{\"@type\":\"WebSite\",\"@id\":\"https:\/\/edurec.ge.ch\/site\/cfpt\/#website\",\"url\":\"https:\/\/edurec.ge.ch\/site\/cfpt\/\",\"name\":\"CFPT\",\"description\":\"CFP Technique\",\"publisher\":{\"@id\":\"https:\/\/edurec.ge.ch\/site\/cfpt\/#organization\"},\"potentialAction\":[{\"@type\":\"SearchAction\",\"target\":{\"@type\":\"EntryPoint\",\"urlTemplate\":\"https:\/\/edurec.ge.ch\/site\/cfpt\/?s={search_term_string}\"},\"query-input\":{\"@type\":\"PropertyValueSpecification\",\"valueRequired\":true,\"valueName\":\"search_term_string\"}}],\"inLanguage\":\"fr-FR\"},{\"@type\":\"Organization\",\"@id\":\"https:\/\/edurec.ge.ch\/site\/cfpt\/#organization\",\"name\":\"Centre de formation professionnelle technique\",\"url\":\"https:\/\/edurec.ge.ch\/site\/cfpt\/\",\"logo\":{\"@type\":\"ImageObject\",\"inLanguage\":\"fr-FR\",\"@id\":\"https:\/\/edurec.ge.ch\/site\/cfpt\/#\/schema\/logo\/image\/\",\"url\":\"https:\/\/edurec.ge.ch\/site\/cfpt\/wp-content\/uploads\/sites\/112\/2016\/02\/logo-cfpt-site.png\",\"contentUrl\":\"https:\/\/edurec.ge.ch\/site\/cfpt\/wp-content\/uploads\/sites\/112\/2016\/02\/logo-cfpt-site.png\",\"width\":483,\"height\":483,\"caption\":\"Centre de formation professionnelle technique\"},\"image\":{\"@id\":\"https:\/\/edurec.ge.ch\/site\/cfpt\/#\/schema\/logo\/image\/\"}}]}<\/script>\n<!-- \/ Yoast SEO plugin. -->","yoast_head_json":{"title":"Rentr\u00e9e scolaire 2024-2025, convocations et manuels ~ CFPT","robots":{"index":"index","follow":"follow","max-snippet":"max-snippet:-1","max-image-preview":"max-image-preview:large","max-video-preview":"max-video-preview:-1"},"canonical":"https:\/\/edurec.ge.ch\/site\/cfpt\/espace-administratif-documents-formulaires\/manuels-scolaires-rentree-2024-25\/","og_locale":"fr_FR","og_type":"article","og_title":"Rentr\u00e9e scolaire 2024-2025, convocations et manuels ~ CFPT","og_description":"Pour la rentr\u00e9e scolaire 2024-2025 vous devrez vous procurer les manuels sp\u00e9cifiques au m\u00e9tier ainsi que le mat\u00e9riel scolaire destin\u00e9 \u00e0 l\u2019enseignement g\u00e9n\u00e9ral (branches g\u00e9n\u00e9rales pour le CFC ou pour la maturit\u00e9 professionnelle) Les commandes des manuels scolaires seront possibles \u00e0 partir du 15 juillet 2024 Une fois que vous aurez s\u00e9lectionn\u00e9 votre \u00e9cole puis [&hellip;]","og_url":"https:\/\/edurec.ge.ch\/site\/cfpt\/espace-administratif-documents-formulaires\/manuels-scolaires-rentree-2024-25\/","og_site_name":"CFPT","article_modified_time":"2024-07-05T06:13:40+00:00","og_image":[{"url":"https:\/\/edurec.ge.ch\/site\/cfpt\/wp-content\/uploads\/sites\/112\/2020\/07\/logocataroproshop.jpg","type":"","width":"","height":""}],"twitter_card":"summary_large_image","twitter_misc":{"Dur\u00e9e de lecture estim\u00e9e":"3 minutes"},"schema":{"@context":"https:\/\/schema.org","@graph":[{"@type":"WebPage","@id":"https:\/\/edurec.ge.ch\/site\/cfpt\/espace-administratif-documents-formulaires\/manuels-scolaires-rentree-2024-25\/","url":"https:\/\/edurec.ge.ch\/site\/cfpt\/espace-administratif-documents-formulaires\/manuels-scolaires-rentree-2024-25\/","name":"Rentr\u00e9e scolaire 2024-2025, convocations et manuels ~ CFPT","isPartOf":{"@id":"https:\/\/edurec.ge.ch\/site\/cfpt\/#website"},"primaryImageOfPage":{"@id":"https:\/\/edurec.ge.ch\/site\/cfpt\/espace-administratif-documents-formulaires\/manuels-scolaires-rentree-2024-25\/#primaryimage"},"image":{"@id":"https:\/\/edurec.ge.ch\/site\/cfpt\/espace-administratif-documents-formulaires\/manuels-scolaires-rentree-2024-25\/#primaryimage"},"thumbnailUrl":"https:\/\/edurec.ge.ch\/site\/cfpt\/wp-content\/uploads\/sites\/112\/2020\/07\/logocataroproshop.jpg","datePublished":"2019-05-21T07:22:08+00:00","dateModified":"2024-07-05T06:13:40+00:00","breadcrumb":{"@id":"https:\/\/edurec.ge.ch\/site\/cfpt\/espace-administratif-documents-formulaires\/manuels-scolaires-rentree-2024-25\/#breadcrumb"},"inLanguage":"fr-FR","potentialAction":[{"@type":"ReadAction","target":["https:\/\/edurec.ge.ch\/site\/cfpt\/espace-administratif-documents-formulaires\/manuels-scolaires-rentree-2024-25\/"]}]},{"@type":"ImageObject","inLanguage":"fr-FR","@id":"https:\/\/edurec.ge.ch\/site\/cfpt\/espace-administratif-documents-formulaires\/manuels-scolaires-rentree-2024-25\/#primaryimage","url":"https:\/\/edurec.ge.ch\/site\/cfpt\/wp-content\/uploads\/sites\/112\/2020\/07\/logocataroproshop.jpg","contentUrl":"https:\/\/edurec.ge.ch\/site\/cfpt\/wp-content\/uploads\/sites\/112\/2020\/07\/logocataroproshop.jpg","width":258,"height":167},{"@type":"BreadcrumbList","@id":"https:\/\/edurec.ge.ch\/site\/cfpt\/espace-administratif-documents-formulaires\/manuels-scolaires-rentree-2024-25\/#breadcrumb","itemListElement":[{"@type":"ListItem","position":1,"name":"Accueil","item":"https:\/\/edurec.ge.ch\/site\/cfpt\/"},{"@type":"ListItem","position":2,"name":"Espace administratif, documents et formulaires","item":"https:\/\/edurec.ge.ch\/site\/cfpt\/espace-administratif-documents-formulaires\/"},{"@type":"ListItem","position":3,"name":"Rentr\u00e9e scolaire 2024-2025, convocations et manuels"}]},{"@type":"WebSite","@id":"https:\/\/edurec.ge.ch\/site\/cfpt\/#website","url":"https:\/\/edurec.ge.ch\/site\/cfpt\/","name":"CFPT","description":"CFP Technique","publisher":{"@id":"https:\/\/edurec.ge.ch\/site\/cfpt\/#organization"},"potentialAction":[{"@type":"SearchAction","target":{"@type":"EntryPoint","urlTemplate":"https:\/\/edurec.ge.ch\/site\/cfpt\/?s={search_term_string}"},"query-input":{"@type":"PropertyValueSpecification","valueRequired":true,"valueName":"search_term_string"}}],"inLanguage":"fr-FR"},{"@type":"Organization","@id":"https:\/\/edurec.ge.ch\/site\/cfpt\/#organization","name":"Centre de formation professionnelle technique","url":"https:\/\/edurec.ge.ch\/site\/cfpt\/","logo":{"@type":"ImageObject","inLanguage":"fr-FR","@id":"https:\/\/edurec.ge.ch\/site\/cfpt\/#\/schema\/logo\/image\/","url":"https:\/\/edurec.ge.ch\/site\/cfpt\/wp-content\/uploads\/sites\/112\/2016\/02\/logo-cfpt-site.png","contentUrl":"https:\/\/edurec.ge.ch\/site\/cfpt\/wp-content\/uploads\/sites\/112\/2016\/02\/logo-cfpt-site.png","width":483,"height":483,"caption":"Centre de formation professionnelle technique"},"image":{"@id":"https:\/\/edurec.ge.ch\/site\/cfpt\/#\/schema\/logo\/image\/"}}]}},"publishpress_future_action":{"enabled":false,"date":"2026-05-24 15:17:16","action":"change-status","newStatus":"draft","terms":[],"taxonomy":"","extraData":[]},"publishpress_future_workflow_manual_trigger":{"enabledWorkflows":[]},"_links":{"self":[{"href":"https:\/\/edurec.ge.ch\/site\/cfpt\/wp-json\/wp\/v2\/pages\/5702","targetHints":{"allow":["GET"]}}],"collection":[{"href":"https:\/\/edurec.ge.ch\/site\/cfpt\/wp-json\/wp\/v2\/pages"}],"about":[{"href":"https:\/\/edurec.ge.ch\/site\/cfpt\/wp-json\/wp\/v2\/types\/page"}],"author":[{"embeddable":true,"href":"https:\/\/edurec.ge.ch\/site\/cfpt\/wp-json\/wp\/v2\/users\/1235"}],"replies":[{"embeddable":true,"href":"https:\/\/edurec.ge.ch\/site\/cfpt\/wp-json\/wp\/v2\/comments?post=5702"}],"version-history":[{"count":235,"href":"https:\/\/edurec.ge.ch\/site\/cfpt\/wp-json\/wp\/v2\/pages\/5702\/revisions"}],"predecessor-version":[{"id":13259,"href":"https:\/\/edurec.ge.ch\/site\/cfpt\/wp-json\/wp\/v2\/pages\/5702\/revisions\/13259"}],"up":[{"embeddable":true,"href":"https:\/\/edurec.ge.ch\/site\/cfpt\/wp-json\/wp\/v2\/pages\/4227"}],"wp:attachment":[{"href":"https:\/\/edurec.ge.ch\/site\/cfpt\/wp-json\/wp\/v2\/media?parent=5702"}],"curies":[{"name":"wp","href":"https:\/\/api.w.org\/{rel}","templated":true}]}}