{"id":55,"date":"2016-02-29T15:06:32","date_gmt":"2016-02-29T14:06:32","guid":{"rendered":"https:\/\/edurec.ge.ch\/site\/cfpt\/?page_id=55"},"modified":"2019-02-26T12:01:48","modified_gmt":"2019-02-26T11:01:48","slug":"parkings","status":"publish","type":"page","link":"https:\/\/edurec.ge.ch\/site\/cfpt\/nous-situer\/parkings\/","title":{"rendered":"Parkings"},"content":{"rendered":"<div id=\"pl-55\"  class=\"panel-layout\" ><div id=\"pg-55-0\"  class=\"panel-grid panel-no-style\" ><div id=\"pgc-55-0-0\"  class=\"panel-grid-cell\" ><div id=\"panel-55-0-0-0\" class=\"so-panel widget widget_sow-editor panel-first-child panel-last-child\" data-index=\"0\" ><div\n\t\t\t\n\t\t\tclass=\"so-widget-sow-editor so-widget-sow-editor-base\"\n\t\t\t\n\t\t>\n<div class=\"siteorigin-widget-tinymce textwidget\">\n\t<h3 id=\"parent-fieldname-title\" class=\"documentFirstHeading\">Parkings pour \u00e9l\u00e8ves, rempla\u00e7ants et visiteurs ponctuels<\/h3>\n<ul>\n<li><a href=\"https:\/\/edurec.ge.ch\/site\/cfpt\/wp-content\/uploads\/sites\/112\/2016\/02\/Information-aux-rempla\u00e7ant-et-aux-intervenants-ponctuels-_2_.pdf\">Parking public Louis-Bertrand<\/a><\/li>\n<li><a href=\"https:\/\/edurec.ge.ch\/site\/cfpt\/wp-content\/uploads\/sites\/112\/2016\/02\/INFORMATION-SUR-LES-POSSIBILITES-DE-PARKING.pdf\" rel=\"\">Parking pour rempla\u00e7ants et intervenants ponctuels au CFPT Butin et Bertrand<\/a><\/li>\n<\/ul>\n<p>\u00a0<\/p>\n<p>Les enseignants ainsi que le personnel administratif et technique du CFPT trouveront les informations les concernant sous la rubrique \"Parking-CFPT \" du \"M\u00e9mento\".<\/p>\n<p>\u00a0<\/p>\n<\/div>\n<\/div><\/div><\/div><\/div><\/div>","protected":false},"excerpt":{"rendered":"<p>Parkings pour \u00e9l\u00e8ves, rempla\u00e7ants et visiteurs ponctuelsParking public Louis-BertrandParking pour rempla\u00e7ants et intervenants ponctuels au CFPT Butin et Bertrand\u00a0Les enseignants ainsi que le personnel administratif et technique du CFPT trouveront les informations les concernant sous la rubrique \u00ab\u00a0Parking-CFPT \u00a0\u00bb du \u00ab\u00a0M\u00e9mento\u00a0\u00bb.\u00a0<\/p>\n","protected":false},"author":1235,"featured_media":0,"parent":3777,"menu_order":4,"comment_status":"closed","ping_status":"closed","template":"","meta":{"footnotes":""},"class_list":["post-55","page","type-page","status-publish","czr-hentry"],"yoast_head":"<!-- This site is optimized with the Yoast SEO plugin v26.4 - https:\/\/yoast.com\/wordpress\/plugins\/seo\/ -->\n<title>Parkings ~ CFPT<\/title>\n<meta name=\"description\" content=\"O\u00f9 se parquer lorsque l&#039;on vient au CFPT\" \/>\n<meta name=\"robots\" content=\"index, follow, max-snippet:-1, max-image-preview:large, max-video-preview:-1\" \/>\n<link rel=\"canonical\" href=\"https:\/\/edurec.ge.ch\/site\/cfpt\/nous-situer\/parkings\/\" \/>\n<meta property=\"og:locale\" content=\"fr_FR\" \/>\n<meta property=\"og:type\" content=\"article\" \/>\n<meta property=\"og:title\" content=\"Parkings ~ CFPT\" \/>\n<meta property=\"og:description\" content=\"O\u00f9 se parquer lorsque l&#039;on vient au CFPT\" \/>\n<meta property=\"og:url\" content=\"https:\/\/edurec.ge.ch\/site\/cfpt\/nous-situer\/parkings\/\" \/>\n<meta property=\"og:site_name\" content=\"CFPT\" \/>\n<meta property=\"article:modified_time\" content=\"2019-02-26T11:01:48+00:00\" \/>\n<meta name=\"twitter:card\" content=\"summary_large_image\" \/>\n<script type=\"application\/ld+json\" class=\"yoast-schema-graph\">{\"@context\":\"https:\/\/schema.org\",\"@graph\":[{\"@type\":\"WebPage\",\"@id\":\"https:\/\/edurec.ge.ch\/site\/cfpt\/nous-situer\/parkings\/\",\"url\":\"https:\/\/edurec.ge.ch\/site\/cfpt\/nous-situer\/parkings\/\",\"name\":\"Parkings ~ CFPT\",\"isPartOf\":{\"@id\":\"https:\/\/edurec.ge.ch\/site\/cfpt\/#website\"},\"datePublished\":\"2016-02-29T14:06:32+00:00\",\"dateModified\":\"2019-02-26T11:01:48+00:00\",\"description\":\"O\u00f9 se parquer lorsque l'on vient au CFPT\",\"breadcrumb\":{\"@id\":\"https:\/\/edurec.ge.ch\/site\/cfpt\/nous-situer\/parkings\/#breadcrumb\"},\"inLanguage\":\"fr-FR\",\"potentialAction\":[{\"@type\":\"ReadAction\",\"target\":[\"https:\/\/edurec.ge.ch\/site\/cfpt\/nous-situer\/parkings\/\"]}]},{\"@type\":\"BreadcrumbList\",\"@id\":\"https:\/\/edurec.ge.ch\/site\/cfpt\/nous-situer\/parkings\/#breadcrumb\",\"itemListElement\":[{\"@type\":\"ListItem\",\"position\":1,\"name\":\"Accueil\",\"item\":\"https:\/\/edurec.ge.ch\/site\/cfpt\/\"},{\"@type\":\"ListItem\",\"position\":2,\"name\":\"Nous situer\",\"item\":\"https:\/\/edurec.ge.ch\/site\/cfpt\/nous-situer\/\"},{\"@type\":\"ListItem\",\"position\":3,\"name\":\"Parkings\"}]},{\"@type\":\"WebSite\",\"@id\":\"https:\/\/edurec.ge.ch\/site\/cfpt\/#website\",\"url\":\"https:\/\/edurec.ge.ch\/site\/cfpt\/\",\"name\":\"CFPT\",\"description\":\"CFP Technique\",\"publisher\":{\"@id\":\"https:\/\/edurec.ge.ch\/site\/cfpt\/#organization\"},\"potentialAction\":[{\"@type\":\"SearchAction\",\"target\":{\"@type\":\"EntryPoint\",\"urlTemplate\":\"https:\/\/edurec.ge.ch\/site\/cfpt\/?s={search_term_string}\"},\"query-input\":{\"@type\":\"PropertyValueSpecification\",\"valueRequired\":true,\"valueName\":\"search_term_string\"}}],\"inLanguage\":\"fr-FR\"},{\"@type\":\"Organization\",\"@id\":\"https:\/\/edurec.ge.ch\/site\/cfpt\/#organization\",\"name\":\"Centre de formation professionnelle technique\",\"url\":\"https:\/\/edurec.ge.ch\/site\/cfpt\/\",\"logo\":{\"@type\":\"ImageObject\",\"inLanguage\":\"fr-FR\",\"@id\":\"https:\/\/edurec.ge.ch\/site\/cfpt\/#\/schema\/logo\/image\/\",\"url\":\"https:\/\/edurec.ge.ch\/site\/cfpt\/wp-content\/uploads\/sites\/112\/2016\/02\/logo-cfpt-site.png\",\"contentUrl\":\"https:\/\/edurec.ge.ch\/site\/cfpt\/wp-content\/uploads\/sites\/112\/2016\/02\/logo-cfpt-site.png\",\"width\":483,\"height\":483,\"caption\":\"Centre de formation professionnelle technique\"},\"image\":{\"@id\":\"https:\/\/edurec.ge.ch\/site\/cfpt\/#\/schema\/logo\/image\/\"}}]}<\/script>\n<!-- \/ Yoast SEO plugin. -->","yoast_head_json":{"title":"Parkings ~ CFPT","description":"O\u00f9 se parquer lorsque l'on vient au CFPT","robots":{"index":"index","follow":"follow","max-snippet":"max-snippet:-1","max-image-preview":"max-image-preview:large","max-video-preview":"max-video-preview:-1"},"canonical":"https:\/\/edurec.ge.ch\/site\/cfpt\/nous-situer\/parkings\/","og_locale":"fr_FR","og_type":"article","og_title":"Parkings ~ CFPT","og_description":"O\u00f9 se parquer lorsque l'on vient au CFPT","og_url":"https:\/\/edurec.ge.ch\/site\/cfpt\/nous-situer\/parkings\/","og_site_name":"CFPT","article_modified_time":"2019-02-26T11:01:48+00:00","twitter_card":"summary_large_image","schema":{"@context":"https:\/\/schema.org","@graph":[{"@type":"WebPage","@id":"https:\/\/edurec.ge.ch\/site\/cfpt\/nous-situer\/parkings\/","url":"https:\/\/edurec.ge.ch\/site\/cfpt\/nous-situer\/parkings\/","name":"Parkings ~ CFPT","isPartOf":{"@id":"https:\/\/edurec.ge.ch\/site\/cfpt\/#website"},"datePublished":"2016-02-29T14:06:32+00:00","dateModified":"2019-02-26T11:01:48+00:00","description":"O\u00f9 se parquer lorsque l'on vient au CFPT","breadcrumb":{"@id":"https:\/\/edurec.ge.ch\/site\/cfpt\/nous-situer\/parkings\/#breadcrumb"},"inLanguage":"fr-FR","potentialAction":[{"@type":"ReadAction","target":["https:\/\/edurec.ge.ch\/site\/cfpt\/nous-situer\/parkings\/"]}]},{"@type":"BreadcrumbList","@id":"https:\/\/edurec.ge.ch\/site\/cfpt\/nous-situer\/parkings\/#breadcrumb","itemListElement":[{"@type":"ListItem","position":1,"name":"Accueil","item":"https:\/\/edurec.ge.ch\/site\/cfpt\/"},{"@type":"ListItem","position":2,"name":"Nous situer","item":"https:\/\/edurec.ge.ch\/site\/cfpt\/nous-situer\/"},{"@type":"ListItem","position":3,"name":"Parkings"}]},{"@type":"WebSite","@id":"https:\/\/edurec.ge.ch\/site\/cfpt\/#website","url":"https:\/\/edurec.ge.ch\/site\/cfpt\/","name":"CFPT","description":"CFP Technique","publisher":{"@id":"https:\/\/edurec.ge.ch\/site\/cfpt\/#organization"},"potentialAction":[{"@type":"SearchAction","target":{"@type":"EntryPoint","urlTemplate":"https:\/\/edurec.ge.ch\/site\/cfpt\/?s={search_term_string}"},"query-input":{"@type":"PropertyValueSpecification","valueRequired":true,"valueName":"search_term_string"}}],"inLanguage":"fr-FR"},{"@type":"Organization","@id":"https:\/\/edurec.ge.ch\/site\/cfpt\/#organization","name":"Centre de formation professionnelle technique","url":"https:\/\/edurec.ge.ch\/site\/cfpt\/","logo":{"@type":"ImageObject","inLanguage":"fr-FR","@id":"https:\/\/edurec.ge.ch\/site\/cfpt\/#\/schema\/logo\/image\/","url":"https:\/\/edurec.ge.ch\/site\/cfpt\/wp-content\/uploads\/sites\/112\/2016\/02\/logo-cfpt-site.png","contentUrl":"https:\/\/edurec.ge.ch\/site\/cfpt\/wp-content\/uploads\/sites\/112\/2016\/02\/logo-cfpt-site.png","width":483,"height":483,"caption":"Centre de formation professionnelle technique"},"image":{"@id":"https:\/\/edurec.ge.ch\/site\/cfpt\/#\/schema\/logo\/image\/"}}]}},"publishpress_future_action":{"enabled":false,"date":"2026-05-24 15:11:43","action":"change-status","newStatus":"draft","terms":[],"taxonomy":"","extraData":[]},"publishpress_future_workflow_manual_trigger":{"enabledWorkflows":[]},"_links":{"self":[{"href":"https:\/\/edurec.ge.ch\/site\/cfpt\/wp-json\/wp\/v2\/pages\/55","targetHints":{"allow":["GET"]}}],"collection":[{"href":"https:\/\/edurec.ge.ch\/site\/cfpt\/wp-json\/wp\/v2\/pages"}],"about":[{"href":"https:\/\/edurec.ge.ch\/site\/cfpt\/wp-json\/wp\/v2\/types\/page"}],"author":[{"embeddable":true,"href":"https:\/\/edurec.ge.ch\/site\/cfpt\/wp-json\/wp\/v2\/users\/1235"}],"replies":[{"embeddable":true,"href":"https:\/\/edurec.ge.ch\/site\/cfpt\/wp-json\/wp\/v2\/comments?post=55"}],"version-history":[{"count":8,"href":"https:\/\/edurec.ge.ch\/site\/cfpt\/wp-json\/wp\/v2\/pages\/55\/revisions"}],"predecessor-version":[{"id":1713,"href":"https:\/\/edurec.ge.ch\/site\/cfpt\/wp-json\/wp\/v2\/pages\/55\/revisions\/1713"}],"up":[{"embeddable":true,"href":"https:\/\/edurec.ge.ch\/site\/cfpt\/wp-json\/wp\/v2\/pages\/3777"}],"wp:attachment":[{"href":"https:\/\/edurec.ge.ch\/site\/cfpt\/wp-json\/wp\/v2\/media?parent=55"}],"curies":[{"name":"wp","href":"https:\/\/api.w.org\/{rel}","templated":true}]}}