{"id":53,"date":"2016-02-29T15:06:13","date_gmt":"2016-02-29T14:06:13","guid":{"rendered":"https:\/\/edurec.ge.ch\/site\/cfpt\/?page_id=53"},"modified":"2019-02-26T12:01:37","modified_gmt":"2019-02-26T11:01:37","slug":"acces-tpg","status":"publish","type":"page","link":"https:\/\/edurec.ge.ch\/site\/cfpt\/nous-situer\/acces-tpg\/","title":{"rendered":"Acc\u00e8s TPG"},"content":{"rendered":"<p>Veuillez cliquer sur l&rsquo;image pour l&rsquo;agrandir<\/p>\n<p><a href=\"https:\/\/edurec.ge.ch\/site\/cfpt\/wp-content\/uploads\/sites\/112\/2016\/02\/acces-tpgv2.png\" data-rel=\"lightbox-image-0\" data-rl_title=\"\" data-rl_caption=\"\" title=\"\"><img loading=\"lazy\" decoding=\"async\" class=\"alignnone size-medium wp-image-423\" src=\"https:\/\/edurec.ge.ch\/site\/cfpt\/wp-content\/uploads\/sites\/112\/2016\/02\/acces-tpgv2-300x168.png\" alt=\"acces tpgv2\" width=\"300\" height=\"168\" srcset=\"https:\/\/edurec.ge.ch\/site\/cfpt\/wp-content\/uploads\/sites\/112\/2016\/02\/acces-tpgv2-300x168.png 300w, https:\/\/edurec.ge.ch\/site\/cfpt\/wp-content\/uploads\/sites\/112\/2016\/02\/acces-tpgv2-1024x574.png 1024w\" sizes=\"auto, (max-width: 300px) 100vw, 300px\" \/><\/a><\/p>\n<p>&nbsp;<\/p>\n<p>&nbsp;<\/p>\n","protected":false},"excerpt":{"rendered":"<p>Veuillez cliquer sur l&rsquo;image pour l&rsquo;agrandir &nbsp; &nbsp;<\/p>\n","protected":false},"author":1235,"featured_media":0,"parent":3777,"menu_order":3,"comment_status":"closed","ping_status":"closed","template":"","meta":{"footnotes":""},"class_list":["post-53","page","type-page","status-publish","czr-hentry"],"yoast_head":"<!-- This site is optimized with the Yoast SEO plugin v26.4 - https:\/\/yoast.com\/wordpress\/plugins\/seo\/ -->\n<title>Acc\u00e8s TPG ~ CFPT<\/title>\n<meta name=\"description\" content=\"Comment acc\u00e9der au CFPT \u00e0 l&#039;aide des transports en communs\" \/>\n<meta name=\"robots\" content=\"index, follow, max-snippet:-1, max-image-preview:large, max-video-preview:-1\" \/>\n<link rel=\"canonical\" href=\"https:\/\/edurec.ge.ch\/site\/cfpt\/nous-situer\/acces-tpg\/\" \/>\n<meta property=\"og:locale\" content=\"fr_FR\" \/>\n<meta property=\"og:type\" content=\"article\" \/>\n<meta property=\"og:title\" content=\"Acc\u00e8s TPG ~ CFPT\" \/>\n<meta property=\"og:description\" content=\"Comment acc\u00e9der au CFPT \u00e0 l&#039;aide des transports en communs\" \/>\n<meta property=\"og:url\" content=\"https:\/\/edurec.ge.ch\/site\/cfpt\/nous-situer\/acces-tpg\/\" \/>\n<meta property=\"og:site_name\" content=\"CFPT\" \/>\n<meta property=\"article:modified_time\" content=\"2019-02-26T11:01:37+00:00\" \/>\n<meta property=\"og:image\" content=\"https:\/\/edurec.ge.ch\/site\/cfpt\/wp-content\/uploads\/sites\/112\/2016\/02\/acces-tpgv2-300x168.png\" \/>\n<meta name=\"twitter:card\" content=\"summary_large_image\" \/>\n<script type=\"application\/ld+json\" class=\"yoast-schema-graph\">{\"@context\":\"https:\/\/schema.org\",\"@graph\":[{\"@type\":\"WebPage\",\"@id\":\"https:\/\/edurec.ge.ch\/site\/cfpt\/nous-situer\/acces-tpg\/\",\"url\":\"https:\/\/edurec.ge.ch\/site\/cfpt\/nous-situer\/acces-tpg\/\",\"name\":\"Acc\u00e8s TPG ~ CFPT\",\"isPartOf\":{\"@id\":\"https:\/\/edurec.ge.ch\/site\/cfpt\/#website\"},\"primaryImageOfPage\":{\"@id\":\"https:\/\/edurec.ge.ch\/site\/cfpt\/nous-situer\/acces-tpg\/#primaryimage\"},\"image\":{\"@id\":\"https:\/\/edurec.ge.ch\/site\/cfpt\/nous-situer\/acces-tpg\/#primaryimage\"},\"thumbnailUrl\":\"https:\/\/edurec.ge.ch\/site\/cfpt\/wp-content\/uploads\/sites\/112\/2016\/02\/acces-tpgv2-300x168.png\",\"datePublished\":\"2016-02-29T14:06:13+00:00\",\"dateModified\":\"2019-02-26T11:01:37+00:00\",\"description\":\"Comment acc\u00e9der au CFPT \u00e0 l'aide des transports en communs\",\"breadcrumb\":{\"@id\":\"https:\/\/edurec.ge.ch\/site\/cfpt\/nous-situer\/acces-tpg\/#breadcrumb\"},\"inLanguage\":\"fr-FR\",\"potentialAction\":[{\"@type\":\"ReadAction\",\"target\":[\"https:\/\/edurec.ge.ch\/site\/cfpt\/nous-situer\/acces-tpg\/\"]}]},{\"@type\":\"ImageObject\",\"inLanguage\":\"fr-FR\",\"@id\":\"https:\/\/edurec.ge.ch\/site\/cfpt\/nous-situer\/acces-tpg\/#primaryimage\",\"url\":\"https:\/\/edurec.ge.ch\/site\/cfpt\/wp-content\/uploads\/sites\/112\/2016\/02\/acces-tpgv2.png\",\"contentUrl\":\"https:\/\/edurec.ge.ch\/site\/cfpt\/wp-content\/uploads\/sites\/112\/2016\/02\/acces-tpgv2.png\",\"width\":2717,\"height\":1523},{\"@type\":\"BreadcrumbList\",\"@id\":\"https:\/\/edurec.ge.ch\/site\/cfpt\/nous-situer\/acces-tpg\/#breadcrumb\",\"itemListElement\":[{\"@type\":\"ListItem\",\"position\":1,\"name\":\"Accueil\",\"item\":\"https:\/\/edurec.ge.ch\/site\/cfpt\/\"},{\"@type\":\"ListItem\",\"position\":2,\"name\":\"Nous situer\",\"item\":\"https:\/\/edurec.ge.ch\/site\/cfpt\/nous-situer\/\"},{\"@type\":\"ListItem\",\"position\":3,\"name\":\"Acc\u00e8s TPG\"}]},{\"@type\":\"WebSite\",\"@id\":\"https:\/\/edurec.ge.ch\/site\/cfpt\/#website\",\"url\":\"https:\/\/edurec.ge.ch\/site\/cfpt\/\",\"name\":\"CFPT\",\"description\":\"CFP Technique\",\"publisher\":{\"@id\":\"https:\/\/edurec.ge.ch\/site\/cfpt\/#organization\"},\"potentialAction\":[{\"@type\":\"SearchAction\",\"target\":{\"@type\":\"EntryPoint\",\"urlTemplate\":\"https:\/\/edurec.ge.ch\/site\/cfpt\/?s={search_term_string}\"},\"query-input\":{\"@type\":\"PropertyValueSpecification\",\"valueRequired\":true,\"valueName\":\"search_term_string\"}}],\"inLanguage\":\"fr-FR\"},{\"@type\":\"Organization\",\"@id\":\"https:\/\/edurec.ge.ch\/site\/cfpt\/#organization\",\"name\":\"Centre de formation professionnelle technique\",\"url\":\"https:\/\/edurec.ge.ch\/site\/cfpt\/\",\"logo\":{\"@type\":\"ImageObject\",\"inLanguage\":\"fr-FR\",\"@id\":\"https:\/\/edurec.ge.ch\/site\/cfpt\/#\/schema\/logo\/image\/\",\"url\":\"https:\/\/edurec.ge.ch\/site\/cfpt\/wp-content\/uploads\/sites\/112\/2016\/02\/logo-cfpt-site.png\",\"contentUrl\":\"https:\/\/edurec.ge.ch\/site\/cfpt\/wp-content\/uploads\/sites\/112\/2016\/02\/logo-cfpt-site.png\",\"width\":483,\"height\":483,\"caption\":\"Centre de formation professionnelle technique\"},\"image\":{\"@id\":\"https:\/\/edurec.ge.ch\/site\/cfpt\/#\/schema\/logo\/image\/\"}}]}<\/script>\n<!-- \/ Yoast SEO plugin. -->","yoast_head_json":{"title":"Acc\u00e8s TPG ~ CFPT","description":"Comment acc\u00e9der au CFPT \u00e0 l'aide des transports en communs","robots":{"index":"index","follow":"follow","max-snippet":"max-snippet:-1","max-image-preview":"max-image-preview:large","max-video-preview":"max-video-preview:-1"},"canonical":"https:\/\/edurec.ge.ch\/site\/cfpt\/nous-situer\/acces-tpg\/","og_locale":"fr_FR","og_type":"article","og_title":"Acc\u00e8s TPG ~ CFPT","og_description":"Comment acc\u00e9der au CFPT \u00e0 l'aide des transports en communs","og_url":"https:\/\/edurec.ge.ch\/site\/cfpt\/nous-situer\/acces-tpg\/","og_site_name":"CFPT","article_modified_time":"2019-02-26T11:01:37+00:00","og_image":[{"url":"https:\/\/edurec.ge.ch\/site\/cfpt\/wp-content\/uploads\/sites\/112\/2016\/02\/acces-tpgv2-300x168.png","type":"","width":"","height":""}],"twitter_card":"summary_large_image","schema":{"@context":"https:\/\/schema.org","@graph":[{"@type":"WebPage","@id":"https:\/\/edurec.ge.ch\/site\/cfpt\/nous-situer\/acces-tpg\/","url":"https:\/\/edurec.ge.ch\/site\/cfpt\/nous-situer\/acces-tpg\/","name":"Acc\u00e8s TPG ~ CFPT","isPartOf":{"@id":"https:\/\/edurec.ge.ch\/site\/cfpt\/#website"},"primaryImageOfPage":{"@id":"https:\/\/edurec.ge.ch\/site\/cfpt\/nous-situer\/acces-tpg\/#primaryimage"},"image":{"@id":"https:\/\/edurec.ge.ch\/site\/cfpt\/nous-situer\/acces-tpg\/#primaryimage"},"thumbnailUrl":"https:\/\/edurec.ge.ch\/site\/cfpt\/wp-content\/uploads\/sites\/112\/2016\/02\/acces-tpgv2-300x168.png","datePublished":"2016-02-29T14:06:13+00:00","dateModified":"2019-02-26T11:01:37+00:00","description":"Comment acc\u00e9der au CFPT \u00e0 l'aide des transports en communs","breadcrumb":{"@id":"https:\/\/edurec.ge.ch\/site\/cfpt\/nous-situer\/acces-tpg\/#breadcrumb"},"inLanguage":"fr-FR","potentialAction":[{"@type":"ReadAction","target":["https:\/\/edurec.ge.ch\/site\/cfpt\/nous-situer\/acces-tpg\/"]}]},{"@type":"ImageObject","inLanguage":"fr-FR","@id":"https:\/\/edurec.ge.ch\/site\/cfpt\/nous-situer\/acces-tpg\/#primaryimage","url":"https:\/\/edurec.ge.ch\/site\/cfpt\/wp-content\/uploads\/sites\/112\/2016\/02\/acces-tpgv2.png","contentUrl":"https:\/\/edurec.ge.ch\/site\/cfpt\/wp-content\/uploads\/sites\/112\/2016\/02\/acces-tpgv2.png","width":2717,"height":1523},{"@type":"BreadcrumbList","@id":"https:\/\/edurec.ge.ch\/site\/cfpt\/nous-situer\/acces-tpg\/#breadcrumb","itemListElement":[{"@type":"ListItem","position":1,"name":"Accueil","item":"https:\/\/edurec.ge.ch\/site\/cfpt\/"},{"@type":"ListItem","position":2,"name":"Nous situer","item":"https:\/\/edurec.ge.ch\/site\/cfpt\/nous-situer\/"},{"@type":"ListItem","position":3,"name":"Acc\u00e8s TPG"}]},{"@type":"WebSite","@id":"https:\/\/edurec.ge.ch\/site\/cfpt\/#website","url":"https:\/\/edurec.ge.ch\/site\/cfpt\/","name":"CFPT","description":"CFP Technique","publisher":{"@id":"https:\/\/edurec.ge.ch\/site\/cfpt\/#organization"},"potentialAction":[{"@type":"SearchAction","target":{"@type":"EntryPoint","urlTemplate":"https:\/\/edurec.ge.ch\/site\/cfpt\/?s={search_term_string}"},"query-input":{"@type":"PropertyValueSpecification","valueRequired":true,"valueName":"search_term_string"}}],"inLanguage":"fr-FR"},{"@type":"Organization","@id":"https:\/\/edurec.ge.ch\/site\/cfpt\/#organization","name":"Centre de formation professionnelle technique","url":"https:\/\/edurec.ge.ch\/site\/cfpt\/","logo":{"@type":"ImageObject","inLanguage":"fr-FR","@id":"https:\/\/edurec.ge.ch\/site\/cfpt\/#\/schema\/logo\/image\/","url":"https:\/\/edurec.ge.ch\/site\/cfpt\/wp-content\/uploads\/sites\/112\/2016\/02\/logo-cfpt-site.png","contentUrl":"https:\/\/edurec.ge.ch\/site\/cfpt\/wp-content\/uploads\/sites\/112\/2016\/02\/logo-cfpt-site.png","width":483,"height":483,"caption":"Centre de formation professionnelle technique"},"image":{"@id":"https:\/\/edurec.ge.ch\/site\/cfpt\/#\/schema\/logo\/image\/"}}]}},"publishpress_future_action":{"enabled":false,"date":"2026-05-24 15:11:46","action":"change-status","newStatus":"draft","terms":[],"taxonomy":"","extraData":[]},"publishpress_future_workflow_manual_trigger":{"enabledWorkflows":[]},"_links":{"self":[{"href":"https:\/\/edurec.ge.ch\/site\/cfpt\/wp-json\/wp\/v2\/pages\/53","targetHints":{"allow":["GET"]}}],"collection":[{"href":"https:\/\/edurec.ge.ch\/site\/cfpt\/wp-json\/wp\/v2\/pages"}],"about":[{"href":"https:\/\/edurec.ge.ch\/site\/cfpt\/wp-json\/wp\/v2\/types\/page"}],"author":[{"embeddable":true,"href":"https:\/\/edurec.ge.ch\/site\/cfpt\/wp-json\/wp\/v2\/users\/1235"}],"replies":[{"embeddable":true,"href":"https:\/\/edurec.ge.ch\/site\/cfpt\/wp-json\/wp\/v2\/comments?post=53"}],"version-history":[{"count":5,"href":"https:\/\/edurec.ge.ch\/site\/cfpt\/wp-json\/wp\/v2\/pages\/53\/revisions"}],"predecessor-version":[{"id":424,"href":"https:\/\/edurec.ge.ch\/site\/cfpt\/wp-json\/wp\/v2\/pages\/53\/revisions\/424"}],"up":[{"embeddable":true,"href":"https:\/\/edurec.ge.ch\/site\/cfpt\/wp-json\/wp\/v2\/pages\/3777"}],"wp:attachment":[{"href":"https:\/\/edurec.ge.ch\/site\/cfpt\/wp-json\/wp\/v2\/media?parent=53"}],"curies":[{"name":"wp","href":"https:\/\/api.w.org\/{rel}","templated":true}]}}