{"id":4227,"date":"2019-02-26T18:53:17","date_gmt":"2019-02-26T17:53:17","guid":{"rendered":"https:\/\/edurec.ge.ch\/site\/cfpt\/?page_id=4227"},"modified":"2024-02-26T09:06:32","modified_gmt":"2024-02-26T08:06:32","slug":"espace-administratif-documents-formulaires","status":"publish","type":"page","link":"https:\/\/edurec.ge.ch\/site\/cfpt\/espace-administratif-documents-formulaires\/","title":{"rendered":"Espace administratif, documents et formulaires"},"content":{"rendered":"<div id=\"pl-4227\"  class=\"panel-layout\" ><div id=\"pg-4227-0\"  class=\"panel-grid panel-no-style\" ><div id=\"pgc-4227-0-0\"  class=\"panel-grid-cell\" ><div id=\"panel-4227-0-0-0\" class=\"so-panel widget widget_nav_menu panel-first-child panel-last-child\" data-index=\"0\" ><h3 class=\"widget-title\">Organisation du CFPT<\/h3><div class=\"menu-organisation-du-cfpt-container\"><ul id=\"menu-organisation-du-cfpt\" class=\"menu\"><li id=\"menu-item-11802\" class=\"menu-item menu-item-type-custom menu-item-object-custom menu-item-11802\"><a href=\"https:\/\/edurec.ge.ch\/site\/cfpt\/wp-content\/uploads\/sites\/112\/2025\/01\/Organigramme_CFPT_24_25.pdf\">Organigramme<\/a><\/li>\n<li id=\"menu-item-12000\" class=\"menu-item menu-item-type-custom menu-item-object-custom menu-item-12000\"><a href=\"https:\/\/edurec.ge.ch\/site\/cfpt\/wp-content\/uploads\/sites\/112\/2024\/09\/LISTE-personnel-CFPT-2024-2025.pdf\">Liste des num\u00e9ros de t\u00e9l\u00e9phone internes<\/a><\/li>\n<li id=\"menu-item-4235\" class=\"menu-item menu-item-type-post_type menu-item-object-page menu-item-4235\"><a href=\"https:\/\/edurec.ge.ch\/site\/cfpt\/espace-administratif-documents-formulaires\/echeanciers\/\">Ech\u00e9anciers<\/a><\/li>\n<li id=\"menu-item-8515\" class=\"menu-item menu-item-type-custom menu-item-object-custom menu-item-8515\"><a href=\"https:\/\/edurec.ge.ch\/site\/cfpt\/wp-content\/uploads\/sites\/112\/2023\/08\/carnetenseignants-23-24.pdf\">Livret d&rsquo;accueil pour enseignants<\/a><\/li>\n<li id=\"menu-item-4364\" class=\"menu-item menu-item-type-custom menu-item-object-custom menu-item-4364\"><a href=\"https:\/\/edurec.ge.ch\/site\/cfpt\/wp-content\/uploads\/sites\/112\/2025\/08\/Carnet_d_eleve_2025_2026.pdf\">Carnet d&rsquo;\u00e9l\u00e8ve<\/a><\/li>\n<\/ul><\/div><\/div><\/div><div id=\"pgc-4227-0-1\"  class=\"panel-grid-cell\" ><div id=\"panel-4227-0-1-0\" class=\"so-panel widget widget_nav_menu panel-first-child panel-last-child\" data-index=\"1\" ><h3 class=\"widget-title\">Ressources humaines<\/h3><div class=\"menu-ressources-humaines-container\"><ul id=\"menu-ressources-humaines\" class=\"menu\"><li id=\"menu-item-12905\" class=\"menu-item menu-item-type-custom menu-item-object-custom menu-item-12905\"><a href=\"https:\/\/edurec.ge.ch\/site\/cfpt\/wp-content\/uploads\/sites\/112\/2024\/02\/Absence-formulaire-RV.pdf\">Absences<\/a><\/li>\n<li id=\"menu-item-4376\" class=\"menu-item menu-item-type-custom menu-item-object-custom menu-item-4376\"><a href=\"https:\/\/edurec.ge.ch\/site\/cfpt\/wp-content\/uploads\/sites\/112\/2021\/11\/formule-d-excuse-2021-V2-21.pdf\">Avis d&rsquo;absences \/ Formule d&rsquo;excuses<\/a><\/li>\n<li id=\"menu-item-5389\" class=\"menu-item menu-item-type-post_type menu-item-object-page menu-item-5389\"><a href=\"https:\/\/edurec.ge.ch\/site\/cfpt\/espace-administratif-documents-formulaires\/majorite\/\">Majorit\u00e9<\/a><\/li>\n<li id=\"menu-item-4248\" class=\"menu-item menu-item-type-post_type menu-item-object-page menu-item-4248\"><a href=\"https:\/\/edurec.ge.ch\/site\/cfpt\/espace-administratif-documents-formulaires\/service-militaire\/\">Service militaire<\/a><\/li>\n<\/ul><\/div><\/div><\/div><div id=\"pgc-4227-0-2\"  class=\"panel-grid-cell\" ><div id=\"panel-4227-0-2-0\" class=\"so-panel widget widget_nav_menu panel-first-child panel-last-child\" data-index=\"2\" ><h3 class=\"widget-title\">Sant\u00e9, bien-\u00eatre, s\u00e9curit\u00e9<\/h3><div class=\"menu-sante-bien-etre-securite-container\"><ul id=\"menu-sante-bien-etre-securite\" class=\"menu\"><li id=\"menu-item-6255\" class=\"menu-item menu-item-type-post_type menu-item-object-page menu-item-6255\"><a href=\"https:\/\/edurec.ge.ch\/site\/cfpt\/espace-administratif-documents-formulaires\/service-social\/\">Service sant\u00e9 et service social<\/a><\/li>\n<li id=\"menu-item-9389\" class=\"menu-item menu-item-type-post_type menu-item-object-page menu-item-9389\"><a href=\"https:\/\/edurec.ge.ch\/site\/cfpt\/espace-administratif-documents-formulaires\/service-social-2\/\">Conseil en orientation scolaire et professionnelle<\/a><\/li>\n<li id=\"menu-item-13274\" class=\"menu-item menu-item-type-custom menu-item-object-custom menu-item-13274\"><a href=\"https:\/\/www.ge.ch\/comment-agir-cas-harcelement-scolaire\">[cyber]harc\u00e8lement<\/a><\/li>\n<li id=\"menu-item-4404\" class=\"menu-item menu-item-type-custom menu-item-object-custom menu-item-4404\"><a href=\"https:\/\/edurec.ge.ch\/site\/cfpt\/wp-content\/uploads\/sites\/112\/2019\/07\/Avis_d_incident_RV_19_20.pdf\">Avis d\u2019incident<\/a><\/li>\n<li id=\"menu-item-4252\" class=\"menu-item menu-item-type-post_type menu-item-object-page menu-item-4252\"><a href=\"https:\/\/edurec.ge.ch\/site\/cfpt\/espace-administratif-documents-formulaires\/assurances-accidents\/\">Assurances accidents<\/a><\/li>\n<li id=\"menu-item-8632\" class=\"menu-item menu-item-type-post_type menu-item-object-page menu-item-8632\"><a href=\"https:\/\/edurec.ge.ch\/site\/cfpt\/amenagements-scolaires-eleves-a-besoins-specifiques\/\">Am\u00e9nagements scolaires pour les \u00e9l\u00e8ves \u00e0 besoins sp\u00e9cifiques<\/a><\/li>\n<\/ul><\/div><\/div><\/div><\/div><div id=\"pg-4227-1\"  class=\"panel-grid panel-no-style\" ><div id=\"pgc-4227-1-0\"  class=\"panel-grid-cell\" ><div id=\"panel-4227-1-0-0\" class=\"so-panel widget widget_nav_menu panel-first-child panel-last-child\" data-index=\"3\" ><h3 class=\"widget-title\">Au service de la p\u00e9dagogie<\/h3><div class=\"menu-au-service-de-la-pedagogie-container\"><ul id=\"menu-au-service-de-la-pedagogie\" class=\"menu\"><li id=\"menu-item-4268\" class=\"menu-item menu-item-type-post_type menu-item-object-page menu-item-4268\"><a href=\"https:\/\/edurec.ge.ch\/site\/cfpt\/espace-administratif-documents-formulaires\/dispenses\/\">Dispenses<\/a><\/li>\n<li id=\"menu-item-5858\" class=\"menu-item menu-item-type-post_type menu-item-object-page menu-item-5858\"><a href=\"https:\/\/edurec.ge.ch\/site\/cfpt\/espace-administratif-documents-formulaires\/manuels-scolaires-rentree-2024-25\/\">Rentr\u00e9e scolaire 2024-2025, convocations et manuels<\/a><\/li>\n<\/ul><\/div><\/div><\/div><div id=\"pgc-4227-1-1\"  class=\"panel-grid-cell\" ><div id=\"panel-4227-1-1-0\" class=\"so-panel widget widget_nav_menu panel-first-child panel-last-child\" data-index=\"4\" ><h3 class=\"widget-title\">R\u00e8glements, notes, sanctions<\/h3><div class=\"menu-reglements-notes-sanctions-container\"><ul id=\"menu-reglements-notes-sanctions\" class=\"menu\"><li id=\"menu-item-4413\" class=\"menu-item menu-item-type-post_type menu-item-object-page menu-item-4413\"><a href=\"https:\/\/edurec.ge.ch\/site\/cfpt\/espace-administratif-documents-formulaires\/espace-administratif-documents-formulaires\/\">R\u00e8glements et directives<\/a><\/li>\n<li id=\"menu-item-13926\" class=\"menu-item menu-item-type-post_type menu-item-object-page menu-item-13926\"><a href=\"https:\/\/edurec.ge.ch\/site\/cfpt\/regles-internes-cfpt\/\">R\u00e8gles internes CFPT<\/a><\/li>\n<\/ul><\/div><\/div><\/div><div id=\"pgc-4227-1-2\"  class=\"panel-grid-cell\" ><div id=\"panel-4227-1-2-0\" class=\"so-panel widget widget_nav_menu panel-first-child panel-last-child\" data-index=\"5\" ><h3 class=\"widget-title\">El\u00e8ves et futur-e-s candidat-e-s<\/h3><div class=\"menu-eleves-et-futur-e-s-candidat-e-s-container\"><ul id=\"menu-eleves-et-futur-e-s-candidat-e-s\" class=\"menu\"><li id=\"menu-item-4280\" class=\"menu-item menu-item-type-post_type menu-item-object-page menu-item-4280\"><a href=\"https:\/\/edurec.ge.ch\/site\/cfpt\/espace-administratif-documents-formulaires\/frais-de-scolarite\/\">Frais de scolarit\u00e9<\/a><\/li>\n<li id=\"menu-item-4285\" class=\"menu-item menu-item-type-post_type menu-item-object-page menu-item-4285\"><a href=\"https:\/\/edurec.ge.ch\/site\/cfpt\/espace-administratif-documents-formulaires\/exemple-de-tests-dentree\/\">Exemple de tests d\u2019entr\u00e9e<\/a><\/li>\n<li id=\"menu-item-4284\" class=\"menu-item menu-item-type-post_type menu-item-object-page menu-item-4284\"><a href=\"https:\/\/edurec.ge.ch\/site\/cfpt\/espace-administratif-documents-formulaires\/service-bourses-prets-detudes-sbpe\/\">Service des bourses et pr\u00eats d\u2019\u00e9tudes (SBPE)<\/a><\/li>\n<li id=\"menu-item-4282\" class=\"menu-item menu-item-type-post_type menu-item-object-page menu-item-4282\"><a href=\"https:\/\/edurec.ge.ch\/site\/cfpt\/espace-administratif-documents-formulaires\/stages-et-echanges\/\">Stages et \u00e9changes<\/a><\/li>\n<li id=\"menu-item-4283\" class=\"menu-item menu-item-type-post_type menu-item-object-page menu-item-4283\"><a href=\"https:\/\/edurec.ge.ch\/site\/cfpt\/espace-administratif-documents-formulaires\/convention-de-stage-pour-auditeurs\/\">Convention de stage pour auditeurs<\/a><\/li>\n<li id=\"menu-item-4281\" class=\"menu-item menu-item-type-post_type menu-item-object-page menu-item-4281\"><a href=\"https:\/\/edurec.ge.ch\/site\/cfpt\/espace-administratif-documents-formulaires\/techniciens-es\/\">Techniciens ES<\/a><\/li>\n<li id=\"menu-item-8603\" class=\"menu-item menu-item-type-custom menu-item-object-custom menu-item-8603\"><a href=\"https:\/\/edurec.ge.ch\/site\/cfpt\/wp-content\/uploads\/sites\/112\/2024\/08\/Charte_numerique_ESII.pdf\">Charte d&rsquo;utilisation des outils et des services informatiques<\/a><\/li>\n<li id=\"menu-item-13152\" class=\"menu-item menu-item-type-custom menu-item-object-custom menu-item-13152\"><a href=\"https:\/\/www.ge.ch\/filieres-formation-enseignement-secondaire-ii\/se-former-dehors-du-canton-geneve\">Formations plein-temps dans un autre canton<\/a><\/li>\n<\/ul><\/div><\/div><\/div><\/div><div id=\"pg-4227-2\"  class=\"panel-grid panel-no-style\" ><div id=\"pgc-4227-2-0\"  class=\"panel-grid-cell panel-grid-cell-empty panel-grid-cell-mobile-last\" ><\/div><div id=\"pgc-4227-2-1\"  class=\"panel-grid-cell panel-grid-cell-empty\" ><\/div><\/div><\/div>","protected":false},"excerpt":{"rendered":"<p>Organisation du CFPTOrganigramme Liste des num\u00e9ros de t\u00e9l\u00e9phone internes Ech\u00e9anciers Livret d&rsquo;accueil pour enseignants Carnet d&rsquo;\u00e9l\u00e8ve Ressources humainesAbsences Avis d&rsquo;absences \/ Formule d&rsquo;excuses Majorit\u00e9 Service militaire Sant\u00e9, bien-\u00eatre, s\u00e9curit\u00e9Service sant\u00e9 et service social Conseil en orientation scolaire et professionnelle [cyber]harc\u00e8lement Avis d\u2019incident Assurances accidents Am\u00e9nagements scolaires pour les \u00e9l\u00e8ves \u00e0 besoins sp\u00e9cifiques Au service de [&hellip;]<\/p>\n","protected":false},"author":1235,"featured_media":0,"parent":0,"menu_order":0,"comment_status":"closed","ping_status":"closed","template":"","meta":{"footnotes":""},"class_list":["post-4227","page","type-page","status-publish","czr-hentry"],"yoast_head":"<!-- This site is optimized with the Yoast SEO plugin v26.4 - https:\/\/yoast.com\/wordpress\/plugins\/seo\/ -->\n<title>Espace administratif, documents et formulaires ~ CFPT<\/title>\n<meta name=\"robots\" content=\"index, follow, max-snippet:-1, max-image-preview:large, max-video-preview:-1\" \/>\n<link rel=\"canonical\" href=\"https:\/\/edurec.ge.ch\/site\/cfpt\/espace-administratif-documents-formulaires\/\" \/>\n<meta property=\"og:locale\" content=\"fr_FR\" \/>\n<meta property=\"og:type\" content=\"article\" \/>\n<meta property=\"og:title\" content=\"Espace administratif, documents et formulaires ~ CFPT\" \/>\n<meta property=\"og:description\" content=\"Organisation du CFPTOrganigramme Liste des num\u00e9ros de t\u00e9l\u00e9phone internes Ech\u00e9anciers Livret d&rsquo;accueil pour enseignants Carnet d&rsquo;\u00e9l\u00e8ve Ressources humainesAbsences Avis d&rsquo;absences \/ Formule d&rsquo;excuses Majorit\u00e9 Service militaire Sant\u00e9, bien-\u00eatre, s\u00e9curit\u00e9Service sant\u00e9 et service social Conseil en orientation scolaire et professionnelle [cyber]harc\u00e8lement Avis d\u2019incident Assurances accidents Am\u00e9nagements scolaires pour les \u00e9l\u00e8ves \u00e0 besoins sp\u00e9cifiques Au service de [&hellip;]\" \/>\n<meta property=\"og:url\" content=\"https:\/\/edurec.ge.ch\/site\/cfpt\/espace-administratif-documents-formulaires\/\" \/>\n<meta property=\"og:site_name\" content=\"CFPT\" \/>\n<meta property=\"article:modified_time\" content=\"2024-02-26T08:06:32+00:00\" \/>\n<meta name=\"twitter:card\" content=\"summary_large_image\" \/>\n<script type=\"application\/ld+json\" class=\"yoast-schema-graph\">{\"@context\":\"https:\/\/schema.org\",\"@graph\":[{\"@type\":\"WebPage\",\"@id\":\"https:\/\/edurec.ge.ch\/site\/cfpt\/espace-administratif-documents-formulaires\/\",\"url\":\"https:\/\/edurec.ge.ch\/site\/cfpt\/espace-administratif-documents-formulaires\/\",\"name\":\"Espace administratif, documents et formulaires ~ CFPT\",\"isPartOf\":{\"@id\":\"https:\/\/edurec.ge.ch\/site\/cfpt\/#website\"},\"datePublished\":\"2019-02-26T17:53:17+00:00\",\"dateModified\":\"2024-02-26T08:06:32+00:00\",\"breadcrumb\":{\"@id\":\"https:\/\/edurec.ge.ch\/site\/cfpt\/espace-administratif-documents-formulaires\/#breadcrumb\"},\"inLanguage\":\"fr-FR\",\"potentialAction\":[{\"@type\":\"ReadAction\",\"target\":[\"https:\/\/edurec.ge.ch\/site\/cfpt\/espace-administratif-documents-formulaires\/\"]}]},{\"@type\":\"BreadcrumbList\",\"@id\":\"https:\/\/edurec.ge.ch\/site\/cfpt\/espace-administratif-documents-formulaires\/#breadcrumb\",\"itemListElement\":[{\"@type\":\"ListItem\",\"position\":1,\"name\":\"Accueil\",\"item\":\"https:\/\/edurec.ge.ch\/site\/cfpt\/\"},{\"@type\":\"ListItem\",\"position\":2,\"name\":\"Espace administratif, documents et formulaires\"}]},{\"@type\":\"WebSite\",\"@id\":\"https:\/\/edurec.ge.ch\/site\/cfpt\/#website\",\"url\":\"https:\/\/edurec.ge.ch\/site\/cfpt\/\",\"name\":\"CFPT\",\"description\":\"CFP Technique\",\"publisher\":{\"@id\":\"https:\/\/edurec.ge.ch\/site\/cfpt\/#organization\"},\"potentialAction\":[{\"@type\":\"SearchAction\",\"target\":{\"@type\":\"EntryPoint\",\"urlTemplate\":\"https:\/\/edurec.ge.ch\/site\/cfpt\/?s={search_term_string}\"},\"query-input\":{\"@type\":\"PropertyValueSpecification\",\"valueRequired\":true,\"valueName\":\"search_term_string\"}}],\"inLanguage\":\"fr-FR\"},{\"@type\":\"Organization\",\"@id\":\"https:\/\/edurec.ge.ch\/site\/cfpt\/#organization\",\"name\":\"Centre de formation professionnelle technique\",\"url\":\"https:\/\/edurec.ge.ch\/site\/cfpt\/\",\"logo\":{\"@type\":\"ImageObject\",\"inLanguage\":\"fr-FR\",\"@id\":\"https:\/\/edurec.ge.ch\/site\/cfpt\/#\/schema\/logo\/image\/\",\"url\":\"https:\/\/edurec.ge.ch\/site\/cfpt\/wp-content\/uploads\/sites\/112\/2016\/02\/logo-cfpt-site.png\",\"contentUrl\":\"https:\/\/edurec.ge.ch\/site\/cfpt\/wp-content\/uploads\/sites\/112\/2016\/02\/logo-cfpt-site.png\",\"width\":483,\"height\":483,\"caption\":\"Centre de formation professionnelle technique\"},\"image\":{\"@id\":\"https:\/\/edurec.ge.ch\/site\/cfpt\/#\/schema\/logo\/image\/\"}}]}<\/script>\n<!-- \/ Yoast SEO plugin. -->","yoast_head_json":{"title":"Espace administratif, documents et formulaires ~ CFPT","robots":{"index":"index","follow":"follow","max-snippet":"max-snippet:-1","max-image-preview":"max-image-preview:large","max-video-preview":"max-video-preview:-1"},"canonical":"https:\/\/edurec.ge.ch\/site\/cfpt\/espace-administratif-documents-formulaires\/","og_locale":"fr_FR","og_type":"article","og_title":"Espace administratif, documents et formulaires ~ CFPT","og_description":"Organisation du CFPTOrganigramme Liste des num\u00e9ros de t\u00e9l\u00e9phone internes Ech\u00e9anciers Livret d&rsquo;accueil pour enseignants Carnet d&rsquo;\u00e9l\u00e8ve Ressources humainesAbsences Avis d&rsquo;absences \/ Formule d&rsquo;excuses Majorit\u00e9 Service militaire Sant\u00e9, bien-\u00eatre, s\u00e9curit\u00e9Service sant\u00e9 et service social Conseil en orientation scolaire et professionnelle [cyber]harc\u00e8lement Avis d\u2019incident Assurances accidents Am\u00e9nagements scolaires pour les \u00e9l\u00e8ves \u00e0 besoins sp\u00e9cifiques Au service de [&hellip;]","og_url":"https:\/\/edurec.ge.ch\/site\/cfpt\/espace-administratif-documents-formulaires\/","og_site_name":"CFPT","article_modified_time":"2024-02-26T08:06:32+00:00","twitter_card":"summary_large_image","schema":{"@context":"https:\/\/schema.org","@graph":[{"@type":"WebPage","@id":"https:\/\/edurec.ge.ch\/site\/cfpt\/espace-administratif-documents-formulaires\/","url":"https:\/\/edurec.ge.ch\/site\/cfpt\/espace-administratif-documents-formulaires\/","name":"Espace administratif, documents et formulaires ~ CFPT","isPartOf":{"@id":"https:\/\/edurec.ge.ch\/site\/cfpt\/#website"},"datePublished":"2019-02-26T17:53:17+00:00","dateModified":"2024-02-26T08:06:32+00:00","breadcrumb":{"@id":"https:\/\/edurec.ge.ch\/site\/cfpt\/espace-administratif-documents-formulaires\/#breadcrumb"},"inLanguage":"fr-FR","potentialAction":[{"@type":"ReadAction","target":["https:\/\/edurec.ge.ch\/site\/cfpt\/espace-administratif-documents-formulaires\/"]}]},{"@type":"BreadcrumbList","@id":"https:\/\/edurec.ge.ch\/site\/cfpt\/espace-administratif-documents-formulaires\/#breadcrumb","itemListElement":[{"@type":"ListItem","position":1,"name":"Accueil","item":"https:\/\/edurec.ge.ch\/site\/cfpt\/"},{"@type":"ListItem","position":2,"name":"Espace administratif, documents et formulaires"}]},{"@type":"WebSite","@id":"https:\/\/edurec.ge.ch\/site\/cfpt\/#website","url":"https:\/\/edurec.ge.ch\/site\/cfpt\/","name":"CFPT","description":"CFP Technique","publisher":{"@id":"https:\/\/edurec.ge.ch\/site\/cfpt\/#organization"},"potentialAction":[{"@type":"SearchAction","target":{"@type":"EntryPoint","urlTemplate":"https:\/\/edurec.ge.ch\/site\/cfpt\/?s={search_term_string}"},"query-input":{"@type":"PropertyValueSpecification","valueRequired":true,"valueName":"search_term_string"}}],"inLanguage":"fr-FR"},{"@type":"Organization","@id":"https:\/\/edurec.ge.ch\/site\/cfpt\/#organization","name":"Centre de formation professionnelle technique","url":"https:\/\/edurec.ge.ch\/site\/cfpt\/","logo":{"@type":"ImageObject","inLanguage":"fr-FR","@id":"https:\/\/edurec.ge.ch\/site\/cfpt\/#\/schema\/logo\/image\/","url":"https:\/\/edurec.ge.ch\/site\/cfpt\/wp-content\/uploads\/sites\/112\/2016\/02\/logo-cfpt-site.png","contentUrl":"https:\/\/edurec.ge.ch\/site\/cfpt\/wp-content\/uploads\/sites\/112\/2016\/02\/logo-cfpt-site.png","width":483,"height":483,"caption":"Centre de formation professionnelle technique"},"image":{"@id":"https:\/\/edurec.ge.ch\/site\/cfpt\/#\/schema\/logo\/image\/"}}]}},"publishpress_future_action":{"enabled":false,"date":"2026-05-24 13:59:24","action":"change-status","newStatus":"draft","terms":[],"taxonomy":"","extraData":[]},"publishpress_future_workflow_manual_trigger":{"enabledWorkflows":[]},"_links":{"self":[{"href":"https:\/\/edurec.ge.ch\/site\/cfpt\/wp-json\/wp\/v2\/pages\/4227","targetHints":{"allow":["GET"]}}],"collection":[{"href":"https:\/\/edurec.ge.ch\/site\/cfpt\/wp-json\/wp\/v2\/pages"}],"about":[{"href":"https:\/\/edurec.ge.ch\/site\/cfpt\/wp-json\/wp\/v2\/types\/page"}],"author":[{"embeddable":true,"href":"https:\/\/edurec.ge.ch\/site\/cfpt\/wp-json\/wp\/v2\/users\/1235"}],"replies":[{"embeddable":true,"href":"https:\/\/edurec.ge.ch\/site\/cfpt\/wp-json\/wp\/v2\/comments?post=4227"}],"version-history":[{"count":19,"href":"https:\/\/edurec.ge.ch\/site\/cfpt\/wp-json\/wp\/v2\/pages\/4227\/revisions"}],"predecessor-version":[{"id":13295,"href":"https:\/\/edurec.ge.ch\/site\/cfpt\/wp-json\/wp\/v2\/pages\/4227\/revisions\/13295"}],"wp:attachment":[{"href":"https:\/\/edurec.ge.ch\/site\/cfpt\/wp-json\/wp\/v2\/media?parent=4227"}],"curies":[{"name":"wp","href":"https:\/\/api.w.org\/{rel}","templated":true}]}}