{"id":42,"date":"2016-02-29T14:59:00","date_gmt":"2016-02-29T13:59:00","guid":{"rendered":"https:\/\/edurec.ge.ch\/site\/cfpt\/?page_id=42"},"modified":"2023-10-17T12:11:05","modified_gmt":"2023-10-17T11:11:05","slug":"nos-ecoles","status":"publish","type":"page","link":"https:\/\/edurec.ge.ch\/site\/cfpt\/nos-ecoles\/","title":{"rendered":"Nos \u00e9coles"},"content":{"rendered":"<div id=\"pl-42\"  class=\"panel-layout\" ><div id=\"pg-42-0\"  class=\"panel-grid panel-no-style\" ><div id=\"pgc-42-0-0\"  class=\"panel-grid-cell\" ><div id=\"panel-42-0-0-0\" class=\"so-panel widget widget_sow-editor panel-first-child panel-last-child\" data-index=\"0\" ><div\n\t\t\t\n\t\t\tclass=\"so-widget-sow-editor so-widget-sow-editor-base\"\n\t\t\t\n\t\t>\n<div class=\"siteorigin-widget-tinymce textwidget\">\n\t<h1 style=\"text-align: center\"><a href=\"https:\/\/edurec.ge.ch\/site\/cfpt\/wp-content\/uploads\/sites\/112\/2016\/02\/logo-cfpt-site.png\" data-rel=\"lightbox-image-0\" data-rl_title=\"\" data-rl_caption=\"\" title=\"\"><img loading=\"lazy\" decoding=\"async\" class=\"alignnone size-thumbnail wp-image-287\" src=\"https:\/\/edurec.ge.ch\/site\/cfpt\/wp-content\/uploads\/sites\/112\/2016\/02\/logo-cfpt-site-150x150.png\" alt=\"logo cfpt site\" width=\"150\" height=\"150\" srcset=\"https:\/\/edurec.ge.ch\/site\/cfpt\/wp-content\/uploads\/sites\/112\/2016\/02\/logo-cfpt-site-150x150.png 150w, https:\/\/edurec.ge.ch\/site\/cfpt\/wp-content\/uploads\/sites\/112\/2016\/02\/logo-cfpt-site-300x300.png 300w, https:\/\/edurec.ge.ch\/site\/cfpt\/wp-content\/uploads\/sites\/112\/2016\/02\/logo-cfpt-site.png 483w\" sizes=\"auto, (max-width: 150px) 100vw, 150px\" \/><\/a><\/h1>\n<h2 style=\"text-align: center\">Le Centre de formation professionnelle technique (CFPT)<\/h2>\n<p style=\"text-align: center\">\u00a0Le CFPT accueille plus de 1600 \u00e9l\u00e8ves encadr\u00e9s par plus de 200 enseignant-e-s dispensant des cours dans 35 professions<\/p>\n<p style=\"text-align: center\">Il est constitu\u00e9 de cinq \u00e9coles r\u00e9parties sur cinq sites diff\u00e9rents, localis\u00e9s au Petit-Lancy et \u00e0 Plan-les-Ouates. Chaque entit\u00e9 correspond \u00e0 une branche d'activit\u00e9:<\/p>\n<\/div>\n<\/div><\/div><\/div><\/div><div id=\"pg-42-1\"  class=\"panel-grid panel-no-style\" ><div id=\"pgc-42-1-0\"  class=\"panel-grid-cell\" ><div id=\"panel-42-1-0-0\" class=\"so-panel widget widget_sow-editor panel-first-child panel-last-child\" data-index=\"1\" ><div\n\t\t\t\n\t\t\tclass=\"so-widget-sow-editor so-widget-sow-editor-base\"\n\t\t\t\n\t\t>\n<div class=\"siteorigin-widget-tinymce textwidget\">\n\t<p><a href=\"https:\/\/edurec.ge.ch\/site\/cfpt-electronique\/\" target=\"_blank\"><img loading=\"lazy\" decoding=\"async\" class=\"aligncenter wp-image-151 size-thumbnail\" src=\"https:\/\/edurec.ge.ch\/site\/cfpt\/wp-content\/uploads\/sites\/112\/2016\/03\/logelectronique_dir_couleur-150x150.png\" alt=\"logelectronique_dir_couleur\" width=\"150\" height=\"150\" srcset=\"https:\/\/edurec.ge.ch\/site\/cfpt\/wp-content\/uploads\/sites\/112\/2016\/03\/logelectronique_dir_couleur-150x150.png 150w, https:\/\/edurec.ge.ch\/site\/cfpt\/wp-content\/uploads\/sites\/112\/2016\/03\/logelectronique_dir_couleur-300x300.png 300w, https:\/\/edurec.ge.ch\/site\/cfpt\/wp-content\/uploads\/sites\/112\/2016\/03\/logelectronique_dir_couleur.png 462w\" sizes=\"auto, (max-width: 150px) 100vw, 150px\" \/><\/p>\n<h3 style=\"text-align: center\">CFPT<br \/>\nElectronique<\/h3>\n<p><\/a><\/p>\n<\/div>\n<\/div><\/div><\/div><div id=\"pgc-42-1-1\"  class=\"panel-grid-cell\" ><div id=\"panel-42-1-1-0\" class=\"so-panel widget widget_sow-editor panel-first-child panel-last-child\" data-index=\"2\" ><div\n\t\t\t\n\t\t\tclass=\"so-widget-sow-editor so-widget-sow-editor-base\"\n\t\t\t\n\t\t>\n<div class=\"siteorigin-widget-tinymce textwidget\">\n\t<p><a href=\"https:\/\/edurec.ge.ch\/site\/cfpt-horlogerie\/\" target=\"_blank\" rel=\"noopener\"><img loading=\"lazy\" decoding=\"async\" class=\"aligncenter wp-image-152 size-thumbnail\" src=\"https:\/\/edurec.ge.ch\/site\/cfpt\/wp-content\/uploads\/sites\/112\/2016\/03\/loghorlogerie_dir_couleur-150x150.png\" alt=\"loghorlogerie_dir_couleur\" width=\"150\" height=\"150\" srcset=\"https:\/\/edurec.ge.ch\/site\/cfpt\/wp-content\/uploads\/sites\/112\/2016\/03\/loghorlogerie_dir_couleur-150x150.png 150w, https:\/\/edurec.ge.ch\/site\/cfpt\/wp-content\/uploads\/sites\/112\/2016\/03\/loghorlogerie_dir_couleur-300x300.png 300w, https:\/\/edurec.ge.ch\/site\/cfpt\/wp-content\/uploads\/sites\/112\/2016\/03\/loghorlogerie_dir_couleur.png 462w\" sizes=\"auto, (max-width: 150px) 100vw, 150px\" \/><\/a><\/p>\n<h3 style=\"text-align: center\"><a href=\"https:\/\/edurec.ge.ch\/site\/cfpt-horlogerie\/\">CFPT<\/a><br \/>\n<a href=\"https:\/\/edurec.ge.ch\/site\/cfpt-horlogerie\/\">Horlogerie<\/a><\/h3>\n<p>&nbsp;<\/p>\n<\/div>\n<\/div><\/div><\/div><div id=\"pgc-42-1-2\"  class=\"panel-grid-cell\" ><div id=\"panel-42-1-2-0\" class=\"so-panel widget widget_sow-editor panel-first-child panel-last-child\" data-index=\"3\" ><div\n\t\t\t\n\t\t\tclass=\"so-widget-sow-editor so-widget-sow-editor-base\"\n\t\t\t\n\t\t>\n<div class=\"siteorigin-widget-tinymce textwidget\">\n\t<p><a href=\"https:\/\/edurec.ge.ch\/site\/cfpt-informatique\/\" target=\"_blank\"><img loading=\"lazy\" decoding=\"async\" class=\"size-thumbnail wp-image-153 aligncenter\" src=\"https:\/\/edurec.ge.ch\/site\/cfpt\/wp-content\/uploads\/sites\/112\/2016\/03\/loginformatique_dir_couleur-150x150.png\" alt=\"loginformatique_dir_couleur\" width=\"150\" height=\"150\" srcset=\"https:\/\/edurec.ge.ch\/site\/cfpt\/wp-content\/uploads\/sites\/112\/2016\/03\/loginformatique_dir_couleur-150x150.png 150w, https:\/\/edurec.ge.ch\/site\/cfpt\/wp-content\/uploads\/sites\/112\/2016\/03\/loginformatique_dir_couleur-300x300.png 300w, https:\/\/edurec.ge.ch\/site\/cfpt\/wp-content\/uploads\/sites\/112\/2016\/03\/loginformatique_dir_couleur.png 462w\" sizes=\"auto, (max-width: 150px) 100vw, 150px\" \/><\/p>\n<h3 style=\"text-align: center\">\nCFPT<br \/>\nInformatique<br \/>\n<\/h3>\n<p><\/a><\/p>\n<\/div>\n<\/div><\/div><\/div><div id=\"pgc-42-1-3\"  class=\"panel-grid-cell\" ><div id=\"panel-42-1-3-0\" class=\"so-panel widget widget_sow-editor panel-first-child panel-last-child\" data-index=\"4\" ><div\n\t\t\t\n\t\t\tclass=\"so-widget-sow-editor so-widget-sow-editor-base\"\n\t\t\t\n\t\t>\n<div class=\"siteorigin-widget-tinymce textwidget\">\n\t<p><a href=\"https:\/\/edurec.ge.ch\/site\/cfpt-mecatronique-industrielle\/\" target=\"_blank\"><img loading=\"lazy\" decoding=\"async\" class=\"aligncenter wp-image-155 size-thumbnail\" src=\"https:\/\/edurec.ge.ch\/site\/cfpt\/wp-content\/uploads\/sites\/112\/2016\/03\/logmecatronique_dir_couleur-150x150.png\" alt=\"logmecatronique_dir_couleur\" width=\"150\" height=\"150\" srcset=\"https:\/\/edurec.ge.ch\/site\/cfpt\/wp-content\/uploads\/sites\/112\/2016\/03\/logmecatronique_dir_couleur-150x150.png 150w, https:\/\/edurec.ge.ch\/site\/cfpt\/wp-content\/uploads\/sites\/112\/2016\/03\/logmecatronique_dir_couleur-300x300.png 300w, https:\/\/edurec.ge.ch\/site\/cfpt\/wp-content\/uploads\/sites\/112\/2016\/03\/logmecatronique_dir_couleur.png 462w\" sizes=\"auto, (max-width: 150px) 100vw, 150px\" \/><\/a><\/p>\n<h3 style=\"text-align: center\"><a href=\"https:\/\/edurec.ge.ch\/site\/cfpt-mecatronique-industrielle\/\" target=\"_blank\">CFPT m\u00e9catronique industrielle<\/a><\/h3>\n<p>\u00a0<\/p>\n<\/div>\n<\/div><\/div><\/div><div id=\"pgc-42-1-4\"  class=\"panel-grid-cell\" ><div id=\"panel-42-1-4-0\" class=\"so-panel widget widget_sow-editor panel-first-child panel-last-child\" data-index=\"5\" ><div\n\t\t\t\n\t\t\tclass=\"so-widget-sow-editor so-widget-sow-editor-base\"\n\t\t\t\n\t\t>\n<div class=\"siteorigin-widget-tinymce textwidget\">\n\t<p><a href=\"https:\/\/edurec.ge.ch\/site\/cfpt-automobile\/\" target=\"_blank\" rel=\"noopener\"><img loading=\"lazy\" decoding=\"async\" class=\"size-thumbnail wp-image-149 aligncenter\" src=\"https:\/\/edurec.ge.ch\/site\/cfpt\/wp-content\/uploads\/sites\/112\/2016\/03\/logautomobile_dir_couleur-150x150.png\" alt=\"logautomobile_dir_couleur\" width=\"150\" height=\"150\" srcset=\"https:\/\/edurec.ge.ch\/site\/cfpt\/wp-content\/uploads\/sites\/112\/2016\/03\/logautomobile_dir_couleur-150x150.png 150w, https:\/\/edurec.ge.ch\/site\/cfpt\/wp-content\/uploads\/sites\/112\/2016\/03\/logautomobile_dir_couleur-300x300.png 300w, https:\/\/edurec.ge.ch\/site\/cfpt\/wp-content\/uploads\/sites\/112\/2016\/03\/logautomobile_dir_couleur.png 462w\" sizes=\"auto, (max-width: 150px) 100vw, 150px\" \/><\/a><\/p>\n<h3 style=\"text-align: center\"><a href=\"https:\/\/edurec.ge.ch\/site\/cfpt-automobile\" target=\"_blank\" rel=\"noopener\">CFPT<\/a><\/h3>\n<h3 style=\"text-align: center\"><a href=\"https:\/\/edurec.ge.ch\/site\/cfpt-automobile\" target=\"_blank\" rel=\"noopener\">M\u00e9tiers de l'automobile<\/a><\/h3>\n<\/div>\n<\/div><\/div><\/div><div id=\"pgc-42-1-5\"  class=\"panel-grid-cell\" ><div id=\"panel-42-1-5-0\" class=\"so-panel widget widget_sow-editor panel-first-child panel-last-child\" data-index=\"6\" ><div\n\t\t\t\n\t\t\tclass=\"so-widget-sow-editor so-widget-sow-editor-base\"\n\t\t\t\n\t\t>\n<div class=\"siteorigin-widget-tinymce textwidget\">\n\t<p><a href=\"https:\/\/edurec.ge.ch\/site\/cfpt-enseignement-general\" target=\"_blank\"><img loading=\"lazy\" decoding=\"async\" class=\"wp-image-154 size-thumbnail aligncenter\" src=\"https:\/\/edurec.ge.ch\/site\/cfpt\/wp-content\/uploads\/sites\/112\/2016\/03\/logmaturite_dir_couleur-150x150.png\" alt=\"logmaturite_dir_couleur\" width=\"150\" height=\"150\" srcset=\"https:\/\/edurec.ge.ch\/site\/cfpt\/wp-content\/uploads\/sites\/112\/2016\/03\/logmaturite_dir_couleur-150x150.png 150w, https:\/\/edurec.ge.ch\/site\/cfpt\/wp-content\/uploads\/sites\/112\/2016\/03\/logmaturite_dir_couleur-300x300.png 300w, https:\/\/edurec.ge.ch\/site\/cfpt\/wp-content\/uploads\/sites\/112\/2016\/03\/logmaturite_dir_couleur.png 462w\" sizes=\"auto, (max-width: 150px) 100vw, 150px\" \/><\/p>\n<h3 style=\"text-align: center\">CFPT<br \/>\nMaturit\u00e9<br \/>\net enseignement g\u00e9n\u00e9ral<\/h3>\n<p><\/a><\/p>\n<\/div>\n<\/div><\/div><\/div><\/div><div id=\"pg-42-2\"  class=\"panel-grid panel-no-style\" ><div id=\"pgc-42-2-0\"  class=\"panel-grid-cell\" ><div id=\"panel-42-2-0-0\" class=\"so-panel widget widget_sow-editor panel-first-child panel-last-child\" data-index=\"7\" ><div\n\t\t\t\n\t\t\tclass=\"so-widget-sow-editor so-widget-sow-editor-base\"\n\t\t\t\n\t\t>\n<div class=\"siteorigin-widget-tinymce textwidget\">\n\t<p style=\"text-align: right\">\u00a0\u00a0<\/p>\n<p style=\"text-align: justify\">Pour chaque formation de 4 ans, il est possible d'acqu\u00e9rir le certificat de maturit\u00e9 professionnelle\u00a0en suivant les cours parall\u00e8lement aux cours professionnels.<\/p>\n<\/div>\n<\/div><\/div><\/div><\/div><\/div>","protected":false},"excerpt":{"rendered":"<p>Le Centre de formation professionnelle technique (CFPT) \u00a0Le CFPT accueille plus de 1600 \u00e9l\u00e8ves encadr\u00e9s par plus de 200 enseignant-e-s dispensant des cours dans 35 professions Il est constitu\u00e9 de cinq \u00e9coles r\u00e9parties sur cinq sites diff\u00e9rents, localis\u00e9s au Petit-Lancy et \u00e0 Plan-les-Ouates. Chaque entit\u00e9 correspond \u00e0 une branche d&rsquo;activit\u00e9: CFPT Electronique CFPT Horlogerie &nbsp;<\/p>\n","protected":false},"author":1235,"featured_media":0,"parent":0,"menu_order":13,"comment_status":"closed","ping_status":"closed","template":"","meta":{"footnotes":""},"class_list":["post-42","page","type-page","status-publish","czr-hentry"],"yoast_head":"<!-- This site is optimized with the Yoast SEO plugin v26.4 - https:\/\/yoast.com\/wordpress\/plugins\/seo\/ -->\n<title>Nos \u00e9coles ~ CFPT<\/title>\n<meta name=\"robots\" content=\"index, follow, max-snippet:-1, max-image-preview:large, max-video-preview:-1\" \/>\n<link rel=\"canonical\" href=\"https:\/\/edurec.ge.ch\/site\/cfpt\/nos-ecoles\/\" \/>\n<meta property=\"og:locale\" content=\"fr_FR\" \/>\n<meta property=\"og:type\" content=\"article\" \/>\n<meta property=\"og:title\" content=\"Nos \u00e9coles ~ CFPT\" \/>\n<meta property=\"og:description\" content=\"Le Centre de formation professionnelle technique (CFPT) \u00a0Le CFPT accueille plus de 1600 \u00e9l\u00e8ves encadr\u00e9s par plus de 200 enseignant-e-s dispensant des cours dans 35 professions Il est constitu\u00e9 de cinq \u00e9coles r\u00e9parties sur cinq sites diff\u00e9rents, localis\u00e9s au Petit-Lancy et \u00e0 Plan-les-Ouates. Chaque entit\u00e9 correspond \u00e0 une branche d&#039;activit\u00e9: CFPT Electronique CFPT Horlogerie &nbsp;\" \/>\n<meta property=\"og:url\" content=\"https:\/\/edurec.ge.ch\/site\/cfpt\/nos-ecoles\/\" \/>\n<meta property=\"og:site_name\" content=\"CFPT\" \/>\n<meta property=\"article:modified_time\" content=\"2023-10-17T11:11:05+00:00\" \/>\n<meta property=\"og:image\" content=\"https:\/\/edurec.ge.ch\/site\/cfpt\/wp-content\/uploads\/sites\/112\/2016\/02\/logo-cfpt-site-150x150.png\" \/>\n<meta name=\"twitter:card\" content=\"summary_large_image\" \/>\n<meta name=\"twitter:label1\" content=\"Dur\u00e9e de lecture estim\u00e9e\" \/>\n\t<meta name=\"twitter:data1\" content=\"2 minutes\" \/>\n<script type=\"application\/ld+json\" class=\"yoast-schema-graph\">{\"@context\":\"https:\/\/schema.org\",\"@graph\":[{\"@type\":\"WebPage\",\"@id\":\"https:\/\/edurec.ge.ch\/site\/cfpt\/nos-ecoles\/\",\"url\":\"https:\/\/edurec.ge.ch\/site\/cfpt\/nos-ecoles\/\",\"name\":\"Nos \u00e9coles ~ CFPT\",\"isPartOf\":{\"@id\":\"https:\/\/edurec.ge.ch\/site\/cfpt\/#website\"},\"primaryImageOfPage\":{\"@id\":\"https:\/\/edurec.ge.ch\/site\/cfpt\/nos-ecoles\/#primaryimage\"},\"image\":{\"@id\":\"https:\/\/edurec.ge.ch\/site\/cfpt\/nos-ecoles\/#primaryimage\"},\"thumbnailUrl\":\"https:\/\/edurec.ge.ch\/site\/cfpt\/wp-content\/uploads\/sites\/112\/2016\/02\/logo-cfpt-site-150x150.png\",\"datePublished\":\"2016-02-29T13:59:00+00:00\",\"dateModified\":\"2023-10-17T11:11:05+00:00\",\"breadcrumb\":{\"@id\":\"https:\/\/edurec.ge.ch\/site\/cfpt\/nos-ecoles\/#breadcrumb\"},\"inLanguage\":\"fr-FR\",\"potentialAction\":[{\"@type\":\"ReadAction\",\"target\":[\"https:\/\/edurec.ge.ch\/site\/cfpt\/nos-ecoles\/\"]}]},{\"@type\":\"ImageObject\",\"inLanguage\":\"fr-FR\",\"@id\":\"https:\/\/edurec.ge.ch\/site\/cfpt\/nos-ecoles\/#primaryimage\",\"url\":\"https:\/\/edurec.ge.ch\/site\/cfpt\/wp-content\/uploads\/sites\/112\/2016\/02\/logo-cfpt-site.png\",\"contentUrl\":\"https:\/\/edurec.ge.ch\/site\/cfpt\/wp-content\/uploads\/sites\/112\/2016\/02\/logo-cfpt-site.png\",\"width\":483,\"height\":483},{\"@type\":\"BreadcrumbList\",\"@id\":\"https:\/\/edurec.ge.ch\/site\/cfpt\/nos-ecoles\/#breadcrumb\",\"itemListElement\":[{\"@type\":\"ListItem\",\"position\":1,\"name\":\"Accueil\",\"item\":\"https:\/\/edurec.ge.ch\/site\/cfpt\/\"},{\"@type\":\"ListItem\",\"position\":2,\"name\":\"Nos \u00e9coles\"}]},{\"@type\":\"WebSite\",\"@id\":\"https:\/\/edurec.ge.ch\/site\/cfpt\/#website\",\"url\":\"https:\/\/edurec.ge.ch\/site\/cfpt\/\",\"name\":\"CFPT\",\"description\":\"CFP Technique\",\"publisher\":{\"@id\":\"https:\/\/edurec.ge.ch\/site\/cfpt\/#organization\"},\"potentialAction\":[{\"@type\":\"SearchAction\",\"target\":{\"@type\":\"EntryPoint\",\"urlTemplate\":\"https:\/\/edurec.ge.ch\/site\/cfpt\/?s={search_term_string}\"},\"query-input\":{\"@type\":\"PropertyValueSpecification\",\"valueRequired\":true,\"valueName\":\"search_term_string\"}}],\"inLanguage\":\"fr-FR\"},{\"@type\":\"Organization\",\"@id\":\"https:\/\/edurec.ge.ch\/site\/cfpt\/#organization\",\"name\":\"Centre de formation professionnelle technique\",\"url\":\"https:\/\/edurec.ge.ch\/site\/cfpt\/\",\"logo\":{\"@type\":\"ImageObject\",\"inLanguage\":\"fr-FR\",\"@id\":\"https:\/\/edurec.ge.ch\/site\/cfpt\/#\/schema\/logo\/image\/\",\"url\":\"https:\/\/edurec.ge.ch\/site\/cfpt\/wp-content\/uploads\/sites\/112\/2016\/02\/logo-cfpt-site.png\",\"contentUrl\":\"https:\/\/edurec.ge.ch\/site\/cfpt\/wp-content\/uploads\/sites\/112\/2016\/02\/logo-cfpt-site.png\",\"width\":483,\"height\":483,\"caption\":\"Centre de formation professionnelle technique\"},\"image\":{\"@id\":\"https:\/\/edurec.ge.ch\/site\/cfpt\/#\/schema\/logo\/image\/\"}}]}<\/script>\n<!-- \/ Yoast SEO plugin. -->","yoast_head_json":{"title":"Nos \u00e9coles ~ CFPT","robots":{"index":"index","follow":"follow","max-snippet":"max-snippet:-1","max-image-preview":"max-image-preview:large","max-video-preview":"max-video-preview:-1"},"canonical":"https:\/\/edurec.ge.ch\/site\/cfpt\/nos-ecoles\/","og_locale":"fr_FR","og_type":"article","og_title":"Nos \u00e9coles ~ CFPT","og_description":"Le Centre de formation professionnelle technique (CFPT) \u00a0Le CFPT accueille plus de 1600 \u00e9l\u00e8ves encadr\u00e9s par plus de 200 enseignant-e-s dispensant des cours dans 35 professions Il est constitu\u00e9 de cinq \u00e9coles r\u00e9parties sur cinq sites diff\u00e9rents, localis\u00e9s au Petit-Lancy et \u00e0 Plan-les-Ouates. Chaque entit\u00e9 correspond \u00e0 une branche d'activit\u00e9: CFPT Electronique CFPT Horlogerie &nbsp;","og_url":"https:\/\/edurec.ge.ch\/site\/cfpt\/nos-ecoles\/","og_site_name":"CFPT","article_modified_time":"2023-10-17T11:11:05+00:00","og_image":[{"url":"https:\/\/edurec.ge.ch\/site\/cfpt\/wp-content\/uploads\/sites\/112\/2016\/02\/logo-cfpt-site-150x150.png","type":"","width":"","height":""}],"twitter_card":"summary_large_image","twitter_misc":{"Dur\u00e9e de lecture estim\u00e9e":"2 minutes"},"schema":{"@context":"https:\/\/schema.org","@graph":[{"@type":"WebPage","@id":"https:\/\/edurec.ge.ch\/site\/cfpt\/nos-ecoles\/","url":"https:\/\/edurec.ge.ch\/site\/cfpt\/nos-ecoles\/","name":"Nos \u00e9coles ~ CFPT","isPartOf":{"@id":"https:\/\/edurec.ge.ch\/site\/cfpt\/#website"},"primaryImageOfPage":{"@id":"https:\/\/edurec.ge.ch\/site\/cfpt\/nos-ecoles\/#primaryimage"},"image":{"@id":"https:\/\/edurec.ge.ch\/site\/cfpt\/nos-ecoles\/#primaryimage"},"thumbnailUrl":"https:\/\/edurec.ge.ch\/site\/cfpt\/wp-content\/uploads\/sites\/112\/2016\/02\/logo-cfpt-site-150x150.png","datePublished":"2016-02-29T13:59:00+00:00","dateModified":"2023-10-17T11:11:05+00:00","breadcrumb":{"@id":"https:\/\/edurec.ge.ch\/site\/cfpt\/nos-ecoles\/#breadcrumb"},"inLanguage":"fr-FR","potentialAction":[{"@type":"ReadAction","target":["https:\/\/edurec.ge.ch\/site\/cfpt\/nos-ecoles\/"]}]},{"@type":"ImageObject","inLanguage":"fr-FR","@id":"https:\/\/edurec.ge.ch\/site\/cfpt\/nos-ecoles\/#primaryimage","url":"https:\/\/edurec.ge.ch\/site\/cfpt\/wp-content\/uploads\/sites\/112\/2016\/02\/logo-cfpt-site.png","contentUrl":"https:\/\/edurec.ge.ch\/site\/cfpt\/wp-content\/uploads\/sites\/112\/2016\/02\/logo-cfpt-site.png","width":483,"height":483},{"@type":"BreadcrumbList","@id":"https:\/\/edurec.ge.ch\/site\/cfpt\/nos-ecoles\/#breadcrumb","itemListElement":[{"@type":"ListItem","position":1,"name":"Accueil","item":"https:\/\/edurec.ge.ch\/site\/cfpt\/"},{"@type":"ListItem","position":2,"name":"Nos \u00e9coles"}]},{"@type":"WebSite","@id":"https:\/\/edurec.ge.ch\/site\/cfpt\/#website","url":"https:\/\/edurec.ge.ch\/site\/cfpt\/","name":"CFPT","description":"CFP Technique","publisher":{"@id":"https:\/\/edurec.ge.ch\/site\/cfpt\/#organization"},"potentialAction":[{"@type":"SearchAction","target":{"@type":"EntryPoint","urlTemplate":"https:\/\/edurec.ge.ch\/site\/cfpt\/?s={search_term_string}"},"query-input":{"@type":"PropertyValueSpecification","valueRequired":true,"valueName":"search_term_string"}}],"inLanguage":"fr-FR"},{"@type":"Organization","@id":"https:\/\/edurec.ge.ch\/site\/cfpt\/#organization","name":"Centre de formation professionnelle technique","url":"https:\/\/edurec.ge.ch\/site\/cfpt\/","logo":{"@type":"ImageObject","inLanguage":"fr-FR","@id":"https:\/\/edurec.ge.ch\/site\/cfpt\/#\/schema\/logo\/image\/","url":"https:\/\/edurec.ge.ch\/site\/cfpt\/wp-content\/uploads\/sites\/112\/2016\/02\/logo-cfpt-site.png","contentUrl":"https:\/\/edurec.ge.ch\/site\/cfpt\/wp-content\/uploads\/sites\/112\/2016\/02\/logo-cfpt-site.png","width":483,"height":483,"caption":"Centre de formation professionnelle technique"},"image":{"@id":"https:\/\/edurec.ge.ch\/site\/cfpt\/#\/schema\/logo\/image\/"}}]}},"publishpress_future_action":{"enabled":false,"date":"2026-05-24 13:58:50","action":"change-status","newStatus":"draft","terms":[],"taxonomy":"","extraData":[]},"publishpress_future_workflow_manual_trigger":{"enabledWorkflows":[]},"_links":{"self":[{"href":"https:\/\/edurec.ge.ch\/site\/cfpt\/wp-json\/wp\/v2\/pages\/42","targetHints":{"allow":["GET"]}}],"collection":[{"href":"https:\/\/edurec.ge.ch\/site\/cfpt\/wp-json\/wp\/v2\/pages"}],"about":[{"href":"https:\/\/edurec.ge.ch\/site\/cfpt\/wp-json\/wp\/v2\/types\/page"}],"author":[{"embeddable":true,"href":"https:\/\/edurec.ge.ch\/site\/cfpt\/wp-json\/wp\/v2\/users\/1235"}],"replies":[{"embeddable":true,"href":"https:\/\/edurec.ge.ch\/site\/cfpt\/wp-json\/wp\/v2\/comments?post=42"}],"version-history":[{"count":99,"href":"https:\/\/edurec.ge.ch\/site\/cfpt\/wp-json\/wp\/v2\/pages\/42\/revisions"}],"predecessor-version":[{"id":12585,"href":"https:\/\/edurec.ge.ch\/site\/cfpt\/wp-json\/wp\/v2\/pages\/42\/revisions\/12585"}],"wp:attachment":[{"href":"https:\/\/edurec.ge.ch\/site\/cfpt\/wp-json\/wp\/v2\/media?parent=42"}],"curies":[{"name":"wp","href":"https:\/\/api.w.org\/{rel}","templated":true}]}}