{"id":3792,"date":"2019-02-14T11:13:22","date_gmt":"2019-02-14T10:13:22","guid":{"rendered":"https:\/\/edurec.ge.ch\/site\/cfpt\/?page_id=3792"},"modified":"2024-11-14T11:31:56","modified_gmt":"2024-11-14T10:31:56","slug":"secretariats-2","status":"publish","type":"page","link":"https:\/\/edurec.ge.ch\/site\/cfpt\/secretariats-2\/","title":{"rendered":"Nous contacter"},"content":{"rendered":"<div id=\"pl-3792\"  class=\"panel-layout\" ><div id=\"pg-3792-0\"  class=\"panel-grid panel-no-style\" ><div id=\"pgc-3792-0-0\"  class=\"panel-grid-cell panel-grid-cell-mobile-last\" ><div id=\"panel-3792-0-0-0\" class=\"so-panel widget widget_sow-editor panel-first-child panel-last-child\" data-index=\"0\" ><div\n\t\t\t\n\t\t\tclass=\"so-widget-sow-editor so-widget-sow-editor-base\"\n\t\t\t\n\t\t>\n<div class=\"siteorigin-widget-tinymce textwidget\">\n\t<h3 id=\"parent-fieldname-title\" class=\"documentFirstHeading\" style=\"text-align: center\">Les secr\u00e9tariats et diff\u00e9rents services du CFP Technique<\/h3>\n<\/div>\n<\/div><\/div><\/div><div id=\"pgc-3792-0-1\"  class=\"panel-grid-cell panel-grid-cell-empty\" ><\/div><\/div><div id=\"pg-3792-1\"  class=\"panel-grid panel-no-style\" ><div id=\"pgc-3792-1-0\"  class=\"panel-grid-cell\" ><div id=\"panel-3792-1-0-0\" class=\"so-panel widget widget_sow-editor panel-first-child panel-last-child\" data-index=\"1\" ><div\n\t\t\t\n\t\t\tclass=\"so-widget-sow-editor so-widget-sow-editor-base\"\n\t\t\t\n\t\t>\n<div class=\"siteorigin-widget-tinymce textwidget\">\n\t<div class=\"su-table su-table-responsive su-table-alternate\"><\/p>\n<table>\n<tbody>\n<tr>\n<td>Ecole d'\u00e9lectronique<\/td>\n<td>022 388 87 27<\/td>\n<td><a href=\"mailto:cfpt.electronique@edurec.ge.ch\">cfpt.electronique@edurec.ge.ch<\/a><\/td>\n<\/tr>\n<tr>\n<td>Ecole d'horlogerie<\/td>\n<td>022 388 87 09<\/td>\n<td><a href=\"mailto:cfpt.horlogerie@edurec.ge.ch\">cfpt.horlogerie@edurec.ge.ch<\/a><\/td>\n<\/tr>\n<tr>\n<td>Ecole d'informatique<\/td>\n<td>022 388 87 28<\/td>\n<td><a href=\"mailto:cfptinformatique@edurec.ge.ch\">cfptinformatique@edurec.ge.ch<\/a><\/td>\n<\/tr>\n<tr>\n<td>Ecole de m\u00e9catronique industrielle<\/td>\n<td>022 388 88 01<\/td>\n<td><a href=\"mailto:cfpt.mecatronique@edurec.ge.ch\">cfpt.mecatronique@edurec.ge.ch<\/a><\/td>\n<\/tr>\n<tr>\n<td>Ecole des m\u00e9tiers de l'automobile<\/td>\n<td>022 388 82 35<\/td>\n<td><a href=\"mailto:cfpt.automobile@edurec.ge.ch\">cfpt.automobile@edurec.ge.ch<\/a><\/td>\n<\/tr>\n<tr>\n<td>Enseignement g\u00e9n\u00e9ral et maturit\u00e9 professionnelle<\/td>\n<td>022 388 87 05<\/td>\n<td><a href=\"mailto:cfpt.eg.matu@edurec.ge.ch\">cfpt.eg.matu@edurec.ge.ch<\/a><\/td>\n<\/tr>\n<tr>\n<td>Ressources humaines - PAT<\/td>\n<td>022 388 88 03<\/td>\n<td><a href=\"mailto:cfpt-rhpat@etat.ge.ch\">cfpt-rhpat@etat.ge.ch<\/a><\/td>\n<\/tr>\n<tr>\n<td>Ressources humaines - PE<\/td>\n<td>022 388 88 02<\/td>\n<td><a href=\"mailto:cfpt-rhpe@etat.ge.ch\">cfpt-rhpe@etat.ge.ch<\/a><\/td>\n<\/tr>\n<tr>\n<td>Comptabilit\u00e9<\/td>\n<td>022 388 88 55<\/td>\n<td><a href=\"mailto:cfpt-comptabilite@etat.ge.ch\">cfpt-comptabilite@etat.ge.ch<\/a><\/td>\n<\/tr>\n<tr>\n<td>Accueil et num\u00e9ro principal<\/td>\n<td>022 388 88 00<\/td>\n<td><a href=\"mailto:secretariat-cfpt@etat.ge.ch\">secretariat-cfpt@etat.ge.ch<\/a><\/td>\n<\/tr>\n<\/tbody>\n<\/table>\n<p><\/div>\n<\/div>\n<\/div><\/div><\/div><\/div><div id=\"pg-3792-2\"  class=\"panel-grid panel-no-style\" ><div id=\"pgc-3792-2-0\"  class=\"panel-grid-cell\" ><div id=\"panel-3792-2-0-0\" class=\"so-panel widget widget_sow-editor panel-first-child panel-last-child\" data-index=\"2\" ><div\n\t\t\t\n\t\t\tclass=\"so-widget-sow-editor so-widget-sow-editor-base\"\n\t\t\t\n\t\t><h3 class=\"widget-title\">Formulaire de contact<\/h3>\n<div class=\"siteorigin-widget-tinymce textwidget\">\n\t\n<div class=\"wpcf7 no-js\" id=\"wpcf7-f4452-o1\" lang=\"fr-FR\" dir=\"ltr\" data-wpcf7-id=\"4452\">\n<div class=\"screen-reader-response\"><p role=\"status\" aria-live=\"polite\" aria-atomic=\"true\"><\/p> <ul><\/ul><\/div>\n<form action=\"\/site\/cfpt\/wp-json\/wp\/v2\/pages\/3792#wpcf7-f4452-o1\" method=\"post\" class=\"wpcf7-form init\" aria-label=\"Formulaire de contact\" novalidate=\"novalidate\" data-status=\"init\">\n<fieldset class=\"hidden-fields-container\"><input type=\"hidden\" name=\"_wpcf7\" value=\"4452\" \/><input type=\"hidden\" name=\"_wpcf7_version\" value=\"6.1.3\" \/><input type=\"hidden\" name=\"_wpcf7_locale\" value=\"fr_FR\" \/><input type=\"hidden\" name=\"_wpcf7_unit_tag\" value=\"wpcf7-f4452-o1\" \/><input type=\"hidden\" name=\"_wpcf7_container_post\" value=\"0\" \/><input type=\"hidden\" name=\"_wpcf7_posted_data_hash\" value=\"\" \/>\n<\/fieldset>\n<p>Votre nom (obligatoire)<br \/>\n<span class=\"wpcf7-form-control-wrap\" data-name=\"your-name\"><input size=\"40\" maxlength=\"400\" class=\"wpcf7-form-control wpcf7-text wpcf7-validates-as-required\" aria-required=\"true\" aria-invalid=\"false\" value=\"\" type=\"text\" name=\"your-name\" \/><\/span>\n<\/p>\n<p>Votre e-mail (obligatoire)<br \/>\n<span class=\"wpcf7-form-control-wrap\" data-name=\"your-email\"><input size=\"40\" maxlength=\"400\" class=\"wpcf7-form-control wpcf7-email wpcf7-validates-as-required wpcf7-text wpcf7-validates-as-email\" aria-required=\"true\" aria-invalid=\"false\" value=\"\" type=\"email\" name=\"your-email\" \/><\/span>\n<\/p>\n<p>votre demande concerne l'\u00e9cole d'<span class=\"wpcf7-form-control-wrap\" data-name=\"checkbox-243\"><span class=\"wpcf7-form-control wpcf7-checkbox\"><span class=\"wpcf7-list-item first\"><span class=\"wpcf7-list-item-label\">electronique<\/span><input type=\"checkbox\" name=\"checkbox-243[]\" value=\"electronique\" \/><\/span><span class=\"wpcf7-list-item\"><span class=\"wpcf7-list-item-label\">horlogerie<\/span><input type=\"checkbox\" name=\"checkbox-243[]\" value=\"horlogerie\" \/><\/span><span class=\"wpcf7-list-item\"><span class=\"wpcf7-list-item-label\">informatique<\/span><input type=\"checkbox\" name=\"checkbox-243[]\" value=\"informatique\" \/><\/span><span class=\"wpcf7-list-item\"><span class=\"wpcf7-list-item-label\">mecatronique<\/span><input type=\"checkbox\" name=\"checkbox-243[]\" value=\"mecatronique\" \/><\/span><span class=\"wpcf7-list-item last\"><span class=\"wpcf7-list-item-label\">automobile<\/span><input type=\"checkbox\" name=\"checkbox-243[]\" value=\"automobile\" \/><\/span><\/span><\/span>\n<\/p>\n<p>Sujet<br \/>\n<span class=\"wpcf7-form-control-wrap\" data-name=\"your-subject\"><input size=\"40\" maxlength=\"400\" class=\"wpcf7-form-control wpcf7-text\" aria-invalid=\"false\" value=\"\" type=\"text\" name=\"your-subject\" \/><\/span>\n<\/p>\n<p><label> Votre message<br \/>\n<span class=\"wpcf7-form-control-wrap\" data-name=\"your-message\"><textarea cols=\"40\" rows=\"10\" maxlength=\"2000\" class=\"wpcf7-form-control wpcf7-textarea\" aria-invalid=\"false\" name=\"your-message\"><\/textarea><\/span> <\/label>\n<\/p>\n<p><input class=\"wpcf7-form-control wpcf7-submit has-spinner\" type=\"submit\" value=\"Envoyer\" \/>\n<\/p><p style=\"display: none !important;\" class=\"akismet-fields-container\" data-prefix=\"_wpcf7_ak_\"><label>&#916;<textarea name=\"_wpcf7_ak_hp_textarea\" cols=\"45\" rows=\"8\" maxlength=\"100\"><\/textarea><\/label><input type=\"hidden\" id=\"ak_js_1\" name=\"_wpcf7_ak_js\" value=\"40\"\/><script>document.getElementById( \"ak_js_1\" ).setAttribute( \"value\", ( new Date() ).getTime() );<\/script><\/p><div class=\"wpcf7-response-output\" aria-hidden=\"true\"><\/div>\n<\/form>\n<\/div>\n\n<\/div>\n<\/div><\/div><\/div><\/div><\/div>","protected":false},"excerpt":{"rendered":"<p>Les secr\u00e9tariats et diff\u00e9rents services du CFP Technique<\/p>\n","protected":false},"author":1235,"featured_media":0,"parent":0,"menu_order":16,"comment_status":"closed","ping_status":"closed","template":"","meta":{"footnotes":""},"class_list":["post-3792","page","type-page","status-publish","czr-hentry"],"yoast_head":"<!-- This site is optimized with the Yoast SEO plugin v26.4 - https:\/\/yoast.com\/wordpress\/plugins\/seo\/ -->\n<title>Nous contacter ~ CFPT<\/title>\n<meta name=\"robots\" content=\"index, follow, max-snippet:-1, max-image-preview:large, max-video-preview:-1\" \/>\n<link rel=\"canonical\" href=\"https:\/\/edurec.ge.ch\/site\/cfpt\/secretariats-2\/\" \/>\n<meta property=\"og:locale\" content=\"fr_FR\" \/>\n<meta property=\"og:type\" content=\"article\" \/>\n<meta property=\"og:title\" content=\"Nous contacter ~ CFPT\" \/>\n<meta property=\"og:description\" content=\"Les secr\u00e9tariats et diff\u00e9rents services du CFP Technique\" \/>\n<meta property=\"og:url\" content=\"https:\/\/edurec.ge.ch\/site\/cfpt\/secretariats-2\/\" \/>\n<meta property=\"og:site_name\" content=\"CFPT\" \/>\n<meta property=\"article:modified_time\" content=\"2024-11-14T10:31:56+00:00\" \/>\n<meta name=\"twitter:card\" content=\"summary_large_image\" \/>\n<meta name=\"twitter:label1\" content=\"Dur\u00e9e de lecture estim\u00e9e\" \/>\n\t<meta name=\"twitter:data1\" content=\"1 minute\" \/>\n<script type=\"application\/ld+json\" class=\"yoast-schema-graph\">{\"@context\":\"https:\/\/schema.org\",\"@graph\":[{\"@type\":\"WebPage\",\"@id\":\"https:\/\/edurec.ge.ch\/site\/cfpt\/secretariats-2\/\",\"url\":\"https:\/\/edurec.ge.ch\/site\/cfpt\/secretariats-2\/\",\"name\":\"Nous contacter ~ CFPT\",\"isPartOf\":{\"@id\":\"https:\/\/edurec.ge.ch\/site\/cfpt\/#website\"},\"datePublished\":\"2019-02-14T10:13:22+00:00\",\"dateModified\":\"2024-11-14T10:31:56+00:00\",\"breadcrumb\":{\"@id\":\"https:\/\/edurec.ge.ch\/site\/cfpt\/secretariats-2\/#breadcrumb\"},\"inLanguage\":\"fr-FR\",\"potentialAction\":[{\"@type\":\"ReadAction\",\"target\":[\"https:\/\/edurec.ge.ch\/site\/cfpt\/secretariats-2\/\"]}]},{\"@type\":\"BreadcrumbList\",\"@id\":\"https:\/\/edurec.ge.ch\/site\/cfpt\/secretariats-2\/#breadcrumb\",\"itemListElement\":[{\"@type\":\"ListItem\",\"position\":1,\"name\":\"Accueil\",\"item\":\"https:\/\/edurec.ge.ch\/site\/cfpt\/\"},{\"@type\":\"ListItem\",\"position\":2,\"name\":\"Nous contacter\"}]},{\"@type\":\"WebSite\",\"@id\":\"https:\/\/edurec.ge.ch\/site\/cfpt\/#website\",\"url\":\"https:\/\/edurec.ge.ch\/site\/cfpt\/\",\"name\":\"CFPT\",\"description\":\"CFP Technique\",\"publisher\":{\"@id\":\"https:\/\/edurec.ge.ch\/site\/cfpt\/#organization\"},\"potentialAction\":[{\"@type\":\"SearchAction\",\"target\":{\"@type\":\"EntryPoint\",\"urlTemplate\":\"https:\/\/edurec.ge.ch\/site\/cfpt\/?s={search_term_string}\"},\"query-input\":{\"@type\":\"PropertyValueSpecification\",\"valueRequired\":true,\"valueName\":\"search_term_string\"}}],\"inLanguage\":\"fr-FR\"},{\"@type\":\"Organization\",\"@id\":\"https:\/\/edurec.ge.ch\/site\/cfpt\/#organization\",\"name\":\"Centre de formation professionnelle technique\",\"url\":\"https:\/\/edurec.ge.ch\/site\/cfpt\/\",\"logo\":{\"@type\":\"ImageObject\",\"inLanguage\":\"fr-FR\",\"@id\":\"https:\/\/edurec.ge.ch\/site\/cfpt\/#\/schema\/logo\/image\/\",\"url\":\"https:\/\/edurec.ge.ch\/site\/cfpt\/wp-content\/uploads\/sites\/112\/2016\/02\/logo-cfpt-site.png\",\"contentUrl\":\"https:\/\/edurec.ge.ch\/site\/cfpt\/wp-content\/uploads\/sites\/112\/2016\/02\/logo-cfpt-site.png\",\"width\":483,\"height\":483,\"caption\":\"Centre de formation professionnelle technique\"},\"image\":{\"@id\":\"https:\/\/edurec.ge.ch\/site\/cfpt\/#\/schema\/logo\/image\/\"}}]}<\/script>\n<!-- \/ Yoast SEO plugin. -->","yoast_head_json":{"title":"Nous contacter ~ CFPT","robots":{"index":"index","follow":"follow","max-snippet":"max-snippet:-1","max-image-preview":"max-image-preview:large","max-video-preview":"max-video-preview:-1"},"canonical":"https:\/\/edurec.ge.ch\/site\/cfpt\/secretariats-2\/","og_locale":"fr_FR","og_type":"article","og_title":"Nous contacter ~ CFPT","og_description":"Les secr\u00e9tariats et diff\u00e9rents services du CFP Technique","og_url":"https:\/\/edurec.ge.ch\/site\/cfpt\/secretariats-2\/","og_site_name":"CFPT","article_modified_time":"2024-11-14T10:31:56+00:00","twitter_card":"summary_large_image","twitter_misc":{"Dur\u00e9e de lecture estim\u00e9e":"1 minute"},"schema":{"@context":"https:\/\/schema.org","@graph":[{"@type":"WebPage","@id":"https:\/\/edurec.ge.ch\/site\/cfpt\/secretariats-2\/","url":"https:\/\/edurec.ge.ch\/site\/cfpt\/secretariats-2\/","name":"Nous contacter ~ CFPT","isPartOf":{"@id":"https:\/\/edurec.ge.ch\/site\/cfpt\/#website"},"datePublished":"2019-02-14T10:13:22+00:00","dateModified":"2024-11-14T10:31:56+00:00","breadcrumb":{"@id":"https:\/\/edurec.ge.ch\/site\/cfpt\/secretariats-2\/#breadcrumb"},"inLanguage":"fr-FR","potentialAction":[{"@type":"ReadAction","target":["https:\/\/edurec.ge.ch\/site\/cfpt\/secretariats-2\/"]}]},{"@type":"BreadcrumbList","@id":"https:\/\/edurec.ge.ch\/site\/cfpt\/secretariats-2\/#breadcrumb","itemListElement":[{"@type":"ListItem","position":1,"name":"Accueil","item":"https:\/\/edurec.ge.ch\/site\/cfpt\/"},{"@type":"ListItem","position":2,"name":"Nous contacter"}]},{"@type":"WebSite","@id":"https:\/\/edurec.ge.ch\/site\/cfpt\/#website","url":"https:\/\/edurec.ge.ch\/site\/cfpt\/","name":"CFPT","description":"CFP Technique","publisher":{"@id":"https:\/\/edurec.ge.ch\/site\/cfpt\/#organization"},"potentialAction":[{"@type":"SearchAction","target":{"@type":"EntryPoint","urlTemplate":"https:\/\/edurec.ge.ch\/site\/cfpt\/?s={search_term_string}"},"query-input":{"@type":"PropertyValueSpecification","valueRequired":true,"valueName":"search_term_string"}}],"inLanguage":"fr-FR"},{"@type":"Organization","@id":"https:\/\/edurec.ge.ch\/site\/cfpt\/#organization","name":"Centre de formation professionnelle technique","url":"https:\/\/edurec.ge.ch\/site\/cfpt\/","logo":{"@type":"ImageObject","inLanguage":"fr-FR","@id":"https:\/\/edurec.ge.ch\/site\/cfpt\/#\/schema\/logo\/image\/","url":"https:\/\/edurec.ge.ch\/site\/cfpt\/wp-content\/uploads\/sites\/112\/2016\/02\/logo-cfpt-site.png","contentUrl":"https:\/\/edurec.ge.ch\/site\/cfpt\/wp-content\/uploads\/sites\/112\/2016\/02\/logo-cfpt-site.png","width":483,"height":483,"caption":"Centre de formation professionnelle technique"},"image":{"@id":"https:\/\/edurec.ge.ch\/site\/cfpt\/#\/schema\/logo\/image\/"}}]}},"publishpress_future_action":{"enabled":false,"date":"2026-05-24 13:58:48","action":"change-status","newStatus":"draft","terms":[],"taxonomy":"","extraData":[]},"publishpress_future_workflow_manual_trigger":{"enabledWorkflows":[]},"_links":{"self":[{"href":"https:\/\/edurec.ge.ch\/site\/cfpt\/wp-json\/wp\/v2\/pages\/3792","targetHints":{"allow":["GET"]}}],"collection":[{"href":"https:\/\/edurec.ge.ch\/site\/cfpt\/wp-json\/wp\/v2\/pages"}],"about":[{"href":"https:\/\/edurec.ge.ch\/site\/cfpt\/wp-json\/wp\/v2\/types\/page"}],"author":[{"embeddable":true,"href":"https:\/\/edurec.ge.ch\/site\/cfpt\/wp-json\/wp\/v2\/users\/1235"}],"replies":[{"embeddable":true,"href":"https:\/\/edurec.ge.ch\/site\/cfpt\/wp-json\/wp\/v2\/comments?post=3792"}],"version-history":[{"count":27,"href":"https:\/\/edurec.ge.ch\/site\/cfpt\/wp-json\/wp\/v2\/pages\/3792\/revisions"}],"predecessor-version":[{"id":13776,"href":"https:\/\/edurec.ge.ch\/site\/cfpt\/wp-json\/wp\/v2\/pages\/3792\/revisions\/13776"}],"wp:attachment":[{"href":"https:\/\/edurec.ge.ch\/site\/cfpt\/wp-json\/wp\/v2\/media?parent=3792"}],"curies":[{"name":"wp","href":"https:\/\/api.w.org\/{rel}","templated":true}]}}