{"id":1413,"date":"2016-08-24T13:57:17","date_gmt":"2016-08-24T12:57:17","guid":{"rendered":"https:\/\/edurec.ge.ch\/site\/cfpt\/?page_id=1413"},"modified":"2024-08-19T14:26:21","modified_gmt":"2024-08-19T13:26:21","slug":"service-bourses-prets-detudes-sbpe","status":"publish","type":"page","link":"https:\/\/edurec.ge.ch\/site\/cfpt\/espace-administratif-documents-formulaires\/service-bourses-prets-detudes-sbpe\/","title":{"rendered":"Service des bourses et pr\u00eats d\u2019\u00e9tudes (SBPE)"},"content":{"rendered":"<div id=\"pl-1413\"  class=\"panel-layout\" ><div id=\"pg-1413-0\"  class=\"panel-grid panel-no-style\" ><div id=\"pgc-1413-0-0\"  class=\"panel-grid-cell\" ><div id=\"panel-1413-0-0-0\" class=\"so-panel widget widget_sow-editor panel-first-child panel-last-child\" data-index=\"0\" ><div\n\t\t\t\n\t\t\tclass=\"so-widget-sow-editor so-widget-sow-editor-base\"\n\t\t\t\n\t\t>\n<div class=\"siteorigin-widget-tinymce textwidget\">\n\t<p>Les demandes de bourses et pr\u00eats d'\u00e9tude se <strong>font en ligne:<\/strong><\/p>\n<p><a href=\"https:\/\/www.ge.ch\/obtenir-bourse-pret-etudes-apprentissage\/procedure-demande-bourse-pret\" target=\"_blank\" rel=\"noopener\">Proc\u00e9dure de demande de bourse ou de pr\u00eat | ge.ch<\/a><\/p>\n<p>Vous trouvez du soutien \u00e0 la Cit\u00e9 des m\u00e9tiers:<\/p>\n<p><a href=\"https:\/\/www.citedesmetiers.ch\/thematiques\/bourses-et-financements\/bourses-et-prets-detudes-et-dapprentissage\/\" target=\"_blank\" rel=\"noopener\">Bourses et pr\u00eats d'\u00e9tudes et d'apprentissage - Cit\u00e9 des m\u00e9tiers du Grand Gen\u00e8ve (citedesmetiers.ch)<\/a><\/p>\n<p><a href=\"https:\/\/www.citedesmetiers.ch\/thematiques\/bourses-et-financements\/\" target=\"_blank\" rel=\"noopener\">Bourses et financements - Cit\u00e9 des m\u00e9tiers du Grand Gen\u00e8ve (citedesmetiers.ch)<\/a><\/p>\n<p><strong>\u00a0<\/strong><\/p>\n<p><strong>Le d\u00e9lai pour le d\u00e9p\u00f4t de la demande de bourse ou pr\u00eats d'\u00e9tude est limit\u00e9 (Art.13 de la LBPE)<\/strong><strong>.<\/strong><\/p>\n<p>Les demandes de bourses ou de pr\u00eats doivent \u00eatre d\u00e9pos\u00e9es au plus <strong>tard 6\u00a0mois apr\u00e8s le d\u00e9but de l'ann\u00e9e scolaire<\/strong>.<\/p>\n<p>Les aides financi\u00e8res ne sont octroy\u00e9es que pour l'ann\u00e9e de formation en cours.<\/p>\n<p><strong>Faites au plus vite le renouvellement de la demande de bourse et avant votre prochaine rentr\u00e9e scolaire!<\/strong><\/p>\n<p>Les renouvellements de bourses d'\u00e9tudes peuvent \u00eatre faites <strong>\u00e0 partir de mi-mai<\/strong>\u00a0pour l'ann\u00e9e scolaire suivante.<\/p>\n<\/div>\n<\/div><\/div><\/div><div id=\"pgc-1413-0-1\"  class=\"panel-grid-cell\" ><div id=\"panel-1413-0-1-0\" class=\"so-panel widget widget_sow-editor panel-first-child panel-last-child\" data-index=\"1\" ><div\n\t\t\t\n\t\t\tclass=\"so-widget-sow-editor so-widget-sow-editor-base\"\n\t\t\t\n\t\t>\n<div class=\"siteorigin-widget-tinymce textwidget\">\n\t<div class=\"col-md-6 col-lg-2\">\n<p><span class=\"h3\">Cit\u00e9 des M\u00e9tiers<br \/>\n6, rue Pr\u00e9vost-Martin<br \/>\n1205 Gen\u00e8ve<\/span><\/p>\n<p><a class=\"flex align-items-center mt-6\" href=\"https:\/\/goo.gl\/maps\/mgYWX7Kb4GkbtGm9A\" target=\"_blank\" rel=\"noopener\">Itin\u00e9raire<\/a><\/p>\n<p><a class=\"flex align-items-center mt-4\" href=\"tel:+41 22 388 44 00\">+41 22 388 44 00<\/a><\/p>\n<p><a class=\"flex align-items-center mt-4\" href=\"mailto:citedesmetiers@etat.ge.ch\">citedesmetiers@etat.ge.ch<\/a><\/p>\n<\/div>\n<div class=\"col-md-6 col-lg-3 offset-lg-1 mt-12 md-mt-0\"><\/div>\n<\/div>\n<\/div><\/div><\/div><\/div><\/div>","protected":false},"excerpt":{"rendered":"<p>Les demandes de bourses et pr\u00eats d&rsquo;\u00e9tude se font en ligne: Proc\u00e9dure de demande de bourse ou de pr\u00eat | ge.ch Vous trouvez du soutien \u00e0 la Cit\u00e9 des m\u00e9tiers: Bourses et pr\u00eats d&rsquo;\u00e9tudes et d&rsquo;apprentissage &#8211; Cit\u00e9 des m\u00e9tiers du Grand Gen\u00e8ve (citedesmetiers.ch) Bourses et financements &#8211; Cit\u00e9 des m\u00e9tiers du Grand Gen\u00e8ve (citedesmetiers.ch) [&hellip;]<\/p>\n","protected":false},"author":1235,"featured_media":0,"parent":4227,"menu_order":84,"comment_status":"closed","ping_status":"closed","template":"","meta":{"footnotes":""},"class_list":["post-1413","page","type-page","status-publish","czr-hentry"],"yoast_head":"<!-- This site is optimized with the Yoast SEO plugin v26.4 - https:\/\/yoast.com\/wordpress\/plugins\/seo\/ -->\n<title>Service des bourses et pr\u00eats d\u2019\u00e9tudes (SBPE) ~ CFPT<\/title>\n<meta name=\"robots\" content=\"index, follow, max-snippet:-1, max-image-preview:large, max-video-preview:-1\" \/>\n<link rel=\"canonical\" href=\"https:\/\/edurec.ge.ch\/site\/cfpt\/espace-administratif-documents-formulaires\/service-bourses-prets-detudes-sbpe\/\" \/>\n<meta property=\"og:locale\" content=\"fr_FR\" \/>\n<meta property=\"og:type\" content=\"article\" \/>\n<meta property=\"og:title\" content=\"Service des bourses et pr\u00eats d\u2019\u00e9tudes (SBPE) ~ CFPT\" \/>\n<meta property=\"og:description\" content=\"Les demandes de bourses et pr\u00eats d&#039;\u00e9tude se font en ligne: Proc\u00e9dure de demande de bourse ou de pr\u00eat | ge.ch Vous trouvez du soutien \u00e0 la Cit\u00e9 des m\u00e9tiers: Bourses et pr\u00eats d&#039;\u00e9tudes et d&#039;apprentissage - Cit\u00e9 des m\u00e9tiers du Grand Gen\u00e8ve (citedesmetiers.ch) Bourses et financements - Cit\u00e9 des m\u00e9tiers du Grand Gen\u00e8ve (citedesmetiers.ch) [&hellip;]\" \/>\n<meta property=\"og:url\" content=\"https:\/\/edurec.ge.ch\/site\/cfpt\/espace-administratif-documents-formulaires\/service-bourses-prets-detudes-sbpe\/\" \/>\n<meta property=\"og:site_name\" content=\"CFPT\" \/>\n<meta property=\"article:modified_time\" content=\"2024-08-19T13:26:21+00:00\" \/>\n<meta name=\"twitter:card\" content=\"summary_large_image\" \/>\n<meta name=\"twitter:label1\" content=\"Dur\u00e9e de lecture estim\u00e9e\" \/>\n\t<meta name=\"twitter:data1\" content=\"1 minute\" \/>\n<script type=\"application\/ld+json\" class=\"yoast-schema-graph\">{\"@context\":\"https:\/\/schema.org\",\"@graph\":[{\"@type\":\"WebPage\",\"@id\":\"https:\/\/edurec.ge.ch\/site\/cfpt\/espace-administratif-documents-formulaires\/service-bourses-prets-detudes-sbpe\/\",\"url\":\"https:\/\/edurec.ge.ch\/site\/cfpt\/espace-administratif-documents-formulaires\/service-bourses-prets-detudes-sbpe\/\",\"name\":\"Service des bourses et pr\u00eats d\u2019\u00e9tudes (SBPE) ~ CFPT\",\"isPartOf\":{\"@id\":\"https:\/\/edurec.ge.ch\/site\/cfpt\/#website\"},\"datePublished\":\"2016-08-24T12:57:17+00:00\",\"dateModified\":\"2024-08-19T13:26:21+00:00\",\"breadcrumb\":{\"@id\":\"https:\/\/edurec.ge.ch\/site\/cfpt\/espace-administratif-documents-formulaires\/service-bourses-prets-detudes-sbpe\/#breadcrumb\"},\"inLanguage\":\"fr-FR\",\"potentialAction\":[{\"@type\":\"ReadAction\",\"target\":[\"https:\/\/edurec.ge.ch\/site\/cfpt\/espace-administratif-documents-formulaires\/service-bourses-prets-detudes-sbpe\/\"]}]},{\"@type\":\"BreadcrumbList\",\"@id\":\"https:\/\/edurec.ge.ch\/site\/cfpt\/espace-administratif-documents-formulaires\/service-bourses-prets-detudes-sbpe\/#breadcrumb\",\"itemListElement\":[{\"@type\":\"ListItem\",\"position\":1,\"name\":\"Accueil\",\"item\":\"https:\/\/edurec.ge.ch\/site\/cfpt\/\"},{\"@type\":\"ListItem\",\"position\":2,\"name\":\"Espace administratif, documents et formulaires\",\"item\":\"https:\/\/edurec.ge.ch\/site\/cfpt\/espace-administratif-documents-formulaires\/\"},{\"@type\":\"ListItem\",\"position\":3,\"name\":\"Service des bourses et pr\u00eats d\u2019\u00e9tudes (SBPE)\"}]},{\"@type\":\"WebSite\",\"@id\":\"https:\/\/edurec.ge.ch\/site\/cfpt\/#website\",\"url\":\"https:\/\/edurec.ge.ch\/site\/cfpt\/\",\"name\":\"CFPT\",\"description\":\"CFP Technique\",\"publisher\":{\"@id\":\"https:\/\/edurec.ge.ch\/site\/cfpt\/#organization\"},\"potentialAction\":[{\"@type\":\"SearchAction\",\"target\":{\"@type\":\"EntryPoint\",\"urlTemplate\":\"https:\/\/edurec.ge.ch\/site\/cfpt\/?s={search_term_string}\"},\"query-input\":{\"@type\":\"PropertyValueSpecification\",\"valueRequired\":true,\"valueName\":\"search_term_string\"}}],\"inLanguage\":\"fr-FR\"},{\"@type\":\"Organization\",\"@id\":\"https:\/\/edurec.ge.ch\/site\/cfpt\/#organization\",\"name\":\"Centre de formation professionnelle technique\",\"url\":\"https:\/\/edurec.ge.ch\/site\/cfpt\/\",\"logo\":{\"@type\":\"ImageObject\",\"inLanguage\":\"fr-FR\",\"@id\":\"https:\/\/edurec.ge.ch\/site\/cfpt\/#\/schema\/logo\/image\/\",\"url\":\"https:\/\/edurec.ge.ch\/site\/cfpt\/wp-content\/uploads\/sites\/112\/2016\/02\/logo-cfpt-site.png\",\"contentUrl\":\"https:\/\/edurec.ge.ch\/site\/cfpt\/wp-content\/uploads\/sites\/112\/2016\/02\/logo-cfpt-site.png\",\"width\":483,\"height\":483,\"caption\":\"Centre de formation professionnelle technique\"},\"image\":{\"@id\":\"https:\/\/edurec.ge.ch\/site\/cfpt\/#\/schema\/logo\/image\/\"}}]}<\/script>\n<!-- \/ Yoast SEO plugin. -->","yoast_head_json":{"title":"Service des bourses et pr\u00eats d\u2019\u00e9tudes (SBPE) ~ CFPT","robots":{"index":"index","follow":"follow","max-snippet":"max-snippet:-1","max-image-preview":"max-image-preview:large","max-video-preview":"max-video-preview:-1"},"canonical":"https:\/\/edurec.ge.ch\/site\/cfpt\/espace-administratif-documents-formulaires\/service-bourses-prets-detudes-sbpe\/","og_locale":"fr_FR","og_type":"article","og_title":"Service des bourses et pr\u00eats d\u2019\u00e9tudes (SBPE) ~ CFPT","og_description":"Les demandes de bourses et pr\u00eats d'\u00e9tude se font en ligne: Proc\u00e9dure de demande de bourse ou de pr\u00eat | ge.ch Vous trouvez du soutien \u00e0 la Cit\u00e9 des m\u00e9tiers: Bourses et pr\u00eats d'\u00e9tudes et d'apprentissage - Cit\u00e9 des m\u00e9tiers du Grand Gen\u00e8ve (citedesmetiers.ch) Bourses et financements - Cit\u00e9 des m\u00e9tiers du Grand Gen\u00e8ve (citedesmetiers.ch) [&hellip;]","og_url":"https:\/\/edurec.ge.ch\/site\/cfpt\/espace-administratif-documents-formulaires\/service-bourses-prets-detudes-sbpe\/","og_site_name":"CFPT","article_modified_time":"2024-08-19T13:26:21+00:00","twitter_card":"summary_large_image","twitter_misc":{"Dur\u00e9e de lecture estim\u00e9e":"1 minute"},"schema":{"@context":"https:\/\/schema.org","@graph":[{"@type":"WebPage","@id":"https:\/\/edurec.ge.ch\/site\/cfpt\/espace-administratif-documents-formulaires\/service-bourses-prets-detudes-sbpe\/","url":"https:\/\/edurec.ge.ch\/site\/cfpt\/espace-administratif-documents-formulaires\/service-bourses-prets-detudes-sbpe\/","name":"Service des bourses et pr\u00eats d\u2019\u00e9tudes (SBPE) ~ CFPT","isPartOf":{"@id":"https:\/\/edurec.ge.ch\/site\/cfpt\/#website"},"datePublished":"2016-08-24T12:57:17+00:00","dateModified":"2024-08-19T13:26:21+00:00","breadcrumb":{"@id":"https:\/\/edurec.ge.ch\/site\/cfpt\/espace-administratif-documents-formulaires\/service-bourses-prets-detudes-sbpe\/#breadcrumb"},"inLanguage":"fr-FR","potentialAction":[{"@type":"ReadAction","target":["https:\/\/edurec.ge.ch\/site\/cfpt\/espace-administratif-documents-formulaires\/service-bourses-prets-detudes-sbpe\/"]}]},{"@type":"BreadcrumbList","@id":"https:\/\/edurec.ge.ch\/site\/cfpt\/espace-administratif-documents-formulaires\/service-bourses-prets-detudes-sbpe\/#breadcrumb","itemListElement":[{"@type":"ListItem","position":1,"name":"Accueil","item":"https:\/\/edurec.ge.ch\/site\/cfpt\/"},{"@type":"ListItem","position":2,"name":"Espace administratif, documents et formulaires","item":"https:\/\/edurec.ge.ch\/site\/cfpt\/espace-administratif-documents-formulaires\/"},{"@type":"ListItem","position":3,"name":"Service des bourses et pr\u00eats d\u2019\u00e9tudes (SBPE)"}]},{"@type":"WebSite","@id":"https:\/\/edurec.ge.ch\/site\/cfpt\/#website","url":"https:\/\/edurec.ge.ch\/site\/cfpt\/","name":"CFPT","description":"CFP Technique","publisher":{"@id":"https:\/\/edurec.ge.ch\/site\/cfpt\/#organization"},"potentialAction":[{"@type":"SearchAction","target":{"@type":"EntryPoint","urlTemplate":"https:\/\/edurec.ge.ch\/site\/cfpt\/?s={search_term_string}"},"query-input":{"@type":"PropertyValueSpecification","valueRequired":true,"valueName":"search_term_string"}}],"inLanguage":"fr-FR"},{"@type":"Organization","@id":"https:\/\/edurec.ge.ch\/site\/cfpt\/#organization","name":"Centre de formation professionnelle technique","url":"https:\/\/edurec.ge.ch\/site\/cfpt\/","logo":{"@type":"ImageObject","inLanguage":"fr-FR","@id":"https:\/\/edurec.ge.ch\/site\/cfpt\/#\/schema\/logo\/image\/","url":"https:\/\/edurec.ge.ch\/site\/cfpt\/wp-content\/uploads\/sites\/112\/2016\/02\/logo-cfpt-site.png","contentUrl":"https:\/\/edurec.ge.ch\/site\/cfpt\/wp-content\/uploads\/sites\/112\/2016\/02\/logo-cfpt-site.png","width":483,"height":483,"caption":"Centre de formation professionnelle technique"},"image":{"@id":"https:\/\/edurec.ge.ch\/site\/cfpt\/#\/schema\/logo\/image\/"}}]}},"publishpress_future_action":{"enabled":false,"date":"2026-05-24 15:17:26","action":"change-status","newStatus":"draft","terms":[],"taxonomy":"","extraData":[]},"publishpress_future_workflow_manual_trigger":{"enabledWorkflows":[]},"_links":{"self":[{"href":"https:\/\/edurec.ge.ch\/site\/cfpt\/wp-json\/wp\/v2\/pages\/1413","targetHints":{"allow":["GET"]}}],"collection":[{"href":"https:\/\/edurec.ge.ch\/site\/cfpt\/wp-json\/wp\/v2\/pages"}],"about":[{"href":"https:\/\/edurec.ge.ch\/site\/cfpt\/wp-json\/wp\/v2\/types\/page"}],"author":[{"embeddable":true,"href":"https:\/\/edurec.ge.ch\/site\/cfpt\/wp-json\/wp\/v2\/users\/1235"}],"replies":[{"embeddable":true,"href":"https:\/\/edurec.ge.ch\/site\/cfpt\/wp-json\/wp\/v2\/comments?post=1413"}],"version-history":[{"count":7,"href":"https:\/\/edurec.ge.ch\/site\/cfpt\/wp-json\/wp\/v2\/pages\/1413\/revisions"}],"predecessor-version":[{"id":13304,"href":"https:\/\/edurec.ge.ch\/site\/cfpt\/wp-json\/wp\/v2\/pages\/1413\/revisions\/13304"}],"up":[{"embeddable":true,"href":"https:\/\/edurec.ge.ch\/site\/cfpt\/wp-json\/wp\/v2\/pages\/4227"}],"wp:attachment":[{"href":"https:\/\/edurec.ge.ch\/site\/cfpt\/wp-json\/wp\/v2\/media?parent=1413"}],"curies":[{"name":"wp","href":"https:\/\/api.w.org\/{rel}","templated":true}]}}