{"id":11522,"date":"2022-05-17T09:20:38","date_gmt":"2022-05-17T08:20:38","guid":{"rendered":"https:\/\/edurec.ge.ch\/site\/cfpt\/?page_id=11522"},"modified":"2022-05-20T07:27:17","modified_gmt":"2022-05-20T06:27:17","slug":"inscriptions-a-la-maturite-professionnelle","status":"publish","type":"page","link":"https:\/\/edurec.ge.ch\/site\/cfpt\/inscriptions-a-la-maturite-professionnelle\/","title":{"rendered":"Inscription en maturit\u00e9 professionnelle"},"content":{"rendered":"<p>La Maturit\u00e9 Professionnelle (MP) est une formation qui peut \u00eatre suivie parall\u00e8lement au CFC. Elle donne notamment acc\u00e8s aux Hautes Ecoles Sp\u00e9cialis\u00e9es (HES). \u00a0L&rsquo;admission en MP est soumise \u00e0 des conditions particuli\u00e8re ainsi qu&rsquo;\u00e0 des pr\u00e9-requis.<\/p>\n<p>Pour plus d&rsquo;informations veuillez cliquer sur le lien ci dessous:<\/p>\n<p><a href=\"https:\/\/edurec.ge.ch\/site\/cfpt-enseignement-general\/matu_pro\/\" target=\"_blank\" rel=\"noopener\">Inscription en maturit\u00e9 professionnelle<\/a><\/p>\n","protected":false},"excerpt":{"rendered":"<p>La Maturit\u00e9 Professionnelle (MP) est une formation qui peut \u00eatre suivie parall\u00e8lement au CFC. Elle donne notamment acc\u00e8s aux Hautes Ecoles Sp\u00e9cialis\u00e9es (HES). \u00a0L&rsquo;admission en MP est soumise \u00e0 des conditions particuli\u00e8re ainsi qu&rsquo;\u00e0 des pr\u00e9-requis. Pour plus d&rsquo;informations veuillez cliquer sur le lien ci dessous: Inscription en maturit\u00e9 professionnelle<\/p>\n","protected":false},"author":1235,"featured_media":0,"parent":0,"menu_order":0,"comment_status":"closed","ping_status":"closed","template":"","meta":{"footnotes":""},"class_list":["post-11522","page","type-page","status-publish","czr-hentry"],"yoast_head":"<!-- This site is optimized with the Yoast SEO plugin v26.4 - https:\/\/yoast.com\/wordpress\/plugins\/seo\/ -->\n<title>Inscription en maturit\u00e9 professionnelle ~ CFPT<\/title>\n<meta name=\"robots\" content=\"index, follow, max-snippet:-1, max-image-preview:large, max-video-preview:-1\" \/>\n<link rel=\"canonical\" href=\"https:\/\/edurec.ge.ch\/site\/cfpt\/inscriptions-a-la-maturite-professionnelle\/\" \/>\n<meta property=\"og:locale\" content=\"fr_FR\" \/>\n<meta property=\"og:type\" content=\"article\" \/>\n<meta property=\"og:title\" content=\"Inscription en maturit\u00e9 professionnelle ~ CFPT\" \/>\n<meta property=\"og:description\" content=\"La Maturit\u00e9 Professionnelle (MP) est une formation qui peut \u00eatre suivie parall\u00e8lement au CFC. Elle donne notamment acc\u00e8s aux Hautes Ecoles Sp\u00e9cialis\u00e9es (HES). \u00a0L&rsquo;admission en MP est soumise \u00e0 des conditions particuli\u00e8re ainsi qu&rsquo;\u00e0 des pr\u00e9-requis. Pour plus d&rsquo;informations veuillez cliquer sur le lien ci dessous: Inscription en maturit\u00e9 professionnelle\" \/>\n<meta property=\"og:url\" content=\"https:\/\/edurec.ge.ch\/site\/cfpt\/inscriptions-a-la-maturite-professionnelle\/\" \/>\n<meta property=\"og:site_name\" content=\"CFPT\" \/>\n<meta property=\"article:modified_time\" content=\"2022-05-20T06:27:17+00:00\" \/>\n<meta name=\"twitter:card\" content=\"summary_large_image\" \/>\n<meta name=\"twitter:label1\" content=\"Dur\u00e9e de lecture estim\u00e9e\" \/>\n\t<meta name=\"twitter:data1\" content=\"1 minute\" \/>\n<script type=\"application\/ld+json\" class=\"yoast-schema-graph\">{\"@context\":\"https:\/\/schema.org\",\"@graph\":[{\"@type\":\"WebPage\",\"@id\":\"https:\/\/edurec.ge.ch\/site\/cfpt\/inscriptions-a-la-maturite-professionnelle\/\",\"url\":\"https:\/\/edurec.ge.ch\/site\/cfpt\/inscriptions-a-la-maturite-professionnelle\/\",\"name\":\"Inscription en maturit\u00e9 professionnelle ~ CFPT\",\"isPartOf\":{\"@id\":\"https:\/\/edurec.ge.ch\/site\/cfpt\/#website\"},\"datePublished\":\"2022-05-17T08:20:38+00:00\",\"dateModified\":\"2022-05-20T06:27:17+00:00\",\"breadcrumb\":{\"@id\":\"https:\/\/edurec.ge.ch\/site\/cfpt\/inscriptions-a-la-maturite-professionnelle\/#breadcrumb\"},\"inLanguage\":\"fr-FR\",\"potentialAction\":[{\"@type\":\"ReadAction\",\"target\":[\"https:\/\/edurec.ge.ch\/site\/cfpt\/inscriptions-a-la-maturite-professionnelle\/\"]}]},{\"@type\":\"BreadcrumbList\",\"@id\":\"https:\/\/edurec.ge.ch\/site\/cfpt\/inscriptions-a-la-maturite-professionnelle\/#breadcrumb\",\"itemListElement\":[{\"@type\":\"ListItem\",\"position\":1,\"name\":\"Accueil\",\"item\":\"https:\/\/edurec.ge.ch\/site\/cfpt\/\"},{\"@type\":\"ListItem\",\"position\":2,\"name\":\"Inscription en maturit\u00e9 professionnelle\"}]},{\"@type\":\"WebSite\",\"@id\":\"https:\/\/edurec.ge.ch\/site\/cfpt\/#website\",\"url\":\"https:\/\/edurec.ge.ch\/site\/cfpt\/\",\"name\":\"CFPT\",\"description\":\"CFP Technique\",\"publisher\":{\"@id\":\"https:\/\/edurec.ge.ch\/site\/cfpt\/#organization\"},\"potentialAction\":[{\"@type\":\"SearchAction\",\"target\":{\"@type\":\"EntryPoint\",\"urlTemplate\":\"https:\/\/edurec.ge.ch\/site\/cfpt\/?s={search_term_string}\"},\"query-input\":{\"@type\":\"PropertyValueSpecification\",\"valueRequired\":true,\"valueName\":\"search_term_string\"}}],\"inLanguage\":\"fr-FR\"},{\"@type\":\"Organization\",\"@id\":\"https:\/\/edurec.ge.ch\/site\/cfpt\/#organization\",\"name\":\"Centre de formation professionnelle technique\",\"url\":\"https:\/\/edurec.ge.ch\/site\/cfpt\/\",\"logo\":{\"@type\":\"ImageObject\",\"inLanguage\":\"fr-FR\",\"@id\":\"https:\/\/edurec.ge.ch\/site\/cfpt\/#\/schema\/logo\/image\/\",\"url\":\"https:\/\/edurec.ge.ch\/site\/cfpt\/wp-content\/uploads\/sites\/112\/2016\/02\/logo-cfpt-site.png\",\"contentUrl\":\"https:\/\/edurec.ge.ch\/site\/cfpt\/wp-content\/uploads\/sites\/112\/2016\/02\/logo-cfpt-site.png\",\"width\":483,\"height\":483,\"caption\":\"Centre de formation professionnelle technique\"},\"image\":{\"@id\":\"https:\/\/edurec.ge.ch\/site\/cfpt\/#\/schema\/logo\/image\/\"}}]}<\/script>\n<!-- \/ Yoast SEO plugin. -->","yoast_head_json":{"title":"Inscription en maturit\u00e9 professionnelle ~ CFPT","robots":{"index":"index","follow":"follow","max-snippet":"max-snippet:-1","max-image-preview":"max-image-preview:large","max-video-preview":"max-video-preview:-1"},"canonical":"https:\/\/edurec.ge.ch\/site\/cfpt\/inscriptions-a-la-maturite-professionnelle\/","og_locale":"fr_FR","og_type":"article","og_title":"Inscription en maturit\u00e9 professionnelle ~ CFPT","og_description":"La Maturit\u00e9 Professionnelle (MP) est une formation qui peut \u00eatre suivie parall\u00e8lement au CFC. Elle donne notamment acc\u00e8s aux Hautes Ecoles Sp\u00e9cialis\u00e9es (HES). \u00a0L&rsquo;admission en MP est soumise \u00e0 des conditions particuli\u00e8re ainsi qu&rsquo;\u00e0 des pr\u00e9-requis. Pour plus d&rsquo;informations veuillez cliquer sur le lien ci dessous: Inscription en maturit\u00e9 professionnelle","og_url":"https:\/\/edurec.ge.ch\/site\/cfpt\/inscriptions-a-la-maturite-professionnelle\/","og_site_name":"CFPT","article_modified_time":"2022-05-20T06:27:17+00:00","twitter_card":"summary_large_image","twitter_misc":{"Dur\u00e9e de lecture estim\u00e9e":"1 minute"},"schema":{"@context":"https:\/\/schema.org","@graph":[{"@type":"WebPage","@id":"https:\/\/edurec.ge.ch\/site\/cfpt\/inscriptions-a-la-maturite-professionnelle\/","url":"https:\/\/edurec.ge.ch\/site\/cfpt\/inscriptions-a-la-maturite-professionnelle\/","name":"Inscription en maturit\u00e9 professionnelle ~ CFPT","isPartOf":{"@id":"https:\/\/edurec.ge.ch\/site\/cfpt\/#website"},"datePublished":"2022-05-17T08:20:38+00:00","dateModified":"2022-05-20T06:27:17+00:00","breadcrumb":{"@id":"https:\/\/edurec.ge.ch\/site\/cfpt\/inscriptions-a-la-maturite-professionnelle\/#breadcrumb"},"inLanguage":"fr-FR","potentialAction":[{"@type":"ReadAction","target":["https:\/\/edurec.ge.ch\/site\/cfpt\/inscriptions-a-la-maturite-professionnelle\/"]}]},{"@type":"BreadcrumbList","@id":"https:\/\/edurec.ge.ch\/site\/cfpt\/inscriptions-a-la-maturite-professionnelle\/#breadcrumb","itemListElement":[{"@type":"ListItem","position":1,"name":"Accueil","item":"https:\/\/edurec.ge.ch\/site\/cfpt\/"},{"@type":"ListItem","position":2,"name":"Inscription en maturit\u00e9 professionnelle"}]},{"@type":"WebSite","@id":"https:\/\/edurec.ge.ch\/site\/cfpt\/#website","url":"https:\/\/edurec.ge.ch\/site\/cfpt\/","name":"CFPT","description":"CFP Technique","publisher":{"@id":"https:\/\/edurec.ge.ch\/site\/cfpt\/#organization"},"potentialAction":[{"@type":"SearchAction","target":{"@type":"EntryPoint","urlTemplate":"https:\/\/edurec.ge.ch\/site\/cfpt\/?s={search_term_string}"},"query-input":{"@type":"PropertyValueSpecification","valueRequired":true,"valueName":"search_term_string"}}],"inLanguage":"fr-FR"},{"@type":"Organization","@id":"https:\/\/edurec.ge.ch\/site\/cfpt\/#organization","name":"Centre de formation professionnelle technique","url":"https:\/\/edurec.ge.ch\/site\/cfpt\/","logo":{"@type":"ImageObject","inLanguage":"fr-FR","@id":"https:\/\/edurec.ge.ch\/site\/cfpt\/#\/schema\/logo\/image\/","url":"https:\/\/edurec.ge.ch\/site\/cfpt\/wp-content\/uploads\/sites\/112\/2016\/02\/logo-cfpt-site.png","contentUrl":"https:\/\/edurec.ge.ch\/site\/cfpt\/wp-content\/uploads\/sites\/112\/2016\/02\/logo-cfpt-site.png","width":483,"height":483,"caption":"Centre de formation professionnelle technique"},"image":{"@id":"https:\/\/edurec.ge.ch\/site\/cfpt\/#\/schema\/logo\/image\/"}}]}},"publishpress_future_action":{"enabled":false,"date":"2026-05-24 15:17:27","action":"change-status","newStatus":"draft","terms":[],"taxonomy":"","extraData":[]},"publishpress_future_workflow_manual_trigger":{"enabledWorkflows":[]},"_links":{"self":[{"href":"https:\/\/edurec.ge.ch\/site\/cfpt\/wp-json\/wp\/v2\/pages\/11522","targetHints":{"allow":["GET"]}}],"collection":[{"href":"https:\/\/edurec.ge.ch\/site\/cfpt\/wp-json\/wp\/v2\/pages"}],"about":[{"href":"https:\/\/edurec.ge.ch\/site\/cfpt\/wp-json\/wp\/v2\/types\/page"}],"author":[{"embeddable":true,"href":"https:\/\/edurec.ge.ch\/site\/cfpt\/wp-json\/wp\/v2\/users\/1235"}],"replies":[{"embeddable":true,"href":"https:\/\/edurec.ge.ch\/site\/cfpt\/wp-json\/wp\/v2\/comments?post=11522"}],"version-history":[{"count":5,"href":"https:\/\/edurec.ge.ch\/site\/cfpt\/wp-json\/wp\/v2\/pages\/11522\/revisions"}],"predecessor-version":[{"id":11529,"href":"https:\/\/edurec.ge.ch\/site\/cfpt\/wp-json\/wp\/v2\/pages\/11522\/revisions\/11529"}],"wp:attachment":[{"href":"https:\/\/edurec.ge.ch\/site\/cfpt\/wp-json\/wp\/v2\/media?parent=11522"}],"curies":[{"name":"wp","href":"https:\/\/api.w.org\/{rel}","templated":true}]}}