{"id":60,"date":"2017-01-09T12:05:22","date_gmt":"2017-01-09T11:05:22","guid":{"rendered":"https:\/\/edurec.ge.ch\/site\/cfpt-mecatronique-industrielle\/?page_id=60"},"modified":"2017-01-09T12:05:48","modified_gmt":"2017-01-09T11:05:48","slug":"contacter-lecole-de-mecatronique","status":"publish","type":"page","link":"https:\/\/edurec.ge.ch\/site\/cfpt-mecatronique-industrielle\/lecole-de-mecatronique\/contacter-lecole-de-mecatronique\/","title":{"rendered":"Contacter l&rsquo;\u00e9cole de m\u00e9catronique"},"content":{"rendered":"<p>Une question ?\u00a0Une remarque ?\u00a0Une demande ?<\/p>\n<p>Contactez-nous !<\/p>\n\n<div class=\"wpcf7 no-js\" id=\"wpcf7-f58-o1\" lang=\"fr-FR\" dir=\"ltr\" data-wpcf7-id=\"58\">\n<div class=\"screen-reader-response\"><p role=\"status\" aria-live=\"polite\" aria-atomic=\"true\"><\/p> <ul><\/ul><\/div>\n<form action=\"\/site\/cfpt-mecatronique-industrielle\/wp-json\/wp\/v2\/pages\/60#wpcf7-f58-o1\" method=\"post\" class=\"wpcf7-form init\" aria-label=\"Formulaire de contact\" novalidate=\"novalidate\" data-status=\"init\">\n<fieldset class=\"hidden-fields-container\"><input type=\"hidden\" name=\"_wpcf7\" value=\"58\" \/><input type=\"hidden\" name=\"_wpcf7_version\" value=\"6.1.3\" \/><input type=\"hidden\" name=\"_wpcf7_locale\" value=\"fr_FR\" \/><input type=\"hidden\" name=\"_wpcf7_unit_tag\" value=\"wpcf7-f58-o1\" \/><input type=\"hidden\" name=\"_wpcf7_container_post\" value=\"0\" \/><input type=\"hidden\" name=\"_wpcf7_posted_data_hash\" value=\"\" \/>\n<\/fieldset>\n<div style=\"width:90%;margin:auto;\">\n\t<p><label> Votre nom <sup>*<\/sup><br \/>\n<span class=\"wpcf7-form-control-wrap\" data-name=\"your-name\"><input size=\"40\" maxlength=\"400\" class=\"wpcf7-form-control wpcf7-text wpcf7-validates-as-required\" aria-required=\"true\" aria-invalid=\"false\" value=\"\" type=\"text\" name=\"your-name\" \/><\/span> <\/label>\n\t<\/p>\n\t<p><label> Votre e-mail <sup>*<\/sup><br \/>\n<span class=\"wpcf7-form-control-wrap\" data-name=\"your-email\"><input size=\"40\" maxlength=\"400\" class=\"wpcf7-form-control wpcf7-email wpcf7-validates-as-required wpcf7-text wpcf7-validates-as-email\" aria-required=\"true\" aria-invalid=\"false\" value=\"\" type=\"email\" name=\"your-email\" \/><\/span> <\/label>\n\t<\/p>\n\t<p><label> Sujet <sup>*<\/sup><br \/>\n<span class=\"wpcf7-form-control-wrap\" data-name=\"your-subject\"><input size=\"40\" maxlength=\"400\" class=\"wpcf7-form-control wpcf7-text wpcf7-validates-as-required\" aria-required=\"true\" aria-invalid=\"false\" value=\"\" type=\"text\" name=\"your-subject\" \/><\/span> <\/label>\n\t<\/p>\n\t<p><label> Votre message<br \/>\n<span class=\"wpcf7-form-control-wrap\" data-name=\"your-message\"><textarea cols=\"40\" rows=\"10\" maxlength=\"2000\" class=\"wpcf7-form-control wpcf7-textarea\" aria-invalid=\"false\" name=\"your-message\"><\/textarea><\/span> <\/label>\n\t<\/p>\n\t<div style=\"font-color:gray;font-size:0.8em;font-style:italic\">\n\t\t<p><sup>*<\/sup> = champ obligatoire\n\t\t<\/p>\n\t\t<div style=\"text-align:center;\">\n\t\t\t<p><input class=\"wpcf7-form-control wpcf7-submit has-spinner\" type=\"submit\" value=\"Envoyer\" \/>\n\t\t\t<\/p>\n\t\t<\/div>\n\t<\/div>\n<\/div><p style=\"display: none !important;\" class=\"akismet-fields-container\" data-prefix=\"_wpcf7_ak_\"><label>&#916;<textarea name=\"_wpcf7_ak_hp_textarea\" cols=\"45\" rows=\"8\" maxlength=\"100\"><\/textarea><\/label><input type=\"hidden\" id=\"ak_js_1\" name=\"_wpcf7_ak_js\" value=\"57\"\/><script>document.getElementById( \"ak_js_1\" ).setAttribute( \"value\", ( new Date() ).getTime() );<\/script><\/p><div class=\"wpcf7-response-output\" aria-hidden=\"true\"><\/div>\n<\/form>\n<\/div>\n\n","protected":false},"excerpt":{"rendered":"<p>Une question ?\u00a0Une remarque ?\u00a0Une demande ? Contactez-nous !<\/p>\n","protected":false},"author":1063,"featured_media":0,"parent":29,"menu_order":0,"comment_status":"closed","ping_status":"closed","template":"","meta":{"footnotes":""},"class_list":["post-60","page","type-page","status-publish","czr-hentry"],"yoast_head":"<!-- This site is optimized with the Yoast SEO plugin v26.4 - https:\/\/yoast.com\/wordpress\/plugins\/seo\/ -->\n<title>Contacter l&#039;\u00e9cole de m\u00e9catronique - CFPT M\u00e9catronique industrielle<\/title>\n<meta name=\"robots\" content=\"index, follow, max-snippet:-1, max-image-preview:large, max-video-preview:-1\" \/>\n<link rel=\"canonical\" href=\"https:\/\/edurec.ge.ch\/site\/cfpt-mecatronique-industrielle\/lecole-de-mecatronique\/contacter-lecole-de-mecatronique\/\" \/>\n<meta property=\"og:locale\" content=\"fr_FR\" \/>\n<meta property=\"og:type\" content=\"article\" \/>\n<meta property=\"og:title\" content=\"Contacter l&#039;\u00e9cole de m\u00e9catronique - CFPT M\u00e9catronique industrielle\" \/>\n<meta property=\"og:description\" content=\"Une question ?\u00a0Une remarque ?\u00a0Une demande ? Contactez-nous !\" \/>\n<meta property=\"og:url\" content=\"https:\/\/edurec.ge.ch\/site\/cfpt-mecatronique-industrielle\/lecole-de-mecatronique\/contacter-lecole-de-mecatronique\/\" \/>\n<meta property=\"og:site_name\" content=\"CFPT M\u00e9catronique industrielle\" \/>\n<meta property=\"article:modified_time\" content=\"2017-01-09T11:05:48+00:00\" \/>\n<meta name=\"twitter:card\" content=\"summary_large_image\" \/>\n<script type=\"application\/ld+json\" class=\"yoast-schema-graph\">{\"@context\":\"https:\/\/schema.org\",\"@graph\":[{\"@type\":\"WebPage\",\"@id\":\"https:\/\/edurec.ge.ch\/site\/cfpt-mecatronique-industrielle\/lecole-de-mecatronique\/contacter-lecole-de-mecatronique\/\",\"url\":\"https:\/\/edurec.ge.ch\/site\/cfpt-mecatronique-industrielle\/lecole-de-mecatronique\/contacter-lecole-de-mecatronique\/\",\"name\":\"Contacter l'\u00e9cole de m\u00e9catronique - CFPT M\u00e9catronique industrielle\",\"isPartOf\":{\"@id\":\"https:\/\/edurec.ge.ch\/site\/cfpt-mecatronique-industrielle\/#website\"},\"datePublished\":\"2017-01-09T11:05:22+00:00\",\"dateModified\":\"2017-01-09T11:05:48+00:00\",\"breadcrumb\":{\"@id\":\"https:\/\/edurec.ge.ch\/site\/cfpt-mecatronique-industrielle\/lecole-de-mecatronique\/contacter-lecole-de-mecatronique\/#breadcrumb\"},\"inLanguage\":\"fr-FR\",\"potentialAction\":[{\"@type\":\"ReadAction\",\"target\":[\"https:\/\/edurec.ge.ch\/site\/cfpt-mecatronique-industrielle\/lecole-de-mecatronique\/contacter-lecole-de-mecatronique\/\"]}]},{\"@type\":\"BreadcrumbList\",\"@id\":\"https:\/\/edurec.ge.ch\/site\/cfpt-mecatronique-industrielle\/lecole-de-mecatronique\/contacter-lecole-de-mecatronique\/#breadcrumb\",\"itemListElement\":[{\"@type\":\"ListItem\",\"position\":1,\"name\":\"Accueil\",\"item\":\"https:\/\/edurec.ge.ch\/site\/cfpt-mecatronique-industrielle\/\"},{\"@type\":\"ListItem\",\"position\":2,\"name\":\"L&rsquo;\u00e9cole de M\u00e9catronique\",\"item\":\"https:\/\/edurec.ge.ch\/site\/cfpt-mecatronique-industrielle\/lecole-de-mecatronique\/\"},{\"@type\":\"ListItem\",\"position\":3,\"name\":\"Contacter l&rsquo;\u00e9cole de m\u00e9catronique\"}]},{\"@type\":\"WebSite\",\"@id\":\"https:\/\/edurec.ge.ch\/site\/cfpt-mecatronique-industrielle\/#website\",\"url\":\"https:\/\/edurec.ge.ch\/site\/cfpt-mecatronique-industrielle\/\",\"name\":\"CFPT M\u00e9catronique industrielle\",\"description\":\"CFPT M\u00e9catronique industrielle\",\"potentialAction\":[{\"@type\":\"SearchAction\",\"target\":{\"@type\":\"EntryPoint\",\"urlTemplate\":\"https:\/\/edurec.ge.ch\/site\/cfpt-mecatronique-industrielle\/?s={search_term_string}\"},\"query-input\":{\"@type\":\"PropertyValueSpecification\",\"valueRequired\":true,\"valueName\":\"search_term_string\"}}],\"inLanguage\":\"fr-FR\"}]}<\/script>\n<!-- \/ Yoast SEO plugin. -->","yoast_head_json":{"title":"Contacter l'\u00e9cole de m\u00e9catronique - CFPT M\u00e9catronique industrielle","robots":{"index":"index","follow":"follow","max-snippet":"max-snippet:-1","max-image-preview":"max-image-preview:large","max-video-preview":"max-video-preview:-1"},"canonical":"https:\/\/edurec.ge.ch\/site\/cfpt-mecatronique-industrielle\/lecole-de-mecatronique\/contacter-lecole-de-mecatronique\/","og_locale":"fr_FR","og_type":"article","og_title":"Contacter l'\u00e9cole de m\u00e9catronique - CFPT M\u00e9catronique industrielle","og_description":"Une question ?\u00a0Une remarque ?\u00a0Une demande ? Contactez-nous !","og_url":"https:\/\/edurec.ge.ch\/site\/cfpt-mecatronique-industrielle\/lecole-de-mecatronique\/contacter-lecole-de-mecatronique\/","og_site_name":"CFPT M\u00e9catronique industrielle","article_modified_time":"2017-01-09T11:05:48+00:00","twitter_card":"summary_large_image","schema":{"@context":"https:\/\/schema.org","@graph":[{"@type":"WebPage","@id":"https:\/\/edurec.ge.ch\/site\/cfpt-mecatronique-industrielle\/lecole-de-mecatronique\/contacter-lecole-de-mecatronique\/","url":"https:\/\/edurec.ge.ch\/site\/cfpt-mecatronique-industrielle\/lecole-de-mecatronique\/contacter-lecole-de-mecatronique\/","name":"Contacter l'\u00e9cole de m\u00e9catronique - CFPT M\u00e9catronique industrielle","isPartOf":{"@id":"https:\/\/edurec.ge.ch\/site\/cfpt-mecatronique-industrielle\/#website"},"datePublished":"2017-01-09T11:05:22+00:00","dateModified":"2017-01-09T11:05:48+00:00","breadcrumb":{"@id":"https:\/\/edurec.ge.ch\/site\/cfpt-mecatronique-industrielle\/lecole-de-mecatronique\/contacter-lecole-de-mecatronique\/#breadcrumb"},"inLanguage":"fr-FR","potentialAction":[{"@type":"ReadAction","target":["https:\/\/edurec.ge.ch\/site\/cfpt-mecatronique-industrielle\/lecole-de-mecatronique\/contacter-lecole-de-mecatronique\/"]}]},{"@type":"BreadcrumbList","@id":"https:\/\/edurec.ge.ch\/site\/cfpt-mecatronique-industrielle\/lecole-de-mecatronique\/contacter-lecole-de-mecatronique\/#breadcrumb","itemListElement":[{"@type":"ListItem","position":1,"name":"Accueil","item":"https:\/\/edurec.ge.ch\/site\/cfpt-mecatronique-industrielle\/"},{"@type":"ListItem","position":2,"name":"L&rsquo;\u00e9cole de M\u00e9catronique","item":"https:\/\/edurec.ge.ch\/site\/cfpt-mecatronique-industrielle\/lecole-de-mecatronique\/"},{"@type":"ListItem","position":3,"name":"Contacter l&rsquo;\u00e9cole de m\u00e9catronique"}]},{"@type":"WebSite","@id":"https:\/\/edurec.ge.ch\/site\/cfpt-mecatronique-industrielle\/#website","url":"https:\/\/edurec.ge.ch\/site\/cfpt-mecatronique-industrielle\/","name":"CFPT M\u00e9catronique industrielle","description":"CFPT M\u00e9catronique industrielle","potentialAction":[{"@type":"SearchAction","target":{"@type":"EntryPoint","urlTemplate":"https:\/\/edurec.ge.ch\/site\/cfpt-mecatronique-industrielle\/?s={search_term_string}"},"query-input":{"@type":"PropertyValueSpecification","valueRequired":true,"valueName":"search_term_string"}}],"inLanguage":"fr-FR"}]}},"_links":{"self":[{"href":"https:\/\/edurec.ge.ch\/site\/cfpt-mecatronique-industrielle\/wp-json\/wp\/v2\/pages\/60","targetHints":{"allow":["GET"]}}],"collection":[{"href":"https:\/\/edurec.ge.ch\/site\/cfpt-mecatronique-industrielle\/wp-json\/wp\/v2\/pages"}],"about":[{"href":"https:\/\/edurec.ge.ch\/site\/cfpt-mecatronique-industrielle\/wp-json\/wp\/v2\/types\/page"}],"author":[{"embeddable":true,"href":"https:\/\/edurec.ge.ch\/site\/cfpt-mecatronique-industrielle\/wp-json\/wp\/v2\/users\/1063"}],"replies":[{"embeddable":true,"href":"https:\/\/edurec.ge.ch\/site\/cfpt-mecatronique-industrielle\/wp-json\/wp\/v2\/comments?post=60"}],"version-history":[{"count":3,"href":"https:\/\/edurec.ge.ch\/site\/cfpt-mecatronique-industrielle\/wp-json\/wp\/v2\/pages\/60\/revisions"}],"predecessor-version":[{"id":63,"href":"https:\/\/edurec.ge.ch\/site\/cfpt-mecatronique-industrielle\/wp-json\/wp\/v2\/pages\/60\/revisions\/63"}],"up":[{"embeddable":true,"href":"https:\/\/edurec.ge.ch\/site\/cfpt-mecatronique-industrielle\/wp-json\/wp\/v2\/pages\/29"}],"wp:attachment":[{"href":"https:\/\/edurec.ge.ch\/site\/cfpt-mecatronique-industrielle\/wp-json\/wp\/v2\/media?parent=60"}],"curies":[{"name":"wp","href":"https:\/\/api.w.org\/{rel}","templated":true}]}}