{"id":529,"date":"2018-05-18T12:12:33","date_gmt":"2018-05-18T11:12:33","guid":{"rendered":"https:\/\/edurec.ge.ch\/site\/cfpt-mecatronique-industrielle\/?page_id=529"},"modified":"2022-10-20T15:50:15","modified_gmt":"2022-10-20T14:50:15","slug":"mecanicien-de-production-cfc","status":"publish","type":"page","link":"https:\/\/edurec.ge.ch\/site\/cfpt-mecatronique-industrielle\/mecanicien-de-production-cfc\/","title":{"rendered":"M\u00e9canicien de production \/ M\u00e9canicienne de production"},"content":{"rendered":"<h2><\/h2>\n<p><strong><span style=\"color: #800080\">Description<\/span><\/strong><\/p>\n<p>Le m\u00e9canicien ou la m\u00e9canicienne de production effectuent des travaux de construction de machines et de fa\u00e7onnage de m\u00e9taux. Ils usinent des pi\u00e8ces de haute pr\u00e9cision, uniques ou en grandes s\u00e9ries (vis, \u00e9crous, axes, tiges, etc.) et assemblent toutes sortes d\u2019\u00e9l\u00e9ments et d\u2019appareils m\u00e9caniques, tout en assurant la maintenance des installations de fabrication et de production. La nature de leur travail d\u00e9pend de la sp\u00e9cialit\u00e9 et de la taille de l\u2019entreprise qui les emploie.<\/p>\n<p>Leurs principales activit\u00e9s consistent \u00e0 :<\/p>\n<p><strong><span style=\"color: #800080\">Fabrication m\u00e9canique<\/span><\/strong><\/p>\n<ul>\n<li>\u00a0lire et interpr\u00e9ter les dessins techniques (cotes et exigences requises pour la fabrication);<\/li>\n<li>\u00a0pr\u00e9parer les mat\u00e9riaux, les produits semi-fabriqu\u00e9s, les composants et les produits auxiliaires;<\/li>\n<li>\u00a0r\u00e9gler et mettre en train les machines, les dispositifs et les installations; entretenir les outils;<\/li>\n<li>contr\u00f4ler la dimension des \u00e9l\u00e9ments fabriqu\u00e9s et leur qualit\u00e9<\/li>\n<\/ul>\n<p><strong><span style=\"color: #800080\">Technique sur m\u00e9tal<\/span><\/strong><\/p>\n<ul>\n<li>pr\u00e9parer les t\u00f4les et les barres de m\u00e9tal n\u00e9cessaires;<\/li>\n<li>tracer les rep\u00e8res;<\/li>\n<li>percer, plier, estamper, cisailler, etc.;<\/li>\n<li>assembler les \u00e9l\u00e9ments par vissage, boulonnage, soudage, brasage ou rivetage;<\/li>\n<li>transformer la mati\u00e8re sans enlever les copeaux (presser, \u00e9tirer, repousser, laminer, etc.);<\/li>\n<\/ul>\n<p><strong><span style=\"color: #800080\">D\u00e9colletage<\/span><\/strong><\/p>\n<ul>\n<li>fa\u00e7onner, aff\u00fbter, monter et r\u00e9gler les outils de coupe;<\/li>\n<li>mettre en train les machines, les alimenter en barres de m\u00e9tal;<\/li>\n<li>fabriquer des pi\u00e8ces sur des tours automatiques et surveiller des groupes de machines;<\/li>\n<li>contr\u00f4ler la conformit\u00e9 des pi\u00e8ces usin\u00e9es et participer au processus de qualit\u00e9;<\/li>\n<\/ul>\n<p><strong><span style=\"color: #800080\">Technique de montage<\/span><\/strong><\/p>\n<ul>\n<li>assembler des groupes de constructions, des machines, des appareils et des dispositifs, \u00e0 partir de pi\u00e8ces et d\u2019\u00e9l\u00e9ments normalis\u00e9s;<\/li>\n<li>utiliser des dispositifs de montage, des appareils de levage et de transport;<\/li>\n<li>r\u00e9diger des rapports de montage;<\/li>\n<\/ul>\n<p><strong><span style=\"color: #800080\">Service de maintenance<\/span><\/strong><\/p>\n<ul>\n<li>d\u00e9monter et monter des machines et des installations pour pr\u00e9venir l\u2019usure;<\/li>\n<li>r\u00e9parer les dommages survenus aux appareils de production; remplacer les \u00e9l\u00e9ments d\u00e9fectueux;<\/li>\n<li>surveiller les conditions de fonctionnement des machines et installations.<\/li>\n<\/ul>\n<p><strong><span style=\"color: #800080\">Environnement de travail<\/span><\/strong><br \/>\nLes m\u00e9caniciens de production travaillent dans les ateliers de production de petites et moyennes entreprises de l\u2019industrie des machines. Ils sont souvent sp\u00e9cialis\u00e9s dans un type de fabrication et doivent s\u2019adapter \u00e0 l\u2019\u00e9volution technologique. Ils collaborent avec des praticiens en m\u00e9canique, des polym\u00e9caniciens, des microm\u00e9caniciens, des automaticiens, des \u00e9lectroniciens et des techniciens.<\/p>\n<p><strong><span style=\"color: #800080\">Formation<\/span><\/strong><br \/>\nLa formation de m\u00e9canicien ou de m\u00e9canicienne de production s\u2019acquiert par un apprentissage en entreprise ou en \u00e9cole \u00e0 plein temps.<\/p>\n<p><span style=\"color: #800080\"><strong>Lieux :<br \/>\n<\/strong><\/span><\/p>\n<p><strong><span style=\"color: #800080\">En entreprise<\/span><\/strong><br \/>\nFormation pratique (3 \u00e0 4 jours par semaine) dans une entreprise;<br \/>\nFormation th\u00e9orique (1 \u00e0 2 jours par semaine) \u00e0 l\u2019\u00e9cole professionnelle;<br \/>\nCours interentreprises (44 jours sur 3 ans).<\/p>\n<p><strong><span style=\"color: #800080\">En \u00e9cole \u00e0 plein temps<\/span><\/strong><\/p>\n<p>Th\u00e9orie et pratique \u00e0 Gen\u00e8ve<\/p>\n<p><strong><span style=\"color: #800080\">Dur\u00e9e<\/span><\/strong><br \/>\n3 ans.<\/p>\n<p><span style=\"color: #800080\"><strong>Conditions d\u2019admission<\/strong><\/span><\/p>\n<p>Scolarit\u00e9 obligatoire achev\u00e9e;<br \/>\nCertaines entreprises ou \u00e9coles recourent \u00e0 un examen d\u2019admission.<\/p>\n<p><strong><span style=\"color: #800080\">Titre obtenu<\/span><\/strong><\/p>\n<p>Certificat f\u00e9d\u00e9ral de capacit\u00e9 (CFC) de m\u00e9canicien ou de m\u00e9canicienne de production.<br \/>\nPossibilit\u00e9 d\u2019obtenir une maturit\u00e9 professionnelle, pendant l\u2019apprentissage ou apr\u00e8s l\u2019obtention du CFC, selon des modalit\u00e9s variables d\u2019un canton \u00e0 l\u2019autre.<\/p>\n<p>Pour plus de d\u00e9tails, consulter www.orientation.ch\/perfectionnement.<\/p>\n<p>&nbsp;<\/p>\n<div id=\"texte_bordure\" class=\"clear-block\">\n<div class=\"region region-content\">\n<div id=\"block124\" class=\"pblock\">\n<div class=\"contenu_bloc\">\n<div class=\"panel-display panel-1col clearfix\">\n<div class=\"panel-panel panel-col\">\n<div>\n<div class=\"panel-pane pane-entity-field pane-node-body content-opened\"><\/div>\n<div class=\"panel-separator\"><\/div>\n<div class=\"panel-pane pane-entity-field pane-node-field-prof-education content-opened\">\n<h2 class=\"pane-title\"><span style=\"color: #800080\">\u00a0<\/span><\/h2>\n<div class=\"pane-content content-collapsed content-opened\"><\/div>\n<\/div>\n<div class=\"panel-pane pane-entity-field pane-node-field-prof-perspective content-opened\"><\/div>\n<\/div>\n<\/div>\n<\/div>\n<\/div>\n<\/div>\n<\/div>\n<\/div>\n","protected":false},"excerpt":{"rendered":"<p>Description Le m\u00e9canicien ou la m\u00e9canicienne de production effectuent des travaux de construction de machines et de fa\u00e7onnage de m\u00e9taux. Ils usinent des pi\u00e8ces de haute pr\u00e9cision, uniques ou en grandes s\u00e9ries (vis, \u00e9crous, axes, tiges, etc.) et assemblent toutes sortes d\u2019\u00e9l\u00e9ments et d\u2019appareils m\u00e9caniques, tout en assurant la maintenance des installations de fabrication et [&hellip;]<\/p>\n","protected":false},"author":2186,"featured_media":0,"parent":0,"menu_order":0,"comment_status":"closed","ping_status":"closed","template":"","meta":{"footnotes":""},"class_list":["post-529","page","type-page","status-publish","czr-hentry"],"yoast_head":"<!-- This site is optimized with the Yoast SEO plugin v26.4 - https:\/\/yoast.com\/wordpress\/plugins\/seo\/ -->\n<title>M\u00e9canicien de production \/ M\u00e9canicienne de production - CFPT M\u00e9catronique industrielle<\/title>\n<meta name=\"robots\" content=\"index, follow, max-snippet:-1, max-image-preview:large, max-video-preview:-1\" \/>\n<link rel=\"canonical\" href=\"https:\/\/edurec.ge.ch\/site\/cfpt-mecatronique-industrielle\/mecanicien-de-production-cfc\/\" \/>\n<meta property=\"og:locale\" content=\"fr_FR\" \/>\n<meta property=\"og:type\" content=\"article\" \/>\n<meta property=\"og:title\" content=\"M\u00e9canicien de production \/ M\u00e9canicienne de production - CFPT M\u00e9catronique industrielle\" \/>\n<meta property=\"og:description\" content=\"Description Le m\u00e9canicien ou la m\u00e9canicienne de production effectuent des travaux de construction de machines et de fa\u00e7onnage de m\u00e9taux. Ils usinent des pi\u00e8ces de haute pr\u00e9cision, uniques ou en grandes s\u00e9ries (vis, \u00e9crous, axes, tiges, etc.) et assemblent toutes sortes d\u2019\u00e9l\u00e9ments et d\u2019appareils m\u00e9caniques, tout en assurant la maintenance des installations de fabrication et [&hellip;]\" \/>\n<meta property=\"og:url\" content=\"https:\/\/edurec.ge.ch\/site\/cfpt-mecatronique-industrielle\/mecanicien-de-production-cfc\/\" \/>\n<meta property=\"og:site_name\" content=\"CFPT M\u00e9catronique industrielle\" \/>\n<meta property=\"article:modified_time\" content=\"2022-10-20T14:50:15+00:00\" \/>\n<meta name=\"twitter:card\" content=\"summary_large_image\" \/>\n<meta name=\"twitter:label1\" content=\"Dur\u00e9e de lecture estim\u00e9e\" \/>\n\t<meta name=\"twitter:data1\" content=\"3 minutes\" \/>\n<script type=\"application\/ld+json\" class=\"yoast-schema-graph\">{\"@context\":\"https:\/\/schema.org\",\"@graph\":[{\"@type\":\"WebPage\",\"@id\":\"https:\/\/edurec.ge.ch\/site\/cfpt-mecatronique-industrielle\/mecanicien-de-production-cfc\/\",\"url\":\"https:\/\/edurec.ge.ch\/site\/cfpt-mecatronique-industrielle\/mecanicien-de-production-cfc\/\",\"name\":\"M\u00e9canicien de production \/ M\u00e9canicienne de production - CFPT M\u00e9catronique industrielle\",\"isPartOf\":{\"@id\":\"https:\/\/edurec.ge.ch\/site\/cfpt-mecatronique-industrielle\/#website\"},\"datePublished\":\"2018-05-18T11:12:33+00:00\",\"dateModified\":\"2022-10-20T14:50:15+00:00\",\"breadcrumb\":{\"@id\":\"https:\/\/edurec.ge.ch\/site\/cfpt-mecatronique-industrielle\/mecanicien-de-production-cfc\/#breadcrumb\"},\"inLanguage\":\"fr-FR\",\"potentialAction\":[{\"@type\":\"ReadAction\",\"target\":[\"https:\/\/edurec.ge.ch\/site\/cfpt-mecatronique-industrielle\/mecanicien-de-production-cfc\/\"]}]},{\"@type\":\"BreadcrumbList\",\"@id\":\"https:\/\/edurec.ge.ch\/site\/cfpt-mecatronique-industrielle\/mecanicien-de-production-cfc\/#breadcrumb\",\"itemListElement\":[{\"@type\":\"ListItem\",\"position\":1,\"name\":\"Accueil\",\"item\":\"https:\/\/edurec.ge.ch\/site\/cfpt-mecatronique-industrielle\/\"},{\"@type\":\"ListItem\",\"position\":2,\"name\":\"M\u00e9canicien de production \/ M\u00e9canicienne de production\"}]},{\"@type\":\"WebSite\",\"@id\":\"https:\/\/edurec.ge.ch\/site\/cfpt-mecatronique-industrielle\/#website\",\"url\":\"https:\/\/edurec.ge.ch\/site\/cfpt-mecatronique-industrielle\/\",\"name\":\"CFPT M\u00e9catronique industrielle\",\"description\":\"CFPT M\u00e9catronique industrielle\",\"potentialAction\":[{\"@type\":\"SearchAction\",\"target\":{\"@type\":\"EntryPoint\",\"urlTemplate\":\"https:\/\/edurec.ge.ch\/site\/cfpt-mecatronique-industrielle\/?s={search_term_string}\"},\"query-input\":{\"@type\":\"PropertyValueSpecification\",\"valueRequired\":true,\"valueName\":\"search_term_string\"}}],\"inLanguage\":\"fr-FR\"}]}<\/script>\n<!-- \/ Yoast SEO plugin. -->","yoast_head_json":{"title":"M\u00e9canicien de production \/ M\u00e9canicienne de production - CFPT M\u00e9catronique industrielle","robots":{"index":"index","follow":"follow","max-snippet":"max-snippet:-1","max-image-preview":"max-image-preview:large","max-video-preview":"max-video-preview:-1"},"canonical":"https:\/\/edurec.ge.ch\/site\/cfpt-mecatronique-industrielle\/mecanicien-de-production-cfc\/","og_locale":"fr_FR","og_type":"article","og_title":"M\u00e9canicien de production \/ M\u00e9canicienne de production - CFPT M\u00e9catronique industrielle","og_description":"Description Le m\u00e9canicien ou la m\u00e9canicienne de production effectuent des travaux de construction de machines et de fa\u00e7onnage de m\u00e9taux. Ils usinent des pi\u00e8ces de haute pr\u00e9cision, uniques ou en grandes s\u00e9ries (vis, \u00e9crous, axes, tiges, etc.) et assemblent toutes sortes d\u2019\u00e9l\u00e9ments et d\u2019appareils m\u00e9caniques, tout en assurant la maintenance des installations de fabrication et [&hellip;]","og_url":"https:\/\/edurec.ge.ch\/site\/cfpt-mecatronique-industrielle\/mecanicien-de-production-cfc\/","og_site_name":"CFPT M\u00e9catronique industrielle","article_modified_time":"2022-10-20T14:50:15+00:00","twitter_card":"summary_large_image","twitter_misc":{"Dur\u00e9e de lecture estim\u00e9e":"3 minutes"},"schema":{"@context":"https:\/\/schema.org","@graph":[{"@type":"WebPage","@id":"https:\/\/edurec.ge.ch\/site\/cfpt-mecatronique-industrielle\/mecanicien-de-production-cfc\/","url":"https:\/\/edurec.ge.ch\/site\/cfpt-mecatronique-industrielle\/mecanicien-de-production-cfc\/","name":"M\u00e9canicien de production \/ M\u00e9canicienne de production - CFPT M\u00e9catronique industrielle","isPartOf":{"@id":"https:\/\/edurec.ge.ch\/site\/cfpt-mecatronique-industrielle\/#website"},"datePublished":"2018-05-18T11:12:33+00:00","dateModified":"2022-10-20T14:50:15+00:00","breadcrumb":{"@id":"https:\/\/edurec.ge.ch\/site\/cfpt-mecatronique-industrielle\/mecanicien-de-production-cfc\/#breadcrumb"},"inLanguage":"fr-FR","potentialAction":[{"@type":"ReadAction","target":["https:\/\/edurec.ge.ch\/site\/cfpt-mecatronique-industrielle\/mecanicien-de-production-cfc\/"]}]},{"@type":"BreadcrumbList","@id":"https:\/\/edurec.ge.ch\/site\/cfpt-mecatronique-industrielle\/mecanicien-de-production-cfc\/#breadcrumb","itemListElement":[{"@type":"ListItem","position":1,"name":"Accueil","item":"https:\/\/edurec.ge.ch\/site\/cfpt-mecatronique-industrielle\/"},{"@type":"ListItem","position":2,"name":"M\u00e9canicien de production \/ M\u00e9canicienne de production"}]},{"@type":"WebSite","@id":"https:\/\/edurec.ge.ch\/site\/cfpt-mecatronique-industrielle\/#website","url":"https:\/\/edurec.ge.ch\/site\/cfpt-mecatronique-industrielle\/","name":"CFPT M\u00e9catronique industrielle","description":"CFPT M\u00e9catronique industrielle","potentialAction":[{"@type":"SearchAction","target":{"@type":"EntryPoint","urlTemplate":"https:\/\/edurec.ge.ch\/site\/cfpt-mecatronique-industrielle\/?s={search_term_string}"},"query-input":{"@type":"PropertyValueSpecification","valueRequired":true,"valueName":"search_term_string"}}],"inLanguage":"fr-FR"}]}},"_links":{"self":[{"href":"https:\/\/edurec.ge.ch\/site\/cfpt-mecatronique-industrielle\/wp-json\/wp\/v2\/pages\/529","targetHints":{"allow":["GET"]}}],"collection":[{"href":"https:\/\/edurec.ge.ch\/site\/cfpt-mecatronique-industrielle\/wp-json\/wp\/v2\/pages"}],"about":[{"href":"https:\/\/edurec.ge.ch\/site\/cfpt-mecatronique-industrielle\/wp-json\/wp\/v2\/types\/page"}],"author":[{"embeddable":true,"href":"https:\/\/edurec.ge.ch\/site\/cfpt-mecatronique-industrielle\/wp-json\/wp\/v2\/users\/2186"}],"replies":[{"embeddable":true,"href":"https:\/\/edurec.ge.ch\/site\/cfpt-mecatronique-industrielle\/wp-json\/wp\/v2\/comments?post=529"}],"version-history":[{"count":11,"href":"https:\/\/edurec.ge.ch\/site\/cfpt-mecatronique-industrielle\/wp-json\/wp\/v2\/pages\/529\/revisions"}],"predecessor-version":[{"id":1255,"href":"https:\/\/edurec.ge.ch\/site\/cfpt-mecatronique-industrielle\/wp-json\/wp\/v2\/pages\/529\/revisions\/1255"}],"wp:attachment":[{"href":"https:\/\/edurec.ge.ch\/site\/cfpt-mecatronique-industrielle\/wp-json\/wp\/v2\/media?parent=529"}],"curies":[{"name":"wp","href":"https:\/\/api.w.org\/{rel}","templated":true}]}}