{"id":29,"date":"2017-01-09T11:09:58","date_gmt":"2017-01-09T10:09:58","guid":{"rendered":"https:\/\/edurec.ge.ch\/site\/cfpt-mecatronique-industrielle\/?page_id=29"},"modified":"2018-05-31T14:22:45","modified_gmt":"2018-05-31T13:22:45","slug":"lecole-de-mecatronique","status":"publish","type":"page","link":"https:\/\/edurec.ge.ch\/site\/cfpt-mecatronique-industrielle\/lecole-de-mecatronique\/","title":{"rendered":"L&rsquo;\u00e9cole de M\u00e9catronique"},"content":{"rendered":"<div id=\"pl-29\"  class=\"panel-layout\" ><div id=\"pg-29-0\"  class=\"panel-grid panel-no-style\" ><div id=\"pgc-29-0-0\"  class=\"panel-grid-cell\" ><div id=\"panel-29-0-0-0\" class=\"so-panel widget widget_sow-editor panel-first-child panel-last-child\" data-index=\"0\" ><div\n\t\t\t\n\t\t\tclass=\"so-widget-sow-editor so-widget-sow-editor-base\"\n\t\t\t\n\t\t>\n<div class=\"siteorigin-widget-tinymce textwidget\">\n\t<h2>Adresse<\/h2>\n<p>CFPT<br \/> Secr\u00e9tariat de l'Ecole de M\u00e9catronique Industrielle<\/p>\n<p>Avenue Louis-Bertrand 38<br \/>1213 Petit-Lancy<\/p>\n<p>t\u00e9l. +41 22 388 88 01\u00a0- fax. +41 22 546 97\u00a039<\/p>\n<p>mail : cfpt.mecatronique@edurec.ge.ch<\/p>\n<h3>Horaire de la r\u00e9ception :<\/h3>\n<p>Du lundi au vendredi, de 7h30 \u00e0 12h00 et de 13h00 \u00e0 16h00.<\/p>\n<p><em>(1er \u00e9tage)<\/em><\/p>\n<\/div>\n<\/div><\/div><\/div><div id=\"pgc-29-0-1\"  class=\"panel-grid-cell\" ><div id=\"panel-29-0-1-0\" class=\"so-panel widget widget_sow-image panel-first-child panel-last-child\" data-index=\"1\" ><div\n\t\t\t\n\t\t\tclass=\"so-widget-sow-image so-widget-sow-image-default-c67d20f9f743-29\"\n\t\t\t\n\t\t>\n<div class=\"sow-image-container\">\n\t\t<img \n\tsrc=\"https:\/\/edurec.ge.ch\/site\/cfpt-mecatronique-industrielle\/wp-content\/uploads\/sites\/116\/2018\/05\/IMG_1945-300x225.jpg\" width=\"300\" height=\"225\" srcset=\"https:\/\/edurec.ge.ch\/site\/cfpt-mecatronique-industrielle\/wp-content\/uploads\/sites\/116\/2018\/05\/IMG_1945-300x225.jpg 300w, https:\/\/edurec.ge.ch\/site\/cfpt-mecatronique-industrielle\/wp-content\/uploads\/sites\/116\/2018\/05\/IMG_1945.jpg 640w\" sizes=\"(max-width: 300px) 100vw, 300px\" alt=\"\" \t\tclass=\"so-widget-image\"\/>\n\t<\/div>\n\n<\/div><\/div><\/div><\/div><div id=\"pg-29-1\"  class=\"panel-grid panel-no-style\" ><div id=\"pgc-29-1-0\"  class=\"panel-grid-cell\" ><div id=\"panel-29-1-0-0\" class=\"so-panel widget widget_sow-editor panel-first-child\" data-index=\"2\" ><div\n\t\t\t\n\t\t\tclass=\"so-widget-sow-editor so-widget-sow-editor-base\"\n\t\t\t\n\t\t>\n<div class=\"siteorigin-widget-tinymce textwidget\">\n\t<p style=\"text-align: center\">Vous pouvez nous contacter directement par email en utilisant ce <a href=\"https:\/\/edurec.ge.ch\/site\/cfpt-mecatronique-industrielle\/lecole-de-mecatronique\/contacter-lecole-de-mecatronique\/\">formulaire<\/a>.<\/p>\n<\/div>\n<\/div><\/div><div id=\"panel-29-1-0-1\" class=\"so-panel widget widget_sow-button panel-last-child\" data-index=\"3\" ><div\n\t\t\t\n\t\t\tclass=\"so-widget-sow-button so-widget-sow-button-atom-857739567c6a-29\"\n\t\t\t\n\t\t><div class=\"ow-button-base ow-button-align-center\"\n>\n\t\t\t<a\n\t\t\t\t\thref=\"https:\/\/edurec.ge.ch\/site\/cfpt-mecatronique-industrielle\/lecole-de-mecatronique\/contacter-lecole-de-mecatronique\/\"\n\t\t\t\t\tclass=\"sowb-button ow-icon-placement-left ow-button-hover\" \t>\n\t\t<span>\n\t\t\t<span class=\"sow-icon-fontawesome sow-fas\" data-sow-icon=\"&#xf0a9;\"\n\t\tstyle=\"\" \n\t\taria-hidden=\"true\"><\/span>\n\t\t\tContacter l'\u00e9cole de m\u00e9catronique\t\t<\/span>\n\t\t\t<\/a>\n\t<\/div>\n<\/div><\/div><\/div><\/div><div id=\"pg-29-2\"  class=\"panel-grid panel-no-style\" ><div id=\"pgc-29-2-0\"  class=\"panel-grid-cell\" ><div id=\"panel-29-2-0-0\" class=\"so-panel widget widget_sow-image panel-first-child panel-last-child\" data-index=\"4\" ><div\n\t\t\t\n\t\t\tclass=\"so-widget-sow-image so-widget-sow-image-default-8b5b6f678277-29\"\n\t\t\t\n\t\t><\/div><\/div><\/div><div id=\"pgc-29-2-1\"  class=\"panel-grid-cell\" ><div id=\"panel-29-2-1-0\" class=\"so-panel widget widget_sow-editor panel-first-child panel-last-child\" data-index=\"5\" ><div\n\t\t\t\n\t\t\tclass=\"so-widget-sow-editor so-widget-sow-editor-base\"\n\t\t\t\n\t\t>\n<div class=\"siteorigin-widget-tinymce textwidget\">\n\t<h2>Vous y rendre<\/h2>\n<p>\u00a0<\/p>\n<h3>Transports publics<\/h3>\n<p>Bus ligne n\u00ba :<br \/>14, 21, K\u00a0ou L\u00a0- arr\u00eat Les Esserts<br \/>21, 22 ou 23\u00a0- arr\u00eat Bossons<\/p>\n<h3>Parkings<\/h3>\n<p>Pas de parking visiteurs - Parkings publics Louis-Bertrand, Avenue du Petit-Lancy 7.<\/p>\n<\/div>\n<\/div><\/div><\/div><\/div><div id=\"pg-29-3\"  class=\"panel-grid panel-no-style\" ><div id=\"pgc-29-3-0\"  class=\"panel-grid-cell\" ><div id=\"panel-29-3-0-0\" class=\"so-panel widget widget_sow-google-map panel-first-child panel-last-child\" data-index=\"6\" ><div\n\t\t\t\n\t\t\tclass=\"so-widget-sow-google-map so-widget-sow-google-map-default-05ebfd8f3122-29\"\n\t\t\t\n\t\t>\n<div class=\"sow-google-map-canvas\"\n\tstyle=\"\"\n\tid=\"map-canvas-971debf47fd2c324489a2e0b43e23f0d\"\n\tdata-options=\"{&quot;address&quot;:&quot;Avenue Louis-Bertrand 38, 1213 Petit-Lancy&quot;,&quot;zoom&quot;:15,&quot;mobileZoom&quot;:15,&quot;gestureHandling&quot;:&quot;greedy&quot;,&quot;disableUi&quot;:false,&quot;markerIcon&quot;:false,&quot;markersDraggable&quot;:false,&quot;markerAtCenter&quot;:true,&quot;markerInfoDisplay&quot;:&quot;click&quot;,&quot;markerInfoMultiple&quot;:true,&quot;markerPositions&quot;:false,&quot;mapName&quot;:false,&quot;mapStyles&quot;:false,&quot;directions&quot;:&quot;&quot;,&quot;apiKey&quot;:&quot;&quot;,&quot;breakpoint&quot;:&quot;780&quot;,&quot;id&quot;:&quot;6a0a16&quot;}\"\n\tdata-fallback-image=\"{&quot;img&quot;:&quot;&quot;}\"><\/div>\n<\/div><\/div><\/div><\/div><\/div>","protected":false},"excerpt":{"rendered":"<p>Adresse CFPT Secr\u00e9tariat de l&rsquo;Ecole de M\u00e9catronique Industrielle Avenue Louis-Bertrand 381213 Petit-Lancy t\u00e9l. +41 22 388 88 01\u00a0&#8211; fax. +41 22 546 97\u00a039 mail : cfpt.mecatronique@edurec.ge.ch Horaire de la r\u00e9ception : Du lundi au vendredi, de 7h30 \u00e0 12h00 et de 13h00 \u00e0 16h00. (1er \u00e9tage) Vous pouvez nous contacter directement par email en utilisant [&hellip;]<\/p>\n","protected":false},"author":1063,"featured_media":584,"parent":0,"menu_order":0,"comment_status":"closed","ping_status":"closed","template":"","meta":{"footnotes":""},"class_list":["post-29","page","type-page","status-publish","has-post-thumbnail","czr-hentry"],"yoast_head":"<!-- This site is optimized with the Yoast SEO plugin v26.4 - https:\/\/yoast.com\/wordpress\/plugins\/seo\/ -->\n<title>L&#039;\u00e9cole de M\u00e9catronique - CFPT M\u00e9catronique industrielle<\/title>\n<meta name=\"robots\" content=\"index, follow, max-snippet:-1, max-image-preview:large, max-video-preview:-1\" \/>\n<link rel=\"canonical\" href=\"https:\/\/edurec.ge.ch\/site\/cfpt-mecatronique-industrielle\/lecole-de-mecatronique\/\" \/>\n<meta property=\"og:locale\" content=\"fr_FR\" \/>\n<meta property=\"og:type\" content=\"article\" \/>\n<meta property=\"og:title\" content=\"L&#039;\u00e9cole de M\u00e9catronique - CFPT M\u00e9catronique industrielle\" \/>\n<meta property=\"og:description\" content=\"Adresse CFPT Secr\u00e9tariat de l&#039;Ecole de M\u00e9catronique Industrielle Avenue Louis-Bertrand 381213 Petit-Lancy t\u00e9l. +41 22 388 88 01\u00a0- fax. +41 22 546 97\u00a039 mail : cfpt.mecatronique@edurec.ge.ch Horaire de la r\u00e9ception : Du lundi au vendredi, de 7h30 \u00e0 12h00 et de 13h00 \u00e0 16h00. (1er \u00e9tage) Vous pouvez nous contacter directement par email en utilisant [&hellip;]\" \/>\n<meta property=\"og:url\" content=\"https:\/\/edurec.ge.ch\/site\/cfpt-mecatronique-industrielle\/lecole-de-mecatronique\/\" \/>\n<meta property=\"og:site_name\" content=\"CFPT M\u00e9catronique industrielle\" \/>\n<meta property=\"article:modified_time\" content=\"2018-05-31T13:22:45+00:00\" \/>\n<meta property=\"og:image\" content=\"https:\/\/edurec.ge.ch\/site\/cfpt-mecatronique-industrielle\/wp-content\/uploads\/sites\/116\/2018\/05\/IMG_1942.jpg\" \/>\n\t<meta property=\"og:image:width\" content=\"480\" \/>\n\t<meta property=\"og:image:height\" content=\"640\" \/>\n\t<meta property=\"og:image:type\" content=\"image\/jpeg\" \/>\n<meta name=\"twitter:card\" content=\"summary_large_image\" \/>\n<meta name=\"twitter:label1\" content=\"Dur\u00e9e de lecture estim\u00e9e\" \/>\n\t<meta name=\"twitter:data1\" content=\"1 minute\" \/>\n<script type=\"application\/ld+json\" class=\"yoast-schema-graph\">{\"@context\":\"https:\/\/schema.org\",\"@graph\":[{\"@type\":\"WebPage\",\"@id\":\"https:\/\/edurec.ge.ch\/site\/cfpt-mecatronique-industrielle\/lecole-de-mecatronique\/\",\"url\":\"https:\/\/edurec.ge.ch\/site\/cfpt-mecatronique-industrielle\/lecole-de-mecatronique\/\",\"name\":\"L'\u00e9cole de M\u00e9catronique - CFPT M\u00e9catronique industrielle\",\"isPartOf\":{\"@id\":\"https:\/\/edurec.ge.ch\/site\/cfpt-mecatronique-industrielle\/#website\"},\"primaryImageOfPage\":{\"@id\":\"https:\/\/edurec.ge.ch\/site\/cfpt-mecatronique-industrielle\/lecole-de-mecatronique\/#primaryimage\"},\"image\":{\"@id\":\"https:\/\/edurec.ge.ch\/site\/cfpt-mecatronique-industrielle\/lecole-de-mecatronique\/#primaryimage\"},\"thumbnailUrl\":\"https:\/\/edurec.ge.ch\/site\/cfpt-mecatronique-industrielle\/wp-content\/uploads\/sites\/116\/2018\/05\/IMG_1942.jpg\",\"datePublished\":\"2017-01-09T10:09:58+00:00\",\"dateModified\":\"2018-05-31T13:22:45+00:00\",\"breadcrumb\":{\"@id\":\"https:\/\/edurec.ge.ch\/site\/cfpt-mecatronique-industrielle\/lecole-de-mecatronique\/#breadcrumb\"},\"inLanguage\":\"fr-FR\",\"potentialAction\":[{\"@type\":\"ReadAction\",\"target\":[\"https:\/\/edurec.ge.ch\/site\/cfpt-mecatronique-industrielle\/lecole-de-mecatronique\/\"]}]},{\"@type\":\"ImageObject\",\"inLanguage\":\"fr-FR\",\"@id\":\"https:\/\/edurec.ge.ch\/site\/cfpt-mecatronique-industrielle\/lecole-de-mecatronique\/#primaryimage\",\"url\":\"https:\/\/edurec.ge.ch\/site\/cfpt-mecatronique-industrielle\/wp-content\/uploads\/sites\/116\/2018\/05\/IMG_1942.jpg\",\"contentUrl\":\"https:\/\/edurec.ge.ch\/site\/cfpt-mecatronique-industrielle\/wp-content\/uploads\/sites\/116\/2018\/05\/IMG_1942.jpg\",\"width\":480,\"height\":640},{\"@type\":\"BreadcrumbList\",\"@id\":\"https:\/\/edurec.ge.ch\/site\/cfpt-mecatronique-industrielle\/lecole-de-mecatronique\/#breadcrumb\",\"itemListElement\":[{\"@type\":\"ListItem\",\"position\":1,\"name\":\"Accueil\",\"item\":\"https:\/\/edurec.ge.ch\/site\/cfpt-mecatronique-industrielle\/\"},{\"@type\":\"ListItem\",\"position\":2,\"name\":\"L&rsquo;\u00e9cole de M\u00e9catronique\"}]},{\"@type\":\"WebSite\",\"@id\":\"https:\/\/edurec.ge.ch\/site\/cfpt-mecatronique-industrielle\/#website\",\"url\":\"https:\/\/edurec.ge.ch\/site\/cfpt-mecatronique-industrielle\/\",\"name\":\"CFPT M\u00e9catronique industrielle\",\"description\":\"CFPT M\u00e9catronique industrielle\",\"potentialAction\":[{\"@type\":\"SearchAction\",\"target\":{\"@type\":\"EntryPoint\",\"urlTemplate\":\"https:\/\/edurec.ge.ch\/site\/cfpt-mecatronique-industrielle\/?s={search_term_string}\"},\"query-input\":{\"@type\":\"PropertyValueSpecification\",\"valueRequired\":true,\"valueName\":\"search_term_string\"}}],\"inLanguage\":\"fr-FR\"}]}<\/script>\n<!-- \/ Yoast SEO plugin. -->","yoast_head_json":{"title":"L'\u00e9cole de M\u00e9catronique - CFPT M\u00e9catronique industrielle","robots":{"index":"index","follow":"follow","max-snippet":"max-snippet:-1","max-image-preview":"max-image-preview:large","max-video-preview":"max-video-preview:-1"},"canonical":"https:\/\/edurec.ge.ch\/site\/cfpt-mecatronique-industrielle\/lecole-de-mecatronique\/","og_locale":"fr_FR","og_type":"article","og_title":"L'\u00e9cole de M\u00e9catronique - CFPT M\u00e9catronique industrielle","og_description":"Adresse CFPT Secr\u00e9tariat de l'Ecole de M\u00e9catronique Industrielle Avenue Louis-Bertrand 381213 Petit-Lancy t\u00e9l. +41 22 388 88 01\u00a0- fax. +41 22 546 97\u00a039 mail : cfpt.mecatronique@edurec.ge.ch Horaire de la r\u00e9ception : Du lundi au vendredi, de 7h30 \u00e0 12h00 et de 13h00 \u00e0 16h00. (1er \u00e9tage) Vous pouvez nous contacter directement par email en utilisant [&hellip;]","og_url":"https:\/\/edurec.ge.ch\/site\/cfpt-mecatronique-industrielle\/lecole-de-mecatronique\/","og_site_name":"CFPT M\u00e9catronique industrielle","article_modified_time":"2018-05-31T13:22:45+00:00","og_image":[{"width":480,"height":640,"url":"https:\/\/edurec.ge.ch\/site\/cfpt-mecatronique-industrielle\/wp-content\/uploads\/sites\/116\/2018\/05\/IMG_1942.jpg","type":"image\/jpeg"}],"twitter_card":"summary_large_image","twitter_misc":{"Dur\u00e9e de lecture estim\u00e9e":"1 minute"},"schema":{"@context":"https:\/\/schema.org","@graph":[{"@type":"WebPage","@id":"https:\/\/edurec.ge.ch\/site\/cfpt-mecatronique-industrielle\/lecole-de-mecatronique\/","url":"https:\/\/edurec.ge.ch\/site\/cfpt-mecatronique-industrielle\/lecole-de-mecatronique\/","name":"L'\u00e9cole de M\u00e9catronique - CFPT M\u00e9catronique industrielle","isPartOf":{"@id":"https:\/\/edurec.ge.ch\/site\/cfpt-mecatronique-industrielle\/#website"},"primaryImageOfPage":{"@id":"https:\/\/edurec.ge.ch\/site\/cfpt-mecatronique-industrielle\/lecole-de-mecatronique\/#primaryimage"},"image":{"@id":"https:\/\/edurec.ge.ch\/site\/cfpt-mecatronique-industrielle\/lecole-de-mecatronique\/#primaryimage"},"thumbnailUrl":"https:\/\/edurec.ge.ch\/site\/cfpt-mecatronique-industrielle\/wp-content\/uploads\/sites\/116\/2018\/05\/IMG_1942.jpg","datePublished":"2017-01-09T10:09:58+00:00","dateModified":"2018-05-31T13:22:45+00:00","breadcrumb":{"@id":"https:\/\/edurec.ge.ch\/site\/cfpt-mecatronique-industrielle\/lecole-de-mecatronique\/#breadcrumb"},"inLanguage":"fr-FR","potentialAction":[{"@type":"ReadAction","target":["https:\/\/edurec.ge.ch\/site\/cfpt-mecatronique-industrielle\/lecole-de-mecatronique\/"]}]},{"@type":"ImageObject","inLanguage":"fr-FR","@id":"https:\/\/edurec.ge.ch\/site\/cfpt-mecatronique-industrielle\/lecole-de-mecatronique\/#primaryimage","url":"https:\/\/edurec.ge.ch\/site\/cfpt-mecatronique-industrielle\/wp-content\/uploads\/sites\/116\/2018\/05\/IMG_1942.jpg","contentUrl":"https:\/\/edurec.ge.ch\/site\/cfpt-mecatronique-industrielle\/wp-content\/uploads\/sites\/116\/2018\/05\/IMG_1942.jpg","width":480,"height":640},{"@type":"BreadcrumbList","@id":"https:\/\/edurec.ge.ch\/site\/cfpt-mecatronique-industrielle\/lecole-de-mecatronique\/#breadcrumb","itemListElement":[{"@type":"ListItem","position":1,"name":"Accueil","item":"https:\/\/edurec.ge.ch\/site\/cfpt-mecatronique-industrielle\/"},{"@type":"ListItem","position":2,"name":"L&rsquo;\u00e9cole de M\u00e9catronique"}]},{"@type":"WebSite","@id":"https:\/\/edurec.ge.ch\/site\/cfpt-mecatronique-industrielle\/#website","url":"https:\/\/edurec.ge.ch\/site\/cfpt-mecatronique-industrielle\/","name":"CFPT M\u00e9catronique industrielle","description":"CFPT M\u00e9catronique industrielle","potentialAction":[{"@type":"SearchAction","target":{"@type":"EntryPoint","urlTemplate":"https:\/\/edurec.ge.ch\/site\/cfpt-mecatronique-industrielle\/?s={search_term_string}"},"query-input":{"@type":"PropertyValueSpecification","valueRequired":true,"valueName":"search_term_string"}}],"inLanguage":"fr-FR"}]}},"_links":{"self":[{"href":"https:\/\/edurec.ge.ch\/site\/cfpt-mecatronique-industrielle\/wp-json\/wp\/v2\/pages\/29","targetHints":{"allow":["GET"]}}],"collection":[{"href":"https:\/\/edurec.ge.ch\/site\/cfpt-mecatronique-industrielle\/wp-json\/wp\/v2\/pages"}],"about":[{"href":"https:\/\/edurec.ge.ch\/site\/cfpt-mecatronique-industrielle\/wp-json\/wp\/v2\/types\/page"}],"author":[{"embeddable":true,"href":"https:\/\/edurec.ge.ch\/site\/cfpt-mecatronique-industrielle\/wp-json\/wp\/v2\/users\/1063"}],"replies":[{"embeddable":true,"href":"https:\/\/edurec.ge.ch\/site\/cfpt-mecatronique-industrielle\/wp-json\/wp\/v2\/comments?post=29"}],"version-history":[{"count":26,"href":"https:\/\/edurec.ge.ch\/site\/cfpt-mecatronique-industrielle\/wp-json\/wp\/v2\/pages\/29\/revisions"}],"predecessor-version":[{"id":590,"href":"https:\/\/edurec.ge.ch\/site\/cfpt-mecatronique-industrielle\/wp-json\/wp\/v2\/pages\/29\/revisions\/590"}],"wp:featuredmedia":[{"embeddable":true,"href":"https:\/\/edurec.ge.ch\/site\/cfpt-mecatronique-industrielle\/wp-json\/wp\/v2\/media\/584"}],"wp:attachment":[{"href":"https:\/\/edurec.ge.ch\/site\/cfpt-mecatronique-industrielle\/wp-json\/wp\/v2\/media?parent=29"}],"curies":[{"name":"wp","href":"https:\/\/api.w.org\/{rel}","templated":true}]}}