{"id":1687,"date":"2025-06-30T13:26:58","date_gmt":"2025-06-30T12:26:58","guid":{"rendered":"https:\/\/edurec.ge.ch\/site\/cfpt-mecatronique-industrielle\/?page_id=1687"},"modified":"2025-07-10T10:25:00","modified_gmt":"2025-07-10T09:25:00","slug":"rentree-scolaire-2025-2026","status":"publish","type":"page","link":"https:\/\/edurec.ge.ch\/site\/cfpt-mecatronique-industrielle\/rentree-scolaire-2025-2026\/","title":{"rendered":"RENTREE SCOLAIRE 2025 -2026"},"content":{"rendered":"<p>Veuillez trouver les informations n\u00e9cessaires pour la commande :<\/p>\n<p><strong><em>de vos manuels scolaires\u00a0<\/em><\/strong> :<\/p>\n<ul style=\"text-align: left\">\n<li><a href=\"https:\/\/edurec.ge.ch\/site\/cfpt-mecatronique-industrielle\/wp-content\/uploads\/sites\/116\/2025\/07\/CATARO_Liste-code-AUMA.pdf\">Liste codes AUMA<\/a><\/li>\n<li><a href=\"https:\/\/edurec.ge.ch\/site\/cfpt-mecatronique-industrielle\/wp-content\/uploads\/sites\/116\/2025\/07\/CATARO_Liste-code-POLY.pdf\">Liste codes POLY<\/a><\/li>\n<li><a href=\"https:\/\/edurec.ge.ch\/site\/cfpt-mecatronique-industrielle\/wp-content\/uploads\/sites\/116\/2025\/07\/CATARO_Liste-code-MEPR.pdf\">Liste codes MEPR<\/a><\/li>\n<li><a href=\"https:\/\/edurec.ge.ch\/site\/cfpt-mecatronique-industrielle\/wp-content\/uploads\/sites\/116\/2025\/07\/CATARO_Liste-code-DEIN.pdf\">Liste codes DEIN<\/a><\/li>\n<li><a href=\"https:\/\/edurec.ge.ch\/site\/cfpt-mecatronique-industrielle\/wp-content\/uploads\/sites\/116\/2025\/07\/CATARO_Liste-code-P-TE-P1.pdf\">Liste codes Passerelles<\/a><\/li>\n<\/ul>\n<p>&nbsp;<\/p>\n<p>En cliquant sur les liens suivants vous acc\u00e8derez \u00e0 vos convocations :<\/p>\n<ul>\n<li><a href=\"https:\/\/edurec.ge.ch\/site\/cfpt-mecatronique-industrielle\/wp-content\/uploads\/sites\/116\/2025\/06\/25-26_Convocation-automaticiens-duals.pdf\">Convocations Automaticiens Duals<\/a><\/li>\n<li><a href=\"https:\/\/edurec.ge.ch\/site\/cfpt-mecatronique-industrielle\/wp-content\/uploads\/sites\/116\/2025\/06\/25-26_Convocation-automaticiens-plein-temps.pdf\">Convocations Automaticiens Plein-temps<\/a><\/li>\n<li><a href=\"https:\/\/edurec.ge.ch\/site\/cfpt-mecatronique-industrielle\/wp-content\/uploads\/sites\/116\/2025\/06\/25-26_Convocation-polymecaniciens-plein-temps.pdf\">Convocations Polym\u00e9caniciens Plein-temps<\/a><\/li>\n<li><a href=\"https:\/\/edurec.ge.ch\/site\/cfpt-mecatronique-industrielle\/wp-content\/uploads\/sites\/116\/2025\/06\/25-26_Convocation-polymecaniciens-duals.pdf\">Convocations Polym\u00e9caniciens Duals<\/a><\/li>\n<li><a href=\"https:\/\/edurec.ge.ch\/site\/cfpt-mecatronique-industrielle\/wp-content\/uploads\/sites\/116\/2025\/06\/25-26_Convocation-mecaniciens-de-production-plein-temps.pdf\">Convocations M\u00e9caniciens de Production Plein-temps<\/a><\/li>\n<li><a href=\"https:\/\/edurec.ge.ch\/site\/cfpt-mecatronique-industrielle\/wp-content\/uploads\/sites\/116\/2025\/06\/25-26_Convocation-mecaniciens-de-production-duals.pdf\">Convocations M\u00e9caniciens de Production Duals<\/a><\/li>\n<li><a href=\"https:\/\/edurec.ge.ch\/site\/cfpt-mecatronique-industrielle\/wp-content\/uploads\/sites\/116\/2025\/06\/25-26_Convocation-dessinateurs-constructeurs-industriels-duals.pdf\">Convocations Dessinateurs-Constructeurs Industriels Duals<\/a><\/li>\n<li><a href=\"https:\/\/edurec.ge.ch\/site\/cfpt-mecatronique-industrielle\/wp-content\/uploads\/sites\/116\/2025\/06\/25-26_Convocation-passerelles-mecanique-microtechnique.pdf\">Convocations Classes Passerelles M\u00e9canique-Microtechnique<\/a><\/li>\n<\/ul>\n<p>&nbsp;<\/p>\n<p>Sur les liens suivants, vous avez la proc\u00e9dure pour vous aider dans la commande :<\/p>\n<p>&nbsp;<\/p>\n<ul>\n<li><a href=\"https:\/\/edurec.ge.ch\/site\/cfpt-mecatronique-industrielle\/wp-content\/uploads\/sites\/116\/2025\/06\/Rentree-scolaire-25.pdf\">Proc\u00e9dure pour commande Cataro<\/a><\/li>\n<\/ul>\n","protected":false},"excerpt":{"rendered":"<p>Veuillez trouver les informations n\u00e9cessaires pour la commande : de vos manuels scolaires\u00a0 : Liste codes AUMA Liste codes POLY Liste codes MEPR Liste codes DEIN Liste codes Passerelles &nbsp; En cliquant sur les liens suivants vous acc\u00e8derez \u00e0 vos convocations : Convocations Automaticiens Duals Convocations Automaticiens Plein-temps Convocations Polym\u00e9caniciens Plein-temps Convocations Polym\u00e9caniciens Duals Convocations [&hellip;]<\/p>\n","protected":false},"author":2186,"featured_media":0,"parent":0,"menu_order":0,"comment_status":"closed","ping_status":"closed","template":"","meta":{"footnotes":""},"class_list":["post-1687","page","type-page","status-publish","czr-hentry"],"yoast_head":"<!-- This site is optimized with the Yoast SEO plugin v26.4 - https:\/\/yoast.com\/wordpress\/plugins\/seo\/ -->\n<title>RENTREE SCOLAIRE 2025 -2026 - CFPT M\u00e9catronique industrielle<\/title>\n<meta name=\"robots\" content=\"index, follow, max-snippet:-1, max-image-preview:large, max-video-preview:-1\" \/>\n<link rel=\"canonical\" href=\"https:\/\/edurec.ge.ch\/site\/cfpt-mecatronique-industrielle\/rentree-scolaire-2025-2026\/\" \/>\n<meta property=\"og:locale\" content=\"fr_FR\" \/>\n<meta property=\"og:type\" content=\"article\" \/>\n<meta property=\"og:title\" content=\"RENTREE SCOLAIRE 2025 -2026 - CFPT M\u00e9catronique industrielle\" \/>\n<meta property=\"og:description\" content=\"Veuillez trouver les informations n\u00e9cessaires pour la commande : de vos manuels scolaires\u00a0 : Liste codes AUMA Liste codes POLY Liste codes MEPR Liste codes DEIN Liste codes Passerelles &nbsp; En cliquant sur les liens suivants vous acc\u00e8derez \u00e0 vos convocations : Convocations Automaticiens Duals Convocations Automaticiens Plein-temps Convocations Polym\u00e9caniciens Plein-temps Convocations Polym\u00e9caniciens Duals Convocations [&hellip;]\" \/>\n<meta property=\"og:url\" content=\"https:\/\/edurec.ge.ch\/site\/cfpt-mecatronique-industrielle\/rentree-scolaire-2025-2026\/\" \/>\n<meta property=\"og:site_name\" content=\"CFPT M\u00e9catronique industrielle\" \/>\n<meta property=\"article:modified_time\" content=\"2025-07-10T09:25:00+00:00\" \/>\n<meta name=\"twitter:card\" content=\"summary_large_image\" \/>\n<meta name=\"twitter:label1\" content=\"Dur\u00e9e de lecture estim\u00e9e\" \/>\n\t<meta name=\"twitter:data1\" content=\"1 minute\" \/>\n<script type=\"application\/ld+json\" class=\"yoast-schema-graph\">{\"@context\":\"https:\/\/schema.org\",\"@graph\":[{\"@type\":\"WebPage\",\"@id\":\"https:\/\/edurec.ge.ch\/site\/cfpt-mecatronique-industrielle\/rentree-scolaire-2025-2026\/\",\"url\":\"https:\/\/edurec.ge.ch\/site\/cfpt-mecatronique-industrielle\/rentree-scolaire-2025-2026\/\",\"name\":\"RENTREE SCOLAIRE 2025 -2026 - CFPT M\u00e9catronique industrielle\",\"isPartOf\":{\"@id\":\"https:\/\/edurec.ge.ch\/site\/cfpt-mecatronique-industrielle\/#website\"},\"datePublished\":\"2025-06-30T12:26:58+00:00\",\"dateModified\":\"2025-07-10T09:25:00+00:00\",\"breadcrumb\":{\"@id\":\"https:\/\/edurec.ge.ch\/site\/cfpt-mecatronique-industrielle\/rentree-scolaire-2025-2026\/#breadcrumb\"},\"inLanguage\":\"fr-FR\",\"potentialAction\":[{\"@type\":\"ReadAction\",\"target\":[\"https:\/\/edurec.ge.ch\/site\/cfpt-mecatronique-industrielle\/rentree-scolaire-2025-2026\/\"]}]},{\"@type\":\"BreadcrumbList\",\"@id\":\"https:\/\/edurec.ge.ch\/site\/cfpt-mecatronique-industrielle\/rentree-scolaire-2025-2026\/#breadcrumb\",\"itemListElement\":[{\"@type\":\"ListItem\",\"position\":1,\"name\":\"Accueil\",\"item\":\"https:\/\/edurec.ge.ch\/site\/cfpt-mecatronique-industrielle\/\"},{\"@type\":\"ListItem\",\"position\":2,\"name\":\"RENTREE SCOLAIRE 2025 -2026\"}]},{\"@type\":\"WebSite\",\"@id\":\"https:\/\/edurec.ge.ch\/site\/cfpt-mecatronique-industrielle\/#website\",\"url\":\"https:\/\/edurec.ge.ch\/site\/cfpt-mecatronique-industrielle\/\",\"name\":\"CFPT M\u00e9catronique industrielle\",\"description\":\"CFPT M\u00e9catronique industrielle\",\"potentialAction\":[{\"@type\":\"SearchAction\",\"target\":{\"@type\":\"EntryPoint\",\"urlTemplate\":\"https:\/\/edurec.ge.ch\/site\/cfpt-mecatronique-industrielle\/?s={search_term_string}\"},\"query-input\":{\"@type\":\"PropertyValueSpecification\",\"valueRequired\":true,\"valueName\":\"search_term_string\"}}],\"inLanguage\":\"fr-FR\"}]}<\/script>\n<!-- \/ Yoast SEO plugin. -->","yoast_head_json":{"title":"RENTREE SCOLAIRE 2025 -2026 - CFPT M\u00e9catronique industrielle","robots":{"index":"index","follow":"follow","max-snippet":"max-snippet:-1","max-image-preview":"max-image-preview:large","max-video-preview":"max-video-preview:-1"},"canonical":"https:\/\/edurec.ge.ch\/site\/cfpt-mecatronique-industrielle\/rentree-scolaire-2025-2026\/","og_locale":"fr_FR","og_type":"article","og_title":"RENTREE SCOLAIRE 2025 -2026 - CFPT M\u00e9catronique industrielle","og_description":"Veuillez trouver les informations n\u00e9cessaires pour la commande : de vos manuels scolaires\u00a0 : Liste codes AUMA Liste codes POLY Liste codes MEPR Liste codes DEIN Liste codes Passerelles &nbsp; En cliquant sur les liens suivants vous acc\u00e8derez \u00e0 vos convocations : Convocations Automaticiens Duals Convocations Automaticiens Plein-temps Convocations Polym\u00e9caniciens Plein-temps Convocations Polym\u00e9caniciens Duals Convocations [&hellip;]","og_url":"https:\/\/edurec.ge.ch\/site\/cfpt-mecatronique-industrielle\/rentree-scolaire-2025-2026\/","og_site_name":"CFPT M\u00e9catronique industrielle","article_modified_time":"2025-07-10T09:25:00+00:00","twitter_card":"summary_large_image","twitter_misc":{"Dur\u00e9e de lecture estim\u00e9e":"1 minute"},"schema":{"@context":"https:\/\/schema.org","@graph":[{"@type":"WebPage","@id":"https:\/\/edurec.ge.ch\/site\/cfpt-mecatronique-industrielle\/rentree-scolaire-2025-2026\/","url":"https:\/\/edurec.ge.ch\/site\/cfpt-mecatronique-industrielle\/rentree-scolaire-2025-2026\/","name":"RENTREE SCOLAIRE 2025 -2026 - CFPT M\u00e9catronique industrielle","isPartOf":{"@id":"https:\/\/edurec.ge.ch\/site\/cfpt-mecatronique-industrielle\/#website"},"datePublished":"2025-06-30T12:26:58+00:00","dateModified":"2025-07-10T09:25:00+00:00","breadcrumb":{"@id":"https:\/\/edurec.ge.ch\/site\/cfpt-mecatronique-industrielle\/rentree-scolaire-2025-2026\/#breadcrumb"},"inLanguage":"fr-FR","potentialAction":[{"@type":"ReadAction","target":["https:\/\/edurec.ge.ch\/site\/cfpt-mecatronique-industrielle\/rentree-scolaire-2025-2026\/"]}]},{"@type":"BreadcrumbList","@id":"https:\/\/edurec.ge.ch\/site\/cfpt-mecatronique-industrielle\/rentree-scolaire-2025-2026\/#breadcrumb","itemListElement":[{"@type":"ListItem","position":1,"name":"Accueil","item":"https:\/\/edurec.ge.ch\/site\/cfpt-mecatronique-industrielle\/"},{"@type":"ListItem","position":2,"name":"RENTREE SCOLAIRE 2025 -2026"}]},{"@type":"WebSite","@id":"https:\/\/edurec.ge.ch\/site\/cfpt-mecatronique-industrielle\/#website","url":"https:\/\/edurec.ge.ch\/site\/cfpt-mecatronique-industrielle\/","name":"CFPT M\u00e9catronique industrielle","description":"CFPT M\u00e9catronique industrielle","potentialAction":[{"@type":"SearchAction","target":{"@type":"EntryPoint","urlTemplate":"https:\/\/edurec.ge.ch\/site\/cfpt-mecatronique-industrielle\/?s={search_term_string}"},"query-input":{"@type":"PropertyValueSpecification","valueRequired":true,"valueName":"search_term_string"}}],"inLanguage":"fr-FR"}]}},"_links":{"self":[{"href":"https:\/\/edurec.ge.ch\/site\/cfpt-mecatronique-industrielle\/wp-json\/wp\/v2\/pages\/1687","targetHints":{"allow":["GET"]}}],"collection":[{"href":"https:\/\/edurec.ge.ch\/site\/cfpt-mecatronique-industrielle\/wp-json\/wp\/v2\/pages"}],"about":[{"href":"https:\/\/edurec.ge.ch\/site\/cfpt-mecatronique-industrielle\/wp-json\/wp\/v2\/types\/page"}],"author":[{"embeddable":true,"href":"https:\/\/edurec.ge.ch\/site\/cfpt-mecatronique-industrielle\/wp-json\/wp\/v2\/users\/2186"}],"replies":[{"embeddable":true,"href":"https:\/\/edurec.ge.ch\/site\/cfpt-mecatronique-industrielle\/wp-json\/wp\/v2\/comments?post=1687"}],"version-history":[{"count":23,"href":"https:\/\/edurec.ge.ch\/site\/cfpt-mecatronique-industrielle\/wp-json\/wp\/v2\/pages\/1687\/revisions"}],"predecessor-version":[{"id":1766,"href":"https:\/\/edurec.ge.ch\/site\/cfpt-mecatronique-industrielle\/wp-json\/wp\/v2\/pages\/1687\/revisions\/1766"}],"wp:attachment":[{"href":"https:\/\/edurec.ge.ch\/site\/cfpt-mecatronique-industrielle\/wp-json\/wp\/v2\/media?parent=1687"}],"curies":[{"name":"wp","href":"https:\/\/api.w.org\/{rel}","templated":true}]}}