{"id":1467,"date":"2023-09-11T10:36:27","date_gmt":"2023-09-11T09:36:27","guid":{"rendered":"https:\/\/edurec.ge.ch\/site\/cfpt-mecatronique-industrielle\/?page_id=1467"},"modified":"2024-09-16T08:45:56","modified_gmt":"2024-09-16T07:45:56","slug":"portes-ouvertes-du-cfpt-25-novembre-2023","status":"publish","type":"page","link":"https:\/\/edurec.ge.ch\/site\/cfpt-mecatronique-industrielle\/portes-ouvertes-du-cfpt-25-novembre-2023\/","title":{"rendered":"PORTES OUVERTES DU CFPT &#8211; 23 NOVEMBRE 2024"},"content":{"rendered":"<p>Les Portes ouvertes du vendredi 22 novembre 2024 sont r\u00e9serv\u00e9es UNIQUEMENT pour les cycles d&rsquo;orientation sur r\u00e9servation.<\/p>\n<p>Les Portes Ouvertes du Samedi 23 novembre 2024 permettront aux visiteurs d&rsquo;avoir un aper\u00e7u concret des formations propos\u00e9es au CFPT. En effet ceux-ci pourront visiter les diff\u00e9rents ateliers, observer les gestes m\u00e9tiers de nos apprentis et admirer certaines pi\u00e8ces r\u00e9alis\u00e9es gr\u00e2ces aux comp\u00e9tences acquises durant leur formation.<\/p>\n<p>Nos \u00e9l\u00e8ves, nos enseignant-e-s et notre personnel administratif auront le plaisir de r\u00e9pondre aux interrogations du public, tant sur le plan technique que sur le d\u00e9roulement des formations.<\/p>\n<p>Horaire : de 9h \u00e0 16h<\/p>\n<p><a href=\"https:\/\/edurec.ge.ch\/site\/cfpt\/portes-ouvertes-des-cfp-2024\/\">https:\/\/edurec.ge.ch\/site\/cfpt\/portes-ouvertes-des-cfp-2024\/<\/a><\/p>\n","protected":false},"excerpt":{"rendered":"<p>Les Portes ouvertes du vendredi 22 novembre 2024 sont r\u00e9serv\u00e9es UNIQUEMENT pour les cycles d&rsquo;orientation sur r\u00e9servation. Les Portes Ouvertes du Samedi 23 novembre 2024 permettront aux visiteurs d&rsquo;avoir un aper\u00e7u concret des formations propos\u00e9es au CFPT. En effet ceux-ci pourront visiter les diff\u00e9rents ateliers, observer les gestes m\u00e9tiers de nos apprentis et admirer certaines [&hellip;]<\/p>\n","protected":false},"author":2186,"featured_media":0,"parent":0,"menu_order":0,"comment_status":"closed","ping_status":"closed","template":"","meta":{"footnotes":""},"class_list":["post-1467","page","type-page","status-publish","czr-hentry"],"yoast_head":"<!-- This site is optimized with the Yoast SEO plugin v26.4 - https:\/\/yoast.com\/wordpress\/plugins\/seo\/ -->\n<title>PORTES OUVERTES DU CFPT - 23 NOVEMBRE 2024 - CFPT M\u00e9catronique industrielle<\/title>\n<meta name=\"robots\" content=\"index, follow, max-snippet:-1, max-image-preview:large, max-video-preview:-1\" \/>\n<link rel=\"canonical\" href=\"https:\/\/edurec.ge.ch\/site\/cfpt-mecatronique-industrielle\/portes-ouvertes-du-cfpt-25-novembre-2023\/\" \/>\n<meta property=\"og:locale\" content=\"fr_FR\" \/>\n<meta property=\"og:type\" content=\"article\" \/>\n<meta property=\"og:title\" content=\"PORTES OUVERTES DU CFPT - 23 NOVEMBRE 2024 - CFPT M\u00e9catronique industrielle\" \/>\n<meta property=\"og:description\" content=\"Les Portes ouvertes du vendredi 22 novembre 2024 sont r\u00e9serv\u00e9es UNIQUEMENT pour les cycles d&rsquo;orientation sur r\u00e9servation. Les Portes Ouvertes du Samedi 23 novembre 2024 permettront aux visiteurs d&rsquo;avoir un aper\u00e7u concret des formations propos\u00e9es au CFPT. En effet ceux-ci pourront visiter les diff\u00e9rents ateliers, observer les gestes m\u00e9tiers de nos apprentis et admirer certaines [&hellip;]\" \/>\n<meta property=\"og:url\" content=\"https:\/\/edurec.ge.ch\/site\/cfpt-mecatronique-industrielle\/portes-ouvertes-du-cfpt-25-novembre-2023\/\" \/>\n<meta property=\"og:site_name\" content=\"CFPT M\u00e9catronique industrielle\" \/>\n<meta property=\"article:modified_time\" content=\"2024-09-16T07:45:56+00:00\" \/>\n<meta name=\"twitter:card\" content=\"summary_large_image\" \/>\n<meta name=\"twitter:label1\" content=\"Dur\u00e9e de lecture estim\u00e9e\" \/>\n\t<meta name=\"twitter:data1\" content=\"1 minute\" \/>\n<script type=\"application\/ld+json\" class=\"yoast-schema-graph\">{\"@context\":\"https:\/\/schema.org\",\"@graph\":[{\"@type\":\"WebPage\",\"@id\":\"https:\/\/edurec.ge.ch\/site\/cfpt-mecatronique-industrielle\/portes-ouvertes-du-cfpt-25-novembre-2023\/\",\"url\":\"https:\/\/edurec.ge.ch\/site\/cfpt-mecatronique-industrielle\/portes-ouvertes-du-cfpt-25-novembre-2023\/\",\"name\":\"PORTES OUVERTES DU CFPT - 23 NOVEMBRE 2024 - CFPT M\u00e9catronique industrielle\",\"isPartOf\":{\"@id\":\"https:\/\/edurec.ge.ch\/site\/cfpt-mecatronique-industrielle\/#website\"},\"datePublished\":\"2023-09-11T09:36:27+00:00\",\"dateModified\":\"2024-09-16T07:45:56+00:00\",\"breadcrumb\":{\"@id\":\"https:\/\/edurec.ge.ch\/site\/cfpt-mecatronique-industrielle\/portes-ouvertes-du-cfpt-25-novembre-2023\/#breadcrumb\"},\"inLanguage\":\"fr-FR\",\"potentialAction\":[{\"@type\":\"ReadAction\",\"target\":[\"https:\/\/edurec.ge.ch\/site\/cfpt-mecatronique-industrielle\/portes-ouvertes-du-cfpt-25-novembre-2023\/\"]}]},{\"@type\":\"BreadcrumbList\",\"@id\":\"https:\/\/edurec.ge.ch\/site\/cfpt-mecatronique-industrielle\/portes-ouvertes-du-cfpt-25-novembre-2023\/#breadcrumb\",\"itemListElement\":[{\"@type\":\"ListItem\",\"position\":1,\"name\":\"Accueil\",\"item\":\"https:\/\/edurec.ge.ch\/site\/cfpt-mecatronique-industrielle\/\"},{\"@type\":\"ListItem\",\"position\":2,\"name\":\"PORTES OUVERTES DU CFPT &#8211; 23 NOVEMBRE 2024\"}]},{\"@type\":\"WebSite\",\"@id\":\"https:\/\/edurec.ge.ch\/site\/cfpt-mecatronique-industrielle\/#website\",\"url\":\"https:\/\/edurec.ge.ch\/site\/cfpt-mecatronique-industrielle\/\",\"name\":\"CFPT M\u00e9catronique industrielle\",\"description\":\"CFPT M\u00e9catronique industrielle\",\"potentialAction\":[{\"@type\":\"SearchAction\",\"target\":{\"@type\":\"EntryPoint\",\"urlTemplate\":\"https:\/\/edurec.ge.ch\/site\/cfpt-mecatronique-industrielle\/?s={search_term_string}\"},\"query-input\":{\"@type\":\"PropertyValueSpecification\",\"valueRequired\":true,\"valueName\":\"search_term_string\"}}],\"inLanguage\":\"fr-FR\"}]}<\/script>\n<!-- \/ Yoast SEO plugin. -->","yoast_head_json":{"title":"PORTES OUVERTES DU CFPT - 23 NOVEMBRE 2024 - CFPT M\u00e9catronique industrielle","robots":{"index":"index","follow":"follow","max-snippet":"max-snippet:-1","max-image-preview":"max-image-preview:large","max-video-preview":"max-video-preview:-1"},"canonical":"https:\/\/edurec.ge.ch\/site\/cfpt-mecatronique-industrielle\/portes-ouvertes-du-cfpt-25-novembre-2023\/","og_locale":"fr_FR","og_type":"article","og_title":"PORTES OUVERTES DU CFPT - 23 NOVEMBRE 2024 - CFPT M\u00e9catronique industrielle","og_description":"Les Portes ouvertes du vendredi 22 novembre 2024 sont r\u00e9serv\u00e9es UNIQUEMENT pour les cycles d&rsquo;orientation sur r\u00e9servation. Les Portes Ouvertes du Samedi 23 novembre 2024 permettront aux visiteurs d&rsquo;avoir un aper\u00e7u concret des formations propos\u00e9es au CFPT. En effet ceux-ci pourront visiter les diff\u00e9rents ateliers, observer les gestes m\u00e9tiers de nos apprentis et admirer certaines [&hellip;]","og_url":"https:\/\/edurec.ge.ch\/site\/cfpt-mecatronique-industrielle\/portes-ouvertes-du-cfpt-25-novembre-2023\/","og_site_name":"CFPT M\u00e9catronique industrielle","article_modified_time":"2024-09-16T07:45:56+00:00","twitter_card":"summary_large_image","twitter_misc":{"Dur\u00e9e de lecture estim\u00e9e":"1 minute"},"schema":{"@context":"https:\/\/schema.org","@graph":[{"@type":"WebPage","@id":"https:\/\/edurec.ge.ch\/site\/cfpt-mecatronique-industrielle\/portes-ouvertes-du-cfpt-25-novembre-2023\/","url":"https:\/\/edurec.ge.ch\/site\/cfpt-mecatronique-industrielle\/portes-ouvertes-du-cfpt-25-novembre-2023\/","name":"PORTES OUVERTES DU CFPT - 23 NOVEMBRE 2024 - CFPT M\u00e9catronique industrielle","isPartOf":{"@id":"https:\/\/edurec.ge.ch\/site\/cfpt-mecatronique-industrielle\/#website"},"datePublished":"2023-09-11T09:36:27+00:00","dateModified":"2024-09-16T07:45:56+00:00","breadcrumb":{"@id":"https:\/\/edurec.ge.ch\/site\/cfpt-mecatronique-industrielle\/portes-ouvertes-du-cfpt-25-novembre-2023\/#breadcrumb"},"inLanguage":"fr-FR","potentialAction":[{"@type":"ReadAction","target":["https:\/\/edurec.ge.ch\/site\/cfpt-mecatronique-industrielle\/portes-ouvertes-du-cfpt-25-novembre-2023\/"]}]},{"@type":"BreadcrumbList","@id":"https:\/\/edurec.ge.ch\/site\/cfpt-mecatronique-industrielle\/portes-ouvertes-du-cfpt-25-novembre-2023\/#breadcrumb","itemListElement":[{"@type":"ListItem","position":1,"name":"Accueil","item":"https:\/\/edurec.ge.ch\/site\/cfpt-mecatronique-industrielle\/"},{"@type":"ListItem","position":2,"name":"PORTES OUVERTES DU CFPT &#8211; 23 NOVEMBRE 2024"}]},{"@type":"WebSite","@id":"https:\/\/edurec.ge.ch\/site\/cfpt-mecatronique-industrielle\/#website","url":"https:\/\/edurec.ge.ch\/site\/cfpt-mecatronique-industrielle\/","name":"CFPT M\u00e9catronique industrielle","description":"CFPT M\u00e9catronique industrielle","potentialAction":[{"@type":"SearchAction","target":{"@type":"EntryPoint","urlTemplate":"https:\/\/edurec.ge.ch\/site\/cfpt-mecatronique-industrielle\/?s={search_term_string}"},"query-input":{"@type":"PropertyValueSpecification","valueRequired":true,"valueName":"search_term_string"}}],"inLanguage":"fr-FR"}]}},"_links":{"self":[{"href":"https:\/\/edurec.ge.ch\/site\/cfpt-mecatronique-industrielle\/wp-json\/wp\/v2\/pages\/1467","targetHints":{"allow":["GET"]}}],"collection":[{"href":"https:\/\/edurec.ge.ch\/site\/cfpt-mecatronique-industrielle\/wp-json\/wp\/v2\/pages"}],"about":[{"href":"https:\/\/edurec.ge.ch\/site\/cfpt-mecatronique-industrielle\/wp-json\/wp\/v2\/types\/page"}],"author":[{"embeddable":true,"href":"https:\/\/edurec.ge.ch\/site\/cfpt-mecatronique-industrielle\/wp-json\/wp\/v2\/users\/2186"}],"replies":[{"embeddable":true,"href":"https:\/\/edurec.ge.ch\/site\/cfpt-mecatronique-industrielle\/wp-json\/wp\/v2\/comments?post=1467"}],"version-history":[{"count":11,"href":"https:\/\/edurec.ge.ch\/site\/cfpt-mecatronique-industrielle\/wp-json\/wp\/v2\/pages\/1467\/revisions"}],"predecessor-version":[{"id":1605,"href":"https:\/\/edurec.ge.ch\/site\/cfpt-mecatronique-industrielle\/wp-json\/wp\/v2\/pages\/1467\/revisions\/1605"}],"wp:attachment":[{"href":"https:\/\/edurec.ge.ch\/site\/cfpt-mecatronique-industrielle\/wp-json\/wp\/v2\/media?parent=1467"}],"curies":[{"name":"wp","href":"https:\/\/api.w.org\/{rel}","templated":true}]}}