{"id":122,"date":"2017-02-02T15:25:20","date_gmt":"2017-02-02T14:25:20","guid":{"rendered":"https:\/\/edurec.ge.ch\/site\/cfpt-mecatronique-industrielle\/?page_id=122"},"modified":"2022-10-20T15:45:09","modified_gmt":"2022-10-20T14:45:09","slug":"dessinateur","status":"publish","type":"page","link":"https:\/\/edurec.ge.ch\/site\/cfpt-mecatronique-industrielle\/dessinateur\/","title":{"rendered":"Dessinateur Constructeur Industriel \/ Dessinatrice constructrice industrielle"},"content":{"rendered":"<p><span style=\"color: #339966\"><strong>Description<\/strong><\/span><\/p>\n<p>Le dessinateur-constructeur industriel ou la dessinatrice-constructrice industrielle \u00e9tablissent des dessins techniques pour la fabrication de pi\u00e8ces et de sous-ensembles d&rsquo;appareils et d&rsquo;installations m\u00e9caniques, ainsi que des outils et des dispositifs de production. Interm\u00e9diaires entre les concepteurs du bureau technique (ing\u00e9nieurs, techniciens) et les responsables des ateliers de production, les dessinateurs-constructeurs industriels participent \u00e0 l&rsquo;\u00e9laboration de toute documentation sch\u00e9matique n\u00e9cessaire au montage, \u00e0 l&rsquo;exploitation et au contr\u00f4le des machines et syst\u00e8mes produits par l&rsquo;entreprise pour laquelle ils travaillent.<\/p>\n<p>Leurs principales activit\u00e9s consistent \u00e0 :<\/p>\n<p><span style=\"color: #339966\"><strong>Etude de projet<\/strong><\/span><\/p>\n<ul>\n<li>\u00e9tudier, au sein du bureau technique, les demandes internes ou externes \u00e0 l&rsquo;entreprise; analyser le cahier des charges et les fonctions que doit remplir la machine ou le syst\u00e8me envisag\u00e9;<\/li>\n<li>\u00e9laborer une ou plusieurs solutions sous forme de dessins informatis\u00e9s (CAO\/DAO), de croquis et de documents techniques;<\/li>\n<li>consulter les r\u00e9pertoires de normes, les recueils de prescriptions; en tenir compte en mati\u00e8re de s\u00e9curit\u00e9 de l&rsquo;utilisateur et de protection de l&rsquo;environnement;<\/li>\n<\/ul>\n<p><span style=\"color: #339966\"><strong>R\u00e9alisation<\/strong><\/span><\/p>\n<ul>\n<li>dessiner, \u00e0 l&rsquo;aide de l&rsquo;ordinateur, les \u00e9l\u00e9ments du syst\u00e8me sous diff\u00e9rentes vues (de dessus, de face, de profil);<\/li>\n<li>indiquer les dimensions et leurs tol\u00e9rances, l&rsquo;\u00e9tat de surface de la pi\u00e8ce (degr\u00e9 de rugosit\u00e9), etc.<\/li>\n<li>calculer, si n\u00e9cessaire, le poids, la surface ou le volume d&rsquo;une pi\u00e8ce;<\/li>\n<li>choisir les mat\u00e9riaux en fonction de leurs qualit\u00e9s physiques et de leur usage, \u00e9valuer la quantit\u00e9 n\u00e9cessaire pour la fabrication des pi\u00e8ces et \u00e9tablir la commande;<\/li>\n<li>lister, avec le responsable de la production, les outils n\u00e9cessaires \u00e0 la fabrication; au besoin, les commander ou les fabriquer;<br \/>\nv\u00e9rifier le prototype et sa conformit\u00e9 avec le projet initial;<\/li>\n<li>superviser l&rsquo;avancement des travaux;<\/li>\n<li>\u00e9tablir le plan de montage;<\/li>\n<li>r\u00e9diger le mode d&#8217;emploi, les consignes d&rsquo;entretien et les donn\u00e9es techniques qui accompagnent la machine (parfois dans une langue \u00e9trang\u00e8re).<\/li>\n<\/ul>\n<p><span style=\"color: #339966\"><strong>Environnement de travail<\/strong><\/span><\/p>\n<p>Les dessinateurs-constructeurs industriels collaborent aussi bien avec les ing\u00e9nieurs et les techniciens du bureau technique qu&rsquo;avec les professionnels des ateliers de production :<\/p>\n<p>constructeurs d&rsquo;appareils industriels, polym\u00e9caniciens, m\u00e9caniciens de production, automaticiens, \u00e9lectroniciens, etc. Suivant la situation, ils entretiennent des contacts fr\u00e9quents avec les clients et les fournisseurs, soit par t\u00e9l\u00e9phone, soit par t\u00e9l\u00e9matique.<\/p>\n<p><span style=\"color: #339966\"><strong>Formation<\/strong><\/span><\/p>\n<p>La formation de dessinateur-constructeur industriel ou de dessinatrice-constructrice industrielle s&rsquo;acquiert par un apprentissage en entreprise ou en \u00e9cole \u00e0 plein temps.<\/p>\n<p><span style=\"color: #339966\"><strong>Lieux en entreprise<\/strong><\/span><\/p>\n<p>Formation pratique (3 \u00e0 3,5 jours par semaine) au bureau technique;<\/p>\n<p>Formation th\u00e9orique (1,5 \u00e0 2 jours par semaine) \u00e0 l&rsquo;\u00e9cole professionnelle;<\/p>\n<p>Cours interentreprises (54 jours sur 4 ans).<\/p>\n<p><span style=\"color: #339966\"><strong>En \u00e9cole \u00e0 plein temps<\/strong><\/span><\/p>\n<p>Th\u00e9orie et pratique \u00e0 St-Imier, Le Locle et Sion.<\/p>\n<p>Pour plus de d\u00e9tails, consulter <a href=\"https:\/\/orientation.ch\/\">https:\/\/orientation.ch\/<\/a><\/p>\n<p><span style=\"color: #339966\"><strong>Dur\u00e9e<\/strong><\/span><\/p>\n<p>4 ans en entreprise, 3 \u00e0 4 ans en \u00e9cole.<\/p>\n<p><span style=\"color: #339966\"><strong>Conditions d&rsquo;admission<\/strong><\/span><\/p>\n<p>Scolarit\u00e9 obligatoire achev\u00e9e;<\/p>\n<p>Certaines entreprises ou \u00e9coles recourent \u00e0 un examen d&rsquo;admission.<\/p>\n<p><span style=\"color: #339966\"><strong>Titre obtenu<\/strong><\/span><\/p>\n<p>Certificat f\u00e9d\u00e9ral de capacit\u00e9 (CFC) de dessinateur-constructeur industriel ou de dessinatrice-constructrice industrielle.<\/p>\n<p>Possibilit\u00e9 d&rsquo;obtenir une maturit\u00e9 professionnelle pendant l&rsquo;apprentissage ou apr\u00e8s l&rsquo;obtention du CFC, selon des modalit\u00e9s variables d&rsquo;un canton \u00e0 l&rsquo;autre.<\/p>\n","protected":false},"excerpt":{"rendered":"<p>Description Le dessinateur-constructeur industriel ou la dessinatrice-constructrice industrielle \u00e9tablissent des dessins techniques pour la fabrication de pi\u00e8ces et de sous-ensembles d&rsquo;appareils et d&rsquo;installations m\u00e9caniques, ainsi que des outils et des dispositifs de production. Interm\u00e9diaires entre les concepteurs du bureau technique (ing\u00e9nieurs, techniciens) et les responsables des ateliers de production, les dessinateurs-constructeurs industriels participent \u00e0 l&rsquo;\u00e9laboration [&hellip;]<\/p>\n","protected":false},"author":2186,"featured_media":0,"parent":0,"menu_order":0,"comment_status":"closed","ping_status":"closed","template":"","meta":{"footnotes":""},"class_list":["post-122","page","type-page","status-publish","czr-hentry"],"yoast_head":"<!-- This site is optimized with the Yoast SEO plugin v26.4 - https:\/\/yoast.com\/wordpress\/plugins\/seo\/ -->\n<title>Dessinateur Constructeur Industriel \/ Dessinatrice constructrice industrielle - CFPT M\u00e9catronique industrielle<\/title>\n<meta name=\"robots\" content=\"index, follow, max-snippet:-1, max-image-preview:large, max-video-preview:-1\" \/>\n<link rel=\"canonical\" href=\"https:\/\/edurec.ge.ch\/site\/cfpt-mecatronique-industrielle\/dessinateur\/\" \/>\n<meta property=\"og:locale\" content=\"fr_FR\" \/>\n<meta property=\"og:type\" content=\"article\" \/>\n<meta property=\"og:title\" content=\"Dessinateur Constructeur Industriel \/ Dessinatrice constructrice industrielle - CFPT M\u00e9catronique industrielle\" \/>\n<meta property=\"og:description\" content=\"Description Le dessinateur-constructeur industriel ou la dessinatrice-constructrice industrielle \u00e9tablissent des dessins techniques pour la fabrication de pi\u00e8ces et de sous-ensembles d&rsquo;appareils et d&rsquo;installations m\u00e9caniques, ainsi que des outils et des dispositifs de production. Interm\u00e9diaires entre les concepteurs du bureau technique (ing\u00e9nieurs, techniciens) et les responsables des ateliers de production, les dessinateurs-constructeurs industriels participent \u00e0 l&rsquo;\u00e9laboration [&hellip;]\" \/>\n<meta property=\"og:url\" content=\"https:\/\/edurec.ge.ch\/site\/cfpt-mecatronique-industrielle\/dessinateur\/\" \/>\n<meta property=\"og:site_name\" content=\"CFPT M\u00e9catronique industrielle\" \/>\n<meta property=\"article:modified_time\" content=\"2022-10-20T14:45:09+00:00\" \/>\n<meta name=\"twitter:card\" content=\"summary_large_image\" \/>\n<meta name=\"twitter:label1\" content=\"Dur\u00e9e de lecture estim\u00e9e\" \/>\n\t<meta name=\"twitter:data1\" content=\"3 minutes\" \/>\n<script type=\"application\/ld+json\" class=\"yoast-schema-graph\">{\"@context\":\"https:\/\/schema.org\",\"@graph\":[{\"@type\":\"WebPage\",\"@id\":\"https:\/\/edurec.ge.ch\/site\/cfpt-mecatronique-industrielle\/dessinateur\/\",\"url\":\"https:\/\/edurec.ge.ch\/site\/cfpt-mecatronique-industrielle\/dessinateur\/\",\"name\":\"Dessinateur Constructeur Industriel \/ Dessinatrice constructrice industrielle - CFPT M\u00e9catronique industrielle\",\"isPartOf\":{\"@id\":\"https:\/\/edurec.ge.ch\/site\/cfpt-mecatronique-industrielle\/#website\"},\"datePublished\":\"2017-02-02T14:25:20+00:00\",\"dateModified\":\"2022-10-20T14:45:09+00:00\",\"breadcrumb\":{\"@id\":\"https:\/\/edurec.ge.ch\/site\/cfpt-mecatronique-industrielle\/dessinateur\/#breadcrumb\"},\"inLanguage\":\"fr-FR\",\"potentialAction\":[{\"@type\":\"ReadAction\",\"target\":[\"https:\/\/edurec.ge.ch\/site\/cfpt-mecatronique-industrielle\/dessinateur\/\"]}]},{\"@type\":\"BreadcrumbList\",\"@id\":\"https:\/\/edurec.ge.ch\/site\/cfpt-mecatronique-industrielle\/dessinateur\/#breadcrumb\",\"itemListElement\":[{\"@type\":\"ListItem\",\"position\":1,\"name\":\"Accueil\",\"item\":\"https:\/\/edurec.ge.ch\/site\/cfpt-mecatronique-industrielle\/\"},{\"@type\":\"ListItem\",\"position\":2,\"name\":\"Dessinateur Constructeur Industriel \/ Dessinatrice constructrice industrielle\"}]},{\"@type\":\"WebSite\",\"@id\":\"https:\/\/edurec.ge.ch\/site\/cfpt-mecatronique-industrielle\/#website\",\"url\":\"https:\/\/edurec.ge.ch\/site\/cfpt-mecatronique-industrielle\/\",\"name\":\"CFPT M\u00e9catronique industrielle\",\"description\":\"CFPT M\u00e9catronique industrielle\",\"potentialAction\":[{\"@type\":\"SearchAction\",\"target\":{\"@type\":\"EntryPoint\",\"urlTemplate\":\"https:\/\/edurec.ge.ch\/site\/cfpt-mecatronique-industrielle\/?s={search_term_string}\"},\"query-input\":{\"@type\":\"PropertyValueSpecification\",\"valueRequired\":true,\"valueName\":\"search_term_string\"}}],\"inLanguage\":\"fr-FR\"}]}<\/script>\n<!-- \/ Yoast SEO plugin. -->","yoast_head_json":{"title":"Dessinateur Constructeur Industriel \/ Dessinatrice constructrice industrielle - CFPT M\u00e9catronique industrielle","robots":{"index":"index","follow":"follow","max-snippet":"max-snippet:-1","max-image-preview":"max-image-preview:large","max-video-preview":"max-video-preview:-1"},"canonical":"https:\/\/edurec.ge.ch\/site\/cfpt-mecatronique-industrielle\/dessinateur\/","og_locale":"fr_FR","og_type":"article","og_title":"Dessinateur Constructeur Industriel \/ Dessinatrice constructrice industrielle - CFPT M\u00e9catronique industrielle","og_description":"Description Le dessinateur-constructeur industriel ou la dessinatrice-constructrice industrielle \u00e9tablissent des dessins techniques pour la fabrication de pi\u00e8ces et de sous-ensembles d&rsquo;appareils et d&rsquo;installations m\u00e9caniques, ainsi que des outils et des dispositifs de production. Interm\u00e9diaires entre les concepteurs du bureau technique (ing\u00e9nieurs, techniciens) et les responsables des ateliers de production, les dessinateurs-constructeurs industriels participent \u00e0 l&rsquo;\u00e9laboration [&hellip;]","og_url":"https:\/\/edurec.ge.ch\/site\/cfpt-mecatronique-industrielle\/dessinateur\/","og_site_name":"CFPT M\u00e9catronique industrielle","article_modified_time":"2022-10-20T14:45:09+00:00","twitter_card":"summary_large_image","twitter_misc":{"Dur\u00e9e de lecture estim\u00e9e":"3 minutes"},"schema":{"@context":"https:\/\/schema.org","@graph":[{"@type":"WebPage","@id":"https:\/\/edurec.ge.ch\/site\/cfpt-mecatronique-industrielle\/dessinateur\/","url":"https:\/\/edurec.ge.ch\/site\/cfpt-mecatronique-industrielle\/dessinateur\/","name":"Dessinateur Constructeur Industriel \/ Dessinatrice constructrice industrielle - CFPT M\u00e9catronique industrielle","isPartOf":{"@id":"https:\/\/edurec.ge.ch\/site\/cfpt-mecatronique-industrielle\/#website"},"datePublished":"2017-02-02T14:25:20+00:00","dateModified":"2022-10-20T14:45:09+00:00","breadcrumb":{"@id":"https:\/\/edurec.ge.ch\/site\/cfpt-mecatronique-industrielle\/dessinateur\/#breadcrumb"},"inLanguage":"fr-FR","potentialAction":[{"@type":"ReadAction","target":["https:\/\/edurec.ge.ch\/site\/cfpt-mecatronique-industrielle\/dessinateur\/"]}]},{"@type":"BreadcrumbList","@id":"https:\/\/edurec.ge.ch\/site\/cfpt-mecatronique-industrielle\/dessinateur\/#breadcrumb","itemListElement":[{"@type":"ListItem","position":1,"name":"Accueil","item":"https:\/\/edurec.ge.ch\/site\/cfpt-mecatronique-industrielle\/"},{"@type":"ListItem","position":2,"name":"Dessinateur Constructeur Industriel \/ Dessinatrice constructrice industrielle"}]},{"@type":"WebSite","@id":"https:\/\/edurec.ge.ch\/site\/cfpt-mecatronique-industrielle\/#website","url":"https:\/\/edurec.ge.ch\/site\/cfpt-mecatronique-industrielle\/","name":"CFPT M\u00e9catronique industrielle","description":"CFPT M\u00e9catronique industrielle","potentialAction":[{"@type":"SearchAction","target":{"@type":"EntryPoint","urlTemplate":"https:\/\/edurec.ge.ch\/site\/cfpt-mecatronique-industrielle\/?s={search_term_string}"},"query-input":{"@type":"PropertyValueSpecification","valueRequired":true,"valueName":"search_term_string"}}],"inLanguage":"fr-FR"}]}},"_links":{"self":[{"href":"https:\/\/edurec.ge.ch\/site\/cfpt-mecatronique-industrielle\/wp-json\/wp\/v2\/pages\/122","targetHints":{"allow":["GET"]}}],"collection":[{"href":"https:\/\/edurec.ge.ch\/site\/cfpt-mecatronique-industrielle\/wp-json\/wp\/v2\/pages"}],"about":[{"href":"https:\/\/edurec.ge.ch\/site\/cfpt-mecatronique-industrielle\/wp-json\/wp\/v2\/types\/page"}],"author":[{"embeddable":true,"href":"https:\/\/edurec.ge.ch\/site\/cfpt-mecatronique-industrielle\/wp-json\/wp\/v2\/users\/2186"}],"replies":[{"embeddable":true,"href":"https:\/\/edurec.ge.ch\/site\/cfpt-mecatronique-industrielle\/wp-json\/wp\/v2\/comments?post=122"}],"version-history":[{"count":11,"href":"https:\/\/edurec.ge.ch\/site\/cfpt-mecatronique-industrielle\/wp-json\/wp\/v2\/pages\/122\/revisions"}],"predecessor-version":[{"id":1250,"href":"https:\/\/edurec.ge.ch\/site\/cfpt-mecatronique-industrielle\/wp-json\/wp\/v2\/pages\/122\/revisions\/1250"}],"wp:attachment":[{"href":"https:\/\/edurec.ge.ch\/site\/cfpt-mecatronique-industrielle\/wp-json\/wp\/v2\/media?parent=122"}],"curies":[{"name":"wp","href":"https:\/\/api.w.org\/{rel}","templated":true}]}}