{"id":4790,"date":"2022-11-15T09:25:25","date_gmt":"2022-11-15T08:25:25","guid":{"rendered":"https:\/\/edurec.ge.ch\/site\/cfpt-informatique\/?page_id=4790"},"modified":"2024-09-25T12:01:15","modified_gmt":"2024-09-25T11:01:15","slug":"les-plans-des-formations","status":"publish","type":"page","link":"https:\/\/edurec.ge.ch\/site\/cfpt-informatique\/communications\/les-plans-des-formations\/","title":{"rendered":"Les plans des formations"},"content":{"rendered":"<p>Vous trouverez sur cette page les diff\u00e9rents plans des formations pour l&rsquo;\u00e9cole d&rsquo;informatique.<\/p>\n<p>Ces documents sont d\u00e9pendants de la vol\u00e9e (date de rentr\u00e9e dans le formation), et \u00e0 d\u00e9faut, le dernier plan fait foi.<\/p>\n<h2>Formation CFC Informaticien-ne D\u00e9veloppement d\u2019applications<\/h2>\n<p><strong>D\u00e8s la rentr\u00e9e 2022 :<\/strong><\/p>\n<ul>\n <a href=\"https:\/\/edurec.ge.ch\/site\/cfpt-informatique\/wp-content\/uploads\/sites\/115\/2024\/09\/CFC-Developpement-dapplication-FA-aout-2024.pdf\">CFC De\u0301veloppement d&rsquo;application FA &#8211; aou\u0302t 2024<\/a><\/p>\n<p><a href=\"https:\/\/edurec.ge.ch\/site\/cfpt-informatique\/wp-content\/uploads\/sites\/115\/2024\/09\/CFC-Developpement-dapplication-DUAL-aout-2024.pdf\">CFC De\u0301veloppement d&rsquo;application DUAL &#8211; aou\u0302t 2024<\/a><\/p>\n<p><a href=\"https:\/\/edurec.ge.ch\/site\/cfpt-informatique\/wp-content\/uploads\/sites\/115\/2024\/09\/CFC-Developpement-dapplication-PT-aout-2024.pdf\">CFC De\u0301veloppement d&rsquo;application PT &#8211; aou\u0302t 2024<\/a>\n<\/ul>\n<h2>Formation CFC Informaticien-ne  Exploitation et infrastructure<\/h2>\n<p><strong>D\u00e8s la rentr\u00e9e 2022 :<\/strong><\/p>\n<ul>\n<a href=\"https:\/\/edurec.ge.ch\/site\/cfpt-informatique\/wp-content\/uploads\/sites\/115\/2024\/09\/CFC-Exploitation-et-infrastructure-DUAL-aout-2024.pdf\">CFC Exploitation et infrastructure DUAL &#8211; ao\u00fbt 2024<\/a>\n<\/ul>\n<h2>Formation CFC Op\u00e9rateur-ice en Informatique Exploitation et infrastructure<\/h2>\n<p><strong>D\u00e8s la rentr\u00e9e 2022 :<\/strong><\/p>\n<ul>\n<li><a href=\"https:\/\/edurec.ge.ch\/site\/cfpt-informatique\/wp-content\/uploads\/sites\/115\/2023\/02\/2022-23-CFC-Operateur-ice-en-informatique-3-ans-DUAL.pdf\">2022-23 &#8211; CFC Op\u00e9rateur-ice en informatique 3 ans DUAL<\/a><\/li>\n<li><a href=\"https:\/\/edurec.ge.ch\/site\/cfpt-informatique\/wp-content\/uploads\/sites\/115\/2023\/02\/2022-23-CFC-Operateur-ice-en-informatique-3-ans-PT.pdf\">2022-23 &#8211; CFC Op\u00e9rateur-ice en informatique 3 ans PT<\/a><\/li>\n<\/ul>\n<h2>Formation CFC M\u00e9diamaticien-ne<\/h2>\n<p><strong>D\u00e8s la rentr\u00e9e 2024 :<\/strong><\/p>\n<ul>\n<li><a href=\"https:\/\/edurec.ge.ch\/site\/cfpt-informatique\/wp-content\/uploads\/sites\/115\/2024\/08\/CFC-Mediamaticien-ne-4-ans-DUAL-des-2024.pdf\">CFC M\u00e9diamaticien-ne 4 ans DUAL d\u00e8s 2024<\/a><\/li>\n<\/ul>\n<p><strong>D\u00e8s la rentr\u00e9e 2023 :<\/strong><\/p>\n<ul>\n<li><a href=\"https:\/\/edurec.ge.ch\/site\/cfpt-informatique\/wp-content\/uploads\/sites\/115\/2024\/04\/CFC-Mediamaticien-ne-4-ans-DUAL.pdf\">CFC M\u00e9diamaticien-ne 4 ans DUAL d\u00e8s 2023<\/a><\/li>\n<\/ul>\n<h2>Formation CFC\u00a0D\u00e9veloppeur\u00b7se de business num\u00e9rique<\/h2>\n<p><strong>D\u00e8s la rentr\u00e9e 2024 :<\/strong><\/p>\n<ul>\n<li><a href=\"https:\/\/edurec.ge.ch\/site\/cfpt-informatique\/wp-content\/uploads\/sites\/115\/2024\/08\/CFC-Developpeur-de-business-numerique-4-ans-DUAL-des-2024.pdf\">CFC D\u00e9veloppeur de business num\u00e9rique 4 ans DUAL d\u00e8s 2024<\/a><\/li>\n<\/ul>\n","protected":false},"excerpt":{"rendered":"<p>Vous trouverez sur cette page les diff\u00e9rents plans des formations pour l&rsquo;\u00e9cole d&rsquo;informatique. Ces documents sont d\u00e9pendants de la vol\u00e9e (date de rentr\u00e9e dans le formation), et \u00e0 d\u00e9faut, le dernier plan fait foi. Formation CFC Informaticien-ne D\u00e9veloppement d\u2019applications D\u00e8s la rentr\u00e9e 2022 : CFC De\u0301veloppement d&rsquo;application FA &#8211; aou\u0302t 2024 CFC De\u0301veloppement d&rsquo;application DUAL [&hellip;]<\/p>\n","protected":false},"author":1063,"featured_media":0,"parent":81,"menu_order":0,"comment_status":"closed","ping_status":"closed","template":"","meta":{"footnotes":""},"class_list":["post-4790","page","type-page","status-publish","czr-hentry"],"yoast_head":"<!-- This site is optimized with the Yoast SEO plugin v26.4 - https:\/\/yoast.com\/wordpress\/plugins\/seo\/ -->\n<title>Les plans des formations - CFPT Informatique<\/title>\n<meta name=\"robots\" content=\"index, follow, max-snippet:-1, max-image-preview:large, max-video-preview:-1\" \/>\n<link rel=\"canonical\" href=\"https:\/\/edurec.ge.ch\/site\/cfpt-informatique\/communications\/les-plans-des-formations\/\" \/>\n<meta property=\"og:locale\" content=\"fr_FR\" \/>\n<meta property=\"og:type\" content=\"article\" \/>\n<meta property=\"og:title\" content=\"Les plans des formations - CFPT Informatique\" \/>\n<meta property=\"og:description\" content=\"Vous trouverez sur cette page les diff\u00e9rents plans des formations pour l&rsquo;\u00e9cole d&rsquo;informatique. Ces documents sont d\u00e9pendants de la vol\u00e9e (date de rentr\u00e9e dans le formation), et \u00e0 d\u00e9faut, le dernier plan fait foi. Formation CFC Informaticien-ne D\u00e9veloppement d\u2019applications D\u00e8s la rentr\u00e9e 2022 : CFC De\u0301veloppement d&rsquo;application FA &#8211; aou\u0302t 2024 CFC De\u0301veloppement d&rsquo;application DUAL [&hellip;]\" \/>\n<meta property=\"og:url\" content=\"https:\/\/edurec.ge.ch\/site\/cfpt-informatique\/communications\/les-plans-des-formations\/\" \/>\n<meta property=\"og:site_name\" content=\"CFPT Informatique\" \/>\n<meta property=\"article:modified_time\" content=\"2024-09-25T11:01:15+00:00\" \/>\n<meta name=\"twitter:card\" content=\"summary_large_image\" \/>\n<meta name=\"twitter:label1\" content=\"Dur\u00e9e de lecture estim\u00e9e\" \/>\n\t<meta name=\"twitter:data1\" content=\"1 minute\" \/>\n<script type=\"application\/ld+json\" class=\"yoast-schema-graph\">{\"@context\":\"https:\/\/schema.org\",\"@graph\":[{\"@type\":\"WebPage\",\"@id\":\"https:\/\/edurec.ge.ch\/site\/cfpt-informatique\/communications\/les-plans-des-formations\/\",\"url\":\"https:\/\/edurec.ge.ch\/site\/cfpt-informatique\/communications\/les-plans-des-formations\/\",\"name\":\"Les plans des formations - CFPT Informatique\",\"isPartOf\":{\"@id\":\"https:\/\/edurec.ge.ch\/site\/cfpt-informatique\/#website\"},\"datePublished\":\"2022-11-15T08:25:25+00:00\",\"dateModified\":\"2024-09-25T11:01:15+00:00\",\"breadcrumb\":{\"@id\":\"https:\/\/edurec.ge.ch\/site\/cfpt-informatique\/communications\/les-plans-des-formations\/#breadcrumb\"},\"inLanguage\":\"fr-FR\",\"potentialAction\":[{\"@type\":\"ReadAction\",\"target\":[\"https:\/\/edurec.ge.ch\/site\/cfpt-informatique\/communications\/les-plans-des-formations\/\"]}]},{\"@type\":\"BreadcrumbList\",\"@id\":\"https:\/\/edurec.ge.ch\/site\/cfpt-informatique\/communications\/les-plans-des-formations\/#breadcrumb\",\"itemListElement\":[{\"@type\":\"ListItem\",\"position\":1,\"name\":\"Accueil\",\"item\":\"https:\/\/edurec.ge.ch\/site\/cfpt-informatique\/\"},{\"@type\":\"ListItem\",\"position\":2,\"name\":\"Communications\",\"item\":\"https:\/\/edurec.ge.ch\/site\/cfpt-informatique\/communications\/\"},{\"@type\":\"ListItem\",\"position\":3,\"name\":\"Les plans des formations\"}]},{\"@type\":\"WebSite\",\"@id\":\"https:\/\/edurec.ge.ch\/site\/cfpt-informatique\/#website\",\"url\":\"https:\/\/edurec.ge.ch\/site\/cfpt-informatique\/\",\"name\":\"CFPT Informatique\",\"description\":\"CFPT Informatique\",\"potentialAction\":[{\"@type\":\"SearchAction\",\"target\":{\"@type\":\"EntryPoint\",\"urlTemplate\":\"https:\/\/edurec.ge.ch\/site\/cfpt-informatique\/?s={search_term_string}\"},\"query-input\":{\"@type\":\"PropertyValueSpecification\",\"valueRequired\":true,\"valueName\":\"search_term_string\"}}],\"inLanguage\":\"fr-FR\"}]}<\/script>\n<!-- \/ Yoast SEO plugin. -->","yoast_head_json":{"title":"Les plans des formations - CFPT Informatique","robots":{"index":"index","follow":"follow","max-snippet":"max-snippet:-1","max-image-preview":"max-image-preview:large","max-video-preview":"max-video-preview:-1"},"canonical":"https:\/\/edurec.ge.ch\/site\/cfpt-informatique\/communications\/les-plans-des-formations\/","og_locale":"fr_FR","og_type":"article","og_title":"Les plans des formations - CFPT Informatique","og_description":"Vous trouverez sur cette page les diff\u00e9rents plans des formations pour l&rsquo;\u00e9cole d&rsquo;informatique. Ces documents sont d\u00e9pendants de la vol\u00e9e (date de rentr\u00e9e dans le formation), et \u00e0 d\u00e9faut, le dernier plan fait foi. Formation CFC Informaticien-ne D\u00e9veloppement d\u2019applications D\u00e8s la rentr\u00e9e 2022 : CFC De\u0301veloppement d&rsquo;application FA &#8211; aou\u0302t 2024 CFC De\u0301veloppement d&rsquo;application DUAL [&hellip;]","og_url":"https:\/\/edurec.ge.ch\/site\/cfpt-informatique\/communications\/les-plans-des-formations\/","og_site_name":"CFPT Informatique","article_modified_time":"2024-09-25T11:01:15+00:00","twitter_card":"summary_large_image","twitter_misc":{"Dur\u00e9e de lecture estim\u00e9e":"1 minute"},"schema":{"@context":"https:\/\/schema.org","@graph":[{"@type":"WebPage","@id":"https:\/\/edurec.ge.ch\/site\/cfpt-informatique\/communications\/les-plans-des-formations\/","url":"https:\/\/edurec.ge.ch\/site\/cfpt-informatique\/communications\/les-plans-des-formations\/","name":"Les plans des formations - CFPT Informatique","isPartOf":{"@id":"https:\/\/edurec.ge.ch\/site\/cfpt-informatique\/#website"},"datePublished":"2022-11-15T08:25:25+00:00","dateModified":"2024-09-25T11:01:15+00:00","breadcrumb":{"@id":"https:\/\/edurec.ge.ch\/site\/cfpt-informatique\/communications\/les-plans-des-formations\/#breadcrumb"},"inLanguage":"fr-FR","potentialAction":[{"@type":"ReadAction","target":["https:\/\/edurec.ge.ch\/site\/cfpt-informatique\/communications\/les-plans-des-formations\/"]}]},{"@type":"BreadcrumbList","@id":"https:\/\/edurec.ge.ch\/site\/cfpt-informatique\/communications\/les-plans-des-formations\/#breadcrumb","itemListElement":[{"@type":"ListItem","position":1,"name":"Accueil","item":"https:\/\/edurec.ge.ch\/site\/cfpt-informatique\/"},{"@type":"ListItem","position":2,"name":"Communications","item":"https:\/\/edurec.ge.ch\/site\/cfpt-informatique\/communications\/"},{"@type":"ListItem","position":3,"name":"Les plans des formations"}]},{"@type":"WebSite","@id":"https:\/\/edurec.ge.ch\/site\/cfpt-informatique\/#website","url":"https:\/\/edurec.ge.ch\/site\/cfpt-informatique\/","name":"CFPT Informatique","description":"CFPT Informatique","potentialAction":[{"@type":"SearchAction","target":{"@type":"EntryPoint","urlTemplate":"https:\/\/edurec.ge.ch\/site\/cfpt-informatique\/?s={search_term_string}"},"query-input":{"@type":"PropertyValueSpecification","valueRequired":true,"valueName":"search_term_string"}}],"inLanguage":"fr-FR"}]}},"publishpress_future_action":{"enabled":false,"date":"2026-05-24 17:42:44","action":"change-status","newStatus":"draft","terms":[],"taxonomy":"","extraData":[]},"publishpress_future_workflow_manual_trigger":{"enabledWorkflows":[]},"_links":{"self":[{"href":"https:\/\/edurec.ge.ch\/site\/cfpt-informatique\/wp-json\/wp\/v2\/pages\/4790","targetHints":{"allow":["GET"]}}],"collection":[{"href":"https:\/\/edurec.ge.ch\/site\/cfpt-informatique\/wp-json\/wp\/v2\/pages"}],"about":[{"href":"https:\/\/edurec.ge.ch\/site\/cfpt-informatique\/wp-json\/wp\/v2\/types\/page"}],"author":[{"embeddable":true,"href":"https:\/\/edurec.ge.ch\/site\/cfpt-informatique\/wp-json\/wp\/v2\/users\/1063"}],"replies":[{"embeddable":true,"href":"https:\/\/edurec.ge.ch\/site\/cfpt-informatique\/wp-json\/wp\/v2\/comments?post=4790"}],"version-history":[{"count":14,"href":"https:\/\/edurec.ge.ch\/site\/cfpt-informatique\/wp-json\/wp\/v2\/pages\/4790\/revisions"}],"predecessor-version":[{"id":5224,"href":"https:\/\/edurec.ge.ch\/site\/cfpt-informatique\/wp-json\/wp\/v2\/pages\/4790\/revisions\/5224"}],"up":[{"embeddable":true,"href":"https:\/\/edurec.ge.ch\/site\/cfpt-informatique\/wp-json\/wp\/v2\/pages\/81"}],"wp:attachment":[{"href":"https:\/\/edurec.ge.ch\/site\/cfpt-informatique\/wp-json\/wp\/v2\/media?parent=4790"}],"curies":[{"name":"wp","href":"https:\/\/api.w.org\/{rel}","templated":true}]}}