{"id":3580,"date":"2020-11-25T11:07:11","date_gmt":"2020-11-25T10:07:11","guid":{"rendered":"https:\/\/edurec.ge.ch\/site\/cfpt-informatique\/?page_id=3580"},"modified":"2025-02-08T18:45:09","modified_gmt":"2025-02-08T17:45:09","slug":"visite-de-lecole","status":"publish","type":"page","link":"https:\/\/edurec.ge.ch\/site\/cfpt-informatique\/visite-de-lecole\/","title":{"rendered":"L&rsquo;\u00e9cole d&rsquo;informatique"},"content":{"rendered":"<div id=\"pl-3580\"  class=\"panel-layout\" ><div id=\"pg-3580-0\"  class=\"panel-grid panel-no-style\" ><div id=\"pgc-3580-0-0\"  class=\"panel-grid-cell\" ><div id=\"panel-3580-0-0-0\" class=\"so-panel widget widget_sow-hero panel-first-child panel-last-child\" data-index=\"0\" ><div\n\t\t\t\n\t\t\tclass=\"so-widget-sow-hero so-widget-sow-hero-default-6e283e92799f-3580 so-widget-fittext-wrapper\"\n\t\t\t data-fit-text-compressor=\"0.85\"\n\t\t>\t\t\t\t<div class=\"sow-slider-base\" style=\"display: none\" tabindex=\"0\">\n\t\t\t\t\t<ul\n\t\t\t\t\tclass=\"sow-slider-images\"\n\t\t\t\t\tdata-settings=\"{&quot;pagination&quot;:true,&quot;speed&quot;:800,&quot;timeout&quot;:8000,&quot;paused&quot;:false,&quot;pause_on_hover&quot;:false,&quot;swipe&quot;:true,&quot;nav_always_show_desktop&quot;:&quot;&quot;,&quot;nav_always_show_mobile&quot;:&quot;&quot;,&quot;breakpoint&quot;:&quot;780px&quot;,&quot;unmute&quot;:false,&quot;anchor&quot;:null}\"\n\t\t\t\t\t\t\t\t\t\tdata-anchor-id=\"\"\n\t\t\t\t>\t\t<li class=\"sow-slider-image  sow-slider-image-cover\" style=\"visibility: visible;;background-color: #333333;background-image: url(https:\/\/edurec.ge.ch\/site\/cfpt-informatique\/wp-content\/uploads\/sites\/115\/2017\/09\/IMG_1066.jpg)\" >\n\t\t\t\t\t<div class=\"sow-slider-image-container\">\n\t\t\t<div class=\"sow-slider-image-wrapper\">\n\t\t\t\t<h1><strong>L'Ecole d'Informatique du CFPT de Gen\u00e8ve se pr\u00e9sente ...<\/strong><\/h1>\n\t\t\t<\/div>\n\t\t<\/div>\n\t\t<video class=\"sow-background-element\" autoplay  style=\"opacity: 1\" muted playsinline><source src=\"https:\/\/edurec.ge.ch\/site\/cfpt-informatique\/wp-content\/uploads\/sites\/115\/2018\/09\/SUJET-INFORMATICIENS-web.mp4\" type=\"video\/mp4\"><\/video>\t\t<\/li>\n\t\t<\/ul>\t\t\t\t<ol class=\"sow-slider-pagination\">\n\t\t\t\t\t\t\t\t\t\t\t<li><a href=\"#\" data-goto=\"0\" aria-label=\"Display slide 1\"><\/a><\/li>\n\t\t\t\t\t\t\t\t\t<\/ol>\n\n\t\t\t\t<div class=\"sow-slide-nav sow-slide-nav-next\">\n\t\t\t\t\t<a href=\"#\" data-goto=\"next\" aria-label=\"Next slide\" data-action=\"next\">\n\t\t\t\t\t\t<em class=\"sow-sld-icon-thin-right\"><\/em>\n\t\t\t\t\t<\/a>\n\t\t\t\t<\/div>\n\n\t\t\t\t<div class=\"sow-slide-nav sow-slide-nav-prev\">\n\t\t\t\t\t<a href=\"#\" data-goto=\"previous\" aria-label=\"Previous slide\" data-action=\"prev\">\n\t\t\t\t\t\t<em class=\"sow-sld-icon-thin-left\"><\/em>\n\t\t\t\t\t<\/a>\n\t\t\t\t<\/div>\n\t\t\t\t<\/div><\/div><\/div><\/div><\/div><div id=\"pg-3580-1\"  class=\"panel-grid panel-no-style\" ><div id=\"pgc-3580-1-0\"  class=\"panel-grid-cell panel-grid-cell-mobile-last\" ><div id=\"panel-3580-1-0-0\" class=\"so-panel widget widget_sow-editor panel-first-child panel-last-child\" data-index=\"1\" ><div\n\t\t\t\n\t\t\tclass=\"so-widget-sow-editor so-widget-sow-editor-base\"\n\t\t\t\n\t\t>\n<div class=\"siteorigin-widget-tinymce textwidget\">\n\t<p>L'\u00e9cole d'informatique c'est :<\/p>\n<ul>\n<li><strong>5 formations<\/strong> diff\u00e9rentes de <strong>niveau CFC<\/strong>\n<ul>\n<li><a href=\"https:\/\/www.ict-berufsbildung.ch\/formation-initiale\/apprentissages-ict\/informaticienne-cfc\">D\u00e9veloppement d'applications<\/a><\/li>\n<li><a href=\"https:\/\/www.ict-berufsbildung.ch\/formation-initiale\/apprentissages-ict\/informaticienne-cfc\">Exploitation et infrastructure<\/a><\/li>\n<li><a href=\"https:\/\/www.ict-berufsbildung.ch\/formation-initiale\/apprentissages-ict\/operateurtrice-en-informatique-cfc\">Op\u00e9ratrice et op\u00e9rateur en informatique<\/a><\/li>\n<li><a href=\"https:\/\/www.ict-berufsbildung.ch\/formation-initiale\/apprentissages-ict\/mediamaticienne-cfc\">M\u00e9diamaticienne et m\u00e9diamaticien<\/a><\/li>\n<li><a href=\"https:\/\/www.ict-berufsbildung.ch\/formation-initiale\/apprentissages-ict\/developpeurse-de-business-numerique-cfc\">D\u00e9veloppeuse et d\u00e9veloppeur de business num\u00e9rique<\/a><\/li>\n<\/ul>\n<\/li>\n<\/ul>\n<p>&nbsp;<\/p>\n<ul>\n<li>Une formation de <strong>niveau ES<\/strong> :\n<ul>\n<li><a href=\"https:\/\/www.orientation.ch\/dyn\/show\/1900?lang=fr&amp;idx=30&amp;id=885\">Informaticienne et informaticien ES<\/a><\/li>\n<\/ul>\n<\/li>\n<\/ul>\n<p>&nbsp;<\/p>\n<ul>\n<li>Une classe <strong>passerelle<\/strong> pour acc\u00e9der aux <a href=\"https:\/\/www.hesge.ch\/hepia\/bachelor\/informatique-et-systemes-communication\">HES<\/a><\/li>\n<\/ul>\n<p>&nbsp;<\/p>\n<\/div>\n<\/div><\/div><\/div><div id=\"pgc-3580-1-1\"  class=\"panel-grid-cell panel-grid-cell-empty\" ><\/div><\/div><div id=\"pg-3580-2\"  class=\"panel-grid panel-no-style\" ><div id=\"pgc-3580-2-0\"  class=\"panel-grid-cell panel-grid-cell-empty\" ><\/div><div id=\"pgc-3580-2-1\"  class=\"panel-grid-cell panel-grid-cell-empty panel-grid-cell-mobile-last\" ><\/div><div id=\"pgc-3580-2-2\"  class=\"panel-grid-cell panel-grid-cell-empty\" ><\/div><\/div><div id=\"pg-3580-3\"  class=\"panel-grid panel-no-style\" ><div id=\"pgc-3580-3-0\"  class=\"panel-grid-cell panel-grid-cell-empty\" ><\/div><div id=\"pgc-3580-3-1\"  class=\"panel-grid-cell panel-grid-cell-empty panel-grid-cell-mobile-last\" ><\/div><div id=\"pgc-3580-3-2\"  class=\"panel-grid-cell panel-grid-cell-empty\" ><\/div><\/div><div id=\"pg-3580-4\"  class=\"panel-grid panel-no-style\" ><div id=\"pgc-3580-4-0\"  class=\"panel-grid-cell panel-grid-cell-empty\" ><\/div><div id=\"pgc-3580-4-1\"  class=\"panel-grid-cell panel-grid-cell-empty panel-grid-cell-mobile-last\" ><\/div><div id=\"pgc-3580-4-2\"  class=\"panel-grid-cell panel-grid-cell-empty\" ><\/div><\/div><div id=\"pg-3580-5\"  class=\"panel-grid panel-no-style\" ><div id=\"pgc-3580-5-0\"  class=\"panel-grid-cell panel-grid-cell-empty\" ><\/div><div id=\"pgc-3580-5-1\"  class=\"panel-grid-cell panel-grid-cell-empty panel-grid-cell-mobile-last\" ><\/div><div id=\"pgc-3580-5-2\"  class=\"panel-grid-cell panel-grid-cell-empty\" ><\/div><\/div><div id=\"pg-3580-6\"  class=\"panel-grid panel-no-style\" ><div id=\"pgc-3580-6-0\"  class=\"panel-grid-cell panel-grid-cell-empty\" ><\/div><div id=\"pgc-3580-6-1\"  class=\"panel-grid-cell panel-grid-cell-empty panel-grid-cell-mobile-last\" ><\/div><div id=\"pgc-3580-6-2\"  class=\"panel-grid-cell panel-grid-cell-empty\" ><\/div><\/div><div id=\"pg-3580-7\"  class=\"panel-grid panel-no-style\" ><div id=\"pgc-3580-7-0\"  class=\"panel-grid-cell panel-grid-cell-empty\" ><\/div><div id=\"pgc-3580-7-1\"  class=\"panel-grid-cell panel-grid-cell-empty panel-grid-cell-mobile-last\" ><\/div><div id=\"pgc-3580-7-2\"  class=\"panel-grid-cell panel-grid-cell-empty\" ><\/div><\/div><div id=\"pg-3580-8\"  class=\"panel-grid panel-no-style\" ><div id=\"pgc-3580-8-0\"  class=\"panel-grid-cell panel-grid-cell-empty\" ><\/div><div id=\"pgc-3580-8-1\"  class=\"panel-grid-cell panel-grid-cell-empty panel-grid-cell-mobile-last\" ><\/div><div id=\"pgc-3580-8-2\"  class=\"panel-grid-cell panel-grid-cell-empty\" ><\/div><\/div><\/div>","protected":false},"excerpt":{"rendered":"<p>L&rsquo;\u00e9cole d&rsquo;informatique c&rsquo;est : 5 formations diff\u00e9rentes de niveau CFC D\u00e9veloppement d&rsquo;applications Exploitation et infrastructure Op\u00e9ratrice et op\u00e9rateur en informatique M\u00e9diamaticienne et m\u00e9diamaticien D\u00e9veloppeuse et d\u00e9veloppeur de business num\u00e9rique &nbsp; Une formation de niveau ES : Informaticienne et informaticien ES &nbsp; Une classe passerelle pour acc\u00e9der aux HES &nbsp;<\/p>\n","protected":false},"author":1063,"featured_media":0,"parent":0,"menu_order":0,"comment_status":"closed","ping_status":"closed","template":"","meta":{"footnotes":""},"class_list":["post-3580","page","type-page","status-publish","czr-hentry"],"yoast_head":"<!-- This site is optimized with the Yoast SEO plugin v26.4 - https:\/\/yoast.com\/wordpress\/plugins\/seo\/ -->\n<title>L&#039;\u00e9cole d&#039;informatique - CFPT Informatique<\/title>\n<meta name=\"robots\" content=\"index, follow, max-snippet:-1, max-image-preview:large, max-video-preview:-1\" \/>\n<link rel=\"canonical\" href=\"https:\/\/edurec.ge.ch\/site\/cfpt-informatique\/visite-de-lecole\/\" \/>\n<meta property=\"og:locale\" content=\"fr_FR\" \/>\n<meta property=\"og:type\" content=\"article\" \/>\n<meta property=\"og:title\" content=\"L&#039;\u00e9cole d&#039;informatique - CFPT Informatique\" \/>\n<meta property=\"og:description\" content=\"L&#039;\u00e9cole d&#039;informatique c&#039;est : 5 formations diff\u00e9rentes de niveau CFC D\u00e9veloppement d&#039;applications Exploitation et infrastructure Op\u00e9ratrice et op\u00e9rateur en informatique M\u00e9diamaticienne et m\u00e9diamaticien D\u00e9veloppeuse et d\u00e9veloppeur de business num\u00e9rique &nbsp; Une formation de niveau ES : Informaticienne et informaticien ES &nbsp; Une classe passerelle pour acc\u00e9der aux HES &nbsp;\" \/>\n<meta property=\"og:url\" content=\"https:\/\/edurec.ge.ch\/site\/cfpt-informatique\/visite-de-lecole\/\" \/>\n<meta property=\"og:site_name\" content=\"CFPT Informatique\" \/>\n<meta property=\"article:modified_time\" content=\"2025-02-08T17:45:09+00:00\" \/>\n<meta name=\"twitter:card\" content=\"summary_large_image\" \/>\n<meta name=\"twitter:label1\" content=\"Dur\u00e9e de lecture estim\u00e9e\" \/>\n\t<meta name=\"twitter:data1\" content=\"1 minute\" \/>\n<script type=\"application\/ld+json\" class=\"yoast-schema-graph\">{\"@context\":\"https:\/\/schema.org\",\"@graph\":[{\"@type\":\"WebPage\",\"@id\":\"https:\/\/edurec.ge.ch\/site\/cfpt-informatique\/visite-de-lecole\/\",\"url\":\"https:\/\/edurec.ge.ch\/site\/cfpt-informatique\/visite-de-lecole\/\",\"name\":\"L'\u00e9cole d'informatique - CFPT Informatique\",\"isPartOf\":{\"@id\":\"https:\/\/edurec.ge.ch\/site\/cfpt-informatique\/#website\"},\"datePublished\":\"2020-11-25T10:07:11+00:00\",\"dateModified\":\"2025-02-08T17:45:09+00:00\",\"breadcrumb\":{\"@id\":\"https:\/\/edurec.ge.ch\/site\/cfpt-informatique\/visite-de-lecole\/#breadcrumb\"},\"inLanguage\":\"fr-FR\",\"potentialAction\":[{\"@type\":\"ReadAction\",\"target\":[\"https:\/\/edurec.ge.ch\/site\/cfpt-informatique\/visite-de-lecole\/\"]}]},{\"@type\":\"BreadcrumbList\",\"@id\":\"https:\/\/edurec.ge.ch\/site\/cfpt-informatique\/visite-de-lecole\/#breadcrumb\",\"itemListElement\":[{\"@type\":\"ListItem\",\"position\":1,\"name\":\"Accueil\",\"item\":\"https:\/\/edurec.ge.ch\/site\/cfpt-informatique\/\"},{\"@type\":\"ListItem\",\"position\":2,\"name\":\"L&rsquo;\u00e9cole d&rsquo;informatique\"}]},{\"@type\":\"WebSite\",\"@id\":\"https:\/\/edurec.ge.ch\/site\/cfpt-informatique\/#website\",\"url\":\"https:\/\/edurec.ge.ch\/site\/cfpt-informatique\/\",\"name\":\"CFPT Informatique\",\"description\":\"CFPT Informatique\",\"potentialAction\":[{\"@type\":\"SearchAction\",\"target\":{\"@type\":\"EntryPoint\",\"urlTemplate\":\"https:\/\/edurec.ge.ch\/site\/cfpt-informatique\/?s={search_term_string}\"},\"query-input\":{\"@type\":\"PropertyValueSpecification\",\"valueRequired\":true,\"valueName\":\"search_term_string\"}}],\"inLanguage\":\"fr-FR\"}]}<\/script>\n<!-- \/ Yoast SEO plugin. -->","yoast_head_json":{"title":"L'\u00e9cole d'informatique - CFPT Informatique","robots":{"index":"index","follow":"follow","max-snippet":"max-snippet:-1","max-image-preview":"max-image-preview:large","max-video-preview":"max-video-preview:-1"},"canonical":"https:\/\/edurec.ge.ch\/site\/cfpt-informatique\/visite-de-lecole\/","og_locale":"fr_FR","og_type":"article","og_title":"L'\u00e9cole d'informatique - CFPT Informatique","og_description":"L'\u00e9cole d'informatique c'est : 5 formations diff\u00e9rentes de niveau CFC D\u00e9veloppement d'applications Exploitation et infrastructure Op\u00e9ratrice et op\u00e9rateur en informatique M\u00e9diamaticienne et m\u00e9diamaticien D\u00e9veloppeuse et d\u00e9veloppeur de business num\u00e9rique &nbsp; Une formation de niveau ES : Informaticienne et informaticien ES &nbsp; Une classe passerelle pour acc\u00e9der aux HES &nbsp;","og_url":"https:\/\/edurec.ge.ch\/site\/cfpt-informatique\/visite-de-lecole\/","og_site_name":"CFPT Informatique","article_modified_time":"2025-02-08T17:45:09+00:00","twitter_card":"summary_large_image","twitter_misc":{"Dur\u00e9e de lecture estim\u00e9e":"1 minute"},"schema":{"@context":"https:\/\/schema.org","@graph":[{"@type":"WebPage","@id":"https:\/\/edurec.ge.ch\/site\/cfpt-informatique\/visite-de-lecole\/","url":"https:\/\/edurec.ge.ch\/site\/cfpt-informatique\/visite-de-lecole\/","name":"L'\u00e9cole d'informatique - CFPT Informatique","isPartOf":{"@id":"https:\/\/edurec.ge.ch\/site\/cfpt-informatique\/#website"},"datePublished":"2020-11-25T10:07:11+00:00","dateModified":"2025-02-08T17:45:09+00:00","breadcrumb":{"@id":"https:\/\/edurec.ge.ch\/site\/cfpt-informatique\/visite-de-lecole\/#breadcrumb"},"inLanguage":"fr-FR","potentialAction":[{"@type":"ReadAction","target":["https:\/\/edurec.ge.ch\/site\/cfpt-informatique\/visite-de-lecole\/"]}]},{"@type":"BreadcrumbList","@id":"https:\/\/edurec.ge.ch\/site\/cfpt-informatique\/visite-de-lecole\/#breadcrumb","itemListElement":[{"@type":"ListItem","position":1,"name":"Accueil","item":"https:\/\/edurec.ge.ch\/site\/cfpt-informatique\/"},{"@type":"ListItem","position":2,"name":"L&rsquo;\u00e9cole d&rsquo;informatique"}]},{"@type":"WebSite","@id":"https:\/\/edurec.ge.ch\/site\/cfpt-informatique\/#website","url":"https:\/\/edurec.ge.ch\/site\/cfpt-informatique\/","name":"CFPT Informatique","description":"CFPT Informatique","potentialAction":[{"@type":"SearchAction","target":{"@type":"EntryPoint","urlTemplate":"https:\/\/edurec.ge.ch\/site\/cfpt-informatique\/?s={search_term_string}"},"query-input":{"@type":"PropertyValueSpecification","valueRequired":true,"valueName":"search_term_string"}}],"inLanguage":"fr-FR"}]}},"publishpress_future_action":{"enabled":false,"date":"2026-05-24 16:32:50","action":"change-status","newStatus":"draft","terms":[],"taxonomy":"","extraData":[]},"publishpress_future_workflow_manual_trigger":{"enabledWorkflows":[]},"_links":{"self":[{"href":"https:\/\/edurec.ge.ch\/site\/cfpt-informatique\/wp-json\/wp\/v2\/pages\/3580","targetHints":{"allow":["GET"]}}],"collection":[{"href":"https:\/\/edurec.ge.ch\/site\/cfpt-informatique\/wp-json\/wp\/v2\/pages"}],"about":[{"href":"https:\/\/edurec.ge.ch\/site\/cfpt-informatique\/wp-json\/wp\/v2\/types\/page"}],"author":[{"embeddable":true,"href":"https:\/\/edurec.ge.ch\/site\/cfpt-informatique\/wp-json\/wp\/v2\/users\/1063"}],"replies":[{"embeddable":true,"href":"https:\/\/edurec.ge.ch\/site\/cfpt-informatique\/wp-json\/wp\/v2\/comments?post=3580"}],"version-history":[{"count":77,"href":"https:\/\/edurec.ge.ch\/site\/cfpt-informatique\/wp-json\/wp\/v2\/pages\/3580\/revisions"}],"predecessor-version":[{"id":5292,"href":"https:\/\/edurec.ge.ch\/site\/cfpt-informatique\/wp-json\/wp\/v2\/pages\/3580\/revisions\/5292"}],"wp:attachment":[{"href":"https:\/\/edurec.ge.ch\/site\/cfpt-informatique\/wp-json\/wp\/v2\/media?parent=3580"}],"curies":[{"name":"wp","href":"https:\/\/api.w.org\/{rel}","templated":true}]}}