{"id":25,"date":"2016-08-25T16:05:52","date_gmt":"2016-08-25T15:05:52","guid":{"rendered":"https:\/\/edurec.ge.ch\/site\/cfpt-informatique\/?page_id=25"},"modified":"2024-10-30T15:09:22","modified_gmt":"2024-10-30T14:09:22","slug":"metier-et-formations","status":"publish","type":"page","link":"https:\/\/edurec.ge.ch\/site\/cfpt-informatique\/metier-et-formations\/","title":{"rendered":"Les formations au CFPT informatique"},"content":{"rendered":"<p>Vous trouverez ci-dessous les formations propos\u00e9es au CFPT informatique.<\/p>\n<h2>Formations plein-temps<\/h2>\n<h3>Niveau CFC<\/h3>\n<ul>\n<li><a href=\"https:\/\/www.orientation.ch\/dyn\/show\/1900?lang=fr&amp;idx=30&amp;id=152\">Informaticienne ou informaticien CFC orientation d\u00e9veloppement d&rsquo;applications<\/a><\/li>\n<li><a href=\"https:\/\/www.orientation.ch\/dyn\/show\/1900?lang=fr&amp;idx=30&amp;id=1646\">Op\u00e9ratrice ou op\u00e9rateur en informatique CFC<\/a><\/li>\n<\/ul>\n<div class=\"su-spacer\" style=\"height:20px\"><\/div>\n<h3>Niveau ES<\/h3>\n<ul>\n<li><a href=\"https:\/\/www.orientation.ch\/dyn\/show\/1900?lang=fr&amp;idx=30&amp;id=885\">Informaticienne dipl\u00f4m\u00e9e ES ou informaticien dipl\u00f4m\u00e9 ES\u00a0<\/a><\/li>\n<\/ul>\n<p>&nbsp;<\/p>\n<p><em>Inscriptions via e-demarches entre le 20 janvier et le 28 f\u00e9vrier 2025.<\/em><\/p>\n<p>&nbsp;<\/p>\n<h2>Formations duales<\/h2>\n<ul>\n<li>Informaticienne ou informaticien CFC orientation D\u00e9veloppement d&rsquo;applications<\/li>\n<li>Informaticienne ou informaticien CFC orientation Exploitation et infrastructure<\/li>\n<li>Op\u00e9ratrice ou op\u00e9rateur en informatique CFC<\/li>\n<li><a href=\"https:\/\/www.orientation.ch\/dyn\/show\/1900?lang=fr&amp;idx=30&amp;id=184\">M\u00e9diamaticienne ou m\u00e9diamaticien CFC<\/a><\/li>\n<li><a href=\"https:\/\/www.orientation.ch\/dyn\/show\/1900?lang=fr&amp;idx=30&amp;id=1737\">D\u00e9veloppeuse ou d\u00e9veloppeur de business num\u00e9rique CFC<\/a><\/li>\n<\/ul>\n<p>&nbsp;<\/p>\n","protected":false},"excerpt":{"rendered":"<p>Vous trouverez ci-dessous les formations propos\u00e9es au CFPT informatique. Formations plein-temps Niveau CFC Informaticienne ou informaticien CFC orientation d\u00e9veloppement d&rsquo;applications Op\u00e9ratrice ou op\u00e9rateur en informatique CFC Niveau ES Informaticienne dipl\u00f4m\u00e9e ES ou informaticien dipl\u00f4m\u00e9 ES\u00a0 &nbsp; Inscriptions via e-demarches entre le 20 janvier et le 28 f\u00e9vrier 2025. &nbsp; Formations duales Informaticienne ou informaticien CFC [&hellip;]<\/p>\n","protected":false},"author":1517,"featured_media":1132,"parent":0,"menu_order":2,"comment_status":"closed","ping_status":"closed","template":"","meta":{"footnotes":""},"class_list":["post-25","page","type-page","status-publish","has-post-thumbnail","czr-hentry"],"yoast_head":"<!-- This site is optimized with the Yoast SEO plugin v26.4 - https:\/\/yoast.com\/wordpress\/plugins\/seo\/ -->\n<title>Les formations au CFPT informatique - CFPT Informatique<\/title>\n<meta name=\"robots\" content=\"index, follow, max-snippet:-1, max-image-preview:large, max-video-preview:-1\" \/>\n<link rel=\"canonical\" href=\"https:\/\/edurec.ge.ch\/site\/cfpt-informatique\/metier-et-formations\/\" \/>\n<meta property=\"og:locale\" content=\"fr_FR\" \/>\n<meta property=\"og:type\" content=\"article\" \/>\n<meta property=\"og:title\" content=\"Les formations au CFPT informatique - CFPT Informatique\" \/>\n<meta property=\"og:description\" content=\"Vous trouverez ci-dessous les formations propos\u00e9es au CFPT informatique. Formations plein-temps Niveau CFC Informaticienne ou informaticien CFC orientation d\u00e9veloppement d&rsquo;applications Op\u00e9ratrice ou op\u00e9rateur en informatique CFC Niveau ES Informaticienne dipl\u00f4m\u00e9e ES ou informaticien dipl\u00f4m\u00e9 ES\u00a0 &nbsp; Inscriptions via e-demarches entre le 20 janvier et le 28 f\u00e9vrier 2025. &nbsp; Formations duales Informaticienne ou informaticien CFC [&hellip;]\" \/>\n<meta property=\"og:url\" content=\"https:\/\/edurec.ge.ch\/site\/cfpt-informatique\/metier-et-formations\/\" \/>\n<meta property=\"og:site_name\" content=\"CFPT Informatique\" \/>\n<meta property=\"article:modified_time\" content=\"2024-10-30T14:09:22+00:00\" \/>\n<meta property=\"og:image\" content=\"https:\/\/edurec.ge.ch\/site\/cfpt-informatique\/wp-content\/uploads\/sites\/115\/2016\/08\/computer-2583383_1920.jpg\" \/>\n\t<meta property=\"og:image:width\" content=\"1920\" \/>\n\t<meta property=\"og:image:height\" content=\"1280\" \/>\n\t<meta property=\"og:image:type\" content=\"image\/jpeg\" \/>\n<meta name=\"twitter:card\" content=\"summary_large_image\" \/>\n<meta name=\"twitter:label1\" content=\"Dur\u00e9e de lecture estim\u00e9e\" \/>\n\t<meta name=\"twitter:data1\" content=\"1 minute\" \/>\n<script type=\"application\/ld+json\" class=\"yoast-schema-graph\">{\"@context\":\"https:\/\/schema.org\",\"@graph\":[{\"@type\":\"WebPage\",\"@id\":\"https:\/\/edurec.ge.ch\/site\/cfpt-informatique\/metier-et-formations\/\",\"url\":\"https:\/\/edurec.ge.ch\/site\/cfpt-informatique\/metier-et-formations\/\",\"name\":\"Les formations au CFPT informatique - CFPT Informatique\",\"isPartOf\":{\"@id\":\"https:\/\/edurec.ge.ch\/site\/cfpt-informatique\/#website\"},\"primaryImageOfPage\":{\"@id\":\"https:\/\/edurec.ge.ch\/site\/cfpt-informatique\/metier-et-formations\/#primaryimage\"},\"image\":{\"@id\":\"https:\/\/edurec.ge.ch\/site\/cfpt-informatique\/metier-et-formations\/#primaryimage\"},\"thumbnailUrl\":\"https:\/\/edurec.ge.ch\/site\/cfpt-informatique\/wp-content\/uploads\/sites\/115\/2016\/08\/computer-2583383_1920.jpg\",\"datePublished\":\"2016-08-25T15:05:52+00:00\",\"dateModified\":\"2024-10-30T14:09:22+00:00\",\"breadcrumb\":{\"@id\":\"https:\/\/edurec.ge.ch\/site\/cfpt-informatique\/metier-et-formations\/#breadcrumb\"},\"inLanguage\":\"fr-FR\",\"potentialAction\":[{\"@type\":\"ReadAction\",\"target\":[\"https:\/\/edurec.ge.ch\/site\/cfpt-informatique\/metier-et-formations\/\"]}]},{\"@type\":\"ImageObject\",\"inLanguage\":\"fr-FR\",\"@id\":\"https:\/\/edurec.ge.ch\/site\/cfpt-informatique\/metier-et-formations\/#primaryimage\",\"url\":\"https:\/\/edurec.ge.ch\/site\/cfpt-informatique\/wp-content\/uploads\/sites\/115\/2016\/08\/computer-2583383_1920.jpg\",\"contentUrl\":\"https:\/\/edurec.ge.ch\/site\/cfpt-informatique\/wp-content\/uploads\/sites\/115\/2016\/08\/computer-2583383_1920.jpg\",\"width\":1920,\"height\":1280},{\"@type\":\"BreadcrumbList\",\"@id\":\"https:\/\/edurec.ge.ch\/site\/cfpt-informatique\/metier-et-formations\/#breadcrumb\",\"itemListElement\":[{\"@type\":\"ListItem\",\"position\":1,\"name\":\"Accueil\",\"item\":\"https:\/\/edurec.ge.ch\/site\/cfpt-informatique\/\"},{\"@type\":\"ListItem\",\"position\":2,\"name\":\"Les formations au CFPT informatique\"}]},{\"@type\":\"WebSite\",\"@id\":\"https:\/\/edurec.ge.ch\/site\/cfpt-informatique\/#website\",\"url\":\"https:\/\/edurec.ge.ch\/site\/cfpt-informatique\/\",\"name\":\"CFPT Informatique\",\"description\":\"CFPT Informatique\",\"potentialAction\":[{\"@type\":\"SearchAction\",\"target\":{\"@type\":\"EntryPoint\",\"urlTemplate\":\"https:\/\/edurec.ge.ch\/site\/cfpt-informatique\/?s={search_term_string}\"},\"query-input\":{\"@type\":\"PropertyValueSpecification\",\"valueRequired\":true,\"valueName\":\"search_term_string\"}}],\"inLanguage\":\"fr-FR\"}]}<\/script>\n<!-- \/ Yoast SEO plugin. -->","yoast_head_json":{"title":"Les formations au CFPT informatique - CFPT Informatique","robots":{"index":"index","follow":"follow","max-snippet":"max-snippet:-1","max-image-preview":"max-image-preview:large","max-video-preview":"max-video-preview:-1"},"canonical":"https:\/\/edurec.ge.ch\/site\/cfpt-informatique\/metier-et-formations\/","og_locale":"fr_FR","og_type":"article","og_title":"Les formations au CFPT informatique - CFPT Informatique","og_description":"Vous trouverez ci-dessous les formations propos\u00e9es au CFPT informatique. Formations plein-temps Niveau CFC Informaticienne ou informaticien CFC orientation d\u00e9veloppement d&rsquo;applications Op\u00e9ratrice ou op\u00e9rateur en informatique CFC Niveau ES Informaticienne dipl\u00f4m\u00e9e ES ou informaticien dipl\u00f4m\u00e9 ES\u00a0 &nbsp; Inscriptions via e-demarches entre le 20 janvier et le 28 f\u00e9vrier 2025. &nbsp; Formations duales Informaticienne ou informaticien CFC [&hellip;]","og_url":"https:\/\/edurec.ge.ch\/site\/cfpt-informatique\/metier-et-formations\/","og_site_name":"CFPT Informatique","article_modified_time":"2024-10-30T14:09:22+00:00","og_image":[{"width":1920,"height":1280,"url":"https:\/\/edurec.ge.ch\/site\/cfpt-informatique\/wp-content\/uploads\/sites\/115\/2016\/08\/computer-2583383_1920.jpg","type":"image\/jpeg"}],"twitter_card":"summary_large_image","twitter_misc":{"Dur\u00e9e de lecture estim\u00e9e":"1 minute"},"schema":{"@context":"https:\/\/schema.org","@graph":[{"@type":"WebPage","@id":"https:\/\/edurec.ge.ch\/site\/cfpt-informatique\/metier-et-formations\/","url":"https:\/\/edurec.ge.ch\/site\/cfpt-informatique\/metier-et-formations\/","name":"Les formations au CFPT informatique - CFPT Informatique","isPartOf":{"@id":"https:\/\/edurec.ge.ch\/site\/cfpt-informatique\/#website"},"primaryImageOfPage":{"@id":"https:\/\/edurec.ge.ch\/site\/cfpt-informatique\/metier-et-formations\/#primaryimage"},"image":{"@id":"https:\/\/edurec.ge.ch\/site\/cfpt-informatique\/metier-et-formations\/#primaryimage"},"thumbnailUrl":"https:\/\/edurec.ge.ch\/site\/cfpt-informatique\/wp-content\/uploads\/sites\/115\/2016\/08\/computer-2583383_1920.jpg","datePublished":"2016-08-25T15:05:52+00:00","dateModified":"2024-10-30T14:09:22+00:00","breadcrumb":{"@id":"https:\/\/edurec.ge.ch\/site\/cfpt-informatique\/metier-et-formations\/#breadcrumb"},"inLanguage":"fr-FR","potentialAction":[{"@type":"ReadAction","target":["https:\/\/edurec.ge.ch\/site\/cfpt-informatique\/metier-et-formations\/"]}]},{"@type":"ImageObject","inLanguage":"fr-FR","@id":"https:\/\/edurec.ge.ch\/site\/cfpt-informatique\/metier-et-formations\/#primaryimage","url":"https:\/\/edurec.ge.ch\/site\/cfpt-informatique\/wp-content\/uploads\/sites\/115\/2016\/08\/computer-2583383_1920.jpg","contentUrl":"https:\/\/edurec.ge.ch\/site\/cfpt-informatique\/wp-content\/uploads\/sites\/115\/2016\/08\/computer-2583383_1920.jpg","width":1920,"height":1280},{"@type":"BreadcrumbList","@id":"https:\/\/edurec.ge.ch\/site\/cfpt-informatique\/metier-et-formations\/#breadcrumb","itemListElement":[{"@type":"ListItem","position":1,"name":"Accueil","item":"https:\/\/edurec.ge.ch\/site\/cfpt-informatique\/"},{"@type":"ListItem","position":2,"name":"Les formations au CFPT informatique"}]},{"@type":"WebSite","@id":"https:\/\/edurec.ge.ch\/site\/cfpt-informatique\/#website","url":"https:\/\/edurec.ge.ch\/site\/cfpt-informatique\/","name":"CFPT Informatique","description":"CFPT Informatique","potentialAction":[{"@type":"SearchAction","target":{"@type":"EntryPoint","urlTemplate":"https:\/\/edurec.ge.ch\/site\/cfpt-informatique\/?s={search_term_string}"},"query-input":{"@type":"PropertyValueSpecification","valueRequired":true,"valueName":"search_term_string"}}],"inLanguage":"fr-FR"}]}},"publishpress_future_action":{"enabled":false,"date":"2026-05-24 16:32:54","action":"change-status","newStatus":"draft","terms":[],"taxonomy":"","extraData":[]},"publishpress_future_workflow_manual_trigger":{"enabledWorkflows":[]},"_links":{"self":[{"href":"https:\/\/edurec.ge.ch\/site\/cfpt-informatique\/wp-json\/wp\/v2\/pages\/25","targetHints":{"allow":["GET"]}}],"collection":[{"href":"https:\/\/edurec.ge.ch\/site\/cfpt-informatique\/wp-json\/wp\/v2\/pages"}],"about":[{"href":"https:\/\/edurec.ge.ch\/site\/cfpt-informatique\/wp-json\/wp\/v2\/types\/page"}],"author":[{"embeddable":true,"href":"https:\/\/edurec.ge.ch\/site\/cfpt-informatique\/wp-json\/wp\/v2\/users\/1517"}],"replies":[{"embeddable":true,"href":"https:\/\/edurec.ge.ch\/site\/cfpt-informatique\/wp-json\/wp\/v2\/comments?post=25"}],"version-history":[{"count":18,"href":"https:\/\/edurec.ge.ch\/site\/cfpt-informatique\/wp-json\/wp\/v2\/pages\/25\/revisions"}],"predecessor-version":[{"id":5253,"href":"https:\/\/edurec.ge.ch\/site\/cfpt-informatique\/wp-json\/wp\/v2\/pages\/25\/revisions\/5253"}],"wp:featuredmedia":[{"embeddable":true,"href":"https:\/\/edurec.ge.ch\/site\/cfpt-informatique\/wp-json\/wp\/v2\/media\/1132"}],"wp:attachment":[{"href":"https:\/\/edurec.ge.ch\/site\/cfpt-informatique\/wp-json\/wp\/v2\/media?parent=25"}],"curies":[{"name":"wp","href":"https:\/\/api.w.org\/{rel}","templated":true}]}}