{"id":22,"date":"2016-08-25T15:55:55","date_gmt":"2016-08-25T14:55:55","guid":{"rendered":"https:\/\/edurec.ge.ch\/site\/cfpt-informatique\/?page_id=22"},"modified":"2025-02-08T19:00:05","modified_gmt":"2025-02-08T18:00:05","slug":"le-metier-dinformaticien","status":"publish","type":"page","link":"https:\/\/edurec.ge.ch\/site\/cfpt-informatique\/metier-et-formations\/le-metier-dinformaticien\/","title":{"rendered":"Le m\u00e9tier d&rsquo;informaticien"},"content":{"rendered":"<h1>Description<\/h1>\n<div class=\"su-quote su-quote-style-default\"><div class=\"su-quote-inner su-u-clearfix su-u-trim\">\n<p>L&rsquo;informaticien ou l&rsquo;informaticienne con\u00e7oivent, d\u00e9veloppent, r\u00e9alisent, int\u00e8grent, installent, mettent en service et maintiennent des syst\u00e8mes et applications informatiques, et assurent le support pour les utilisateurs. Ils s&rsquo;occupent du mat\u00e9riel et des logiciels des ordinateurs individuels ou reli\u00e9s \u00e0 un r\u00e9seau ainsi que des syst\u00e8mes de saisies de donn\u00e9es, de transmission et de commandes de processus.<\/p>\n<\/div><\/div>\n<div class=\"su-row\">\n<div class=\"su-column su-column-size-1-2\"><div class=\"su-column-inner su-u-clearfix su-u-trim\">\n<p>Leurs principales activit\u00e9s consistent \u00e0:<\/p>\n<ul>\n<li>installer des appareils informatiques et des r\u00e9seaux, assembler les diff\u00e9rents \u00e9l\u00e9ments et les monter;<\/li>\n<li>\u00e9tablir et traiter, de mani\u00e8re autonome, des parties de projets de groupe formant un ensemble;<\/li>\n<li>analyser et apprendre \u00e0 utiliser les nouveaux logiciels, avec leurs avantages, leurs inconv\u00e9nients et leurs co\u00fbts;<\/li>\n<li>proc\u00e9der \u00e0 des phases d&rsquo;essai du mat\u00e9riel informatique et de logiciels et les mettre \u00e0 jour;<\/li>\n<li>planifier les travaux et \u00e9tablir un cahier des charges;<\/li>\n<li>former le personnel d&rsquo;une entreprise \u00e0 l&rsquo;utilisation des postes de travail;<\/li>\n<li>pr\u00e9parer des bulletins d&rsquo;information sur les nouveaux instruments de travail logiciels et leur fonctionnement;<\/li>\n<\/ul>\n<\/div><\/div>\n<div class=\"su-column su-column-size-1-2\"><div class=\"su-column-inner su-u-clearfix su-u-trim\"><a href=\"https:\/\/edurec.ge.ch\/site\/cfpt-informatique\/wp-content\/uploads\/sites\/115\/2016\/08\/technology-785742_1920-1.jpg\"><img loading=\"lazy\" decoding=\"async\" class=\"size-medium wp-image-227 aligncenter\" src=\"https:\/\/edurec.ge.ch\/site\/cfpt-informatique\/wp-content\/uploads\/sites\/115\/2016\/08\/technology-785742_1920-1-300x200.jpg\" alt=\"image clavier\" width=\"300\" height=\"200\" srcset=\"https:\/\/edurec.ge.ch\/site\/cfpt-informatique\/wp-content\/uploads\/sites\/115\/2016\/08\/technology-785742_1920-1-300x200.jpg 300w, https:\/\/edurec.ge.ch\/site\/cfpt-informatique\/wp-content\/uploads\/sites\/115\/2016\/08\/technology-785742_1920-1-768x512.jpg 768w, https:\/\/edurec.ge.ch\/site\/cfpt-informatique\/wp-content\/uploads\/sites\/115\/2016\/08\/technology-785742_1920-1-1024x683.jpg 1024w, https:\/\/edurec.ge.ch\/site\/cfpt-informatique\/wp-content\/uploads\/sites\/115\/2016\/08\/technology-785742_1920-1-272x182.jpg 272w, https:\/\/edurec.ge.ch\/site\/cfpt-informatique\/wp-content\/uploads\/sites\/115\/2016\/08\/technology-785742_1920-1.jpg 1920w\" sizes=\"auto, (max-width: 300px) 100vw, 300px\" \/><\/a><\/div><\/div>\n<\/div>\n<div class=\"su-spacer\" style=\"height:20px\"><\/div>\n<h2>Orientation D\u00e9veloppement d&rsquo;applications<\/h2>\n<ul>\n<li>analyser les exigences du client et v\u00e9rifier la faisabilit\u00e9 technique de l\u2019installation et de l\u2019utilisation d\u2019applications et d\u2019interfaces;<\/li>\n<li>\u00e9laborer diverses propositions de solutions pour l\u2019implantation d\u2019une application;<\/li>\n<li>d\u00e9velopper et programmer des applications en utilisant des logiciels et des langages informatiques appropri\u00e9s;<\/li>\n<li>v\u00e9rifier la qualit\u00e9 et la s\u00e9curit\u00e9 des applications et des interfaces;<\/li>\n<li>installer l\u2019application sur la plateforme appropri\u00e9e et en assurer le bon fonctionnement<\/li>\n<\/ul>\n<div class=\"su-spacer\" style=\"height:20px\"><\/div>\n<h2>Orientation Exploitation et infrastructure<\/h2>\n<ul>\n<li>assurer le fonctionnement de l\u2019infrastructure informatique et de ses services en ad\u00e9quation avec les exigences de la client\u00e8le;<\/li>\n<li>installer, configurer, d\u00e9velopper et surveiller le r\u00e9seau et son exploitation;<\/li>\n<li>mettre en \u0153uvre, g\u00e9rer et assurer la maintenance et la s\u00e9curit\u00e9 des syst\u00e8mes de serveurs et de leurs services;<\/li>\n<\/ul>\n<div class=\"su-spacer\" style=\"height:20px\"><\/div>\n<p>&nbsp;<\/p>\n<h2>Orientation Op\u00e9rateur en informatique<\/h2>\n<ul>\n<li>mettre en place et configurer des appareils (ordinateurs, imprimantes, tablettes, smartphones, etc.) ainsi que des syst\u00e8mes d&rsquo;exploitation selon les directives de l&rsquo;entreprise, par exemple pour pr\u00e9parer un nouveau poste de travail;<\/li>\n<li>assurer la maintenance du mat\u00e9riel install\u00e9;<\/li>\n<li>installer, param\u00e9trer et mettre \u00e0 jour des applications et des logiciels;<\/li>\n<li>modifier les caract\u00e9ristiques techniques du mat\u00e9riel, des logiciels ou d&rsquo;un r\u00e9seau (augmenter la m\u00e9moire, ajouter une carte r\u00e9seau, etc.);<\/li>\n<li>\u00e9laborer et documenter des tests, les ex\u00e9cuter et r\u00e9soudre les \u00e9ventuels probl\u00e8mes;<\/li>\n<li>appliquer et adapter des programmes informatiques d&rsquo;automatisation;<\/li>\n<li>participer \u00e0 des projets touchant l&rsquo;infrastructure des technologies de l&rsquo;information et de la communication d&rsquo;une entreprise (par exemple lors du d\u00e9m\u00e9nagement d&rsquo;un d\u00e9partement \u00e0 l&rsquo;interne);<\/li>\n<\/ul>\n<div class=\"su-spacer\" style=\"height:20px\"><\/div>\n<h2>Environnement de travail<\/h2>\n<p>Les informaticiens travaillent g\u00e9n\u00e9ralement en \u00e9quipe avec d&rsquo;autres sp\u00e9cialistes en informatique ainsi qu&rsquo;avec des personnes responsables de la gestion de l&rsquo;entreprise. Leurs horaires de travail sont en principe r\u00e9guliers, mais peuvent \u00eatre tr\u00e8s charg\u00e9s lors de la mise au point d&rsquo;applications ou de recherche d&rsquo;erreurs de programmation.<\/p>\n<div class=\"su-spacer\" style=\"height:20px\"><\/div>\n<h1>Formation<\/h1>\n<p>La formation d&rsquo;informaticien ou d&rsquo;informaticienne s&rsquo;acquiert par un apprentissage en entreprise ou en \u00e9cole \u00e0 plein temps dans l&rsquo;une des deux orientations: technique des syst\u00e8mes; d\u00e9veloppement d\u2019applications, Exploitation et Infrastructure et Op\u00e9rateur en informatique<\/p>\n<div class=\"su-spacer\" style=\"height:20px\"><\/div>\n<h2>Lieux<\/h2>\n<h3>En entreprise<\/h3>\n<ul>\n<li>formation pratique (3 jours par semaine, en moyenne) en entreprise;<\/li>\n<li>formation th\u00e9orique (2 jours par semaine, en moyenne) \u00e0 l&rsquo;\u00e9cole professionnelle;<\/li>\n<li>cours interentreprises (35 jours sur 3 ou 4 ans).<\/li>\n<\/ul>\n<h3>En \u00e9cole<\/h3>\n<ul>\n<li>th\u00e9orie et pratique Gen\u00e8ve.<\/li>\n<\/ul>\n<div class=\"su-spacer\" style=\"height:20px\"><\/div>\n<h2>Dur\u00e9e<\/h2>\n<p>Orientation op\u00e9rateur : 3 ans<\/p>\n<p>Orientations informaticiens DA et EI : 4 ans en entreprise, de 3 \u00e0 4 ans en \u00e9cole.<\/p>\n<div class=\"su-spacer\" style=\"height:20px\"><\/div>\n<h2>Conditions d&rsquo;admission<\/h2>\n<ul>\n<li>scolarit\u00e9 obligatoire achev\u00e9e;<\/li>\n<li>certaines entreprises ou \u00e9coles recourent \u00e0 un examen d&rsquo;admission.<\/li>\n<\/ul>\n<div class=\"su-spacer\" style=\"height:20px\"><\/div>\n<h2>Titre obtenu<\/h2>\n<p>certificat f\u00e9d\u00e9ral de capacit\u00e9 (CFC) d&rsquo;informaticien ou d\u2019informaticienne avec mention de l&rsquo;orientation, ou d&rsquo;op\u00e9rateur en informatique.<\/p>\n<p>Possibilit\u00e9 d&rsquo;obtenir une maturit\u00e9 professionnelle pendant l&rsquo;apprentissage ou apr\u00e8s l&rsquo;obtention du CFC, selon des modalit\u00e9s variables d&rsquo;un canton \u00e0 l&rsquo;autre.<\/p>\n<div class=\"su-spacer\" style=\"height:20px\"><\/div>\n<h1>Perspectives professionnelles<\/h1>\n<p>L&rsquo;informaticien ou l&rsquo;informaticienne travaillent dans les secteurs les plus divers: entreprises de fabrication, de montage, d&rsquo;installation et d&rsquo;entretien de syst\u00e8mes informatiques, soci\u00e9t\u00e9s de vente et de maintenance de logiciels, entreprises industrielles, soci\u00e9t\u00e9s de services, institutions et administrations utilisant des \u00e9quipements informatiques.<\/p>\n<div class=\"su-spacer\" style=\"height:20px\"><\/div>\n<h1>Perfectionnement<\/h1>\n<p>Les informaticiens peuvent envisager les perfectionnements suivants:<\/p>\n<ul>\n<li>informaticien ES<\/li>\n<li>brevet f\u00e9d\u00e9ral d&rsquo;informaticien-ne en d\u00e9veloppement d&rsquo;applications TIC, formation modulaire en emploi, divers lieux de Suisse romande;<\/li>\n<li>brevet f\u00e9d\u00e9ral d&rsquo;informaticien-ne en technique des syst\u00e8mes et r\u00e9seaux TIC, formation modulaire en emploi, divers lieux de Suisse romande;<\/li>\n<li>brevet f\u00e9d\u00e9ral d&rsquo;informaticien-ne de gestion, formation modulaire en emploi, divers lieux de Suisse romande;<\/li>\n<li>dipl\u00f4me f\u00e9d\u00e9ral d&rsquo;ICT Manager, 3 \u00e0 4 semestres en emploi, divers lieux de Suisse romande;<\/li>\n<li>dipl\u00f4me d&rsquo;informaticien-ne de gestion ES, \u00e0 plein temps ou en emploi, divers lieux de Suisse romande;<\/li>\n<li>dipl\u00f4me de technicien-ne ES en informatique, \u00e0 plein temps, divers lieux de Suisse romande;<\/li>\n<li>Bachelor of Science HES en informatique, 3 \u00e0 4 ans \u00e0 plein temps ou en emploi, divers lieux de Suisse romande ainsi que Bienne (enseignement bilingue);<\/li>\n<li>Bachelor of Science HES en informatique de gestion, 3 \u00e0 4 ans \u00e0 plein temps ou en emploi, Gen\u00e8ve, Neuch\u00e2tel, Sierre;<\/li>\n<li>etc&#8230;<\/li>\n<\/ul>\n<p style=\"text-align: right\"><em>ressources : <a href=\"https:\/\/www.orientation.ch\/dyn\/show\/1900?lang=fr&amp;id=152\">orientation.ch<\/a><\/em><\/p>\n","protected":false},"excerpt":{"rendered":"<p>Description Orientation D\u00e9veloppement d&rsquo;applications analyser les exigences du client et v\u00e9rifier la faisabilit\u00e9 technique de l\u2019installation et de l\u2019utilisation d\u2019applications et d\u2019interfaces; \u00e9laborer diverses propositions de solutions pour l\u2019implantation d\u2019une application; d\u00e9velopper et programmer des applications en utilisant des logiciels et des langages informatiques appropri\u00e9s; v\u00e9rifier la qualit\u00e9 et la s\u00e9curit\u00e9 des applications et des [&hellip;]<\/p>\n","protected":false},"author":1063,"featured_media":0,"parent":25,"menu_order":0,"comment_status":"closed","ping_status":"closed","template":"","meta":{"footnotes":""},"class_list":["post-22","page","type-page","status-publish","czr-hentry"],"yoast_head":"<!-- This site is optimized with the Yoast SEO plugin v26.4 - https:\/\/yoast.com\/wordpress\/plugins\/seo\/ -->\n<title>Le m\u00e9tier d&#039;informaticien - CFPT Informatique<\/title>\n<meta name=\"robots\" content=\"index, follow, max-snippet:-1, max-image-preview:large, max-video-preview:-1\" \/>\n<link rel=\"canonical\" href=\"https:\/\/edurec.ge.ch\/site\/cfpt-informatique\/metier-et-formations\/le-metier-dinformaticien\/\" \/>\n<meta property=\"og:locale\" content=\"fr_FR\" \/>\n<meta property=\"og:type\" content=\"article\" \/>\n<meta property=\"og:title\" content=\"Le m\u00e9tier d&#039;informaticien - CFPT Informatique\" \/>\n<meta property=\"og:description\" content=\"Description Orientation D\u00e9veloppement d&rsquo;applications analyser les exigences du client et v\u00e9rifier la faisabilit\u00e9 technique de l\u2019installation et de l\u2019utilisation d\u2019applications et d\u2019interfaces; \u00e9laborer diverses propositions de solutions pour l\u2019implantation d\u2019une application; d\u00e9velopper et programmer des applications en utilisant des logiciels et des langages informatiques appropri\u00e9s; v\u00e9rifier la qualit\u00e9 et la s\u00e9curit\u00e9 des applications et des [&hellip;]\" \/>\n<meta property=\"og:url\" content=\"https:\/\/edurec.ge.ch\/site\/cfpt-informatique\/metier-et-formations\/le-metier-dinformaticien\/\" \/>\n<meta property=\"og:site_name\" content=\"CFPT Informatique\" \/>\n<meta property=\"article:modified_time\" content=\"2025-02-08T18:00:05+00:00\" \/>\n<meta property=\"og:image\" content=\"https:\/\/edurec.ge.ch\/site\/cfpt-informatique\/wp-content\/uploads\/sites\/115\/2016\/08\/technology-785742_1920-1-300x200.jpg\" \/>\n<meta name=\"twitter:card\" content=\"summary_large_image\" \/>\n<meta name=\"twitter:label1\" content=\"Dur\u00e9e de lecture estim\u00e9e\" \/>\n\t<meta name=\"twitter:data1\" content=\"5 minutes\" \/>\n<script type=\"application\/ld+json\" class=\"yoast-schema-graph\">{\"@context\":\"https:\/\/schema.org\",\"@graph\":[{\"@type\":\"WebPage\",\"@id\":\"https:\/\/edurec.ge.ch\/site\/cfpt-informatique\/metier-et-formations\/le-metier-dinformaticien\/\",\"url\":\"https:\/\/edurec.ge.ch\/site\/cfpt-informatique\/metier-et-formations\/le-metier-dinformaticien\/\",\"name\":\"Le m\u00e9tier d'informaticien - CFPT Informatique\",\"isPartOf\":{\"@id\":\"https:\/\/edurec.ge.ch\/site\/cfpt-informatique\/#website\"},\"primaryImageOfPage\":{\"@id\":\"https:\/\/edurec.ge.ch\/site\/cfpt-informatique\/metier-et-formations\/le-metier-dinformaticien\/#primaryimage\"},\"image\":{\"@id\":\"https:\/\/edurec.ge.ch\/site\/cfpt-informatique\/metier-et-formations\/le-metier-dinformaticien\/#primaryimage\"},\"thumbnailUrl\":\"https:\/\/edurec.ge.ch\/site\/cfpt-informatique\/wp-content\/uploads\/sites\/115\/2016\/08\/technology-785742_1920-1-300x200.jpg\",\"datePublished\":\"2016-08-25T14:55:55+00:00\",\"dateModified\":\"2025-02-08T18:00:05+00:00\",\"breadcrumb\":{\"@id\":\"https:\/\/edurec.ge.ch\/site\/cfpt-informatique\/metier-et-formations\/le-metier-dinformaticien\/#breadcrumb\"},\"inLanguage\":\"fr-FR\",\"potentialAction\":[{\"@type\":\"ReadAction\",\"target\":[\"https:\/\/edurec.ge.ch\/site\/cfpt-informatique\/metier-et-formations\/le-metier-dinformaticien\/\"]}]},{\"@type\":\"ImageObject\",\"inLanguage\":\"fr-FR\",\"@id\":\"https:\/\/edurec.ge.ch\/site\/cfpt-informatique\/metier-et-formations\/le-metier-dinformaticien\/#primaryimage\",\"url\":\"https:\/\/edurec.ge.ch\/site\/cfpt-informatique\/wp-content\/uploads\/sites\/115\/2016\/08\/technology-785742_1920-1.jpg\",\"contentUrl\":\"https:\/\/edurec.ge.ch\/site\/cfpt-informatique\/wp-content\/uploads\/sites\/115\/2016\/08\/technology-785742_1920-1.jpg\",\"width\":1920,\"height\":1280,\"caption\":\"image clavier\"},{\"@type\":\"BreadcrumbList\",\"@id\":\"https:\/\/edurec.ge.ch\/site\/cfpt-informatique\/metier-et-formations\/le-metier-dinformaticien\/#breadcrumb\",\"itemListElement\":[{\"@type\":\"ListItem\",\"position\":1,\"name\":\"Accueil\",\"item\":\"https:\/\/edurec.ge.ch\/site\/cfpt-informatique\/\"},{\"@type\":\"ListItem\",\"position\":2,\"name\":\"Les formations au CFPT informatique\",\"item\":\"https:\/\/edurec.ge.ch\/site\/cfpt-informatique\/metier-et-formations\/\"},{\"@type\":\"ListItem\",\"position\":3,\"name\":\"Le m\u00e9tier d&rsquo;informaticien\"}]},{\"@type\":\"WebSite\",\"@id\":\"https:\/\/edurec.ge.ch\/site\/cfpt-informatique\/#website\",\"url\":\"https:\/\/edurec.ge.ch\/site\/cfpt-informatique\/\",\"name\":\"CFPT Informatique\",\"description\":\"CFPT Informatique\",\"potentialAction\":[{\"@type\":\"SearchAction\",\"target\":{\"@type\":\"EntryPoint\",\"urlTemplate\":\"https:\/\/edurec.ge.ch\/site\/cfpt-informatique\/?s={search_term_string}\"},\"query-input\":{\"@type\":\"PropertyValueSpecification\",\"valueRequired\":true,\"valueName\":\"search_term_string\"}}],\"inLanguage\":\"fr-FR\"}]}<\/script>\n<!-- \/ Yoast SEO plugin. -->","yoast_head_json":{"title":"Le m\u00e9tier d'informaticien - CFPT Informatique","robots":{"index":"index","follow":"follow","max-snippet":"max-snippet:-1","max-image-preview":"max-image-preview:large","max-video-preview":"max-video-preview:-1"},"canonical":"https:\/\/edurec.ge.ch\/site\/cfpt-informatique\/metier-et-formations\/le-metier-dinformaticien\/","og_locale":"fr_FR","og_type":"article","og_title":"Le m\u00e9tier d'informaticien - CFPT Informatique","og_description":"Description Orientation D\u00e9veloppement d&rsquo;applications analyser les exigences du client et v\u00e9rifier la faisabilit\u00e9 technique de l\u2019installation et de l\u2019utilisation d\u2019applications et d\u2019interfaces; \u00e9laborer diverses propositions de solutions pour l\u2019implantation d\u2019une application; d\u00e9velopper et programmer des applications en utilisant des logiciels et des langages informatiques appropri\u00e9s; v\u00e9rifier la qualit\u00e9 et la s\u00e9curit\u00e9 des applications et des [&hellip;]","og_url":"https:\/\/edurec.ge.ch\/site\/cfpt-informatique\/metier-et-formations\/le-metier-dinformaticien\/","og_site_name":"CFPT Informatique","article_modified_time":"2025-02-08T18:00:05+00:00","og_image":[{"url":"https:\/\/edurec.ge.ch\/site\/cfpt-informatique\/wp-content\/uploads\/sites\/115\/2016\/08\/technology-785742_1920-1-300x200.jpg","type":"","width":"","height":""}],"twitter_card":"summary_large_image","twitter_misc":{"Dur\u00e9e de lecture estim\u00e9e":"5 minutes"},"schema":{"@context":"https:\/\/schema.org","@graph":[{"@type":"WebPage","@id":"https:\/\/edurec.ge.ch\/site\/cfpt-informatique\/metier-et-formations\/le-metier-dinformaticien\/","url":"https:\/\/edurec.ge.ch\/site\/cfpt-informatique\/metier-et-formations\/le-metier-dinformaticien\/","name":"Le m\u00e9tier d'informaticien - CFPT Informatique","isPartOf":{"@id":"https:\/\/edurec.ge.ch\/site\/cfpt-informatique\/#website"},"primaryImageOfPage":{"@id":"https:\/\/edurec.ge.ch\/site\/cfpt-informatique\/metier-et-formations\/le-metier-dinformaticien\/#primaryimage"},"image":{"@id":"https:\/\/edurec.ge.ch\/site\/cfpt-informatique\/metier-et-formations\/le-metier-dinformaticien\/#primaryimage"},"thumbnailUrl":"https:\/\/edurec.ge.ch\/site\/cfpt-informatique\/wp-content\/uploads\/sites\/115\/2016\/08\/technology-785742_1920-1-300x200.jpg","datePublished":"2016-08-25T14:55:55+00:00","dateModified":"2025-02-08T18:00:05+00:00","breadcrumb":{"@id":"https:\/\/edurec.ge.ch\/site\/cfpt-informatique\/metier-et-formations\/le-metier-dinformaticien\/#breadcrumb"},"inLanguage":"fr-FR","potentialAction":[{"@type":"ReadAction","target":["https:\/\/edurec.ge.ch\/site\/cfpt-informatique\/metier-et-formations\/le-metier-dinformaticien\/"]}]},{"@type":"ImageObject","inLanguage":"fr-FR","@id":"https:\/\/edurec.ge.ch\/site\/cfpt-informatique\/metier-et-formations\/le-metier-dinformaticien\/#primaryimage","url":"https:\/\/edurec.ge.ch\/site\/cfpt-informatique\/wp-content\/uploads\/sites\/115\/2016\/08\/technology-785742_1920-1.jpg","contentUrl":"https:\/\/edurec.ge.ch\/site\/cfpt-informatique\/wp-content\/uploads\/sites\/115\/2016\/08\/technology-785742_1920-1.jpg","width":1920,"height":1280,"caption":"image clavier"},{"@type":"BreadcrumbList","@id":"https:\/\/edurec.ge.ch\/site\/cfpt-informatique\/metier-et-formations\/le-metier-dinformaticien\/#breadcrumb","itemListElement":[{"@type":"ListItem","position":1,"name":"Accueil","item":"https:\/\/edurec.ge.ch\/site\/cfpt-informatique\/"},{"@type":"ListItem","position":2,"name":"Les formations au CFPT informatique","item":"https:\/\/edurec.ge.ch\/site\/cfpt-informatique\/metier-et-formations\/"},{"@type":"ListItem","position":3,"name":"Le m\u00e9tier d&rsquo;informaticien"}]},{"@type":"WebSite","@id":"https:\/\/edurec.ge.ch\/site\/cfpt-informatique\/#website","url":"https:\/\/edurec.ge.ch\/site\/cfpt-informatique\/","name":"CFPT Informatique","description":"CFPT Informatique","potentialAction":[{"@type":"SearchAction","target":{"@type":"EntryPoint","urlTemplate":"https:\/\/edurec.ge.ch\/site\/cfpt-informatique\/?s={search_term_string}"},"query-input":{"@type":"PropertyValueSpecification","valueRequired":true,"valueName":"search_term_string"}}],"inLanguage":"fr-FR"}]}},"publishpress_future_action":{"enabled":false,"date":"2026-05-24 16:32:56","action":"change-status","newStatus":"draft","terms":[],"taxonomy":"","extraData":[]},"publishpress_future_workflow_manual_trigger":{"enabledWorkflows":[]},"_links":{"self":[{"href":"https:\/\/edurec.ge.ch\/site\/cfpt-informatique\/wp-json\/wp\/v2\/pages\/22","targetHints":{"allow":["GET"]}}],"collection":[{"href":"https:\/\/edurec.ge.ch\/site\/cfpt-informatique\/wp-json\/wp\/v2\/pages"}],"about":[{"href":"https:\/\/edurec.ge.ch\/site\/cfpt-informatique\/wp-json\/wp\/v2\/types\/page"}],"author":[{"embeddable":true,"href":"https:\/\/edurec.ge.ch\/site\/cfpt-informatique\/wp-json\/wp\/v2\/users\/1063"}],"replies":[{"embeddable":true,"href":"https:\/\/edurec.ge.ch\/site\/cfpt-informatique\/wp-json\/wp\/v2\/comments?post=22"}],"version-history":[{"count":18,"href":"https:\/\/edurec.ge.ch\/site\/cfpt-informatique\/wp-json\/wp\/v2\/pages\/22\/revisions"}],"predecessor-version":[{"id":5294,"href":"https:\/\/edurec.ge.ch\/site\/cfpt-informatique\/wp-json\/wp\/v2\/pages\/22\/revisions\/5294"}],"up":[{"embeddable":true,"href":"https:\/\/edurec.ge.ch\/site\/cfpt-informatique\/wp-json\/wp\/v2\/pages\/25"}],"wp:attachment":[{"href":"https:\/\/edurec.ge.ch\/site\/cfpt-informatique\/wp-json\/wp\/v2\/media?parent=22"}],"curies":[{"name":"wp","href":"https:\/\/api.w.org\/{rel}","templated":true}]}}