{"id":121,"date":"2022-02-08T09:21:04","date_gmt":"2022-02-08T08:21:04","guid":{"rendered":"https:\/\/edurec.ge.ch\/site\/cfpt-informatique\/?page_id=121"},"modified":"2025-01-08T08:19:48","modified_gmt":"2025-01-08T07:19:48","slug":"admission-et-inscription","status":"publish","type":"page","link":"https:\/\/edurec.ge.ch\/site\/cfpt-informatique\/metier-et-formations\/admission-et-inscription\/","title":{"rendered":"Admission et inscription"},"content":{"rendered":"<h2><a href=\"https:\/\/edurec.ge.ch\/site\/cfpt-informatique\/wp-content\/uploads\/sites\/115\/2019\/06\/computer-3219130_640.jpg\"><img loading=\"lazy\" decoding=\"async\" class=\"size-medium wp-image-2481 alignright\" src=\"https:\/\/edurec.ge.ch\/site\/cfpt-informatique\/wp-content\/uploads\/sites\/115\/2019\/06\/computer-3219130_640-300x199.jpg\" alt=\"\" width=\"300\" height=\"199\" srcset=\"https:\/\/edurec.ge.ch\/site\/cfpt-informatique\/wp-content\/uploads\/sites\/115\/2019\/06\/computer-3219130_640-300x199.jpg 300w, https:\/\/edurec.ge.ch\/site\/cfpt-informatique\/wp-content\/uploads\/sites\/115\/2019\/06\/computer-3219130_640.jpg 640w\" sizes=\"auto, (max-width: 300px) 100vw, 300px\" \/><\/a><\/h2>\n<h2>Admission<\/h2>\n<p><strong>Formations CFC<\/strong><\/p>\n<p>56 places pour le <strong>CFC plein temps<\/strong> <strong>Informaticienne et informaticien orientation d\u00e9veloppement d&rsquo;applications<\/strong>\u00a0pour les formations 3 et 4 ans (pas de limitation concernant la partie MPT).<\/p>\n<p>14 places d&rsquo;apprentissage <strong>pour le CFC d&rsquo;Op\u00e9ratrice et op\u00e9rateur en informatique plein temps.<\/strong><\/p>\n<p>Il n&rsquo;y a pas de limitation de places pour la formation <strong>Duale<\/strong>. L&rsquo;admission \u00e0 l&rsquo;\u00e9cole d&rsquo;informatique, pour les cours de th\u00e9orie, est automatique apr\u00e8s la signature du contrat avec un employeur.<\/p>\n<div class=\"su-spacer\" style=\"height:20px\"><\/div>\n<h2>Conditions et dates pour l&rsquo;inscription au CFC<\/h2>\n<p>Les inscriptions pour l&rsquo;ann\u00e9e 2025-2026 sont ouvertes <strong>du 20 janvier au 28 f\u00e9vrier 2025<br \/>\n<\/strong>et se font en ligne, depuis votre espace e-d\u00e9marches !<\/p>\n<p>Vous trouverez les conditions ainsi que le formulaire d&rsquo;inscription en consultant l&rsquo;adresse :<br \/>\n<a href=\"https:\/\/www.ge.ch\/inscription-enseignement-secondaire-ii\">https:\/\/www.ge.ch\/inscription-enseignement-secondaire-ii<\/a><\/p>\n<p style=\"text-align: center\">\n","protected":false},"excerpt":{"rendered":"<p>Admission Formations CFC 56 places pour le CFC plein temps Informaticienne et informaticien orientation d\u00e9veloppement d&rsquo;applications\u00a0pour les formations 3 et 4 ans (pas de limitation concernant la partie MPT). 14 places d&rsquo;apprentissage pour le CFC d&rsquo;Op\u00e9ratrice et op\u00e9rateur en informatique plein temps. Il n&rsquo;y a pas de limitation de places pour la formation Duale. L&rsquo;admission [&hellip;]<\/p>\n","protected":false},"author":1063,"featured_media":0,"parent":25,"menu_order":5,"comment_status":"closed","ping_status":"closed","template":"","meta":{"footnotes":""},"class_list":["post-121","page","type-page","status-publish","czr-hentry"],"yoast_head":"<!-- This site is optimized with the Yoast SEO plugin v26.4 - https:\/\/yoast.com\/wordpress\/plugins\/seo\/ -->\n<title>Admission et inscription - CFPT Informatique<\/title>\n<meta name=\"robots\" content=\"index, follow, max-snippet:-1, max-image-preview:large, max-video-preview:-1\" \/>\n<link rel=\"canonical\" href=\"https:\/\/edurec.ge.ch\/site\/cfpt-informatique\/metier-et-formations\/admission-et-inscription\/\" \/>\n<meta property=\"og:locale\" content=\"fr_FR\" \/>\n<meta property=\"og:type\" content=\"article\" \/>\n<meta property=\"og:title\" content=\"Admission et inscription - CFPT Informatique\" \/>\n<meta property=\"og:description\" content=\"Admission Formations CFC 56 places pour le CFC plein temps Informaticienne et informaticien orientation d\u00e9veloppement d&rsquo;applications\u00a0pour les formations 3 et 4 ans (pas de limitation concernant la partie MPT). 14 places d&rsquo;apprentissage pour le CFC d&rsquo;Op\u00e9ratrice et op\u00e9rateur en informatique plein temps. Il n&rsquo;y a pas de limitation de places pour la formation Duale. L&rsquo;admission [&hellip;]\" \/>\n<meta property=\"og:url\" content=\"https:\/\/edurec.ge.ch\/site\/cfpt-informatique\/metier-et-formations\/admission-et-inscription\/\" \/>\n<meta property=\"og:site_name\" content=\"CFPT Informatique\" \/>\n<meta property=\"article:modified_time\" content=\"2025-01-08T07:19:48+00:00\" \/>\n<meta property=\"og:image\" content=\"https:\/\/edurec.ge.ch\/site\/cfpt-informatique\/wp-content\/uploads\/sites\/115\/2019\/06\/computer-3219130_640-300x199.jpg\" \/>\n<meta name=\"twitter:card\" content=\"summary_large_image\" \/>\n<meta name=\"twitter:label1\" content=\"Dur\u00e9e de lecture estim\u00e9e\" \/>\n\t<meta name=\"twitter:data1\" content=\"1 minute\" \/>\n<script type=\"application\/ld+json\" class=\"yoast-schema-graph\">{\"@context\":\"https:\/\/schema.org\",\"@graph\":[{\"@type\":\"WebPage\",\"@id\":\"https:\/\/edurec.ge.ch\/site\/cfpt-informatique\/metier-et-formations\/admission-et-inscription\/\",\"url\":\"https:\/\/edurec.ge.ch\/site\/cfpt-informatique\/metier-et-formations\/admission-et-inscription\/\",\"name\":\"Admission et inscription - CFPT Informatique\",\"isPartOf\":{\"@id\":\"https:\/\/edurec.ge.ch\/site\/cfpt-informatique\/#website\"},\"primaryImageOfPage\":{\"@id\":\"https:\/\/edurec.ge.ch\/site\/cfpt-informatique\/metier-et-formations\/admission-et-inscription\/#primaryimage\"},\"image\":{\"@id\":\"https:\/\/edurec.ge.ch\/site\/cfpt-informatique\/metier-et-formations\/admission-et-inscription\/#primaryimage\"},\"thumbnailUrl\":\"https:\/\/edurec.ge.ch\/site\/cfpt-informatique\/wp-content\/uploads\/sites\/115\/2019\/06\/computer-3219130_640-300x199.jpg\",\"datePublished\":\"2022-02-08T08:21:04+00:00\",\"dateModified\":\"2025-01-08T07:19:48+00:00\",\"breadcrumb\":{\"@id\":\"https:\/\/edurec.ge.ch\/site\/cfpt-informatique\/metier-et-formations\/admission-et-inscription\/#breadcrumb\"},\"inLanguage\":\"fr-FR\",\"potentialAction\":[{\"@type\":\"ReadAction\",\"target\":[\"https:\/\/edurec.ge.ch\/site\/cfpt-informatique\/metier-et-formations\/admission-et-inscription\/\"]}]},{\"@type\":\"ImageObject\",\"inLanguage\":\"fr-FR\",\"@id\":\"https:\/\/edurec.ge.ch\/site\/cfpt-informatique\/metier-et-formations\/admission-et-inscription\/#primaryimage\",\"url\":\"https:\/\/edurec.ge.ch\/site\/cfpt-informatique\/wp-content\/uploads\/sites\/115\/2019\/06\/computer-3219130_640.jpg\",\"contentUrl\":\"https:\/\/edurec.ge.ch\/site\/cfpt-informatique\/wp-content\/uploads\/sites\/115\/2019\/06\/computer-3219130_640.jpg\",\"width\":640,\"height\":425},{\"@type\":\"BreadcrumbList\",\"@id\":\"https:\/\/edurec.ge.ch\/site\/cfpt-informatique\/metier-et-formations\/admission-et-inscription\/#breadcrumb\",\"itemListElement\":[{\"@type\":\"ListItem\",\"position\":1,\"name\":\"Accueil\",\"item\":\"https:\/\/edurec.ge.ch\/site\/cfpt-informatique\/\"},{\"@type\":\"ListItem\",\"position\":2,\"name\":\"Les formations au CFPT informatique\",\"item\":\"https:\/\/edurec.ge.ch\/site\/cfpt-informatique\/metier-et-formations\/\"},{\"@type\":\"ListItem\",\"position\":3,\"name\":\"Admission et inscription\"}]},{\"@type\":\"WebSite\",\"@id\":\"https:\/\/edurec.ge.ch\/site\/cfpt-informatique\/#website\",\"url\":\"https:\/\/edurec.ge.ch\/site\/cfpt-informatique\/\",\"name\":\"CFPT Informatique\",\"description\":\"CFPT Informatique\",\"potentialAction\":[{\"@type\":\"SearchAction\",\"target\":{\"@type\":\"EntryPoint\",\"urlTemplate\":\"https:\/\/edurec.ge.ch\/site\/cfpt-informatique\/?s={search_term_string}\"},\"query-input\":{\"@type\":\"PropertyValueSpecification\",\"valueRequired\":true,\"valueName\":\"search_term_string\"}}],\"inLanguage\":\"fr-FR\"}]}<\/script>\n<!-- \/ Yoast SEO plugin. -->","yoast_head_json":{"title":"Admission et inscription - CFPT Informatique","robots":{"index":"index","follow":"follow","max-snippet":"max-snippet:-1","max-image-preview":"max-image-preview:large","max-video-preview":"max-video-preview:-1"},"canonical":"https:\/\/edurec.ge.ch\/site\/cfpt-informatique\/metier-et-formations\/admission-et-inscription\/","og_locale":"fr_FR","og_type":"article","og_title":"Admission et inscription - CFPT Informatique","og_description":"Admission Formations CFC 56 places pour le CFC plein temps Informaticienne et informaticien orientation d\u00e9veloppement d&rsquo;applications\u00a0pour les formations 3 et 4 ans (pas de limitation concernant la partie MPT). 14 places d&rsquo;apprentissage pour le CFC d&rsquo;Op\u00e9ratrice et op\u00e9rateur en informatique plein temps. Il n&rsquo;y a pas de limitation de places pour la formation Duale. L&rsquo;admission [&hellip;]","og_url":"https:\/\/edurec.ge.ch\/site\/cfpt-informatique\/metier-et-formations\/admission-et-inscription\/","og_site_name":"CFPT Informatique","article_modified_time":"2025-01-08T07:19:48+00:00","og_image":[{"url":"https:\/\/edurec.ge.ch\/site\/cfpt-informatique\/wp-content\/uploads\/sites\/115\/2019\/06\/computer-3219130_640-300x199.jpg","type":"","width":"","height":""}],"twitter_card":"summary_large_image","twitter_misc":{"Dur\u00e9e de lecture estim\u00e9e":"1 minute"},"schema":{"@context":"https:\/\/schema.org","@graph":[{"@type":"WebPage","@id":"https:\/\/edurec.ge.ch\/site\/cfpt-informatique\/metier-et-formations\/admission-et-inscription\/","url":"https:\/\/edurec.ge.ch\/site\/cfpt-informatique\/metier-et-formations\/admission-et-inscription\/","name":"Admission et inscription - CFPT Informatique","isPartOf":{"@id":"https:\/\/edurec.ge.ch\/site\/cfpt-informatique\/#website"},"primaryImageOfPage":{"@id":"https:\/\/edurec.ge.ch\/site\/cfpt-informatique\/metier-et-formations\/admission-et-inscription\/#primaryimage"},"image":{"@id":"https:\/\/edurec.ge.ch\/site\/cfpt-informatique\/metier-et-formations\/admission-et-inscription\/#primaryimage"},"thumbnailUrl":"https:\/\/edurec.ge.ch\/site\/cfpt-informatique\/wp-content\/uploads\/sites\/115\/2019\/06\/computer-3219130_640-300x199.jpg","datePublished":"2022-02-08T08:21:04+00:00","dateModified":"2025-01-08T07:19:48+00:00","breadcrumb":{"@id":"https:\/\/edurec.ge.ch\/site\/cfpt-informatique\/metier-et-formations\/admission-et-inscription\/#breadcrumb"},"inLanguage":"fr-FR","potentialAction":[{"@type":"ReadAction","target":["https:\/\/edurec.ge.ch\/site\/cfpt-informatique\/metier-et-formations\/admission-et-inscription\/"]}]},{"@type":"ImageObject","inLanguage":"fr-FR","@id":"https:\/\/edurec.ge.ch\/site\/cfpt-informatique\/metier-et-formations\/admission-et-inscription\/#primaryimage","url":"https:\/\/edurec.ge.ch\/site\/cfpt-informatique\/wp-content\/uploads\/sites\/115\/2019\/06\/computer-3219130_640.jpg","contentUrl":"https:\/\/edurec.ge.ch\/site\/cfpt-informatique\/wp-content\/uploads\/sites\/115\/2019\/06\/computer-3219130_640.jpg","width":640,"height":425},{"@type":"BreadcrumbList","@id":"https:\/\/edurec.ge.ch\/site\/cfpt-informatique\/metier-et-formations\/admission-et-inscription\/#breadcrumb","itemListElement":[{"@type":"ListItem","position":1,"name":"Accueil","item":"https:\/\/edurec.ge.ch\/site\/cfpt-informatique\/"},{"@type":"ListItem","position":2,"name":"Les formations au CFPT informatique","item":"https:\/\/edurec.ge.ch\/site\/cfpt-informatique\/metier-et-formations\/"},{"@type":"ListItem","position":3,"name":"Admission et inscription"}]},{"@type":"WebSite","@id":"https:\/\/edurec.ge.ch\/site\/cfpt-informatique\/#website","url":"https:\/\/edurec.ge.ch\/site\/cfpt-informatique\/","name":"CFPT Informatique","description":"CFPT Informatique","potentialAction":[{"@type":"SearchAction","target":{"@type":"EntryPoint","urlTemplate":"https:\/\/edurec.ge.ch\/site\/cfpt-informatique\/?s={search_term_string}"},"query-input":{"@type":"PropertyValueSpecification","valueRequired":true,"valueName":"search_term_string"}}],"inLanguage":"fr-FR"}]}},"publishpress_future_action":{"enabled":false,"date":"2026-05-24 16:32:53","action":"change-status","newStatus":"draft","terms":[],"taxonomy":"","extraData":[]},"publishpress_future_workflow_manual_trigger":{"enabledWorkflows":[]},"_links":{"self":[{"href":"https:\/\/edurec.ge.ch\/site\/cfpt-informatique\/wp-json\/wp\/v2\/pages\/121","targetHints":{"allow":["GET"]}}],"collection":[{"href":"https:\/\/edurec.ge.ch\/site\/cfpt-informatique\/wp-json\/wp\/v2\/pages"}],"about":[{"href":"https:\/\/edurec.ge.ch\/site\/cfpt-informatique\/wp-json\/wp\/v2\/types\/page"}],"author":[{"embeddable":true,"href":"https:\/\/edurec.ge.ch\/site\/cfpt-informatique\/wp-json\/wp\/v2\/users\/1063"}],"replies":[{"embeddable":true,"href":"https:\/\/edurec.ge.ch\/site\/cfpt-informatique\/wp-json\/wp\/v2\/comments?post=121"}],"version-history":[{"count":17,"href":"https:\/\/edurec.ge.ch\/site\/cfpt-informatique\/wp-json\/wp\/v2\/pages\/121\/revisions"}],"predecessor-version":[{"id":5275,"href":"https:\/\/edurec.ge.ch\/site\/cfpt-informatique\/wp-json\/wp\/v2\/pages\/121\/revisions\/5275"}],"up":[{"embeddable":true,"href":"https:\/\/edurec.ge.ch\/site\/cfpt-informatique\/wp-json\/wp\/v2\/pages\/25"}],"wp:attachment":[{"href":"https:\/\/edurec.ge.ch\/site\/cfpt-informatique\/wp-json\/wp\/v2\/media?parent=121"}],"curies":[{"name":"wp","href":"https:\/\/api.w.org\/{rel}","templated":true}]}}