{"id":1007,"date":"2017-09-28T15:19:10","date_gmt":"2017-09-28T14:19:10","guid":{"rendered":"https:\/\/edurec.ge.ch\/site\/cfpt-informatique\/?page_id=1007"},"modified":"2019-10-16T14:12:38","modified_gmt":"2019-10-16T13:12:38","slug":"lecole-en-image","status":"publish","type":"page","link":"https:\/\/edurec.ge.ch\/site\/cfpt-informatique\/lecole-dinformatique\/lecole-en-image\/","title":{"rendered":"L&rsquo;\u00e9cole en image et vid\u00e9o"},"content":{"rendered":"<div class=\"su-custom-gallery su-custom-gallery-align-left su-custom-gallery-title-never su-lightbox-gallery\"><div class=\"su-custom-gallery-slide\" style=\"width:150px;height:150px\"><a href=\"https:\/\/edurec.ge.ch\/site\/cfpt-informatique\/wp-content\/uploads\/sites\/115\/2017\/09\/IMG_1097.jpg\" title=\"IMG_1097\"><img loading=\"lazy\" decoding=\"async\" src=\"https:\/\/edurec.ge.ch\/site\/cfpt-informatique\/wp-content\/uploads\/sites\/115\/2017\/09\/IMG_1097.jpg\" alt=\"IMG_1097\" width=\"150\" height=\"150\" \/><span class=\"su-custom-gallery-title\">IMG_1097<\/span><\/a><\/div><div class=\"su-custom-gallery-slide\" style=\"width:150px;height:150px\"><a href=\"https:\/\/edurec.ge.ch\/site\/cfpt-informatique\/wp-content\/uploads\/sites\/115\/2017\/09\/IMG_1095.jpg\" title=\"IMG_1095\"><img loading=\"lazy\" decoding=\"async\" src=\"https:\/\/edurec.ge.ch\/site\/cfpt-informatique\/wp-content\/uploads\/sites\/115\/2017\/09\/IMG_1095.jpg\" alt=\"IMG_1095\" width=\"150\" height=\"150\" \/><span class=\"su-custom-gallery-title\">IMG_1095<\/span><\/a><\/div><div class=\"su-custom-gallery-slide\" style=\"width:150px;height:150px\"><a href=\"https:\/\/edurec.ge.ch\/site\/cfpt-informatique\/wp-content\/uploads\/sites\/115\/2017\/09\/IMG_1094.jpg\" title=\"IMG_1094\"><img loading=\"lazy\" decoding=\"async\" src=\"https:\/\/edurec.ge.ch\/site\/cfpt-informatique\/wp-content\/uploads\/sites\/115\/2017\/09\/IMG_1094.jpg\" alt=\"IMG_1094\" width=\"150\" height=\"150\" \/><span class=\"su-custom-gallery-title\">IMG_1094<\/span><\/a><\/div><div class=\"su-custom-gallery-slide\" style=\"width:150px;height:150px\"><a href=\"https:\/\/edurec.ge.ch\/site\/cfpt-informatique\/wp-content\/uploads\/sites\/115\/2017\/09\/IMG_1093.jpg\" title=\"IMG_1093\"><img loading=\"lazy\" decoding=\"async\" src=\"https:\/\/edurec.ge.ch\/site\/cfpt-informatique\/wp-content\/uploads\/sites\/115\/2017\/09\/IMG_1093.jpg\" alt=\"IMG_1093\" width=\"150\" height=\"150\" \/><span class=\"su-custom-gallery-title\">IMG_1093<\/span><\/a><\/div><div class=\"su-custom-gallery-slide\" style=\"width:150px;height:150px\"><a href=\"https:\/\/edurec.ge.ch\/site\/cfpt-informatique\/wp-content\/uploads\/sites\/115\/2017\/09\/IMG_1088.jpg\" title=\"IMG_1088\"><img loading=\"lazy\" decoding=\"async\" src=\"https:\/\/edurec.ge.ch\/site\/cfpt-informatique\/wp-content\/uploads\/sites\/115\/2017\/09\/IMG_1088.jpg\" alt=\"IMG_1088\" width=\"150\" height=\"150\" \/><span class=\"su-custom-gallery-title\">IMG_1088<\/span><\/a><\/div><div class=\"su-custom-gallery-slide\" style=\"width:150px;height:150px\"><a href=\"https:\/\/edurec.ge.ch\/site\/cfpt-informatique\/wp-content\/uploads\/sites\/115\/2017\/09\/IMG_1086.jpg\" title=\"IMG_1086\"><img loading=\"lazy\" decoding=\"async\" src=\"https:\/\/edurec.ge.ch\/site\/cfpt-informatique\/wp-content\/uploads\/sites\/115\/2017\/09\/IMG_1086.jpg\" alt=\"IMG_1086\" width=\"150\" height=\"150\" \/><span class=\"su-custom-gallery-title\">IMG_1086<\/span><\/a><\/div><div class=\"su-custom-gallery-slide\" style=\"width:150px;height:150px\"><a href=\"https:\/\/edurec.ge.ch\/site\/cfpt-informatique\/wp-content\/uploads\/sites\/115\/2017\/09\/IMG_1082.jpg\" title=\"IMG_1082\"><img loading=\"lazy\" decoding=\"async\" src=\"https:\/\/edurec.ge.ch\/site\/cfpt-informatique\/wp-content\/uploads\/sites\/115\/2017\/09\/IMG_1082.jpg\" alt=\"IMG_1082\" width=\"150\" height=\"150\" \/><span class=\"su-custom-gallery-title\">IMG_1082<\/span><\/a><\/div><div class=\"su-custom-gallery-slide\" style=\"width:150px;height:150px\"><a href=\"https:\/\/edurec.ge.ch\/site\/cfpt-informatique\/wp-content\/uploads\/sites\/115\/2017\/09\/IMG_1079.jpg\" title=\"IMG_1079\"><img loading=\"lazy\" decoding=\"async\" src=\"https:\/\/edurec.ge.ch\/site\/cfpt-informatique\/wp-content\/uploads\/sites\/115\/2017\/09\/IMG_1079.jpg\" alt=\"IMG_1079\" width=\"150\" height=\"150\" \/><span class=\"su-custom-gallery-title\">IMG_1079<\/span><\/a><\/div><div class=\"su-custom-gallery-slide\" style=\"width:150px;height:150px\"><a href=\"https:\/\/edurec.ge.ch\/site\/cfpt-informatique\/wp-content\/uploads\/sites\/115\/2017\/09\/IMG_1064.jpg\" title=\"IMG_1064\"><img loading=\"lazy\" decoding=\"async\" src=\"https:\/\/edurec.ge.ch\/site\/cfpt-informatique\/wp-content\/uploads\/sites\/115\/2017\/09\/IMG_1064.jpg\" alt=\"IMG_1064\" width=\"150\" height=\"150\" \/><span class=\"su-custom-gallery-title\">IMG_1064<\/span><\/a><\/div><div class=\"su-custom-gallery-slide\" style=\"width:150px;height:150px\"><a href=\"https:\/\/edurec.ge.ch\/site\/cfpt-informatique\/wp-content\/uploads\/sites\/115\/2017\/09\/IMG_1066.jpg\" title=\"IMG_1066\"><img loading=\"lazy\" decoding=\"async\" src=\"https:\/\/edurec.ge.ch\/site\/cfpt-informatique\/wp-content\/uploads\/sites\/115\/2017\/09\/IMG_1066.jpg\" alt=\"IMG_1066\" width=\"150\" height=\"150\" \/><span class=\"su-custom-gallery-title\">IMG_1066<\/span><\/a><\/div><div class=\"su-custom-gallery-slide\" style=\"width:150px;height:150px\"><a href=\"https:\/\/edurec.ge.ch\/site\/cfpt-informatique\/wp-content\/uploads\/sites\/115\/2017\/09\/IMG_1059.jpg\" title=\"IMG_1059\"><img loading=\"lazy\" decoding=\"async\" src=\"https:\/\/edurec.ge.ch\/site\/cfpt-informatique\/wp-content\/uploads\/sites\/115\/2017\/09\/IMG_1059.jpg\" alt=\"IMG_1059\" width=\"150\" height=\"150\" \/><span class=\"su-custom-gallery-title\">IMG_1059<\/span><\/a><\/div><div class=\"su-custom-gallery-slide\" style=\"width:150px;height:150px\"><a href=\"https:\/\/edurec.ge.ch\/site\/cfpt-informatique\/wp-content\/uploads\/sites\/115\/2017\/09\/IMG_1070.jpg\" title=\"IMG_1070\"><img loading=\"lazy\" decoding=\"async\" src=\"https:\/\/edurec.ge.ch\/site\/cfpt-informatique\/wp-content\/uploads\/sites\/115\/2017\/09\/IMG_1070.jpg\" alt=\"IMG_1070\" width=\"150\" height=\"150\" \/><span class=\"su-custom-gallery-title\">IMG_1070<\/span><\/a><\/div><div class=\"su-custom-gallery-slide\" style=\"width:150px;height:150px\"><a href=\"https:\/\/edurec.ge.ch\/site\/cfpt-informatique\/wp-content\/uploads\/sites\/115\/2017\/09\/IMG_1067.jpg\" title=\"IMG_1067\"><img loading=\"lazy\" decoding=\"async\" src=\"https:\/\/edurec.ge.ch\/site\/cfpt-informatique\/wp-content\/uploads\/sites\/115\/2017\/09\/IMG_1067.jpg\" alt=\"IMG_1067\" width=\"150\" height=\"150\" \/><span class=\"su-custom-gallery-title\">IMG_1067<\/span><\/a><\/div><div class=\"su-custom-gallery-slide\" style=\"width:150px;height:150px\"><a href=\"https:\/\/edurec.ge.ch\/site\/cfpt-informatique\/wp-content\/uploads\/sites\/115\/2017\/09\/IMG_1076.jpg\" title=\"IMG_1076\"><img loading=\"lazy\" decoding=\"async\" src=\"https:\/\/edurec.ge.ch\/site\/cfpt-informatique\/wp-content\/uploads\/sites\/115\/2017\/09\/IMG_1076.jpg\" alt=\"IMG_1076\" width=\"150\" height=\"150\" \/><span class=\"su-custom-gallery-title\">IMG_1076<\/span><\/a><\/div><div class=\"su-custom-gallery-slide\" style=\"width:150px;height:150px\"><a href=\"https:\/\/edurec.ge.ch\/site\/cfpt-informatique\/wp-content\/uploads\/sites\/115\/2017\/09\/IMG_1078.jpg\" title=\"IMG_1078\"><img loading=\"lazy\" decoding=\"async\" src=\"https:\/\/edurec.ge.ch\/site\/cfpt-informatique\/wp-content\/uploads\/sites\/115\/2017\/09\/IMG_1078.jpg\" alt=\"IMG_1078\" width=\"150\" height=\"150\" \/><span class=\"su-custom-gallery-title\">IMG_1078<\/span><\/a><\/div><div class=\"su-custom-gallery-slide\" style=\"width:150px;height:150px\"><a href=\"https:\/\/edurec.ge.ch\/site\/cfpt-informatique\/wp-content\/uploads\/sites\/115\/2017\/09\/IMG_1063.jpg\" title=\"IMG_1063\"><img loading=\"lazy\" decoding=\"async\" src=\"https:\/\/edurec.ge.ch\/site\/cfpt-informatique\/wp-content\/uploads\/sites\/115\/2017\/09\/IMG_1063.jpg\" alt=\"IMG_1063\" width=\"150\" height=\"150\" \/><span class=\"su-custom-gallery-title\">IMG_1063<\/span><\/a><\/div><div class=\"su-custom-gallery-slide\" style=\"width:150px;height:150px\"><a href=\"https:\/\/edurec.ge.ch\/site\/cfpt-informatique\/wp-content\/uploads\/sites\/115\/2017\/09\/IMG_1061.jpg\" title=\"IMG_1061\"><img loading=\"lazy\" decoding=\"async\" src=\"https:\/\/edurec.ge.ch\/site\/cfpt-informatique\/wp-content\/uploads\/sites\/115\/2017\/09\/IMG_1061.jpg\" alt=\"IMG_1061\" width=\"150\" height=\"150\" \/><span class=\"su-custom-gallery-title\">IMG_1061<\/span><\/a><\/div><div class=\"su-custom-gallery-slide\" style=\"width:150px;height:150px\"><a href=\"https:\/\/edurec.ge.ch\/site\/cfpt-informatique\/wp-content\/uploads\/sites\/115\/2017\/09\/IMG_1074.jpg\" title=\"IMG_1074\"><img loading=\"lazy\" decoding=\"async\" src=\"https:\/\/edurec.ge.ch\/site\/cfpt-informatique\/wp-content\/uploads\/sites\/115\/2017\/09\/IMG_1074.jpg\" alt=\"IMG_1074\" width=\"150\" height=\"150\" \/><span class=\"su-custom-gallery-title\">IMG_1074<\/span><\/a><\/div><div class=\"su-custom-gallery-slide\" style=\"width:150px;height:150px\"><a href=\"https:\/\/edurec.ge.ch\/site\/cfpt-informatique\/wp-content\/uploads\/sites\/115\/2017\/09\/IMG_1073.jpg\" title=\"IMG_1073\"><img loading=\"lazy\" decoding=\"async\" src=\"https:\/\/edurec.ge.ch\/site\/cfpt-informatique\/wp-content\/uploads\/sites\/115\/2017\/09\/IMG_1073.jpg\" alt=\"IMG_1073\" width=\"150\" height=\"150\" \/><span class=\"su-custom-gallery-title\">IMG_1073<\/span><\/a><\/div><div class=\"su-custom-gallery-slide\" style=\"width:150px;height:150px\"><a href=\"https:\/\/edurec.ge.ch\/site\/cfpt-informatique\/wp-content\/uploads\/sites\/115\/2017\/09\/IMG_1062.jpg\" title=\"IMG_1062\"><img loading=\"lazy\" decoding=\"async\" src=\"https:\/\/edurec.ge.ch\/site\/cfpt-informatique\/wp-content\/uploads\/sites\/115\/2017\/09\/IMG_1062.jpg\" alt=\"IMG_1062\" width=\"150\" height=\"150\" \/><span class=\"su-custom-gallery-title\">IMG_1062<\/span><\/a><\/div><div class=\"su-clear\"><\/div><\/div>\n<p><strong>Cit\u00e9 des M\u00e9tiers 2018<\/strong><\/p>\n<div class=\"su-youtube su-u-responsive-media-yes\"><iframe loading=\"lazy\" width=\"600\" height=\"400\" src=\"https:\/\/www.youtube.com\/embed\/xG_ya4UiD-M?\" frameborder=\"0\" allowfullscreen allow=\"autoplay; encrypted-media; picture-in-picture\" title=\"\"><\/iframe><\/div>\n<p>&nbsp;<\/p>\n","protected":false},"excerpt":{"rendered":"<p>Cit\u00e9 des M\u00e9tiers 2018 &nbsp;<\/p>\n","protected":false},"author":1063,"featured_media":0,"parent":36,"menu_order":0,"comment_status":"closed","ping_status":"closed","template":"","meta":{"footnotes":""},"class_list":["post-1007","page","type-page","status-publish","czr-hentry"],"yoast_head":"<!-- This site is optimized with the Yoast SEO plugin v26.4 - https:\/\/yoast.com\/wordpress\/plugins\/seo\/ -->\n<title>L&#039;\u00e9cole en image et vid\u00e9o - CFPT Informatique<\/title>\n<meta name=\"robots\" content=\"index, follow, max-snippet:-1, max-image-preview:large, max-video-preview:-1\" \/>\n<link rel=\"canonical\" href=\"https:\/\/edurec.ge.ch\/site\/cfpt-informatique\/lecole-dinformatique\/lecole-en-image\/\" \/>\n<meta property=\"og:locale\" content=\"fr_FR\" \/>\n<meta property=\"og:type\" content=\"article\" \/>\n<meta property=\"og:title\" content=\"L&#039;\u00e9cole en image et vid\u00e9o - CFPT Informatique\" \/>\n<meta property=\"og:description\" content=\"Cit\u00e9 des M\u00e9tiers 2018 &nbsp;\" \/>\n<meta property=\"og:url\" content=\"https:\/\/edurec.ge.ch\/site\/cfpt-informatique\/lecole-dinformatique\/lecole-en-image\/\" \/>\n<meta property=\"og:site_name\" content=\"CFPT Informatique\" \/>\n<meta property=\"article:modified_time\" content=\"2019-10-16T13:12:38+00:00\" \/>\n<meta name=\"twitter:card\" content=\"summary_large_image\" \/>\n<script type=\"application\/ld+json\" class=\"yoast-schema-graph\">{\"@context\":\"https:\/\/schema.org\",\"@graph\":[{\"@type\":\"WebPage\",\"@id\":\"https:\/\/edurec.ge.ch\/site\/cfpt-informatique\/lecole-dinformatique\/lecole-en-image\/\",\"url\":\"https:\/\/edurec.ge.ch\/site\/cfpt-informatique\/lecole-dinformatique\/lecole-en-image\/\",\"name\":\"L'\u00e9cole en image et vid\u00e9o - CFPT Informatique\",\"isPartOf\":{\"@id\":\"https:\/\/edurec.ge.ch\/site\/cfpt-informatique\/#website\"},\"datePublished\":\"2017-09-28T14:19:10+00:00\",\"dateModified\":\"2019-10-16T13:12:38+00:00\",\"breadcrumb\":{\"@id\":\"https:\/\/edurec.ge.ch\/site\/cfpt-informatique\/lecole-dinformatique\/lecole-en-image\/#breadcrumb\"},\"inLanguage\":\"fr-FR\",\"potentialAction\":[{\"@type\":\"ReadAction\",\"target\":[\"https:\/\/edurec.ge.ch\/site\/cfpt-informatique\/lecole-dinformatique\/lecole-en-image\/\"]}]},{\"@type\":\"BreadcrumbList\",\"@id\":\"https:\/\/edurec.ge.ch\/site\/cfpt-informatique\/lecole-dinformatique\/lecole-en-image\/#breadcrumb\",\"itemListElement\":[{\"@type\":\"ListItem\",\"position\":1,\"name\":\"Accueil\",\"item\":\"https:\/\/edurec.ge.ch\/site\/cfpt-informatique\/\"},{\"@type\":\"ListItem\",\"position\":2,\"name\":\"L&rsquo;\u00e9cole d&rsquo;Informatique\",\"item\":\"https:\/\/edurec.ge.ch\/site\/cfpt-informatique\/lecole-dinformatique\/\"},{\"@type\":\"ListItem\",\"position\":3,\"name\":\"L&rsquo;\u00e9cole en image et vid\u00e9o\"}]},{\"@type\":\"WebSite\",\"@id\":\"https:\/\/edurec.ge.ch\/site\/cfpt-informatique\/#website\",\"url\":\"https:\/\/edurec.ge.ch\/site\/cfpt-informatique\/\",\"name\":\"CFPT Informatique\",\"description\":\"CFPT Informatique\",\"potentialAction\":[{\"@type\":\"SearchAction\",\"target\":{\"@type\":\"EntryPoint\",\"urlTemplate\":\"https:\/\/edurec.ge.ch\/site\/cfpt-informatique\/?s={search_term_string}\"},\"query-input\":{\"@type\":\"PropertyValueSpecification\",\"valueRequired\":true,\"valueName\":\"search_term_string\"}}],\"inLanguage\":\"fr-FR\"}]}<\/script>\n<!-- \/ Yoast SEO plugin. -->","yoast_head_json":{"title":"L'\u00e9cole en image et vid\u00e9o - CFPT Informatique","robots":{"index":"index","follow":"follow","max-snippet":"max-snippet:-1","max-image-preview":"max-image-preview:large","max-video-preview":"max-video-preview:-1"},"canonical":"https:\/\/edurec.ge.ch\/site\/cfpt-informatique\/lecole-dinformatique\/lecole-en-image\/","og_locale":"fr_FR","og_type":"article","og_title":"L'\u00e9cole en image et vid\u00e9o - CFPT Informatique","og_description":"Cit\u00e9 des M\u00e9tiers 2018 &nbsp;","og_url":"https:\/\/edurec.ge.ch\/site\/cfpt-informatique\/lecole-dinformatique\/lecole-en-image\/","og_site_name":"CFPT Informatique","article_modified_time":"2019-10-16T13:12:38+00:00","twitter_card":"summary_large_image","schema":{"@context":"https:\/\/schema.org","@graph":[{"@type":"WebPage","@id":"https:\/\/edurec.ge.ch\/site\/cfpt-informatique\/lecole-dinformatique\/lecole-en-image\/","url":"https:\/\/edurec.ge.ch\/site\/cfpt-informatique\/lecole-dinformatique\/lecole-en-image\/","name":"L'\u00e9cole en image et vid\u00e9o - CFPT Informatique","isPartOf":{"@id":"https:\/\/edurec.ge.ch\/site\/cfpt-informatique\/#website"},"datePublished":"2017-09-28T14:19:10+00:00","dateModified":"2019-10-16T13:12:38+00:00","breadcrumb":{"@id":"https:\/\/edurec.ge.ch\/site\/cfpt-informatique\/lecole-dinformatique\/lecole-en-image\/#breadcrumb"},"inLanguage":"fr-FR","potentialAction":[{"@type":"ReadAction","target":["https:\/\/edurec.ge.ch\/site\/cfpt-informatique\/lecole-dinformatique\/lecole-en-image\/"]}]},{"@type":"BreadcrumbList","@id":"https:\/\/edurec.ge.ch\/site\/cfpt-informatique\/lecole-dinformatique\/lecole-en-image\/#breadcrumb","itemListElement":[{"@type":"ListItem","position":1,"name":"Accueil","item":"https:\/\/edurec.ge.ch\/site\/cfpt-informatique\/"},{"@type":"ListItem","position":2,"name":"L&rsquo;\u00e9cole d&rsquo;Informatique","item":"https:\/\/edurec.ge.ch\/site\/cfpt-informatique\/lecole-dinformatique\/"},{"@type":"ListItem","position":3,"name":"L&rsquo;\u00e9cole en image et vid\u00e9o"}]},{"@type":"WebSite","@id":"https:\/\/edurec.ge.ch\/site\/cfpt-informatique\/#website","url":"https:\/\/edurec.ge.ch\/site\/cfpt-informatique\/","name":"CFPT Informatique","description":"CFPT Informatique","potentialAction":[{"@type":"SearchAction","target":{"@type":"EntryPoint","urlTemplate":"https:\/\/edurec.ge.ch\/site\/cfpt-informatique\/?s={search_term_string}"},"query-input":{"@type":"PropertyValueSpecification","valueRequired":true,"valueName":"search_term_string"}}],"inLanguage":"fr-FR"}]}},"publishpress_future_action":{"enabled":false,"date":"2026-05-24 16:32:11","action":"change-status","newStatus":"draft","terms":[],"taxonomy":"","extraData":[]},"publishpress_future_workflow_manual_trigger":{"enabledWorkflows":[]},"_links":{"self":[{"href":"https:\/\/edurec.ge.ch\/site\/cfpt-informatique\/wp-json\/wp\/v2\/pages\/1007","targetHints":{"allow":["GET"]}}],"collection":[{"href":"https:\/\/edurec.ge.ch\/site\/cfpt-informatique\/wp-json\/wp\/v2\/pages"}],"about":[{"href":"https:\/\/edurec.ge.ch\/site\/cfpt-informatique\/wp-json\/wp\/v2\/types\/page"}],"author":[{"embeddable":true,"href":"https:\/\/edurec.ge.ch\/site\/cfpt-informatique\/wp-json\/wp\/v2\/users\/1063"}],"replies":[{"embeddable":true,"href":"https:\/\/edurec.ge.ch\/site\/cfpt-informatique\/wp-json\/wp\/v2\/comments?post=1007"}],"version-history":[{"count":4,"href":"https:\/\/edurec.ge.ch\/site\/cfpt-informatique\/wp-json\/wp\/v2\/pages\/1007\/revisions"}],"predecessor-version":[{"id":2840,"href":"https:\/\/edurec.ge.ch\/site\/cfpt-informatique\/wp-json\/wp\/v2\/pages\/1007\/revisions\/2840"}],"up":[{"embeddable":true,"href":"https:\/\/edurec.ge.ch\/site\/cfpt-informatique\/wp-json\/wp\/v2\/pages\/36"}],"wp:attachment":[{"href":"https:\/\/edurec.ge.ch\/site\/cfpt-informatique\/wp-json\/wp\/v2\/media?parent=1007"}],"curies":[{"name":"wp","href":"https:\/\/api.w.org\/{rel}","templated":true}]}}