{"id":795,"date":"2025-01-13T15:45:28","date_gmt":"2025-01-13T13:45:28","guid":{"rendered":"https:\/\/edurec.ge.ch\/site\/cfpt-horlogerie\/?page_id=795"},"modified":"2025-05-15T18:21:26","modified_gmt":"2025-05-15T16:21:26","slug":"actualites","status":"publish","type":"page","link":"https:\/\/edurec.ge.ch\/site\/cfpt-horlogerie\/200ans\/actualites\/","title":{"rendered":"Actualit\u00e9s"},"content":{"rendered":"<div class=\"fusion-fullwidth fullwidth-box fusion-builder-row-1 fusion-flex-container has-pattern-background has-mask-background fusion-parallax-none hundred-percent-fullwidth non-hundred-percent-height-scrolling\" style=\"--awb-border-radius-top-left:0px;--awb-border-radius-top-right:0px;--awb-border-radius-bottom-right:0px;--awb-border-radius-bottom-left:0px;--awb-padding-top:100px;--awb-padding-right:100px;--awb-padding-bottom:100px;--awb-padding-left:100px;--awb-background-image:url(&quot;https:\/\/edurec.ge.ch\/site\/cfpt-horlogerie\/wp-content\/uploads\/sites\/114\/2025\/01\/cadre_photo_arriere_EHG_29.10-1200x811.png&quot;);--awb-background-size:cover;--awb-flex-wrap:wrap;\" ><div class=\"fusion-builder-row fusion-row fusion-flex-align-items-center fusion-flex-align-content-center fusion-flex-justify-content-center fusion-flex-content-wrap\" style=\"width:104% !important;max-width:104% !important;margin-left: calc(-4% \/ 2 );margin-right: calc(-4% \/ 2 );\"><div class=\"fusion-layout-column fusion_builder_column fusion-builder-column-0 fusion_builder_column_1_1 1_1 fusion-flex-column\" style=\"--awb-bg-size:cover;--awb-width-large:100%;--awb-margin-top-large:0px;--awb-spacing-right-large:1.92%;--awb-margin-bottom-large:20px;--awb-spacing-left-large:1.92%;--awb-width-medium:100%;--awb-order-medium:0;--awb-spacing-right-medium:1.92%;--awb-spacing-left-medium:1.92%;--awb-width-small:100%;--awb-order-small:0;--awb-spacing-right-small:1.92%;--awb-spacing-left-small:1.92%;\"><div class=\"fusion-column-wrapper fusion-column-has-shadow fusion-flex-justify-content-flex-start fusion-content-layout-column\"><div class=\"fusion-text fusion-text-1\"><h1 style=\"text-align: center;color: white\"><strong>Actualit\u00e9s 200e<\/strong><\/h1>\n<\/div><\/div><\/div><\/div><\/div><div class=\"fusion-fullwidth fullwidth-box fusion-builder-row-2 fusion-flex-container has-pattern-background has-mask-background nonhundred-percent-fullwidth non-hundred-percent-height-scrolling\" style=\"--awb-border-radius-top-left:0px;--awb-border-radius-top-right:0px;--awb-border-radius-bottom-right:0px;--awb-border-radius-bottom-left:0px;--awb-flex-wrap:wrap;\" ><div class=\"fusion-builder-row fusion-row fusion-flex-align-items-flex-start fusion-flex-content-wrap\" style=\"max-width:1144px;margin-left: calc(-4% \/ 2 );margin-right: calc(-4% \/ 2 );\"><div class=\"fusion-layout-column fusion_builder_column fusion-builder-column-1 fusion_builder_column_1_1 1_1 fusion-flex-column\" style=\"--awb-bg-size:cover;--awb-width-large:100%;--awb-margin-top-large:0px;--awb-spacing-right-large:1.92%;--awb-margin-bottom-large:20px;--awb-spacing-left-large:1.92%;--awb-width-medium:100%;--awb-order-medium:0;--awb-spacing-right-medium:1.92%;--awb-spacing-left-medium:1.92%;--awb-width-small:100%;--awb-order-small:0;--awb-spacing-right-small:1.92%;--awb-spacing-left-small:1.92%;\"><div class=\"fusion-column-wrapper fusion-column-has-shadow fusion-flex-justify-content-flex-start fusion-content-layout-column\"><div class=\"fusion-title title fusion-title-1 fusion-title-text fusion-title-size-one\"><div class=\"title-sep-container title-sep-container-left fusion-no-large-visibility fusion-no-medium-visibility fusion-no-small-visibility\"><div class=\"title-sep sep-double sep-solid\" style=\"border-color:#e0dede;\"><\/div><\/div><span class=\"awb-title-spacer fusion-no-large-visibility fusion-no-medium-visibility fusion-no-small-visibility\"><\/span><h1 class=\"fusion-title-heading title-heading-left\" style=\"margin:0;\"><h2>Ils parlent de nous &amp; Annonces<\/h2><\/h1><span class=\"awb-title-spacer\"><\/span><div class=\"title-sep-container title-sep-container-right\"><div class=\"title-sep sep-double sep-solid\" style=\"border-color:#e0dede;\"><\/div><\/div><\/div><div class=\"fusion-content-boxes content-boxes columns row fusion-columns-1 fusion-columns-total-6 fusion-content-boxes-1 content-boxes-icon-with-title content-left has-flex-alignment\" style=\"--awb-alignment:center;--awb-hover-accent-color:#ad8800;--awb-circle-hover-accent-color:#ad8800;--awb-item-margin-bottom:40px;\" data-animationOffset=\"top-into-view\"><div style=\"--awb-backgroundcolor:rgba(255,255,255,0);\" class=\"fusion-column content-box-column content-box-column content-box-column-1 col-lg-12 col-md-12 col-sm-12 fusion-content-box-hover content-box-column-last-in-row\"><div class=\"col content-box-wrapper content-wrapper link-area-link-icon link-type-button icon-hover-animation-fade\" data-animationOffset=\"top-into-view\"><div class=\"heading heading-with-icon icon-left\"><a class=\"heading-link\" style=\"float:left;\" href=\"https:\/\/www.linkedin.com\/feed\/update\/urn:li:activity:7328814102254972928\" target=\"_blank\" rel=\"noopener noreferrer\"><div aria-hidden=\"true\" class=\"image\"><img decoding=\"async\" src=\"https:\/\/edurec.ge.ch\/site\/cfpt-horlogerie\/wp-content\/uploads\/sites\/114\/2025\/05\/EHG_200_Programme-Fete-Publique-200e-0-240x300.png\" width=\"240\" height=\"300\" alt=\"\" \/><\/div><h2 class=\"content-box-heading\" style=\"--h2_typography-font-size:18px;line-height:23px;\">F\u00eate Publique 200e : d\u00e9couvrez le programme !<\/h2><\/a><\/div><div class=\"fusion-clearfix\"><\/div><div class=\"content-container\">\n<p><span style=\"font-weight: 400\">Le samedi 14 juin 2025, de 16h \u00e0 23h, venez c\u00e9l\u00e9brer avec nous les 200 ans de l\u2019\u00c9cole d\u2019Horlogerie de Gen\u00e8ve sur l\u2019Esplanade Tourbillon \u00e0 Plan-les-Ouates !<br \/>\nUn \u00e9v\u00e9nement festif et ouvert \u00e0 toutes et tous, avec des animations pour tous les \u00e2ges : concerts, spectacles, visites guid\u00e9es, table ronde, escape game, restauration, &#8230; et bien plus encore ! <\/span>| <em>15 mai 2025<\/em><\/p>\n<\/div><div class=\"fusion-clearfix\"><\/div><a class=\"fusion-read-more-button fusion-content-box-button fusion-button button-default fusion-button-default-size button- button-flat\" style=\"float:left;\" href=\"https:\/\/www.linkedin.com\/feed\/update\/urn:li:activity:7328814102254972928\" target=\"_blank\" rel=\"noopener noreferrer\"><span class=\"fusion-button-text\">Lire l'article<\/span><\/a><div class=\"fusion-clearfix\"><\/div><\/div><\/div><div style=\"--awb-backgroundcolor:rgba(255,255,255,0);\" class=\"fusion-column content-box-column content-box-column content-box-column-2 col-lg-12 col-md-12 col-sm-12 fusion-content-box-hover content-box-column-last-in-row\"><div class=\"col content-box-wrapper content-wrapper link-area-link-icon link-type-button icon-hover-animation-fade\" data-animationOffset=\"top-into-view\"><div class=\"heading heading-with-icon icon-left\"><a class=\"heading-link\" style=\"float:left;\" href=\"https:\/\/www.linkedin.com\/posts\/ecole-d-horlogerie-de-geneve_cfptehg-ehg200-horlogerie-activity-7312735000095789056-w51b?utm_source=share&amp;utm_medium=member_desktop&amp;rcm=ACoAACIivEYBRuCR5VfkWBa-kMrI2-JuWt5qXBg\" target=\"_blank\" rel=\"noopener noreferrer\"><div aria-hidden=\"true\" class=\"image\"><img decoding=\"async\" src=\"https:\/\/edurec.ge.ch\/site\/cfpt-horlogerie\/wp-content\/uploads\/sites\/114\/2025\/03\/Inscriptions-tout-public-240x300.png\" width=\"240\" height=\"300\" alt=\"\" \/><\/div><h2 class=\"content-box-heading\" style=\"--h2_typography-font-size:18px;line-height:23px;\">F\u00eate Publique 200e : les inscriptions sont ouvertes !<\/h2><\/a><\/div><div class=\"fusion-clearfix\"><\/div><div class=\"content-container\">\n<p><span style=\"font-weight: 400\">\u00c0 l\u2019occasion de ses 200 ans, l\u2019\u00c9cole d\u2019Horlogerie de Gen\u00e8ve organise une F\u00eate Publique pour c\u00e9l\u00e9brer deux si\u00e8cles d\u2019excellence, d\u2019innovation et de passion horlog\u00e8re. Ce jubil\u00e9 viendra cl\u00f4turer les festivit\u00e9s du bicentenaire dans une ambiance festive et conviviale. Ne manquez pas ce rendez-vous unique ! <\/span>| <em>01 avril 2025<\/em><\/p>\n<\/div><div class=\"fusion-clearfix\"><\/div><a class=\"fusion-read-more-button fusion-content-box-button fusion-button button-default fusion-button-default-size button- button-flat\" style=\"float:left;\" href=\"https:\/\/www.linkedin.com\/posts\/ecole-d-horlogerie-de-geneve_cfptehg-ehg200-horlogerie-activity-7312735000095789056-w51b?utm_source=share&amp;utm_medium=member_desktop&amp;rcm=ACoAACIivEYBRuCR5VfkWBa-kMrI2-JuWt5qXBg\" target=\"_blank\" rel=\"noopener noreferrer\"><span class=\"fusion-button-text\">Lire l'article<\/span><\/a><div class=\"fusion-clearfix\"><\/div><\/div><\/div><div style=\"--awb-backgroundcolor:rgba(255,255,255,0);\" class=\"fusion-column content-box-column content-box-column content-box-column-3 col-lg-12 col-md-12 col-sm-12 fusion-content-box-hover content-box-column-last-in-row\"><div class=\"col content-box-wrapper content-wrapper link-area-link-icon link-type-button icon-hover-animation-fade\" data-animationOffset=\"top-into-view\"><div class=\"heading heading-with-icon icon-left\"><a class=\"heading-link\" style=\"float:left;\" href=\"https:\/\/www.linkedin.com\/posts\/ecole-d-horlogerie-de-geneve_identit%C3%A9-visuelle-200e-ehg-activity-7296071163833651201-NltC?utm_source=share&amp;utm_medium=member_desktop&amp;rcm=ACoAACIivEYBRuCR5VfkWBa-kMrI2-JuWt5qXBg\" target=\"_blank\" rel=\"noopener noreferrer\"><div aria-hidden=\"true\" class=\"image\"><img decoding=\"async\" src=\"https:\/\/edurec.ge.ch\/site\/cfpt-horlogerie\/wp-content\/uploads\/sites\/114\/2025\/02\/EHG_200_Identite-visuelle-1-300x300.png\" width=\"300\" height=\"300\" alt=\"\" \/><\/div><h2 class=\"content-box-heading\" style=\"--h2_typography-font-size:18px;line-height:23px;\">Une collaboration avec le CFP Arts pour concevoir l\u2019identit\u00e9 visuelle du bicentenaire de l\u2019\u00c9cole d\u2019Horlogerie de Gen\u00e8ve<\/h2><\/a><\/div><div class=\"fusion-clearfix\"><\/div><div class=\"content-container\">\n<p>200 ans, \u00e7a se f\u00eate ! Pour marquer cette \u00e9tape historique, il \u00e9tait essentiel de cr\u00e9er une identit\u00e9 visuelle \u00e0 la hauteur de l&rsquo;\u00e9v\u00e9nement. <span style=\"font-weight: 400\">Ce fut aussi une occasion unique de mettre en avant les \u00e9coles professionnelles et de faire appel aux talents des \u00e9tudiants du Centre de Formation Professionnelle Arts (CFP Arts). <\/span>\u00a0| <em>14 f\u00e9vrier 2025<\/em><\/p>\n<\/div><div class=\"fusion-clearfix\"><\/div><a class=\"fusion-read-more-button fusion-content-box-button fusion-button button-default fusion-button-default-size button- button-flat\" style=\"float:left;\" href=\"https:\/\/www.linkedin.com\/posts\/ecole-d-horlogerie-de-geneve_identit%C3%A9-visuelle-200e-ehg-activity-7296071163833651201-NltC?utm_source=share&amp;utm_medium=member_desktop&amp;rcm=ACoAACIivEYBRuCR5VfkWBa-kMrI2-JuWt5qXBg\" target=\"_blank\" rel=\"noopener noreferrer\"><span class=\"fusion-button-text\">Lire l'article<\/span><\/a><div class=\"fusion-clearfix\"><\/div><\/div><\/div><div style=\"--awb-backgroundcolor:rgba(255,255,255,0);\" class=\"fusion-column content-box-column content-box-column content-box-column-4 col-lg-12 col-md-12 col-sm-12 fusion-content-box-hover content-box-column-last-in-row\"><div class=\"col content-box-wrapper content-wrapper link-area-link-icon link-type-button icon-hover-animation-fade\" data-animationOffset=\"top-into-view\"><div class=\"heading heading-with-icon icon-left\"><a class=\"heading-link\" style=\"float:left;\" href=\"https:\/\/www.linkedin.com\/posts\/ecole-d-horlogerie-de-geneve_le-livre-du-bicentenaire-en-vente-en-librairie-activity-7294723849575661568-T0rx?utm_source=share&amp;utm_medium=member_desktop&amp;rcm=ACoAACIivEYBRuCR5VfkWBa-kMrI2-JuWt5qXBg\" target=\"_blank\" rel=\"noopener noreferrer\"><div aria-hidden=\"true\" class=\"image\"><img decoding=\"async\" src=\"https:\/\/edurec.ge.ch\/site\/cfpt-horlogerie\/wp-content\/uploads\/sites\/114\/2025\/02\/EHG_200_Vente-livre-1-300x300.png\" width=\"300\" height=\"300\" alt=\"\" \/><\/div><h2 class=\"content-box-heading\" style=\"--h2_typography-font-size:18px;line-height:23px;\">Le livre du bicentenaire de l\u2019\u00c9cole d\u2019Horlogerie de Gen\u00e8ve est en vente en librairie !<\/h2><\/a><\/div><div class=\"fusion-clearfix\"><\/div><div class=\"content-container\">\n<p>\u00c0 l\u2019occasion de son 200e anniversaire, l\u2019\u00c9cole d\u2019Horlogerie de Gen\u00e8ve a publi\u00e9 un ouvrage retra\u00e7ant deux si\u00e8cles d\u2019histoire depuis sa fondation en 1824. R\u00e9dig\u00e9 par l\u2019historien ind\u00e9pendant G\u00e9rard Duc, gr\u00e2ce \u00e0 un travail m\u00e9ticuleux de valorisation des archives, ce livre vous plonge dans l\u2019univers fascinant des horlogers d\u2019hier, d\u2019aujourd\u2019hui et de demain. | <em>10 f\u00e9vrier 2025<\/em><\/p>\n<\/div><div class=\"fusion-clearfix\"><\/div><a class=\"fusion-read-more-button fusion-content-box-button fusion-button button-default fusion-button-default-size button- button-flat\" style=\"float:left;\" href=\"https:\/\/www.linkedin.com\/posts\/ecole-d-horlogerie-de-geneve_le-livre-du-bicentenaire-en-vente-en-librairie-activity-7294723849575661568-T0rx?utm_source=share&amp;utm_medium=member_desktop&amp;rcm=ACoAACIivEYBRuCR5VfkWBa-kMrI2-JuWt5qXBg\" target=\"_blank\" rel=\"noopener noreferrer\"><span class=\"fusion-button-text\">Lire l'article<\/span><\/a><div class=\"fusion-clearfix\"><\/div><\/div><\/div><div style=\"--awb-backgroundcolor:rgba(255,255,255,0);\" class=\"fusion-column content-box-column content-box-column content-box-column-5 col-lg-12 col-md-12 col-sm-12 fusion-content-box-hover content-box-column-last-in-row\"><div class=\"col content-box-wrapper content-wrapper link-area-link-icon link-type-button icon-hover-animation-fade\" data-animationOffset=\"top-into-view\"><div class=\"heading heading-with-icon icon-left\"><a class=\"heading-link\" style=\"float:left;\" href=\"https:\/\/www.fhs.swiss\/fre\/2024_12_05_03_Ecole_horlogerie.html\" target=\"_blank\" rel=\"noopener noreferrer\"><div aria-hidden=\"true\" class=\"image\"><img decoding=\"async\" src=\"https:\/\/edurec.ge.ch\/site\/cfpt-horlogerie\/wp-content\/uploads\/sites\/114\/2025\/01\/News-fhs-300x170.png\" width=\"300\" height=\"170\" alt=\"\" \/><\/div><h2 class=\"content-box-heading\" style=\"--h2_typography-font-size:18px;line-height:23px;\">L'Ecole d\u2019horlogerie de Gen\u00e8ve f\u00eate son bicentenaire <\/h2><\/a><\/div><div class=\"fusion-clearfix\"><\/div><div class=\"content-container\">\n<p>Plus ancienne institution d\u2019enseignement des m\u00e9tiers de l\u2019horlogerie et de la microm\u00e9canique en Suisse, l\u2019\u00e9cole genevoise comm\u00e9more cette ann\u00e9e ses 200 ans d\u2019existence. A l\u2019occasion de ce jubil\u00e9, elle \u00e9trenne de nouveaux locaux ultramodernes \u00e0 Plan-les-Ouates et publie un livre richement illustr\u00e9 qui retrace en d\u00e9tail son histoire. | <em>05 d\u00e9cembre 2024<\/em><\/p>\n<\/div><div class=\"fusion-clearfix\"><\/div><a class=\"fusion-read-more-button fusion-content-box-button fusion-button button-default fusion-button-default-size button- button-flat\" style=\"float:left;\" href=\"https:\/\/www.fhs.swiss\/fre\/2024_12_05_03_Ecole_horlogerie.html\" target=\"_blank\" rel=\"noopener noreferrer\"><span class=\"fusion-button-text\">Lire l'article<\/span><\/a><div class=\"fusion-clearfix\"><\/div><\/div><\/div><div style=\"--awb-backgroundcolor:rgba(255,255,255,0);\" class=\"fusion-column content-box-column content-box-column content-box-column-6 col-lg-12 col-md-12 col-sm-12 fusion-content-box-hover content-box-column-last content-box-column-last-in-row\"><div class=\"col content-box-wrapper content-wrapper link-area-link-icon link-type-button icon-hover-animation-fade\" data-animationOffset=\"top-into-view\"><div class=\"heading heading-with-icon icon-left\"><a class=\"heading-link\" style=\"float:left;\" href=\"https:\/\/www.tdg.ch\/geneve-lecole-dhorlogerie-de-geneve-fete-son-bicentenaire-287485860928\" target=\"_blank\" rel=\"noopener noreferrer\"><div aria-hidden=\"true\" class=\"image\"><img decoding=\"async\" src=\"https:\/\/edurec.ge.ch\/site\/cfpt-horlogerie\/wp-content\/uploads\/sites\/114\/2025\/01\/21nov-TdG-300x182.png\" width=\"300\" height=\"182\" alt=\"\" \/><\/div><h2 class=\"content-box-heading\" style=\"--h2_typography-font-size:18px;line-height:23px;\">\u00abLongue vie \u00e0 l\u2019\u00c9cole d\u2019horlogerie !\u00bb <\/h2><\/a><\/div><div class=\"fusion-clearfix\"><\/div><div class=\"content-container\">\n<p>L\u2019\u00e9tablissement a c\u00e9l\u00e9br\u00e9 jeudi ses 200 ans \u00e0 l\u2019Espace Tourbillon. Entre hommages historiques et perspectives d\u2019avenir, l\u2019\u00e9v\u00e9nement a r\u00e9uni les grandes figures du secteur. | <em>22 novembre 2024<\/em><\/p>\n<\/div><div class=\"fusion-clearfix\"><\/div><a class=\"fusion-read-more-button fusion-content-box-button fusion-button button-default fusion-button-default-size button- button-flat\" style=\"float:left;\" href=\"https:\/\/www.tdg.ch\/geneve-lecole-dhorlogerie-de-geneve-fete-son-bicentenaire-287485860928\" target=\"_blank\" rel=\"noopener noreferrer\"><span class=\"fusion-button-text\">Lire l'article<\/span><\/a><div class=\"fusion-clearfix\"><\/div><\/div><\/div><div class=\"fusion-clearfix\"><\/div><\/div><\/div><\/div><\/div><\/div>\n","protected":false},"excerpt":{"rendered":"","protected":false},"author":16792,"featured_media":0,"parent":720,"menu_order":0,"comment_status":"closed","ping_status":"closed","template":"100-width.php","meta":{"footnotes":""},"class_list":["post-795","page","type-page","status-publish","hentry"],"yoast_head":"<!-- This site is optimized with the Yoast SEO plugin v26.4 - https:\/\/yoast.com\/wordpress\/plugins\/seo\/ -->\n<title>Actualit\u00e9s - CFPT Horlogerie<\/title>\n<meta name=\"robots\" content=\"index, follow, max-snippet:-1, max-image-preview:large, max-video-preview:-1\" \/>\n<link rel=\"canonical\" href=\"https:\/\/edurec.ge.ch\/site\/cfpt-horlogerie\/200ans\/actualites\/\" \/>\n<meta property=\"og:locale\" content=\"fr_FR\" \/>\n<meta property=\"og:type\" content=\"article\" \/>\n<meta property=\"og:title\" content=\"Actualit\u00e9s - CFPT Horlogerie\" \/>\n<meta property=\"og:url\" content=\"https:\/\/edurec.ge.ch\/site\/cfpt-horlogerie\/200ans\/actualites\/\" \/>\n<meta property=\"og:site_name\" content=\"CFPT Horlogerie\" \/>\n<meta property=\"article:modified_time\" content=\"2025-05-15T16:21:26+00:00\" \/>\n<meta name=\"twitter:card\" content=\"summary_large_image\" \/>\n<meta name=\"twitter:label1\" content=\"Dur\u00e9e de lecture estim\u00e9e\" \/>\n\t<meta name=\"twitter:data1\" content=\"4 minutes\" \/>\n<script type=\"application\/ld+json\" class=\"yoast-schema-graph\">{\"@context\":\"https:\/\/schema.org\",\"@graph\":[{\"@type\":\"WebPage\",\"@id\":\"https:\/\/edurec.ge.ch\/site\/cfpt-horlogerie\/200ans\/actualites\/\",\"url\":\"https:\/\/edurec.ge.ch\/site\/cfpt-horlogerie\/200ans\/actualites\/\",\"name\":\"Actualit\u00e9s - CFPT Horlogerie\",\"isPartOf\":{\"@id\":\"https:\/\/edurec.ge.ch\/site\/cfpt-horlogerie\/#website\"},\"datePublished\":\"2025-01-13T13:45:28+00:00\",\"dateModified\":\"2025-05-15T16:21:26+00:00\",\"breadcrumb\":{\"@id\":\"https:\/\/edurec.ge.ch\/site\/cfpt-horlogerie\/200ans\/actualites\/#breadcrumb\"},\"inLanguage\":\"fr-FR\",\"potentialAction\":[{\"@type\":\"ReadAction\",\"target\":[\"https:\/\/edurec.ge.ch\/site\/cfpt-horlogerie\/200ans\/actualites\/\"]}]},{\"@type\":\"BreadcrumbList\",\"@id\":\"https:\/\/edurec.ge.ch\/site\/cfpt-horlogerie\/200ans\/actualites\/#breadcrumb\",\"itemListElement\":[{\"@type\":\"ListItem\",\"position\":1,\"name\":\"Accueil\",\"item\":\"https:\/\/edurec.ge.ch\/site\/cfpt-horlogerie\/\"},{\"@type\":\"ListItem\",\"position\":2,\"name\":\"200ans\",\"item\":\"https:\/\/edurec.ge.ch\/site\/cfpt-horlogerie\/200ans\/\"},{\"@type\":\"ListItem\",\"position\":3,\"name\":\"Actualit\u00e9s\"}]},{\"@type\":\"WebSite\",\"@id\":\"https:\/\/edurec.ge.ch\/site\/cfpt-horlogerie\/#website\",\"url\":\"https:\/\/edurec.ge.ch\/site\/cfpt-horlogerie\/\",\"name\":\"CFPT Horlogerie\",\"description\":\"\",\"potentialAction\":[{\"@type\":\"SearchAction\",\"target\":{\"@type\":\"EntryPoint\",\"urlTemplate\":\"https:\/\/edurec.ge.ch\/site\/cfpt-horlogerie\/?s={search_term_string}\"},\"query-input\":{\"@type\":\"PropertyValueSpecification\",\"valueRequired\":true,\"valueName\":\"search_term_string\"}}],\"inLanguage\":\"fr-FR\"}]}<\/script>\n<!-- \/ Yoast SEO plugin. -->","yoast_head_json":{"title":"Actualit\u00e9s - CFPT Horlogerie","robots":{"index":"index","follow":"follow","max-snippet":"max-snippet:-1","max-image-preview":"max-image-preview:large","max-video-preview":"max-video-preview:-1"},"canonical":"https:\/\/edurec.ge.ch\/site\/cfpt-horlogerie\/200ans\/actualites\/","og_locale":"fr_FR","og_type":"article","og_title":"Actualit\u00e9s - CFPT Horlogerie","og_url":"https:\/\/edurec.ge.ch\/site\/cfpt-horlogerie\/200ans\/actualites\/","og_site_name":"CFPT Horlogerie","article_modified_time":"2025-05-15T16:21:26+00:00","twitter_card":"summary_large_image","twitter_misc":{"Dur\u00e9e de lecture estim\u00e9e":"4 minutes"},"schema":{"@context":"https:\/\/schema.org","@graph":[{"@type":"WebPage","@id":"https:\/\/edurec.ge.ch\/site\/cfpt-horlogerie\/200ans\/actualites\/","url":"https:\/\/edurec.ge.ch\/site\/cfpt-horlogerie\/200ans\/actualites\/","name":"Actualit\u00e9s - CFPT Horlogerie","isPartOf":{"@id":"https:\/\/edurec.ge.ch\/site\/cfpt-horlogerie\/#website"},"datePublished":"2025-01-13T13:45:28+00:00","dateModified":"2025-05-15T16:21:26+00:00","breadcrumb":{"@id":"https:\/\/edurec.ge.ch\/site\/cfpt-horlogerie\/200ans\/actualites\/#breadcrumb"},"inLanguage":"fr-FR","potentialAction":[{"@type":"ReadAction","target":["https:\/\/edurec.ge.ch\/site\/cfpt-horlogerie\/200ans\/actualites\/"]}]},{"@type":"BreadcrumbList","@id":"https:\/\/edurec.ge.ch\/site\/cfpt-horlogerie\/200ans\/actualites\/#breadcrumb","itemListElement":[{"@type":"ListItem","position":1,"name":"Accueil","item":"https:\/\/edurec.ge.ch\/site\/cfpt-horlogerie\/"},{"@type":"ListItem","position":2,"name":"200ans","item":"https:\/\/edurec.ge.ch\/site\/cfpt-horlogerie\/200ans\/"},{"@type":"ListItem","position":3,"name":"Actualit\u00e9s"}]},{"@type":"WebSite","@id":"https:\/\/edurec.ge.ch\/site\/cfpt-horlogerie\/#website","url":"https:\/\/edurec.ge.ch\/site\/cfpt-horlogerie\/","name":"CFPT Horlogerie","description":"","potentialAction":[{"@type":"SearchAction","target":{"@type":"EntryPoint","urlTemplate":"https:\/\/edurec.ge.ch\/site\/cfpt-horlogerie\/?s={search_term_string}"},"query-input":{"@type":"PropertyValueSpecification","valueRequired":true,"valueName":"search_term_string"}}],"inLanguage":"fr-FR"}]}},"_links":{"self":[{"href":"https:\/\/edurec.ge.ch\/site\/cfpt-horlogerie\/wp-json\/wp\/v2\/pages\/795","targetHints":{"allow":["GET"]}}],"collection":[{"href":"https:\/\/edurec.ge.ch\/site\/cfpt-horlogerie\/wp-json\/wp\/v2\/pages"}],"about":[{"href":"https:\/\/edurec.ge.ch\/site\/cfpt-horlogerie\/wp-json\/wp\/v2\/types\/page"}],"author":[{"embeddable":true,"href":"https:\/\/edurec.ge.ch\/site\/cfpt-horlogerie\/wp-json\/wp\/v2\/users\/16792"}],"replies":[{"embeddable":true,"href":"https:\/\/edurec.ge.ch\/site\/cfpt-horlogerie\/wp-json\/wp\/v2\/comments?post=795"}],"version-history":[{"count":40,"href":"https:\/\/edurec.ge.ch\/site\/cfpt-horlogerie\/wp-json\/wp\/v2\/pages\/795\/revisions"}],"predecessor-version":[{"id":1692,"href":"https:\/\/edurec.ge.ch\/site\/cfpt-horlogerie\/wp-json\/wp\/v2\/pages\/795\/revisions\/1692"}],"up":[{"embeddable":true,"href":"https:\/\/edurec.ge.ch\/site\/cfpt-horlogerie\/wp-json\/wp\/v2\/pages\/720"}],"wp:attachment":[{"href":"https:\/\/edurec.ge.ch\/site\/cfpt-horlogerie\/wp-json\/wp\/v2\/media?parent=795"}],"curies":[{"name":"wp","href":"https:\/\/api.w.org\/{rel}","templated":true}]}}