{"id":360,"date":"2020-05-18T13:52:08","date_gmt":"2020-05-18T12:52:08","guid":{"rendered":"https:\/\/edurec.ge.ch\/site\/cfpt-horlogerie\/?page_id=360"},"modified":"2025-09-18T16:15:30","modified_gmt":"2025-09-18T14:15:30","slug":"inscription","status":"publish","type":"page","link":"https:\/\/edurec.ge.ch\/site\/cfpt-horlogerie\/inscription\/","title":{"rendered":"Inscriptions"},"content":{"rendered":"<div class=\"fusion-fullwidth fullwidth-box fusion-builder-row-1 nonhundred-percent-fullwidth non-hundred-percent-height-scrolling\" style=\"--awb-border-radius-top-left:0px;--awb-border-radius-top-right:0px;--awb-border-radius-bottom-right:0px;--awb-border-radius-bottom-left:0px;--awb-flex-wrap:wrap;\" ><div class=\"fusion-builder-row fusion-row\"><div class=\"fusion-layout-column fusion_builder_column fusion-builder-column-0 fusion_builder_column_1_1 1_1 fusion-one-full fusion-column-first fusion-column-last\" style=\"--awb-bg-size:cover;--awb-margin-bottom:0px;\"><div class=\"fusion-column-wrapper fusion-flex-column-wrapper-legacy\"><div class=\"fusion-text fusion-text-1\"><div>\n<h2>Inscriptions CFC<\/h2>\n<\/div>\n<h3><strong>Inscriptions en ligne par e-demarches (Date \u00e0 venir pour 2026)<\/strong><\/h3>\n<p>Uniquement pour celles et ceux qui remplissent les conditions d&rsquo;admissions (voir ci-dessous) de la Formation PLEIN-TEMPS &#8211; en \u00e9cole.<\/p>\n<p>Informations et d\u00e9tails en vous rendant sur la <span style=\"color: #ff0000\"><strong><a style=\"color: #ff0000\" href=\"https:\/\/www.ge.ch\/inscription-enseignement-secondaire-ii\/inscriptions-scolarites-provenances\" target=\"_blank\" rel=\"noopener\">page d\u00e9di\u00e9e aux inscriptions en ligne.\u00a0<\/a><\/strong><\/span>Si vous rencontrez des probl\u00e8mes, vous pouvez joindre la hotline des inscriptions au +41 (0)22 327 37 54.<\/p>\n<h2><\/h2>\n<h2>Inscriptions Techniciens ES en microtechnique<\/h2>\n<h3><strong>Les inscriptions se d\u00e9roulent<span style=\"color: #ff0000\"> <a style=\"color: #ff0000\" href=\"https:\/\/www.ge.ch\/document\/processus-inscription-formations-adultes-esii-tertiaire-b\" target=\"_blank\" rel=\"noopener\">uniquement en ligne. <\/a><\/span><\/strong><\/h3>\n<p><strong>Inscriptions jusqu&rsquo;au &#8211; date \u00e0 venir.<\/strong><\/p>\n<p><strong>Date concours d\u2019entr\u00e9e le date \u00e0 venir.<\/strong><\/p>\n<p>Convocation individuelle pour les inscrits via mail au plus t\u00f4t le 8 avril 2025 avec les informations pratiques.<\/p>\n<h2>Stages<\/h2>\n<p>Voir sous l&rsquo;onglet Informations<\/p>\n<\/div><div class=\"fusion-text fusion-text-2\"><h2>Formation PLEIN-TEMPS &#8211; en \u00e9cole<\/h2>\n<h3><u>Conditions d&rsquo;admission<\/u><\/h3>\n<ul>\n<li><b>Avoir 15 ans r\u00e9volus <\/b>\u00e0 la rentr\u00e9e scolaire (lundi 18 ao\u00fbt 2025)<\/li>\n<li><b>\u00c2ge limite 18 ans <\/b>(en raison du nombre important de candidat.e.s)<\/li>\n<li><b>Pas de titre de l&rsquo;enseignement du secondaire II <\/b>(ex : certificat de l&rsquo;ECG, maturit\u00e9 gymnasiale, Baccalaur\u00e9at, etc.)<\/li>\n<li><b>Depuis juin 2025 : Etre domicili\u00e9 sur le canton de Gen\u00e8ve.<\/b><\/li>\n<\/ul>\n<h3><u>Admission sous concours d&rsquo;entr\u00e9e<\/u><\/h3>\n<p><b>Concours d&rsquo;entr\u00e9e<\/b><\/p>\n<ul>\n<li>Tests th\u00e9oriques (uniquement pour les candidat.e.s qui ne sont <u>pas <\/u><u>inscrit.e.s<\/u> dans une <u>\u00e9cole publique genevoise <\/u>cette ann\u00e9e scolaire 2024-2025)<br \/>\nExemple sur : <a href=\"https:\/\/edurec.ge.ch\/site\/cfpt\/espace-administratif-documents-formulaires\/exemple-de-tests-dentree\/\">https:\/\/edurec.ge.ch\/site\/cfpt\/espace-administratif-documents-formulaires\/exemple-de-tests-dentree\/<\/a><\/li>\n<li>Test d\u2019entr\u00e9e<\/li>\n<\/ul>\n<p><b>Proc\u00e9dure de s\u00e9lection<\/b><\/p>\n<ul>\n<li>1\u00e8re s\u00e9lection, apr\u00e8s l&rsquo;examen th\u00e9orique, bas\u00e9e sur :\n<ul>\n<li>Le dossier d&rsquo;inscription e-d\u00e9marches + les r\u00e9sultats des tests th\u00e9oriques<\/li>\n<li>Le dossier d&rsquo;inscription e-d\u00e9marches + les TAF pour les \u00e9l\u00e8ves provenant du CO<\/li>\n<\/ul>\n<\/li>\n<\/ul>\n<p>Les candidat.e.s s\u00e9lectionn\u00e9.e.s, passent \u00e0 l&rsquo;\u00e9tape du test d\u2019entr\u00e9e<\/p>\n<ul>\n<li>S\u00e9lection finale, apr\u00e8s le test d\u2019entr\u00e9e : \u00ab Admis \u00bb ou \u00ab Non admis \u00bb<\/li>\n<\/ul>\n<h3><u>Nombre de places en 1\u00e8re ann\u00e9e en \u00e9cole plein temps :<\/u><\/h3>\n<ul>\n<li>36 en Horlogerie (3 ateliers de 12 places)<\/li>\n<li>12 en Microm\u00e9canique (1 atelier)<\/li>\n<\/ul>\n<h2>Formation DUALE &#8211; en entreprise<\/h2>\n<ul>\n<li><b>Postulations et renseignements sur <\/b><b><a href=\"http:\/\/www.orientation.ch\/\">www.orientation.ch<\/a><\/b><\/li>\n<li><b>Plus d\u2019informations sur : <\/b><b><a href=\"http:\/\/www.ge.ch\/ofpc\/\">www.ge.ch\/ofpc\/<\/a><\/b><b><br \/>\nOFPC* +41 (0)22 388 44 00<\/b><\/li>\n<\/ul>\n<p><i>*OFPC = Office pour l&rsquo;orientation, la formation professionnelle et continue<\/i><\/p>\n<\/div><div class=\"fusion-clearfix\"><\/div><\/div><\/div><\/div><\/div>\n","protected":false},"excerpt":{"rendered":"","protected":false},"author":10710,"featured_media":0,"parent":0,"menu_order":0,"comment_status":"closed","ping_status":"closed","template":"","meta":{"footnotes":""},"class_list":["post-360","page","type-page","status-publish","hentry"],"yoast_head":"<!-- This site is optimized with the Yoast SEO plugin v26.4 - https:\/\/yoast.com\/wordpress\/plugins\/seo\/ -->\n<title>Inscriptions - CFPT Horlogerie<\/title>\n<meta name=\"robots\" content=\"index, follow, max-snippet:-1, max-image-preview:large, max-video-preview:-1\" \/>\n<link rel=\"canonical\" href=\"https:\/\/edurec.ge.ch\/site\/cfpt-horlogerie\/inscription\/\" \/>\n<meta property=\"og:locale\" content=\"fr_FR\" \/>\n<meta property=\"og:type\" content=\"article\" \/>\n<meta property=\"og:title\" content=\"Inscriptions - CFPT Horlogerie\" \/>\n<meta property=\"og:url\" content=\"https:\/\/edurec.ge.ch\/site\/cfpt-horlogerie\/inscription\/\" \/>\n<meta property=\"og:site_name\" content=\"CFPT Horlogerie\" \/>\n<meta property=\"article:modified_time\" content=\"2025-09-18T14:15:30+00:00\" \/>\n<meta name=\"twitter:card\" content=\"summary_large_image\" \/>\n<meta name=\"twitter:label1\" content=\"Dur\u00e9e de lecture estim\u00e9e\" \/>\n\t<meta name=\"twitter:data1\" content=\"2 minutes\" \/>\n<script type=\"application\/ld+json\" class=\"yoast-schema-graph\">{\"@context\":\"https:\/\/schema.org\",\"@graph\":[{\"@type\":\"WebPage\",\"@id\":\"https:\/\/edurec.ge.ch\/site\/cfpt-horlogerie\/inscription\/\",\"url\":\"https:\/\/edurec.ge.ch\/site\/cfpt-horlogerie\/inscription\/\",\"name\":\"Inscriptions - CFPT Horlogerie\",\"isPartOf\":{\"@id\":\"https:\/\/edurec.ge.ch\/site\/cfpt-horlogerie\/#website\"},\"datePublished\":\"2020-05-18T12:52:08+00:00\",\"dateModified\":\"2025-09-18T14:15:30+00:00\",\"breadcrumb\":{\"@id\":\"https:\/\/edurec.ge.ch\/site\/cfpt-horlogerie\/inscription\/#breadcrumb\"},\"inLanguage\":\"fr-FR\",\"potentialAction\":[{\"@type\":\"ReadAction\",\"target\":[\"https:\/\/edurec.ge.ch\/site\/cfpt-horlogerie\/inscription\/\"]}]},{\"@type\":\"BreadcrumbList\",\"@id\":\"https:\/\/edurec.ge.ch\/site\/cfpt-horlogerie\/inscription\/#breadcrumb\",\"itemListElement\":[{\"@type\":\"ListItem\",\"position\":1,\"name\":\"Accueil\",\"item\":\"https:\/\/edurec.ge.ch\/site\/cfpt-horlogerie\/\"},{\"@type\":\"ListItem\",\"position\":2,\"name\":\"Inscriptions\"}]},{\"@type\":\"WebSite\",\"@id\":\"https:\/\/edurec.ge.ch\/site\/cfpt-horlogerie\/#website\",\"url\":\"https:\/\/edurec.ge.ch\/site\/cfpt-horlogerie\/\",\"name\":\"CFPT Horlogerie\",\"description\":\"\",\"potentialAction\":[{\"@type\":\"SearchAction\",\"target\":{\"@type\":\"EntryPoint\",\"urlTemplate\":\"https:\/\/edurec.ge.ch\/site\/cfpt-horlogerie\/?s={search_term_string}\"},\"query-input\":{\"@type\":\"PropertyValueSpecification\",\"valueRequired\":true,\"valueName\":\"search_term_string\"}}],\"inLanguage\":\"fr-FR\"}]}<\/script>\n<!-- \/ Yoast SEO plugin. -->","yoast_head_json":{"title":"Inscriptions - CFPT Horlogerie","robots":{"index":"index","follow":"follow","max-snippet":"max-snippet:-1","max-image-preview":"max-image-preview:large","max-video-preview":"max-video-preview:-1"},"canonical":"https:\/\/edurec.ge.ch\/site\/cfpt-horlogerie\/inscription\/","og_locale":"fr_FR","og_type":"article","og_title":"Inscriptions - CFPT Horlogerie","og_url":"https:\/\/edurec.ge.ch\/site\/cfpt-horlogerie\/inscription\/","og_site_name":"CFPT Horlogerie","article_modified_time":"2025-09-18T14:15:30+00:00","twitter_card":"summary_large_image","twitter_misc":{"Dur\u00e9e de lecture estim\u00e9e":"2 minutes"},"schema":{"@context":"https:\/\/schema.org","@graph":[{"@type":"WebPage","@id":"https:\/\/edurec.ge.ch\/site\/cfpt-horlogerie\/inscription\/","url":"https:\/\/edurec.ge.ch\/site\/cfpt-horlogerie\/inscription\/","name":"Inscriptions - CFPT Horlogerie","isPartOf":{"@id":"https:\/\/edurec.ge.ch\/site\/cfpt-horlogerie\/#website"},"datePublished":"2020-05-18T12:52:08+00:00","dateModified":"2025-09-18T14:15:30+00:00","breadcrumb":{"@id":"https:\/\/edurec.ge.ch\/site\/cfpt-horlogerie\/inscription\/#breadcrumb"},"inLanguage":"fr-FR","potentialAction":[{"@type":"ReadAction","target":["https:\/\/edurec.ge.ch\/site\/cfpt-horlogerie\/inscription\/"]}]},{"@type":"BreadcrumbList","@id":"https:\/\/edurec.ge.ch\/site\/cfpt-horlogerie\/inscription\/#breadcrumb","itemListElement":[{"@type":"ListItem","position":1,"name":"Accueil","item":"https:\/\/edurec.ge.ch\/site\/cfpt-horlogerie\/"},{"@type":"ListItem","position":2,"name":"Inscriptions"}]},{"@type":"WebSite","@id":"https:\/\/edurec.ge.ch\/site\/cfpt-horlogerie\/#website","url":"https:\/\/edurec.ge.ch\/site\/cfpt-horlogerie\/","name":"CFPT Horlogerie","description":"","potentialAction":[{"@type":"SearchAction","target":{"@type":"EntryPoint","urlTemplate":"https:\/\/edurec.ge.ch\/site\/cfpt-horlogerie\/?s={search_term_string}"},"query-input":{"@type":"PropertyValueSpecification","valueRequired":true,"valueName":"search_term_string"}}],"inLanguage":"fr-FR"}]}},"_links":{"self":[{"href":"https:\/\/edurec.ge.ch\/site\/cfpt-horlogerie\/wp-json\/wp\/v2\/pages\/360","targetHints":{"allow":["GET"]}}],"collection":[{"href":"https:\/\/edurec.ge.ch\/site\/cfpt-horlogerie\/wp-json\/wp\/v2\/pages"}],"about":[{"href":"https:\/\/edurec.ge.ch\/site\/cfpt-horlogerie\/wp-json\/wp\/v2\/types\/page"}],"author":[{"embeddable":true,"href":"https:\/\/edurec.ge.ch\/site\/cfpt-horlogerie\/wp-json\/wp\/v2\/users\/10710"}],"replies":[{"embeddable":true,"href":"https:\/\/edurec.ge.ch\/site\/cfpt-horlogerie\/wp-json\/wp\/v2\/comments?post=360"}],"version-history":[{"count":78,"href":"https:\/\/edurec.ge.ch\/site\/cfpt-horlogerie\/wp-json\/wp\/v2\/pages\/360\/revisions"}],"predecessor-version":[{"id":1785,"href":"https:\/\/edurec.ge.ch\/site\/cfpt-horlogerie\/wp-json\/wp\/v2\/pages\/360\/revisions\/1785"}],"wp:attachment":[{"href":"https:\/\/edurec.ge.ch\/site\/cfpt-horlogerie\/wp-json\/wp\/v2\/media?parent=360"}],"curies":[{"name":"wp","href":"https:\/\/api.w.org\/{rel}","templated":true}]}}