{"id":155,"date":"2020-03-31T11:52:42","date_gmt":"2020-03-31T09:52:42","guid":{"rendered":"https:\/\/edurec.ge.ch\/site\/cfpt-horlogerie\/?page_id=155"},"modified":"2025-09-18T16:12:21","modified_gmt":"2025-09-18T14:12:21","slug":"informations-2","status":"publish","type":"page","link":"https:\/\/edurec.ge.ch\/site\/cfpt-horlogerie\/informations-2\/","title":{"rendered":"Informations"},"content":{"rendered":"<div class=\"fusion-fullwidth fullwidth-box fusion-builder-row-1 nonhundred-percent-fullwidth non-hundred-percent-height-scrolling\" style=\"--awb-border-radius-top-left:0px;--awb-border-radius-top-right:0px;--awb-border-radius-bottom-right:0px;--awb-border-radius-bottom-left:0px;--awb-flex-wrap:wrap;\" ><div class=\"fusion-builder-row fusion-row\"><div class=\"fusion-layout-column fusion_builder_column fusion-builder-column-0 fusion_builder_column_1_1 1_1 fusion-one-full fusion-column-first fusion-column-last\" style=\"--awb-bg-size:cover;\"><div class=\"fusion-column-wrapper fusion-flex-column-wrapper-legacy\"><div class=\"fusion-title title fusion-title-1 fusion-sep-none fusion-title-text fusion-title-size-two\"><h2 class=\"fusion-title-heading title-heading-left\" style=\"margin:0;\">S\u00e9ances d&rsquo;information, Portes Ouvertes et inscriptions<\/h2><\/div><div class=\"fusion-text fusion-text-1\"><h3>Cit\u00e9 des m\u00e9tiers<\/h3>\n<p>Du 25 au 30 novembre 2025 au centre des congr\u00e8s Palexpo<\/p>\n<div>\n<h3>Portes ouvertes et soir\u00e9e d&rsquo;informations aux parents des futurs \u00e9l\u00e8ves (sans inscription pr\u00e9alable)<\/h3>\n<div>En raison de la tenue de la Cit\u00e9 des m\u00e9tiers, les portes ouvertes pr\u00e9sentent un format diff\u00e9rent et se d\u00e9rouleront le<\/div>\n<div>14 janvier 2026 de 16h00 \u00e0 19h00 &#8211; 23 A route de la Galaise &#8211; 1228 Plan les Ouates<\/div>\n<\/div>\n<div><\/div>\n<div><\/div>\n<\/div><div class=\"fusion-title title fusion-title-2 fusion-sep-none fusion-title-text fusion-title-size-two\"><h2 class=\"fusion-title-heading title-heading-left\" style=\"margin:0;\">Stages<\/h2><\/div><div class=\"fusion-text fusion-text-2\"><p>Si vous \u00eates int\u00e9ress\u00e9s par nos formations, vous pouvez vous familiariser avec les m\u00e9tiers de l&rsquo;horlogerie et leurs exigences lors de la <strong>Cit\u00e9 des M\u00e9tiers<\/strong> qui se d\u00e9roule du 25 au 30 novembre 2025 \u00e0 Palexpo et \u00e9galement lors de\u00a0nos Portes Ouvertes qui se d\u00e9rouleront le mercredi 14 janvier de 15h00 \u00e0 20h00<\/p>\n<p>Les inscriptions aux stages de d\u00e9couverte d&rsquo;une journ\u00e9e s&rsquo;effectuent sur la plateforme <a href=\"http:\/\/www.gestage.ch\">www.gestage.ch<\/a> &#8211; dates disponibles d\u00e8s fin septembre 2025<\/p>\n<\/div><div class=\"fusion-title title fusion-title-3 fusion-sep-none fusion-title-text fusion-title-size-two\"><h2 class=\"fusion-title-heading title-heading-left\" style=\"margin:0;\">Pr\u00e9sentation de nos fili\u00e8res de formation<\/h2><\/div><div class=\"fusion-text fusion-text-3\"><div class=\"fb-video\">\n<blockquote class=\"fb-xfbml-parse-ignore\" cite=\"https:\/\/www.facebook.com\/Ecole.Horlogerie.Geneve\/videos\/7499211936786058\/\">\n<p>Vous \u00eates int\u00e9ress\u00e9s par nos formations, ce film r\u00e9alis\u00e9 pour les Portes ouvertes pr\u00e9sente le CFPT, l&rsquo;\u00e9cole d&rsquo;horlogerie et les formations dispens\u00e9es de mani\u00e8re globale.<\/p>\n<p>Consultez notre page Facebook\u00a0<a href=\"https:\/\/fb.watch\/gILvJFDBmd\/\" target=\"_blank\" rel=\"noopener\">Les amis de l&rsquo;Ecole d&rsquo;horlogerie de Gen\u00e8ve<\/a><\/p>\n<p>La formation de techniciens vous int\u00e9resse, venez \u00e0 la s\u00e9ance d&rsquo;informations publique qui se d\u00e9roulera le &#8211; date \u00e0 venir &#8211; Lieu : 23 a route de la Galaise &#8211; Plan les Ouates<\/p>\n<\/blockquote>\n<\/div>\n<\/div><div class=\"fusion-title title fusion-title-4 fusion-sep-none fusion-title-text fusion-title-size-two\"><h2 class=\"fusion-title-heading title-heading-left\" style=\"margin:0;\">Rentr\u00e9e scolaire<\/h2><\/div><div class=\"fusion-text fusion-text-4\"><p><strong>La rentr\u00e9e approche, vous trouverez ci dessous les convocations suivantes :<\/strong><\/p>\n<ul>\n<li><a href=\"https:\/\/edurec.ge.ch\/site\/cfpt-horlogerie\/wp-content\/uploads\/sites\/114\/2025\/08\/25-26_ConvocRentree_1ere.pdf\" target=\"_blank\" rel=\"noopener\">Pour les 1\u00e8re<\/a><\/li>\n<li><a href=\"https:\/\/edurec.ge.ch\/site\/cfpt-horlogerie\/wp-content\/uploads\/sites\/114\/2025\/08\/25-26_ConvocRentree_234.pdf\" target=\"_blank\" rel=\"noopener\">Pour les 2 &#8211; 3- 4 \u00e8me ann\u00e9e<\/a><\/li>\n<li><a href=\"https:\/\/edurec.ge.ch\/site\/cfpt-horlogerie\/wp-content\/uploads\/sites\/114\/2025\/08\/25-26_ConvocRentree_Tech-1ere.pdf\" target=\"_blank\" rel=\"noopener\">Pour les techniciens<\/a><\/li>\n<\/ul>\n<\/div><div class=\"fusion-clearfix\"><\/div><\/div><\/div><div class=\"fusion-layout-column fusion_builder_column fusion-builder-column-1 fusion_builder_column_1_1 1_1 fusion-one-full fusion-column-first fusion-column-last\" style=\"--awb-bg-size:cover;\"><div class=\"fusion-column-wrapper fusion-flex-column-wrapper-legacy\"><div class=\"fusion-clearfix\"><\/div><\/div><\/div><\/div><\/div><div class=\"fusion-fullwidth fullwidth-box fusion-builder-row-2 nonhundred-percent-fullwidth non-hundred-percent-height-scrolling\" style=\"--awb-border-radius-top-left:0px;--awb-border-radius-top-right:0px;--awb-border-radius-bottom-right:0px;--awb-border-radius-bottom-left:0px;--awb-flex-wrap:wrap;\" ><div class=\"fusion-builder-row fusion-row\"><div class=\"fusion-layout-column fusion_builder_column fusion-builder-column-2 fusion_builder_column_1_3 1_3 fusion-one-third fusion-column-first\" style=\"--awb-bg-size:cover;width:33.333333333333%;width:calc(33.333333333333% - ( ( 4% ) * 0.33333333333333 ) );margin-right: 4%;\"><div class=\"fusion-column-wrapper fusion-flex-column-wrapper-legacy\"><div class=\"fusion-title title fusion-title-5 fusion-sep-none fusion-title-text fusion-title-size-two\"><h2 class=\"fusion-title-heading title-heading-left\" style=\"margin:0;\">Contact<\/h2><\/div><div class=\"fusion-text fusion-text-5\"><p>Ecole d&rsquo;Horlogerie de Gen\u00e8ve<\/p>\n<p>23 A route de la Galaise<\/p>\n<p>1228 Plan-les-Ouates<\/p>\n<p>022.388.87.09<\/p>\n<p><a target=\"_blank\" rel=\"noopener noreferrer\">cfpt.horlogerie@edurec.ge.ch<\/a><\/p>\n<\/div><div class=\"fusion-clearfix\"><\/div><\/div><\/div><div class=\"fusion-layout-column fusion_builder_column fusion-builder-column-3 fusion_builder_column_3_5 3_5 fusion-three-fifth fusion-column-last\" style=\"--awb-bg-size:cover;width:60%;width:calc(60% - ( ( 4% ) * 0.6 ) );\"><div class=\"fusion-column-wrapper fusion-flex-column-wrapper-legacy\"><div class=\"fusion-image-element fusion-image-align-center in-legacy-container\" style=\"text-align:center;--awb-aspect-ratio:21 \/ 9;--awb-object-position:20% 43%;--awb-caption-title-font-family:var(--h2_typography-font-family);--awb-caption-title-font-weight:var(--h2_typography-font-weight);--awb-caption-title-font-style:var(--h2_typography-font-style);--awb-caption-title-size:var(--h2_typography-font-size);--awb-caption-title-transform:var(--h2_typography-text-transform);--awb-caption-title-line-height:var(--h2_typography-line-height);--awb-caption-title-letter-spacing:var(--h2_typography-letter-spacing);\"><div class=\"imageframe-align-center\"><span class=\" fusion-imageframe imageframe-none imageframe-1 hover-type-zoomin has-aspect-ratio\"><a class=\"fusion-no-lightbox\" href=\"https:\/\/goo.gl\/maps\/7BCsAXL45VWSmF658\" target=\"_blank\" aria-label=\"map\" rel=\"noopener noreferrer\"><img decoding=\"async\" width=\"300\" height=\"205\" alt=\"map\" src=\"https:\/\/edurec.ge.ch\/site\/cfpt-horlogerie\/wp-content\/uploads\/sites\/114\/2020\/08\/map-300x205.jpg\" class=\"img-responsive wp-image-521 img-with-aspect-ratio\" srcset=\"https:\/\/edurec.ge.ch\/site\/cfpt-horlogerie\/wp-content\/uploads\/sites\/114\/2020\/08\/map-200x136.jpg 200w, https:\/\/edurec.ge.ch\/site\/cfpt-horlogerie\/wp-content\/uploads\/sites\/114\/2020\/08\/map-400x273.jpg 400w, https:\/\/edurec.ge.ch\/site\/cfpt-horlogerie\/wp-content\/uploads\/sites\/114\/2020\/08\/map-600x409.jpg 600w, https:\/\/edurec.ge.ch\/site\/cfpt-horlogerie\/wp-content\/uploads\/sites\/114\/2020\/08\/map-800x546.jpg 800w, https:\/\/edurec.ge.ch\/site\/cfpt-horlogerie\/wp-content\/uploads\/sites\/114\/2020\/08\/map-1200x818.jpg 1200w, https:\/\/edurec.ge.ch\/site\/cfpt-horlogerie\/wp-content\/uploads\/sites\/114\/2020\/08\/map.jpg 1903w\" sizes=\"(max-width: 800px) 100vw, 800px\" \/><\/a><\/span><\/div><\/div><div class=\"fusion-clearfix\"><\/div><\/div><\/div><div class=\"fusion-layout-column fusion_builder_column fusion-builder-column-4 fusion_builder_column_1_1 1_1 fusion-one-full fusion-column-first fusion-column-last\" style=\"--awb-bg-size:cover;\"><div class=\"fusion-column-wrapper fusion-column-has-shadow fusion-flex-column-wrapper-legacy\"><div class=\"fusion-image-element fusion-image-align-center in-legacy-container\" style=\"text-align:center;--awb-caption-title-font-family:var(--h2_typography-font-family);--awb-caption-title-font-weight:var(--h2_typography-font-weight);--awb-caption-title-font-style:var(--h2_typography-font-style);--awb-caption-title-size:var(--h2_typography-font-size);--awb-caption-title-transform:var(--h2_typography-text-transform);--awb-caption-title-line-height:var(--h2_typography-line-height);--awb-caption-title-letter-spacing:var(--h2_typography-letter-spacing);\"><div class=\"imageframe-align-center\"><span class=\" fusion-imageframe imageframe-none imageframe-2 hover-type-none\"><img decoding=\"async\" width=\"1200\" height=\"675\" title=\"EHG_200_Acc\u00e8s\" src=\"https:\/\/edurec.ge.ch\/site\/cfpt-horlogerie\/wp-content\/uploads\/sites\/114\/2025\/01\/EHG_200_Acces-1-1200x675.jpg\" alt class=\"img-responsive wp-image-1131\" srcset=\"https:\/\/edurec.ge.ch\/site\/cfpt-horlogerie\/wp-content\/uploads\/sites\/114\/2025\/01\/EHG_200_Acces-1-200x113.jpg 200w, https:\/\/edurec.ge.ch\/site\/cfpt-horlogerie\/wp-content\/uploads\/sites\/114\/2025\/01\/EHG_200_Acces-1-400x225.jpg 400w, https:\/\/edurec.ge.ch\/site\/cfpt-horlogerie\/wp-content\/uploads\/sites\/114\/2025\/01\/EHG_200_Acces-1-600x338.jpg 600w, https:\/\/edurec.ge.ch\/site\/cfpt-horlogerie\/wp-content\/uploads\/sites\/114\/2025\/01\/EHG_200_Acces-1-800x450.jpg 800w, https:\/\/edurec.ge.ch\/site\/cfpt-horlogerie\/wp-content\/uploads\/sites\/114\/2025\/01\/EHG_200_Acces-1-1200x675.jpg 1200w, https:\/\/edurec.ge.ch\/site\/cfpt-horlogerie\/wp-content\/uploads\/sites\/114\/2025\/01\/EHG_200_Acces-1.jpg 1280w\" sizes=\"(max-width: 800px) 100vw, 1200px\" \/><\/span><\/div><\/div><div class=\"fusion-clearfix\"><\/div><\/div><\/div><\/div><\/div><div class=\"fusion-fullwidth fullwidth-box fusion-builder-row-3 nonhundred-percent-fullwidth non-hundred-percent-height-scrolling\" style=\"--awb-border-radius-top-left:0px;--awb-border-radius-top-right:0px;--awb-border-radius-bottom-right:0px;--awb-border-radius-bottom-left:0px;--awb-flex-wrap:wrap;\" ><div class=\"fusion-builder-row fusion-row\"><div class=\"fusion-layout-column fusion_builder_column fusion-builder-column-5 fusion_builder_column_1_1 1_1 fusion-one-full fusion-column-first fusion-column-last\" style=\"--awb-bg-size:cover;--awb-margin-bottom:0px;\"><div class=\"fusion-column-wrapper fusion-flex-column-wrapper-legacy\"><div class=\"fusion-title title fusion-title-6 fusion-sep-none fusion-title-text fusion-title-size-two\"><h2 class=\"fusion-title-heading title-heading-left\" style=\"margin:0;\">Rappel historique et situation actuelle<\/h2><\/div><div class=\"fusion-text fusion-text-6\"><p><code><\/code><\/p>\n<p>A Gen\u00e8ve, la Soci\u00e9t\u00e9 des Arts, dont la Classe d\u2019industrie est compos\u00e9e d\u2019horlogers r\u00e9put\u00e9s, organise une \u00c9cole de blanc (1824), puis une classe de finissage (1826), avant de remettre \u00e0 la Ville, en 1843, une \u00e9cole d\u2019horlogerie compl\u00e8te : la transmission du savoir-faire s\u2019institutionnalise, soutenue par la volont\u00e9 politique manifest\u00e9e pour le maintien des savoir-faire genevois. La structure genevoise de formation professionnelle se dote ainsi, d\u00e8s 1876, d\u2019une \u00c9cole professionnelle des arts industriels, devenue \u00c9cole des arts d\u00e9coratifs, dans laquelle sont form\u00e9e les \u00e9mailleurs et bijoutiers-joailliers.<\/p>\n<p>Aujourd\u2019hui, l\u2019\u00c9cole d\u2019horlogerie offre des formations professionnelles initiales dans les domaines de l\u2019horlogerie, de la microm\u00e9canique et de la microtechnique. Ces fili\u00e8res de formation permettent d\u2019obtenir un certificat f\u00e9d\u00e9ral de capacit\u00e9 (CFC) en trois ou quatre ans ou encore un dipl\u00f4me de technicien (ES) en 6 ans.<\/p>\n<p>Par sa mission premi\u00e8re qui est la formation et la certification des apprentis, l\u2019\u00c9cole poss\u00e8de des liens privil\u00e9gi\u00e9s avec les entreprises horlog\u00e8res de la r\u00e9gion.\u00a0Ces relations sont renforc\u00e9es lorsque nos \u00e9l\u00e8ves techniciens suivent des stages en entreprise et concluent leur formation par un travail de dipl\u00f4me propos\u00e9 par et pour le monde professionnel. Le laboratoire horloger accueille \u00e9galement les ing\u00e9nieurs HES pour leur cours et lors de leurs travaux de dipl\u00f4me.<br \/>\nDe plus, l\u2019\u00e9cole accueille \u00e9galement des \u00e9tudiants en provenance des HES (Bachelor et Master) qui viennent suivre des cours sp\u00e9cialis\u00e9s.<br \/>\nDurant de nombreuses ann\u00e9es, l\u2019\u00c9cole a abrit\u00e9 le Poin\u00e7on de Gen\u00e8ve et le bureau officiel du COSC, actuellement regroup\u00e9 sous la banni\u00e8re de Timelab.<br \/>\nAujourd\u2019hui, les enseignants de l\u2019\u00c9cole poursuivent leur expertise en tant que ma\u00eetres horlogers.<\/p>\n<\/div><div class=\"fusion-clearfix\"><\/div><\/div><\/div><\/div><\/div><div class=\"fusion-fullwidth fullwidth-box fusion-builder-row-4 nonhundred-percent-fullwidth non-hundred-percent-height-scrolling\" style=\"--awb-border-radius-top-left:0px;--awb-border-radius-top-right:0px;--awb-border-radius-bottom-right:0px;--awb-border-radius-bottom-left:0px;--awb-flex-wrap:wrap;\" ><div class=\"fusion-builder-row fusion-row\"><\/div><\/div>\n","protected":false},"excerpt":{"rendered":"","protected":false},"author":10710,"featured_media":0,"parent":0,"menu_order":2,"comment_status":"closed","ping_status":"closed","template":"","meta":{"footnotes":""},"class_list":["post-155","page","type-page","status-publish","hentry"],"yoast_head":"<!-- This site is optimized with the Yoast SEO plugin v26.4 - https:\/\/yoast.com\/wordpress\/plugins\/seo\/ -->\n<title>Informations - CFPT Horlogerie<\/title>\n<meta name=\"robots\" content=\"index, follow, max-snippet:-1, max-image-preview:large, max-video-preview:-1\" \/>\n<link rel=\"canonical\" href=\"https:\/\/edurec.ge.ch\/site\/cfpt-horlogerie\/informations-2\/\" \/>\n<meta property=\"og:locale\" content=\"fr_FR\" \/>\n<meta property=\"og:type\" content=\"article\" \/>\n<meta property=\"og:title\" content=\"Informations - CFPT Horlogerie\" \/>\n<meta property=\"og:url\" content=\"https:\/\/edurec.ge.ch\/site\/cfpt-horlogerie\/informations-2\/\" \/>\n<meta property=\"og:site_name\" content=\"CFPT Horlogerie\" \/>\n<meta property=\"article:modified_time\" content=\"2025-09-18T14:12:21+00:00\" \/>\n<meta name=\"twitter:card\" content=\"summary_large_image\" \/>\n<meta name=\"twitter:label1\" content=\"Dur\u00e9e de lecture estim\u00e9e\" \/>\n\t<meta name=\"twitter:data1\" content=\"3 minutes\" \/>\n<script type=\"application\/ld+json\" class=\"yoast-schema-graph\">{\"@context\":\"https:\/\/schema.org\",\"@graph\":[{\"@type\":\"WebPage\",\"@id\":\"https:\/\/edurec.ge.ch\/site\/cfpt-horlogerie\/informations-2\/\",\"url\":\"https:\/\/edurec.ge.ch\/site\/cfpt-horlogerie\/informations-2\/\",\"name\":\"Informations - CFPT Horlogerie\",\"isPartOf\":{\"@id\":\"https:\/\/edurec.ge.ch\/site\/cfpt-horlogerie\/#website\"},\"datePublished\":\"2020-03-31T09:52:42+00:00\",\"dateModified\":\"2025-09-18T14:12:21+00:00\",\"breadcrumb\":{\"@id\":\"https:\/\/edurec.ge.ch\/site\/cfpt-horlogerie\/informations-2\/#breadcrumb\"},\"inLanguage\":\"fr-FR\",\"potentialAction\":[{\"@type\":\"ReadAction\",\"target\":[\"https:\/\/edurec.ge.ch\/site\/cfpt-horlogerie\/informations-2\/\"]}]},{\"@type\":\"BreadcrumbList\",\"@id\":\"https:\/\/edurec.ge.ch\/site\/cfpt-horlogerie\/informations-2\/#breadcrumb\",\"itemListElement\":[{\"@type\":\"ListItem\",\"position\":1,\"name\":\"Accueil\",\"item\":\"https:\/\/edurec.ge.ch\/site\/cfpt-horlogerie\/\"},{\"@type\":\"ListItem\",\"position\":2,\"name\":\"Informations\"}]},{\"@type\":\"WebSite\",\"@id\":\"https:\/\/edurec.ge.ch\/site\/cfpt-horlogerie\/#website\",\"url\":\"https:\/\/edurec.ge.ch\/site\/cfpt-horlogerie\/\",\"name\":\"CFPT Horlogerie\",\"description\":\"\",\"potentialAction\":[{\"@type\":\"SearchAction\",\"target\":{\"@type\":\"EntryPoint\",\"urlTemplate\":\"https:\/\/edurec.ge.ch\/site\/cfpt-horlogerie\/?s={search_term_string}\"},\"query-input\":{\"@type\":\"PropertyValueSpecification\",\"valueRequired\":true,\"valueName\":\"search_term_string\"}}],\"inLanguage\":\"fr-FR\"}]}<\/script>\n<!-- \/ Yoast SEO plugin. -->","yoast_head_json":{"title":"Informations - CFPT Horlogerie","robots":{"index":"index","follow":"follow","max-snippet":"max-snippet:-1","max-image-preview":"max-image-preview:large","max-video-preview":"max-video-preview:-1"},"canonical":"https:\/\/edurec.ge.ch\/site\/cfpt-horlogerie\/informations-2\/","og_locale":"fr_FR","og_type":"article","og_title":"Informations - CFPT Horlogerie","og_url":"https:\/\/edurec.ge.ch\/site\/cfpt-horlogerie\/informations-2\/","og_site_name":"CFPT Horlogerie","article_modified_time":"2025-09-18T14:12:21+00:00","twitter_card":"summary_large_image","twitter_misc":{"Dur\u00e9e de lecture estim\u00e9e":"3 minutes"},"schema":{"@context":"https:\/\/schema.org","@graph":[{"@type":"WebPage","@id":"https:\/\/edurec.ge.ch\/site\/cfpt-horlogerie\/informations-2\/","url":"https:\/\/edurec.ge.ch\/site\/cfpt-horlogerie\/informations-2\/","name":"Informations - CFPT Horlogerie","isPartOf":{"@id":"https:\/\/edurec.ge.ch\/site\/cfpt-horlogerie\/#website"},"datePublished":"2020-03-31T09:52:42+00:00","dateModified":"2025-09-18T14:12:21+00:00","breadcrumb":{"@id":"https:\/\/edurec.ge.ch\/site\/cfpt-horlogerie\/informations-2\/#breadcrumb"},"inLanguage":"fr-FR","potentialAction":[{"@type":"ReadAction","target":["https:\/\/edurec.ge.ch\/site\/cfpt-horlogerie\/informations-2\/"]}]},{"@type":"BreadcrumbList","@id":"https:\/\/edurec.ge.ch\/site\/cfpt-horlogerie\/informations-2\/#breadcrumb","itemListElement":[{"@type":"ListItem","position":1,"name":"Accueil","item":"https:\/\/edurec.ge.ch\/site\/cfpt-horlogerie\/"},{"@type":"ListItem","position":2,"name":"Informations"}]},{"@type":"WebSite","@id":"https:\/\/edurec.ge.ch\/site\/cfpt-horlogerie\/#website","url":"https:\/\/edurec.ge.ch\/site\/cfpt-horlogerie\/","name":"CFPT Horlogerie","description":"","potentialAction":[{"@type":"SearchAction","target":{"@type":"EntryPoint","urlTemplate":"https:\/\/edurec.ge.ch\/site\/cfpt-horlogerie\/?s={search_term_string}"},"query-input":{"@type":"PropertyValueSpecification","valueRequired":true,"valueName":"search_term_string"}}],"inLanguage":"fr-FR"}]}},"_links":{"self":[{"href":"https:\/\/edurec.ge.ch\/site\/cfpt-horlogerie\/wp-json\/wp\/v2\/pages\/155","targetHints":{"allow":["GET"]}}],"collection":[{"href":"https:\/\/edurec.ge.ch\/site\/cfpt-horlogerie\/wp-json\/wp\/v2\/pages"}],"about":[{"href":"https:\/\/edurec.ge.ch\/site\/cfpt-horlogerie\/wp-json\/wp\/v2\/types\/page"}],"author":[{"embeddable":true,"href":"https:\/\/edurec.ge.ch\/site\/cfpt-horlogerie\/wp-json\/wp\/v2\/users\/10710"}],"replies":[{"embeddable":true,"href":"https:\/\/edurec.ge.ch\/site\/cfpt-horlogerie\/wp-json\/wp\/v2\/comments?post=155"}],"version-history":[{"count":119,"href":"https:\/\/edurec.ge.ch\/site\/cfpt-horlogerie\/wp-json\/wp\/v2\/pages\/155\/revisions"}],"predecessor-version":[{"id":1783,"href":"https:\/\/edurec.ge.ch\/site\/cfpt-horlogerie\/wp-json\/wp\/v2\/pages\/155\/revisions\/1783"}],"wp:attachment":[{"href":"https:\/\/edurec.ge.ch\/site\/cfpt-horlogerie\/wp-json\/wp\/v2\/media?parent=155"}],"curies":[{"name":"wp","href":"https:\/\/api.w.org\/{rel}","templated":true}]}}