{"id":1217,"date":"2025-03-18T18:49:16","date_gmt":"2025-03-18T16:49:16","guid":{"rendered":"https:\/\/edurec.ge.ch\/site\/cfpt-horlogerie\/?page_id=1217"},"modified":"2025-06-11T07:36:14","modified_gmt":"2025-06-11T05:36:14","slug":"inscriptions","status":"publish","type":"page","link":"https:\/\/edurec.ge.ch\/site\/cfpt-horlogerie\/200ans\/fete\/inscriptions\/","title":{"rendered":"Inscriptions"},"content":{"rendered":"<div class=\"fusion-fullwidth fullwidth-box fusion-builder-row-1 fusion-flex-container has-pattern-background has-mask-background fusion-parallax-none hundred-percent-fullwidth non-hundred-percent-height-scrolling\" style=\"--awb-border-radius-top-left:0px;--awb-border-radius-top-right:0px;--awb-border-radius-bottom-right:0px;--awb-border-radius-bottom-left:0px;--awb-padding-top:100px;--awb-padding-right:100px;--awb-padding-bottom:100px;--awb-padding-left:100px;--awb-background-image:url(&quot;https:\/\/edurec.ge.ch\/site\/cfpt-horlogerie\/wp-content\/uploads\/sites\/114\/2025\/01\/cadre_photo_arriere_EHG_29.10-1200x811.png&quot;);--awb-background-size:cover;--awb-flex-wrap:wrap;\" ><div class=\"fusion-builder-row fusion-row fusion-flex-align-items-center fusion-flex-align-content-center fusion-flex-justify-content-center fusion-flex-content-wrap\" style=\"width:104% !important;max-width:104% !important;margin-left: calc(-4% \/ 2 );margin-right: calc(-4% \/ 2 );\"><div class=\"fusion-layout-column fusion_builder_column fusion-builder-column-0 fusion_builder_column_1_1 1_1 fusion-flex-column\" style=\"--awb-bg-size:cover;--awb-width-large:100%;--awb-margin-top-large:0px;--awb-spacing-right-large:1.92%;--awb-margin-bottom-large:20px;--awb-spacing-left-large:1.92%;--awb-width-medium:100%;--awb-order-medium:0;--awb-spacing-right-medium:1.92%;--awb-spacing-left-medium:1.92%;--awb-width-small:100%;--awb-order-small:0;--awb-spacing-right-small:1.92%;--awb-spacing-left-small:1.92%;\"><div class=\"fusion-column-wrapper fusion-column-has-shadow fusion-flex-justify-content-flex-start fusion-content-layout-column\"><div class=\"fusion-text fusion-text-1\"><h1 style=\"text-align: center;color: white\"><strong>Inscriptions<\/strong><\/h1>\n<\/div><\/div><\/div><\/div><\/div><div class=\"fusion-fullwidth fullwidth-box fusion-builder-row-2 fusion-flex-container has-pattern-background has-mask-background nonhundred-percent-fullwidth non-hundred-percent-height-scrolling\" style=\"--awb-border-radius-top-left:0px;--awb-border-radius-top-right:0px;--awb-border-radius-bottom-right:0px;--awb-border-radius-bottom-left:0px;--awb-flex-wrap:wrap;\" ><div class=\"fusion-builder-row fusion-row fusion-flex-align-items-flex-start fusion-flex-content-wrap\" style=\"max-width:1144px;margin-left: calc(-4% \/ 2 );margin-right: calc(-4% \/ 2 );\"><div class=\"fusion-layout-column fusion_builder_column fusion-builder-column-1 fusion_builder_column_1_1 1_1 fusion-flex-column\" style=\"--awb-bg-size:cover;--awb-width-large:100%;--awb-margin-top-large:0px;--awb-spacing-right-large:1.92%;--awb-margin-bottom-large:20px;--awb-spacing-left-large:1.92%;--awb-width-medium:100%;--awb-order-medium:0;--awb-spacing-right-medium:1.92%;--awb-spacing-left-medium:1.92%;--awb-width-small:100%;--awb-order-small:0;--awb-spacing-right-small:1.92%;--awb-spacing-left-small:1.92%;\"><div class=\"fusion-column-wrapper fusion-column-has-shadow fusion-flex-justify-content-flex-start fusion-content-layout-column\"><div class=\"fusion-text fusion-text-2\"><h4><a href=\"https:\/\/edurec.ge.ch\/site\/cfpt-horlogerie\/200ans\/fete\/\">F\u00eate publique<\/a> | <a href=\"https:\/\/edurec.ge.ch\/site\/cfpt-horlogerie\/200ans\/fete\/village\/\">Village 200e<\/a> | <a href=\"https:\/\/edurec.ge.ch\/site\/cfpt-horlogerie\/200ans\/fete\/programme\/\">Programme<\/a> | <a href=\"https:\/\/edurec.ge.ch\/site\/cfpt-horlogerie\/200ans\/fete\/activites\/\">Activit\u00e9s<\/a> | <a href=\"https:\/\/edurec.ge.ch\/site\/cfpt-horlogerie\/200ans\/fete\/infos\/\">Infos pratiques<\/a> | <strong><a href=\"https:\/\/edurec.ge.ch\/site\/cfpt-horlogerie\/200ans\/fete\/inscriptions\/\">Inscriptions<\/a><\/strong><\/h4>\n<\/div><\/div><\/div><\/div><\/div><div class=\"fusion-fullwidth fullwidth-box fusion-builder-row-3 fusion-flex-container has-pattern-background has-mask-background nonhundred-percent-fullwidth non-hundred-percent-height-scrolling\" style=\"--awb-border-radius-top-left:0px;--awb-border-radius-top-right:0px;--awb-border-radius-bottom-right:0px;--awb-border-radius-bottom-left:0px;--awb-flex-wrap:wrap;\" ><div class=\"fusion-builder-row fusion-row fusion-flex-align-items-flex-start fusion-flex-content-wrap\" style=\"max-width:1144px;margin-left: calc(-4% \/ 2 );margin-right: calc(-4% \/ 2 );\"><div class=\"fusion-layout-column fusion_builder_column fusion-builder-column-2 fusion_builder_column_1_1 1_1 fusion-flex-column\" style=\"--awb-bg-size:cover;--awb-width-large:100%;--awb-margin-top-large:0px;--awb-spacing-right-large:1.92%;--awb-margin-bottom-large:20px;--awb-spacing-left-large:1.92%;--awb-width-medium:100%;--awb-order-medium:0;--awb-spacing-right-medium:1.92%;--awb-spacing-left-medium:1.92%;--awb-width-small:100%;--awb-order-small:0;--awb-spacing-right-small:1.92%;--awb-spacing-left-small:1.92%;\"><div class=\"fusion-column-wrapper fusion-column-has-shadow fusion-flex-justify-content-flex-start fusion-content-layout-column\"><\/div><\/div><\/div><\/div><div class=\"fusion-fullwidth fullwidth-box fusion-builder-row-4 fusion-flex-container has-pattern-background has-mask-background nonhundred-percent-fullwidth non-hundred-percent-height-scrolling\" style=\"--awb-border-radius-top-left:0px;--awb-border-radius-top-right:0px;--awb-border-radius-bottom-right:0px;--awb-border-radius-bottom-left:0px;--awb-background-color:#dbd8d8;--awb-flex-wrap:wrap;\" ><div class=\"fusion-builder-row fusion-row fusion-flex-align-items-flex-start fusion-flex-content-wrap\" style=\"max-width:1144px;margin-left: calc(-4% \/ 2 );margin-right: calc(-4% \/ 2 );\"><div class=\"fusion-layout-column fusion_builder_column fusion-builder-column-3 fusion_builder_column_1_1 1_1 fusion-flex-column\" style=\"--awb-bg-size:cover;--awb-width-large:100%;--awb-margin-top-large:0px;--awb-spacing-right-large:1.92%;--awb-margin-bottom-large:20px;--awb-spacing-left-large:1.92%;--awb-width-medium:100%;--awb-order-medium:0;--awb-spacing-right-medium:1.92%;--awb-spacing-left-medium:1.92%;--awb-width-small:100%;--awb-order-small:0;--awb-spacing-right-small:1.92%;--awb-spacing-left-small:1.92%;\"><div class=\"fusion-column-wrapper fusion-column-has-shadow fusion-flex-justify-content-flex-start fusion-content-layout-column\"><div class=\"fusion-title title fusion-title-1 fusion-title-text fusion-title-size-one\"><div class=\"title-sep-container title-sep-container-left fusion-no-large-visibility fusion-no-medium-visibility fusion-no-small-visibility\"><div class=\"title-sep sep-double sep-solid\" style=\"border-color:#e0dede;\"><\/div><\/div><span class=\"awb-title-spacer fusion-no-large-visibility fusion-no-medium-visibility fusion-no-small-visibility\"><\/span><h1 class=\"fusion-title-heading title-heading-left\" style=\"margin:0;\">Inscriptions TOUT PUBLIC<\/h1><span class=\"awb-title-spacer\"><\/span><div class=\"title-sep-container title-sep-container-right\"><div class=\"title-sep sep-double sep-solid\" style=\"border-color:#e0dede;\"><\/div><\/div><\/div><\/div><\/div><div class=\"fusion-layout-column fusion_builder_column fusion-builder-column-4 fusion_builder_column_1_3 1_3 fusion-flex-column\" style=\"--awb-bg-size:cover;--awb-width-large:33.333333333333%;--awb-margin-top-large:0px;--awb-spacing-right-large:5.76%;--awb-margin-bottom-large:20px;--awb-spacing-left-large:5.76%;--awb-width-medium:100%;--awb-order-medium:0;--awb-spacing-right-medium:1.92%;--awb-spacing-left-medium:1.92%;--awb-width-small:100%;--awb-order-small:0;--awb-spacing-right-small:1.92%;--awb-spacing-left-small:1.92%;\"><div class=\"fusion-column-wrapper fusion-column-has-shadow fusion-flex-justify-content-flex-start fusion-content-layout-column\"><div class=\"fusion-image-element \" style=\"text-align:center;--awb-caption-title-font-family:var(--h2_typography-font-family);--awb-caption-title-font-weight:var(--h2_typography-font-weight);--awb-caption-title-font-style:var(--h2_typography-font-style);--awb-caption-title-size:var(--h2_typography-font-size);--awb-caption-title-transform:var(--h2_typography-text-transform);--awb-caption-title-line-height:var(--h2_typography-line-height);--awb-caption-title-letter-spacing:var(--h2_typography-letter-spacing);\"><span class=\" fusion-imageframe imageframe-none imageframe-1 hover-type-none\"><img decoding=\"async\" width=\"240\" height=\"300\" title=\"F\u00eate Publique 200e\" src=\"https:\/\/edurec.ge.ch\/site\/cfpt-horlogerie\/wp-content\/uploads\/sites\/114\/2025\/04\/Fete-Publique-200e-240x300.png\" alt class=\"img-responsive wp-image-1615\" srcset=\"https:\/\/edurec.ge.ch\/site\/cfpt-horlogerie\/wp-content\/uploads\/sites\/114\/2025\/04\/Fete-Publique-200e-200x250.png 200w, https:\/\/edurec.ge.ch\/site\/cfpt-horlogerie\/wp-content\/uploads\/sites\/114\/2025\/04\/Fete-Publique-200e-400x500.png 400w, https:\/\/edurec.ge.ch\/site\/cfpt-horlogerie\/wp-content\/uploads\/sites\/114\/2025\/04\/Fete-Publique-200e-600x750.png 600w, https:\/\/edurec.ge.ch\/site\/cfpt-horlogerie\/wp-content\/uploads\/sites\/114\/2025\/04\/Fete-Publique-200e-800x1000.png 800w, https:\/\/edurec.ge.ch\/site\/cfpt-horlogerie\/wp-content\/uploads\/sites\/114\/2025\/04\/Fete-Publique-200e.png 1080w\" sizes=\"(max-width: 1024px) 100vw, (max-width: 640px) 100vw, 400px\" \/><\/span><\/div><\/div><\/div><div class=\"fusion-layout-column fusion_builder_column fusion-builder-column-5 fusion_builder_column_2_3 2_3 fusion-flex-column\" style=\"--awb-bg-size:cover;--awb-width-large:66.666666666667%;--awb-margin-top-large:0px;--awb-spacing-right-large:2.88%;--awb-margin-bottom-large:20px;--awb-spacing-left-large:2.88%;--awb-width-medium:100%;--awb-order-medium:0;--awb-spacing-right-medium:1.92%;--awb-spacing-left-medium:1.92%;--awb-width-small:100%;--awb-order-small:0;--awb-spacing-right-small:1.92%;--awb-spacing-left-small:1.92%;\" data-scroll-devices=\"small-visibility,medium-visibility,large-visibility\"><div class=\"fusion-column-wrapper fusion-column-has-shadow fusion-flex-justify-content-flex-start fusion-content-layout-column\"><div class=\"fusion-text fusion-text-3\"><h3><strong>La F\u00eate Publique est ouverte \u00e0 tout public ! Ne manquez pas ce rendez-vous pour c\u00e9l\u00e9brer ensemble deux si\u00e8cles d\u2019excellence et d\u2019innovation !<\/strong><\/h3>\n<ul>\n<li><strong>Le nombre de places est limit\u00e9.<\/strong><\/li>\n<li><strong>L\u2019inscription est obligatoire et payante (gratuit pour les \u226412 ans).<\/strong><\/li>\n<li><strong>LES INSCRIPTIONS SE TERMINENT LE 1er JUIN 2025 (23h59).<\/strong><\/li>\n<\/ul>\n<h3><strong>\/\/ EVENEMENT SUR INSCRIPTION OBLIGATOIRE | LES INSCRIPTIONS SONT TERMINEES \/\/<\/strong><\/h3>\n<\/div><div class=\"fusion-text fusion-text-4\"><p style=\"text-align: center\">***<\/p>\n<\/div><div style=\"text-align:center;\"><a class=\"fusion-button button-flat button-xlarge button-custom fusion-button-default button-1 fusion-button-default-span fusion-button-default-type\" style=\"--button_accent_color:#ffffff;--button_accent_hover_color:#ffffff;--button_border_hover_color:#ffffff;--button_gradient_top_color:#ad8800;--button_gradient_bottom_color:#ad8800;--button_gradient_top_color_hover:rgba(221,143,84,0.85);--button_gradient_bottom_color_hover:rgba(221,143,84,0.85);\" target=\"_blank\" rel=\"noopener noreferrer\" href=\"https:\/\/infomaniak.events\/fr-ch\/shop\/fete-publique-200e-inscriptions-tout-public-Z92FSER8CK\"><i class=\"fa-arrow-right fas button-icon-left\" aria-hidden=\"true\"><\/i><span class=\"fusion-button-text\">Je m&rsquo;inscris \u00e0 l&rsquo;\u00e9v\u00e9nement<\/span><\/a><\/div><\/div><\/div><div class=\"fusion-layout-column fusion_builder_column fusion-builder-column-6 fusion_builder_column_1_1 1_1 fusion-flex-column\" style=\"--awb-bg-size:cover;--awb-width-large:100%;--awb-margin-top-large:0px;--awb-spacing-right-large:1.92%;--awb-margin-bottom-large:20px;--awb-spacing-left-large:1.92%;--awb-width-medium:100%;--awb-order-medium:0;--awb-spacing-right-medium:1.92%;--awb-spacing-left-medium:1.92%;--awb-width-small:100%;--awb-order-small:0;--awb-spacing-right-small:1.92%;--awb-spacing-left-small:1.92%;\"><div class=\"fusion-column-wrapper fusion-column-has-shadow fusion-flex-justify-content-flex-start fusion-content-layout-column\"><div class=\"fusion-text fusion-text-5\"><h2>Ce qui est compris dans votre inscription :<\/h2>\n<ul>\n<li>Un bon pour 1 repas<\/li>\n<li>Un bon pour 1 boisson au verre (non alcoolis\u00e9e pour les mineurs)<\/li>\n<li>Un gobelet r\u00e9utilisable 200e<\/li>\n<li>Un cadeau 200e (r\u00e9serv\u00e9 aux &gt;12 ans)<\/li>\n<li>Une part de g\u00e2teau d&rsquo;anniversaire distribu\u00e9e lors de la parade<\/li>\n<\/ul>\n<h2>Comment et o\u00f9 r\u00e9cup\u00e9rer vos bons, votre gobelet et votre cadeau 200e :<\/h2>\n<p>Une fois l&rsquo;inscription compl\u00e9t\u00e9e, <a href=\"https:\/\/infomaniak.events\/fr-ch\/shop\/fete-publique-200e-inscriptions-tout-public-Z92FSER8CK\">via le formulaire Infomaniak<\/a>, vous recevrez par e-mail votre\/vos billet(s). Conservez-le(s) pr\u00e9cieusement ; il s&rsquo;agit de la preuve de votre inscription.<\/p>\n<p><strong>Le jour de l&rsquo;\u00e9v\u00e9nement, \u00e0 votre arriv\u00e9e, pr\u00e9sentez-vous \u00e0 l&rsquo;un des stands \u00ab\u00a0Accueil &amp; Information\u00a0\u00bb pour r\u00e9cup\u00e9rer votre bracelet d&rsquo;identification comprenant deux bons d\u00e9tachables, votre gobelet r\u00e9utilisable et votre cadeau 200e (r\u00e9serv\u00e9 aux &gt;12 ans). Ces \u00e9l\u00e9ments vous seront remis sur pr\u00e9sentation de votre billet, imprim\u00e9 ou en version num\u00e9rique.<\/strong><\/p>\n<p>Votre bracelet vous donnera acc\u00e8s au site de la manifestation, aux activit\u00e9s ext\u00e9rieures et int\u00e9rieures, \u00e0 une part de g\u00e2teau d&rsquo;anniversaire distribu\u00e9e lors de la parade, ainsi qu\u2019\u00e0 un repas et une boisson au verre (non alcoolis\u00e9e pour les mineurs) offerts en \u00e9change de bons aux stands de restauration.<\/p>\n<h2>En cas d&rsquo;annulation :<\/h2>\n<p>Si vous ne pouvez plus \u00eatre pr\u00e9sent le jour de l&rsquo;\u00e9v\u00e9nement, merci d&rsquo;annuler votre participation par courrier \u00e9lectronique \u00e0 <a href=\"mailto:cfpt.horlogerie-200e@edurec.ge.ch\">cfpt.horlogerie-200e@edurec.ge.ch<\/a>, afin de lib\u00e9rer votre place et de donner \u00e0 d&rsquo;autres personnes une chance de pouvoir y participer. En revanche, aucun remboursement ne sera possible et vos avantages seront perdus (aucune permanence ni envoi postal ne seront pr\u00e9vus pour r\u00e9cup\u00e9rer le gobelet r\u00e9utilisable et\/ou le cadeau 200e).<\/p>\n<\/div><\/div><\/div><\/div><\/div><div class=\"fusion-fullwidth fullwidth-box fusion-builder-row-5 fusion-flex-container has-pattern-background has-mask-background nonhundred-percent-fullwidth non-hundred-percent-height-scrolling\" style=\"--awb-border-radius-top-left:0px;--awb-border-radius-top-right:0px;--awb-border-radius-bottom-right:0px;--awb-border-radius-bottom-left:0px;--awb-flex-wrap:wrap;\" ><div class=\"fusion-builder-row fusion-row fusion-flex-align-items-flex-start fusion-flex-content-wrap\" style=\"max-width:1144px;margin-left: calc(-4% \/ 2 );margin-right: calc(-4% \/ 2 );\"><div class=\"fusion-layout-column fusion_builder_column fusion-builder-column-7 fusion_builder_column_1_1 1_1 fusion-flex-column\" style=\"--awb-bg-size:cover;--awb-width-large:100%;--awb-margin-top-large:0px;--awb-spacing-right-large:1.92%;--awb-margin-bottom-large:20px;--awb-spacing-left-large:1.92%;--awb-width-medium:100%;--awb-order-medium:0;--awb-spacing-right-medium:1.92%;--awb-spacing-left-medium:1.92%;--awb-width-small:100%;--awb-order-small:0;--awb-spacing-right-small:1.92%;--awb-spacing-left-small:1.92%;\"><div class=\"fusion-column-wrapper fusion-column-has-shadow fusion-flex-justify-content-flex-start fusion-content-layout-column\"><div class=\"fusion-title title fusion-title-2 fusion-title-text fusion-title-size-one\"><div class=\"title-sep-container title-sep-container-left fusion-no-large-visibility fusion-no-medium-visibility fusion-no-small-visibility\"><div class=\"title-sep sep-double sep-solid\" style=\"border-color:#e0dede;\"><\/div><\/div><span class=\"awb-title-spacer fusion-no-large-visibility fusion-no-medium-visibility fusion-no-small-visibility\"><\/span><h1 class=\"fusion-title-heading title-heading-left\" style=\"margin:0;\">Contact<\/h1><span class=\"awb-title-spacer\"><\/span><div class=\"title-sep-container title-sep-container-right\"><div class=\"title-sep sep-double sep-solid\" style=\"border-color:#e0dede;\"><\/div><\/div><\/div><div class=\"fusion-text fusion-text-6\"><h3 style=\"text-align: center\"><a class=\"main-color-link\" href=\"mailto:cfpt.horlogerie-200e@edurec.ge.ch\">cfpt.horlogerie-200e@edurec.ge.ch<\/a><\/h3>\n<\/div><div class=\"fusion-social-links fusion-social-links-1\" style=\"--awb-margin-top:0px;--awb-margin-right:0px;--awb-margin-bottom:0px;--awb-margin-left:0px;--awb-alignment:center;--awb-box-border-top:0px;--awb-box-border-right:0px;--awb-box-border-bottom:0px;--awb-box-border-left:0px;--awb-icon-colors-hover:rgba(190,189,189,0.8);--awb-box-colors-hover:rgba(232,232,232,0.8);--awb-box-border-color:var(--awb-color3);--awb-box-border-color-hover:var(--awb-color4);\"><div class=\"fusion-social-networks color-type-custom\"><div class=\"fusion-social-networks-wrapper\"><a class=\"fusion-social-network-icon fusion-tooltip fusion-facebook awb-icon-facebook\" style=\"color:var(--awb-color8);font-size:30px;\" data-placement=\"top\" data-title=\"Facebook\" data-toggle=\"tooltip\" title=\"Facebook\" aria-label=\"facebook\" target=\"_blank\" rel=\"noopener noreferrer\" href=\"https:\/\/www.facebook.com\/Ecole.Horlogerie.Geneve\/?locale=fr_FR\"><\/a><a class=\"fusion-social-network-icon fusion-tooltip fusion-instagram awb-icon-instagram\" style=\"color:var(--awb-color8);font-size:30px;\" data-placement=\"top\" data-title=\"Instagram\" data-toggle=\"tooltip\" title=\"Instagram\" aria-label=\"instagram\" target=\"_blank\" rel=\"noopener noreferrer\" href=\"https:\/\/www.instagram.com\/ecoledhorlogeriedegeneve\/\"><\/a><a class=\"fusion-social-network-icon fusion-tooltip fusion-youtube awb-icon-youtube\" style=\"color:var(--awb-color8);font-size:30px;\" data-placement=\"top\" data-title=\"YouTube\" data-toggle=\"tooltip\" title=\"YouTube\" aria-label=\"youtube\" target=\"_blank\" rel=\"noopener noreferrer\" href=\"https:\/\/www.youtube.com\/@EcoledHorlogeriedeGen%C3%A8ve\"><\/a><a class=\"fusion-social-network-icon fusion-tooltip fusion-linkedin awb-icon-linkedin\" style=\"color:var(--awb-color8);font-size:30px;\" data-placement=\"top\" data-title=\"LinkedIn\" data-toggle=\"tooltip\" title=\"LinkedIn\" aria-label=\"linkedin\" target=\"_blank\" rel=\"noopener noreferrer\" href=\"https:\/\/www.linkedin.com\/school\/ecole-d-horlogerie-de-geneve\/\"><\/a><a class=\"fusion-social-network-icon fusion-tooltip fusion-mail awb-icon-mail\" style=\"color:var(--awb-color8);font-size:30px;\" data-placement=\"top\" data-title=\"Email\" data-toggle=\"tooltip\" title=\"Email\" aria-label=\"mail\" target=\"_blank\" rel=\"noopener noreferrer\" href=\"mailto:&#099;&#102;pt.&#104;or&#108;&#111;&#103;e&#114;&#105;e&#045;20&#048;e&#064;edurec.&#103;&#101;&#046;&#099;h\"><\/a><\/div><\/div><\/div><\/div><\/div><\/div><\/div>\n","protected":false},"excerpt":{"rendered":"","protected":false},"author":16792,"featured_media":0,"parent":792,"menu_order":0,"comment_status":"closed","ping_status":"closed","template":"100-width.php","meta":{"footnotes":""},"class_list":["post-1217","page","type-page","status-publish","hentry"],"yoast_head":"<!-- This site is optimized with the Yoast SEO plugin v26.4 - https:\/\/yoast.com\/wordpress\/plugins\/seo\/ -->\n<title>Inscriptions - CFPT Horlogerie<\/title>\n<meta name=\"robots\" content=\"index, follow, max-snippet:-1, max-image-preview:large, max-video-preview:-1\" \/>\n<link rel=\"canonical\" href=\"https:\/\/edurec.ge.ch\/site\/cfpt-horlogerie\/200ans\/fete\/inscriptions\/\" \/>\n<meta property=\"og:locale\" content=\"fr_FR\" \/>\n<meta property=\"og:type\" content=\"article\" \/>\n<meta property=\"og:title\" content=\"Inscriptions - CFPT Horlogerie\" \/>\n<meta property=\"og:url\" content=\"https:\/\/edurec.ge.ch\/site\/cfpt-horlogerie\/200ans\/fete\/inscriptions\/\" \/>\n<meta property=\"og:site_name\" content=\"CFPT Horlogerie\" \/>\n<meta property=\"article:modified_time\" content=\"2025-06-11T05:36:14+00:00\" \/>\n<meta name=\"twitter:card\" content=\"summary_large_image\" \/>\n<meta name=\"twitter:label1\" content=\"Dur\u00e9e de lecture estim\u00e9e\" \/>\n\t<meta name=\"twitter:data1\" content=\"2 minutes\" \/>\n<script type=\"application\/ld+json\" class=\"yoast-schema-graph\">{\"@context\":\"https:\/\/schema.org\",\"@graph\":[{\"@type\":\"WebPage\",\"@id\":\"https:\/\/edurec.ge.ch\/site\/cfpt-horlogerie\/200ans\/fete\/inscriptions\/\",\"url\":\"https:\/\/edurec.ge.ch\/site\/cfpt-horlogerie\/200ans\/fete\/inscriptions\/\",\"name\":\"Inscriptions - CFPT Horlogerie\",\"isPartOf\":{\"@id\":\"https:\/\/edurec.ge.ch\/site\/cfpt-horlogerie\/#website\"},\"datePublished\":\"2025-03-18T16:49:16+00:00\",\"dateModified\":\"2025-06-11T05:36:14+00:00\",\"breadcrumb\":{\"@id\":\"https:\/\/edurec.ge.ch\/site\/cfpt-horlogerie\/200ans\/fete\/inscriptions\/#breadcrumb\"},\"inLanguage\":\"fr-FR\",\"potentialAction\":[{\"@type\":\"ReadAction\",\"target\":[\"https:\/\/edurec.ge.ch\/site\/cfpt-horlogerie\/200ans\/fete\/inscriptions\/\"]}]},{\"@type\":\"BreadcrumbList\",\"@id\":\"https:\/\/edurec.ge.ch\/site\/cfpt-horlogerie\/200ans\/fete\/inscriptions\/#breadcrumb\",\"itemListElement\":[{\"@type\":\"ListItem\",\"position\":1,\"name\":\"Accueil\",\"item\":\"https:\/\/edurec.ge.ch\/site\/cfpt-horlogerie\/\"},{\"@type\":\"ListItem\",\"position\":2,\"name\":\"200ans\",\"item\":\"https:\/\/edurec.ge.ch\/site\/cfpt-horlogerie\/200ans\/\"},{\"@type\":\"ListItem\",\"position\":3,\"name\":\"F\u00eate publique\",\"item\":\"https:\/\/edurec.ge.ch\/site\/cfpt-horlogerie\/200ans\/fete\/\"},{\"@type\":\"ListItem\",\"position\":4,\"name\":\"Inscriptions\"}]},{\"@type\":\"WebSite\",\"@id\":\"https:\/\/edurec.ge.ch\/site\/cfpt-horlogerie\/#website\",\"url\":\"https:\/\/edurec.ge.ch\/site\/cfpt-horlogerie\/\",\"name\":\"CFPT Horlogerie\",\"description\":\"\",\"potentialAction\":[{\"@type\":\"SearchAction\",\"target\":{\"@type\":\"EntryPoint\",\"urlTemplate\":\"https:\/\/edurec.ge.ch\/site\/cfpt-horlogerie\/?s={search_term_string}\"},\"query-input\":{\"@type\":\"PropertyValueSpecification\",\"valueRequired\":true,\"valueName\":\"search_term_string\"}}],\"inLanguage\":\"fr-FR\"}]}<\/script>\n<!-- \/ Yoast SEO plugin. -->","yoast_head_json":{"title":"Inscriptions - CFPT Horlogerie","robots":{"index":"index","follow":"follow","max-snippet":"max-snippet:-1","max-image-preview":"max-image-preview:large","max-video-preview":"max-video-preview:-1"},"canonical":"https:\/\/edurec.ge.ch\/site\/cfpt-horlogerie\/200ans\/fete\/inscriptions\/","og_locale":"fr_FR","og_type":"article","og_title":"Inscriptions - CFPT Horlogerie","og_url":"https:\/\/edurec.ge.ch\/site\/cfpt-horlogerie\/200ans\/fete\/inscriptions\/","og_site_name":"CFPT Horlogerie","article_modified_time":"2025-06-11T05:36:14+00:00","twitter_card":"summary_large_image","twitter_misc":{"Dur\u00e9e de lecture estim\u00e9e":"2 minutes"},"schema":{"@context":"https:\/\/schema.org","@graph":[{"@type":"WebPage","@id":"https:\/\/edurec.ge.ch\/site\/cfpt-horlogerie\/200ans\/fete\/inscriptions\/","url":"https:\/\/edurec.ge.ch\/site\/cfpt-horlogerie\/200ans\/fete\/inscriptions\/","name":"Inscriptions - CFPT Horlogerie","isPartOf":{"@id":"https:\/\/edurec.ge.ch\/site\/cfpt-horlogerie\/#website"},"datePublished":"2025-03-18T16:49:16+00:00","dateModified":"2025-06-11T05:36:14+00:00","breadcrumb":{"@id":"https:\/\/edurec.ge.ch\/site\/cfpt-horlogerie\/200ans\/fete\/inscriptions\/#breadcrumb"},"inLanguage":"fr-FR","potentialAction":[{"@type":"ReadAction","target":["https:\/\/edurec.ge.ch\/site\/cfpt-horlogerie\/200ans\/fete\/inscriptions\/"]}]},{"@type":"BreadcrumbList","@id":"https:\/\/edurec.ge.ch\/site\/cfpt-horlogerie\/200ans\/fete\/inscriptions\/#breadcrumb","itemListElement":[{"@type":"ListItem","position":1,"name":"Accueil","item":"https:\/\/edurec.ge.ch\/site\/cfpt-horlogerie\/"},{"@type":"ListItem","position":2,"name":"200ans","item":"https:\/\/edurec.ge.ch\/site\/cfpt-horlogerie\/200ans\/"},{"@type":"ListItem","position":3,"name":"F\u00eate publique","item":"https:\/\/edurec.ge.ch\/site\/cfpt-horlogerie\/200ans\/fete\/"},{"@type":"ListItem","position":4,"name":"Inscriptions"}]},{"@type":"WebSite","@id":"https:\/\/edurec.ge.ch\/site\/cfpt-horlogerie\/#website","url":"https:\/\/edurec.ge.ch\/site\/cfpt-horlogerie\/","name":"CFPT Horlogerie","description":"","potentialAction":[{"@type":"SearchAction","target":{"@type":"EntryPoint","urlTemplate":"https:\/\/edurec.ge.ch\/site\/cfpt-horlogerie\/?s={search_term_string}"},"query-input":{"@type":"PropertyValueSpecification","valueRequired":true,"valueName":"search_term_string"}}],"inLanguage":"fr-FR"}]}},"_links":{"self":[{"href":"https:\/\/edurec.ge.ch\/site\/cfpt-horlogerie\/wp-json\/wp\/v2\/pages\/1217","targetHints":{"allow":["GET"]}}],"collection":[{"href":"https:\/\/edurec.ge.ch\/site\/cfpt-horlogerie\/wp-json\/wp\/v2\/pages"}],"about":[{"href":"https:\/\/edurec.ge.ch\/site\/cfpt-horlogerie\/wp-json\/wp\/v2\/types\/page"}],"author":[{"embeddable":true,"href":"https:\/\/edurec.ge.ch\/site\/cfpt-horlogerie\/wp-json\/wp\/v2\/users\/16792"}],"replies":[{"embeddable":true,"href":"https:\/\/edurec.ge.ch\/site\/cfpt-horlogerie\/wp-json\/wp\/v2\/comments?post=1217"}],"version-history":[{"count":46,"href":"https:\/\/edurec.ge.ch\/site\/cfpt-horlogerie\/wp-json\/wp\/v2\/pages\/1217\/revisions"}],"predecessor-version":[{"id":1755,"href":"https:\/\/edurec.ge.ch\/site\/cfpt-horlogerie\/wp-json\/wp\/v2\/pages\/1217\/revisions\/1755"}],"up":[{"embeddable":true,"href":"https:\/\/edurec.ge.ch\/site\/cfpt-horlogerie\/wp-json\/wp\/v2\/pages\/792"}],"wp:attachment":[{"href":"https:\/\/edurec.ge.ch\/site\/cfpt-horlogerie\/wp-json\/wp\/v2\/media?parent=1217"}],"curies":[{"name":"wp","href":"https:\/\/api.w.org\/{rel}","templated":true}]}}