{"id":1207,"date":"2025-03-18T18:44:39","date_gmt":"2025-03-18T16:44:39","guid":{"rendered":"https:\/\/edurec.ge.ch\/site\/cfpt-horlogerie\/?page_id=1207"},"modified":"2025-06-07T09:26:00","modified_gmt":"2025-06-07T07:26:00","slug":"programme","status":"publish","type":"page","link":"https:\/\/edurec.ge.ch\/site\/cfpt-horlogerie\/200ans\/fete\/programme\/","title":{"rendered":"Programme"},"content":{"rendered":"<div class=\"fusion-fullwidth fullwidth-box fusion-builder-row-1 fusion-flex-container has-pattern-background has-mask-background fusion-parallax-none hundred-percent-fullwidth non-hundred-percent-height-scrolling\" style=\"--awb-border-radius-top-left:0px;--awb-border-radius-top-right:0px;--awb-border-radius-bottom-right:0px;--awb-border-radius-bottom-left:0px;--awb-padding-top:100px;--awb-padding-right:100px;--awb-padding-bottom:100px;--awb-padding-left:100px;--awb-background-image:url(&quot;https:\/\/edurec.ge.ch\/site\/cfpt-horlogerie\/wp-content\/uploads\/sites\/114\/2025\/01\/cadre_photo_arriere_EHG_29.10-1200x811.png&quot;);--awb-background-size:cover;--awb-flex-wrap:wrap;\" ><div class=\"fusion-builder-row fusion-row fusion-flex-align-items-center fusion-flex-align-content-center fusion-flex-justify-content-center fusion-flex-content-wrap\" style=\"width:104% !important;max-width:104% !important;margin-left: calc(-4% \/ 2 );margin-right: calc(-4% \/ 2 );\"><div class=\"fusion-layout-column fusion_builder_column fusion-builder-column-0 fusion_builder_column_1_1 1_1 fusion-flex-column\" style=\"--awb-bg-size:cover;--awb-width-large:100%;--awb-margin-top-large:0px;--awb-spacing-right-large:1.92%;--awb-margin-bottom-large:20px;--awb-spacing-left-large:1.92%;--awb-width-medium:100%;--awb-order-medium:0;--awb-spacing-right-medium:1.92%;--awb-spacing-left-medium:1.92%;--awb-width-small:100%;--awb-order-small:0;--awb-spacing-right-small:1.92%;--awb-spacing-left-small:1.92%;\"><div class=\"fusion-column-wrapper fusion-column-has-shadow fusion-flex-justify-content-flex-start fusion-content-layout-column\"><div class=\"fusion-text fusion-text-1\"><h1 style=\"text-align: center;color: white\"><strong>Programme<\/strong><\/h1>\n<\/div><\/div><\/div><\/div><\/div><div class=\"fusion-fullwidth fullwidth-box fusion-builder-row-2 fusion-flex-container has-pattern-background has-mask-background nonhundred-percent-fullwidth non-hundred-percent-height-scrolling\" style=\"--awb-border-radius-top-left:0px;--awb-border-radius-top-right:0px;--awb-border-radius-bottom-right:0px;--awb-border-radius-bottom-left:0px;--awb-flex-wrap:wrap;\" ><div class=\"fusion-builder-row fusion-row fusion-flex-align-items-flex-start fusion-flex-content-wrap\" style=\"max-width:1144px;margin-left: calc(-4% \/ 2 );margin-right: calc(-4% \/ 2 );\"><div class=\"fusion-layout-column fusion_builder_column fusion-builder-column-1 fusion_builder_column_1_1 1_1 fusion-flex-column\" style=\"--awb-bg-size:cover;--awb-width-large:100%;--awb-margin-top-large:0px;--awb-spacing-right-large:1.92%;--awb-margin-bottom-large:20px;--awb-spacing-left-large:1.92%;--awb-width-medium:100%;--awb-order-medium:0;--awb-spacing-right-medium:1.92%;--awb-spacing-left-medium:1.92%;--awb-width-small:100%;--awb-order-small:0;--awb-spacing-right-small:1.92%;--awb-spacing-left-small:1.92%;\"><div class=\"fusion-column-wrapper fusion-column-has-shadow fusion-flex-justify-content-flex-start fusion-content-layout-column\"><div class=\"fusion-text fusion-text-2\"><h4><a href=\"https:\/\/edurec.ge.ch\/site\/cfpt-horlogerie\/200ans\/fete\/\">F\u00eate publique<\/a> | <a href=\"https:\/\/edurec.ge.ch\/site\/cfpt-horlogerie\/200ans\/fete\/village\/\">Village 200e<\/a> | <a href=\"https:\/\/edurec.ge.ch\/site\/cfpt-horlogerie\/200ans\/fete\/programme\/\"><strong>Programme<\/strong><\/a> | <a href=\"https:\/\/edurec.ge.ch\/site\/cfpt-horlogerie\/200ans\/fete\/activites\/\">Activit\u00e9s<\/a> | <a href=\"https:\/\/edurec.ge.ch\/site\/cfpt-horlogerie\/200ans\/fete\/infos\/\">Infos pratiques<\/a> | <a href=\"https:\/\/edurec.ge.ch\/site\/cfpt-horlogerie\/200ans\/fete\/inscriptions\/\">Inscriptions<\/a><\/h4>\n<\/div><\/div><\/div><\/div><\/div><div class=\"fusion-fullwidth fullwidth-box fusion-builder-row-3 fusion-flex-container has-pattern-background has-mask-background nonhundred-percent-fullwidth non-hundred-percent-height-scrolling\" style=\"--awb-border-radius-top-left:0px;--awb-border-radius-top-right:0px;--awb-border-radius-bottom-right:0px;--awb-border-radius-bottom-left:0px;--awb-flex-wrap:wrap;\" ><div class=\"fusion-builder-row fusion-row fusion-flex-align-items-flex-start fusion-flex-content-wrap\" style=\"max-width:1144px;margin-left: calc(-4% \/ 2 );margin-right: calc(-4% \/ 2 );\"><div class=\"fusion-layout-column fusion_builder_column fusion-builder-column-2 fusion_builder_column_1_1 1_1 fusion-flex-column\" style=\"--awb-bg-size:cover;--awb-width-large:100%;--awb-margin-top-large:0px;--awb-spacing-right-large:1.92%;--awb-margin-bottom-large:20px;--awb-spacing-left-large:1.92%;--awb-width-medium:100%;--awb-order-medium:0;--awb-spacing-right-medium:1.92%;--awb-spacing-left-medium:1.92%;--awb-width-small:100%;--awb-order-small:0;--awb-spacing-right-small:1.92%;--awb-spacing-left-small:1.92%;\"><div class=\"fusion-column-wrapper fusion-column-has-shadow fusion-flex-justify-content-flex-start fusion-content-layout-column\"><div class=\"fusion-text fusion-text-3\"><p>Plongez dans l&rsquo;ambiance festive de l&rsquo;\u00e9v\u00e9nement en d\u00e9couvrant des performances artistiques et musicales captivantes. D\u00e9ambulez librement entre les stands d&rsquo;activit\u00e9s vari\u00e9es et profitez du programme pour les jeunes.<\/p>\n<p>Ne manquez pas les moments forts de la journ\u00e9e : la table ronde, le discours du doyen de l&rsquo;\u00c9cole d&rsquo;Horlogerie de Gen\u00e8ve, la parade du g\u00e2teau d&rsquo;anniversaire et bien plus encore !<\/p>\n<\/div><\/div><\/div><\/div><\/div><div class=\"fusion-fullwidth fullwidth-box fusion-builder-row-4 fusion-flex-container has-pattern-background has-mask-background nonhundred-percent-fullwidth non-hundred-percent-height-scrolling\" style=\"--awb-border-radius-top-left:0px;--awb-border-radius-top-right:0px;--awb-border-radius-bottom-right:0px;--awb-border-radius-bottom-left:0px;--awb-background-color:#dbd8d8;--awb-flex-wrap:wrap;\" ><div class=\"fusion-builder-row fusion-row fusion-flex-align-items-flex-start fusion-flex-content-wrap\" style=\"max-width:1144px;margin-left: calc(-4% \/ 2 );margin-right: calc(-4% \/ 2 );\"><div class=\"fusion-layout-column fusion_builder_column fusion-builder-column-3 fusion_builder_column_1_1 1_1 fusion-flex-column\" style=\"--awb-bg-size:cover;--awb-width-large:100%;--awb-margin-top-large:0px;--awb-spacing-right-large:1.92%;--awb-margin-bottom-large:20px;--awb-spacing-left-large:1.92%;--awb-width-medium:100%;--awb-order-medium:0;--awb-spacing-right-medium:1.92%;--awb-spacing-left-medium:1.92%;--awb-width-small:100%;--awb-order-small:0;--awb-spacing-right-small:1.92%;--awb-spacing-left-small:1.92%;\"><div class=\"fusion-column-wrapper fusion-column-has-shadow fusion-flex-justify-content-flex-start fusion-content-layout-column\"><div class=\"fusion-title title fusion-title-1 fusion-title-text fusion-title-size-one\"><div class=\"title-sep-container title-sep-container-left fusion-no-large-visibility fusion-no-medium-visibility fusion-no-small-visibility\"><div class=\"title-sep sep-double sep-solid\" style=\"border-color:#e0dede;\"><\/div><\/div><span class=\"awb-title-spacer fusion-no-large-visibility fusion-no-medium-visibility fusion-no-small-visibility\"><\/span><h1 class=\"fusion-title-heading title-heading-left\" style=\"margin:0;\">Horaires<\/h1><span class=\"awb-title-spacer\"><\/span><div class=\"title-sep-container title-sep-container-right\"><div class=\"title-sep sep-double sep-solid\" style=\"border-color:#e0dede;\"><\/div><\/div><\/div><div class=\"fusion-text fusion-text-4\"><h3 style=\"text-align: center\"><strong>Samedi 14 juin 2025 | 16h00 &#8211; 23h00<\/strong><\/h3>\n<h3 style=\"text-align: center\">(Ouverture des portes 30 minutes avant)<\/h3>\n<\/div><\/div><\/div><div class=\"fusion-layout-column fusion_builder_column fusion-builder-column-4 fusion_builder_column_1_1 1_1 fusion-flex-column\" style=\"--awb-bg-size:cover;--awb-width-large:100%;--awb-margin-top-large:0px;--awb-spacing-right-large:1.92%;--awb-margin-bottom-large:20px;--awb-spacing-left-large:1.92%;--awb-width-medium:100%;--awb-order-medium:0;--awb-spacing-right-medium:1.92%;--awb-spacing-left-medium:1.92%;--awb-width-small:100%;--awb-order-small:0;--awb-spacing-right-small:1.92%;--awb-spacing-left-small:1.92%;\"><div class=\"fusion-column-wrapper fusion-column-has-shadow fusion-flex-justify-content-flex-start fusion-content-layout-column\"><div class=\"fusion-image-element \" style=\"text-align:center;--awb-caption-title-font-family:var(--h2_typography-font-family);--awb-caption-title-font-weight:var(--h2_typography-font-weight);--awb-caption-title-font-style:var(--h2_typography-font-style);--awb-caption-title-size:var(--h2_typography-font-size);--awb-caption-title-transform:var(--h2_typography-text-transform);--awb-caption-title-line-height:var(--h2_typography-line-height);--awb-caption-title-letter-spacing:var(--h2_typography-letter-spacing);\"><span class=\" fusion-imageframe imageframe-none imageframe-1 hover-type-none\"><img decoding=\"async\" width=\"1024\" height=\"579\" title=\"EHG_200_Programme\" src=\"https:\/\/edurec.ge.ch\/site\/cfpt-horlogerie\/wp-content\/uploads\/sites\/114\/2025\/06\/EHG_200_Programme-1024x579.jpeg\" alt class=\"img-responsive wp-image-1709\" srcset=\"https:\/\/edurec.ge.ch\/site\/cfpt-horlogerie\/wp-content\/uploads\/sites\/114\/2025\/06\/EHG_200_Programme-200x113.jpeg 200w, https:\/\/edurec.ge.ch\/site\/cfpt-horlogerie\/wp-content\/uploads\/sites\/114\/2025\/06\/EHG_200_Programme-400x226.jpeg 400w, https:\/\/edurec.ge.ch\/site\/cfpt-horlogerie\/wp-content\/uploads\/sites\/114\/2025\/06\/EHG_200_Programme-600x339.jpeg 600w, https:\/\/edurec.ge.ch\/site\/cfpt-horlogerie\/wp-content\/uploads\/sites\/114\/2025\/06\/EHG_200_Programme-800x452.jpeg 800w, https:\/\/edurec.ge.ch\/site\/cfpt-horlogerie\/wp-content\/uploads\/sites\/114\/2025\/06\/EHG_200_Programme-1200x679.jpeg 1200w, https:\/\/edurec.ge.ch\/site\/cfpt-horlogerie\/wp-content\/uploads\/sites\/114\/2025\/06\/EHG_200_Programme.jpeg 1372w\" sizes=\"(max-width: 1024px) 100vw, (max-width: 640px) 100vw, 1200px\" \/><\/span><\/div><div class=\"fusion-text fusion-text-5\"><p>Pour les activit\u00e9s en int\u00e9rieur \u00e0 l&rsquo;\u00c9cole d&rsquo;Horlogerie de Gen\u00e8ve, la capacit\u00e9 d&rsquo;accueil est limit\u00e9e et l&rsquo;inscription sera obligatoire. L&rsquo;inscription se fera directement sur place le jour de l&rsquo;\u00e9v\u00e9nement, au stand \u00ab\u00a0Inscription aux activit\u00e9s\u00a0\u00bb, sur la base du premier arriv\u00e9, premier servi. Pour pouvoir s&rsquo;inscrire, il sera demand\u00e9 d&rsquo;avoir pr\u00e9alablement r\u00e9cup\u00e9r\u00e9 votre bracelet d&rsquo;identification.<\/p>\n<p><strong>Retrouvez le d\u00e9tail des activit\u00e9s <a href=\"https:\/\/edurec.ge.ch\/site\/cfpt-horlogerie\/200ans\/fete\/activites\/\">ici<\/a>.<\/strong><\/p>\n<\/div><\/div><\/div><\/div><\/div><div class=\"fusion-fullwidth fullwidth-box fusion-builder-row-5 fusion-flex-container has-pattern-background has-mask-background nonhundred-percent-fullwidth non-hundred-percent-height-scrolling\" style=\"--awb-border-radius-top-left:0px;--awb-border-radius-top-right:0px;--awb-border-radius-bottom-right:0px;--awb-border-radius-bottom-left:0px;--awb-flex-wrap:wrap;\" ><div class=\"fusion-builder-row fusion-row fusion-flex-align-items-flex-start fusion-flex-content-wrap\" style=\"max-width:1144px;margin-left: calc(-4% \/ 2 );margin-right: calc(-4% \/ 2 );\"><div class=\"fusion-layout-column fusion_builder_column fusion-builder-column-5 fusion_builder_column_1_1 1_1 fusion-flex-column\" style=\"--awb-bg-size:cover;--awb-width-large:100%;--awb-margin-top-large:0px;--awb-spacing-right-large:1.92%;--awb-margin-bottom-large:20px;--awb-spacing-left-large:1.92%;--awb-width-medium:100%;--awb-order-medium:0;--awb-spacing-right-medium:1.92%;--awb-spacing-left-medium:1.92%;--awb-width-small:100%;--awb-order-small:0;--awb-spacing-right-small:1.92%;--awb-spacing-left-small:1.92%;\"><div class=\"fusion-column-wrapper fusion-column-has-shadow fusion-flex-justify-content-flex-start fusion-content-layout-column\"><div class=\"fusion-title title fusion-title-2 fusion-title-text fusion-title-size-one\"><div class=\"title-sep-container title-sep-container-left fusion-no-large-visibility fusion-no-medium-visibility fusion-no-small-visibility\"><div class=\"title-sep sep-double sep-solid\" style=\"border-color:#e0dede;\"><\/div><\/div><span class=\"awb-title-spacer fusion-no-large-visibility fusion-no-medium-visibility fusion-no-small-visibility\"><\/span><h1 class=\"fusion-title-heading title-heading-left\" style=\"margin:0;\">Contact<\/h1><span class=\"awb-title-spacer\"><\/span><div class=\"title-sep-container title-sep-container-right\"><div class=\"title-sep sep-double sep-solid\" style=\"border-color:#e0dede;\"><\/div><\/div><\/div><div class=\"fusion-text fusion-text-6\"><h3 style=\"text-align: center\"><a class=\"main-color-link\" href=\"mailto:cfpt.horlogerie-200e@edurec.ge.ch\">cfpt.horlogerie-200e@edurec.ge.ch<\/a><\/h3>\n<\/div><div class=\"fusion-social-links fusion-social-links-1\" style=\"--awb-margin-top:0px;--awb-margin-right:0px;--awb-margin-bottom:0px;--awb-margin-left:0px;--awb-alignment:center;--awb-box-border-top:0px;--awb-box-border-right:0px;--awb-box-border-bottom:0px;--awb-box-border-left:0px;--awb-icon-colors-hover:rgba(190,189,189,0.8);--awb-box-colors-hover:rgba(232,232,232,0.8);--awb-box-border-color:var(--awb-color3);--awb-box-border-color-hover:var(--awb-color4);\"><div class=\"fusion-social-networks color-type-custom\"><div class=\"fusion-social-networks-wrapper\"><a class=\"fusion-social-network-icon fusion-tooltip fusion-facebook awb-icon-facebook\" style=\"color:var(--awb-color8);font-size:30px;\" data-placement=\"top\" data-title=\"Facebook\" data-toggle=\"tooltip\" title=\"Facebook\" aria-label=\"facebook\" target=\"_blank\" rel=\"noopener noreferrer\" href=\"https:\/\/www.facebook.com\/Ecole.Horlogerie.Geneve\/?locale=fr_FR\"><\/a><a class=\"fusion-social-network-icon fusion-tooltip fusion-instagram awb-icon-instagram\" style=\"color:var(--awb-color8);font-size:30px;\" data-placement=\"top\" data-title=\"Instagram\" data-toggle=\"tooltip\" title=\"Instagram\" aria-label=\"instagram\" target=\"_blank\" rel=\"noopener noreferrer\" href=\"https:\/\/www.instagram.com\/ecoledhorlogeriedegeneve\/\"><\/a><a class=\"fusion-social-network-icon fusion-tooltip fusion-youtube awb-icon-youtube\" style=\"color:var(--awb-color8);font-size:30px;\" data-placement=\"top\" data-title=\"YouTube\" data-toggle=\"tooltip\" title=\"YouTube\" aria-label=\"youtube\" target=\"_blank\" rel=\"noopener noreferrer\" href=\"https:\/\/www.youtube.com\/@EcoledHorlogeriedeGen%C3%A8ve\"><\/a><a class=\"fusion-social-network-icon fusion-tooltip fusion-linkedin awb-icon-linkedin\" style=\"color:var(--awb-color8);font-size:30px;\" data-placement=\"top\" data-title=\"LinkedIn\" data-toggle=\"tooltip\" title=\"LinkedIn\" aria-label=\"linkedin\" target=\"_blank\" rel=\"noopener noreferrer\" href=\"https:\/\/www.linkedin.com\/school\/ecole-d-horlogerie-de-geneve\/\"><\/a><a class=\"fusion-social-network-icon fusion-tooltip fusion-mail awb-icon-mail\" style=\"color:var(--awb-color8);font-size:30px;\" data-placement=\"top\" data-title=\"Email\" data-toggle=\"tooltip\" title=\"Email\" aria-label=\"mail\" target=\"_blank\" rel=\"noopener noreferrer\" href=\"mailto:&#099;fpt&#046;h&#111;r&#108;&#111;&#103;e&#114;ie&#045;2&#048;0e&#064;&#101;&#100;u&#114;ec.ge.ch\"><\/a><\/div><\/div><\/div><\/div><\/div><\/div><\/div>\n","protected":false},"excerpt":{"rendered":"","protected":false},"author":16792,"featured_media":0,"parent":792,"menu_order":0,"comment_status":"closed","ping_status":"closed","template":"100-width.php","meta":{"footnotes":""},"class_list":["post-1207","page","type-page","status-publish","hentry"],"yoast_head":"<!-- This site is optimized with the Yoast SEO plugin v26.4 - https:\/\/yoast.com\/wordpress\/plugins\/seo\/ -->\n<title>Programme - CFPT Horlogerie<\/title>\n<meta name=\"robots\" content=\"index, follow, max-snippet:-1, max-image-preview:large, max-video-preview:-1\" \/>\n<link rel=\"canonical\" href=\"https:\/\/edurec.ge.ch\/site\/cfpt-horlogerie\/200ans\/fete\/programme\/\" \/>\n<meta property=\"og:locale\" content=\"fr_FR\" \/>\n<meta property=\"og:type\" content=\"article\" \/>\n<meta property=\"og:title\" content=\"Programme - CFPT Horlogerie\" \/>\n<meta property=\"og:url\" content=\"https:\/\/edurec.ge.ch\/site\/cfpt-horlogerie\/200ans\/fete\/programme\/\" \/>\n<meta property=\"og:site_name\" content=\"CFPT Horlogerie\" \/>\n<meta property=\"article:modified_time\" content=\"2025-06-07T07:26:00+00:00\" \/>\n<meta name=\"twitter:card\" content=\"summary_large_image\" \/>\n<meta name=\"twitter:label1\" content=\"Dur\u00e9e de lecture estim\u00e9e\" \/>\n\t<meta name=\"twitter:data1\" content=\"1 minute\" \/>\n<script type=\"application\/ld+json\" class=\"yoast-schema-graph\">{\"@context\":\"https:\/\/schema.org\",\"@graph\":[{\"@type\":\"WebPage\",\"@id\":\"https:\/\/edurec.ge.ch\/site\/cfpt-horlogerie\/200ans\/fete\/programme\/\",\"url\":\"https:\/\/edurec.ge.ch\/site\/cfpt-horlogerie\/200ans\/fete\/programme\/\",\"name\":\"Programme - CFPT Horlogerie\",\"isPartOf\":{\"@id\":\"https:\/\/edurec.ge.ch\/site\/cfpt-horlogerie\/#website\"},\"datePublished\":\"2025-03-18T16:44:39+00:00\",\"dateModified\":\"2025-06-07T07:26:00+00:00\",\"breadcrumb\":{\"@id\":\"https:\/\/edurec.ge.ch\/site\/cfpt-horlogerie\/200ans\/fete\/programme\/#breadcrumb\"},\"inLanguage\":\"fr-FR\",\"potentialAction\":[{\"@type\":\"ReadAction\",\"target\":[\"https:\/\/edurec.ge.ch\/site\/cfpt-horlogerie\/200ans\/fete\/programme\/\"]}]},{\"@type\":\"BreadcrumbList\",\"@id\":\"https:\/\/edurec.ge.ch\/site\/cfpt-horlogerie\/200ans\/fete\/programme\/#breadcrumb\",\"itemListElement\":[{\"@type\":\"ListItem\",\"position\":1,\"name\":\"Accueil\",\"item\":\"https:\/\/edurec.ge.ch\/site\/cfpt-horlogerie\/\"},{\"@type\":\"ListItem\",\"position\":2,\"name\":\"200ans\",\"item\":\"https:\/\/edurec.ge.ch\/site\/cfpt-horlogerie\/200ans\/\"},{\"@type\":\"ListItem\",\"position\":3,\"name\":\"F\u00eate publique\",\"item\":\"https:\/\/edurec.ge.ch\/site\/cfpt-horlogerie\/200ans\/fete\/\"},{\"@type\":\"ListItem\",\"position\":4,\"name\":\"Programme\"}]},{\"@type\":\"WebSite\",\"@id\":\"https:\/\/edurec.ge.ch\/site\/cfpt-horlogerie\/#website\",\"url\":\"https:\/\/edurec.ge.ch\/site\/cfpt-horlogerie\/\",\"name\":\"CFPT Horlogerie\",\"description\":\"\",\"potentialAction\":[{\"@type\":\"SearchAction\",\"target\":{\"@type\":\"EntryPoint\",\"urlTemplate\":\"https:\/\/edurec.ge.ch\/site\/cfpt-horlogerie\/?s={search_term_string}\"},\"query-input\":{\"@type\":\"PropertyValueSpecification\",\"valueRequired\":true,\"valueName\":\"search_term_string\"}}],\"inLanguage\":\"fr-FR\"}]}<\/script>\n<!-- \/ Yoast SEO plugin. -->","yoast_head_json":{"title":"Programme - CFPT Horlogerie","robots":{"index":"index","follow":"follow","max-snippet":"max-snippet:-1","max-image-preview":"max-image-preview:large","max-video-preview":"max-video-preview:-1"},"canonical":"https:\/\/edurec.ge.ch\/site\/cfpt-horlogerie\/200ans\/fete\/programme\/","og_locale":"fr_FR","og_type":"article","og_title":"Programme - CFPT Horlogerie","og_url":"https:\/\/edurec.ge.ch\/site\/cfpt-horlogerie\/200ans\/fete\/programme\/","og_site_name":"CFPT Horlogerie","article_modified_time":"2025-06-07T07:26:00+00:00","twitter_card":"summary_large_image","twitter_misc":{"Dur\u00e9e de lecture estim\u00e9e":"1 minute"},"schema":{"@context":"https:\/\/schema.org","@graph":[{"@type":"WebPage","@id":"https:\/\/edurec.ge.ch\/site\/cfpt-horlogerie\/200ans\/fete\/programme\/","url":"https:\/\/edurec.ge.ch\/site\/cfpt-horlogerie\/200ans\/fete\/programme\/","name":"Programme - CFPT Horlogerie","isPartOf":{"@id":"https:\/\/edurec.ge.ch\/site\/cfpt-horlogerie\/#website"},"datePublished":"2025-03-18T16:44:39+00:00","dateModified":"2025-06-07T07:26:00+00:00","breadcrumb":{"@id":"https:\/\/edurec.ge.ch\/site\/cfpt-horlogerie\/200ans\/fete\/programme\/#breadcrumb"},"inLanguage":"fr-FR","potentialAction":[{"@type":"ReadAction","target":["https:\/\/edurec.ge.ch\/site\/cfpt-horlogerie\/200ans\/fete\/programme\/"]}]},{"@type":"BreadcrumbList","@id":"https:\/\/edurec.ge.ch\/site\/cfpt-horlogerie\/200ans\/fete\/programme\/#breadcrumb","itemListElement":[{"@type":"ListItem","position":1,"name":"Accueil","item":"https:\/\/edurec.ge.ch\/site\/cfpt-horlogerie\/"},{"@type":"ListItem","position":2,"name":"200ans","item":"https:\/\/edurec.ge.ch\/site\/cfpt-horlogerie\/200ans\/"},{"@type":"ListItem","position":3,"name":"F\u00eate publique","item":"https:\/\/edurec.ge.ch\/site\/cfpt-horlogerie\/200ans\/fete\/"},{"@type":"ListItem","position":4,"name":"Programme"}]},{"@type":"WebSite","@id":"https:\/\/edurec.ge.ch\/site\/cfpt-horlogerie\/#website","url":"https:\/\/edurec.ge.ch\/site\/cfpt-horlogerie\/","name":"CFPT Horlogerie","description":"","potentialAction":[{"@type":"SearchAction","target":{"@type":"EntryPoint","urlTemplate":"https:\/\/edurec.ge.ch\/site\/cfpt-horlogerie\/?s={search_term_string}"},"query-input":{"@type":"PropertyValueSpecification","valueRequired":true,"valueName":"search_term_string"}}],"inLanguage":"fr-FR"}]}},"_links":{"self":[{"href":"https:\/\/edurec.ge.ch\/site\/cfpt-horlogerie\/wp-json\/wp\/v2\/pages\/1207","targetHints":{"allow":["GET"]}}],"collection":[{"href":"https:\/\/edurec.ge.ch\/site\/cfpt-horlogerie\/wp-json\/wp\/v2\/pages"}],"about":[{"href":"https:\/\/edurec.ge.ch\/site\/cfpt-horlogerie\/wp-json\/wp\/v2\/types\/page"}],"author":[{"embeddable":true,"href":"https:\/\/edurec.ge.ch\/site\/cfpt-horlogerie\/wp-json\/wp\/v2\/users\/16792"}],"replies":[{"embeddable":true,"href":"https:\/\/edurec.ge.ch\/site\/cfpt-horlogerie\/wp-json\/wp\/v2\/comments?post=1207"}],"version-history":[{"count":31,"href":"https:\/\/edurec.ge.ch\/site\/cfpt-horlogerie\/wp-json\/wp\/v2\/pages\/1207\/revisions"}],"predecessor-version":[{"id":1710,"href":"https:\/\/edurec.ge.ch\/site\/cfpt-horlogerie\/wp-json\/wp\/v2\/pages\/1207\/revisions\/1710"}],"up":[{"embeddable":true,"href":"https:\/\/edurec.ge.ch\/site\/cfpt-horlogerie\/wp-json\/wp\/v2\/pages\/792"}],"wp:attachment":[{"href":"https:\/\/edurec.ge.ch\/site\/cfpt-horlogerie\/wp-json\/wp\/v2\/media?parent=1207"}],"curies":[{"name":"wp","href":"https:\/\/api.w.org\/{rel}","templated":true}]}}