{"id":7,"date":"2016-02-11T07:40:07","date_gmt":"2016-02-11T06:40:07","guid":{"rendered":"https:\/\/edurec.ge.ch\/site\/cfpt-enseignement-general\/?page_id=7"},"modified":"2018-07-10T07:06:02","modified_gmt":"2018-07-10T06:06:02","slug":"presentation","status":"publish","type":"page","link":"https:\/\/edurec.ge.ch\/site\/cfpt-enseignement-general\/presentation\/","title":{"rendered":"Contacts"},"content":{"rendered":"<div id=\"pl-7\"  class=\"panel-layout\" ><div id=\"pg-7-0\"  class=\"panel-grid panel-no-style\" ><div id=\"pgc-7-0-0\"  class=\"panel-grid-cell\" ><div id=\"panel-7-0-0-0\" class=\"so-panel widget widget_sow-editor panel-first-child panel-last-child\" data-index=\"0\" ><div\n\t\t\t\n\t\t\tclass=\"so-widget-sow-editor so-widget-sow-editor-base\"\n\t\t\t\n\t\t>\n<div class=\"siteorigin-widget-tinymce textwidget\">\n\t<p><strong>Contacts<\/strong><\/p>\n<p>Enseignement G\u00e9n\u00e9ral<br \/>Route de Pont-Butin 43<br \/>Case postale 548<br \/>1213 Petit-Lancy 1<\/p>\n<p>T\u00e9l\u00e9phone : 022.388.87.05<br \/>Email : victoria.kolb@edurec.ge.ch<\/p>\n<\/div>\n<\/div><\/div><\/div><div id=\"pgc-7-0-1\"  class=\"panel-grid-cell\" ><div id=\"panel-7-0-1-0\" class=\"so-panel widget widget_sow-editor panel-first-child panel-last-child\" data-index=\"1\" ><div\n\t\t\t\n\t\t\tclass=\"so-widget-sow-editor so-widget-sow-editor-base\"\n\t\t\t\n\t\t>\n<div class=\"siteorigin-widget-tinymce textwidget\">\n\t<p><strong>Contacts<\/strong><\/p>\n<p>Maturit\u00e9 Professionnelle<br \/>Chemin G\u00e9rard-de-Ternier 18<br \/>1213 Petit-Lancy<\/p>\n<p>\u00a0<\/p>\n<p>T\u00e9l\u00e9phone : 022.388.87.06<br \/>Email : cedric.voruz@edurec.ge.ch<\/p>\n<\/div>\n<\/div><\/div><\/div><div id=\"pgc-7-0-2\"  class=\"panel-grid-cell\" ><div id=\"panel-7-0-2-0\" class=\"so-panel widget widget_sow-editor panel-first-child panel-last-child\" data-index=\"2\" ><div\n\t\t\t\n\t\t\tclass=\"so-widget-sow-editor so-widget-sow-editor-base\"\n\t\t\t\n\t\t>\n<div class=\"siteorigin-widget-tinymce textwidget\">\n\t<p><strong>Contacts<\/strong><\/p>\n<p>Secr\u00e9tariat<br \/> Enseignement G\u00e9n\u00e9ral et Maturit\u00e9 Professionnelle<br \/> Route du Pont-Butin 43<br \/> Case Postale 548<br \/> 1213 Petit-Lancy 1<\/p>\n<p>T\u00e9l\u00e9phone : 022.388.87.05<br \/> Email : cfpt.eg.matu@edurec.ge.ch<\/p>\n<\/div>\n<\/div><\/div><\/div><\/div><div id=\"pg-7-1\"  class=\"panel-grid panel-no-style\" ><div id=\"pgc-7-1-0\"  class=\"panel-grid-cell\" ><div id=\"panel-7-1-0-0\" class=\"so-panel widget widget_sow-contact-form panel-first-child panel-last-child\" data-index=\"3\" ><div\n\t\t\t\n\t\t\tclass=\"so-widget-sow-contact-form so-widget-sow-contact-form-default-1dceae4ce411-7\"\n\t\t\t\n\t\t><h3 class=\"widget-title\">Nous contacter<\/h3>\t<form\n\t\taction=\"\/site\/cfpt-enseignement-general\/wp-json\/wp\/v2\/pages\/7\"\n\t\tmethod=\"POST\"\n\t\tclass=\"sow-contact-form\"\n\t\tid=\"contact-form-7a3b\"\n\t>\n\n\t\t\n\t\t\t\t\t<div class=\"sow-form-field sow-form-field-name\">\n\t\t\t\t<label class=\"sow-form-field-label-above\" for=\"sow-contact-form-field-votre-nom-1\">\n\t\t\t\t<strong>\n\t\t\t\t\tVotre nom\t\t\t\t\t\t\t\t\t<\/strong>\n\t\t\t<\/label>\n\t\t\t\t\t\t\t<div class=\"sow-field-container\">\n\t\t\t\t\t\t\t<input\n\t\t\ttype=\"text\"\n\t\t\tname=\"votre-nom-1\"\n\t\t\tid=\"sow-contact-form-field-votre-nom-1\"\n\t\t\tvalue=\"\"\n\t\t\tclass=\"sow-text-field\"\n\t\t\t\t\t\t\t\t\/>\n\t\t\t\t\t\t<\/div>\n\t\t\t\t\t\t\t<\/div>\n\t\t\t\t\t\t<div class=\"sow-form-field sow-form-field-email\">\n\t\t\t\t<label class=\"sow-form-field-label-above\" for=\"sow-contact-form-field-adresse-email-1\">\n\t\t\t\t<strong>\n\t\t\t\t\tAdresse email\t\t\t\t\t\t\t\t\t<\/strong>\n\t\t\t<\/label>\n\t\t\t\t\t\t\t<div class=\"sow-field-container\">\n\t\t\t\t\t\t\t<input\n\t\t\ttype=\"email\"\n\t\t\tname=\"adresse-email-1\"\n\t\t\tid=\"sow-contact-form-field-adresse-email-1\"\n\t\t\tvalue=\"\"\n\t\t\tclass=\"sow-text-field\"\t\t\t\t\t\t\t\t\/>\n\t\t\t\t\t\t<\/div>\n\t\t\t\t\t\t\t<\/div>\n\t\t\t\t\t\t<div class=\"sow-form-field sow-form-field-subject\">\n\t\t\t\t<label class=\"sow-form-field-label-above\" for=\"sow-contact-form-field-sujet-1\">\n\t\t\t\t<strong>\n\t\t\t\t\tSujet\t\t\t\t\t\t\t\t\t<\/strong>\n\t\t\t<\/label>\n\t\t\t\t\t\t\t<div class=\"sow-field-container\">\n\t\t\t\t\t\t\t<input\n\t\t\ttype=\"text\"\n\t\t\tname=\"sujet-1\"\n\t\t\tid=\"sow-contact-form-field-sujet-1\"\n\t\t\tvalue=\"\"\n\t\t\tclass=\"sow-text-field\"\n\t\t\t\t\t\t\t\t\/>\n\t\t\t\t\t\t<\/div>\n\t\t\t\t\t\t\t<\/div>\n\t\t\t\t\t\t<div class=\"sow-form-field sow-form-field-textarea\">\n\t\t\t\t<label class=\"sow-form-field-label-above\" for=\"sow-contact-form-field-message-1\">\n\t\t\t\t<strong>\n\t\t\t\t\tMessage\t\t\t\t\t\t\t\t\t<\/strong>\n\t\t\t<\/label>\n\t\t\t\t\t\t\t<div class=\"sow-field-container\">\n\t\t\t\t\t\t\t<textarea\n\t\t\tname=\"message-1\"\n\t\t\tid=\"sow-contact-form-field-message-1\"\n\t\t\trows=\"10\"\n\t\t\t\t\t\t\t\t><\/textarea>\n\t\t\t\t\t\t<\/div>\n\t\t\t\t\t\t\t<\/div>\n\t\t\t\n\t\t\n\t\t<div class=\"sow-submit-wrapper \n\t\tsow-submit-styled\t\t\">\n\n\t\t\t<button\n\t\t\t\ttype=\"submit\"\n\t\t\t\tclass=\"sow-submit\n\t\t\t\t\t\t\t\t\"\n\t\t\t\t\t\t\t>\n\t\t\t\tEnvoyer\t\t\t<\/button>\n\t\t<\/div>\n\t\t\t\t<input\n\t\t\ttype=\"hidden\"\n\t\t\tname=\"instance_hash-1\"\n\t\t\tvalue=\"7a3bb7ea\"\n\t\t\/>\n\n\t\t<input type=\"hidden\" id=\"_wpnonce\" name=\"_wpnonce\" value=\"d58f81e3dd\" \/><input type=\"hidden\" name=\"_wp_http_referer\" value=\"\/site\/cfpt-enseignement-general\/wp-json\/wp\/v2\/pages\/7\" \/>\t<\/form>\n\t<\/div><\/div><\/div><\/div><\/div>","protected":false},"excerpt":{"rendered":"<p>Contacts Enseignement G\u00e9n\u00e9ralRoute de Pont-Butin 43Case postale 5481213 Petit-Lancy 1 T\u00e9l\u00e9phone : 022.388.87.05Email : victoria.kolb@edurec.ge.ch Contacts Maturit\u00e9 ProfessionnelleChemin G\u00e9rard-de-Ternier 181213 Petit-Lancy \u00a0 T\u00e9l\u00e9phone : 022.388.87.06Email : cedric.voruz@edurec.ge.ch Contacts Secr\u00e9tariat Enseignement G\u00e9n\u00e9ral et Maturit\u00e9 Professionnelle Route du Pont-Butin 43 Case Postale 548 1213 Petit-Lancy 1 T\u00e9l\u00e9phone : 022.388.87.05 Email : cfpt.eg.matu@edurec.ge.ch<\/p>\n","protected":false},"author":1063,"featured_media":0,"parent":0,"menu_order":0,"comment_status":"closed","ping_status":"closed","template":"","meta":{"footnotes":""},"class_list":["post-7","page","type-page","status-publish","czr-hentry"],"yoast_head":"<!-- This site is optimized with the Yoast SEO plugin v26.4 - https:\/\/yoast.com\/wordpress\/plugins\/seo\/ -->\n<title>Contacts - CFPT Enseignement g\u00e9n\u00e9ral<\/title>\n<meta name=\"robots\" content=\"index, follow, max-snippet:-1, max-image-preview:large, max-video-preview:-1\" \/>\n<link rel=\"canonical\" href=\"https:\/\/edurec.ge.ch\/site\/cfpt-enseignement-general\/presentation\/\" \/>\n<meta property=\"og:locale\" content=\"fr_FR\" \/>\n<meta property=\"og:type\" content=\"article\" \/>\n<meta property=\"og:title\" content=\"Contacts - CFPT Enseignement g\u00e9n\u00e9ral\" \/>\n<meta property=\"og:description\" content=\"Contacts Enseignement G\u00e9n\u00e9ralRoute de Pont-Butin 43Case postale 5481213 Petit-Lancy 1 T\u00e9l\u00e9phone : 022.388.87.05Email : victoria.kolb@edurec.ge.ch Contacts Maturit\u00e9 ProfessionnelleChemin G\u00e9rard-de-Ternier 181213 Petit-Lancy \u00a0 T\u00e9l\u00e9phone : 022.388.87.06Email : cedric.voruz@edurec.ge.ch Contacts Secr\u00e9tariat Enseignement G\u00e9n\u00e9ral et Maturit\u00e9 Professionnelle Route du Pont-Butin 43 Case Postale 548 1213 Petit-Lancy 1 T\u00e9l\u00e9phone : 022.388.87.05 Email : cfpt.eg.matu@edurec.ge.ch\" \/>\n<meta property=\"og:url\" content=\"https:\/\/edurec.ge.ch\/site\/cfpt-enseignement-general\/presentation\/\" \/>\n<meta property=\"og:site_name\" content=\"CFPT Enseignement g\u00e9n\u00e9ral\" \/>\n<meta property=\"article:modified_time\" content=\"2018-07-10T06:06:02+00:00\" \/>\n<meta name=\"twitter:card\" content=\"summary_large_image\" \/>\n<script type=\"application\/ld+json\" class=\"yoast-schema-graph\">{\"@context\":\"https:\/\/schema.org\",\"@graph\":[{\"@type\":\"WebPage\",\"@id\":\"https:\/\/edurec.ge.ch\/site\/cfpt-enseignement-general\/presentation\/\",\"url\":\"https:\/\/edurec.ge.ch\/site\/cfpt-enseignement-general\/presentation\/\",\"name\":\"Contacts - CFPT Enseignement g\u00e9n\u00e9ral\",\"isPartOf\":{\"@id\":\"https:\/\/edurec.ge.ch\/site\/cfpt-enseignement-general\/#website\"},\"datePublished\":\"2016-02-11T06:40:07+00:00\",\"dateModified\":\"2018-07-10T06:06:02+00:00\",\"breadcrumb\":{\"@id\":\"https:\/\/edurec.ge.ch\/site\/cfpt-enseignement-general\/presentation\/#breadcrumb\"},\"inLanguage\":\"fr-FR\",\"potentialAction\":[{\"@type\":\"ReadAction\",\"target\":[\"https:\/\/edurec.ge.ch\/site\/cfpt-enseignement-general\/presentation\/\"]}]},{\"@type\":\"BreadcrumbList\",\"@id\":\"https:\/\/edurec.ge.ch\/site\/cfpt-enseignement-general\/presentation\/#breadcrumb\",\"itemListElement\":[{\"@type\":\"ListItem\",\"position\":1,\"name\":\"Accueil\",\"item\":\"https:\/\/edurec.ge.ch\/site\/cfpt-enseignement-general\/\"},{\"@type\":\"ListItem\",\"position\":2,\"name\":\"Contacts\"}]},{\"@type\":\"WebSite\",\"@id\":\"https:\/\/edurec.ge.ch\/site\/cfpt-enseignement-general\/#website\",\"url\":\"https:\/\/edurec.ge.ch\/site\/cfpt-enseignement-general\/\",\"name\":\"CFPT Enseignement g\u00e9n\u00e9ral\",\"description\":\"CFPT Enseignement g\u00e9n\u00e9ral\",\"potentialAction\":[{\"@type\":\"SearchAction\",\"target\":{\"@type\":\"EntryPoint\",\"urlTemplate\":\"https:\/\/edurec.ge.ch\/site\/cfpt-enseignement-general\/?s={search_term_string}\"},\"query-input\":{\"@type\":\"PropertyValueSpecification\",\"valueRequired\":true,\"valueName\":\"search_term_string\"}}],\"inLanguage\":\"fr-FR\"}]}<\/script>\n<!-- \/ Yoast SEO plugin. -->","yoast_head_json":{"title":"Contacts - CFPT Enseignement g\u00e9n\u00e9ral","robots":{"index":"index","follow":"follow","max-snippet":"max-snippet:-1","max-image-preview":"max-image-preview:large","max-video-preview":"max-video-preview:-1"},"canonical":"https:\/\/edurec.ge.ch\/site\/cfpt-enseignement-general\/presentation\/","og_locale":"fr_FR","og_type":"article","og_title":"Contacts - CFPT Enseignement g\u00e9n\u00e9ral","og_description":"Contacts Enseignement G\u00e9n\u00e9ralRoute de Pont-Butin 43Case postale 5481213 Petit-Lancy 1 T\u00e9l\u00e9phone : 022.388.87.05Email : victoria.kolb@edurec.ge.ch Contacts Maturit\u00e9 ProfessionnelleChemin G\u00e9rard-de-Ternier 181213 Petit-Lancy \u00a0 T\u00e9l\u00e9phone : 022.388.87.06Email : cedric.voruz@edurec.ge.ch Contacts Secr\u00e9tariat Enseignement G\u00e9n\u00e9ral et Maturit\u00e9 Professionnelle Route du Pont-Butin 43 Case Postale 548 1213 Petit-Lancy 1 T\u00e9l\u00e9phone : 022.388.87.05 Email : cfpt.eg.matu@edurec.ge.ch","og_url":"https:\/\/edurec.ge.ch\/site\/cfpt-enseignement-general\/presentation\/","og_site_name":"CFPT Enseignement g\u00e9n\u00e9ral","article_modified_time":"2018-07-10T06:06:02+00:00","twitter_card":"summary_large_image","schema":{"@context":"https:\/\/schema.org","@graph":[{"@type":"WebPage","@id":"https:\/\/edurec.ge.ch\/site\/cfpt-enseignement-general\/presentation\/","url":"https:\/\/edurec.ge.ch\/site\/cfpt-enseignement-general\/presentation\/","name":"Contacts - CFPT Enseignement g\u00e9n\u00e9ral","isPartOf":{"@id":"https:\/\/edurec.ge.ch\/site\/cfpt-enseignement-general\/#website"},"datePublished":"2016-02-11T06:40:07+00:00","dateModified":"2018-07-10T06:06:02+00:00","breadcrumb":{"@id":"https:\/\/edurec.ge.ch\/site\/cfpt-enseignement-general\/presentation\/#breadcrumb"},"inLanguage":"fr-FR","potentialAction":[{"@type":"ReadAction","target":["https:\/\/edurec.ge.ch\/site\/cfpt-enseignement-general\/presentation\/"]}]},{"@type":"BreadcrumbList","@id":"https:\/\/edurec.ge.ch\/site\/cfpt-enseignement-general\/presentation\/#breadcrumb","itemListElement":[{"@type":"ListItem","position":1,"name":"Accueil","item":"https:\/\/edurec.ge.ch\/site\/cfpt-enseignement-general\/"},{"@type":"ListItem","position":2,"name":"Contacts"}]},{"@type":"WebSite","@id":"https:\/\/edurec.ge.ch\/site\/cfpt-enseignement-general\/#website","url":"https:\/\/edurec.ge.ch\/site\/cfpt-enseignement-general\/","name":"CFPT Enseignement g\u00e9n\u00e9ral","description":"CFPT Enseignement g\u00e9n\u00e9ral","potentialAction":[{"@type":"SearchAction","target":{"@type":"EntryPoint","urlTemplate":"https:\/\/edurec.ge.ch\/site\/cfpt-enseignement-general\/?s={search_term_string}"},"query-input":{"@type":"PropertyValueSpecification","valueRequired":true,"valueName":"search_term_string"}}],"inLanguage":"fr-FR"}]}},"_links":{"self":[{"href":"https:\/\/edurec.ge.ch\/site\/cfpt-enseignement-general\/wp-json\/wp\/v2\/pages\/7","targetHints":{"allow":["GET"]}}],"collection":[{"href":"https:\/\/edurec.ge.ch\/site\/cfpt-enseignement-general\/wp-json\/wp\/v2\/pages"}],"about":[{"href":"https:\/\/edurec.ge.ch\/site\/cfpt-enseignement-general\/wp-json\/wp\/v2\/types\/page"}],"author":[{"embeddable":true,"href":"https:\/\/edurec.ge.ch\/site\/cfpt-enseignement-general\/wp-json\/wp\/v2\/users\/1063"}],"replies":[{"embeddable":true,"href":"https:\/\/edurec.ge.ch\/site\/cfpt-enseignement-general\/wp-json\/wp\/v2\/comments?post=7"}],"version-history":[{"count":47,"href":"https:\/\/edurec.ge.ch\/site\/cfpt-enseignement-general\/wp-json\/wp\/v2\/pages\/7\/revisions"}],"predecessor-version":[{"id":1686,"href":"https:\/\/edurec.ge.ch\/site\/cfpt-enseignement-general\/wp-json\/wp\/v2\/pages\/7\/revisions\/1686"}],"wp:attachment":[{"href":"https:\/\/edurec.ge.ch\/site\/cfpt-enseignement-general\/wp-json\/wp\/v2\/media?parent=7"}],"curies":[{"name":"wp","href":"https:\/\/api.w.org\/{rel}","templated":true}]}}