{"id":2704,"date":"2021-02-25T14:24:24","date_gmt":"2021-02-25T13:24:24","guid":{"rendered":"https:\/\/edurec.ge.ch\/site\/cfpt-enseignement-general\/?page_id=2704"},"modified":"2025-06-25T13:01:14","modified_gmt":"2025-06-25T12:01:14","slug":"matu_pro","status":"publish","type":"page","link":"https:\/\/edurec.ge.ch\/site\/cfpt-enseignement-general\/matu_pro\/","title":{"rendered":"Informations &#8211; Maturit\u00e9 Professionnelle (MP)"},"content":{"rendered":"<div id=\"pl-2704\"  class=\"panel-layout\" ><div id=\"pg-2704-0\"  class=\"panel-grid panel-no-style\" ><div id=\"pgc-2704-0-0\"  class=\"panel-grid-cell\" ><div id=\"panel-2704-0-0-0\" class=\"so-panel widget widget_sow-editor panel-first-child\" data-index=\"0\" ><div\n\t\t\t\n\t\t\tclass=\"so-widget-sow-editor so-widget-sow-editor-base\"\n\t\t\t\n\t\t><h3 class=\"widget-title\">Inscription en Maturit\u00e9 Professionnelle<\/h3>\n<div class=\"siteorigin-widget-tinymce textwidget\">\n\t<p>Ci-dessous, vous trouverez les documents n\u00e9cessaires \u00e0 l'inscription en Maturit\u00e9 Professionnelle. Merci de bien tous les lire attentivement.<\/p>\n<p><a href=\"https:\/\/edurec.ge.ch\/site\/cfpt-enseignement-general\/wp-content\/uploads\/sites\/118\/2025\/03\/Conditions_Admission_Rentree-2025_MP.pdf\">Conditions d'admission en Maturit\u00e9 Professionnelle rentr\u00e9e 2025<\/a><\/p>\n<p><a href=\"https:\/\/edurec.ge.ch\/site\/cfpt-enseignement-general\/wp-content\/uploads\/sites\/118\/2025\/03\/03-Inscription-maturite-formulaire-OFPC-technique.pdf\">Formulaire d'inscription en Maturit\u00e9 Professionnelle Technique (dual uniquement)<\/a><\/p>\n<p><a href=\"https:\/\/edurec.ge.ch\/site\/cfpt-enseignement-general\/wp-content\/uploads\/sites\/118\/2025\/03\/03-Inscription-maturite-formulaire-OFPC-laborantin-e.pdf\">Formulaire d'inscription en Maturit\u00e9 Professionnelle Technique (laborantin-e-s dual uniquement)<\/a><\/p>\n<\/div>\n<\/div><\/div><div id=\"panel-2704-0-0-1\" class=\"so-panel widget widget_sow-editor panel-last-child\" data-index=\"1\" ><div\n\t\t\t\n\t\t\tclass=\"so-widget-sow-editor so-widget-sow-editor-base\"\n\t\t\t\n\t\t><h3 class=\"widget-title\">Informations destin\u00e9es aux 1\u00e8res ann\u00e9es MP pour la rentr\u00e9e 2025<\/h3>\n<div class=\"siteorigin-widget-tinymce textwidget\">\n\t<p>Ci-dessous, vous trouverez des informations importantes concernant la rentr\u00e9e 2025:<\/p>\n<p><a href=\"https:\/\/edurec.ge.ch\/site\/cfpt-enseignement-general\/wp-content\/uploads\/sites\/118\/2025\/03\/01-lettre-infos-MP.pdf\">Informations g\u00e9n\u00e9rales de pr\u00e9paration \u00e0 la MP<\/a><\/p>\n<p><a href=\"https:\/\/edurec.ge.ch\/site\/cfpt-enseignement-general\/wp-content\/uploads\/sites\/118\/2025\/06\/Liste-materiel-MP-2526.pdf\">Liste de mat\u00e9riel MP 2526<\/a><\/p>\n<p><a href=\"https:\/\/edurec.ge.ch\/site\/cfpt-enseignement-general\/wp-content\/uploads\/sites\/118\/2025\/03\/Cours-appui-italien.pdf\">Mise en place du cours d'appui d'italien<\/a><\/p>\n<p><a href=\"https:\/\/edurec.ge.ch\/site\/cfpt-enseignement-general\/wp-content\/uploads\/sites\/118\/2025\/03\/Cours-appui-de-maths.pdf\">Mise en place du cours d'appui de maths<\/a><\/p>\n<\/div>\n<\/div><\/div><\/div><\/div><\/div>","protected":false},"excerpt":{"rendered":"<p>Ci-dessous, vous trouverez les documents n\u00e9cessaires \u00e0 l&rsquo;inscription en Maturit\u00e9 Professionnelle. Merci de bien tous les lire attentivement. Conditions d&rsquo;admission en Maturit\u00e9 Professionnelle rentr\u00e9e 2025 Formulaire d&rsquo;inscription en Maturit\u00e9 Professionnelle Technique (dual uniquement) Formulaire d&rsquo;inscription en Maturit\u00e9 Professionnelle Technique (laborantin-e-s dual uniquement) Ci-dessous, vous trouverez des informations importantes concernant la rentr\u00e9e 2025: Informations g\u00e9n\u00e9rales de [&hellip;]<\/p>\n","protected":false},"author":1235,"featured_media":34,"parent":0,"menu_order":0,"comment_status":"closed","ping_status":"closed","template":"","meta":{"footnotes":""},"class_list":["post-2704","page","type-page","status-publish","has-post-thumbnail","czr-hentry"],"yoast_head":"<!-- This site is optimized with the Yoast SEO plugin v26.4 - https:\/\/yoast.com\/wordpress\/plugins\/seo\/ -->\n<title>Informations - Maturit\u00e9 Professionnelle (MP) - CFPT Enseignement g\u00e9n\u00e9ral<\/title>\n<meta name=\"robots\" content=\"index, follow, max-snippet:-1, max-image-preview:large, max-video-preview:-1\" \/>\n<link rel=\"canonical\" href=\"https:\/\/edurec.ge.ch\/site\/cfpt-enseignement-general\/matu_pro\/\" \/>\n<meta property=\"og:locale\" content=\"fr_FR\" \/>\n<meta property=\"og:type\" content=\"article\" \/>\n<meta property=\"og:title\" content=\"Informations - Maturit\u00e9 Professionnelle (MP) - CFPT Enseignement g\u00e9n\u00e9ral\" \/>\n<meta property=\"og:description\" content=\"Ci-dessous, vous trouverez les documents n\u00e9cessaires \u00e0 l&#039;inscription en Maturit\u00e9 Professionnelle. Merci de bien tous les lire attentivement. Conditions d&#039;admission en Maturit\u00e9 Professionnelle rentr\u00e9e 2025 Formulaire d&#039;inscription en Maturit\u00e9 Professionnelle Technique (dual uniquement) Formulaire d&#039;inscription en Maturit\u00e9 Professionnelle Technique (laborantin-e-s dual uniquement) Ci-dessous, vous trouverez des informations importantes concernant la rentr\u00e9e 2025: Informations g\u00e9n\u00e9rales de [&hellip;]\" \/>\n<meta property=\"og:url\" content=\"https:\/\/edurec.ge.ch\/site\/cfpt-enseignement-general\/matu_pro\/\" \/>\n<meta property=\"og:site_name\" content=\"CFPT Enseignement g\u00e9n\u00e9ral\" \/>\n<meta property=\"article:modified_time\" content=\"2025-06-25T12:01:14+00:00\" \/>\n<meta property=\"og:image\" content=\"https:\/\/edurec.ge.ch\/site\/cfpt-enseignement-general\/wp-content\/uploads\/sites\/118\/2016\/02\/visuel-non-disponible.jpg\" \/>\n\t<meta property=\"og:image:width\" content=\"280\" \/>\n\t<meta property=\"og:image:height\" content=\"280\" \/>\n\t<meta property=\"og:image:type\" content=\"image\/jpeg\" \/>\n<meta name=\"twitter:card\" content=\"summary_large_image\" \/>\n<meta name=\"twitter:label1\" content=\"Dur\u00e9e de lecture estim\u00e9e\" \/>\n\t<meta name=\"twitter:data1\" content=\"1 minute\" \/>\n<script type=\"application\/ld+json\" class=\"yoast-schema-graph\">{\"@context\":\"https:\/\/schema.org\",\"@graph\":[{\"@type\":\"WebPage\",\"@id\":\"https:\/\/edurec.ge.ch\/site\/cfpt-enseignement-general\/matu_pro\/\",\"url\":\"https:\/\/edurec.ge.ch\/site\/cfpt-enseignement-general\/matu_pro\/\",\"name\":\"Informations - Maturit\u00e9 Professionnelle (MP) - CFPT Enseignement g\u00e9n\u00e9ral\",\"isPartOf\":{\"@id\":\"https:\/\/edurec.ge.ch\/site\/cfpt-enseignement-general\/#website\"},\"primaryImageOfPage\":{\"@id\":\"https:\/\/edurec.ge.ch\/site\/cfpt-enseignement-general\/matu_pro\/#primaryimage\"},\"image\":{\"@id\":\"https:\/\/edurec.ge.ch\/site\/cfpt-enseignement-general\/matu_pro\/#primaryimage\"},\"thumbnailUrl\":\"https:\/\/edurec.ge.ch\/site\/cfpt-enseignement-general\/wp-content\/uploads\/sites\/118\/2016\/02\/visuel-non-disponible.jpg\",\"datePublished\":\"2021-02-25T13:24:24+00:00\",\"dateModified\":\"2025-06-25T12:01:14+00:00\",\"breadcrumb\":{\"@id\":\"https:\/\/edurec.ge.ch\/site\/cfpt-enseignement-general\/matu_pro\/#breadcrumb\"},\"inLanguage\":\"fr-FR\",\"potentialAction\":[{\"@type\":\"ReadAction\",\"target\":[\"https:\/\/edurec.ge.ch\/site\/cfpt-enseignement-general\/matu_pro\/\"]}]},{\"@type\":\"ImageObject\",\"inLanguage\":\"fr-FR\",\"@id\":\"https:\/\/edurec.ge.ch\/site\/cfpt-enseignement-general\/matu_pro\/#primaryimage\",\"url\":\"https:\/\/edurec.ge.ch\/site\/cfpt-enseignement-general\/wp-content\/uploads\/sites\/118\/2016\/02\/visuel-non-disponible.jpg\",\"contentUrl\":\"https:\/\/edurec.ge.ch\/site\/cfpt-enseignement-general\/wp-content\/uploads\/sites\/118\/2016\/02\/visuel-non-disponible.jpg\",\"width\":280,\"height\":280},{\"@type\":\"BreadcrumbList\",\"@id\":\"https:\/\/edurec.ge.ch\/site\/cfpt-enseignement-general\/matu_pro\/#breadcrumb\",\"itemListElement\":[{\"@type\":\"ListItem\",\"position\":1,\"name\":\"Accueil\",\"item\":\"https:\/\/edurec.ge.ch\/site\/cfpt-enseignement-general\/\"},{\"@type\":\"ListItem\",\"position\":2,\"name\":\"Informations &#8211; Maturit\u00e9 Professionnelle (MP)\"}]},{\"@type\":\"WebSite\",\"@id\":\"https:\/\/edurec.ge.ch\/site\/cfpt-enseignement-general\/#website\",\"url\":\"https:\/\/edurec.ge.ch\/site\/cfpt-enseignement-general\/\",\"name\":\"CFPT Enseignement g\u00e9n\u00e9ral\",\"description\":\"CFPT Enseignement g\u00e9n\u00e9ral\",\"potentialAction\":[{\"@type\":\"SearchAction\",\"target\":{\"@type\":\"EntryPoint\",\"urlTemplate\":\"https:\/\/edurec.ge.ch\/site\/cfpt-enseignement-general\/?s={search_term_string}\"},\"query-input\":{\"@type\":\"PropertyValueSpecification\",\"valueRequired\":true,\"valueName\":\"search_term_string\"}}],\"inLanguage\":\"fr-FR\"}]}<\/script>\n<!-- \/ Yoast SEO plugin. -->","yoast_head_json":{"title":"Informations - Maturit\u00e9 Professionnelle (MP) - CFPT Enseignement g\u00e9n\u00e9ral","robots":{"index":"index","follow":"follow","max-snippet":"max-snippet:-1","max-image-preview":"max-image-preview:large","max-video-preview":"max-video-preview:-1"},"canonical":"https:\/\/edurec.ge.ch\/site\/cfpt-enseignement-general\/matu_pro\/","og_locale":"fr_FR","og_type":"article","og_title":"Informations - Maturit\u00e9 Professionnelle (MP) - CFPT Enseignement g\u00e9n\u00e9ral","og_description":"Ci-dessous, vous trouverez les documents n\u00e9cessaires \u00e0 l'inscription en Maturit\u00e9 Professionnelle. Merci de bien tous les lire attentivement. Conditions d'admission en Maturit\u00e9 Professionnelle rentr\u00e9e 2025 Formulaire d'inscription en Maturit\u00e9 Professionnelle Technique (dual uniquement) Formulaire d'inscription en Maturit\u00e9 Professionnelle Technique (laborantin-e-s dual uniquement) Ci-dessous, vous trouverez des informations importantes concernant la rentr\u00e9e 2025: Informations g\u00e9n\u00e9rales de [&hellip;]","og_url":"https:\/\/edurec.ge.ch\/site\/cfpt-enseignement-general\/matu_pro\/","og_site_name":"CFPT Enseignement g\u00e9n\u00e9ral","article_modified_time":"2025-06-25T12:01:14+00:00","og_image":[{"width":280,"height":280,"url":"https:\/\/edurec.ge.ch\/site\/cfpt-enseignement-general\/wp-content\/uploads\/sites\/118\/2016\/02\/visuel-non-disponible.jpg","type":"image\/jpeg"}],"twitter_card":"summary_large_image","twitter_misc":{"Dur\u00e9e de lecture estim\u00e9e":"1 minute"},"schema":{"@context":"https:\/\/schema.org","@graph":[{"@type":"WebPage","@id":"https:\/\/edurec.ge.ch\/site\/cfpt-enseignement-general\/matu_pro\/","url":"https:\/\/edurec.ge.ch\/site\/cfpt-enseignement-general\/matu_pro\/","name":"Informations - Maturit\u00e9 Professionnelle (MP) - CFPT Enseignement g\u00e9n\u00e9ral","isPartOf":{"@id":"https:\/\/edurec.ge.ch\/site\/cfpt-enseignement-general\/#website"},"primaryImageOfPage":{"@id":"https:\/\/edurec.ge.ch\/site\/cfpt-enseignement-general\/matu_pro\/#primaryimage"},"image":{"@id":"https:\/\/edurec.ge.ch\/site\/cfpt-enseignement-general\/matu_pro\/#primaryimage"},"thumbnailUrl":"https:\/\/edurec.ge.ch\/site\/cfpt-enseignement-general\/wp-content\/uploads\/sites\/118\/2016\/02\/visuel-non-disponible.jpg","datePublished":"2021-02-25T13:24:24+00:00","dateModified":"2025-06-25T12:01:14+00:00","breadcrumb":{"@id":"https:\/\/edurec.ge.ch\/site\/cfpt-enseignement-general\/matu_pro\/#breadcrumb"},"inLanguage":"fr-FR","potentialAction":[{"@type":"ReadAction","target":["https:\/\/edurec.ge.ch\/site\/cfpt-enseignement-general\/matu_pro\/"]}]},{"@type":"ImageObject","inLanguage":"fr-FR","@id":"https:\/\/edurec.ge.ch\/site\/cfpt-enseignement-general\/matu_pro\/#primaryimage","url":"https:\/\/edurec.ge.ch\/site\/cfpt-enseignement-general\/wp-content\/uploads\/sites\/118\/2016\/02\/visuel-non-disponible.jpg","contentUrl":"https:\/\/edurec.ge.ch\/site\/cfpt-enseignement-general\/wp-content\/uploads\/sites\/118\/2016\/02\/visuel-non-disponible.jpg","width":280,"height":280},{"@type":"BreadcrumbList","@id":"https:\/\/edurec.ge.ch\/site\/cfpt-enseignement-general\/matu_pro\/#breadcrumb","itemListElement":[{"@type":"ListItem","position":1,"name":"Accueil","item":"https:\/\/edurec.ge.ch\/site\/cfpt-enseignement-general\/"},{"@type":"ListItem","position":2,"name":"Informations &#8211; Maturit\u00e9 Professionnelle (MP)"}]},{"@type":"WebSite","@id":"https:\/\/edurec.ge.ch\/site\/cfpt-enseignement-general\/#website","url":"https:\/\/edurec.ge.ch\/site\/cfpt-enseignement-general\/","name":"CFPT Enseignement g\u00e9n\u00e9ral","description":"CFPT Enseignement g\u00e9n\u00e9ral","potentialAction":[{"@type":"SearchAction","target":{"@type":"EntryPoint","urlTemplate":"https:\/\/edurec.ge.ch\/site\/cfpt-enseignement-general\/?s={search_term_string}"},"query-input":{"@type":"PropertyValueSpecification","valueRequired":true,"valueName":"search_term_string"}}],"inLanguage":"fr-FR"}]}},"_links":{"self":[{"href":"https:\/\/edurec.ge.ch\/site\/cfpt-enseignement-general\/wp-json\/wp\/v2\/pages\/2704","targetHints":{"allow":["GET"]}}],"collection":[{"href":"https:\/\/edurec.ge.ch\/site\/cfpt-enseignement-general\/wp-json\/wp\/v2\/pages"}],"about":[{"href":"https:\/\/edurec.ge.ch\/site\/cfpt-enseignement-general\/wp-json\/wp\/v2\/types\/page"}],"author":[{"embeddable":true,"href":"https:\/\/edurec.ge.ch\/site\/cfpt-enseignement-general\/wp-json\/wp\/v2\/users\/1235"}],"replies":[{"embeddable":true,"href":"https:\/\/edurec.ge.ch\/site\/cfpt-enseignement-general\/wp-json\/wp\/v2\/comments?post=2704"}],"version-history":[{"count":29,"href":"https:\/\/edurec.ge.ch\/site\/cfpt-enseignement-general\/wp-json\/wp\/v2\/pages\/2704\/revisions"}],"predecessor-version":[{"id":3369,"href":"https:\/\/edurec.ge.ch\/site\/cfpt-enseignement-general\/wp-json\/wp\/v2\/pages\/2704\/revisions\/3369"}],"wp:featuredmedia":[{"embeddable":true,"href":"https:\/\/edurec.ge.ch\/site\/cfpt-enseignement-general\/wp-json\/wp\/v2\/media\/34"}],"wp:attachment":[{"href":"https:\/\/edurec.ge.ch\/site\/cfpt-enseignement-general\/wp-json\/wp\/v2\/media?parent=2704"}],"curies":[{"name":"wp","href":"https:\/\/api.w.org\/{rel}","templated":true}]}}