{"id":1810,"date":"2018-04-26T07:54:33","date_gmt":"2018-04-26T06:54:33","guid":{"rendered":"https:\/\/edurec.ge.ch\/site\/cfpt-enseignement-general\/?page_id=1810"},"modified":"2024-11-05T11:47:39","modified_gmt":"2024-11-05T10:47:39","slug":"presentation-2","status":"publish","type":"page","link":"https:\/\/edurec.ge.ch\/site\/cfpt-enseignement-general\/presentation-2\/","title":{"rendered":"Pr\u00e9sentation"},"content":{"rendered":"<div id=\"pl-1810\"  class=\"panel-layout\" ><div id=\"pg-1810-0\"  class=\"panel-grid panel-no-style\" ><div id=\"pgc-1810-0-0\"  class=\"panel-grid-cell\" ><div id=\"panel-1810-0-0-0\" class=\"so-panel widget widget_sow-editor panel-first-child panel-last-child\" data-index=\"0\" ><div\n\t\t\t\n\t\t\tclass=\"so-widget-sow-editor so-widget-sow-editor-base\"\n\t\t\t\n\t\t>\n<div class=\"siteorigin-widget-tinymce textwidget\">\n\t<p>L\u2019Enseignement G\u00e9n\u00e9ral est un domaine transversal \u00e0 l\u2019ensemble du CFPT qui regroupe \u00e0 la fois, la Maturit\u00e9 Professionnelle (MP), la Culture G\u00e9n\u00e9rale (CG) et l\u2019Enseignement Physique et Sportif (EPS).<\/p>\n<p>&nbsp;<\/p>\n<\/div>\n<\/div><\/div><\/div><\/div><div id=\"pg-1810-1\"  class=\"panel-grid panel-no-style\" ><div id=\"pgc-1810-1-0\"  class=\"panel-grid-cell\" ><div id=\"panel-1810-1-0-0\" class=\"so-panel widget widget_sow-editor panel-first-child panel-last-child\" data-index=\"1\" ><div\n\t\t\t\n\t\t\tclass=\"so-widget-sow-editor so-widget-sow-editor-base\"\n\t\t\t\n\t\t><h3 class=\"widget-title\">LA MATURITE PROFESSIONNELLE<\/h3>\n<div class=\"siteorigin-widget-tinymce textwidget\">\n\t<h4><a href=\"https:\/\/edurec.ge.ch\/site\/cfpt-enseignement-general\/wp-content\/uploads\/sites\/118\/2024\/11\/Flyer_matu_RV_2024.pdf\">Flyer Maturit\u00e9 Professionnelle<\/a><\/h4>\n<\/div>\n<\/div><\/div><\/div><\/div><div id=\"pg-1810-2\"  class=\"panel-grid panel-no-style\" ><div id=\"pgc-1810-2-0\"  class=\"panel-grid-cell\" ><div id=\"panel-1810-2-0-0\" class=\"so-panel widget widget_sow-image panel-first-child panel-last-child\" data-index=\"2\" ><div\n\t\t\t\n\t\t\tclass=\"so-widget-sow-image so-widget-sow-image-default-8b5b6f678277-1810\"\n\t\t\t\n\t\t>\n<div class=\"sow-image-container\">\n\t\t\t<a href=\"https:\/\/edurec.ge.ch\/site\/cfpt-enseignement-general\/wp-content\/uploads\/sites\/118\/2024\/11\/soiree-parents-MP-presentation-doc-parents.pdf\"\n\t\t\t\t\t>\n\t\t\t<img \n\tsrc=\"https:\/\/edurec.ge.ch\/site\/cfpt-enseignement-general\/wp-content\/uploads\/sites\/118\/2021\/11\/handout-soiree-parents-MP-1.jpg\" width=\"2143\" height=\"1219\" srcset=\"https:\/\/edurec.ge.ch\/site\/cfpt-enseignement-general\/wp-content\/uploads\/sites\/118\/2021\/11\/handout-soiree-parents-MP-1.jpg 2143w, https:\/\/edurec.ge.ch\/site\/cfpt-enseignement-general\/wp-content\/uploads\/sites\/118\/2021\/11\/handout-soiree-parents-MP-1-300x171.jpg 300w, https:\/\/edurec.ge.ch\/site\/cfpt-enseignement-general\/wp-content\/uploads\/sites\/118\/2021\/11\/handout-soiree-parents-MP-1-768x437.jpg 768w, https:\/\/edurec.ge.ch\/site\/cfpt-enseignement-general\/wp-content\/uploads\/sites\/118\/2021\/11\/handout-soiree-parents-MP-1-1024x582.jpg 1024w\" sizes=\"(max-width: 2143px) 100vw, 2143px\" title=\"Microsoft PowerPoint &#8211; nouvelle presentation v3.pptx\" alt=\"Pr\u00e9sentation Powerpoint  de la soir\u00e9e de parents MP\" \t\tclass=\"so-widget-image\"\/>\n\t\t\t<\/a><\/div>\n\n<\/div><\/div><\/div><div id=\"pgc-1810-2-1\"  class=\"panel-grid-cell\" ><div id=\"panel-1810-2-1-0\" class=\"so-panel widget widget_sow-image panel-first-child panel-last-child\" data-index=\"3\" ><div\n\t\t\t\n\t\t\tclass=\"so-widget-sow-image so-widget-sow-image-default-8b5b6f678277-1810\"\n\t\t\t\n\t\t>\n<div class=\"sow-image-container\">\n\t\t\t<a href=\"https:\/\/edurec.ge.ch\/site\/cfpt-enseignement-general\/wp-content\/uploads\/sites\/118\/2021\/11\/grille-horaire-MP-CFPT.pdf\"\n\t\t\t\t\t>\n\t\t\t<img \n\tsrc=\"https:\/\/edurec.ge.ch\/site\/cfpt-enseignement-general\/wp-content\/uploads\/sites\/118\/2021\/11\/grille-horaire-MP-CFPT.jpg\" width=\"3212\" height=\"1680\" srcset=\"https:\/\/edurec.ge.ch\/site\/cfpt-enseignement-general\/wp-content\/uploads\/sites\/118\/2021\/11\/grille-horaire-MP-CFPT.jpg 3212w, https:\/\/edurec.ge.ch\/site\/cfpt-enseignement-general\/wp-content\/uploads\/sites\/118\/2021\/11\/grille-horaire-MP-CFPT-300x157.jpg 300w, https:\/\/edurec.ge.ch\/site\/cfpt-enseignement-general\/wp-content\/uploads\/sites\/118\/2021\/11\/grille-horaire-MP-CFPT-768x402.jpg 768w, https:\/\/edurec.ge.ch\/site\/cfpt-enseignement-general\/wp-content\/uploads\/sites\/118\/2021\/11\/grille-horaire-MP-CFPT-1024x536.jpg 1024w\" sizes=\"(max-width: 3212px) 100vw, 3212px\" title=\"4 Grilles horaires MP 2012.pdf\" alt=\"\" \t\tclass=\"so-widget-image\"\/>\n\t\t\t<\/a><\/div>\n\n<\/div><\/div><\/div><\/div><div id=\"pg-1810-3\"  class=\"panel-grid panel-no-style\" ><div id=\"pgc-1810-3-0\"  class=\"panel-grid-cell\" ><div id=\"panel-1810-3-0-0\" class=\"so-panel widget widget_sow-editor panel-first-child panel-last-child\" data-index=\"4\" ><div\n\t\t\t\n\t\t\tclass=\"so-widget-sow-editor so-widget-sow-editor-base\"\n\t\t\t\n\t\t>\n<div class=\"siteorigin-widget-tinymce textwidget\">\n\t<div class=\"su-youtube su-u-responsive-media-yes\"><iframe loading=\"lazy\" width=\"600\" height=\"400\" src=\"https:\/\/www.youtube.com\/embed\/93jAsGJ5Qt0?\" frameborder=\"0\" allowfullscreen allow=\"autoplay; encrypted-media; picture-in-picture\" title=\"\"><\/iframe><\/div>\n<\/div>\n<\/div><\/div><\/div><div id=\"pgc-1810-3-1\"  class=\"panel-grid-cell\" ><div id=\"panel-1810-3-1-0\" class=\"so-panel widget widget_sow-editor panel-first-child panel-last-child\" data-index=\"5\" ><div\n\t\t\t\n\t\t\tclass=\"so-widget-sow-editor so-widget-sow-editor-base\"\n\t\t\t\n\t\t>\n<div class=\"siteorigin-widget-tinymce textwidget\">\n\t<div class=\"su-youtube su-u-responsive-media-yes\"><iframe loading=\"lazy\" width=\"600\" height=\"400\" src=\"https:\/\/www.youtube.com\/embed\/2pFmRn6eHbc?\" frameborder=\"0\" allowfullscreen allow=\"autoplay; encrypted-media; picture-in-picture\" title=\"\"><\/iframe><\/div>\n<\/div>\n<\/div><\/div><\/div><\/div><div id=\"pg-1810-4\"  class=\"panel-grid panel-no-style\" ><div id=\"pgc-1810-4-0\"  class=\"panel-grid-cell\" ><div id=\"panel-1810-4-0-0\" class=\"so-panel widget widget_sow-editor panel-first-child panel-last-child\" data-index=\"6\" ><div\n\t\t\t\n\t\t\tclass=\"so-widget-sow-editor so-widget-sow-editor-base\"\n\t\t\t\n\t\t>\n<div class=\"siteorigin-widget-tinymce textwidget\">\n\t<p>La Maturit\u00e9 POST-CFC MP2 s'adresse aux \u00e9l\u00e8ves qui :<\/p>\n<ul>\n<li>ont d\u00fb interrompre la maturit\u00e9 INTRA-CFC;<\/li>\n<li>pr\u00e9f\u00e8rent obtenir le CFC d'abord et envisager une Maturit\u00e9 Professionnelle apr\u00e8s leur formation.<\/li>\n<\/ul>\n<p>Elle s'effectue au sein de l'\u00e9cole de commerce Nicolas Bouvier. Pour plus d'information \u00e0 ce sujet veuillez cliquer sur le lien suivant : <a href=\"https:\/\/edurec.ge.ch\/secondaire2\/node\/433#352\">infos MP2<\/a><\/p>\n<\/div>\n<\/div><\/div><\/div><\/div><div id=\"pg-1810-5\"  class=\"panel-grid panel-no-style\" ><div id=\"pgc-1810-5-0\"  class=\"panel-grid-cell\" ><div id=\"panel-1810-5-0-0\" class=\"so-panel widget widget_sow-editor panel-first-child panel-last-child\" data-index=\"7\" ><div\n\t\t\t\n\t\t\tclass=\"so-widget-sow-editor so-widget-sow-editor-base\"\n\t\t\t\n\t\t><h3 class=\"widget-title\">LA CULTURE GENERALE<\/h3>\n<div class=\"siteorigin-widget-tinymce textwidget\">\n\t<\/div>\n<\/div><\/div><\/div><\/div><div id=\"pg-1810-6\"  class=\"panel-grid panel-no-style\" ><div id=\"pgc-1810-6-0\"  class=\"panel-grid-cell\" ><div id=\"panel-1810-6-0-0\" class=\"so-panel widget widget_sow-editor panel-first-child panel-last-child\" data-index=\"8\" ><div\n\t\t\t\n\t\t\tclass=\"so-widget-sow-editor so-widget-sow-editor-base\"\n\t\t\t\n\t\t>\n<div class=\"siteorigin-widget-tinymce textwidget\">\n\t<p>Un apprentissage n'est pas compos\u00e9 uniquement de th\u00e9orie et de pratique professionnelles, il y a aussi un enseignement g\u00e9n\u00e9ral qui permet aux jeunes de s'orienter sur les plans personnel et social et de relever des d\u00e9fis tant priv\u00e9s que professionnels.<\/p>\n<p>L'enseignement de Culture G\u00e9n\u00e9rale fait partie int\u00e9grante de toute formation professionnelle initiale. L'enseignement de Culture G\u00e9n\u00e9rale est structur\u00e9 en deux domaines : le domaine \"Langue &amp; Communication\" et le domaine \"Soci\u00e9t\u00e9\", compos\u00e9 de 8 aspects, soit : la Culture, le Droit, l\u2019\u00c9cologie, l\u2019\u00c9conomie, l\u2019\u00c9thique, l'Identit\u00e9 &amp; Socialisation, la Politique et la Technologie.<\/p>\n<p>Ces deux domaines font l'objet d'objectifs distincts mais sont trait\u00e9s transversalement dans le cadre des heures d'enseignement d\u00e9volues aux cours de Culture G\u00e9n\u00e9rale. En outre, des points de vue compl\u00e9mentaires sont int\u00e9gr\u00e9s durant l'ensemble du parcours de formation \u00e0 savoir : l'Histoire, le D\u00e9veloppement Durable et le Genre.<\/p>\n<\/div>\n<\/div><\/div><\/div><\/div><\/div>","protected":false},"excerpt":{"rendered":"<p>L\u2019Enseignement G\u00e9n\u00e9ral est un domaine transversal \u00e0 l\u2019ensemble du CFPT qui regroupe \u00e0 la fois, la Maturit\u00e9 Professionnelle (MP), la Culture G\u00e9n\u00e9rale (CG) et l\u2019Enseignement Physique et Sportif (EPS). &nbsp; Flyer Maturit\u00e9 Professionnelle<\/p>\n","protected":false},"author":1235,"featured_media":2695,"parent":0,"menu_order":0,"comment_status":"closed","ping_status":"closed","template":"","meta":{"footnotes":""},"class_list":["post-1810","page","type-page","status-publish","has-post-thumbnail","czr-hentry"],"yoast_head":"<!-- This site is optimized with the Yoast SEO plugin v26.4 - https:\/\/yoast.com\/wordpress\/plugins\/seo\/ -->\n<title>Pr\u00e9sentation - CFPT Enseignement g\u00e9n\u00e9ral<\/title>\n<meta name=\"robots\" content=\"index, follow, max-snippet:-1, max-image-preview:large, max-video-preview:-1\" \/>\n<link rel=\"canonical\" href=\"https:\/\/edurec.ge.ch\/site\/cfpt-enseignement-general\/presentation-2\/\" \/>\n<meta property=\"og:locale\" content=\"fr_FR\" \/>\n<meta property=\"og:type\" content=\"article\" \/>\n<meta property=\"og:title\" content=\"Pr\u00e9sentation - CFPT Enseignement g\u00e9n\u00e9ral\" \/>\n<meta property=\"og:description\" content=\"L\u2019Enseignement G\u00e9n\u00e9ral est un domaine transversal \u00e0 l\u2019ensemble du CFPT qui regroupe \u00e0 la fois, la Maturit\u00e9 Professionnelle (MP), la Culture G\u00e9n\u00e9rale (CG) et l\u2019Enseignement Physique et Sportif (EPS). &nbsp; Flyer Maturit\u00e9 Professionnelle\" \/>\n<meta property=\"og:url\" content=\"https:\/\/edurec.ge.ch\/site\/cfpt-enseignement-general\/presentation-2\/\" \/>\n<meta property=\"og:site_name\" content=\"CFPT Enseignement g\u00e9n\u00e9ral\" \/>\n<meta property=\"article:modified_time\" content=\"2024-11-05T10:47:39+00:00\" \/>\n<meta property=\"og:image\" content=\"https:\/\/edurec.ge.ch\/site\/cfpt-enseignement-general\/wp-content\/uploads\/sites\/118\/2021\/02\/illustr-matu.jpg\" \/>\n\t<meta property=\"og:image:width\" content=\"940\" \/>\n\t<meta property=\"og:image:height\" content=\"567\" \/>\n\t<meta property=\"og:image:type\" content=\"image\/jpeg\" \/>\n<meta name=\"twitter:card\" content=\"summary_large_image\" \/>\n<meta name=\"twitter:label1\" content=\"Dur\u00e9e de lecture estim\u00e9e\" \/>\n\t<meta name=\"twitter:data1\" content=\"2 minutes\" \/>\n<script type=\"application\/ld+json\" class=\"yoast-schema-graph\">{\"@context\":\"https:\/\/schema.org\",\"@graph\":[{\"@type\":\"WebPage\",\"@id\":\"https:\/\/edurec.ge.ch\/site\/cfpt-enseignement-general\/presentation-2\/\",\"url\":\"https:\/\/edurec.ge.ch\/site\/cfpt-enseignement-general\/presentation-2\/\",\"name\":\"Pr\u00e9sentation - CFPT Enseignement g\u00e9n\u00e9ral\",\"isPartOf\":{\"@id\":\"https:\/\/edurec.ge.ch\/site\/cfpt-enseignement-general\/#website\"},\"primaryImageOfPage\":{\"@id\":\"https:\/\/edurec.ge.ch\/site\/cfpt-enseignement-general\/presentation-2\/#primaryimage\"},\"image\":{\"@id\":\"https:\/\/edurec.ge.ch\/site\/cfpt-enseignement-general\/presentation-2\/#primaryimage\"},\"thumbnailUrl\":\"https:\/\/edurec.ge.ch\/site\/cfpt-enseignement-general\/wp-content\/uploads\/sites\/118\/2021\/02\/illustr-matu.jpg\",\"datePublished\":\"2018-04-26T06:54:33+00:00\",\"dateModified\":\"2024-11-05T10:47:39+00:00\",\"breadcrumb\":{\"@id\":\"https:\/\/edurec.ge.ch\/site\/cfpt-enseignement-general\/presentation-2\/#breadcrumb\"},\"inLanguage\":\"fr-FR\",\"potentialAction\":[{\"@type\":\"ReadAction\",\"target\":[\"https:\/\/edurec.ge.ch\/site\/cfpt-enseignement-general\/presentation-2\/\"]}]},{\"@type\":\"ImageObject\",\"inLanguage\":\"fr-FR\",\"@id\":\"https:\/\/edurec.ge.ch\/site\/cfpt-enseignement-general\/presentation-2\/#primaryimage\",\"url\":\"https:\/\/edurec.ge.ch\/site\/cfpt-enseignement-general\/wp-content\/uploads\/sites\/118\/2021\/02\/illustr-matu.jpg\",\"contentUrl\":\"https:\/\/edurec.ge.ch\/site\/cfpt-enseignement-general\/wp-content\/uploads\/sites\/118\/2021\/02\/illustr-matu.jpg\",\"width\":940,\"height\":567},{\"@type\":\"BreadcrumbList\",\"@id\":\"https:\/\/edurec.ge.ch\/site\/cfpt-enseignement-general\/presentation-2\/#breadcrumb\",\"itemListElement\":[{\"@type\":\"ListItem\",\"position\":1,\"name\":\"Accueil\",\"item\":\"https:\/\/edurec.ge.ch\/site\/cfpt-enseignement-general\/\"},{\"@type\":\"ListItem\",\"position\":2,\"name\":\"Pr\u00e9sentation\"}]},{\"@type\":\"WebSite\",\"@id\":\"https:\/\/edurec.ge.ch\/site\/cfpt-enseignement-general\/#website\",\"url\":\"https:\/\/edurec.ge.ch\/site\/cfpt-enseignement-general\/\",\"name\":\"CFPT Enseignement g\u00e9n\u00e9ral\",\"description\":\"CFPT Enseignement g\u00e9n\u00e9ral\",\"potentialAction\":[{\"@type\":\"SearchAction\",\"target\":{\"@type\":\"EntryPoint\",\"urlTemplate\":\"https:\/\/edurec.ge.ch\/site\/cfpt-enseignement-general\/?s={search_term_string}\"},\"query-input\":{\"@type\":\"PropertyValueSpecification\",\"valueRequired\":true,\"valueName\":\"search_term_string\"}}],\"inLanguage\":\"fr-FR\"}]}<\/script>\n<!-- \/ Yoast SEO plugin. -->","yoast_head_json":{"title":"Pr\u00e9sentation - CFPT Enseignement g\u00e9n\u00e9ral","robots":{"index":"index","follow":"follow","max-snippet":"max-snippet:-1","max-image-preview":"max-image-preview:large","max-video-preview":"max-video-preview:-1"},"canonical":"https:\/\/edurec.ge.ch\/site\/cfpt-enseignement-general\/presentation-2\/","og_locale":"fr_FR","og_type":"article","og_title":"Pr\u00e9sentation - CFPT Enseignement g\u00e9n\u00e9ral","og_description":"L\u2019Enseignement G\u00e9n\u00e9ral est un domaine transversal \u00e0 l\u2019ensemble du CFPT qui regroupe \u00e0 la fois, la Maturit\u00e9 Professionnelle (MP), la Culture G\u00e9n\u00e9rale (CG) et l\u2019Enseignement Physique et Sportif (EPS). &nbsp; Flyer Maturit\u00e9 Professionnelle","og_url":"https:\/\/edurec.ge.ch\/site\/cfpt-enseignement-general\/presentation-2\/","og_site_name":"CFPT Enseignement g\u00e9n\u00e9ral","article_modified_time":"2024-11-05T10:47:39+00:00","og_image":[{"width":940,"height":567,"url":"https:\/\/edurec.ge.ch\/site\/cfpt-enseignement-general\/wp-content\/uploads\/sites\/118\/2021\/02\/illustr-matu.jpg","type":"image\/jpeg"}],"twitter_card":"summary_large_image","twitter_misc":{"Dur\u00e9e de lecture estim\u00e9e":"2 minutes"},"schema":{"@context":"https:\/\/schema.org","@graph":[{"@type":"WebPage","@id":"https:\/\/edurec.ge.ch\/site\/cfpt-enseignement-general\/presentation-2\/","url":"https:\/\/edurec.ge.ch\/site\/cfpt-enseignement-general\/presentation-2\/","name":"Pr\u00e9sentation - CFPT Enseignement g\u00e9n\u00e9ral","isPartOf":{"@id":"https:\/\/edurec.ge.ch\/site\/cfpt-enseignement-general\/#website"},"primaryImageOfPage":{"@id":"https:\/\/edurec.ge.ch\/site\/cfpt-enseignement-general\/presentation-2\/#primaryimage"},"image":{"@id":"https:\/\/edurec.ge.ch\/site\/cfpt-enseignement-general\/presentation-2\/#primaryimage"},"thumbnailUrl":"https:\/\/edurec.ge.ch\/site\/cfpt-enseignement-general\/wp-content\/uploads\/sites\/118\/2021\/02\/illustr-matu.jpg","datePublished":"2018-04-26T06:54:33+00:00","dateModified":"2024-11-05T10:47:39+00:00","breadcrumb":{"@id":"https:\/\/edurec.ge.ch\/site\/cfpt-enseignement-general\/presentation-2\/#breadcrumb"},"inLanguage":"fr-FR","potentialAction":[{"@type":"ReadAction","target":["https:\/\/edurec.ge.ch\/site\/cfpt-enseignement-general\/presentation-2\/"]}]},{"@type":"ImageObject","inLanguage":"fr-FR","@id":"https:\/\/edurec.ge.ch\/site\/cfpt-enseignement-general\/presentation-2\/#primaryimage","url":"https:\/\/edurec.ge.ch\/site\/cfpt-enseignement-general\/wp-content\/uploads\/sites\/118\/2021\/02\/illustr-matu.jpg","contentUrl":"https:\/\/edurec.ge.ch\/site\/cfpt-enseignement-general\/wp-content\/uploads\/sites\/118\/2021\/02\/illustr-matu.jpg","width":940,"height":567},{"@type":"BreadcrumbList","@id":"https:\/\/edurec.ge.ch\/site\/cfpt-enseignement-general\/presentation-2\/#breadcrumb","itemListElement":[{"@type":"ListItem","position":1,"name":"Accueil","item":"https:\/\/edurec.ge.ch\/site\/cfpt-enseignement-general\/"},{"@type":"ListItem","position":2,"name":"Pr\u00e9sentation"}]},{"@type":"WebSite","@id":"https:\/\/edurec.ge.ch\/site\/cfpt-enseignement-general\/#website","url":"https:\/\/edurec.ge.ch\/site\/cfpt-enseignement-general\/","name":"CFPT Enseignement g\u00e9n\u00e9ral","description":"CFPT Enseignement g\u00e9n\u00e9ral","potentialAction":[{"@type":"SearchAction","target":{"@type":"EntryPoint","urlTemplate":"https:\/\/edurec.ge.ch\/site\/cfpt-enseignement-general\/?s={search_term_string}"},"query-input":{"@type":"PropertyValueSpecification","valueRequired":true,"valueName":"search_term_string"}}],"inLanguage":"fr-FR"}]}},"_links":{"self":[{"href":"https:\/\/edurec.ge.ch\/site\/cfpt-enseignement-general\/wp-json\/wp\/v2\/pages\/1810","targetHints":{"allow":["GET"]}}],"collection":[{"href":"https:\/\/edurec.ge.ch\/site\/cfpt-enseignement-general\/wp-json\/wp\/v2\/pages"}],"about":[{"href":"https:\/\/edurec.ge.ch\/site\/cfpt-enseignement-general\/wp-json\/wp\/v2\/types\/page"}],"author":[{"embeddable":true,"href":"https:\/\/edurec.ge.ch\/site\/cfpt-enseignement-general\/wp-json\/wp\/v2\/users\/1235"}],"replies":[{"embeddable":true,"href":"https:\/\/edurec.ge.ch\/site\/cfpt-enseignement-general\/wp-json\/wp\/v2\/comments?post=1810"}],"version-history":[{"count":74,"href":"https:\/\/edurec.ge.ch\/site\/cfpt-enseignement-general\/wp-json\/wp\/v2\/pages\/1810\/revisions"}],"predecessor-version":[{"id":3291,"href":"https:\/\/edurec.ge.ch\/site\/cfpt-enseignement-general\/wp-json\/wp\/v2\/pages\/1810\/revisions\/3291"}],"wp:featuredmedia":[{"embeddable":true,"href":"https:\/\/edurec.ge.ch\/site\/cfpt-enseignement-general\/wp-json\/wp\/v2\/media\/2695"}],"wp:attachment":[{"href":"https:\/\/edurec.ge.ch\/site\/cfpt-enseignement-general\/wp-json\/wp\/v2\/media?parent=1810"}],"curies":[{"name":"wp","href":"https:\/\/api.w.org\/{rel}","templated":true}]}}