{"id":933,"date":"2018-09-21T15:05:14","date_gmt":"2018-09-21T14:05:14","guid":{"rendered":"https:\/\/edurec.ge.ch\/site\/cfpt-electronique\/?page_id=933"},"modified":"2025-09-10T08:10:12","modified_gmt":"2025-09-10T07:10:12","slug":"stages-en-electronique","status":"publish","type":"page","link":"https:\/\/edurec.ge.ch\/site\/cfpt-electronique\/lecole-delectronique-3\/stages-en-electronique\/","title":{"rendered":"Stages en \u00e9lectronique"},"content":{"rendered":"<p>Un stage permet de mieux appr\u00e9hender la formation dans les m\u00e9tiers de l&rsquo;\u00e9lectronique<\/p>\n<p>Les inscriptions se font \u00e0 l&rsquo;aide de l&rsquo;adresse mail suivante : <span style=\"color: #0000ff\"><a style=\"color: #0000ff\" href=\"mailto:thomas.knuchel@edurec.ge.ch\">thomas.knuchel@edurec.ge.ch<\/a><\/span><\/p>\n<p><strong>Formations :<\/strong><\/p>\n<ul>\n<li>Electronique<\/li>\n<li>Electronique en multim\u00e9dia<\/li>\n<\/ul>\n<p>Les stages se d\u00e9roulent dans notre \u00e9tablissement sous la responsabilit\u00e9 des enseignants et en contact direct avec nos apprentis.<\/p>\n<p><strong>Organisation des stages :<\/strong><\/p>\n<ul>\n<li>Electronique\n<ul>\n<li>le jeudi au 1er semestre <em>(-&gt; 8janvier)<\/em><\/li>\n<li>le lundi au 2\u00e8me semestre <em>(d\u00e8s le 12 janvier)\n<p><\/em><\/li>\n<\/ul>\n<\/li>\n<li>Electronique en multim\u00e9dia\n<ul>\n<li>le mercredi toute l&rsquo;ann\u00e9e<\/li>\n<\/ul>\n<\/li>\n<\/ul>\n<p>Il est possible de s&rsquo;inscrire pour les deux stages sur la m\u00eame semaine.<\/p>\n<p>Pour toutes questions vous pouvez nous joindre sur cette adresse mail : <span style=\"color: #0000ff\"><a style=\"color: #0000ff\" href=\"mailto:thomas.knuchel@edurec.ge.ch\">thomas.knuchel@edurec.ge.ch<\/a><\/span><\/p>\n<p>&nbsp;<\/p>\n<p>&nbsp;<\/p>\n<p>&nbsp;<\/p>\n<p>&nbsp;<\/p>\n","protected":false},"excerpt":{"rendered":"<p>Un stage permet de mieux appr\u00e9hender la formation dans les m\u00e9tiers de l&rsquo;\u00e9lectronique Les inscriptions se font \u00e0 l&rsquo;aide de l&rsquo;adresse mail suivante : thomas.knuchel@edurec.ge.ch Formations : Electronique Electronique en multim\u00e9dia Les stages se d\u00e9roulent dans notre \u00e9tablissement sous la responsabilit\u00e9 des enseignants et en contact direct avec nos apprentis. Organisation des stages : Electronique [&hellip;]<\/p>\n","protected":false},"author":1345,"featured_media":0,"parent":889,"menu_order":10,"comment_status":"closed","ping_status":"closed","template":"","meta":{"footnotes":""},"class_list":["post-933","page","type-page","status-publish","czr-hentry"],"yoast_head":"<!-- This site is optimized with the Yoast SEO plugin v26.4 - https:\/\/yoast.com\/wordpress\/plugins\/seo\/ -->\n<title>Stages en \u00e9lectronique - CFPT \u00c9lectronique<\/title>\n<meta name=\"robots\" content=\"index, follow, max-snippet:-1, max-image-preview:large, max-video-preview:-1\" \/>\n<link rel=\"canonical\" href=\"https:\/\/edurec.ge.ch\/site\/cfpt-electronique\/lecole-delectronique-3\/stages-en-electronique\/\" \/>\n<meta property=\"og:locale\" content=\"fr_FR\" \/>\n<meta property=\"og:type\" content=\"article\" \/>\n<meta property=\"og:title\" content=\"Stages en \u00e9lectronique - CFPT \u00c9lectronique\" \/>\n<meta property=\"og:description\" content=\"Un stage permet de mieux appr\u00e9hender la formation dans les m\u00e9tiers de l&rsquo;\u00e9lectronique Les inscriptions se font \u00e0 l&rsquo;aide de l&rsquo;adresse mail suivante : thomas.knuchel@edurec.ge.ch Formations : Electronique Electronique en multim\u00e9dia Les stages se d\u00e9roulent dans notre \u00e9tablissement sous la responsabilit\u00e9 des enseignants et en contact direct avec nos apprentis. Organisation des stages : Electronique [&hellip;]\" \/>\n<meta property=\"og:url\" content=\"https:\/\/edurec.ge.ch\/site\/cfpt-electronique\/lecole-delectronique-3\/stages-en-electronique\/\" \/>\n<meta property=\"og:site_name\" content=\"CFPT \u00c9lectronique\" \/>\n<meta property=\"article:modified_time\" content=\"2025-09-10T07:10:12+00:00\" \/>\n<meta name=\"twitter:card\" content=\"summary_large_image\" \/>\n<meta name=\"twitter:label1\" content=\"Dur\u00e9e de lecture estim\u00e9e\" \/>\n\t<meta name=\"twitter:data1\" content=\"1 minute\" \/>\n<script type=\"application\/ld+json\" class=\"yoast-schema-graph\">{\"@context\":\"https:\/\/schema.org\",\"@graph\":[{\"@type\":\"WebPage\",\"@id\":\"https:\/\/edurec.ge.ch\/site\/cfpt-electronique\/lecole-delectronique-3\/stages-en-electronique\/\",\"url\":\"https:\/\/edurec.ge.ch\/site\/cfpt-electronique\/lecole-delectronique-3\/stages-en-electronique\/\",\"name\":\"Stages en \u00e9lectronique - CFPT \u00c9lectronique\",\"isPartOf\":{\"@id\":\"https:\/\/edurec.ge.ch\/site\/cfpt-electronique\/#website\"},\"datePublished\":\"2018-09-21T14:05:14+00:00\",\"dateModified\":\"2025-09-10T07:10:12+00:00\",\"breadcrumb\":{\"@id\":\"https:\/\/edurec.ge.ch\/site\/cfpt-electronique\/lecole-delectronique-3\/stages-en-electronique\/#breadcrumb\"},\"inLanguage\":\"fr-FR\",\"potentialAction\":[{\"@type\":\"ReadAction\",\"target\":[\"https:\/\/edurec.ge.ch\/site\/cfpt-electronique\/lecole-delectronique-3\/stages-en-electronique\/\"]}]},{\"@type\":\"BreadcrumbList\",\"@id\":\"https:\/\/edurec.ge.ch\/site\/cfpt-electronique\/lecole-delectronique-3\/stages-en-electronique\/#breadcrumb\",\"itemListElement\":[{\"@type\":\"ListItem\",\"position\":1,\"name\":\"Accueil\",\"item\":\"https:\/\/edurec.ge.ch\/site\/cfpt-electronique\/\"},{\"@type\":\"ListItem\",\"position\":2,\"name\":\"Nos stages de d\u00e9couverte &#8211; Offre de formation\",\"item\":\"https:\/\/edurec.ge.ch\/site\/cfpt-electronique\/lecole-delectronique-3\/\"},{\"@type\":\"ListItem\",\"position\":3,\"name\":\"Stages en \u00e9lectronique\"}]},{\"@type\":\"WebSite\",\"@id\":\"https:\/\/edurec.ge.ch\/site\/cfpt-electronique\/#website\",\"url\":\"https:\/\/edurec.ge.ch\/site\/cfpt-electronique\/\",\"name\":\"CFPT \u00c9lectronique\",\"description\":\"Les formations en \u00e9lectronique\",\"potentialAction\":[{\"@type\":\"SearchAction\",\"target\":{\"@type\":\"EntryPoint\",\"urlTemplate\":\"https:\/\/edurec.ge.ch\/site\/cfpt-electronique\/?s={search_term_string}\"},\"query-input\":{\"@type\":\"PropertyValueSpecification\",\"valueRequired\":true,\"valueName\":\"search_term_string\"}}],\"inLanguage\":\"fr-FR\"}]}<\/script>\n<!-- \/ Yoast SEO plugin. -->","yoast_head_json":{"title":"Stages en \u00e9lectronique - CFPT \u00c9lectronique","robots":{"index":"index","follow":"follow","max-snippet":"max-snippet:-1","max-image-preview":"max-image-preview:large","max-video-preview":"max-video-preview:-1"},"canonical":"https:\/\/edurec.ge.ch\/site\/cfpt-electronique\/lecole-delectronique-3\/stages-en-electronique\/","og_locale":"fr_FR","og_type":"article","og_title":"Stages en \u00e9lectronique - CFPT \u00c9lectronique","og_description":"Un stage permet de mieux appr\u00e9hender la formation dans les m\u00e9tiers de l&rsquo;\u00e9lectronique Les inscriptions se font \u00e0 l&rsquo;aide de l&rsquo;adresse mail suivante : thomas.knuchel@edurec.ge.ch Formations : Electronique Electronique en multim\u00e9dia Les stages se d\u00e9roulent dans notre \u00e9tablissement sous la responsabilit\u00e9 des enseignants et en contact direct avec nos apprentis. Organisation des stages : Electronique [&hellip;]","og_url":"https:\/\/edurec.ge.ch\/site\/cfpt-electronique\/lecole-delectronique-3\/stages-en-electronique\/","og_site_name":"CFPT \u00c9lectronique","article_modified_time":"2025-09-10T07:10:12+00:00","twitter_card":"summary_large_image","twitter_misc":{"Dur\u00e9e de lecture estim\u00e9e":"1 minute"},"schema":{"@context":"https:\/\/schema.org","@graph":[{"@type":"WebPage","@id":"https:\/\/edurec.ge.ch\/site\/cfpt-electronique\/lecole-delectronique-3\/stages-en-electronique\/","url":"https:\/\/edurec.ge.ch\/site\/cfpt-electronique\/lecole-delectronique-3\/stages-en-electronique\/","name":"Stages en \u00e9lectronique - CFPT \u00c9lectronique","isPartOf":{"@id":"https:\/\/edurec.ge.ch\/site\/cfpt-electronique\/#website"},"datePublished":"2018-09-21T14:05:14+00:00","dateModified":"2025-09-10T07:10:12+00:00","breadcrumb":{"@id":"https:\/\/edurec.ge.ch\/site\/cfpt-electronique\/lecole-delectronique-3\/stages-en-electronique\/#breadcrumb"},"inLanguage":"fr-FR","potentialAction":[{"@type":"ReadAction","target":["https:\/\/edurec.ge.ch\/site\/cfpt-electronique\/lecole-delectronique-3\/stages-en-electronique\/"]}]},{"@type":"BreadcrumbList","@id":"https:\/\/edurec.ge.ch\/site\/cfpt-electronique\/lecole-delectronique-3\/stages-en-electronique\/#breadcrumb","itemListElement":[{"@type":"ListItem","position":1,"name":"Accueil","item":"https:\/\/edurec.ge.ch\/site\/cfpt-electronique\/"},{"@type":"ListItem","position":2,"name":"Nos stages de d\u00e9couverte &#8211; Offre de formation","item":"https:\/\/edurec.ge.ch\/site\/cfpt-electronique\/lecole-delectronique-3\/"},{"@type":"ListItem","position":3,"name":"Stages en \u00e9lectronique"}]},{"@type":"WebSite","@id":"https:\/\/edurec.ge.ch\/site\/cfpt-electronique\/#website","url":"https:\/\/edurec.ge.ch\/site\/cfpt-electronique\/","name":"CFPT \u00c9lectronique","description":"Les formations en \u00e9lectronique","potentialAction":[{"@type":"SearchAction","target":{"@type":"EntryPoint","urlTemplate":"https:\/\/edurec.ge.ch\/site\/cfpt-electronique\/?s={search_term_string}"},"query-input":{"@type":"PropertyValueSpecification","valueRequired":true,"valueName":"search_term_string"}}],"inLanguage":"fr-FR"}]}},"_links":{"self":[{"href":"https:\/\/edurec.ge.ch\/site\/cfpt-electronique\/wp-json\/wp\/v2\/pages\/933","targetHints":{"allow":["GET"]}}],"collection":[{"href":"https:\/\/edurec.ge.ch\/site\/cfpt-electronique\/wp-json\/wp\/v2\/pages"}],"about":[{"href":"https:\/\/edurec.ge.ch\/site\/cfpt-electronique\/wp-json\/wp\/v2\/types\/page"}],"author":[{"embeddable":true,"href":"https:\/\/edurec.ge.ch\/site\/cfpt-electronique\/wp-json\/wp\/v2\/users\/1345"}],"replies":[{"embeddable":true,"href":"https:\/\/edurec.ge.ch\/site\/cfpt-electronique\/wp-json\/wp\/v2\/comments?post=933"}],"version-history":[{"count":38,"href":"https:\/\/edurec.ge.ch\/site\/cfpt-electronique\/wp-json\/wp\/v2\/pages\/933\/revisions"}],"predecessor-version":[{"id":5075,"href":"https:\/\/edurec.ge.ch\/site\/cfpt-electronique\/wp-json\/wp\/v2\/pages\/933\/revisions\/5075"}],"up":[{"embeddable":true,"href":"https:\/\/edurec.ge.ch\/site\/cfpt-electronique\/wp-json\/wp\/v2\/pages\/889"}],"wp:attachment":[{"href":"https:\/\/edurec.ge.ch\/site\/cfpt-electronique\/wp-json\/wp\/v2\/media?parent=933"}],"curies":[{"name":"wp","href":"https:\/\/api.w.org\/{rel}","templated":true}]}}