{"id":920,"date":"2018-09-21T13:48:17","date_gmt":"2018-09-21T12:48:17","guid":{"rendered":"https:\/\/edurec.ge.ch\/site\/cfpt-electronique\/?page_id=920"},"modified":"2021-11-11T20:39:02","modified_gmt":"2021-11-11T19:39:02","slug":"perfectionnement-professionnel","status":"publish","type":"page","link":"https:\/\/edurec.ge.ch\/site\/cfpt-electronique\/perfectionnement-professionnel\/","title":{"rendered":"Perfectionnement professionnel"},"content":{"rendered":"<p>A l&rsquo;issue d&rsquo;une premi\u00e8re formation en \u00e9lectronique (formation initiale CFC), beaucoup de possibilit\u00e9s de perfectionnement existent :<\/p>\n<h3>Formation en \u00e9cole sup\u00e9rieure ES<\/h3>\n<ul>\n<li>Les trois formations ES du <span style=\"color: #3366ff\"><a style=\"color: #3366ff\" href=\"https:\/\/edurec.ge.ch\/site\/cfpt\/le-cfpt\/nos-formations\/\" target=\"_blank\" rel=\"noopener\">CFPT<\/a><\/span> : Electronique, Informatique, Microtechnique<\/li>\n<\/ul>\n<h3>Maturit\u00e9 professionnelle technique<\/h3>\n<ul>\n<li><span style=\"color: #3366ff\">\u2192 <a style=\"color: #3366ff\" href=\"http:\/\/ge.ch\/formation\/formation-professionnelle\/filiere-professionnelle\/maturite-professionnelle\" target=\"_blank\" rel=\"noopener\">Description de la formation<\/a><\/span><\/li>\n<\/ul>\n<h3>Haute \u00e9cole sp\u00e9cialis\u00e9es HES<\/h3>\n<ul>\n<li style=\"text-align: left\">\u00catre titulaire d\u2019une maturit\u00e9 professionnelle, coupl\u00e9e \u00e0 un CFC dans une profession apparent\u00e9e \u00e0 la fili\u00e8re choisie.\u00a0\u2192 <span style=\"color: #3366ff\"><a style=\"color: #3366ff\" href=\"http:\/\/hepia.hesge.ch\/fr\/bachelor\/inscriptions\/\" target=\"_blank\" rel=\"noopener\">admission hepia<\/a><\/span><\/li>\n<li style=\"text-align: left\"><span style=\"color: #3366ff\"><span style=\"color: #3366ff\"><span style=\"color: #333333\">Les titulaires d&rsquo;une dipl\u00f4me de technicien ES sont \u00e9galement admis<\/span><\/span><\/span><\/li>\n<li>D\u00e9partements\/fili\u00e8res hepia Gen\u00e8ve:\n<ul>\n<li><span style=\"color: #3366ff\"><a style=\"color: #3366ff\" href=\"http:\/\/hepia.hesge.ch\/fr\/bachelor\/poles\/technologies-industrielles\/\" target=\"_blank\" rel=\"noopener\">\u2192 Technologies industrielles<\/a><\/span><\/li>\n<li><span style=\"color: #3366ff\"><a style=\"color: #3366ff\" href=\"http:\/\/hepia.hesge.ch\/fr\/bachelor\/departements\/ingenierie-des-technologies-de-linformation\/\" target=\"_blank\" rel=\"noopener\">\u2192 Technologies de l&rsquo;information<\/a><\/span><\/li>\n<\/ul>\n<\/li>\n<\/ul>\n<h3><span style=\"color: #333333\">Ecoles polytechniques f\u00e9d\u00e9rales<\/span><\/h3>\n<ul>\n<li>Etre titulaire d&rsquo;une maturit\u00e9 professionnelle et rejoindre une ann\u00e9e pr\u00e9paratoire pour (\u2192<span style=\"color: #3366ff\"><a style=\"color: #3366ff\" href=\"https:\/\/bachelor.epfl.ch\/fr\/programmes\/cours_mathematiques_speciales\/\" target=\"_blank\" rel=\"noopener\"> CMS<\/a><\/span>)\n<ul>\n<li>\u2192 <span style=\"color: #3366ff\"><a style=\"color: #3366ff\" href=\"https:\/\/bachelor.epfl.ch\/fr\/inscriptions\/\" target=\"_blank\" rel=\"noopener\">Conditions d&rsquo;admission \u00e0 l&rsquo;EPFL<\/a><\/span><\/li>\n<\/ul>\n<\/li>\n<\/ul>\n<h3>Universit\u00e9s suisses<\/h3>\n<ul>\n<li>Etre titulaire d&rsquo;une maturit\u00e9 professionnelle et rejoindre : <em>\u00ab\u00a0Examen compl\u00e9mentaire passerelle maturit\u00e9 professionnelle \/ maturit\u00e9 sp\u00e9cialis\u00e9e &#8211; hautes \u00e9coles universitaires \u00ab\u00a0<\/em>\u00a0(\u2192<a href=\"https:\/\/www.sbfi.admin.ch\/sbfi\/fr\/home\/bildung\/maturite\/examen-suisse-de-maturite\/passerelle-maturite-professionnelle---hautes-ecoles-universitair.html\" target=\"_blank\" rel=\"noopener\"><span style=\"color: #3366ff\"> lien<\/span><\/a>)\n<ul>\n<li>Comment se pr\u00e9parer \u00e0 l&rsquo;examen compl\u00e9mentaire\u00a0\u2192 <a href=\"http:\/\/ge.ch\/formation\/formation\/passerelle-dubs-maturite-professionnelle-hautes-ecoles-universitaires-ecoles-preparatoires-1\" target=\"_blank\" rel=\"noopener\"><span style=\"color: #3366ff\">Coll\u00e8ge pour adulte\u00a0ALICE-RIVAZ (COPAD)<\/span><\/a><\/li>\n<\/ul>\n<\/li>\n<\/ul>\n","protected":false},"excerpt":{"rendered":"<p>A l&rsquo;issue d&rsquo;une premi\u00e8re formation en \u00e9lectronique (formation initiale CFC), beaucoup de possibilit\u00e9s de perfectionnement existent : Formation en \u00e9cole sup\u00e9rieure ES Les trois formations ES du CFPT : Electronique, Informatique, Microtechnique Maturit\u00e9 professionnelle technique \u2192 Description de la formation Haute \u00e9cole sp\u00e9cialis\u00e9es HES \u00catre titulaire d\u2019une maturit\u00e9 professionnelle, coupl\u00e9e \u00e0 un CFC dans une [&hellip;]<\/p>\n","protected":false},"author":1345,"featured_media":0,"parent":0,"menu_order":14,"comment_status":"closed","ping_status":"closed","template":"","meta":{"footnotes":""},"class_list":["post-920","page","type-page","status-publish","czr-hentry"],"yoast_head":"<!-- This site is optimized with the Yoast SEO plugin v26.4 - https:\/\/yoast.com\/wordpress\/plugins\/seo\/ -->\n<title>Perfectionnement professionnel - CFPT \u00c9lectronique<\/title>\n<meta name=\"robots\" content=\"index, follow, max-snippet:-1, max-image-preview:large, max-video-preview:-1\" \/>\n<link rel=\"canonical\" href=\"https:\/\/edurec.ge.ch\/site\/cfpt-electronique\/perfectionnement-professionnel\/\" \/>\n<meta property=\"og:locale\" content=\"fr_FR\" \/>\n<meta property=\"og:type\" content=\"article\" \/>\n<meta property=\"og:title\" content=\"Perfectionnement professionnel - CFPT \u00c9lectronique\" \/>\n<meta property=\"og:description\" content=\"A l&rsquo;issue d&rsquo;une premi\u00e8re formation en \u00e9lectronique (formation initiale CFC), beaucoup de possibilit\u00e9s de perfectionnement existent : Formation en \u00e9cole sup\u00e9rieure ES Les trois formations ES du CFPT : Electronique, Informatique, Microtechnique Maturit\u00e9 professionnelle technique \u2192 Description de la formation Haute \u00e9cole sp\u00e9cialis\u00e9es HES \u00catre titulaire d\u2019une maturit\u00e9 professionnelle, coupl\u00e9e \u00e0 un CFC dans une [&hellip;]\" \/>\n<meta property=\"og:url\" content=\"https:\/\/edurec.ge.ch\/site\/cfpt-electronique\/perfectionnement-professionnel\/\" \/>\n<meta property=\"og:site_name\" content=\"CFPT \u00c9lectronique\" \/>\n<meta property=\"article:modified_time\" content=\"2021-11-11T19:39:02+00:00\" \/>\n<meta name=\"twitter:card\" content=\"summary_large_image\" \/>\n<meta name=\"twitter:label1\" content=\"Dur\u00e9e de lecture estim\u00e9e\" \/>\n\t<meta name=\"twitter:data1\" content=\"1 minute\" \/>\n<script type=\"application\/ld+json\" class=\"yoast-schema-graph\">{\"@context\":\"https:\/\/schema.org\",\"@graph\":[{\"@type\":\"WebPage\",\"@id\":\"https:\/\/edurec.ge.ch\/site\/cfpt-electronique\/perfectionnement-professionnel\/\",\"url\":\"https:\/\/edurec.ge.ch\/site\/cfpt-electronique\/perfectionnement-professionnel\/\",\"name\":\"Perfectionnement professionnel - CFPT \u00c9lectronique\",\"isPartOf\":{\"@id\":\"https:\/\/edurec.ge.ch\/site\/cfpt-electronique\/#website\"},\"datePublished\":\"2018-09-21T12:48:17+00:00\",\"dateModified\":\"2021-11-11T19:39:02+00:00\",\"breadcrumb\":{\"@id\":\"https:\/\/edurec.ge.ch\/site\/cfpt-electronique\/perfectionnement-professionnel\/#breadcrumb\"},\"inLanguage\":\"fr-FR\",\"potentialAction\":[{\"@type\":\"ReadAction\",\"target\":[\"https:\/\/edurec.ge.ch\/site\/cfpt-electronique\/perfectionnement-professionnel\/\"]}]},{\"@type\":\"BreadcrumbList\",\"@id\":\"https:\/\/edurec.ge.ch\/site\/cfpt-electronique\/perfectionnement-professionnel\/#breadcrumb\",\"itemListElement\":[{\"@type\":\"ListItem\",\"position\":1,\"name\":\"Accueil\",\"item\":\"https:\/\/edurec.ge.ch\/site\/cfpt-electronique\/\"},{\"@type\":\"ListItem\",\"position\":2,\"name\":\"Perfectionnement professionnel\"}]},{\"@type\":\"WebSite\",\"@id\":\"https:\/\/edurec.ge.ch\/site\/cfpt-electronique\/#website\",\"url\":\"https:\/\/edurec.ge.ch\/site\/cfpt-electronique\/\",\"name\":\"CFPT \u00c9lectronique\",\"description\":\"Les formations en \u00e9lectronique\",\"potentialAction\":[{\"@type\":\"SearchAction\",\"target\":{\"@type\":\"EntryPoint\",\"urlTemplate\":\"https:\/\/edurec.ge.ch\/site\/cfpt-electronique\/?s={search_term_string}\"},\"query-input\":{\"@type\":\"PropertyValueSpecification\",\"valueRequired\":true,\"valueName\":\"search_term_string\"}}],\"inLanguage\":\"fr-FR\"}]}<\/script>\n<!-- \/ Yoast SEO plugin. -->","yoast_head_json":{"title":"Perfectionnement professionnel - CFPT \u00c9lectronique","robots":{"index":"index","follow":"follow","max-snippet":"max-snippet:-1","max-image-preview":"max-image-preview:large","max-video-preview":"max-video-preview:-1"},"canonical":"https:\/\/edurec.ge.ch\/site\/cfpt-electronique\/perfectionnement-professionnel\/","og_locale":"fr_FR","og_type":"article","og_title":"Perfectionnement professionnel - CFPT \u00c9lectronique","og_description":"A l&rsquo;issue d&rsquo;une premi\u00e8re formation en \u00e9lectronique (formation initiale CFC), beaucoup de possibilit\u00e9s de perfectionnement existent : Formation en \u00e9cole sup\u00e9rieure ES Les trois formations ES du CFPT : Electronique, Informatique, Microtechnique Maturit\u00e9 professionnelle technique \u2192 Description de la formation Haute \u00e9cole sp\u00e9cialis\u00e9es HES \u00catre titulaire d\u2019une maturit\u00e9 professionnelle, coupl\u00e9e \u00e0 un CFC dans une [&hellip;]","og_url":"https:\/\/edurec.ge.ch\/site\/cfpt-electronique\/perfectionnement-professionnel\/","og_site_name":"CFPT \u00c9lectronique","article_modified_time":"2021-11-11T19:39:02+00:00","twitter_card":"summary_large_image","twitter_misc":{"Dur\u00e9e de lecture estim\u00e9e":"1 minute"},"schema":{"@context":"https:\/\/schema.org","@graph":[{"@type":"WebPage","@id":"https:\/\/edurec.ge.ch\/site\/cfpt-electronique\/perfectionnement-professionnel\/","url":"https:\/\/edurec.ge.ch\/site\/cfpt-electronique\/perfectionnement-professionnel\/","name":"Perfectionnement professionnel - CFPT \u00c9lectronique","isPartOf":{"@id":"https:\/\/edurec.ge.ch\/site\/cfpt-electronique\/#website"},"datePublished":"2018-09-21T12:48:17+00:00","dateModified":"2021-11-11T19:39:02+00:00","breadcrumb":{"@id":"https:\/\/edurec.ge.ch\/site\/cfpt-electronique\/perfectionnement-professionnel\/#breadcrumb"},"inLanguage":"fr-FR","potentialAction":[{"@type":"ReadAction","target":["https:\/\/edurec.ge.ch\/site\/cfpt-electronique\/perfectionnement-professionnel\/"]}]},{"@type":"BreadcrumbList","@id":"https:\/\/edurec.ge.ch\/site\/cfpt-electronique\/perfectionnement-professionnel\/#breadcrumb","itemListElement":[{"@type":"ListItem","position":1,"name":"Accueil","item":"https:\/\/edurec.ge.ch\/site\/cfpt-electronique\/"},{"@type":"ListItem","position":2,"name":"Perfectionnement professionnel"}]},{"@type":"WebSite","@id":"https:\/\/edurec.ge.ch\/site\/cfpt-electronique\/#website","url":"https:\/\/edurec.ge.ch\/site\/cfpt-electronique\/","name":"CFPT \u00c9lectronique","description":"Les formations en \u00e9lectronique","potentialAction":[{"@type":"SearchAction","target":{"@type":"EntryPoint","urlTemplate":"https:\/\/edurec.ge.ch\/site\/cfpt-electronique\/?s={search_term_string}"},"query-input":{"@type":"PropertyValueSpecification","valueRequired":true,"valueName":"search_term_string"}}],"inLanguage":"fr-FR"}]}},"_links":{"self":[{"href":"https:\/\/edurec.ge.ch\/site\/cfpt-electronique\/wp-json\/wp\/v2\/pages\/920","targetHints":{"allow":["GET"]}}],"collection":[{"href":"https:\/\/edurec.ge.ch\/site\/cfpt-electronique\/wp-json\/wp\/v2\/pages"}],"about":[{"href":"https:\/\/edurec.ge.ch\/site\/cfpt-electronique\/wp-json\/wp\/v2\/types\/page"}],"author":[{"embeddable":true,"href":"https:\/\/edurec.ge.ch\/site\/cfpt-electronique\/wp-json\/wp\/v2\/users\/1345"}],"replies":[{"embeddable":true,"href":"https:\/\/edurec.ge.ch\/site\/cfpt-electronique\/wp-json\/wp\/v2\/comments?post=920"}],"version-history":[{"count":8,"href":"https:\/\/edurec.ge.ch\/site\/cfpt-electronique\/wp-json\/wp\/v2\/pages\/920\/revisions"}],"predecessor-version":[{"id":931,"href":"https:\/\/edurec.ge.ch\/site\/cfpt-electronique\/wp-json\/wp\/v2\/pages\/920\/revisions\/931"}],"wp:attachment":[{"href":"https:\/\/edurec.ge.ch\/site\/cfpt-electronique\/wp-json\/wp\/v2\/media?parent=920"}],"curies":[{"name":"wp","href":"https:\/\/api.w.org\/{rel}","templated":true}]}}