{"id":902,"date":"2018-09-21T13:15:07","date_gmt":"2018-09-21T12:15:07","guid":{"rendered":"https:\/\/edurec.ge.ch\/site\/cfpt-electronique\/?page_id=902"},"modified":"2024-01-23T16:47:59","modified_gmt":"2024-01-23T15:47:59","slug":"les-formation-en-electronique-2","status":"publish","type":"page","link":"https:\/\/edurec.ge.ch\/site\/cfpt-electronique\/les-formation-en-electronique-2\/","title":{"rendered":"Les formations en \u00e9lectronique en Suisse"},"content":{"rendered":"<h3>\u00c9lectronicienne et \u00e9lectronicien CFC<\/h3>\n<ul>\n<li><a href=\"https:\/\/edurec.ge.ch\/site\/cfpt-electronique\/description-de-formation-electronicien\/\" target=\"_blank\" rel=\"noopener\"><span style=\"color: #3366ff\">Description de la formation<\/span><\/a><\/li>\n<li><span style=\"color: #3366ff\"><a style=\"color: #3366ff\" href=\"https:\/\/www.admin.ch\/opc\/fr\/classified-compilation\/20082750\/index.html\" target=\"_blank\" rel=\"noopener\">Ordonnance f\u00e9d\u00e9rale (SEFRI)<\/a><\/span><\/li>\n<\/ul>\n<h3>\u00c9lectronicienne et \u00e9lectronicien en multim\u00e9dia CFC<\/h3>\n<ul>\n<li><a href=\"https:\/\/www.orientation.ch\/dyn\/show\/2886?lang=fr&amp;idx=30&amp;id=31180\" target=\"_blank\" rel=\"noopener\"><span style=\"color: #3366ff\">Description de la formation<\/span><\/a><\/li>\n<li><span style=\"color: #3366ff\"><a style=\"color: #3366ff\" href=\"https:\/\/www.admin.ch\/opc\/fr\/classified-compilation\/20132851\/index.html\" target=\"_blank\" rel=\"noopener\">Ordonnance f\u00e9d\u00e9rale (SEFRI)<\/a><\/span><\/li>\n<\/ul>\n<h3>Technicienne et technicien ES en g\u00e9nie \u00e9lectrique, sp\u00e9cialisation en \u00e9lectronique<\/h3>\n<ul>\n<li><a href=\"https:\/\/edurec.ge.ch\/site\/cfpt-electronique\/description-de-formation-de-technicien-es-genie-electrique-specialisation-electronique\/\" target=\"_blank\" rel=\"noopener\"><span style=\"color: #3366ff\">Description de la formation<\/span><\/a><\/li>\n<li><span style=\"color: #3366ff\"><a style=\"color: #3366ff\" href=\"https:\/\/edurec.ge.ch\/site\/cfpt-electronique\/wp-content\/uploads\/sites\/113\/2018\/09\/RLP_34_f.pdf\" target=\"_blank\" rel=\"noopener\">Plan d&rsquo;\u00e9tude cadre (SEFRI)<\/a><\/span><\/li>\n<\/ul>\n<h3><span style=\"color: #333333\">Admission &#8211; Offres de formations<\/span><\/h3>\n<ul>\n<li><span style=\"color: #3366ff\"><a style=\"color: #3366ff\" href=\"https:\/\/edurec.ge.ch\/site\/cfpt-electronique\/lecole-delectronique-3\/\" target=\"_blank\" rel=\"noopener\">Offres de formations \u00e0 l&rsquo;\u00e9cole d&rsquo;\u00e9lectronique<\/a><\/span><\/li>\n<li><span style=\"color: #3366ff\"><a style=\"color: #3366ff\" href=\"https:\/\/edurec.ge.ch\/site\/cfpt-electronique\/admission-et-inscription\/\" target=\"_blank\" rel=\"noopener\">Admission et inscription<\/a><\/span><\/li>\n<\/ul>\n<h3>Perfectionnement professionnel<\/h3>\n<ul>\n<li><a href=\"https:\/\/www.orientation.ch\/dyn\/show\/3309\" target=\"_blank\" rel=\"noopener\"><span style=\"color: #3366ff\">Maturit\u00e9 professionnelle<\/span><\/a><\/li>\n<li><span style=\"color: #3366ff\"><span style=\"color: #808080\">Hautes \u00e9coles sp\u00e9cialis\u00e9es<\/span> <span style=\"color: #808080\">(par exemple :\u00a0<\/span><a style=\"color: #3366ff\" href=\"https:\/\/www.hesge.ch\/hepia\/\" target=\"_blank\" rel=\"noopener\">hepia<\/a>, <a style=\"color: #3366ff\" href=\"https:\/\/www.hesge.ch\/heg\/\" target=\"_blank\" rel=\"noopener\">HEG<\/a>)<\/span><\/li>\n<li><a href=\"https:\/\/bachelor.epfl.ch\/fr\/inscriptions\/\" target=\"_blank\" rel=\"noopener\"><span style=\"color: #3366ff\">Ecoles <\/span><span style=\"color: #3366ff\">polytechniques <\/span><span style=\"color: #3366ff\">f\u00e9d\u00e9rales<\/span><\/a><\/li>\n<li><a href=\"https:\/\/www.unige.ch\/admissions\/sinscrire\/bachelor\/diplomes-suisse\/\" target=\"_blank\" rel=\"noopener\"><span style=\"color: #3366ff\">Universit\u00e9s<\/span><\/a><\/li>\n<\/ul>\n","protected":false},"excerpt":{"rendered":"<p>\u00c9lectronicienne et \u00e9lectronicien CFC Description de la formation Ordonnance f\u00e9d\u00e9rale (SEFRI) \u00c9lectronicienne et \u00e9lectronicien en multim\u00e9dia CFC Description de la formation Ordonnance f\u00e9d\u00e9rale (SEFRI) Technicienne et technicien ES en g\u00e9nie \u00e9lectrique, sp\u00e9cialisation en \u00e9lectronique Description de la formation Plan d&rsquo;\u00e9tude cadre (SEFRI) Admission &#8211; Offres de formations Offres de formations \u00e0 l&rsquo;\u00e9cole d&rsquo;\u00e9lectronique Admission et [&hellip;]<\/p>\n","protected":false},"author":1345,"featured_media":0,"parent":0,"menu_order":14,"comment_status":"closed","ping_status":"closed","template":"","meta":{"footnotes":""},"class_list":["post-902","page","type-page","status-publish","czr-hentry"],"yoast_head":"<!-- This site is optimized with the Yoast SEO plugin v26.4 - https:\/\/yoast.com\/wordpress\/plugins\/seo\/ -->\n<title>Les formations en \u00e9lectronique en Suisse - CFPT \u00c9lectronique<\/title>\n<meta name=\"robots\" content=\"index, follow, max-snippet:-1, max-image-preview:large, max-video-preview:-1\" \/>\n<link rel=\"canonical\" href=\"https:\/\/edurec.ge.ch\/site\/cfpt-electronique\/les-formation-en-electronique-2\/\" \/>\n<meta property=\"og:locale\" content=\"fr_FR\" \/>\n<meta property=\"og:type\" content=\"article\" \/>\n<meta property=\"og:title\" content=\"Les formations en \u00e9lectronique en Suisse - CFPT \u00c9lectronique\" \/>\n<meta property=\"og:description\" content=\"\u00c9lectronicienne et \u00e9lectronicien CFC Description de la formation Ordonnance f\u00e9d\u00e9rale (SEFRI) \u00c9lectronicienne et \u00e9lectronicien en multim\u00e9dia CFC Description de la formation Ordonnance f\u00e9d\u00e9rale (SEFRI) Technicienne et technicien ES en g\u00e9nie \u00e9lectrique, sp\u00e9cialisation en \u00e9lectronique Description de la formation Plan d&rsquo;\u00e9tude cadre (SEFRI) Admission &#8211; Offres de formations Offres de formations \u00e0 l&rsquo;\u00e9cole d&rsquo;\u00e9lectronique Admission et [&hellip;]\" \/>\n<meta property=\"og:url\" content=\"https:\/\/edurec.ge.ch\/site\/cfpt-electronique\/les-formation-en-electronique-2\/\" \/>\n<meta property=\"og:site_name\" content=\"CFPT \u00c9lectronique\" \/>\n<meta property=\"article:modified_time\" content=\"2024-01-23T15:47:59+00:00\" \/>\n<meta name=\"twitter:card\" content=\"summary_large_image\" \/>\n<meta name=\"twitter:label1\" content=\"Dur\u00e9e de lecture estim\u00e9e\" \/>\n\t<meta name=\"twitter:data1\" content=\"1 minute\" \/>\n<script type=\"application\/ld+json\" class=\"yoast-schema-graph\">{\"@context\":\"https:\/\/schema.org\",\"@graph\":[{\"@type\":\"WebPage\",\"@id\":\"https:\/\/edurec.ge.ch\/site\/cfpt-electronique\/les-formation-en-electronique-2\/\",\"url\":\"https:\/\/edurec.ge.ch\/site\/cfpt-electronique\/les-formation-en-electronique-2\/\",\"name\":\"Les formations en \u00e9lectronique en Suisse - CFPT \u00c9lectronique\",\"isPartOf\":{\"@id\":\"https:\/\/edurec.ge.ch\/site\/cfpt-electronique\/#website\"},\"datePublished\":\"2018-09-21T12:15:07+00:00\",\"dateModified\":\"2024-01-23T15:47:59+00:00\",\"breadcrumb\":{\"@id\":\"https:\/\/edurec.ge.ch\/site\/cfpt-electronique\/les-formation-en-electronique-2\/#breadcrumb\"},\"inLanguage\":\"fr-FR\",\"potentialAction\":[{\"@type\":\"ReadAction\",\"target\":[\"https:\/\/edurec.ge.ch\/site\/cfpt-electronique\/les-formation-en-electronique-2\/\"]}]},{\"@type\":\"BreadcrumbList\",\"@id\":\"https:\/\/edurec.ge.ch\/site\/cfpt-electronique\/les-formation-en-electronique-2\/#breadcrumb\",\"itemListElement\":[{\"@type\":\"ListItem\",\"position\":1,\"name\":\"Accueil\",\"item\":\"https:\/\/edurec.ge.ch\/site\/cfpt-electronique\/\"},{\"@type\":\"ListItem\",\"position\":2,\"name\":\"Les formations en \u00e9lectronique en Suisse\"}]},{\"@type\":\"WebSite\",\"@id\":\"https:\/\/edurec.ge.ch\/site\/cfpt-electronique\/#website\",\"url\":\"https:\/\/edurec.ge.ch\/site\/cfpt-electronique\/\",\"name\":\"CFPT \u00c9lectronique\",\"description\":\"Les formations en \u00e9lectronique\",\"potentialAction\":[{\"@type\":\"SearchAction\",\"target\":{\"@type\":\"EntryPoint\",\"urlTemplate\":\"https:\/\/edurec.ge.ch\/site\/cfpt-electronique\/?s={search_term_string}\"},\"query-input\":{\"@type\":\"PropertyValueSpecification\",\"valueRequired\":true,\"valueName\":\"search_term_string\"}}],\"inLanguage\":\"fr-FR\"}]}<\/script>\n<!-- \/ Yoast SEO plugin. -->","yoast_head_json":{"title":"Les formations en \u00e9lectronique en Suisse - CFPT \u00c9lectronique","robots":{"index":"index","follow":"follow","max-snippet":"max-snippet:-1","max-image-preview":"max-image-preview:large","max-video-preview":"max-video-preview:-1"},"canonical":"https:\/\/edurec.ge.ch\/site\/cfpt-electronique\/les-formation-en-electronique-2\/","og_locale":"fr_FR","og_type":"article","og_title":"Les formations en \u00e9lectronique en Suisse - CFPT \u00c9lectronique","og_description":"\u00c9lectronicienne et \u00e9lectronicien CFC Description de la formation Ordonnance f\u00e9d\u00e9rale (SEFRI) \u00c9lectronicienne et \u00e9lectronicien en multim\u00e9dia CFC Description de la formation Ordonnance f\u00e9d\u00e9rale (SEFRI) Technicienne et technicien ES en g\u00e9nie \u00e9lectrique, sp\u00e9cialisation en \u00e9lectronique Description de la formation Plan d&rsquo;\u00e9tude cadre (SEFRI) Admission &#8211; Offres de formations Offres de formations \u00e0 l&rsquo;\u00e9cole d&rsquo;\u00e9lectronique Admission et [&hellip;]","og_url":"https:\/\/edurec.ge.ch\/site\/cfpt-electronique\/les-formation-en-electronique-2\/","og_site_name":"CFPT \u00c9lectronique","article_modified_time":"2024-01-23T15:47:59+00:00","twitter_card":"summary_large_image","twitter_misc":{"Dur\u00e9e de lecture estim\u00e9e":"1 minute"},"schema":{"@context":"https:\/\/schema.org","@graph":[{"@type":"WebPage","@id":"https:\/\/edurec.ge.ch\/site\/cfpt-electronique\/les-formation-en-electronique-2\/","url":"https:\/\/edurec.ge.ch\/site\/cfpt-electronique\/les-formation-en-electronique-2\/","name":"Les formations en \u00e9lectronique en Suisse - CFPT \u00c9lectronique","isPartOf":{"@id":"https:\/\/edurec.ge.ch\/site\/cfpt-electronique\/#website"},"datePublished":"2018-09-21T12:15:07+00:00","dateModified":"2024-01-23T15:47:59+00:00","breadcrumb":{"@id":"https:\/\/edurec.ge.ch\/site\/cfpt-electronique\/les-formation-en-electronique-2\/#breadcrumb"},"inLanguage":"fr-FR","potentialAction":[{"@type":"ReadAction","target":["https:\/\/edurec.ge.ch\/site\/cfpt-electronique\/les-formation-en-electronique-2\/"]}]},{"@type":"BreadcrumbList","@id":"https:\/\/edurec.ge.ch\/site\/cfpt-electronique\/les-formation-en-electronique-2\/#breadcrumb","itemListElement":[{"@type":"ListItem","position":1,"name":"Accueil","item":"https:\/\/edurec.ge.ch\/site\/cfpt-electronique\/"},{"@type":"ListItem","position":2,"name":"Les formations en \u00e9lectronique en Suisse"}]},{"@type":"WebSite","@id":"https:\/\/edurec.ge.ch\/site\/cfpt-electronique\/#website","url":"https:\/\/edurec.ge.ch\/site\/cfpt-electronique\/","name":"CFPT \u00c9lectronique","description":"Les formations en \u00e9lectronique","potentialAction":[{"@type":"SearchAction","target":{"@type":"EntryPoint","urlTemplate":"https:\/\/edurec.ge.ch\/site\/cfpt-electronique\/?s={search_term_string}"},"query-input":{"@type":"PropertyValueSpecification","valueRequired":true,"valueName":"search_term_string"}}],"inLanguage":"fr-FR"}]}},"_links":{"self":[{"href":"https:\/\/edurec.ge.ch\/site\/cfpt-electronique\/wp-json\/wp\/v2\/pages\/902","targetHints":{"allow":["GET"]}}],"collection":[{"href":"https:\/\/edurec.ge.ch\/site\/cfpt-electronique\/wp-json\/wp\/v2\/pages"}],"about":[{"href":"https:\/\/edurec.ge.ch\/site\/cfpt-electronique\/wp-json\/wp\/v2\/types\/page"}],"author":[{"embeddable":true,"href":"https:\/\/edurec.ge.ch\/site\/cfpt-electronique\/wp-json\/wp\/v2\/users\/1345"}],"replies":[{"embeddable":true,"href":"https:\/\/edurec.ge.ch\/site\/cfpt-electronique\/wp-json\/wp\/v2\/comments?post=902"}],"version-history":[{"count":14,"href":"https:\/\/edurec.ge.ch\/site\/cfpt-electronique\/wp-json\/wp\/v2\/pages\/902\/revisions"}],"predecessor-version":[{"id":4731,"href":"https:\/\/edurec.ge.ch\/site\/cfpt-electronique\/wp-json\/wp\/v2\/pages\/902\/revisions\/4731"}],"wp:attachment":[{"href":"https:\/\/edurec.ge.ch\/site\/cfpt-electronique\/wp-json\/wp\/v2\/media?parent=902"}],"curies":[{"name":"wp","href":"https:\/\/api.w.org\/{rel}","templated":true}]}}