{"id":889,"date":"2018-09-20T15:58:14","date_gmt":"2018-09-20T14:58:14","guid":{"rendered":"https:\/\/edurec.ge.ch\/site\/cfpt-electronique\/?page_id=889"},"modified":"2025-01-29T11:26:09","modified_gmt":"2025-01-29T10:26:09","slug":"lecole-delectronique-3","status":"publish","type":"page","link":"https:\/\/edurec.ge.ch\/site\/cfpt-electronique\/lecole-delectronique-3\/","title":{"rendered":"Nos stages de d\u00e9couverte &#8211; Offre de formation"},"content":{"rendered":"<p><em>L&rsquo;\u00e9lectronique ajoute de l&rsquo;intelligence aux produits et appareils de la vie quotidienne<\/em><\/p>\n<div class=\"su-spoiler su-spoiler-style-fancy su-spoiler-icon-plus su-spoiler-closed\" data-scroll-offset=\"0\" data-anchor-in-url=\"no\"><div class=\"su-spoiler-title\" tabindex=\"0\" role=\"button\"><span class=\"su-spoiler-icon\"><\/span>Stages de d\u00e9couverte pour les m\u00e9tiers de l'\u00e9lectronique<\/div><div class=\"su-spoiler-content su-u-clearfix su-u-trim\">\n<ul>\n<li class=\"p2\"><span style=\"color: #3366ff\"><a style=\"color: #3366ff\" href=\"https:\/\/edurec.ge.ch\/site\/cfpt-electronique\/stages-en-electronique\/\" target=\"_blank\" rel=\"noopener\"><span class=\"s1\">\u2192Description des stages et contact<\/span><\/a><\/span><\/li>\n<\/ul>\n<\/div><\/div>\n<div class=\"su-spoiler su-spoiler-style-fancy su-spoiler-icon-plus su-spoiler-closed\" data-scroll-offset=\"0\" data-anchor-in-url=\"no\"><div class=\"su-spoiler-title\" tabindex=\"0\" role=\"button\"><span class=\"su-spoiler-icon\"><\/span>Formation Electronicienne et \u00e9lectronicien <strong>CFC<\/strong><\/div><div class=\"su-spoiler-content su-u-clearfix su-u-trim\">\n<ul>\n<li><span style=\"color: #3366ff\">\u2192<a style=\"color: #3366ff\" href=\"https:\/\/zoom-vd.ch\/zoom-sur-les-metiers\/electronicien-electronicienne\/\" target=\"_blank\" rel=\"noopener\">Vid\u00e9o de pr\u00e9sentation de la formation<\/a><\/span><\/li>\n<li><span style=\"color: #3366ff\">\u2192Description de la formation <\/span>\n<ul>\n<li><span style=\"color: #3366ff\"><a style=\"color: #3366ff\" href=\"https:\/\/www.bepog.ch\/fr\/metiers\/apprentissages\/informatique-electronique\/electronicien\">#Bepog<\/a><\/span><\/li>\n<li><span style=\"color: #3366ff\"><a style=\"color: #3366ff\" href=\"https:\/\/www.find-your-future.ch\/fr\/apprentissage\/apprentissage\/choix-professionnel\/portraits-professionnels\/profils\/electronicien\/\">Swissmem<\/a><\/span><\/li>\n<\/ul>\n<\/li>\n<li><span style=\"color: #808080\"><a style=\"color: #808080\" href=\"https:\/\/edurec.ge.ch\/site\/cfpt-electronique\/electronicien-electronicienne-cfc-4-ans\/\"><span style=\"color: #3366ff\">\u2192Electronicienne et \u00e9lectronicien <strong>CFC<\/strong> 4 ans<\/span><\/a><\/span><\/li>\n<li><span style=\"color: #3366ff\"><a style=\"color: #3366ff\" href=\"https:\/\/edurec.ge.ch\/site\/cfpt-electronique\/electronicien-electronicienne-cfc-4-ans\/\">\u2192<\/a><a style=\"color: #3366ff\" href=\"https:\/\/edurec.ge.ch\/site\/cfpt-electronique\/electronicien-electronicienne-cfc-maturite-professionnelle-4-ans\/\">Electronicienne et \u00e9lectronicien <strong>CFC<\/strong> 4 ans avec maturit\u00e9 professionnelle technique <\/a><\/span><\/li>\n<li><span style=\"color: #3366ff\"><a style=\"color: #3366ff\" href=\"https:\/\/edurec.ge.ch\/site\/cfpt-electronique\/electronicien-electronicienne-cfc-4-ans\/\">\u2192<\/a><a style=\"color: #3366ff\" href=\"https:\/\/edurec.ge.ch\/site\/cfpt-electronique\/electronicien-electronicienne-maturite-formation-acceleree-3-ans\/\">Electronicienne et \u00e9lectronicien <strong>CFC<\/strong> 3 ans avec maturit\u00e9 professionnelle technique (formation acc\u00e9l\u00e9r\u00e9e)<\/a><\/span><\/li>\n<li><span style=\"color: #3366ff\">\u2192 <a style=\"color: #3366ff\" href=\"https:\/\/www.orientation.ch\/dyn\/show\/1900?lang=fr&amp;idx=30&amp;id=94\">plus d&rsquo;information sur orientation.ch<\/a><\/span><\/li>\n<li><span style=\"color: #3366ff\">\u2192<a style=\"color: #3366ff\" href=\"https:\/\/edurec.ge.ch\/site\/cfpt-electronique\/wp-content\/uploads\/sites\/113\/2023\/01\/Flyer-EL-04.01.23.pdf\"> Flyer fili\u00e8re \u00e9lectronique 2023<\/a><\/span><\/li>\n<\/ul>\n<\/div><\/div>\n<div class=\"su-spoiler su-spoiler-style-fancy su-spoiler-icon-plus su-spoiler-closed\" data-scroll-offset=\"0\" data-anchor-in-url=\"no\"><div class=\"su-spoiler-title\" tabindex=\"0\" role=\"button\"><span class=\"su-spoiler-icon\"><\/span>Formation Electronicienne en multim\u00e9dia <strong>CFC<\/strong> et \u00e9lectronicien en multim\u00e9dia <strong>CFC<\/strong><\/div><div class=\"su-spoiler-content su-u-clearfix su-u-trim\">\n<ul>\n<li><span style=\"color: #3366ff\">\u2192<a style=\"color: #3366ff\" href=\"https:\/\/zoom-vd.ch\/zoom-sur-les-metiers\/electronicien-electronicienne-en-multimedia\/\" target=\"_blank\" rel=\"noopener\">Vid\u00e9o de pr\u00e9sentation de la formation<\/a><\/span><\/li>\n<li><span style=\"color: #3366ff\">\u2192Description de la formation <\/span>\n<ul>\n<li><span style=\"color: #3366ff\"><a style=\"color: #3366ff\" href=\"https:\/\/www.bepog.ch\/fr\/metiers\/apprentissages\/informatique-electronique\/electronicien-en-multimedia\">#Bepog<\/a><\/span><\/li>\n<li><span style=\"color: #3366ff\"><a style=\"color: #3366ff\" href=\"https:\/\/www.mmts.ch\/fr\/formation-professionnelle\/#Electronicien\/ne%20en%20Multim%C3%A9dia\">MMTS \u2013 MultimediaTec Swiss<\/a><\/span><\/li>\n<\/ul>\n<\/li>\n<li><span style=\"color: #3366ff\"><a style=\"color: #3366ff\" href=\"https:\/\/edurec.ge.ch\/site\/cfpt-electronique\/electronicien-electronicienne-multimedia-4-ans\/\" target=\"_blank\" rel=\"noopener\">\u2192Electronicienne et \u00e9lectronicien en multim\u00e9dia <strong>CFC<\/strong> 4 ans<\/a><\/span><\/li>\n<li><span style=\"color: #3366ff\"><a style=\"color: #3366ff\" href=\"https:\/\/edurec.ge.ch\/site\/cfpt-electronique\/electronicien-electronicienne-multimedia-maturite-professionnelle-4-ans\/\" target=\"_blank\" rel=\"noopener\">\u2192Electronicienne et \u00e9lectronicien en multim\u00e9dia <strong>CFC<\/strong> 4 ans avec maturit\u00e9 professionnelle technique<\/a><\/span><\/li>\n<li><span style=\"color: #3366ff\">\u2192 <a style=\"color: #3366ff\" href=\"https:\/\/www.orientation.ch\/dyn\/show\/1900?lang=fr&amp;idx=30&amp;id=297\">plus d&rsquo;information sur orientation.ch<\/a><\/span><\/li>\n<li><span style=\"color: #3366ff\">\u2192<a style=\"color: #3366ff\" href=\"https:\/\/edurec.ge.ch\/site\/cfpt-electronique\/wp-content\/uploads\/sites\/113\/2023\/01\/Flyer-MM-04.01.23.pdf\"> Flyer fili\u00e8re \u00e9lectronique en multim\u00e9dia 2023<\/a><\/span><\/li>\n<\/ul>\n<\/div><\/div>\n<div class=\"su-spoiler su-spoiler-style-fancy su-spoiler-icon-plus su-spoiler-closed\" data-scroll-offset=\"0\" data-anchor-in-url=\"no\"><div class=\"su-spoiler-title\" tabindex=\"0\" role=\"button\"><span class=\"su-spoiler-icon\"><\/span>Formation de techniciennes ES en \u00e9lectronique et de techniciens <strong>ES<\/strong> en \u00e9lectronique <\/div><div class=\"su-spoiler-content su-u-clearfix su-u-trim\">\n<ul>\n<li><span style=\"color: #808080\"><span style=\"color: #3366ff\"><a style=\"color: #3366ff\" href=\"https:\/\/edurec.ge.ch\/site\/cfpt-electronique\/technicien-technicienne-genie-electrique\/\" target=\"_blank\" rel=\"noopener\">\u2192Technicienne et technicien en g\u00e9nie \u00e9lectrique <strong>ES<\/strong> 2 ans (pour les titulaires d&rsquo;un <strong>CFC<\/strong>)<\/a><\/span><br \/>\n<span style=\"color: #3366ff\">\u2192 <a style=\"color: #3366ff\" href=\"https:\/\/www.orientation.ch\/dyn\/show\/1900?lang=fr&amp;idx=30&amp;id=882\">plus d&rsquo;information sur orientation.ch<\/a><\/span><\/span><br \/>\n<\/div><\/div><\/li>\n<\/ul>\n<div class=\"su-spoiler su-spoiler-style-fancy su-spoiler-icon-plus su-spoiler-closed\" data-scroll-offset=\"0\" data-anchor-in-url=\"no\"><div class=\"su-spoiler-title\" tabindex=\"0\" role=\"button\"><span class=\"su-spoiler-icon\"><\/span>La maturit\u00e9 professionnelle technique donne acc\u00e8s \u00e0 des \u00e9tudes sup\u00e9rieures<\/div><div class=\"su-spoiler-content su-u-clearfix su-u-trim\">\n<ul>\n<li><span style=\"color: #3366ff\"><a style=\"color: #3366ff\" href=\"https:\/\/edurec.ge.ch\/site\/cfpt-enseignement-general\/\" target=\"_blank\" rel=\"noopener\"><span class=\"s1\">\u2192La maturit\u00e9 professionnelle au CFPT<\/span><\/a><\/span><\/li>\n<li><a href=\"http:\/\/hepia.hesge.ch\/fr\/bachelor\/inscriptions\/\" target=\"_blank\" rel=\"noopener\"><span class=\"s1\" style=\"color: #3366ff\">\u2192HES; \u00a0(hepia)<\/span><\/a><\/li>\n<li><a href=\"http:\/\/www.unige.ch\/admissions\/sinscrire\/bachelor\/diplomes-suisse\/\" target=\"_blank\" rel=\"noopener\"><span class=\"s1\" style=\"color: #3366ff\">\u2192Universit\u00e9\u00a0(avec examen)<\/span><\/a><\/li>\n<li><a href=\"http:\/\/bachelor.epfl.ch\/admission-cms\" target=\"_blank\" rel=\"noopener\"><span class=\"s1\" style=\"color: #3366ff\">\u2192Ecole polytechnique EPFL(ann\u00e9e de raccordement CMS)<\/span><\/a><\/li>\n<\/ul>\n<\/div><\/div>\n<div class=\"su-spoiler su-spoiler-style-fancy su-spoiler-icon-plus su-spoiler-closed\" data-scroll-offset=\"0\" data-anchor-in-url=\"no\"><div class=\"su-spoiler-title\" tabindex=\"0\" role=\"button\"><span class=\"su-spoiler-icon\"><\/span>Perfectionnement professionnel<\/div><div class=\"su-spoiler-content su-u-clearfix su-u-trim\">\n<h3>Haute \u00e9cole sp\u00e9cialis\u00e9es HES<\/h3>\n<ul>\n<li>\u00catre titulaire d\u2019une maturit\u00e9 professionnelle, coupl\u00e9e \u00e0 un CFC dans une profession apparent\u00e9e \u00e0 la fili\u00e8re choisie.\u00a0<span style=\"color: #3366ff\">\u2192 <\/span><a href=\"http:\/\/hepia.hesge.ch\/fr\/bachelor\/inscriptions\/\" target=\"_blank\" rel=\"noopener\"><span style=\"color: #3366ff\">admission hepia<\/span><\/a><\/li>\n<li>Les titulaires d&rsquo;une dipl\u00f4me de technicien ES sont \u00e9galement admis<\/li>\n<li>D\u00e9partements\/fili\u00e8res hepia Gen\u00e8ve:\n<ul>\n<li><a href=\"https:\/\/www.hesge.ch\/hepia\/bachelor\/microtechniques\" target=\"_blank\" rel=\"noopener\"><span style=\"color: #3366ff\">\u2192 Microtechnique (cours avec option ing\u00e9nieur en \u00e9lectronique)<\/span><\/a><\/li>\n<li><span style=\"color: #3366ff\">\u2192 <\/span><span style=\"color: #3366ff\"><a style=\"color: #3366ff\" href=\"https:\/\/www.hesge.ch\/hepia\/bachelor\/informatique-et-systemes-communication\">Informatique et syst\u00e8mes de communication<\/a><\/span><\/li>\n<li><span style=\"color: #3366ff\">\u2192 <a style=\"color: #3366ff\" href=\"https:\/\/www.hesge.ch\/hepia\/bachelor\/technique-des-batiments\">Technique des b\u00e2timents<\/a><\/span><\/li>\n<\/ul>\n<\/li>\n<\/ul>\n<h3>Ecoles polytechniques f\u00e9d\u00e9rales<\/h3>\n<ul>\n<li>Etre titulaire d&rsquo;une maturit\u00e9 professionnelle et rejoindre une ann\u00e9e pr\u00e9paratoire pour (<span style=\"color: #3366ff\">\u2192<a style=\"color: #3366ff\" href=\"https:\/\/bachelor.epfl.ch\/fr\/programmes\/cours_mathematiques_speciales\/\" target=\"_blank\" rel=\"noopener\"> CMS<\/a><\/span>)\n<ul>\n<li><span style=\"color: #3366ff\">\u2192 <\/span><a href=\"https:\/\/bachelor.epfl.ch\/fr\/inscriptions\/\" target=\"_blank\" rel=\"noopener\"><span style=\"color: #3366ff\">Conditions d&rsquo;admission \u00e0 l&rsquo;EPFL<\/span><\/a><\/li>\n<\/ul>\n<\/li>\n<\/ul>\n<h3>Universit\u00e9s suisses<\/h3>\n<ul>\n<li>Etre titulaire d&rsquo;une maturit\u00e9 professionnelle et rejoindre : <em>\u00ab\u00a0Examen compl\u00e9mentaire passerelle maturit\u00e9 professionnelle \/ maturit\u00e9 sp\u00e9cialis\u00e9e &#8211; hautes \u00e9coles universitaires \u00ab\u00a0<\/em>\u00a0(<span style=\"color: #3366ff\">\u2192<a style=\"color: #3366ff\" href=\"https:\/\/www.sbfi.admin.ch\/sbfi\/fr\/home\/formation\/maturite\/maturite-gymnasiale\/passerelle.html\" target=\"_blank\" rel=\"noopener\"> lien<\/a><\/span>)\n<ul>\n<li>Comment se pr\u00e9parer \u00e0 l&rsquo;examen compl\u00e9mentaire\u00a0<span style=\"color: #3366ff\">\u2192 <\/span><a href=\"https:\/\/edurec.ge.ch\/secondaire2\/node\/742#737\" target=\"_blank\" rel=\"noopener\"><span style=\"color: #3366ff\">Coll\u00e8ge pour adulte\u00a0ALICE-RIVAZ (COPAD)<\/span><\/a><\/li>\n<\/ul>\n<\/li>\n<\/ul>\n<\/div><\/div>\n<div class=\"su-spoiler su-spoiler-style-fancy su-spoiler-icon-plus su-spoiler-closed\" data-scroll-offset=\"0\" data-anchor-in-url=\"no\"><div class=\"su-spoiler-title\" tabindex=\"0\" role=\"button\"><span class=\"su-spoiler-icon\"><\/span>R\u00e8glements de fili\u00e8res <\/div><div class=\"su-spoiler-content su-u-clearfix su-u-trim\">\n<ul>\n<li><span style=\"color: #0000ff\"><a style=\"color: #0000ff\" href=\"https:\/\/edurec.ge.ch\/site\/cfpt-electronique\/wp-content\/uploads\/sites\/113\/2025\/01\/Electronicien-3ans-accelere-Plein-temps-Reglement-de-filiere-et-Plan-de-formation.pdf\">Electronicien 3ans acc\u00e9l\u00e9r\u00e9 Plein temps &#8211; R\u00e8glement de fili\u00e8re et Plan de formation<\/a><\/span><\/li>\n<li><span style=\"color: #0000ff\"><a style=\"color: #0000ff\" href=\"https:\/\/edurec.ge.ch\/site\/cfpt-electronique\/wp-content\/uploads\/sites\/113\/2025\/01\/Electronicien-4ans-Dual-Reglement-de-filiere-et-Plan-de-formation.pdf\">Electronicien 4ans Dual &#8211; R\u00e8glement de fili\u00e8re et Plan de formation<\/a><\/span><\/li>\n<li><span style=\"color: #0000ff\"><a style=\"color: #0000ff\" href=\"https:\/\/edurec.ge.ch\/site\/cfpt-electronique\/wp-content\/uploads\/sites\/113\/2025\/01\/Electronicien-4ans-Plein-temps-Reglement-de-filiere-et-Plan-de-formation.pdf\">Electronicien 4ans Plein temps &#8211; R\u00e8glement de fili\u00e8re et Plan de formation<\/a><\/span><\/li>\n<li><span style=\"color: #0000ff\"><a style=\"color: #0000ff\" href=\"https:\/\/edurec.ge.ch\/site\/cfpt-electronique\/wp-content\/uploads\/sites\/113\/2025\/01\/Electronicien-Multimedia-4-ans-Dual-Reglement-de-filiere-et-Plan-de-formation-47006.pdf\">Electronicien Multim\u00e9dia 4 ans Dual &#8211; R\u00e8glement de fili\u00e8re et Plan de formation 47006<\/a><\/span><\/li>\n<li><span style=\"color: #0000ff\"><a style=\"color: #0000ff\" href=\"https:\/\/edurec.ge.ch\/site\/cfpt-electronique\/wp-content\/uploads\/sites\/113\/2025\/01\/Electronicien-Multimedia-4-ans-plein-temps-Reglement-de-filiere-et-Plan-de-formation-47006.pdf\">Electronicien Multim\u00e9dia 4 ans plein temps &#8211; R\u00e8glement de fili\u00e8re et Plan de formation 47006<\/a><\/span><br \/>\n<\/div><\/div><\/li>\n<\/ul>\n","protected":false},"excerpt":{"rendered":"<p>L&rsquo;\u00e9lectronique ajoute de l&rsquo;intelligence aux produits et appareils de la vie quotidienne<\/p>\n","protected":false},"author":1345,"featured_media":0,"parent":0,"menu_order":14,"comment_status":"closed","ping_status":"closed","template":"","meta":{"footnotes":""},"class_list":["post-889","page","type-page","status-publish","czr-hentry"],"yoast_head":"<!-- This site is optimized with the Yoast SEO plugin v26.4 - https:\/\/yoast.com\/wordpress\/plugins\/seo\/ -->\n<title>Nos stages de d\u00e9couverte - Offre de formation - CFPT \u00c9lectronique<\/title>\n<meta name=\"robots\" content=\"index, follow, max-snippet:-1, max-image-preview:large, max-video-preview:-1\" \/>\n<link rel=\"canonical\" href=\"https:\/\/edurec.ge.ch\/site\/cfpt-electronique\/lecole-delectronique-3\/\" \/>\n<meta property=\"og:locale\" content=\"fr_FR\" \/>\n<meta property=\"og:type\" content=\"article\" \/>\n<meta property=\"og:title\" content=\"Nos stages de d\u00e9couverte - Offre de formation - CFPT \u00c9lectronique\" \/>\n<meta property=\"og:description\" content=\"L&rsquo;\u00e9lectronique ajoute de l&rsquo;intelligence aux produits et appareils de la vie quotidienne\" \/>\n<meta property=\"og:url\" content=\"https:\/\/edurec.ge.ch\/site\/cfpt-electronique\/lecole-delectronique-3\/\" \/>\n<meta property=\"og:site_name\" content=\"CFPT \u00c9lectronique\" \/>\n<meta property=\"article:modified_time\" content=\"2025-01-29T10:26:09+00:00\" \/>\n<meta name=\"twitter:card\" content=\"summary_large_image\" \/>\n<meta name=\"twitter:label1\" content=\"Dur\u00e9e de lecture estim\u00e9e\" \/>\n\t<meta name=\"twitter:data1\" content=\"3 minutes\" \/>\n<script type=\"application\/ld+json\" class=\"yoast-schema-graph\">{\"@context\":\"https:\/\/schema.org\",\"@graph\":[{\"@type\":\"WebPage\",\"@id\":\"https:\/\/edurec.ge.ch\/site\/cfpt-electronique\/lecole-delectronique-3\/\",\"url\":\"https:\/\/edurec.ge.ch\/site\/cfpt-electronique\/lecole-delectronique-3\/\",\"name\":\"Nos stages de d\u00e9couverte - Offre de formation - CFPT \u00c9lectronique\",\"isPartOf\":{\"@id\":\"https:\/\/edurec.ge.ch\/site\/cfpt-electronique\/#website\"},\"datePublished\":\"2018-09-20T14:58:14+00:00\",\"dateModified\":\"2025-01-29T10:26:09+00:00\",\"breadcrumb\":{\"@id\":\"https:\/\/edurec.ge.ch\/site\/cfpt-electronique\/lecole-delectronique-3\/#breadcrumb\"},\"inLanguage\":\"fr-FR\",\"potentialAction\":[{\"@type\":\"ReadAction\",\"target\":[\"https:\/\/edurec.ge.ch\/site\/cfpt-electronique\/lecole-delectronique-3\/\"]}]},{\"@type\":\"BreadcrumbList\",\"@id\":\"https:\/\/edurec.ge.ch\/site\/cfpt-electronique\/lecole-delectronique-3\/#breadcrumb\",\"itemListElement\":[{\"@type\":\"ListItem\",\"position\":1,\"name\":\"Accueil\",\"item\":\"https:\/\/edurec.ge.ch\/site\/cfpt-electronique\/\"},{\"@type\":\"ListItem\",\"position\":2,\"name\":\"Nos stages de d\u00e9couverte &#8211; Offre de formation\"}]},{\"@type\":\"WebSite\",\"@id\":\"https:\/\/edurec.ge.ch\/site\/cfpt-electronique\/#website\",\"url\":\"https:\/\/edurec.ge.ch\/site\/cfpt-electronique\/\",\"name\":\"CFPT \u00c9lectronique\",\"description\":\"Les formations en \u00e9lectronique\",\"potentialAction\":[{\"@type\":\"SearchAction\",\"target\":{\"@type\":\"EntryPoint\",\"urlTemplate\":\"https:\/\/edurec.ge.ch\/site\/cfpt-electronique\/?s={search_term_string}\"},\"query-input\":{\"@type\":\"PropertyValueSpecification\",\"valueRequired\":true,\"valueName\":\"search_term_string\"}}],\"inLanguage\":\"fr-FR\"}]}<\/script>\n<!-- \/ Yoast SEO plugin. -->","yoast_head_json":{"title":"Nos stages de d\u00e9couverte - Offre de formation - CFPT \u00c9lectronique","robots":{"index":"index","follow":"follow","max-snippet":"max-snippet:-1","max-image-preview":"max-image-preview:large","max-video-preview":"max-video-preview:-1"},"canonical":"https:\/\/edurec.ge.ch\/site\/cfpt-electronique\/lecole-delectronique-3\/","og_locale":"fr_FR","og_type":"article","og_title":"Nos stages de d\u00e9couverte - Offre de formation - CFPT \u00c9lectronique","og_description":"L&rsquo;\u00e9lectronique ajoute de l&rsquo;intelligence aux produits et appareils de la vie quotidienne","og_url":"https:\/\/edurec.ge.ch\/site\/cfpt-electronique\/lecole-delectronique-3\/","og_site_name":"CFPT \u00c9lectronique","article_modified_time":"2025-01-29T10:26:09+00:00","twitter_card":"summary_large_image","twitter_misc":{"Dur\u00e9e de lecture estim\u00e9e":"3 minutes"},"schema":{"@context":"https:\/\/schema.org","@graph":[{"@type":"WebPage","@id":"https:\/\/edurec.ge.ch\/site\/cfpt-electronique\/lecole-delectronique-3\/","url":"https:\/\/edurec.ge.ch\/site\/cfpt-electronique\/lecole-delectronique-3\/","name":"Nos stages de d\u00e9couverte - Offre de formation - CFPT \u00c9lectronique","isPartOf":{"@id":"https:\/\/edurec.ge.ch\/site\/cfpt-electronique\/#website"},"datePublished":"2018-09-20T14:58:14+00:00","dateModified":"2025-01-29T10:26:09+00:00","breadcrumb":{"@id":"https:\/\/edurec.ge.ch\/site\/cfpt-electronique\/lecole-delectronique-3\/#breadcrumb"},"inLanguage":"fr-FR","potentialAction":[{"@type":"ReadAction","target":["https:\/\/edurec.ge.ch\/site\/cfpt-electronique\/lecole-delectronique-3\/"]}]},{"@type":"BreadcrumbList","@id":"https:\/\/edurec.ge.ch\/site\/cfpt-electronique\/lecole-delectronique-3\/#breadcrumb","itemListElement":[{"@type":"ListItem","position":1,"name":"Accueil","item":"https:\/\/edurec.ge.ch\/site\/cfpt-electronique\/"},{"@type":"ListItem","position":2,"name":"Nos stages de d\u00e9couverte &#8211; Offre de formation"}]},{"@type":"WebSite","@id":"https:\/\/edurec.ge.ch\/site\/cfpt-electronique\/#website","url":"https:\/\/edurec.ge.ch\/site\/cfpt-electronique\/","name":"CFPT \u00c9lectronique","description":"Les formations en \u00e9lectronique","potentialAction":[{"@type":"SearchAction","target":{"@type":"EntryPoint","urlTemplate":"https:\/\/edurec.ge.ch\/site\/cfpt-electronique\/?s={search_term_string}"},"query-input":{"@type":"PropertyValueSpecification","valueRequired":true,"valueName":"search_term_string"}}],"inLanguage":"fr-FR"}]}},"_links":{"self":[{"href":"https:\/\/edurec.ge.ch\/site\/cfpt-electronique\/wp-json\/wp\/v2\/pages\/889","targetHints":{"allow":["GET"]}}],"collection":[{"href":"https:\/\/edurec.ge.ch\/site\/cfpt-electronique\/wp-json\/wp\/v2\/pages"}],"about":[{"href":"https:\/\/edurec.ge.ch\/site\/cfpt-electronique\/wp-json\/wp\/v2\/types\/page"}],"author":[{"embeddable":true,"href":"https:\/\/edurec.ge.ch\/site\/cfpt-electronique\/wp-json\/wp\/v2\/users\/1345"}],"replies":[{"embeddable":true,"href":"https:\/\/edurec.ge.ch\/site\/cfpt-electronique\/wp-json\/wp\/v2\/comments?post=889"}],"version-history":[{"count":57,"href":"https:\/\/edurec.ge.ch\/site\/cfpt-electronique\/wp-json\/wp\/v2\/pages\/889\/revisions"}],"predecessor-version":[{"id":4941,"href":"https:\/\/edurec.ge.ch\/site\/cfpt-electronique\/wp-json\/wp\/v2\/pages\/889\/revisions\/4941"}],"wp:attachment":[{"href":"https:\/\/edurec.ge.ch\/site\/cfpt-electronique\/wp-json\/wp\/v2\/media?parent=889"}],"curies":[{"name":"wp","href":"https:\/\/api.w.org\/{rel}","templated":true}]}}