{"id":4992,"date":"2025-04-08T15:18:23","date_gmt":"2025-04-08T14:18:23","guid":{"rendered":"https:\/\/edurec.ge.ch\/site\/cfpt-electronique\/?page_id=4992"},"modified":"2025-07-02T10:23:16","modified_gmt":"2025-07-02T09:23:16","slug":"rentree-scolaire-eleves-2025-2026","status":"publish","type":"page","link":"https:\/\/edurec.ge.ch\/site\/cfpt-electronique\/rentree-scolaire-eleves-2025-2026\/","title":{"rendered":"Rentr\u00e9e scolaire 2025-2026 (\u00e9l\u00e8ves)"},"content":{"rendered":"<h2><span style=\"color: #3366ff\">Convocation de rentr\u00e9e CFPT-Electronique 2025<\/span><\/h2>\n<p><span style=\"color: #ff0000\">Vous trouverez ci-dessous toutes les informations pour la prochaines rentr\u00e9e scolaire, le lundi 18 ao\u00fbt 2025<\/span><\/p>\n<p>&#8212;&#8212;&#8212;&#8212;&#8212;&#8212;&#8212;&#8212;&#8212;&#8212;&#8212;&#8212;&#8212;&#8212;&#8212;&#8212;&#8212;&#8212;&#8212;&#8212;&#8212;&#8212;&#8212;&#8212;&#8212;&#8212;&#8212;&#8212;-<\/p>\n<p><span style=\"color: #333399\">Courrier de convocation adress\u00e9 \u00e0 l&rsquo;ensemble des \u00e9l\u00e8ves\u00a0 :<\/span><\/p>\n<ul>\n<li>\n<ul>\n<li><a href=\"https:\/\/edurec.ge.ch\/site\/cfpt-electronique\/wp-content\/uploads\/sites\/113\/2025\/07\/Convocations-tous-eleves-2025.pdf\"><em><span style=\"color: #0000ff\">Formation en \u00e9cole<\/span><\/em><\/a><\/li>\n<li><a href=\"https:\/\/edurec.ge.ch\/site\/cfpt-electronique\/wp-content\/uploads\/sites\/113\/2025\/07\/Convocations-tous-eleves-2025-Formation-en-entreprise.pdf\"><em><span style=\"color: #0000ff\">Formation en entreprise<\/span><\/em><\/a><\/li>\n<\/ul>\n<\/li>\n<\/ul>\n<p><span style=\"color: #0000ff\"><strong>Information pour la commande du mat\u00e9riel scolaire (classe de 1\u00e8re et 2\u00e8me ann\u00e9e)<\/strong><\/span><\/p>\n<p><strong><span style=\"color: #339966\">Fili\u00e8res \u00e9lectroniciennes CFC et \u00e9lectroniciens CFC<\/span><br \/>\n<\/strong><\/p>\n<div class=\"su-spoiler su-spoiler-style-fancy su-spoiler-icon-plus su-spoiler-closed\" data-scroll-offset=\"0\" data-anchor-in-url=\"no\"><div class=\"su-spoiler-title\" tabindex=\"0\" role=\"button\"><span class=\"su-spoiler-icon\"><\/span>Formation en \u00e9cole 4ans<\/div><div class=\"su-spoiler-content su-u-clearfix su-u-trim\">\n<ul>\n<li><span style=\"color: #3366ff\"><em><strong>1\u00e8re ann\u00e9e<\/strong><\/em><\/span>\n<ul>\n<li><a href=\"https:\/\/edurec.ge.ch\/site\/cfpt-electronique\/wp-content\/uploads\/sites\/113\/2025\/07\/Info-rentree-materiel-page2-EL-P1-MATU-.pdf\"><span style=\"color: #0000ff\">avec maturit\u00e9 professionnelle<\/span><\/a><\/li>\n<li><a href=\"https:\/\/edurec.ge.ch\/site\/cfpt-electronique\/wp-content\/uploads\/sites\/113\/2025\/07\/Info-rentree-materiel-page2-EL-P1.pdf\"><span style=\"color: #0000ff\">sans maturit\u00e9 professionnelle<\/span><\/a><\/li>\n<\/ul>\n<\/li>\n<li><span style=\"color: #3366ff\"><em><strong>2\u00e8me ann\u00e9e<\/strong><\/em><\/span>\n<ul>\n<li>avec maturit\u00e9 professionnelle\n<ul>\n<li><a href=\"https:\/\/edurec.ge.ch\/site\/cfpt-electronique\/wp-content\/uploads\/sites\/113\/2025\/07\/Info-rentree-materiel-page2-EL-P2A-MATU-V2.pdf\"><span style=\"color: #0000ff\">Classe E.EL-P2A<\/span><\/a><\/li>\n<li><a href=\"https:\/\/edurec.ge.ch\/site\/cfpt-electronique\/wp-content\/uploads\/sites\/113\/2025\/07\/Info-rentree-materiel-page2-EL-P2B-MATU-.pdf\"><span style=\"color: #0000ff\">Classe E.EL<\/span><span style=\"color: #0000ff\">&#8211;<\/span><span style=\"color: #0000ff\">P2B<\/span><\/a><\/li>\n<\/ul>\n<\/li>\n<li>sans maturti\u00e9 professionnelle\n<ul>\n<li><a href=\"https:\/\/edurec.ge.ch\/site\/cfpt-electronique\/wp-content\/uploads\/sites\/113\/2025\/07\/Info-rentree-materiel-page2-EL-P2A-.pdf\"><span style=\"color: #0000ff\">Classe E.EL-P2A<\/span><\/a><\/li>\n<li><a href=\"https:\/\/edurec.ge.ch\/site\/cfpt-electronique\/wp-content\/uploads\/sites\/113\/2025\/07\/Info-rentree-materiel-page2-EL-P2B-.pdf\"><span style=\"color: #0000ff\">Classe E.EL-P2B<\/span><\/a><\/li>\n<\/ul>\n<\/li>\n<\/ul>\n<\/li>\n<li><span style=\"color: #3366ff\"><em><strong>3\u00e8me ann\u00e9e<\/strong><\/em><\/span>\n<ul>\n<li><a href=\"https:\/\/edurec.ge.ch\/site\/cfpt-electronique\/wp-content\/uploads\/sites\/113\/2025\/07\/Info-rentree-materiel-page2-EL-P3AB-MATU-.pdf\"><span style=\"color: #0000ff\">avec maturit\u00e9 professionnelle<\/span><\/a><\/li>\n<li><a href=\"https:\/\/edurec.ge.ch\/site\/cfpt-electronique\/wp-content\/uploads\/sites\/113\/2025\/07\/Info-rentree-materiel-page2-EL-P3AB-.pdf\"><span style=\"color: #0000ff\">sans maturit\u00e9 professionnelle<\/span><\/a><\/li>\n<\/ul>\n<\/li>\n<li><span style=\"color: #3366ff\"><em><strong>4\u00e8me ann\u00e9e<\/strong><\/em><\/span>\n<ul>\n<li><a href=\"https:\/\/edurec.ge.ch\/site\/cfpt-electronique\/wp-content\/uploads\/sites\/113\/2025\/07\/Info-rentree-materiel-page2-EL-P4-MATU.pdf\"><span style=\"color: #0000ff\">avec maturit\u00e9 professionnelle<\/span><\/a><\/li>\n<li><a href=\"https:\/\/edurec.ge.ch\/site\/cfpt-electronique\/wp-content\/uploads\/sites\/113\/2025\/07\/Info-rentree-materiel-page2-EL-P4-.pdf\"><span style=\"color: #0000ff\">sans maturit\u00e9 professionnelle<\/span><\/a><\/li>\n<\/ul>\n<\/li>\n<\/ul>\n<\/div><\/div>\n<div class=\"su-spoiler su-spoiler-style-fancy su-spoiler-icon-plus su-spoiler-closed\" data-scroll-offset=\"0\" data-anchor-in-url=\"no\"><div class=\"su-spoiler-title\" tabindex=\"0\" role=\"button\"><span class=\"su-spoiler-icon\"><\/span>Formation en \u00e9cole en 3ans acc\u00e9l\u00e9r\u00e9e<\/div><div class=\"su-spoiler-content su-u-clearfix su-u-trim\">\n<ul>\n<li><a href=\"https:\/\/edurec.ge.ch\/site\/cfpt-electronique\/wp-content\/uploads\/sites\/113\/2025\/07\/Info-rentree-materiel-page2-FA-P1.pdf\"><span style=\"color: #0000ff\">1\u00e8re ann\u00e9e<\/span><\/a><\/li>\n<li><a href=\"https:\/\/edurec.ge.ch\/site\/cfpt-electronique\/wp-content\/uploads\/sites\/113\/2025\/07\/Info-rentree-materiel-page2-FA-P2.pdf\"><span style=\"color: #0000ff\">2\u00e8me ann\u00e9e<\/span><\/a><\/li>\n<li><a href=\"https:\/\/edurec.ge.ch\/site\/cfpt-electronique\/wp-content\/uploads\/sites\/113\/2025\/07\/Info-rentree-materiel-page2-FA-P3-.pdf\"><span style=\"color: #0000ff\"><span style=\"color: #0000ff\">3\u00e8me ann\u00e9e<\/span><\/span><\/a><\/li>\n<\/ul>\n<\/div><\/div>\n<div class=\"su-spoiler su-spoiler-style-fancy su-spoiler-icon-plus su-spoiler-closed\" data-scroll-offset=\"0\" data-anchor-in-url=\"no\"><div class=\"su-spoiler-title\" tabindex=\"0\" role=\"button\"><span class=\"su-spoiler-icon\"><\/span>Formation en entreprise en 4ans<\/div><div class=\"su-spoiler-content su-u-clearfix su-u-trim\">\n<ul>\n<li><span style=\"color: #3366ff\"><em><strong>1\u00e8re ann\u00e9e<\/strong><\/em><\/span>\n<ul>\n<li><a href=\"https:\/\/edurec.ge.ch\/site\/cfpt-electronique\/wp-content\/uploads\/sites\/113\/2025\/07\/Info-rentree-materiel-page2-EL-D1-MAT-.pdf\"><span style=\"color: #0000ff\">avec maturit\u00e9 professionnelle<\/span><\/a><\/li>\n<li><a href=\"https:\/\/edurec.ge.ch\/site\/cfpt-electronique\/wp-content\/uploads\/sites\/113\/2025\/07\/Info-rentree-materiel-page2-EL-D1-.pdf\"><span style=\"color: #0000ff\">sans maturit\u00e9 professionnelle<\/span><\/a><\/li>\n<\/ul>\n<\/li>\n<li><span style=\"color: #3366ff\"><em><strong>2\u00e8me ann\u00e9e<\/strong><\/em><\/span>\n<ul>\n<li><a href=\"https:\/\/edurec.ge.ch\/site\/cfpt-electronique\/wp-content\/uploads\/sites\/113\/2025\/07\/Info-rentree-materiel-page2-EL-D2-MATU-.pdf\"><span style=\"color: #0000ff\">avec maturit\u00e9 professionnelle<\/span><\/a><\/li>\n<li><a href=\"https:\/\/edurec.ge.ch\/site\/cfpt-electronique\/wp-content\/uploads\/sites\/113\/2025\/07\/Info-rentree-materiel-page2-EL-D2.pdf\"><span style=\"color: #0000ff\">sans maturit\u00e9 professionnelle<\/span><\/a><\/li>\n<\/ul>\n<\/li>\n<li><span style=\"color: #3366ff\"><em><strong>3\u00e8me ann\u00e9e<\/strong><\/em><\/span>\n<ul>\n<li><a href=\"https:\/\/edurec.ge.ch\/site\/cfpt-electronique\/wp-content\/uploads\/sites\/113\/2025\/07\/Info-rentree-materiel-page2-EL-D3-MAT-.pdf\"><span style=\"color: #0000ff\">avec maturit\u00e9 professionnelle<\/span><\/a><\/li>\n<li><a href=\"https:\/\/edurec.ge.ch\/site\/cfpt-electronique\/wp-content\/uploads\/sites\/113\/2025\/07\/Info-rentree-materiel-page2-EL-D3-.pdf\"><span style=\"color: #0000ff\">sans maturit\u00e9 professionnelle<\/span><\/a><\/li>\n<\/ul>\n<\/li>\n<li><span style=\"color: #3366ff\"><em><strong>4\u00e8me ann\u00e9e<\/strong><\/em><\/span>\n<ul>\n<li><a href=\"https:\/\/edurec.ge.ch\/site\/cfpt-electronique\/wp-content\/uploads\/sites\/113\/2025\/07\/Info-rentree-materiel-page2-EL-D4-MAT-.pdf\"><span style=\"color: #0000ff\">avec maturit\u00e9 professionnelle<\/span><\/a><\/li>\n<li><a href=\"https:\/\/edurec.ge.ch\/site\/cfpt-electronique\/wp-content\/uploads\/sites\/113\/2025\/07\/Info-rentree-materiel-page2-EL-D4-.pdf\"><span style=\"color: #0000ff\">sans maturit\u00e9 professionnelle<\/span><\/a><\/li>\n<\/ul>\n<\/li>\n<\/ul>\n<\/div><\/div>\n<p><span style=\"color: #339966\"><strong>Fili\u00e8res \u00e9lectroniciennes en multim\u00e9dia CFC et \u00e9lectroniciens en multim\u00e9dia CFC<\/strong><\/span><\/p>\n<div class=\"su-spoiler su-spoiler-style-fancy su-spoiler-icon-plus su-spoiler-closed\" data-scroll-offset=\"0\" data-anchor-in-url=\"no\"><div class=\"su-spoiler-title\" tabindex=\"0\" role=\"button\"><span class=\"su-spoiler-icon\"><\/span>Formation en \u00e9cole 4ans<\/div><div class=\"su-spoiler-content su-u-clearfix su-u-trim\">\n<ul>\n<li><span style=\"color: #3366ff\"><em><strong>1\u00e8re ann\u00e9e<\/strong><\/em><\/span>\n<ul>\n<li><a href=\"https:\/\/edurec.ge.ch\/site\/cfpt-electronique\/wp-content\/uploads\/sites\/113\/2025\/07\/Info-rentree-materiel-page2-MM-P1-MATU.pdf\"><span style=\"color: #0000ff\">avec maturit\u00e9 professionnelle<\/span><\/a><\/li>\n<li><a href=\"https:\/\/edurec.ge.ch\/site\/cfpt-electronique\/wp-content\/uploads\/sites\/113\/2025\/07\/Info-rentree-materiel-page2-MM-P1-.pdf\"><span style=\"color: #0000ff\">sans maturit\u00e9 professionnelle<\/span><\/a><\/li>\n<\/ul>\n<\/li>\n<li><span style=\"color: #3366ff\"><em><strong>2\u00e8me ann\u00e9e<\/strong><\/em><\/span>\n<ul>\n<li><a href=\"https:\/\/edurec.ge.ch\/site\/cfpt-electronique\/wp-content\/uploads\/sites\/113\/2025\/07\/Info-rentree-materiel-page2-MM-P2-MATU-.pdf\"><span style=\"color: #0000ff\">avec maturit\u00e9 professionnelle<\/span><\/a><\/li>\n<li><a href=\"https:\/\/edurec.ge.ch\/site\/cfpt-electronique\/wp-content\/uploads\/sites\/113\/2025\/07\/Info-rentree-materiel-page2-MM-P2-.pdf\"><span style=\"color: #0000ff\">sans maturit\u00e9 professionnelle<\/span><\/a><\/li>\n<\/ul>\n<\/li>\n<li><span style=\"color: #3366ff\"><em><strong>3\u00e8me ann\u00e9e<\/strong><\/em><\/span>\n<ul>\n<li><a href=\"https:\/\/edurec.ge.ch\/site\/cfpt-electronique\/wp-content\/uploads\/sites\/113\/2025\/07\/Info-rentree-materiel-page2-MM-P3-MATU.pdf\"><span style=\"color: #0000ff\">avec maturit\u00e9 professionnelle<\/span><\/a><\/li>\n<li><a href=\"https:\/\/edurec.ge.ch\/site\/cfpt-electronique\/wp-content\/uploads\/sites\/113\/2025\/07\/Info-rentree-materiel-page2-MM-P3-.pdf\"><span style=\"color: #0000ff\">sans maturit\u00e9 professionnelle<\/span><\/a><\/li>\n<\/ul>\n<\/li>\n<li><span style=\"color: #3366ff\"><em><strong>4\u00e8me ann\u00e9e<\/strong><\/em><\/span>\n<ul>\n<li><a href=\"https:\/\/edurec.ge.ch\/site\/cfpt-electronique\/wp-content\/uploads\/sites\/113\/2025\/07\/Info-rentree-materiel-page2-MM-P4-MATU.pdf\"><span style=\"color: #0000ff\">avec maturit\u00e9 professionnelle<\/span><\/a><\/li>\n<li><a href=\"https:\/\/edurec.ge.ch\/site\/cfpt-electronique\/wp-content\/uploads\/sites\/113\/2025\/07\/Info-rentree-materiel-page2-MM-P4.pdf\"><span style=\"color: #0000ff\">sans maturit\u00e9 professionnelle<\/span><\/a><\/li>\n<\/ul>\n<\/li>\n<\/ul>\n<\/div><\/div>\n<div class=\"su-spoiler su-spoiler-style-fancy su-spoiler-icon-plus su-spoiler-closed\" data-scroll-offset=\"0\" data-anchor-in-url=\"no\"><div class=\"su-spoiler-title\" tabindex=\"0\" role=\"button\"><span class=\"su-spoiler-icon\"><\/span>Formation en entreprise en 4ans<\/div><div class=\"su-spoiler-content su-u-clearfix su-u-trim\">\n<ul>\n<li><span style=\"color: #3366ff\"><em><strong>1\u00e8re ann\u00e9e<\/strong><\/em><\/span>\n<ul>\n<li><a href=\"https:\/\/edurec.ge.ch\/site\/cfpt-electronique\/wp-content\/uploads\/sites\/113\/2025\/07\/Info-rentree-materiel-page2-MM-D1-MATU.pdf\"><span style=\"color: #0000ff\">avec maturit\u00e9 professionnelle<\/span><\/a><\/li>\n<li><a href=\"https:\/\/edurec.ge.ch\/site\/cfpt-electronique\/wp-content\/uploads\/sites\/113\/2025\/07\/Info-rentree-materiel-page2-MM-D1-.pdf\"><span style=\"color: #0000ff\">sans maturit\u00e9 professionnelle<\/span><\/a><\/li>\n<\/ul>\n<\/li>\n<li><span style=\"color: #3366ff\"><em><strong>2\u00e8me ann\u00e9e<\/strong><\/em><\/span>\n<ul>\n<li><a href=\"https:\/\/edurec.ge.ch\/site\/cfpt-electronique\/wp-content\/uploads\/sites\/113\/2025\/07\/Info-rentree-materiel-page2-MM-D2-MATU-.pdf\"><span style=\"color: #0000ff\">avec maturit\u00e9 professionnelle<\/span><\/a><\/li>\n<li><a href=\"https:\/\/edurec.ge.ch\/site\/cfpt-electronique\/wp-content\/uploads\/sites\/113\/2025\/07\/Info-rentree-materiel-page2-MM-D2-.pdf\"><span style=\"color: #0000ff\">sans maturit\u00e9 professionnelle<\/span><\/a><\/li>\n<\/ul>\n<\/li>\n<li><span style=\"color: #3366ff\"><em><strong>3\u00e8me ann\u00e9e<\/strong><\/em><\/span>\n<ul>\n<li><a href=\"https:\/\/edurec.ge.ch\/site\/cfpt-electronique\/wp-content\/uploads\/sites\/113\/2025\/07\/Info-rentree-materiel-page2-MM-D3-MATU-.pdf\"><span style=\"color: #0000ff\">avec maturit\u00e9 professionnelle<\/span><\/a><\/li>\n<li><a href=\"https:\/\/edurec.ge.ch\/site\/cfpt-electronique\/wp-content\/uploads\/sites\/113\/2025\/07\/Info-rentree-materiel-page2-MM-D3-.pdf\"><span style=\"color: #0000ff\">sans maturit\u00e9 professionnelle<\/span><\/a><\/li>\n<\/ul>\n<\/li>\n<li><span style=\"color: #3366ff\"><em><strong>4\u00e8me ann\u00e9e<\/strong><\/em><\/span>\n<ul>\n<li><a href=\"https:\/\/edurec.ge.ch\/site\/cfpt-electronique\/wp-content\/uploads\/sites\/113\/2025\/07\/Info-rentree-materiel-page2-MM-D4-MATU.pdf\"><span style=\"color: #0000ff\">avec maturit\u00e9 professionnelle<\/span><\/a><\/li>\n<li><a href=\"https:\/\/edurec.ge.ch\/site\/cfpt-electronique\/wp-content\/uploads\/sites\/113\/2025\/07\/Info-rentree-materiel-page2-MM-D4-.pdf\"><span style=\"color: #0000ff\">sans maturit\u00e9 professionnelle<\/span><\/a><\/li>\n<\/ul>\n<\/li>\n<\/ul>\n<\/div><\/div>\n<p><span style=\"color: #339966\"><strong>Fili\u00e8res techniciennes en \u00e9lectronique ES et techniciens en \u00e9lectronique ES<\/strong><\/span><\/p>\n<div class=\"su-spoiler su-spoiler-style-fancy su-spoiler-icon-plus su-spoiler-closed\" data-scroll-offset=\"0\" data-anchor-in-url=\"no\"><div class=\"su-spoiler-title\" tabindex=\"0\" role=\"button\"><span class=\"su-spoiler-icon\"><\/span>Formation en \u00e9cole 2ans<\/div><div class=\"su-spoiler-content su-u-clearfix su-u-trim\">\n<ul>\n<li><a href=\"https:\/\/edurec.ge.ch\/site\/cfpt-electronique\/wp-content\/uploads\/sites\/113\/2025\/07\/Info-rentree-materiel-page2-T.EL-E1-.pdf\"><span style=\"color: #0000ff\">1\u00e8r<\/span><span style=\"color: #0000ff\">e<\/span><span style=\"color: #0000ff\"> ann\u00e9e<\/span><\/a><\/li>\n<li><a href=\"https:\/\/edurec.ge.ch\/site\/cfpt-electronique\/wp-content\/uploads\/sites\/113\/2025\/07\/Info-rentree-materiel-page2-32-T.EL-E1-.pdf\"><span style=\"color: #0000ff\">1\u00e8re ann\u00e9e candidats \u00ab\u00a03+2\u00a0\u00bb<\/span><\/a><\/li>\n<li><a href=\"https:\/\/edurec.ge.ch\/site\/cfpt-electronique\/wp-content\/uploads\/sites\/113\/2025\/07\/Info-rentree-materiel-page2-T.EL-E2-.pdf\"><span style=\"color: #0000ff\">2\u00e8me ann\u00e9e<\/span><\/a><\/li>\n<\/ul>\n<\/div><\/div>\n<p><a href=\"https:\/\/www.ge.ch\/vacances-scolaires-jours-feries\/vacances-scolaires-2025-2026\"><span style=\"color: #0000ff\">Vacances scolaires 2025-2026<\/span><\/a><\/p>\n","protected":false},"excerpt":{"rendered":"<p>Convocation de rentr\u00e9e CFPT-Electronique 2025 Vous trouverez ci-dessous toutes les informations pour la prochaines rentr\u00e9e scolaire, le lundi 18 ao\u00fbt 2025 &#8212;&#8212;&#8212;&#8212;&#8212;&#8212;&#8212;&#8212;&#8212;&#8212;&#8212;&#8212;&#8212;&#8212;&#8212;&#8212;&#8212;&#8212;&#8212;&#8212;&#8212;&#8212;&#8212;&#8212;&#8212;&#8212;&#8212;&#8212;- Courrier de convocation adress\u00e9 \u00e0 l&rsquo;ensemble des \u00e9l\u00e8ves\u00a0 : Formation en \u00e9cole Formation en entreprise Information pour la commande du mat\u00e9riel scolaire (classe de 1\u00e8re et 2\u00e8me ann\u00e9e) Fili\u00e8res \u00e9lectroniciennes CFC et \u00e9lectroniciens [&hellip;]<\/p>\n","protected":false},"author":15691,"featured_media":0,"parent":0,"menu_order":18,"comment_status":"closed","ping_status":"closed","template":"","meta":{"footnotes":""},"class_list":["post-4992","page","type-page","status-publish","czr-hentry"],"yoast_head":"<!-- This site is optimized with the Yoast SEO plugin v26.4 - https:\/\/yoast.com\/wordpress\/plugins\/seo\/ -->\n<title>Rentr\u00e9e scolaire 2025-2026 (\u00e9l\u00e8ves) - CFPT \u00c9lectronique<\/title>\n<meta name=\"robots\" content=\"index, follow, max-snippet:-1, max-image-preview:large, max-video-preview:-1\" \/>\n<link rel=\"canonical\" href=\"https:\/\/edurec.ge.ch\/site\/cfpt-electronique\/rentree-scolaire-eleves-2025-2026\/\" \/>\n<meta property=\"og:locale\" content=\"fr_FR\" \/>\n<meta property=\"og:type\" content=\"article\" \/>\n<meta property=\"og:title\" content=\"Rentr\u00e9e scolaire 2025-2026 (\u00e9l\u00e8ves) - CFPT \u00c9lectronique\" \/>\n<meta property=\"og:description\" content=\"Convocation de rentr\u00e9e CFPT-Electronique 2025 Vous trouverez ci-dessous toutes les informations pour la prochaines rentr\u00e9e scolaire, le lundi 18 ao\u00fbt 2025 &#8212;&#8212;&#8212;&#8212;&#8212;&#8212;&#8212;&#8212;&#8212;&#8212;&#8212;&#8212;&#8212;&#8212;&#8212;&#8212;&#8212;&#8212;&#8212;&#8212;&#8212;&#8212;&#8212;&#8212;&#8212;&#8212;&#8212;&#8212;- Courrier de convocation adress\u00e9 \u00e0 l&rsquo;ensemble des \u00e9l\u00e8ves\u00a0 : Formation en \u00e9cole Formation en entreprise Information pour la commande du mat\u00e9riel scolaire (classe de 1\u00e8re et 2\u00e8me ann\u00e9e) Fili\u00e8res \u00e9lectroniciennes CFC et \u00e9lectroniciens [&hellip;]\" \/>\n<meta property=\"og:url\" content=\"https:\/\/edurec.ge.ch\/site\/cfpt-electronique\/rentree-scolaire-eleves-2025-2026\/\" \/>\n<meta property=\"og:site_name\" content=\"CFPT \u00c9lectronique\" \/>\n<meta property=\"article:modified_time\" content=\"2025-07-02T09:23:16+00:00\" \/>\n<meta name=\"twitter:card\" content=\"summary_large_image\" \/>\n<meta name=\"twitter:label1\" content=\"Dur\u00e9e de lecture estim\u00e9e\" \/>\n\t<meta name=\"twitter:data1\" content=\"2 minutes\" \/>\n<script type=\"application\/ld+json\" class=\"yoast-schema-graph\">{\"@context\":\"https:\/\/schema.org\",\"@graph\":[{\"@type\":\"WebPage\",\"@id\":\"https:\/\/edurec.ge.ch\/site\/cfpt-electronique\/rentree-scolaire-eleves-2025-2026\/\",\"url\":\"https:\/\/edurec.ge.ch\/site\/cfpt-electronique\/rentree-scolaire-eleves-2025-2026\/\",\"name\":\"Rentr\u00e9e scolaire 2025-2026 (\u00e9l\u00e8ves) - CFPT \u00c9lectronique\",\"isPartOf\":{\"@id\":\"https:\/\/edurec.ge.ch\/site\/cfpt-electronique\/#website\"},\"datePublished\":\"2025-04-08T14:18:23+00:00\",\"dateModified\":\"2025-07-02T09:23:16+00:00\",\"breadcrumb\":{\"@id\":\"https:\/\/edurec.ge.ch\/site\/cfpt-electronique\/rentree-scolaire-eleves-2025-2026\/#breadcrumb\"},\"inLanguage\":\"fr-FR\",\"potentialAction\":[{\"@type\":\"ReadAction\",\"target\":[\"https:\/\/edurec.ge.ch\/site\/cfpt-electronique\/rentree-scolaire-eleves-2025-2026\/\"]}]},{\"@type\":\"BreadcrumbList\",\"@id\":\"https:\/\/edurec.ge.ch\/site\/cfpt-electronique\/rentree-scolaire-eleves-2025-2026\/#breadcrumb\",\"itemListElement\":[{\"@type\":\"ListItem\",\"position\":1,\"name\":\"Accueil\",\"item\":\"https:\/\/edurec.ge.ch\/site\/cfpt-electronique\/\"},{\"@type\":\"ListItem\",\"position\":2,\"name\":\"Rentr\u00e9e scolaire 2025-2026 (\u00e9l\u00e8ves)\"}]},{\"@type\":\"WebSite\",\"@id\":\"https:\/\/edurec.ge.ch\/site\/cfpt-electronique\/#website\",\"url\":\"https:\/\/edurec.ge.ch\/site\/cfpt-electronique\/\",\"name\":\"CFPT \u00c9lectronique\",\"description\":\"Les formations en \u00e9lectronique\",\"potentialAction\":[{\"@type\":\"SearchAction\",\"target\":{\"@type\":\"EntryPoint\",\"urlTemplate\":\"https:\/\/edurec.ge.ch\/site\/cfpt-electronique\/?s={search_term_string}\"},\"query-input\":{\"@type\":\"PropertyValueSpecification\",\"valueRequired\":true,\"valueName\":\"search_term_string\"}}],\"inLanguage\":\"fr-FR\"}]}<\/script>\n<!-- \/ Yoast SEO plugin. -->","yoast_head_json":{"title":"Rentr\u00e9e scolaire 2025-2026 (\u00e9l\u00e8ves) - CFPT \u00c9lectronique","robots":{"index":"index","follow":"follow","max-snippet":"max-snippet:-1","max-image-preview":"max-image-preview:large","max-video-preview":"max-video-preview:-1"},"canonical":"https:\/\/edurec.ge.ch\/site\/cfpt-electronique\/rentree-scolaire-eleves-2025-2026\/","og_locale":"fr_FR","og_type":"article","og_title":"Rentr\u00e9e scolaire 2025-2026 (\u00e9l\u00e8ves) - CFPT \u00c9lectronique","og_description":"Convocation de rentr\u00e9e CFPT-Electronique 2025 Vous trouverez ci-dessous toutes les informations pour la prochaines rentr\u00e9e scolaire, le lundi 18 ao\u00fbt 2025 &#8212;&#8212;&#8212;&#8212;&#8212;&#8212;&#8212;&#8212;&#8212;&#8212;&#8212;&#8212;&#8212;&#8212;&#8212;&#8212;&#8212;&#8212;&#8212;&#8212;&#8212;&#8212;&#8212;&#8212;&#8212;&#8212;&#8212;&#8212;- Courrier de convocation adress\u00e9 \u00e0 l&rsquo;ensemble des \u00e9l\u00e8ves\u00a0 : Formation en \u00e9cole Formation en entreprise Information pour la commande du mat\u00e9riel scolaire (classe de 1\u00e8re et 2\u00e8me ann\u00e9e) Fili\u00e8res \u00e9lectroniciennes CFC et \u00e9lectroniciens [&hellip;]","og_url":"https:\/\/edurec.ge.ch\/site\/cfpt-electronique\/rentree-scolaire-eleves-2025-2026\/","og_site_name":"CFPT \u00c9lectronique","article_modified_time":"2025-07-02T09:23:16+00:00","twitter_card":"summary_large_image","twitter_misc":{"Dur\u00e9e de lecture estim\u00e9e":"2 minutes"},"schema":{"@context":"https:\/\/schema.org","@graph":[{"@type":"WebPage","@id":"https:\/\/edurec.ge.ch\/site\/cfpt-electronique\/rentree-scolaire-eleves-2025-2026\/","url":"https:\/\/edurec.ge.ch\/site\/cfpt-electronique\/rentree-scolaire-eleves-2025-2026\/","name":"Rentr\u00e9e scolaire 2025-2026 (\u00e9l\u00e8ves) - CFPT \u00c9lectronique","isPartOf":{"@id":"https:\/\/edurec.ge.ch\/site\/cfpt-electronique\/#website"},"datePublished":"2025-04-08T14:18:23+00:00","dateModified":"2025-07-02T09:23:16+00:00","breadcrumb":{"@id":"https:\/\/edurec.ge.ch\/site\/cfpt-electronique\/rentree-scolaire-eleves-2025-2026\/#breadcrumb"},"inLanguage":"fr-FR","potentialAction":[{"@type":"ReadAction","target":["https:\/\/edurec.ge.ch\/site\/cfpt-electronique\/rentree-scolaire-eleves-2025-2026\/"]}]},{"@type":"BreadcrumbList","@id":"https:\/\/edurec.ge.ch\/site\/cfpt-electronique\/rentree-scolaire-eleves-2025-2026\/#breadcrumb","itemListElement":[{"@type":"ListItem","position":1,"name":"Accueil","item":"https:\/\/edurec.ge.ch\/site\/cfpt-electronique\/"},{"@type":"ListItem","position":2,"name":"Rentr\u00e9e scolaire 2025-2026 (\u00e9l\u00e8ves)"}]},{"@type":"WebSite","@id":"https:\/\/edurec.ge.ch\/site\/cfpt-electronique\/#website","url":"https:\/\/edurec.ge.ch\/site\/cfpt-electronique\/","name":"CFPT \u00c9lectronique","description":"Les formations en \u00e9lectronique","potentialAction":[{"@type":"SearchAction","target":{"@type":"EntryPoint","urlTemplate":"https:\/\/edurec.ge.ch\/site\/cfpt-electronique\/?s={search_term_string}"},"query-input":{"@type":"PropertyValueSpecification","valueRequired":true,"valueName":"search_term_string"}}],"inLanguage":"fr-FR"}]}},"_links":{"self":[{"href":"https:\/\/edurec.ge.ch\/site\/cfpt-electronique\/wp-json\/wp\/v2\/pages\/4992","targetHints":{"allow":["GET"]}}],"collection":[{"href":"https:\/\/edurec.ge.ch\/site\/cfpt-electronique\/wp-json\/wp\/v2\/pages"}],"about":[{"href":"https:\/\/edurec.ge.ch\/site\/cfpt-electronique\/wp-json\/wp\/v2\/types\/page"}],"author":[{"embeddable":true,"href":"https:\/\/edurec.ge.ch\/site\/cfpt-electronique\/wp-json\/wp\/v2\/users\/15691"}],"replies":[{"embeddable":true,"href":"https:\/\/edurec.ge.ch\/site\/cfpt-electronique\/wp-json\/wp\/v2\/comments?post=4992"}],"version-history":[{"count":13,"href":"https:\/\/edurec.ge.ch\/site\/cfpt-electronique\/wp-json\/wp\/v2\/pages\/4992\/revisions"}],"predecessor-version":[{"id":5064,"href":"https:\/\/edurec.ge.ch\/site\/cfpt-electronique\/wp-json\/wp\/v2\/pages\/4992\/revisions\/5064"}],"wp:attachment":[{"href":"https:\/\/edurec.ge.ch\/site\/cfpt-electronique\/wp-json\/wp\/v2\/media?parent=4992"}],"curies":[{"name":"wp","href":"https:\/\/api.w.org\/{rel}","templated":true}]}}