{"id":41,"date":"2016-08-19T07:58:24","date_gmt":"2016-08-19T06:58:24","guid":{"rendered":"https:\/\/edurec.ge.ch\/site\/cfpt-electronique\/?page_id=41"},"modified":"2022-02-11T18:37:25","modified_gmt":"2022-02-11T17:37:25","slug":"technicien-technicienne-genie-electrique","status":"publish","type":"page","link":"https:\/\/edurec.ge.ch\/site\/cfpt-electronique\/lecole-delectronique-3\/technicien-technicienne-genie-electrique\/","title":{"rendered":"Technicienne et technicien ES en g\u00e9nie \u00e9lectrique"},"content":{"rendered":"<h1 id=\"parent-fieldname-title\" class=\"documentFirstHeading\"><\/h1>\n<div id=\"content-core\">\n<div id=\"parent-fieldname-text-f00ae6dd-9a36-4dea-8f8b-ae81e0ac1e63\" class=\"\">\n<p>Les techniciens-techniciennes dipl\u00f4m\u00e9s ES de l&rsquo;orientation G\u00e9nie \u00e9lectrique travaillent souvent dans le d\u00e9veloppement de montages \u00e9lectrotechniques ou \u00e9lectroniques, destin\u00e9s \u00e0 la commande d&rsquo;appareils de machines et d&rsquo;\u00e9quipements. Dans ce domaine, ils analysent les besoins des clients et ils d\u00e9veloppent des montages fonctionnant de mani\u00e8re fiable et garantissant une s\u00e9curit\u00e9 \u00e9lev\u00e9e et une efficacit\u00e9 \u00e9nerg\u00e9tique.<\/p>\n<p>L\u2019\u00e9laboration de programme informatique fait partie des t\u00e2ches du technicien en \u00e9lectronique. Les programmes sont pr\u00e9vus pour des microprocesseurs, pour la commande de programme enregistr\u00e9 ou pour la simulation de syst\u00e8mes.<\/p>\n<p><span style=\"color: #3366ff\"><a style=\"color: #3366ff\" href=\"https:\/\/www.orientation.ch\/dyn\/show\/2886?lang=fr&amp;id=31201#\" target=\"_blank\" rel=\"noopener\"><i><b>Compl\u00e9ments &#8211; Descriptions d\u00e9taill\u00e9es &#8211; Conditions d&rsquo;admission<\/b><\/i><\/a><\/span><\/p>\n<p><strong><span class=\"internal-link\" style=\"color: #3366ff\"><a class=\"internal-link\" style=\"color: #3366ff\" href=\"https:\/\/www.ge.ch\/document\/processus-inscription-formations-adultes-esii-tertiaire-b\" target=\"_blank\" rel=\"noopener\">-&gt; Inscription en ligne \u00a0\u00a0\u00a0\u00a0\u00a0\u00a0\u00a0\u00a0\u00a0\u00a0\u00a0\u00a0\u00a0 <\/a><\/span><\/strong><\/p>\n<\/div>\n<\/div>\n","protected":false},"excerpt":{"rendered":"<p>Les techniciens-techniciennes dipl\u00f4m\u00e9s ES de l&rsquo;orientation G\u00e9nie \u00e9lectrique travaillent souvent dans le d\u00e9veloppement de montages \u00e9lectrotechniques ou \u00e9lectroniques, destin\u00e9s \u00e0 la commande d&rsquo;appareils de machines et d&rsquo;\u00e9quipements. Dans ce domaine, ils analysent les besoins des clients et ils d\u00e9veloppent des montages fonctionnant de mani\u00e8re fiable et garantissant une s\u00e9curit\u00e9 \u00e9lev\u00e9e et une efficacit\u00e9 \u00e9nerg\u00e9tique. L\u2019\u00e9laboration [&hellip;]<\/p>\n","protected":false},"author":1345,"featured_media":226,"parent":889,"menu_order":9,"comment_status":"closed","ping_status":"closed","template":"","meta":{"footnotes":""},"class_list":["post-41","page","type-page","status-publish","has-post-thumbnail","czr-hentry"],"yoast_head":"<!-- This site is optimized with the Yoast SEO plugin v26.4 - https:\/\/yoast.com\/wordpress\/plugins\/seo\/ -->\n<title>Technicienne et technicien ES en g\u00e9nie \u00e9lectrique - CFPT \u00c9lectronique<\/title>\n<meta name=\"robots\" content=\"index, follow, max-snippet:-1, max-image-preview:large, max-video-preview:-1\" \/>\n<link rel=\"canonical\" href=\"https:\/\/edurec.ge.ch\/site\/cfpt-electronique\/lecole-delectronique-3\/technicien-technicienne-genie-electrique\/\" \/>\n<meta property=\"og:locale\" content=\"fr_FR\" \/>\n<meta property=\"og:type\" content=\"article\" \/>\n<meta property=\"og:title\" content=\"Technicienne et technicien ES en g\u00e9nie \u00e9lectrique - CFPT \u00c9lectronique\" \/>\n<meta property=\"og:description\" content=\"Les techniciens-techniciennes dipl\u00f4m\u00e9s ES de l&rsquo;orientation G\u00e9nie \u00e9lectrique travaillent souvent dans le d\u00e9veloppement de montages \u00e9lectrotechniques ou \u00e9lectroniques, destin\u00e9s \u00e0 la commande d&rsquo;appareils de machines et d&rsquo;\u00e9quipements. Dans ce domaine, ils analysent les besoins des clients et ils d\u00e9veloppent des montages fonctionnant de mani\u00e8re fiable et garantissant une s\u00e9curit\u00e9 \u00e9lev\u00e9e et une efficacit\u00e9 \u00e9nerg\u00e9tique. L\u2019\u00e9laboration [&hellip;]\" \/>\n<meta property=\"og:url\" content=\"https:\/\/edurec.ge.ch\/site\/cfpt-electronique\/lecole-delectronique-3\/technicien-technicienne-genie-electrique\/\" \/>\n<meta property=\"og:site_name\" content=\"CFPT \u00c9lectronique\" \/>\n<meta property=\"article:modified_time\" content=\"2022-02-11T17:37:25+00:00\" \/>\n<meta property=\"og:image\" content=\"https:\/\/edurec.ge.ch\/site\/cfpt-electronique\/wp-content\/uploads\/sites\/113\/2017\/02\/MG_9870-1024x683.jpg\" \/>\n\t<meta property=\"og:image:width\" content=\"1024\" \/>\n\t<meta property=\"og:image:height\" content=\"683\" \/>\n\t<meta property=\"og:image:type\" content=\"image\/jpeg\" \/>\n<meta name=\"twitter:card\" content=\"summary_large_image\" \/>\n<meta name=\"twitter:label1\" content=\"Dur\u00e9e de lecture estim\u00e9e\" \/>\n\t<meta name=\"twitter:data1\" content=\"1 minute\" \/>\n<script type=\"application\/ld+json\" class=\"yoast-schema-graph\">{\"@context\":\"https:\/\/schema.org\",\"@graph\":[{\"@type\":\"WebPage\",\"@id\":\"https:\/\/edurec.ge.ch\/site\/cfpt-electronique\/lecole-delectronique-3\/technicien-technicienne-genie-electrique\/\",\"url\":\"https:\/\/edurec.ge.ch\/site\/cfpt-electronique\/lecole-delectronique-3\/technicien-technicienne-genie-electrique\/\",\"name\":\"Technicienne et technicien ES en g\u00e9nie \u00e9lectrique - CFPT \u00c9lectronique\",\"isPartOf\":{\"@id\":\"https:\/\/edurec.ge.ch\/site\/cfpt-electronique\/#website\"},\"primaryImageOfPage\":{\"@id\":\"https:\/\/edurec.ge.ch\/site\/cfpt-electronique\/lecole-delectronique-3\/technicien-technicienne-genie-electrique\/#primaryimage\"},\"image\":{\"@id\":\"https:\/\/edurec.ge.ch\/site\/cfpt-electronique\/lecole-delectronique-3\/technicien-technicienne-genie-electrique\/#primaryimage\"},\"thumbnailUrl\":\"https:\/\/edurec.ge.ch\/site\/cfpt-electronique\/wp-content\/uploads\/sites\/113\/2017\/02\/MG_9870.jpg\",\"datePublished\":\"2016-08-19T06:58:24+00:00\",\"dateModified\":\"2022-02-11T17:37:25+00:00\",\"breadcrumb\":{\"@id\":\"https:\/\/edurec.ge.ch\/site\/cfpt-electronique\/lecole-delectronique-3\/technicien-technicienne-genie-electrique\/#breadcrumb\"},\"inLanguage\":\"fr-FR\",\"potentialAction\":[{\"@type\":\"ReadAction\",\"target\":[\"https:\/\/edurec.ge.ch\/site\/cfpt-electronique\/lecole-delectronique-3\/technicien-technicienne-genie-electrique\/\"]}]},{\"@type\":\"ImageObject\",\"inLanguage\":\"fr-FR\",\"@id\":\"https:\/\/edurec.ge.ch\/site\/cfpt-electronique\/lecole-delectronique-3\/technicien-technicienne-genie-electrique\/#primaryimage\",\"url\":\"https:\/\/edurec.ge.ch\/site\/cfpt-electronique\/wp-content\/uploads\/sites\/113\/2017\/02\/MG_9870.jpg\",\"contentUrl\":\"https:\/\/edurec.ge.ch\/site\/cfpt-electronique\/wp-content\/uploads\/sites\/113\/2017\/02\/MG_9870.jpg\",\"width\":5616,\"height\":3744},{\"@type\":\"BreadcrumbList\",\"@id\":\"https:\/\/edurec.ge.ch\/site\/cfpt-electronique\/lecole-delectronique-3\/technicien-technicienne-genie-electrique\/#breadcrumb\",\"itemListElement\":[{\"@type\":\"ListItem\",\"position\":1,\"name\":\"Accueil\",\"item\":\"https:\/\/edurec.ge.ch\/site\/cfpt-electronique\/\"},{\"@type\":\"ListItem\",\"position\":2,\"name\":\"Nos stages de d\u00e9couverte &#8211; Offre de formation\",\"item\":\"https:\/\/edurec.ge.ch\/site\/cfpt-electronique\/lecole-delectronique-3\/\"},{\"@type\":\"ListItem\",\"position\":3,\"name\":\"Technicienne et technicien ES en g\u00e9nie \u00e9lectrique\"}]},{\"@type\":\"WebSite\",\"@id\":\"https:\/\/edurec.ge.ch\/site\/cfpt-electronique\/#website\",\"url\":\"https:\/\/edurec.ge.ch\/site\/cfpt-electronique\/\",\"name\":\"CFPT \u00c9lectronique\",\"description\":\"Les formations en \u00e9lectronique\",\"potentialAction\":[{\"@type\":\"SearchAction\",\"target\":{\"@type\":\"EntryPoint\",\"urlTemplate\":\"https:\/\/edurec.ge.ch\/site\/cfpt-electronique\/?s={search_term_string}\"},\"query-input\":{\"@type\":\"PropertyValueSpecification\",\"valueRequired\":true,\"valueName\":\"search_term_string\"}}],\"inLanguage\":\"fr-FR\"}]}<\/script>\n<!-- \/ Yoast SEO plugin. -->","yoast_head_json":{"title":"Technicienne et technicien ES en g\u00e9nie \u00e9lectrique - CFPT \u00c9lectronique","robots":{"index":"index","follow":"follow","max-snippet":"max-snippet:-1","max-image-preview":"max-image-preview:large","max-video-preview":"max-video-preview:-1"},"canonical":"https:\/\/edurec.ge.ch\/site\/cfpt-electronique\/lecole-delectronique-3\/technicien-technicienne-genie-electrique\/","og_locale":"fr_FR","og_type":"article","og_title":"Technicienne et technicien ES en g\u00e9nie \u00e9lectrique - CFPT \u00c9lectronique","og_description":"Les techniciens-techniciennes dipl\u00f4m\u00e9s ES de l&rsquo;orientation G\u00e9nie \u00e9lectrique travaillent souvent dans le d\u00e9veloppement de montages \u00e9lectrotechniques ou \u00e9lectroniques, destin\u00e9s \u00e0 la commande d&rsquo;appareils de machines et d&rsquo;\u00e9quipements. Dans ce domaine, ils analysent les besoins des clients et ils d\u00e9veloppent des montages fonctionnant de mani\u00e8re fiable et garantissant une s\u00e9curit\u00e9 \u00e9lev\u00e9e et une efficacit\u00e9 \u00e9nerg\u00e9tique. L\u2019\u00e9laboration [&hellip;]","og_url":"https:\/\/edurec.ge.ch\/site\/cfpt-electronique\/lecole-delectronique-3\/technicien-technicienne-genie-electrique\/","og_site_name":"CFPT \u00c9lectronique","article_modified_time":"2022-02-11T17:37:25+00:00","og_image":[{"width":1024,"height":683,"url":"https:\/\/edurec.ge.ch\/site\/cfpt-electronique\/wp-content\/uploads\/sites\/113\/2017\/02\/MG_9870-1024x683.jpg","type":"image\/jpeg"}],"twitter_card":"summary_large_image","twitter_misc":{"Dur\u00e9e de lecture estim\u00e9e":"1 minute"},"schema":{"@context":"https:\/\/schema.org","@graph":[{"@type":"WebPage","@id":"https:\/\/edurec.ge.ch\/site\/cfpt-electronique\/lecole-delectronique-3\/technicien-technicienne-genie-electrique\/","url":"https:\/\/edurec.ge.ch\/site\/cfpt-electronique\/lecole-delectronique-3\/technicien-technicienne-genie-electrique\/","name":"Technicienne et technicien ES en g\u00e9nie \u00e9lectrique - CFPT \u00c9lectronique","isPartOf":{"@id":"https:\/\/edurec.ge.ch\/site\/cfpt-electronique\/#website"},"primaryImageOfPage":{"@id":"https:\/\/edurec.ge.ch\/site\/cfpt-electronique\/lecole-delectronique-3\/technicien-technicienne-genie-electrique\/#primaryimage"},"image":{"@id":"https:\/\/edurec.ge.ch\/site\/cfpt-electronique\/lecole-delectronique-3\/technicien-technicienne-genie-electrique\/#primaryimage"},"thumbnailUrl":"https:\/\/edurec.ge.ch\/site\/cfpt-electronique\/wp-content\/uploads\/sites\/113\/2017\/02\/MG_9870.jpg","datePublished":"2016-08-19T06:58:24+00:00","dateModified":"2022-02-11T17:37:25+00:00","breadcrumb":{"@id":"https:\/\/edurec.ge.ch\/site\/cfpt-electronique\/lecole-delectronique-3\/technicien-technicienne-genie-electrique\/#breadcrumb"},"inLanguage":"fr-FR","potentialAction":[{"@type":"ReadAction","target":["https:\/\/edurec.ge.ch\/site\/cfpt-electronique\/lecole-delectronique-3\/technicien-technicienne-genie-electrique\/"]}]},{"@type":"ImageObject","inLanguage":"fr-FR","@id":"https:\/\/edurec.ge.ch\/site\/cfpt-electronique\/lecole-delectronique-3\/technicien-technicienne-genie-electrique\/#primaryimage","url":"https:\/\/edurec.ge.ch\/site\/cfpt-electronique\/wp-content\/uploads\/sites\/113\/2017\/02\/MG_9870.jpg","contentUrl":"https:\/\/edurec.ge.ch\/site\/cfpt-electronique\/wp-content\/uploads\/sites\/113\/2017\/02\/MG_9870.jpg","width":5616,"height":3744},{"@type":"BreadcrumbList","@id":"https:\/\/edurec.ge.ch\/site\/cfpt-electronique\/lecole-delectronique-3\/technicien-technicienne-genie-electrique\/#breadcrumb","itemListElement":[{"@type":"ListItem","position":1,"name":"Accueil","item":"https:\/\/edurec.ge.ch\/site\/cfpt-electronique\/"},{"@type":"ListItem","position":2,"name":"Nos stages de d\u00e9couverte &#8211; Offre de formation","item":"https:\/\/edurec.ge.ch\/site\/cfpt-electronique\/lecole-delectronique-3\/"},{"@type":"ListItem","position":3,"name":"Technicienne et technicien ES en g\u00e9nie \u00e9lectrique"}]},{"@type":"WebSite","@id":"https:\/\/edurec.ge.ch\/site\/cfpt-electronique\/#website","url":"https:\/\/edurec.ge.ch\/site\/cfpt-electronique\/","name":"CFPT \u00c9lectronique","description":"Les formations en \u00e9lectronique","potentialAction":[{"@type":"SearchAction","target":{"@type":"EntryPoint","urlTemplate":"https:\/\/edurec.ge.ch\/site\/cfpt-electronique\/?s={search_term_string}"},"query-input":{"@type":"PropertyValueSpecification","valueRequired":true,"valueName":"search_term_string"}}],"inLanguage":"fr-FR"}]}},"_links":{"self":[{"href":"https:\/\/edurec.ge.ch\/site\/cfpt-electronique\/wp-json\/wp\/v2\/pages\/41","targetHints":{"allow":["GET"]}}],"collection":[{"href":"https:\/\/edurec.ge.ch\/site\/cfpt-electronique\/wp-json\/wp\/v2\/pages"}],"about":[{"href":"https:\/\/edurec.ge.ch\/site\/cfpt-electronique\/wp-json\/wp\/v2\/types\/page"}],"author":[{"embeddable":true,"href":"https:\/\/edurec.ge.ch\/site\/cfpt-electronique\/wp-json\/wp\/v2\/users\/1345"}],"replies":[{"embeddable":true,"href":"https:\/\/edurec.ge.ch\/site\/cfpt-electronique\/wp-json\/wp\/v2\/comments?post=41"}],"version-history":[{"count":11,"href":"https:\/\/edurec.ge.ch\/site\/cfpt-electronique\/wp-json\/wp\/v2\/pages\/41\/revisions"}],"predecessor-version":[{"id":3948,"href":"https:\/\/edurec.ge.ch\/site\/cfpt-electronique\/wp-json\/wp\/v2\/pages\/41\/revisions\/3948"}],"up":[{"embeddable":true,"href":"https:\/\/edurec.ge.ch\/site\/cfpt-electronique\/wp-json\/wp\/v2\/pages\/889"}],"wp:featuredmedia":[{"embeddable":true,"href":"https:\/\/edurec.ge.ch\/site\/cfpt-electronique\/wp-json\/wp\/v2\/media\/226"}],"wp:attachment":[{"href":"https:\/\/edurec.ge.ch\/site\/cfpt-electronique\/wp-json\/wp\/v2\/media?parent=41"}],"curies":[{"name":"wp","href":"https:\/\/api.w.org\/{rel}","templated":true}]}}